{"id":9489,"date":"2017-02-08T14:21:14","date_gmt":"2017-02-08T13:21:14","guid":{"rendered":"http:\/\/cartonlab.holamundo.me\/?post_type=product&#038;p=9489"},"modified":"2020-11-17T11:59:18","modified_gmt":"2020-11-17T10:59:18","slug":"estanteria-revistero-portafolletos-de-carton","status":"publish","type":"product","link":"https:\/\/test.dagic.es\/fr\/producto\/estanteria-revistero-portafolletos-de-carton\/","title":{"rendered":"Revistero y portafolletos de cart\u00f3n 5 baldas | Desmontable, ligero y resistente"},"excerpt":{"rendered":"<p><strong>Revistero portafolletos<\/strong> de cart\u00f3n\u00a0 para colocaci\u00f3n de publicaciones, cat\u00e1logos promocionales, tarjetas, etc.\u00a0 Ligero y resistente. Se entrega desmontado en un paquete plano que incluye\u00a0 las\u00a0 piezas de cart\u00f3n para encajar ente s\u00ed. Incluye sencilla gu\u00eda de montaje.\u00a0 Puedes personalizar tu dise\u00f1o a\u00f1adiendo un texto con el nombre de tu empresa o evento\u00a0 (<strong>m\u00e1ximo 11 caracteres<\/strong>) que ir\u00e1 recortado en la cartela superior del revistero.<\/p>\n<p>Aqu\u00ed puedes ver uno de nuestros <a href=\"\/blog\/revistero-pared-carton\/\">portafolletos realizados por encargo.<\/a><\/p>\n","protected":false},"featured_media":15623,"comment_status":"open","ping_status":"closed","template":"","meta":{"_acf_changed":false,"inline_featured_image":false},"product_brand":[],"product_cat":[3034,3018,3026,3023,3035,3039],"product_tag":[],"class_list":{"0":"post-9489","1":"product","2":"type-product","3":"status-publish","4":"has-post-thumbnail","6":"product_cat-etageres","7":"product_cat-muebles-en-carton","8":"product_cat-presentoirs-mur-etagere","9":"product_cat-presentoirs-pour-produits","10":"product_cat-produits-pour-evenements-durables","11":"product_cat-supports-et-totems","12":"product_shipping_class-productopequeno","14":"first","15":"instock","16":"taxable","17":"shipping-taxable","18":"product-type-simple"},"acf":[],"yoast_head":"<!-- This site is optimized with the Yoast SEO plugin v27.2 - https:\/\/yoast.com\/product\/yoast-seo-wordpress\/ -->\n<title>Revistero y portafolletos de cart\u00f3n | desmontable, ligero y resistente.<\/title>\n<meta name=\"description\" content=\"Revistero y portafolletos de cart\u00f3n. Ligero y funcional. Cartela superior personalizable. F\u00e1cil montaje. Varios formatos. Compra Online desde 59.95\u20ac\" \/>\n<meta name=\"robots\" content=\"index, follow, max-snippet:-1, max-image-preview:large, max-video-preview:-1\" \/>\n<link rel=\"canonical\" href=\"https:\/\/test.dagic.es\/fr\/producto\/estanteria-revistero-portafolletos-de-carton\/\" \/>\n<meta property=\"og:locale\" content=\"fr_FR\" \/>\n<meta property=\"og:type\" content=\"article\" \/>\n<meta property=\"og:title\" content=\"Revistero y portafolletos de cart\u00f3n | desmontable, ligero y resistente.\" \/>\n<meta property=\"og:description\" content=\"Revistero y portafolletos de cart\u00f3n. Ligero y funcional. Cartela superior personalizable. F\u00e1cil montaje. Varios formatos. Compra Online desde 59.95\u20ac\" \/>\n<meta property=\"og:url\" content=\"https:\/\/test.dagic.es\/fr\/producto\/estanteria-revistero-portafolletos-de-carton\/\" \/>\n<meta property=\"og:site_name\" content=\"Cartonlab FR\" \/>\n<meta property=\"article:modified_time\" content=\"2020-11-17T10:59:18+00:00\" \/>\n<meta name=\"twitter:card\" content=\"summary_large_image\" \/>\n<meta name=\"twitter:image\" content=\"https:\/\/test.dagic.es\/fr\/wp-content\/uploads\/sites\/5\/2017\/02\/revistero-portafolletos-carton-01-8-retoc.jpg\" \/>\n<script type=\"application\/ld+json\" class=\"yoast-schema-graph\">{\"@context\":\"https:\/\/schema.org\",\"@graph\":[{\"@type\":\"WebPage\",\"@id\":\"https:\/\/test.dagic.es\/fr\/producto\/estanteria-revistero-portafolletos-de-carton\/\",\"url\":\"https:\/\/test.dagic.es\/fr\/producto\/estanteria-revistero-portafolletos-de-carton\/\",\"name\":\"Revistero y portafolletos de cart\u00f3n | desmontable, ligero y resistente.\",\"isPartOf\":{\"@id\":\"https:\/\/test.dagic.es\/fr\/#website\"},\"primaryImageOfPage\":{\"@id\":\"https:\/\/test.dagic.es\/fr\/producto\/estanteria-revistero-portafolletos-de-carton\/#primaryimage\"},\"image\":{\"@id\":\"https:\/\/test.dagic.es\/fr\/producto\/estanteria-revistero-portafolletos-de-carton\/#primaryimage\"},\"thumbnailUrl\":\"https:\/\/test.dagic.es\/fr\/wp-content\/uploads\/sites\/5\/2017\/02\/revistero-portafolletos-carton-01-8-retoc.jpg\",\"datePublished\":\"2017-02-08T13:21:14+00:00\",\"dateModified\":\"2020-11-17T10:59:18+00:00\",\"description\":\"Revistero y portafolletos de cart\u00f3n. Ligero y funcional. Cartela superior personalizable. F\u00e1cil montaje. Varios formatos. Compra Online desde 59.95\u20ac\",\"breadcrumb\":{\"@id\":\"https:\/\/test.dagic.es\/fr\/producto\/estanteria-revistero-portafolletos-de-carton\/#breadcrumb\"},\"inLanguage\":\"fr-FR\",\"potentialAction\":[{\"@type\":\"ReadAction\",\"target\":[\"https:\/\/test.dagic.es\/fr\/producto\/estanteria-revistero-portafolletos-de-carton\/\"]}]},{\"@type\":\"ImageObject\",\"inLanguage\":\"fr-FR\",\"@id\":\"https:\/\/test.dagic.es\/fr\/producto\/estanteria-revistero-portafolletos-de-carton\/#primaryimage\",\"url\":\"https:\/\/test.dagic.es\/fr\/wp-content\/uploads\/sites\/5\/2017\/02\/revistero-portafolletos-carton-01-8-retoc.jpg\",\"contentUrl\":\"https:\/\/test.dagic.es\/fr\/wp-content\/uploads\/sites\/5\/2017\/02\/revistero-portafolletos-carton-01-8-retoc.jpg\",\"width\":800,\"height\":800},{\"@type\":\"BreadcrumbList\",\"@id\":\"https:\/\/test.dagic.es\/fr\/producto\/estanteria-revistero-portafolletos-de-carton\/#breadcrumb\",\"itemListElement\":[{\"@type\":\"ListItem\",\"position\":1,\"name\":\"Accueil\",\"item\":\"https:\/\/test.dagic.es\/fr\/\"},{\"@type\":\"ListItem\",\"position\":2,\"name\":\"Produits\",\"item\":\"https:\/\/test.dagic.es\/fr\/shop\/\"},{\"@type\":\"ListItem\",\"position\":3,\"name\":\"Revistero y portafolletos de cart\u00f3n 5 baldas | Desmontable, ligero y resistente\"}]},{\"@type\":\"WebSite\",\"@id\":\"https:\/\/test.dagic.es\/fr\/#website\",\"url\":\"https:\/\/test.dagic.es\/fr\/\",\"name\":\"Cartonlab FR\",\"description\":\"Cartonlab | Projets internationaux pour \u00e9v\u00e9nements et stands\",\"publisher\":{\"@id\":\"https:\/\/test.dagic.es\/fr\/#organization\"},\"potentialAction\":[{\"@type\":\"SearchAction\",\"target\":{\"@type\":\"EntryPoint\",\"urlTemplate\":\"https:\/\/test.dagic.es\/fr\/?s={search_term_string}\"},\"query-input\":{\"@type\":\"PropertyValueSpecification\",\"valueRequired\":true,\"valueName\":\"search_term_string\"}}],\"inLanguage\":\"fr-FR\"},{\"@type\":\"Organization\",\"@id\":\"https:\/\/test.dagic.es\/fr\/#organization\",\"name\":\"Cartonlab FR\",\"url\":\"https:\/\/test.dagic.es\/fr\/\",\"logo\":{\"@type\":\"ImageObject\",\"inLanguage\":\"fr-FR\",\"@id\":\"https:\/\/test.dagic.es\/fr\/#\/schema\/logo\/image\/\",\"url\":\"https:\/\/test.dagic.es\/fr\/wp-content\/uploads\/sites\/5\/2023\/07\/logo.svg\",\"contentUrl\":\"https:\/\/test.dagic.es\/fr\/wp-content\/uploads\/sites\/5\/2023\/07\/logo.svg\",\"width\":163,\"height\":44,\"caption\":\"Cartonlab FR\"},\"image\":{\"@id\":\"https:\/\/test.dagic.es\/fr\/#\/schema\/logo\/image\/\"}}]}<\/script>\n<!-- \/ Yoast SEO plugin. -->","yoast_head_json":{"title":"Revistero y portafolletos de cart\u00f3n | desmontable, ligero y resistente.","description":"Revistero y portafolletos de cart\u00f3n. Ligero y funcional. Cartela superior personalizable. F\u00e1cil montaje. Varios formatos. Compra Online desde 59.95\u20ac","robots":{"index":"index","follow":"follow","max-snippet":"max-snippet:-1","max-image-preview":"max-image-preview:large","max-video-preview":"max-video-preview:-1"},"canonical":"https:\/\/test.dagic.es\/fr\/producto\/estanteria-revistero-portafolletos-de-carton\/","og_locale":"fr_FR","og_type":"article","og_title":"Revistero y portafolletos de cart\u00f3n | desmontable, ligero y resistente.","og_description":"Revistero y portafolletos de cart\u00f3n. Ligero y funcional. Cartela superior personalizable. F\u00e1cil montaje. Varios formatos. Compra Online desde 59.95\u20ac","og_url":"https:\/\/test.dagic.es\/fr\/producto\/estanteria-revistero-portafolletos-de-carton\/","og_site_name":"Cartonlab FR","article_modified_time":"2020-11-17T10:59:18+00:00","twitter_card":"summary_large_image","twitter_image":"https:\/\/test.dagic.es\/fr\/wp-content\/uploads\/sites\/5\/2017\/02\/revistero-portafolletos-carton-01-8-retoc.jpg","schema":{"@context":"https:\/\/schema.org","@graph":[{"@type":"WebPage","@id":"https:\/\/test.dagic.es\/fr\/producto\/estanteria-revistero-portafolletos-de-carton\/","url":"https:\/\/test.dagic.es\/fr\/producto\/estanteria-revistero-portafolletos-de-carton\/","name":"Revistero y portafolletos de cart\u00f3n | desmontable, ligero y resistente.","isPartOf":{"@id":"https:\/\/test.dagic.es\/fr\/#website"},"primaryImageOfPage":{"@id":"https:\/\/test.dagic.es\/fr\/producto\/estanteria-revistero-portafolletos-de-carton\/#primaryimage"},"image":{"@id":"https:\/\/test.dagic.es\/fr\/producto\/estanteria-revistero-portafolletos-de-carton\/#primaryimage"},"thumbnailUrl":"https:\/\/test.dagic.es\/fr\/wp-content\/uploads\/sites\/5\/2017\/02\/revistero-portafolletos-carton-01-8-retoc.jpg","datePublished":"2017-02-08T13:21:14+00:00","dateModified":"2020-11-17T10:59:18+00:00","description":"Revistero y portafolletos de cart\u00f3n. Ligero y funcional. Cartela superior personalizable. F\u00e1cil montaje. Varios formatos. Compra Online desde 59.95\u20ac","breadcrumb":{"@id":"https:\/\/test.dagic.es\/fr\/producto\/estanteria-revistero-portafolletos-de-carton\/#breadcrumb"},"inLanguage":"fr-FR","potentialAction":[{"@type":"ReadAction","target":["https:\/\/test.dagic.es\/fr\/producto\/estanteria-revistero-portafolletos-de-carton\/"]}]},{"@type":"ImageObject","inLanguage":"fr-FR","@id":"https:\/\/test.dagic.es\/fr\/producto\/estanteria-revistero-portafolletos-de-carton\/#primaryimage","url":"https:\/\/test.dagic.es\/fr\/wp-content\/uploads\/sites\/5\/2017\/02\/revistero-portafolletos-carton-01-8-retoc.jpg","contentUrl":"https:\/\/test.dagic.es\/fr\/wp-content\/uploads\/sites\/5\/2017\/02\/revistero-portafolletos-carton-01-8-retoc.jpg","width":800,"height":800},{"@type":"BreadcrumbList","@id":"https:\/\/test.dagic.es\/fr\/producto\/estanteria-revistero-portafolletos-de-carton\/#breadcrumb","itemListElement":[{"@type":"ListItem","position":1,"name":"Accueil","item":"https:\/\/test.dagic.es\/fr\/"},{"@type":"ListItem","position":2,"name":"Produits","item":"https:\/\/test.dagic.es\/fr\/shop\/"},{"@type":"ListItem","position":3,"name":"Revistero y portafolletos de cart\u00f3n 5 baldas | Desmontable, ligero y resistente"}]},{"@type":"WebSite","@id":"https:\/\/test.dagic.es\/fr\/#website","url":"https:\/\/test.dagic.es\/fr\/","name":"Cartonlab FR","description":"Cartonlab | Projets internationaux pour \u00e9v\u00e9nements et stands","publisher":{"@id":"https:\/\/test.dagic.es\/fr\/#organization"},"potentialAction":[{"@type":"SearchAction","target":{"@type":"EntryPoint","urlTemplate":"https:\/\/test.dagic.es\/fr\/?s={search_term_string}"},"query-input":{"@type":"PropertyValueSpecification","valueRequired":true,"valueName":"search_term_string"}}],"inLanguage":"fr-FR"},{"@type":"Organization","@id":"https:\/\/test.dagic.es\/fr\/#organization","name":"Cartonlab FR","url":"https:\/\/test.dagic.es\/fr\/","logo":{"@type":"ImageObject","inLanguage":"fr-FR","@id":"https:\/\/test.dagic.es\/fr\/#\/schema\/logo\/image\/","url":"https:\/\/test.dagic.es\/fr\/wp-content\/uploads\/sites\/5\/2023\/07\/logo.svg","contentUrl":"https:\/\/test.dagic.es\/fr\/wp-content\/uploads\/sites\/5\/2023\/07\/logo.svg","width":163,"height":44,"caption":"Cartonlab FR"},"image":{"@id":"https:\/\/test.dagic.es\/fr\/#\/schema\/logo\/image\/"}}]}},"_links":{"self":[{"href":"https:\/\/test.dagic.es\/fr\/wp-json\/wp\/v2\/product\/9489","targetHints":{"allow":["GET"]}}],"collection":[{"href":"https:\/\/test.dagic.es\/fr\/wp-json\/wp\/v2\/product"}],"about":[{"href":"https:\/\/test.dagic.es\/fr\/wp-json\/wp\/v2\/types\/product"}],"replies":[{"embeddable":true,"href":"https:\/\/test.dagic.es\/fr\/wp-json\/wp\/v2\/comments?post=9489"}],"wp:featuredmedia":[{"embeddable":true,"href":"https:\/\/test.dagic.es\/fr\/wp-json\/wp\/v2\/media\/15623"}],"wp:attachment":[{"href":"https:\/\/test.dagic.es\/fr\/wp-json\/wp\/v2\/media?parent=9489"}],"wp:term":[{"taxonomy":"product_brand","embeddable":true,"href":"https:\/\/test.dagic.es\/fr\/wp-json\/wp\/v2\/product_brand?post=9489"},{"taxonomy":"product_cat","embeddable":true,"href":"https:\/\/test.dagic.es\/fr\/wp-json\/wp\/v2\/product_cat?post=9489"},{"taxonomy":"product_tag","embeddable":true,"href":"https:\/\/test.dagic.es\/fr\/wp-json\/wp\/v2\/product_tag?post=9489"}],"curies":[{"name":"wp","href":"https:\/\/api.w.org\/{rel}","templated":true}]}}