{"id":9472,"date":"2017-02-08T13:06:04","date_gmt":"2017-02-08T12:06:04","guid":{"rendered":"http:\/\/cartonlab.holamundo.me\/?post_type=product&#038;p=9472"},"modified":"2020-03-20T13:51:33","modified_gmt":"2020-03-20T12:51:33","slug":"atril-de-carton","status":"publish","type":"product","link":"https:\/\/test.dagic.es\/fr\/producto\/atril-de-carton\/","title":{"rendered":"Atril de cart\u00f3n para conferencias y eventos. Ligero y desmontable."},"excerpt":{"rendered":"<p><strong>Atril de cart\u00f3n<\/strong>\u00a0 para salas de conferencias, escenarios y eventos. Original, pr\u00e1ctico y funcional. F\u00e1cil de montar y transportar. Pensado para almacenarse en un paquete plano. Reutilizable.<\/p>\n<p>Se entrega desmontado con un sencillo manual de instalaci\u00f3n. Disponible en 2 acabados b\u00e1sicos (blanco o marr\u00f3n natural). Consultar opciones y precios para acabados personalizados, color, etc. El atril est\u00e1 formado por 5 piezas de cart\u00f3n que se <strong>encajan<\/strong> entre s\u00ed sin necesidad de pegamentos ni piezas especiales. Incluye <strong>estante interior<\/strong> de almacenaje para ordenador port\u00e1til, trofeos, etc.. y apertura para el cableado del micr\u00f3fono\/iluminaci\u00f3n.<\/p>\n<p><strong>Ejemplos de instalaci\u00f3n:<\/strong><\/p>\n<ul>\n<li><a href=\"\/blog\/atril-portatil-eventos\/\">\u00a0Aqu\u00ed puedes ver un ejemplo de este atril en un proyecto\u00a0<\/a><\/li>\n<li><a href=\"\/proyecto\/atriles-personalizados-carton-diseno\/\">Otro ejemplo para un evento Junior<\/a><\/li>\n<\/ul>\n","protected":false},"featured_media":15820,"comment_status":"open","ping_status":"closed","template":"","meta":{"_acf_changed":false,"inline_featured_image":false},"product_brand":[],"product_cat":[3036,3035],"product_tag":[],"class_list":{"0":"post-9472","1":"product","2":"type-product","3":"status-publish","4":"has-post-thumbnail","6":"product_cat-mobilier-pour-evenements-durables","7":"product_cat-produits-pour-evenements-durables","8":"product_shipping_class-producto-mediano","10":"first","11":"instock","12":"taxable","13":"shipping-taxable","14":"product-type-variable","15":"has-default-attributes"},"acf":[],"yoast_head":"<!-- This site is optimized with the Yoast SEO plugin v27.2 - https:\/\/yoast.com\/product\/yoast-seo-wordpress\/ -->\n<title>Atril de cart\u00f3n para conferencias y eventos. Ligero, desmontable y personalizable<\/title>\n<meta name=\"description\" content=\"Atril de cart\u00f3n para eventos. F\u00e1cil de montar, ligero y personalizable. Reutilizable. Una soluci\u00f3n pr\u00e1ctica y ecol\u00f3gica. Dise\u00f1o exclusivo de Cartonlab\" \/>\n<meta name=\"robots\" content=\"index, follow, max-snippet:-1, max-image-preview:large, max-video-preview:-1\" \/>\n<link rel=\"canonical\" href=\"https:\/\/test.dagic.es\/fr\/producto\/atril-de-carton\/\" \/>\n<meta property=\"og:locale\" content=\"fr_FR\" \/>\n<meta property=\"og:type\" content=\"article\" \/>\n<meta property=\"og:title\" content=\"Atril de cart\u00f3n para conferencias y eventos. Ligero, desmontable y personalizable\" \/>\n<meta property=\"og:description\" content=\"Atril de cart\u00f3n para eventos. F\u00e1cil de montar, ligero y personalizable. Reutilizable. Una soluci\u00f3n pr\u00e1ctica y ecol\u00f3gica. Dise\u00f1o exclusivo de Cartonlab\" \/>\n<meta property=\"og:url\" content=\"https:\/\/test.dagic.es\/fr\/producto\/atril-de-carton\/\" \/>\n<meta property=\"og:site_name\" content=\"Cartonlab FR\" \/>\n<meta property=\"article:modified_time\" content=\"2020-03-20T12:51:33+00:00\" \/>\n<meta property=\"og:image\" content=\"https:\/\/test.dagic.es\/fr\/wp-content\/uploads\/sites\/5\/2017\/02\/atril-de-carton-eventos-ligero-1-1.jpg\" \/>\n\t<meta property=\"og:image:width\" content=\"800\" \/>\n\t<meta property=\"og:image:height\" content=\"800\" \/>\n\t<meta property=\"og:image:type\" content=\"image\/jpeg\" \/>\n<meta name=\"twitter:card\" content=\"summary_large_image\" \/>\n<script type=\"application\/ld+json\" class=\"yoast-schema-graph\">{\"@context\":\"https:\/\/schema.org\",\"@graph\":[{\"@type\":\"WebPage\",\"@id\":\"https:\/\/test.dagic.es\/fr\/producto\/atril-de-carton\/\",\"url\":\"https:\/\/test.dagic.es\/fr\/producto\/atril-de-carton\/\",\"name\":\"Atril de cart\u00f3n para conferencias y eventos. Ligero, desmontable y personalizable\",\"isPartOf\":{\"@id\":\"https:\/\/test.dagic.es\/fr\/#website\"},\"primaryImageOfPage\":{\"@id\":\"https:\/\/test.dagic.es\/fr\/producto\/atril-de-carton\/#primaryimage\"},\"image\":{\"@id\":\"https:\/\/test.dagic.es\/fr\/producto\/atril-de-carton\/#primaryimage\"},\"thumbnailUrl\":\"https:\/\/test.dagic.es\/fr\/wp-content\/uploads\/sites\/5\/2017\/02\/atril-de-carton-eventos-ligero-1-1.jpg\",\"datePublished\":\"2017-02-08T12:06:04+00:00\",\"dateModified\":\"2020-03-20T12:51:33+00:00\",\"description\":\"Atril de cart\u00f3n para eventos. F\u00e1cil de montar, ligero y personalizable. Reutilizable. Una soluci\u00f3n pr\u00e1ctica y ecol\u00f3gica. Dise\u00f1o exclusivo de Cartonlab\",\"breadcrumb\":{\"@id\":\"https:\/\/test.dagic.es\/fr\/producto\/atril-de-carton\/#breadcrumb\"},\"inLanguage\":\"fr-FR\",\"potentialAction\":[{\"@type\":\"ReadAction\",\"target\":[\"https:\/\/test.dagic.es\/fr\/producto\/atril-de-carton\/\"]}]},{\"@type\":\"ImageObject\",\"inLanguage\":\"fr-FR\",\"@id\":\"https:\/\/test.dagic.es\/fr\/producto\/atril-de-carton\/#primaryimage\",\"url\":\"https:\/\/test.dagic.es\/fr\/wp-content\/uploads\/sites\/5\/2017\/02\/atril-de-carton-eventos-ligero-1-1.jpg\",\"contentUrl\":\"https:\/\/test.dagic.es\/fr\/wp-content\/uploads\/sites\/5\/2017\/02\/atril-de-carton-eventos-ligero-1-1.jpg\",\"width\":800,\"height\":800,\"caption\":\"atril carton frontal\"},{\"@type\":\"BreadcrumbList\",\"@id\":\"https:\/\/test.dagic.es\/fr\/producto\/atril-de-carton\/#breadcrumb\",\"itemListElement\":[{\"@type\":\"ListItem\",\"position\":1,\"name\":\"Accueil\",\"item\":\"https:\/\/test.dagic.es\/fr\/\"},{\"@type\":\"ListItem\",\"position\":2,\"name\":\"Produits\",\"item\":\"https:\/\/test.dagic.es\/fr\/shop\/\"},{\"@type\":\"ListItem\",\"position\":3,\"name\":\"Atril de cart\u00f3n para conferencias y eventos. Ligero y desmontable.\"}]},{\"@type\":\"WebSite\",\"@id\":\"https:\/\/test.dagic.es\/fr\/#website\",\"url\":\"https:\/\/test.dagic.es\/fr\/\",\"name\":\"Cartonlab FR\",\"description\":\"Cartonlab | Projets internationaux pour \u00e9v\u00e9nements et stands\",\"publisher\":{\"@id\":\"https:\/\/test.dagic.es\/fr\/#organization\"},\"potentialAction\":[{\"@type\":\"SearchAction\",\"target\":{\"@type\":\"EntryPoint\",\"urlTemplate\":\"https:\/\/test.dagic.es\/fr\/?s={search_term_string}\"},\"query-input\":{\"@type\":\"PropertyValueSpecification\",\"valueRequired\":true,\"valueName\":\"search_term_string\"}}],\"inLanguage\":\"fr-FR\"},{\"@type\":\"Organization\",\"@id\":\"https:\/\/test.dagic.es\/fr\/#organization\",\"name\":\"Cartonlab FR\",\"url\":\"https:\/\/test.dagic.es\/fr\/\",\"logo\":{\"@type\":\"ImageObject\",\"inLanguage\":\"fr-FR\",\"@id\":\"https:\/\/test.dagic.es\/fr\/#\/schema\/logo\/image\/\",\"url\":\"https:\/\/test.dagic.es\/fr\/wp-content\/uploads\/sites\/5\/2023\/07\/logo.svg\",\"contentUrl\":\"https:\/\/test.dagic.es\/fr\/wp-content\/uploads\/sites\/5\/2023\/07\/logo.svg\",\"width\":163,\"height\":44,\"caption\":\"Cartonlab FR\"},\"image\":{\"@id\":\"https:\/\/test.dagic.es\/fr\/#\/schema\/logo\/image\/\"}}]}<\/script>\n<!-- \/ Yoast SEO plugin. -->","yoast_head_json":{"title":"Atril de cart\u00f3n para conferencias y eventos. Ligero, desmontable y personalizable","description":"Atril de cart\u00f3n para eventos. F\u00e1cil de montar, ligero y personalizable. Reutilizable. Una soluci\u00f3n pr\u00e1ctica y ecol\u00f3gica. Dise\u00f1o exclusivo de Cartonlab","robots":{"index":"index","follow":"follow","max-snippet":"max-snippet:-1","max-image-preview":"max-image-preview:large","max-video-preview":"max-video-preview:-1"},"canonical":"https:\/\/test.dagic.es\/fr\/producto\/atril-de-carton\/","og_locale":"fr_FR","og_type":"article","og_title":"Atril de cart\u00f3n para conferencias y eventos. Ligero, desmontable y personalizable","og_description":"Atril de cart\u00f3n para eventos. F\u00e1cil de montar, ligero y personalizable. Reutilizable. Una soluci\u00f3n pr\u00e1ctica y ecol\u00f3gica. Dise\u00f1o exclusivo de Cartonlab","og_url":"https:\/\/test.dagic.es\/fr\/producto\/atril-de-carton\/","og_site_name":"Cartonlab FR","article_modified_time":"2020-03-20T12:51:33+00:00","og_image":[{"width":800,"height":800,"url":"https:\/\/test.dagic.es\/fr\/wp-content\/uploads\/sites\/5\/2017\/02\/atril-de-carton-eventos-ligero-1-1.jpg","type":"image\/jpeg"}],"twitter_card":"summary_large_image","schema":{"@context":"https:\/\/schema.org","@graph":[{"@type":"WebPage","@id":"https:\/\/test.dagic.es\/fr\/producto\/atril-de-carton\/","url":"https:\/\/test.dagic.es\/fr\/producto\/atril-de-carton\/","name":"Atril de cart\u00f3n para conferencias y eventos. Ligero, desmontable y personalizable","isPartOf":{"@id":"https:\/\/test.dagic.es\/fr\/#website"},"primaryImageOfPage":{"@id":"https:\/\/test.dagic.es\/fr\/producto\/atril-de-carton\/#primaryimage"},"image":{"@id":"https:\/\/test.dagic.es\/fr\/producto\/atril-de-carton\/#primaryimage"},"thumbnailUrl":"https:\/\/test.dagic.es\/fr\/wp-content\/uploads\/sites\/5\/2017\/02\/atril-de-carton-eventos-ligero-1-1.jpg","datePublished":"2017-02-08T12:06:04+00:00","dateModified":"2020-03-20T12:51:33+00:00","description":"Atril de cart\u00f3n para eventos. F\u00e1cil de montar, ligero y personalizable. Reutilizable. Una soluci\u00f3n pr\u00e1ctica y ecol\u00f3gica. Dise\u00f1o exclusivo de Cartonlab","breadcrumb":{"@id":"https:\/\/test.dagic.es\/fr\/producto\/atril-de-carton\/#breadcrumb"},"inLanguage":"fr-FR","potentialAction":[{"@type":"ReadAction","target":["https:\/\/test.dagic.es\/fr\/producto\/atril-de-carton\/"]}]},{"@type":"ImageObject","inLanguage":"fr-FR","@id":"https:\/\/test.dagic.es\/fr\/producto\/atril-de-carton\/#primaryimage","url":"https:\/\/test.dagic.es\/fr\/wp-content\/uploads\/sites\/5\/2017\/02\/atril-de-carton-eventos-ligero-1-1.jpg","contentUrl":"https:\/\/test.dagic.es\/fr\/wp-content\/uploads\/sites\/5\/2017\/02\/atril-de-carton-eventos-ligero-1-1.jpg","width":800,"height":800,"caption":"atril carton frontal"},{"@type":"BreadcrumbList","@id":"https:\/\/test.dagic.es\/fr\/producto\/atril-de-carton\/#breadcrumb","itemListElement":[{"@type":"ListItem","position":1,"name":"Accueil","item":"https:\/\/test.dagic.es\/fr\/"},{"@type":"ListItem","position":2,"name":"Produits","item":"https:\/\/test.dagic.es\/fr\/shop\/"},{"@type":"ListItem","position":3,"name":"Atril de cart\u00f3n para conferencias y eventos. Ligero y desmontable."}]},{"@type":"WebSite","@id":"https:\/\/test.dagic.es\/fr\/#website","url":"https:\/\/test.dagic.es\/fr\/","name":"Cartonlab FR","description":"Cartonlab | Projets internationaux pour \u00e9v\u00e9nements et stands","publisher":{"@id":"https:\/\/test.dagic.es\/fr\/#organization"},"potentialAction":[{"@type":"SearchAction","target":{"@type":"EntryPoint","urlTemplate":"https:\/\/test.dagic.es\/fr\/?s={search_term_string}"},"query-input":{"@type":"PropertyValueSpecification","valueRequired":true,"valueName":"search_term_string"}}],"inLanguage":"fr-FR"},{"@type":"Organization","@id":"https:\/\/test.dagic.es\/fr\/#organization","name":"Cartonlab FR","url":"https:\/\/test.dagic.es\/fr\/","logo":{"@type":"ImageObject","inLanguage":"fr-FR","@id":"https:\/\/test.dagic.es\/fr\/#\/schema\/logo\/image\/","url":"https:\/\/test.dagic.es\/fr\/wp-content\/uploads\/sites\/5\/2023\/07\/logo.svg","contentUrl":"https:\/\/test.dagic.es\/fr\/wp-content\/uploads\/sites\/5\/2023\/07\/logo.svg","width":163,"height":44,"caption":"Cartonlab FR"},"image":{"@id":"https:\/\/test.dagic.es\/fr\/#\/schema\/logo\/image\/"}}]}},"_links":{"self":[{"href":"https:\/\/test.dagic.es\/fr\/wp-json\/wp\/v2\/product\/9472","targetHints":{"allow":["GET"]}}],"collection":[{"href":"https:\/\/test.dagic.es\/fr\/wp-json\/wp\/v2\/product"}],"about":[{"href":"https:\/\/test.dagic.es\/fr\/wp-json\/wp\/v2\/types\/product"}],"replies":[{"embeddable":true,"href":"https:\/\/test.dagic.es\/fr\/wp-json\/wp\/v2\/comments?post=9472"}],"wp:featuredmedia":[{"embeddable":true,"href":"https:\/\/test.dagic.es\/fr\/wp-json\/wp\/v2\/media\/15820"}],"wp:attachment":[{"href":"https:\/\/test.dagic.es\/fr\/wp-json\/wp\/v2\/media?parent=9472"}],"wp:term":[{"taxonomy":"product_brand","embeddable":true,"href":"https:\/\/test.dagic.es\/fr\/wp-json\/wp\/v2\/product_brand?post=9472"},{"taxonomy":"product_cat","embeddable":true,"href":"https:\/\/test.dagic.es\/fr\/wp-json\/wp\/v2\/product_cat?post=9472"},{"taxonomy":"product_tag","embeddable":true,"href":"https:\/\/test.dagic.es\/fr\/wp-json\/wp\/v2\/product_tag?post=9472"}],"curies":[{"name":"wp","href":"https:\/\/api.w.org\/{rel}","templated":true}]}}