{"id":8402,"date":"2016-07-26T16:10:37","date_gmt":"2016-07-26T15:10:37","guid":{"rendered":"http:\/\/cartonlab.holamundo.me\/?post_type=product&#038;p=8402"},"modified":"2020-03-04T16:38:48","modified_gmt":"2020-03-04T15:38:48","slug":"taburete-lampara-stormtrooper","status":"publish","type":"product","link":"https:\/\/test.dagic.es\/fr\/producto\/taburete-lampara-stormtrooper\/","title":{"rendered":"Stormtrooper: Taburete y l\u00e1mpara de cart\u00f3n. | Pack 4 uds."},"excerpt":{"rendered":"<p><strong>Pack 4 unidades<\/strong>. Con este <strong>Taburete y l\u00e1mpara de cart\u00f3n\u00a0 <\/strong>modelo<strong> Stormtrooper<\/strong>\u00a0la fuerza siempre \u00a0estar\u00e1 contigo. Dise\u00f1ado en exclusiva\u00a0pensando en\u00a0todos los\u00a0fans de esta Galaxia. Se entrega desmontado en un paquete plano que incluye 4 piezas autoencajables.<\/p>\n<p>&nbsp;<\/p>\n","protected":false},"featured_media":11334,"comment_status":"open","ping_status":"closed","template":"","meta":{"_acf_changed":false,"inline_featured_image":false},"product_brand":[],"product_cat":[3041,3019,3044,3045,3029],"product_tag":[],"class_list":{"0":"post-8402","1":"product","2":"type-product","3":"status-publish","4":"has-post-thumbnail","6":"product_cat-decor","7":"product_cat-dessins-pour-enfants","8":"product_cat-jouets-en-carton","9":"product_cat-lampes","10":"product_cat-meubles-en-carton-pour-enfants","11":"product_shipping_class-productomediano","13":"first","14":"outofstock","15":"taxable","16":"shipping-taxable","17":"product-type-simple"},"acf":[],"yoast_head":"<!-- This site is optimized with the Yoast SEO plugin v27.2 - https:\/\/yoast.com\/product\/yoast-seo-wordpress\/ -->\n<title>Taburete y l\u00e1mpara de cart\u00f3n modelo Strormtrooper. Dise\u00f1o exclusivo online.<\/title>\n<meta name=\"description\" content=\"Taburete l\u00e1mpara de cart\u00f3n Stormtrooper. Original y divertido dise\u00f1o inspirado en StarWars. Dise\u00f1ado y producido en Espa\u00f1a. Resistente y 100% reciclable.\" \/>\n<meta name=\"robots\" content=\"index, follow, max-snippet:-1, max-image-preview:large, max-video-preview:-1\" \/>\n<link rel=\"canonical\" href=\"https:\/\/test.dagic.es\/fr\/producto\/taburete-lampara-stormtrooper\/\" \/>\n<meta property=\"og:locale\" content=\"fr_FR\" \/>\n<meta property=\"og:type\" content=\"article\" \/>\n<meta property=\"og:title\" content=\"Taburete y l\u00e1mpara de cart\u00f3n modelo Strormtrooper. Dise\u00f1o exclusivo online.\" \/>\n<meta property=\"og:description\" content=\"Taburete l\u00e1mpara de cart\u00f3n Stormtrooper. Original y divertido dise\u00f1o inspirado en StarWars. Dise\u00f1ado y producido en Espa\u00f1a. Resistente y 100% reciclable.\" \/>\n<meta property=\"og:url\" content=\"https:\/\/test.dagic.es\/fr\/producto\/taburete-lampara-stormtrooper\/\" \/>\n<meta property=\"og:site_name\" content=\"Cartonlab FR\" \/>\n<meta property=\"article:modified_time\" content=\"2020-03-04T15:38:48+00:00\" \/>\n<meta property=\"og:image\" content=\"https:\/\/test.dagic.es\/fr\/wp-content\/uploads\/sites\/5\/2016\/07\/taburete-lampara-carton-stormtrooper-infantil-resistente.jpg\" \/>\n\t<meta property=\"og:image:width\" content=\"1000\" \/>\n\t<meta property=\"og:image:height\" content=\"1000\" \/>\n\t<meta property=\"og:image:type\" content=\"image\/jpeg\" \/>\n<meta name=\"twitter:card\" content=\"summary_large_image\" \/>\n<script type=\"application\/ld+json\" class=\"yoast-schema-graph\">{\"@context\":\"https:\/\/schema.org\",\"@graph\":[{\"@type\":\"WebPage\",\"@id\":\"https:\/\/test.dagic.es\/fr\/producto\/taburete-lampara-stormtrooper\/\",\"url\":\"https:\/\/test.dagic.es\/fr\/producto\/taburete-lampara-stormtrooper\/\",\"name\":\"Taburete y l\u00e1mpara de cart\u00f3n modelo Strormtrooper. Dise\u00f1o exclusivo online.\",\"isPartOf\":{\"@id\":\"https:\/\/test.dagic.es\/fr\/#website\"},\"primaryImageOfPage\":{\"@id\":\"https:\/\/test.dagic.es\/fr\/producto\/taburete-lampara-stormtrooper\/#primaryimage\"},\"image\":{\"@id\":\"https:\/\/test.dagic.es\/fr\/producto\/taburete-lampara-stormtrooper\/#primaryimage\"},\"thumbnailUrl\":\"https:\/\/test.dagic.es\/fr\/wp-content\/uploads\/sites\/5\/2016\/07\/taburete-lampara-carton-stormtrooper-infantil-resistente.jpg\",\"datePublished\":\"2016-07-26T15:10:37+00:00\",\"dateModified\":\"2020-03-04T15:38:48+00:00\",\"description\":\"Taburete l\u00e1mpara de cart\u00f3n Stormtrooper. Original y divertido dise\u00f1o inspirado en StarWars. Dise\u00f1ado y producido en Espa\u00f1a. Resistente y 100% reciclable.\",\"breadcrumb\":{\"@id\":\"https:\/\/test.dagic.es\/fr\/producto\/taburete-lampara-stormtrooper\/#breadcrumb\"},\"inLanguage\":\"fr-FR\",\"potentialAction\":[{\"@type\":\"ReadAction\",\"target\":[\"https:\/\/test.dagic.es\/fr\/producto\/taburete-lampara-stormtrooper\/\"]}]},{\"@type\":\"ImageObject\",\"inLanguage\":\"fr-FR\",\"@id\":\"https:\/\/test.dagic.es\/fr\/producto\/taburete-lampara-stormtrooper\/#primaryimage\",\"url\":\"https:\/\/test.dagic.es\/fr\/wp-content\/uploads\/sites\/5\/2016\/07\/taburete-lampara-carton-stormtrooper-infantil-resistente.jpg\",\"contentUrl\":\"https:\/\/test.dagic.es\/fr\/wp-content\/uploads\/sites\/5\/2016\/07\/taburete-lampara-carton-stormtrooper-infantil-resistente.jpg\",\"width\":1000,\"height\":1000,\"caption\":\"taburete l\u00e1mpara de cart\u00f3n modelo stormtrooper\"},{\"@type\":\"BreadcrumbList\",\"@id\":\"https:\/\/test.dagic.es\/fr\/producto\/taburete-lampara-stormtrooper\/#breadcrumb\",\"itemListElement\":[{\"@type\":\"ListItem\",\"position\":1,\"name\":\"Accueil\",\"item\":\"https:\/\/test.dagic.es\/fr\/\"},{\"@type\":\"ListItem\",\"position\":2,\"name\":\"Produits\",\"item\":\"https:\/\/test.dagic.es\/fr\/shop\/\"},{\"@type\":\"ListItem\",\"position\":3,\"name\":\"Stormtrooper: Taburete y l\u00e1mpara de cart\u00f3n. | Pack 4 uds.\"}]},{\"@type\":\"WebSite\",\"@id\":\"https:\/\/test.dagic.es\/fr\/#website\",\"url\":\"https:\/\/test.dagic.es\/fr\/\",\"name\":\"Cartonlab FR\",\"description\":\"Cartonlab | Projets internationaux pour \u00e9v\u00e9nements et stands\",\"publisher\":{\"@id\":\"https:\/\/test.dagic.es\/fr\/#organization\"},\"potentialAction\":[{\"@type\":\"SearchAction\",\"target\":{\"@type\":\"EntryPoint\",\"urlTemplate\":\"https:\/\/test.dagic.es\/fr\/?s={search_term_string}\"},\"query-input\":{\"@type\":\"PropertyValueSpecification\",\"valueRequired\":true,\"valueName\":\"search_term_string\"}}],\"inLanguage\":\"fr-FR\"},{\"@type\":\"Organization\",\"@id\":\"https:\/\/test.dagic.es\/fr\/#organization\",\"name\":\"Cartonlab FR\",\"url\":\"https:\/\/test.dagic.es\/fr\/\",\"logo\":{\"@type\":\"ImageObject\",\"inLanguage\":\"fr-FR\",\"@id\":\"https:\/\/test.dagic.es\/fr\/#\/schema\/logo\/image\/\",\"url\":\"https:\/\/test.dagic.es\/fr\/wp-content\/uploads\/sites\/5\/2023\/07\/logo.svg\",\"contentUrl\":\"https:\/\/test.dagic.es\/fr\/wp-content\/uploads\/sites\/5\/2023\/07\/logo.svg\",\"width\":163,\"height\":44,\"caption\":\"Cartonlab FR\"},\"image\":{\"@id\":\"https:\/\/test.dagic.es\/fr\/#\/schema\/logo\/image\/\"}}]}<\/script>\n<!-- \/ Yoast SEO plugin. -->","yoast_head_json":{"title":"Taburete y l\u00e1mpara de cart\u00f3n modelo Strormtrooper. Dise\u00f1o exclusivo online.","description":"Taburete l\u00e1mpara de cart\u00f3n Stormtrooper. Original y divertido dise\u00f1o inspirado en StarWars. Dise\u00f1ado y producido en Espa\u00f1a. Resistente y 100% reciclable.","robots":{"index":"index","follow":"follow","max-snippet":"max-snippet:-1","max-image-preview":"max-image-preview:large","max-video-preview":"max-video-preview:-1"},"canonical":"https:\/\/test.dagic.es\/fr\/producto\/taburete-lampara-stormtrooper\/","og_locale":"fr_FR","og_type":"article","og_title":"Taburete y l\u00e1mpara de cart\u00f3n modelo Strormtrooper. Dise\u00f1o exclusivo online.","og_description":"Taburete l\u00e1mpara de cart\u00f3n Stormtrooper. Original y divertido dise\u00f1o inspirado en StarWars. Dise\u00f1ado y producido en Espa\u00f1a. Resistente y 100% reciclable.","og_url":"https:\/\/test.dagic.es\/fr\/producto\/taburete-lampara-stormtrooper\/","og_site_name":"Cartonlab FR","article_modified_time":"2020-03-04T15:38:48+00:00","og_image":[{"width":1000,"height":1000,"url":"https:\/\/test.dagic.es\/fr\/wp-content\/uploads\/sites\/5\/2016\/07\/taburete-lampara-carton-stormtrooper-infantil-resistente.jpg","type":"image\/jpeg"}],"twitter_card":"summary_large_image","schema":{"@context":"https:\/\/schema.org","@graph":[{"@type":"WebPage","@id":"https:\/\/test.dagic.es\/fr\/producto\/taburete-lampara-stormtrooper\/","url":"https:\/\/test.dagic.es\/fr\/producto\/taburete-lampara-stormtrooper\/","name":"Taburete y l\u00e1mpara de cart\u00f3n modelo Strormtrooper. Dise\u00f1o exclusivo online.","isPartOf":{"@id":"https:\/\/test.dagic.es\/fr\/#website"},"primaryImageOfPage":{"@id":"https:\/\/test.dagic.es\/fr\/producto\/taburete-lampara-stormtrooper\/#primaryimage"},"image":{"@id":"https:\/\/test.dagic.es\/fr\/producto\/taburete-lampara-stormtrooper\/#primaryimage"},"thumbnailUrl":"https:\/\/test.dagic.es\/fr\/wp-content\/uploads\/sites\/5\/2016\/07\/taburete-lampara-carton-stormtrooper-infantil-resistente.jpg","datePublished":"2016-07-26T15:10:37+00:00","dateModified":"2020-03-04T15:38:48+00:00","description":"Taburete l\u00e1mpara de cart\u00f3n Stormtrooper. Original y divertido dise\u00f1o inspirado en StarWars. Dise\u00f1ado y producido en Espa\u00f1a. Resistente y 100% reciclable.","breadcrumb":{"@id":"https:\/\/test.dagic.es\/fr\/producto\/taburete-lampara-stormtrooper\/#breadcrumb"},"inLanguage":"fr-FR","potentialAction":[{"@type":"ReadAction","target":["https:\/\/test.dagic.es\/fr\/producto\/taburete-lampara-stormtrooper\/"]}]},{"@type":"ImageObject","inLanguage":"fr-FR","@id":"https:\/\/test.dagic.es\/fr\/producto\/taburete-lampara-stormtrooper\/#primaryimage","url":"https:\/\/test.dagic.es\/fr\/wp-content\/uploads\/sites\/5\/2016\/07\/taburete-lampara-carton-stormtrooper-infantil-resistente.jpg","contentUrl":"https:\/\/test.dagic.es\/fr\/wp-content\/uploads\/sites\/5\/2016\/07\/taburete-lampara-carton-stormtrooper-infantil-resistente.jpg","width":1000,"height":1000,"caption":"taburete l\u00e1mpara de cart\u00f3n modelo stormtrooper"},{"@type":"BreadcrumbList","@id":"https:\/\/test.dagic.es\/fr\/producto\/taburete-lampara-stormtrooper\/#breadcrumb","itemListElement":[{"@type":"ListItem","position":1,"name":"Accueil","item":"https:\/\/test.dagic.es\/fr\/"},{"@type":"ListItem","position":2,"name":"Produits","item":"https:\/\/test.dagic.es\/fr\/shop\/"},{"@type":"ListItem","position":3,"name":"Stormtrooper: Taburete y l\u00e1mpara de cart\u00f3n. | Pack 4 uds."}]},{"@type":"WebSite","@id":"https:\/\/test.dagic.es\/fr\/#website","url":"https:\/\/test.dagic.es\/fr\/","name":"Cartonlab FR","description":"Cartonlab | Projets internationaux pour \u00e9v\u00e9nements et stands","publisher":{"@id":"https:\/\/test.dagic.es\/fr\/#organization"},"potentialAction":[{"@type":"SearchAction","target":{"@type":"EntryPoint","urlTemplate":"https:\/\/test.dagic.es\/fr\/?s={search_term_string}"},"query-input":{"@type":"PropertyValueSpecification","valueRequired":true,"valueName":"search_term_string"}}],"inLanguage":"fr-FR"},{"@type":"Organization","@id":"https:\/\/test.dagic.es\/fr\/#organization","name":"Cartonlab FR","url":"https:\/\/test.dagic.es\/fr\/","logo":{"@type":"ImageObject","inLanguage":"fr-FR","@id":"https:\/\/test.dagic.es\/fr\/#\/schema\/logo\/image\/","url":"https:\/\/test.dagic.es\/fr\/wp-content\/uploads\/sites\/5\/2023\/07\/logo.svg","contentUrl":"https:\/\/test.dagic.es\/fr\/wp-content\/uploads\/sites\/5\/2023\/07\/logo.svg","width":163,"height":44,"caption":"Cartonlab FR"},"image":{"@id":"https:\/\/test.dagic.es\/fr\/#\/schema\/logo\/image\/"}}]}},"_links":{"self":[{"href":"https:\/\/test.dagic.es\/fr\/wp-json\/wp\/v2\/product\/8402","targetHints":{"allow":["GET"]}}],"collection":[{"href":"https:\/\/test.dagic.es\/fr\/wp-json\/wp\/v2\/product"}],"about":[{"href":"https:\/\/test.dagic.es\/fr\/wp-json\/wp\/v2\/types\/product"}],"replies":[{"embeddable":true,"href":"https:\/\/test.dagic.es\/fr\/wp-json\/wp\/v2\/comments?post=8402"}],"wp:featuredmedia":[{"embeddable":true,"href":"https:\/\/test.dagic.es\/fr\/wp-json\/wp\/v2\/media\/11334"}],"wp:attachment":[{"href":"https:\/\/test.dagic.es\/fr\/wp-json\/wp\/v2\/media?parent=8402"}],"wp:term":[{"taxonomy":"product_brand","embeddable":true,"href":"https:\/\/test.dagic.es\/fr\/wp-json\/wp\/v2\/product_brand?post=8402"},{"taxonomy":"product_cat","embeddable":true,"href":"https:\/\/test.dagic.es\/fr\/wp-json\/wp\/v2\/product_cat?post=8402"},{"taxonomy":"product_tag","embeddable":true,"href":"https:\/\/test.dagic.es\/fr\/wp-json\/wp\/v2\/product_tag?post=8402"}],"curies":[{"name":"wp","href":"https:\/\/api.w.org\/{rel}","templated":true}]}}