{"id":7870,"date":"2016-05-23T17:07:25","date_gmt":"2016-05-23T16:07:25","guid":{"rendered":"http:\/\/cartonlab.holamundo.me\/?post_type=product&#038;p=7870"},"modified":"2020-03-18T17:30:28","modified_gmt":"2020-03-18T16:30:28","slug":"silla-faceta","status":"publish","type":"product","link":"https:\/\/test.dagic.es\/fr\/producto\/silla-faceta\/","title":{"rendered":"Silla de cart\u00f3n modelo Faceta | Dise\u00f1o contempor\u00e1neo y exclusivo | Pack 2 uds."},"excerpt":{"rendered":"<p><strong>Pack 2 sillas<\/strong>. Silla de cart\u00f3n modelo Faceta. Con un dise\u00f1o original, elegante, exclusivo y muy contempor\u00e1neo. Su est\u00e9tica no est\u00e1 re\u00f1ida con lo funcional. Es una silla ligera y resistente.\u00a0 Incluye manual de montaje.<\/p>\n<p><strong>Ver v\u00eddeo con instrucciones de montaje <a href=\"https:\/\/www.youtube.com\/watch?v=hW7coB4Y5ig\" target=\"_blank\" rel=\"noopener noreferrer\">Silla Faceta\u00a0<\/a><\/strong><\/p>\n<p>&nbsp;<\/p>\n<p>&nbsp;<\/p>\n","protected":false},"featured_media":15783,"comment_status":"open","ping_status":"closed","template":"","meta":{"_acf_changed":false,"inline_featured_image":false},"product_brand":[],"product_cat":[3031,3018],"product_tag":[],"class_list":{"0":"post-7870","1":"product","2":"type-product","3":"status-publish","4":"has-post-thumbnail","6":"product_cat-chaises-et-bancs","7":"product_cat-muebles-en-carton","8":"product_shipping_class-producto-mediano","10":"first","11":"instock","12":"taxable","13":"shipping-taxable","14":"product-type-simple"},"acf":[],"yoast_head":"<!-- This site is optimized with the Yoast SEO plugin v27.2 - https:\/\/yoast.com\/product\/yoast-seo-wordpress\/ -->\n<title>Silla de cart\u00f3n Faceta | dise\u00f1o contempor\u00e1neo y exclusivo | Compra Online<\/title>\n<meta name=\"description\" content=\"Silla de cart\u00f3n modelo Faceta. Dise\u00f1o contempor\u00e1neo y exclusivo. Resistente y funcional. Posibilidad de personalizaci\u00f3n. F\u00e1cil de montar.Entrega en 10 d\u00edas.\" \/>\n<meta name=\"robots\" content=\"index, follow, max-snippet:-1, max-image-preview:large, max-video-preview:-1\" \/>\n<link rel=\"canonical\" href=\"https:\/\/test.dagic.es\/fr\/producto\/silla-faceta\/\" \/>\n<meta property=\"og:locale\" content=\"fr_FR\" \/>\n<meta property=\"og:type\" content=\"article\" \/>\n<meta property=\"og:title\" content=\"Silla de cart\u00f3n Faceta | dise\u00f1o contempor\u00e1neo y exclusivo | Compra Online\" \/>\n<meta property=\"og:description\" content=\"Silla de cart\u00f3n modelo Faceta. Dise\u00f1o contempor\u00e1neo y exclusivo. Resistente y funcional. Posibilidad de personalizaci\u00f3n. F\u00e1cil de montar.Entrega en 10 d\u00edas.\" \/>\n<meta property=\"og:url\" content=\"https:\/\/test.dagic.es\/fr\/producto\/silla-faceta\/\" \/>\n<meta property=\"og:site_name\" content=\"Cartonlab FR\" \/>\n<meta property=\"article:modified_time\" content=\"2020-03-18T16:30:28+00:00\" \/>\n<meta property=\"og:image\" content=\"https:\/\/test.dagic.es\/fr\/wp-content\/uploads\/sites\/5\/2016\/05\/sillafaceta2.jpg\" \/>\n\t<meta property=\"og:image:width\" content=\"800\" \/>\n\t<meta property=\"og:image:height\" content=\"800\" \/>\n\t<meta property=\"og:image:type\" content=\"image\/jpeg\" \/>\n<meta name=\"twitter:card\" content=\"summary_large_image\" \/>\n<script type=\"application\/ld+json\" class=\"yoast-schema-graph\">{\"@context\":\"https:\/\/schema.org\",\"@graph\":[{\"@type\":\"WebPage\",\"@id\":\"https:\/\/test.dagic.es\/fr\/producto\/silla-faceta\/\",\"url\":\"https:\/\/test.dagic.es\/fr\/producto\/silla-faceta\/\",\"name\":\"Silla de cart\u00f3n Faceta | dise\u00f1o contempor\u00e1neo y exclusivo | Compra Online\",\"isPartOf\":{\"@id\":\"https:\/\/test.dagic.es\/fr\/#website\"},\"primaryImageOfPage\":{\"@id\":\"https:\/\/test.dagic.es\/fr\/producto\/silla-faceta\/#primaryimage\"},\"image\":{\"@id\":\"https:\/\/test.dagic.es\/fr\/producto\/silla-faceta\/#primaryimage\"},\"thumbnailUrl\":\"https:\/\/test.dagic.es\/fr\/wp-content\/uploads\/sites\/5\/2016\/05\/sillafaceta2.jpg\",\"datePublished\":\"2016-05-23T16:07:25+00:00\",\"dateModified\":\"2020-03-18T16:30:28+00:00\",\"description\":\"Silla de cart\u00f3n modelo Faceta. Dise\u00f1o contempor\u00e1neo y exclusivo. Resistente y funcional. Posibilidad de personalizaci\u00f3n. F\u00e1cil de montar.Entrega en 10 d\u00edas.\",\"breadcrumb\":{\"@id\":\"https:\/\/test.dagic.es\/fr\/producto\/silla-faceta\/#breadcrumb\"},\"inLanguage\":\"fr-FR\",\"potentialAction\":[{\"@type\":\"ReadAction\",\"target\":[\"https:\/\/test.dagic.es\/fr\/producto\/silla-faceta\/\"]}]},{\"@type\":\"ImageObject\",\"inLanguage\":\"fr-FR\",\"@id\":\"https:\/\/test.dagic.es\/fr\/producto\/silla-faceta\/#primaryimage\",\"url\":\"https:\/\/test.dagic.es\/fr\/wp-content\/uploads\/sites\/5\/2016\/05\/sillafaceta2.jpg\",\"contentUrl\":\"https:\/\/test.dagic.es\/fr\/wp-content\/uploads\/sites\/5\/2016\/05\/sillafaceta2.jpg\",\"width\":800,\"height\":800,\"caption\":\"silla carton Faceta girada\"},{\"@type\":\"BreadcrumbList\",\"@id\":\"https:\/\/test.dagic.es\/fr\/producto\/silla-faceta\/#breadcrumb\",\"itemListElement\":[{\"@type\":\"ListItem\",\"position\":1,\"name\":\"Accueil\",\"item\":\"https:\/\/test.dagic.es\/fr\/\"},{\"@type\":\"ListItem\",\"position\":2,\"name\":\"Produits\",\"item\":\"https:\/\/test.dagic.es\/fr\/shop\/\"},{\"@type\":\"ListItem\",\"position\":3,\"name\":\"Silla de cart\u00f3n modelo Faceta | Dise\u00f1o contempor\u00e1neo y exclusivo | Pack 2 uds.\"}]},{\"@type\":\"WebSite\",\"@id\":\"https:\/\/test.dagic.es\/fr\/#website\",\"url\":\"https:\/\/test.dagic.es\/fr\/\",\"name\":\"Cartonlab FR\",\"description\":\"Cartonlab | Projets internationaux pour \u00e9v\u00e9nements et stands\",\"publisher\":{\"@id\":\"https:\/\/test.dagic.es\/fr\/#organization\"},\"potentialAction\":[{\"@type\":\"SearchAction\",\"target\":{\"@type\":\"EntryPoint\",\"urlTemplate\":\"https:\/\/test.dagic.es\/fr\/?s={search_term_string}\"},\"query-input\":{\"@type\":\"PropertyValueSpecification\",\"valueRequired\":true,\"valueName\":\"search_term_string\"}}],\"inLanguage\":\"fr-FR\"},{\"@type\":\"Organization\",\"@id\":\"https:\/\/test.dagic.es\/fr\/#organization\",\"name\":\"Cartonlab FR\",\"url\":\"https:\/\/test.dagic.es\/fr\/\",\"logo\":{\"@type\":\"ImageObject\",\"inLanguage\":\"fr-FR\",\"@id\":\"https:\/\/test.dagic.es\/fr\/#\/schema\/logo\/image\/\",\"url\":\"https:\/\/test.dagic.es\/fr\/wp-content\/uploads\/sites\/5\/2023\/07\/logo.svg\",\"contentUrl\":\"https:\/\/test.dagic.es\/fr\/wp-content\/uploads\/sites\/5\/2023\/07\/logo.svg\",\"width\":163,\"height\":44,\"caption\":\"Cartonlab FR\"},\"image\":{\"@id\":\"https:\/\/test.dagic.es\/fr\/#\/schema\/logo\/image\/\"}}]}<\/script>\n<!-- \/ Yoast SEO plugin. -->","yoast_head_json":{"title":"Silla de cart\u00f3n Faceta | dise\u00f1o contempor\u00e1neo y exclusivo | Compra Online","description":"Silla de cart\u00f3n modelo Faceta. Dise\u00f1o contempor\u00e1neo y exclusivo. Resistente y funcional. Posibilidad de personalizaci\u00f3n. F\u00e1cil de montar.Entrega en 10 d\u00edas.","robots":{"index":"index","follow":"follow","max-snippet":"max-snippet:-1","max-image-preview":"max-image-preview:large","max-video-preview":"max-video-preview:-1"},"canonical":"https:\/\/test.dagic.es\/fr\/producto\/silla-faceta\/","og_locale":"fr_FR","og_type":"article","og_title":"Silla de cart\u00f3n Faceta | dise\u00f1o contempor\u00e1neo y exclusivo | Compra Online","og_description":"Silla de cart\u00f3n modelo Faceta. Dise\u00f1o contempor\u00e1neo y exclusivo. Resistente y funcional. Posibilidad de personalizaci\u00f3n. F\u00e1cil de montar.Entrega en 10 d\u00edas.","og_url":"https:\/\/test.dagic.es\/fr\/producto\/silla-faceta\/","og_site_name":"Cartonlab FR","article_modified_time":"2020-03-18T16:30:28+00:00","og_image":[{"width":800,"height":800,"url":"https:\/\/test.dagic.es\/fr\/wp-content\/uploads\/sites\/5\/2016\/05\/sillafaceta2.jpg","type":"image\/jpeg"}],"twitter_card":"summary_large_image","schema":{"@context":"https:\/\/schema.org","@graph":[{"@type":"WebPage","@id":"https:\/\/test.dagic.es\/fr\/producto\/silla-faceta\/","url":"https:\/\/test.dagic.es\/fr\/producto\/silla-faceta\/","name":"Silla de cart\u00f3n Faceta | dise\u00f1o contempor\u00e1neo y exclusivo | Compra Online","isPartOf":{"@id":"https:\/\/test.dagic.es\/fr\/#website"},"primaryImageOfPage":{"@id":"https:\/\/test.dagic.es\/fr\/producto\/silla-faceta\/#primaryimage"},"image":{"@id":"https:\/\/test.dagic.es\/fr\/producto\/silla-faceta\/#primaryimage"},"thumbnailUrl":"https:\/\/test.dagic.es\/fr\/wp-content\/uploads\/sites\/5\/2016\/05\/sillafaceta2.jpg","datePublished":"2016-05-23T16:07:25+00:00","dateModified":"2020-03-18T16:30:28+00:00","description":"Silla de cart\u00f3n modelo Faceta. Dise\u00f1o contempor\u00e1neo y exclusivo. Resistente y funcional. Posibilidad de personalizaci\u00f3n. F\u00e1cil de montar.Entrega en 10 d\u00edas.","breadcrumb":{"@id":"https:\/\/test.dagic.es\/fr\/producto\/silla-faceta\/#breadcrumb"},"inLanguage":"fr-FR","potentialAction":[{"@type":"ReadAction","target":["https:\/\/test.dagic.es\/fr\/producto\/silla-faceta\/"]}]},{"@type":"ImageObject","inLanguage":"fr-FR","@id":"https:\/\/test.dagic.es\/fr\/producto\/silla-faceta\/#primaryimage","url":"https:\/\/test.dagic.es\/fr\/wp-content\/uploads\/sites\/5\/2016\/05\/sillafaceta2.jpg","contentUrl":"https:\/\/test.dagic.es\/fr\/wp-content\/uploads\/sites\/5\/2016\/05\/sillafaceta2.jpg","width":800,"height":800,"caption":"silla carton Faceta girada"},{"@type":"BreadcrumbList","@id":"https:\/\/test.dagic.es\/fr\/producto\/silla-faceta\/#breadcrumb","itemListElement":[{"@type":"ListItem","position":1,"name":"Accueil","item":"https:\/\/test.dagic.es\/fr\/"},{"@type":"ListItem","position":2,"name":"Produits","item":"https:\/\/test.dagic.es\/fr\/shop\/"},{"@type":"ListItem","position":3,"name":"Silla de cart\u00f3n modelo Faceta | Dise\u00f1o contempor\u00e1neo y exclusivo | Pack 2 uds."}]},{"@type":"WebSite","@id":"https:\/\/test.dagic.es\/fr\/#website","url":"https:\/\/test.dagic.es\/fr\/","name":"Cartonlab FR","description":"Cartonlab | Projets internationaux pour \u00e9v\u00e9nements et stands","publisher":{"@id":"https:\/\/test.dagic.es\/fr\/#organization"},"potentialAction":[{"@type":"SearchAction","target":{"@type":"EntryPoint","urlTemplate":"https:\/\/test.dagic.es\/fr\/?s={search_term_string}"},"query-input":{"@type":"PropertyValueSpecification","valueRequired":true,"valueName":"search_term_string"}}],"inLanguage":"fr-FR"},{"@type":"Organization","@id":"https:\/\/test.dagic.es\/fr\/#organization","name":"Cartonlab FR","url":"https:\/\/test.dagic.es\/fr\/","logo":{"@type":"ImageObject","inLanguage":"fr-FR","@id":"https:\/\/test.dagic.es\/fr\/#\/schema\/logo\/image\/","url":"https:\/\/test.dagic.es\/fr\/wp-content\/uploads\/sites\/5\/2023\/07\/logo.svg","contentUrl":"https:\/\/test.dagic.es\/fr\/wp-content\/uploads\/sites\/5\/2023\/07\/logo.svg","width":163,"height":44,"caption":"Cartonlab FR"},"image":{"@id":"https:\/\/test.dagic.es\/fr\/#\/schema\/logo\/image\/"}}]}},"_links":{"self":[{"href":"https:\/\/test.dagic.es\/fr\/wp-json\/wp\/v2\/product\/7870","targetHints":{"allow":["GET"]}}],"collection":[{"href":"https:\/\/test.dagic.es\/fr\/wp-json\/wp\/v2\/product"}],"about":[{"href":"https:\/\/test.dagic.es\/fr\/wp-json\/wp\/v2\/types\/product"}],"replies":[{"embeddable":true,"href":"https:\/\/test.dagic.es\/fr\/wp-json\/wp\/v2\/comments?post=7870"}],"wp:featuredmedia":[{"embeddable":true,"href":"https:\/\/test.dagic.es\/fr\/wp-json\/wp\/v2\/media\/15783"}],"wp:attachment":[{"href":"https:\/\/test.dagic.es\/fr\/wp-json\/wp\/v2\/media?parent=7870"}],"wp:term":[{"taxonomy":"product_brand","embeddable":true,"href":"https:\/\/test.dagic.es\/fr\/wp-json\/wp\/v2\/product_brand?post=7870"},{"taxonomy":"product_cat","embeddable":true,"href":"https:\/\/test.dagic.es\/fr\/wp-json\/wp\/v2\/product_cat?post=7870"},{"taxonomy":"product_tag","embeddable":true,"href":"https:\/\/test.dagic.es\/fr\/wp-json\/wp\/v2\/product_tag?post=7870"}],"curies":[{"name":"wp","href":"https:\/\/api.w.org\/{rel}","templated":true}]}}