{"id":7436,"date":"2016-04-12T09:48:56","date_gmt":"2016-04-12T08:48:56","guid":{"rendered":"http:\/\/cartonlab.holamundo.me\/?post_type=product&#038;p=7436"},"modified":"2019-10-30T12:44:40","modified_gmt":"2019-10-30T11:44:40","slug":"cama-de-carton-plegable","status":"publish","type":"product","link":"https:\/\/test.dagic.es\/fr\/producto\/cama-de-carton-plegable\/","title":{"rendered":"Cama de cart\u00f3n plegable | Lista en 1 minuto | Resistente y funcional"},"excerpt":{"rendered":"<div><strong>Cama de cart\u00f3n<\/strong> plegable. Una soluci\u00f3n tan pr\u00e1ctica y original como ecol\u00f3gica.\u00a0En <strong>menos de un minuto<\/strong> y ya est\u00e1 lista para usarse y volver a plegarse de nuevo ocupando el <strong>m\u00ednimo espacio<\/strong>. Un <strong>dise\u00f1o ecol\u00f3gico\u00a0<\/strong>elaborado con material certificado FSC \u00a0y\u00a0\u00a0<strong>super-resistente:<\/strong> soporta 1000 kg por metro cuadrado. El dise\u00f1o estructural y la fabricaci\u00f3n de esta\u00a0cama de cart\u00f3n plegable corre a\u00a0cargo\u00a0del estudio <strong><em>ROOM IN A BOX. <\/em><\/strong><em>(Berlin) . <\/em>M\u00e1s de 2000 unidades vendidas en toda Europa. Perfecta para camping, dormitorio de invitados, casas de vacaciones\u00a0 viviendas temporales y de alquiler.<\/div>\n<div><\/div>\n<p>&nbsp;<\/p>\n","protected":false},"featured_media":11294,"comment_status":"open","ping_status":"closed","template":"","meta":{"_acf_changed":false,"inline_featured_image":false},"product_brand":[],"product_cat":[3018],"product_tag":[],"class_list":{"0":"post-7436","1":"product","2":"type-product","3":"status-publish","4":"has-post-thumbnail","6":"product_cat-muebles-en-carton","7":"product_shipping_class-producto-grande","9":"first","10":"instock","11":"taxable","12":"shipping-taxable","13":"product-type-variable","14":"has-default-attributes"},"acf":[],"yoast_head":"<!-- This site is optimized with the Yoast SEO plugin v27.2 - https:\/\/yoast.com\/product\/yoast-seo-wordpress\/ -->\n<title>Cama de cart\u00f3n plegable | Lista en 1 min | Resistente y funcional. Compra Online.<\/title>\n<meta name=\"description\" content=\"Cama de cart\u00f3n plegable, muy resistente y ecol\u00f3gica. Lista para usarse en 1 min. Ocupa m\u00ednimo espacio. Resistente y funcional. Varios tama\u00f1os.\" \/>\n<meta name=\"robots\" content=\"index, follow, max-snippet:-1, max-image-preview:large, max-video-preview:-1\" \/>\n<link rel=\"canonical\" href=\"https:\/\/test.dagic.es\/fr\/producto\/cama-de-carton-plegable\/\" \/>\n<meta property=\"og:locale\" content=\"fr_FR\" \/>\n<meta property=\"og:type\" content=\"article\" \/>\n<meta property=\"og:title\" content=\"Cama de cart\u00f3n plegable | Lista en 1 min | Resistente y funcional. Compra Online.\" \/>\n<meta property=\"og:description\" content=\"Cama de cart\u00f3n plegable, muy resistente y ecol\u00f3gica. Lista para usarse en 1 min. Ocupa m\u00ednimo espacio. Resistente y funcional. Varios tama\u00f1os.\" \/>\n<meta property=\"og:url\" content=\"https:\/\/test.dagic.es\/fr\/producto\/cama-de-carton-plegable\/\" \/>\n<meta property=\"og:site_name\" content=\"Cartonlab FR\" \/>\n<meta property=\"article:modified_time\" content=\"2019-10-30T11:44:40+00:00\" \/>\n<meta property=\"og:image\" content=\"https:\/\/test.dagic.es\/fr\/wp-content\/uploads\/sites\/5\/2016\/04\/cama-carton-cartonlab-ecologica-3.jpg\" \/>\n\t<meta property=\"og:image:width\" content=\"540\" \/>\n\t<meta property=\"og:image:height\" content=\"360\" \/>\n\t<meta property=\"og:image:type\" content=\"image\/jpeg\" \/>\n<meta name=\"twitter:card\" content=\"summary_large_image\" \/>\n<script type=\"application\/ld+json\" class=\"yoast-schema-graph\">{\"@context\":\"https:\/\/schema.org\",\"@graph\":[{\"@type\":\"WebPage\",\"@id\":\"https:\/\/test.dagic.es\/fr\/producto\/cama-de-carton-plegable\/\",\"url\":\"https:\/\/test.dagic.es\/fr\/producto\/cama-de-carton-plegable\/\",\"name\":\"Cama de cart\u00f3n plegable | Lista en 1 min | Resistente y funcional. Compra Online.\",\"isPartOf\":{\"@id\":\"https:\/\/test.dagic.es\/fr\/#website\"},\"primaryImageOfPage\":{\"@id\":\"https:\/\/test.dagic.es\/fr\/producto\/cama-de-carton-plegable\/#primaryimage\"},\"image\":{\"@id\":\"https:\/\/test.dagic.es\/fr\/producto\/cama-de-carton-plegable\/#primaryimage\"},\"thumbnailUrl\":\"https:\/\/test.dagic.es\/fr\/wp-content\/uploads\/sites\/5\/2016\/04\/cama-de-carton-plegable-cartonlab.jpg\",\"datePublished\":\"2016-04-12T08:48:56+00:00\",\"dateModified\":\"2019-10-30T11:44:40+00:00\",\"description\":\"Cama de cart\u00f3n plegable, muy resistente y ecol\u00f3gica. Lista para usarse en 1 min. Ocupa m\u00ednimo espacio. Resistente y funcional. Varios tama\u00f1os.\",\"breadcrumb\":{\"@id\":\"https:\/\/test.dagic.es\/fr\/producto\/cama-de-carton-plegable\/#breadcrumb\"},\"inLanguage\":\"fr-FR\",\"potentialAction\":[{\"@type\":\"ReadAction\",\"target\":[\"https:\/\/test.dagic.es\/fr\/producto\/cama-de-carton-plegable\/\"]}]},{\"@type\":\"ImageObject\",\"inLanguage\":\"fr-FR\",\"@id\":\"https:\/\/test.dagic.es\/fr\/producto\/cama-de-carton-plegable\/#primaryimage\",\"url\":\"https:\/\/test.dagic.es\/fr\/wp-content\/uploads\/sites\/5\/2016\/04\/cama-de-carton-plegable-cartonlab.jpg\",\"contentUrl\":\"https:\/\/test.dagic.es\/fr\/wp-content\/uploads\/sites\/5\/2016\/04\/cama-de-carton-plegable-cartonlab.jpg\",\"width\":900,\"height\":869,\"caption\":\"Cama de cart\u00f3n plegable\"},{\"@type\":\"BreadcrumbList\",\"@id\":\"https:\/\/test.dagic.es\/fr\/producto\/cama-de-carton-plegable\/#breadcrumb\",\"itemListElement\":[{\"@type\":\"ListItem\",\"position\":1,\"name\":\"Accueil\",\"item\":\"https:\/\/test.dagic.es\/fr\/\"},{\"@type\":\"ListItem\",\"position\":2,\"name\":\"Produits\",\"item\":\"https:\/\/test.dagic.es\/fr\/shop\/\"},{\"@type\":\"ListItem\",\"position\":3,\"name\":\"Cama de cart\u00f3n plegable | Lista en 1 minuto | Resistente y funcional\"}]},{\"@type\":\"WebSite\",\"@id\":\"https:\/\/test.dagic.es\/fr\/#website\",\"url\":\"https:\/\/test.dagic.es\/fr\/\",\"name\":\"Cartonlab FR\",\"description\":\"Cartonlab | Projets internationaux pour \u00e9v\u00e9nements et stands\",\"publisher\":{\"@id\":\"https:\/\/test.dagic.es\/fr\/#organization\"},\"potentialAction\":[{\"@type\":\"SearchAction\",\"target\":{\"@type\":\"EntryPoint\",\"urlTemplate\":\"https:\/\/test.dagic.es\/fr\/?s={search_term_string}\"},\"query-input\":{\"@type\":\"PropertyValueSpecification\",\"valueRequired\":true,\"valueName\":\"search_term_string\"}}],\"inLanguage\":\"fr-FR\"},{\"@type\":\"Organization\",\"@id\":\"https:\/\/test.dagic.es\/fr\/#organization\",\"name\":\"Cartonlab FR\",\"url\":\"https:\/\/test.dagic.es\/fr\/\",\"logo\":{\"@type\":\"ImageObject\",\"inLanguage\":\"fr-FR\",\"@id\":\"https:\/\/test.dagic.es\/fr\/#\/schema\/logo\/image\/\",\"url\":\"https:\/\/test.dagic.es\/fr\/wp-content\/uploads\/sites\/5\/2023\/07\/logo.svg\",\"contentUrl\":\"https:\/\/test.dagic.es\/fr\/wp-content\/uploads\/sites\/5\/2023\/07\/logo.svg\",\"width\":163,\"height\":44,\"caption\":\"Cartonlab FR\"},\"image\":{\"@id\":\"https:\/\/test.dagic.es\/fr\/#\/schema\/logo\/image\/\"}}]}<\/script>\n<!-- \/ Yoast SEO plugin. -->","yoast_head_json":{"title":"Cama de cart\u00f3n plegable | Lista en 1 min | Resistente y funcional. Compra Online.","description":"Cama de cart\u00f3n plegable, muy resistente y ecol\u00f3gica. Lista para usarse en 1 min. Ocupa m\u00ednimo espacio. Resistente y funcional. Varios tama\u00f1os.","robots":{"index":"index","follow":"follow","max-snippet":"max-snippet:-1","max-image-preview":"max-image-preview:large","max-video-preview":"max-video-preview:-1"},"canonical":"https:\/\/test.dagic.es\/fr\/producto\/cama-de-carton-plegable\/","og_locale":"fr_FR","og_type":"article","og_title":"Cama de cart\u00f3n plegable | Lista en 1 min | Resistente y funcional. Compra Online.","og_description":"Cama de cart\u00f3n plegable, muy resistente y ecol\u00f3gica. Lista para usarse en 1 min. Ocupa m\u00ednimo espacio. Resistente y funcional. Varios tama\u00f1os.","og_url":"https:\/\/test.dagic.es\/fr\/producto\/cama-de-carton-plegable\/","og_site_name":"Cartonlab FR","article_modified_time":"2019-10-30T11:44:40+00:00","og_image":[{"width":540,"height":360,"url":"https:\/\/test.dagic.es\/fr\/wp-content\/uploads\/sites\/5\/2016\/04\/cama-carton-cartonlab-ecologica-3.jpg","type":"image\/jpeg"}],"twitter_card":"summary_large_image","schema":{"@context":"https:\/\/schema.org","@graph":[{"@type":"WebPage","@id":"https:\/\/test.dagic.es\/fr\/producto\/cama-de-carton-plegable\/","url":"https:\/\/test.dagic.es\/fr\/producto\/cama-de-carton-plegable\/","name":"Cama de cart\u00f3n plegable | Lista en 1 min | Resistente y funcional. Compra Online.","isPartOf":{"@id":"https:\/\/test.dagic.es\/fr\/#website"},"primaryImageOfPage":{"@id":"https:\/\/test.dagic.es\/fr\/producto\/cama-de-carton-plegable\/#primaryimage"},"image":{"@id":"https:\/\/test.dagic.es\/fr\/producto\/cama-de-carton-plegable\/#primaryimage"},"thumbnailUrl":"https:\/\/test.dagic.es\/fr\/wp-content\/uploads\/sites\/5\/2016\/04\/cama-de-carton-plegable-cartonlab.jpg","datePublished":"2016-04-12T08:48:56+00:00","dateModified":"2019-10-30T11:44:40+00:00","description":"Cama de cart\u00f3n plegable, muy resistente y ecol\u00f3gica. Lista para usarse en 1 min. Ocupa m\u00ednimo espacio. Resistente y funcional. Varios tama\u00f1os.","breadcrumb":{"@id":"https:\/\/test.dagic.es\/fr\/producto\/cama-de-carton-plegable\/#breadcrumb"},"inLanguage":"fr-FR","potentialAction":[{"@type":"ReadAction","target":["https:\/\/test.dagic.es\/fr\/producto\/cama-de-carton-plegable\/"]}]},{"@type":"ImageObject","inLanguage":"fr-FR","@id":"https:\/\/test.dagic.es\/fr\/producto\/cama-de-carton-plegable\/#primaryimage","url":"https:\/\/test.dagic.es\/fr\/wp-content\/uploads\/sites\/5\/2016\/04\/cama-de-carton-plegable-cartonlab.jpg","contentUrl":"https:\/\/test.dagic.es\/fr\/wp-content\/uploads\/sites\/5\/2016\/04\/cama-de-carton-plegable-cartonlab.jpg","width":900,"height":869,"caption":"Cama de cart\u00f3n plegable"},{"@type":"BreadcrumbList","@id":"https:\/\/test.dagic.es\/fr\/producto\/cama-de-carton-plegable\/#breadcrumb","itemListElement":[{"@type":"ListItem","position":1,"name":"Accueil","item":"https:\/\/test.dagic.es\/fr\/"},{"@type":"ListItem","position":2,"name":"Produits","item":"https:\/\/test.dagic.es\/fr\/shop\/"},{"@type":"ListItem","position":3,"name":"Cama de cart\u00f3n plegable | Lista en 1 minuto | Resistente y funcional"}]},{"@type":"WebSite","@id":"https:\/\/test.dagic.es\/fr\/#website","url":"https:\/\/test.dagic.es\/fr\/","name":"Cartonlab FR","description":"Cartonlab | Projets internationaux pour \u00e9v\u00e9nements et stands","publisher":{"@id":"https:\/\/test.dagic.es\/fr\/#organization"},"potentialAction":[{"@type":"SearchAction","target":{"@type":"EntryPoint","urlTemplate":"https:\/\/test.dagic.es\/fr\/?s={search_term_string}"},"query-input":{"@type":"PropertyValueSpecification","valueRequired":true,"valueName":"search_term_string"}}],"inLanguage":"fr-FR"},{"@type":"Organization","@id":"https:\/\/test.dagic.es\/fr\/#organization","name":"Cartonlab FR","url":"https:\/\/test.dagic.es\/fr\/","logo":{"@type":"ImageObject","inLanguage":"fr-FR","@id":"https:\/\/test.dagic.es\/fr\/#\/schema\/logo\/image\/","url":"https:\/\/test.dagic.es\/fr\/wp-content\/uploads\/sites\/5\/2023\/07\/logo.svg","contentUrl":"https:\/\/test.dagic.es\/fr\/wp-content\/uploads\/sites\/5\/2023\/07\/logo.svg","width":163,"height":44,"caption":"Cartonlab FR"},"image":{"@id":"https:\/\/test.dagic.es\/fr\/#\/schema\/logo\/image\/"}}]}},"_links":{"self":[{"href":"https:\/\/test.dagic.es\/fr\/wp-json\/wp\/v2\/product\/7436","targetHints":{"allow":["GET"]}}],"collection":[{"href":"https:\/\/test.dagic.es\/fr\/wp-json\/wp\/v2\/product"}],"about":[{"href":"https:\/\/test.dagic.es\/fr\/wp-json\/wp\/v2\/types\/product"}],"replies":[{"embeddable":true,"href":"https:\/\/test.dagic.es\/fr\/wp-json\/wp\/v2\/comments?post=7436"}],"wp:featuredmedia":[{"embeddable":true,"href":"https:\/\/test.dagic.es\/fr\/wp-json\/wp\/v2\/media\/11294"}],"wp:attachment":[{"href":"https:\/\/test.dagic.es\/fr\/wp-json\/wp\/v2\/media?parent=7436"}],"wp:term":[{"taxonomy":"product_brand","embeddable":true,"href":"https:\/\/test.dagic.es\/fr\/wp-json\/wp\/v2\/product_brand?post=7436"},{"taxonomy":"product_cat","embeddable":true,"href":"https:\/\/test.dagic.es\/fr\/wp-json\/wp\/v2\/product_cat?post=7436"},{"taxonomy":"product_tag","embeddable":true,"href":"https:\/\/test.dagic.es\/fr\/wp-json\/wp\/v2\/product_tag?post=7436"}],"curies":[{"name":"wp","href":"https:\/\/api.w.org\/{rel}","templated":true}]}}