{"id":7328,"date":"2016-03-08T19:35:41","date_gmt":"2016-03-08T18:35:41","guid":{"rendered":"http:\/\/cartonlab.holamundo.me\/?post_type=product&#038;p=7328"},"modified":"2020-11-17T12:00:06","modified_gmt":"2020-11-17T11:00:06","slug":"sillon-botellero-carton","status":"publish","type":"product","link":"https:\/\/test.dagic.es\/fr\/producto\/sillon-botellero-carton\/","title":{"rendered":"Sill\u00f3n botellero |  Original dise\u00f1o para stands, bodegas y eventos."},"excerpt":{"rendered":"<p>Original <strong>sill\u00f3n botellero<\/strong> de cart\u00f3n de dise\u00f1o exclusivo, resistente y funcional. Pensado para eventos, ferias de vino, catas, decoraci\u00f3n de ambientes y\u00a0 mobiliario para bodegas.\u00a0 Fabricado por capas de cart\u00f3n nido de abeja alveolar encoladas entre s\u00ed manualmente.<\/p>\n<p><strong>M\u00e1s informaci\u00f3n sobre dise\u00f1o de <a href=\"\/blog\/botelleros-mas-originales\/\">botelleros en cart\u00f3n<\/a><\/strong><\/p>\n<p>&nbsp;<\/p>\n<p>&nbsp;<\/p>\n","protected":false},"featured_media":9713,"comment_status":"open","ping_status":"closed","template":"","meta":{"_acf_changed":false,"inline_featured_image":false},"product_brand":[],"product_cat":[3031,3018,3036,3024,3023,3035],"product_tag":[],"class_list":{"0":"post-7328","1":"product","2":"type-product","3":"status-publish","4":"has-post-thumbnail","6":"product_cat-chaises-et-bancs","7":"product_cat-muebles-en-carton","8":"product_cat-mobilier-pour-evenements-durables","9":"product_cat-presentoirs-designs-speciaux","10":"product_cat-presentoirs-pour-produits","11":"product_cat-produits-pour-evenements-durables","12":"product_shipping_class-producto-muy-grande","14":"first","15":"instock","16":"taxable","17":"shipping-taxable","18":"product-type-simple"},"acf":[],"yoast_head":"<!-- This site is optimized with the Yoast SEO plugin v27.2 - https:\/\/yoast.com\/product\/yoast-seo-wordpress\/ -->\n<title>Sill\u00f3n botellero de cart\u00f3n original y ecol\u00f3gico | Capacidad 48 botellas<\/title>\n<meta name=\"description\" content=\"Sill\u00f3n botellero de cart\u00f3n. Dise\u00f1o ideal para decoraci\u00f3n, ferias de vino, catas y mobiliario para bodegas. S\u00f3lo disponible en test.dagic.es\" \/>\n<meta name=\"robots\" content=\"index, follow, max-snippet:-1, max-image-preview:large, max-video-preview:-1\" \/>\n<link rel=\"canonical\" href=\"https:\/\/test.dagic.es\/fr\/producto\/sillon-botellero-carton\/\" \/>\n<meta property=\"og:locale\" content=\"fr_FR\" \/>\n<meta property=\"og:type\" content=\"article\" \/>\n<meta property=\"og:title\" content=\"Sill\u00f3n botellero de cart\u00f3n original y ecol\u00f3gico | Capacidad 48 botellas\" \/>\n<meta property=\"og:description\" content=\"Sill\u00f3n botellero de cart\u00f3n. Dise\u00f1o ideal para decoraci\u00f3n, ferias de vino, catas y mobiliario para bodegas. S\u00f3lo disponible en test.dagic.es\" \/>\n<meta property=\"og:url\" content=\"https:\/\/test.dagic.es\/fr\/producto\/sillon-botellero-carton\/\" \/>\n<meta property=\"og:site_name\" content=\"Cartonlab FR\" \/>\n<meta property=\"article:modified_time\" content=\"2020-11-17T11:00:06+00:00\" \/>\n<meta property=\"og:image\" content=\"https:\/\/test.dagic.es\/fr\/wp-content\/uploads\/sites\/5\/2017\/03\/sillon-botellero-carton-cartonlab-02.jpg\" \/>\n\t<meta property=\"og:image:width\" content=\"1024\" \/>\n\t<meta property=\"og:image:height\" content=\"949\" \/>\n\t<meta property=\"og:image:type\" content=\"image\/jpeg\" \/>\n<meta name=\"twitter:card\" content=\"summary_large_image\" \/>\n<script type=\"application\/ld+json\" class=\"yoast-schema-graph\">{\"@context\":\"https:\/\/schema.org\",\"@graph\":[{\"@type\":\"WebPage\",\"@id\":\"https:\/\/test.dagic.es\/fr\/producto\/sillon-botellero-carton\/\",\"url\":\"https:\/\/test.dagic.es\/fr\/producto\/sillon-botellero-carton\/\",\"name\":\"Sill\u00f3n botellero de cart\u00f3n original y ecol\u00f3gico | Capacidad 48 botellas\",\"isPartOf\":{\"@id\":\"https:\/\/test.dagic.es\/fr\/#website\"},\"primaryImageOfPage\":{\"@id\":\"https:\/\/test.dagic.es\/fr\/producto\/sillon-botellero-carton\/#primaryimage\"},\"image\":{\"@id\":\"https:\/\/test.dagic.es\/fr\/producto\/sillon-botellero-carton\/#primaryimage\"},\"thumbnailUrl\":\"https:\/\/test.dagic.es\/fr\/wp-content\/uploads\/sites\/5\/2017\/03\/sillon-botellero-carton-cartonlab-02.jpg\",\"datePublished\":\"2016-03-08T18:35:41+00:00\",\"dateModified\":\"2020-11-17T11:00:06+00:00\",\"description\":\"Sill\u00f3n botellero de cart\u00f3n. Dise\u00f1o ideal para decoraci\u00f3n, ferias de vino, catas y mobiliario para bodegas. S\u00f3lo disponible en test.dagic.es\",\"breadcrumb\":{\"@id\":\"https:\/\/test.dagic.es\/fr\/producto\/sillon-botellero-carton\/#breadcrumb\"},\"inLanguage\":\"fr-FR\",\"potentialAction\":[{\"@type\":\"ReadAction\",\"target\":[\"https:\/\/test.dagic.es\/fr\/producto\/sillon-botellero-carton\/\"]}]},{\"@type\":\"ImageObject\",\"inLanguage\":\"fr-FR\",\"@id\":\"https:\/\/test.dagic.es\/fr\/producto\/sillon-botellero-carton\/#primaryimage\",\"url\":\"https:\/\/test.dagic.es\/fr\/wp-content\/uploads\/sites\/5\/2017\/03\/sillon-botellero-carton-cartonlab-02.jpg\",\"contentUrl\":\"https:\/\/test.dagic.es\/fr\/wp-content\/uploads\/sites\/5\/2017\/03\/sillon-botellero-carton-cartonlab-02.jpg\",\"width\":1024,\"height\":949,\"caption\":\"sillon botellero carton\"},{\"@type\":\"BreadcrumbList\",\"@id\":\"https:\/\/test.dagic.es\/fr\/producto\/sillon-botellero-carton\/#breadcrumb\",\"itemListElement\":[{\"@type\":\"ListItem\",\"position\":1,\"name\":\"Accueil\",\"item\":\"https:\/\/test.dagic.es\/fr\/\"},{\"@type\":\"ListItem\",\"position\":2,\"name\":\"Produits\",\"item\":\"https:\/\/test.dagic.es\/fr\/shop\/\"},{\"@type\":\"ListItem\",\"position\":3,\"name\":\"Sill\u00f3n botellero | Original dise\u00f1o para stands, bodegas y eventos.\"}]},{\"@type\":\"WebSite\",\"@id\":\"https:\/\/test.dagic.es\/fr\/#website\",\"url\":\"https:\/\/test.dagic.es\/fr\/\",\"name\":\"Cartonlab FR\",\"description\":\"Cartonlab | Projets internationaux pour \u00e9v\u00e9nements et stands\",\"publisher\":{\"@id\":\"https:\/\/test.dagic.es\/fr\/#organization\"},\"potentialAction\":[{\"@type\":\"SearchAction\",\"target\":{\"@type\":\"EntryPoint\",\"urlTemplate\":\"https:\/\/test.dagic.es\/fr\/?s={search_term_string}\"},\"query-input\":{\"@type\":\"PropertyValueSpecification\",\"valueRequired\":true,\"valueName\":\"search_term_string\"}}],\"inLanguage\":\"fr-FR\"},{\"@type\":\"Organization\",\"@id\":\"https:\/\/test.dagic.es\/fr\/#organization\",\"name\":\"Cartonlab FR\",\"url\":\"https:\/\/test.dagic.es\/fr\/\",\"logo\":{\"@type\":\"ImageObject\",\"inLanguage\":\"fr-FR\",\"@id\":\"https:\/\/test.dagic.es\/fr\/#\/schema\/logo\/image\/\",\"url\":\"https:\/\/test.dagic.es\/fr\/wp-content\/uploads\/sites\/5\/2023\/07\/logo.svg\",\"contentUrl\":\"https:\/\/test.dagic.es\/fr\/wp-content\/uploads\/sites\/5\/2023\/07\/logo.svg\",\"width\":163,\"height\":44,\"caption\":\"Cartonlab FR\"},\"image\":{\"@id\":\"https:\/\/test.dagic.es\/fr\/#\/schema\/logo\/image\/\"}}]}<\/script>\n<!-- \/ Yoast SEO plugin. -->","yoast_head_json":{"title":"Sill\u00f3n botellero de cart\u00f3n original y ecol\u00f3gico | Capacidad 48 botellas","description":"Sill\u00f3n botellero de cart\u00f3n. Dise\u00f1o ideal para decoraci\u00f3n, ferias de vino, catas y mobiliario para bodegas. S\u00f3lo disponible en test.dagic.es","robots":{"index":"index","follow":"follow","max-snippet":"max-snippet:-1","max-image-preview":"max-image-preview:large","max-video-preview":"max-video-preview:-1"},"canonical":"https:\/\/test.dagic.es\/fr\/producto\/sillon-botellero-carton\/","og_locale":"fr_FR","og_type":"article","og_title":"Sill\u00f3n botellero de cart\u00f3n original y ecol\u00f3gico | Capacidad 48 botellas","og_description":"Sill\u00f3n botellero de cart\u00f3n. Dise\u00f1o ideal para decoraci\u00f3n, ferias de vino, catas y mobiliario para bodegas. S\u00f3lo disponible en test.dagic.es","og_url":"https:\/\/test.dagic.es\/fr\/producto\/sillon-botellero-carton\/","og_site_name":"Cartonlab FR","article_modified_time":"2020-11-17T11:00:06+00:00","og_image":[{"width":1024,"height":949,"url":"https:\/\/test.dagic.es\/fr\/wp-content\/uploads\/sites\/5\/2017\/03\/sillon-botellero-carton-cartonlab-02.jpg","type":"image\/jpeg"}],"twitter_card":"summary_large_image","schema":{"@context":"https:\/\/schema.org","@graph":[{"@type":"WebPage","@id":"https:\/\/test.dagic.es\/fr\/producto\/sillon-botellero-carton\/","url":"https:\/\/test.dagic.es\/fr\/producto\/sillon-botellero-carton\/","name":"Sill\u00f3n botellero de cart\u00f3n original y ecol\u00f3gico | Capacidad 48 botellas","isPartOf":{"@id":"https:\/\/test.dagic.es\/fr\/#website"},"primaryImageOfPage":{"@id":"https:\/\/test.dagic.es\/fr\/producto\/sillon-botellero-carton\/#primaryimage"},"image":{"@id":"https:\/\/test.dagic.es\/fr\/producto\/sillon-botellero-carton\/#primaryimage"},"thumbnailUrl":"https:\/\/test.dagic.es\/fr\/wp-content\/uploads\/sites\/5\/2017\/03\/sillon-botellero-carton-cartonlab-02.jpg","datePublished":"2016-03-08T18:35:41+00:00","dateModified":"2020-11-17T11:00:06+00:00","description":"Sill\u00f3n botellero de cart\u00f3n. Dise\u00f1o ideal para decoraci\u00f3n, ferias de vino, catas y mobiliario para bodegas. S\u00f3lo disponible en test.dagic.es","breadcrumb":{"@id":"https:\/\/test.dagic.es\/fr\/producto\/sillon-botellero-carton\/#breadcrumb"},"inLanguage":"fr-FR","potentialAction":[{"@type":"ReadAction","target":["https:\/\/test.dagic.es\/fr\/producto\/sillon-botellero-carton\/"]}]},{"@type":"ImageObject","inLanguage":"fr-FR","@id":"https:\/\/test.dagic.es\/fr\/producto\/sillon-botellero-carton\/#primaryimage","url":"https:\/\/test.dagic.es\/fr\/wp-content\/uploads\/sites\/5\/2017\/03\/sillon-botellero-carton-cartonlab-02.jpg","contentUrl":"https:\/\/test.dagic.es\/fr\/wp-content\/uploads\/sites\/5\/2017\/03\/sillon-botellero-carton-cartonlab-02.jpg","width":1024,"height":949,"caption":"sillon botellero carton"},{"@type":"BreadcrumbList","@id":"https:\/\/test.dagic.es\/fr\/producto\/sillon-botellero-carton\/#breadcrumb","itemListElement":[{"@type":"ListItem","position":1,"name":"Accueil","item":"https:\/\/test.dagic.es\/fr\/"},{"@type":"ListItem","position":2,"name":"Produits","item":"https:\/\/test.dagic.es\/fr\/shop\/"},{"@type":"ListItem","position":3,"name":"Sill\u00f3n botellero | Original dise\u00f1o para stands, bodegas y eventos."}]},{"@type":"WebSite","@id":"https:\/\/test.dagic.es\/fr\/#website","url":"https:\/\/test.dagic.es\/fr\/","name":"Cartonlab FR","description":"Cartonlab | Projets internationaux pour \u00e9v\u00e9nements et stands","publisher":{"@id":"https:\/\/test.dagic.es\/fr\/#organization"},"potentialAction":[{"@type":"SearchAction","target":{"@type":"EntryPoint","urlTemplate":"https:\/\/test.dagic.es\/fr\/?s={search_term_string}"},"query-input":{"@type":"PropertyValueSpecification","valueRequired":true,"valueName":"search_term_string"}}],"inLanguage":"fr-FR"},{"@type":"Organization","@id":"https:\/\/test.dagic.es\/fr\/#organization","name":"Cartonlab FR","url":"https:\/\/test.dagic.es\/fr\/","logo":{"@type":"ImageObject","inLanguage":"fr-FR","@id":"https:\/\/test.dagic.es\/fr\/#\/schema\/logo\/image\/","url":"https:\/\/test.dagic.es\/fr\/wp-content\/uploads\/sites\/5\/2023\/07\/logo.svg","contentUrl":"https:\/\/test.dagic.es\/fr\/wp-content\/uploads\/sites\/5\/2023\/07\/logo.svg","width":163,"height":44,"caption":"Cartonlab FR"},"image":{"@id":"https:\/\/test.dagic.es\/fr\/#\/schema\/logo\/image\/"}}]}},"_links":{"self":[{"href":"https:\/\/test.dagic.es\/fr\/wp-json\/wp\/v2\/product\/7328","targetHints":{"allow":["GET"]}}],"collection":[{"href":"https:\/\/test.dagic.es\/fr\/wp-json\/wp\/v2\/product"}],"about":[{"href":"https:\/\/test.dagic.es\/fr\/wp-json\/wp\/v2\/types\/product"}],"replies":[{"embeddable":true,"href":"https:\/\/test.dagic.es\/fr\/wp-json\/wp\/v2\/comments?post=7328"}],"wp:featuredmedia":[{"embeddable":true,"href":"https:\/\/test.dagic.es\/fr\/wp-json\/wp\/v2\/media\/9713"}],"wp:attachment":[{"href":"https:\/\/test.dagic.es\/fr\/wp-json\/wp\/v2\/media?parent=7328"}],"wp:term":[{"taxonomy":"product_brand","embeddable":true,"href":"https:\/\/test.dagic.es\/fr\/wp-json\/wp\/v2\/product_brand?post=7328"},{"taxonomy":"product_cat","embeddable":true,"href":"https:\/\/test.dagic.es\/fr\/wp-json\/wp\/v2\/product_cat?post=7328"},{"taxonomy":"product_tag","embeddable":true,"href":"https:\/\/test.dagic.es\/fr\/wp-json\/wp\/v2\/product_tag?post=7328"}],"curies":[{"name":"wp","href":"https:\/\/api.w.org\/{rel}","templated":true}]}}