{"id":7286,"date":"2016-02-29T18:25:03","date_gmt":"2016-02-29T17:25:03","guid":{"rendered":"http:\/\/cartonlab.holamundo.me\/?post_type=product&#038;p=7286"},"modified":"2019-09-16T13:20:10","modified_gmt":"2019-09-16T12:20:10","slug":"photocall-marco-instagram","status":"publish","type":"product","link":"https:\/\/test.dagic.es\/fr\/producto\/photocall-marco-instagram\/","title":{"rendered":"Photocall Marco Instagram | Personalizado para tu evento"},"excerpt":{"rendered":"<p>Original y divertido <strong>Photocall marco Instagram<\/strong> para sorprender en tu boda, evento o celebraci\u00f3n. Incluye\u00a0tus\u00a0<strong>textos personalizados<\/strong> y a\u00f1ade los #hashtags, frases y comentarios que quieras. Env\u00edanos la foto de perfil que quieras utilizar en buena resoluci\u00f3n a nuestra direcci\u00f3n de email (info@test.dagic.es<strong>) <\/strong>con el n\u00famero del pedido realizado<strong>.\u00a0<\/strong>Una vez recibamos el pedido <strong>te enviaremos el dise\u00f1o previo del photocall<\/strong> para que nos confirme si est\u00e1 todo bien antes de pasarlo a producci\u00f3n.<\/p>\n<p>&nbsp;<\/p>\n","protected":false},"featured_media":15966,"comment_status":"open","ping_status":"closed","template":"","meta":{"_acf_changed":false,"inline_featured_image":false},"product_brand":[],"product_cat":[3040,3035],"product_tag":[],"class_list":{"0":"post-7286","1":"product","2":"type-product","3":"status-publish","4":"has-post-thumbnail","6":"product_cat-photocall-en-carton","7":"product_cat-produits-pour-evenements-durables","8":"product_shipping_class-producto-mediano","10":"first","11":"instock","12":"taxable","13":"shipping-taxable","14":"product-type-variable"},"acf":[],"yoast_head":"<!-- This site is optimized with the Yoast SEO plugin v27.2 - https:\/\/yoast.com\/product\/yoast-seo-wordpress\/ -->\n<title>Photocall marco Instagram personalizado para tu evento | Compra ya Online<\/title>\n<meta name=\"description\" content=\"Photocall Marco Boda personalizado para tu evento, boda o celebraci\u00f3n. Incluye kit de letras de cart\u00f3n con tus iniciales. Dise\u00f1o original y divertido.\" \/>\n<meta name=\"robots\" content=\"index, follow, max-snippet:-1, max-image-preview:large, max-video-preview:-1\" \/>\n<link rel=\"canonical\" href=\"https:\/\/test.dagic.es\/fr\/producto\/photocall-marco-instagram\/\" \/>\n<meta property=\"og:locale\" content=\"fr_FR\" \/>\n<meta property=\"og:type\" content=\"article\" \/>\n<meta property=\"og:title\" content=\"Photocall marco Instagram personalizado para tu evento | Compra ya Online\" \/>\n<meta property=\"og:description\" content=\"Photocall Marco Boda personalizado para tu evento, boda o celebraci\u00f3n. Incluye kit de letras de cart\u00f3n con tus iniciales. Dise\u00f1o original y divertido.\" \/>\n<meta property=\"og:url\" content=\"https:\/\/test.dagic.es\/fr\/producto\/photocall-marco-instagram\/\" \/>\n<meta property=\"og:site_name\" content=\"Cartonlab FR\" \/>\n<meta property=\"article:modified_time\" content=\"2019-09-16T12:20:10+00:00\" \/>\n<meta property=\"og:image\" content=\"https:\/\/test.dagic.es\/fr\/wp-content\/uploads\/sites\/5\/2016\/02\/photocall-marco-instagram-cartonlab.jpg\" \/>\n\t<meta property=\"og:image:width\" content=\"1750\" \/>\n\t<meta property=\"og:image:height\" content=\"1121\" \/>\n\t<meta property=\"og:image:type\" content=\"image\/jpeg\" \/>\n<meta name=\"twitter:card\" content=\"summary_large_image\" \/>\n<script type=\"application\/ld+json\" class=\"yoast-schema-graph\">{\"@context\":\"https:\/\/schema.org\",\"@graph\":[{\"@type\":\"WebPage\",\"@id\":\"https:\/\/test.dagic.es\/fr\/producto\/photocall-marco-instagram\/\",\"url\":\"https:\/\/test.dagic.es\/fr\/producto\/photocall-marco-instagram\/\",\"name\":\"Photocall marco Instagram personalizado para tu evento | Compra ya Online\",\"isPartOf\":{\"@id\":\"https:\/\/test.dagic.es\/fr\/#website\"},\"primaryImageOfPage\":{\"@id\":\"https:\/\/test.dagic.es\/fr\/producto\/photocall-marco-instagram\/#primaryimage\"},\"image\":{\"@id\":\"https:\/\/test.dagic.es\/fr\/producto\/photocall-marco-instagram\/#primaryimage\"},\"thumbnailUrl\":\"https:\/\/test.dagic.es\/fr\/wp-content\/uploads\/sites\/5\/2016\/02\/photocallinsta1.jpg\",\"datePublished\":\"2016-02-29T17:25:03+00:00\",\"dateModified\":\"2019-09-16T12:20:10+00:00\",\"description\":\"Photocall Marco Boda personalizado para tu evento, boda o celebraci\u00f3n. Incluye kit de letras de cart\u00f3n con tus iniciales. Dise\u00f1o original y divertido.\",\"breadcrumb\":{\"@id\":\"https:\/\/test.dagic.es\/fr\/producto\/photocall-marco-instagram\/#breadcrumb\"},\"inLanguage\":\"fr-FR\",\"potentialAction\":[{\"@type\":\"ReadAction\",\"target\":[\"https:\/\/test.dagic.es\/fr\/producto\/photocall-marco-instagram\/\"]}]},{\"@type\":\"ImageObject\",\"inLanguage\":\"fr-FR\",\"@id\":\"https:\/\/test.dagic.es\/fr\/producto\/photocall-marco-instagram\/#primaryimage\",\"url\":\"https:\/\/test.dagic.es\/fr\/wp-content\/uploads\/sites\/5\/2016\/02\/photocallinsta1.jpg\",\"contentUrl\":\"https:\/\/test.dagic.es\/fr\/wp-content\/uploads\/sites\/5\/2016\/02\/photocallinsta1.jpg\",\"width\":800,\"height\":800,\"caption\":\"photocall instagram frontal\"},{\"@type\":\"BreadcrumbList\",\"@id\":\"https:\/\/test.dagic.es\/fr\/producto\/photocall-marco-instagram\/#breadcrumb\",\"itemListElement\":[{\"@type\":\"ListItem\",\"position\":1,\"name\":\"Accueil\",\"item\":\"https:\/\/test.dagic.es\/fr\/\"},{\"@type\":\"ListItem\",\"position\":2,\"name\":\"Produits\",\"item\":\"https:\/\/test.dagic.es\/fr\/shop\/\"},{\"@type\":\"ListItem\",\"position\":3,\"name\":\"Photocall Marco Instagram | Personalizado para tu evento\"}]},{\"@type\":\"WebSite\",\"@id\":\"https:\/\/test.dagic.es\/fr\/#website\",\"url\":\"https:\/\/test.dagic.es\/fr\/\",\"name\":\"Cartonlab FR\",\"description\":\"Cartonlab | Projets internationaux pour \u00e9v\u00e9nements et stands\",\"publisher\":{\"@id\":\"https:\/\/test.dagic.es\/fr\/#organization\"},\"potentialAction\":[{\"@type\":\"SearchAction\",\"target\":{\"@type\":\"EntryPoint\",\"urlTemplate\":\"https:\/\/test.dagic.es\/fr\/?s={search_term_string}\"},\"query-input\":{\"@type\":\"PropertyValueSpecification\",\"valueRequired\":true,\"valueName\":\"search_term_string\"}}],\"inLanguage\":\"fr-FR\"},{\"@type\":\"Organization\",\"@id\":\"https:\/\/test.dagic.es\/fr\/#organization\",\"name\":\"Cartonlab FR\",\"url\":\"https:\/\/test.dagic.es\/fr\/\",\"logo\":{\"@type\":\"ImageObject\",\"inLanguage\":\"fr-FR\",\"@id\":\"https:\/\/test.dagic.es\/fr\/#\/schema\/logo\/image\/\",\"url\":\"https:\/\/test.dagic.es\/fr\/wp-content\/uploads\/sites\/5\/2023\/07\/logo.svg\",\"contentUrl\":\"https:\/\/test.dagic.es\/fr\/wp-content\/uploads\/sites\/5\/2023\/07\/logo.svg\",\"width\":163,\"height\":44,\"caption\":\"Cartonlab FR\"},\"image\":{\"@id\":\"https:\/\/test.dagic.es\/fr\/#\/schema\/logo\/image\/\"}}]}<\/script>\n<!-- \/ Yoast SEO plugin. -->","yoast_head_json":{"title":"Photocall marco Instagram personalizado para tu evento | Compra ya Online","description":"Photocall Marco Boda personalizado para tu evento, boda o celebraci\u00f3n. Incluye kit de letras de cart\u00f3n con tus iniciales. Dise\u00f1o original y divertido.","robots":{"index":"index","follow":"follow","max-snippet":"max-snippet:-1","max-image-preview":"max-image-preview:large","max-video-preview":"max-video-preview:-1"},"canonical":"https:\/\/test.dagic.es\/fr\/producto\/photocall-marco-instagram\/","og_locale":"fr_FR","og_type":"article","og_title":"Photocall marco Instagram personalizado para tu evento | Compra ya Online","og_description":"Photocall Marco Boda personalizado para tu evento, boda o celebraci\u00f3n. Incluye kit de letras de cart\u00f3n con tus iniciales. Dise\u00f1o original y divertido.","og_url":"https:\/\/test.dagic.es\/fr\/producto\/photocall-marco-instagram\/","og_site_name":"Cartonlab FR","article_modified_time":"2019-09-16T12:20:10+00:00","og_image":[{"width":1750,"height":1121,"url":"https:\/\/test.dagic.es\/fr\/wp-content\/uploads\/sites\/5\/2016\/02\/photocall-marco-instagram-cartonlab.jpg","type":"image\/jpeg"}],"twitter_card":"summary_large_image","schema":{"@context":"https:\/\/schema.org","@graph":[{"@type":"WebPage","@id":"https:\/\/test.dagic.es\/fr\/producto\/photocall-marco-instagram\/","url":"https:\/\/test.dagic.es\/fr\/producto\/photocall-marco-instagram\/","name":"Photocall marco Instagram personalizado para tu evento | Compra ya Online","isPartOf":{"@id":"https:\/\/test.dagic.es\/fr\/#website"},"primaryImageOfPage":{"@id":"https:\/\/test.dagic.es\/fr\/producto\/photocall-marco-instagram\/#primaryimage"},"image":{"@id":"https:\/\/test.dagic.es\/fr\/producto\/photocall-marco-instagram\/#primaryimage"},"thumbnailUrl":"https:\/\/test.dagic.es\/fr\/wp-content\/uploads\/sites\/5\/2016\/02\/photocallinsta1.jpg","datePublished":"2016-02-29T17:25:03+00:00","dateModified":"2019-09-16T12:20:10+00:00","description":"Photocall Marco Boda personalizado para tu evento, boda o celebraci\u00f3n. Incluye kit de letras de cart\u00f3n con tus iniciales. Dise\u00f1o original y divertido.","breadcrumb":{"@id":"https:\/\/test.dagic.es\/fr\/producto\/photocall-marco-instagram\/#breadcrumb"},"inLanguage":"fr-FR","potentialAction":[{"@type":"ReadAction","target":["https:\/\/test.dagic.es\/fr\/producto\/photocall-marco-instagram\/"]}]},{"@type":"ImageObject","inLanguage":"fr-FR","@id":"https:\/\/test.dagic.es\/fr\/producto\/photocall-marco-instagram\/#primaryimage","url":"https:\/\/test.dagic.es\/fr\/wp-content\/uploads\/sites\/5\/2016\/02\/photocallinsta1.jpg","contentUrl":"https:\/\/test.dagic.es\/fr\/wp-content\/uploads\/sites\/5\/2016\/02\/photocallinsta1.jpg","width":800,"height":800,"caption":"photocall instagram frontal"},{"@type":"BreadcrumbList","@id":"https:\/\/test.dagic.es\/fr\/producto\/photocall-marco-instagram\/#breadcrumb","itemListElement":[{"@type":"ListItem","position":1,"name":"Accueil","item":"https:\/\/test.dagic.es\/fr\/"},{"@type":"ListItem","position":2,"name":"Produits","item":"https:\/\/test.dagic.es\/fr\/shop\/"},{"@type":"ListItem","position":3,"name":"Photocall Marco Instagram | Personalizado para tu evento"}]},{"@type":"WebSite","@id":"https:\/\/test.dagic.es\/fr\/#website","url":"https:\/\/test.dagic.es\/fr\/","name":"Cartonlab FR","description":"Cartonlab | Projets internationaux pour \u00e9v\u00e9nements et stands","publisher":{"@id":"https:\/\/test.dagic.es\/fr\/#organization"},"potentialAction":[{"@type":"SearchAction","target":{"@type":"EntryPoint","urlTemplate":"https:\/\/test.dagic.es\/fr\/?s={search_term_string}"},"query-input":{"@type":"PropertyValueSpecification","valueRequired":true,"valueName":"search_term_string"}}],"inLanguage":"fr-FR"},{"@type":"Organization","@id":"https:\/\/test.dagic.es\/fr\/#organization","name":"Cartonlab FR","url":"https:\/\/test.dagic.es\/fr\/","logo":{"@type":"ImageObject","inLanguage":"fr-FR","@id":"https:\/\/test.dagic.es\/fr\/#\/schema\/logo\/image\/","url":"https:\/\/test.dagic.es\/fr\/wp-content\/uploads\/sites\/5\/2023\/07\/logo.svg","contentUrl":"https:\/\/test.dagic.es\/fr\/wp-content\/uploads\/sites\/5\/2023\/07\/logo.svg","width":163,"height":44,"caption":"Cartonlab FR"},"image":{"@id":"https:\/\/test.dagic.es\/fr\/#\/schema\/logo\/image\/"}}]}},"_links":{"self":[{"href":"https:\/\/test.dagic.es\/fr\/wp-json\/wp\/v2\/product\/7286","targetHints":{"allow":["GET"]}}],"collection":[{"href":"https:\/\/test.dagic.es\/fr\/wp-json\/wp\/v2\/product"}],"about":[{"href":"https:\/\/test.dagic.es\/fr\/wp-json\/wp\/v2\/types\/product"}],"replies":[{"embeddable":true,"href":"https:\/\/test.dagic.es\/fr\/wp-json\/wp\/v2\/comments?post=7286"}],"wp:featuredmedia":[{"embeddable":true,"href":"https:\/\/test.dagic.es\/fr\/wp-json\/wp\/v2\/media\/15966"}],"wp:attachment":[{"href":"https:\/\/test.dagic.es\/fr\/wp-json\/wp\/v2\/media?parent=7286"}],"wp:term":[{"taxonomy":"product_brand","embeddable":true,"href":"https:\/\/test.dagic.es\/fr\/wp-json\/wp\/v2\/product_brand?post=7286"},{"taxonomy":"product_cat","embeddable":true,"href":"https:\/\/test.dagic.es\/fr\/wp-json\/wp\/v2\/product_cat?post=7286"},{"taxonomy":"product_tag","embeddable":true,"href":"https:\/\/test.dagic.es\/fr\/wp-json\/wp\/v2\/product_tag?post=7286"}],"curies":[{"name":"wp","href":"https:\/\/api.w.org\/{rel}","templated":true}]}}