{"id":7072,"date":"2016-01-26T17:59:01","date_gmt":"2016-01-26T16:59:01","guid":{"rendered":"http:\/\/cartonlab.holamundo.me\/?post_type=product&#038;p=7072"},"modified":"2020-05-08T12:05:53","modified_gmt":"2020-05-08T11:05:53","slug":"perchas-de-carton","status":"publish","type":"product","link":"https:\/\/test.dagic.es\/fr\/producto\/perchas-de-carton\/","title":{"rendered":"Perchas de cart\u00f3n ecol\u00f3gicas y resistentes"},"excerpt":{"rendered":"<p><span style=\"color: #000000\"><strong>Perchas de cart\u00f3n<\/strong> r<\/span>esistentes y ecol\u00f3gicas. Dise\u00f1adas por nosotros y fabricadas en Espa\u00f1a con materiales certificados (cart\u00f3n compacto gris 3mm proveniente de papel reciclado). Ideales para firmas de moda sostenible, slow-fashion, pop up stores, casas rurales, hoteles y \u00a0servicios de lavander\u00eda.\u00a0 Ocupan menos espacio que las perchas convencionales y la ropa no resbala. Puedes incluir en ellas tu<strong> logotipo<\/strong> y hacer que funcionen como\u00a0tu mejor tarjeta de visita.\u00a0 Disponibles en packs de 100 y \u00a0300 unidades.<\/p>\n<p><strong>Precios:<\/strong><\/p>\n<ul>\n<li>Pack <strong>100<\/strong> unidades <strong>b\u00e1sico<\/strong>: 80\u20ac (IVA incluido).<\/li>\n<li>Pack <strong>300<\/strong> unidades <strong>b\u00e1sic<\/strong>o: 195\u20ac (IVA incluido).<\/li>\n<li>Pack <strong>300<\/strong> unidades <strong>personalizadas<\/strong>: 363\u20ac (IVA incluido).<\/li>\n<\/ul>\n<p>&nbsp;<\/p>\n","protected":false},"featured_media":12385,"comment_status":"open","ping_status":"closed","template":"","meta":{"_acf_changed":false,"inline_featured_image":false},"product_brand":[],"product_cat":[3024,3023,3035],"product_tag":[],"class_list":{"0":"post-7072","1":"product","2":"type-product","3":"status-publish","4":"has-post-thumbnail","6":"product_cat-presentoirs-designs-speciaux","7":"product_cat-presentoirs-pour-produits","8":"product_cat-produits-pour-evenements-durables","9":"product_shipping_class-producto-grande","11":"first","12":"instock","13":"taxable","14":"shipping-taxable","15":"product-type-variable"},"acf":[],"yoast_head":"<!-- This site is optimized with the Yoast SEO plugin v27.2 - https:\/\/yoast.com\/product\/yoast-seo-wordpress\/ -->\n<title>Comprar Perchas de cart\u00f3n Ecol\u00f3gicas y resistentes de dise\u00f1o personalizado<\/title>\n<meta name=\"description\" content=\"Perchas de cart\u00f3n. Moda ecol\u00f3gica, hoteles, lavander\u00edas, slow fashion. Compra online Packs de 100 y 300 unidades. Personalizadas con tu logotipo.\" \/>\n<meta name=\"robots\" content=\"index, follow, max-snippet:-1, max-image-preview:large, max-video-preview:-1\" \/>\n<link rel=\"canonical\" href=\"https:\/\/test.dagic.es\/fr\/producto\/perchas-de-carton\/\" \/>\n<meta property=\"og:locale\" content=\"fr_FR\" \/>\n<meta property=\"og:type\" content=\"article\" \/>\n<meta property=\"og:title\" content=\"Comprar Perchas de cart\u00f3n Ecol\u00f3gicas y resistentes de dise\u00f1o personalizado\" \/>\n<meta property=\"og:description\" content=\"Perchas de cart\u00f3n. Moda ecol\u00f3gica, hoteles, lavander\u00edas, slow fashion. Compra online Packs de 100 y 300 unidades. Personalizadas con tu logotipo.\" \/>\n<meta property=\"og:url\" content=\"https:\/\/test.dagic.es\/fr\/producto\/perchas-de-carton\/\" \/>\n<meta property=\"og:site_name\" content=\"Cartonlab FR\" \/>\n<meta property=\"article:modified_time\" content=\"2020-05-08T11:05:53+00:00\" \/>\n<meta property=\"og:image\" content=\"https:\/\/test.dagic.es\/fr\/wp-content\/uploads\/sites\/5\/2016\/01\/percha-carton-ecologica-cartonlab-cardboard-hanger-baja-1.jpg\" \/>\n\t<meta property=\"og:image:width\" content=\"960\" \/>\n\t<meta property=\"og:image:height\" content=\"960\" \/>\n\t<meta property=\"og:image:type\" content=\"image\/jpeg\" \/>\n<meta name=\"twitter:card\" content=\"summary_large_image\" \/>\n<script type=\"application\/ld+json\" class=\"yoast-schema-graph\">{\"@context\":\"https:\/\/schema.org\",\"@graph\":[{\"@type\":\"WebPage\",\"@id\":\"https:\/\/test.dagic.es\/fr\/producto\/perchas-de-carton\/\",\"url\":\"https:\/\/test.dagic.es\/fr\/producto\/perchas-de-carton\/\",\"name\":\"Comprar Perchas de cart\u00f3n Ecol\u00f3gicas y resistentes de dise\u00f1o personalizado\",\"isPartOf\":{\"@id\":\"https:\/\/test.dagic.es\/fr\/#website\"},\"primaryImageOfPage\":{\"@id\":\"https:\/\/test.dagic.es\/fr\/producto\/perchas-de-carton\/#primaryimage\"},\"image\":{\"@id\":\"https:\/\/test.dagic.es\/fr\/producto\/perchas-de-carton\/#primaryimage\"},\"thumbnailUrl\":\"https:\/\/test.dagic.es\/fr\/wp-content\/uploads\/sites\/5\/2016\/01\/percha-carton-ecologica-cartonlab-cardboard-hanger-baja-1.jpg\",\"datePublished\":\"2016-01-26T16:59:01+00:00\",\"dateModified\":\"2020-05-08T11:05:53+00:00\",\"description\":\"Perchas de cart\u00f3n. Moda ecol\u00f3gica, hoteles, lavander\u00edas, slow fashion. Compra online Packs de 100 y 300 unidades. Personalizadas con tu logotipo.\",\"breadcrumb\":{\"@id\":\"https:\/\/test.dagic.es\/fr\/producto\/perchas-de-carton\/#breadcrumb\"},\"inLanguage\":\"fr-FR\",\"potentialAction\":[{\"@type\":\"ReadAction\",\"target\":[\"https:\/\/test.dagic.es\/fr\/producto\/perchas-de-carton\/\"]}]},{\"@type\":\"ImageObject\",\"inLanguage\":\"fr-FR\",\"@id\":\"https:\/\/test.dagic.es\/fr\/producto\/perchas-de-carton\/#primaryimage\",\"url\":\"https:\/\/test.dagic.es\/fr\/wp-content\/uploads\/sites\/5\/2016\/01\/percha-carton-ecologica-cartonlab-cardboard-hanger-baja-1.jpg\",\"contentUrl\":\"https:\/\/test.dagic.es\/fr\/wp-content\/uploads\/sites\/5\/2016\/01\/percha-carton-ecologica-cartonlab-cardboard-hanger-baja-1.jpg\",\"width\":960,\"height\":960},{\"@type\":\"BreadcrumbList\",\"@id\":\"https:\/\/test.dagic.es\/fr\/producto\/perchas-de-carton\/#breadcrumb\",\"itemListElement\":[{\"@type\":\"ListItem\",\"position\":1,\"name\":\"Accueil\",\"item\":\"https:\/\/test.dagic.es\/fr\/\"},{\"@type\":\"ListItem\",\"position\":2,\"name\":\"Produits\",\"item\":\"https:\/\/test.dagic.es\/fr\/shop\/\"},{\"@type\":\"ListItem\",\"position\":3,\"name\":\"Perchas de cart\u00f3n ecol\u00f3gicas y resistentes\"}]},{\"@type\":\"WebSite\",\"@id\":\"https:\/\/test.dagic.es\/fr\/#website\",\"url\":\"https:\/\/test.dagic.es\/fr\/\",\"name\":\"Cartonlab FR\",\"description\":\"Cartonlab | Projets internationaux pour \u00e9v\u00e9nements et stands\",\"publisher\":{\"@id\":\"https:\/\/test.dagic.es\/fr\/#organization\"},\"potentialAction\":[{\"@type\":\"SearchAction\",\"target\":{\"@type\":\"EntryPoint\",\"urlTemplate\":\"https:\/\/test.dagic.es\/fr\/?s={search_term_string}\"},\"query-input\":{\"@type\":\"PropertyValueSpecification\",\"valueRequired\":true,\"valueName\":\"search_term_string\"}}],\"inLanguage\":\"fr-FR\"},{\"@type\":\"Organization\",\"@id\":\"https:\/\/test.dagic.es\/fr\/#organization\",\"name\":\"Cartonlab FR\",\"url\":\"https:\/\/test.dagic.es\/fr\/\",\"logo\":{\"@type\":\"ImageObject\",\"inLanguage\":\"fr-FR\",\"@id\":\"https:\/\/test.dagic.es\/fr\/#\/schema\/logo\/image\/\",\"url\":\"https:\/\/test.dagic.es\/fr\/wp-content\/uploads\/sites\/5\/2023\/07\/logo.svg\",\"contentUrl\":\"https:\/\/test.dagic.es\/fr\/wp-content\/uploads\/sites\/5\/2023\/07\/logo.svg\",\"width\":163,\"height\":44,\"caption\":\"Cartonlab FR\"},\"image\":{\"@id\":\"https:\/\/test.dagic.es\/fr\/#\/schema\/logo\/image\/\"}}]}<\/script>\n<!-- \/ Yoast SEO plugin. -->","yoast_head_json":{"title":"Comprar Perchas de cart\u00f3n Ecol\u00f3gicas y resistentes de dise\u00f1o personalizado","description":"Perchas de cart\u00f3n. Moda ecol\u00f3gica, hoteles, lavander\u00edas, slow fashion. Compra online Packs de 100 y 300 unidades. Personalizadas con tu logotipo.","robots":{"index":"index","follow":"follow","max-snippet":"max-snippet:-1","max-image-preview":"max-image-preview:large","max-video-preview":"max-video-preview:-1"},"canonical":"https:\/\/test.dagic.es\/fr\/producto\/perchas-de-carton\/","og_locale":"fr_FR","og_type":"article","og_title":"Comprar Perchas de cart\u00f3n Ecol\u00f3gicas y resistentes de dise\u00f1o personalizado","og_description":"Perchas de cart\u00f3n. Moda ecol\u00f3gica, hoteles, lavander\u00edas, slow fashion. Compra online Packs de 100 y 300 unidades. Personalizadas con tu logotipo.","og_url":"https:\/\/test.dagic.es\/fr\/producto\/perchas-de-carton\/","og_site_name":"Cartonlab FR","article_modified_time":"2020-05-08T11:05:53+00:00","og_image":[{"width":960,"height":960,"url":"https:\/\/test.dagic.es\/fr\/wp-content\/uploads\/sites\/5\/2016\/01\/percha-carton-ecologica-cartonlab-cardboard-hanger-baja-1.jpg","type":"image\/jpeg"}],"twitter_card":"summary_large_image","schema":{"@context":"https:\/\/schema.org","@graph":[{"@type":"WebPage","@id":"https:\/\/test.dagic.es\/fr\/producto\/perchas-de-carton\/","url":"https:\/\/test.dagic.es\/fr\/producto\/perchas-de-carton\/","name":"Comprar Perchas de cart\u00f3n Ecol\u00f3gicas y resistentes de dise\u00f1o personalizado","isPartOf":{"@id":"https:\/\/test.dagic.es\/fr\/#website"},"primaryImageOfPage":{"@id":"https:\/\/test.dagic.es\/fr\/producto\/perchas-de-carton\/#primaryimage"},"image":{"@id":"https:\/\/test.dagic.es\/fr\/producto\/perchas-de-carton\/#primaryimage"},"thumbnailUrl":"https:\/\/test.dagic.es\/fr\/wp-content\/uploads\/sites\/5\/2016\/01\/percha-carton-ecologica-cartonlab-cardboard-hanger-baja-1.jpg","datePublished":"2016-01-26T16:59:01+00:00","dateModified":"2020-05-08T11:05:53+00:00","description":"Perchas de cart\u00f3n. Moda ecol\u00f3gica, hoteles, lavander\u00edas, slow fashion. Compra online Packs de 100 y 300 unidades. Personalizadas con tu logotipo.","breadcrumb":{"@id":"https:\/\/test.dagic.es\/fr\/producto\/perchas-de-carton\/#breadcrumb"},"inLanguage":"fr-FR","potentialAction":[{"@type":"ReadAction","target":["https:\/\/test.dagic.es\/fr\/producto\/perchas-de-carton\/"]}]},{"@type":"ImageObject","inLanguage":"fr-FR","@id":"https:\/\/test.dagic.es\/fr\/producto\/perchas-de-carton\/#primaryimage","url":"https:\/\/test.dagic.es\/fr\/wp-content\/uploads\/sites\/5\/2016\/01\/percha-carton-ecologica-cartonlab-cardboard-hanger-baja-1.jpg","contentUrl":"https:\/\/test.dagic.es\/fr\/wp-content\/uploads\/sites\/5\/2016\/01\/percha-carton-ecologica-cartonlab-cardboard-hanger-baja-1.jpg","width":960,"height":960},{"@type":"BreadcrumbList","@id":"https:\/\/test.dagic.es\/fr\/producto\/perchas-de-carton\/#breadcrumb","itemListElement":[{"@type":"ListItem","position":1,"name":"Accueil","item":"https:\/\/test.dagic.es\/fr\/"},{"@type":"ListItem","position":2,"name":"Produits","item":"https:\/\/test.dagic.es\/fr\/shop\/"},{"@type":"ListItem","position":3,"name":"Perchas de cart\u00f3n ecol\u00f3gicas y resistentes"}]},{"@type":"WebSite","@id":"https:\/\/test.dagic.es\/fr\/#website","url":"https:\/\/test.dagic.es\/fr\/","name":"Cartonlab FR","description":"Cartonlab | Projets internationaux pour \u00e9v\u00e9nements et stands","publisher":{"@id":"https:\/\/test.dagic.es\/fr\/#organization"},"potentialAction":[{"@type":"SearchAction","target":{"@type":"EntryPoint","urlTemplate":"https:\/\/test.dagic.es\/fr\/?s={search_term_string}"},"query-input":{"@type":"PropertyValueSpecification","valueRequired":true,"valueName":"search_term_string"}}],"inLanguage":"fr-FR"},{"@type":"Organization","@id":"https:\/\/test.dagic.es\/fr\/#organization","name":"Cartonlab FR","url":"https:\/\/test.dagic.es\/fr\/","logo":{"@type":"ImageObject","inLanguage":"fr-FR","@id":"https:\/\/test.dagic.es\/fr\/#\/schema\/logo\/image\/","url":"https:\/\/test.dagic.es\/fr\/wp-content\/uploads\/sites\/5\/2023\/07\/logo.svg","contentUrl":"https:\/\/test.dagic.es\/fr\/wp-content\/uploads\/sites\/5\/2023\/07\/logo.svg","width":163,"height":44,"caption":"Cartonlab FR"},"image":{"@id":"https:\/\/test.dagic.es\/fr\/#\/schema\/logo\/image\/"}}]}},"_links":{"self":[{"href":"https:\/\/test.dagic.es\/fr\/wp-json\/wp\/v2\/product\/7072","targetHints":{"allow":["GET"]}}],"collection":[{"href":"https:\/\/test.dagic.es\/fr\/wp-json\/wp\/v2\/product"}],"about":[{"href":"https:\/\/test.dagic.es\/fr\/wp-json\/wp\/v2\/types\/product"}],"replies":[{"embeddable":true,"href":"https:\/\/test.dagic.es\/fr\/wp-json\/wp\/v2\/comments?post=7072"}],"wp:featuredmedia":[{"embeddable":true,"href":"https:\/\/test.dagic.es\/fr\/wp-json\/wp\/v2\/media\/12385"}],"wp:attachment":[{"href":"https:\/\/test.dagic.es\/fr\/wp-json\/wp\/v2\/media?parent=7072"}],"wp:term":[{"taxonomy":"product_brand","embeddable":true,"href":"https:\/\/test.dagic.es\/fr\/wp-json\/wp\/v2\/product_brand?post=7072"},{"taxonomy":"product_cat","embeddable":true,"href":"https:\/\/test.dagic.es\/fr\/wp-json\/wp\/v2\/product_cat?post=7072"},{"taxonomy":"product_tag","embeddable":true,"href":"https:\/\/test.dagic.es\/fr\/wp-json\/wp\/v2\/product_tag?post=7072"}],"curies":[{"name":"wp","href":"https:\/\/api.w.org\/{rel}","templated":true}]}}