{"id":6757,"date":"2015-11-16T17:45:14","date_gmt":"2015-11-16T16:45:14","guid":{"rendered":"http:\/\/cartonlab.holamundo.me\/producto\/arbol-de-carton-klaus-2\/"},"modified":"2020-11-17T12:01:28","modified_gmt":"2020-11-17T11:01:28","slug":"arbol-de-navidad-carton-klaus-2-2-2","status":"publish","type":"product","link":"https:\/\/test.dagic.es\/fr\/producto\/arbol-de-navidad-carton-klaus-2-2-2\/","title":{"rendered":"KLAUS | \u00c1rbol de Navidad de cart\u00f3n 95cm y 175cm"},"excerpt":{"rendered":"<p><strong>\u00c1rbol de navidad de cart\u00f3n modelo KLAUS.\u00a0 <\/strong>Dos tama\u00f1os disponibles 95cm y 175cm de altura.\u00a0 Ideales para decoraci\u00f3n en el hogar, empresa o comercios. Puedes personalizarlos a tu gusto con iluminaci\u00f3n LED, pinturas, etc. Muy f\u00e1cil de montar, compuesto por 4 siluetas que se encajan entre s\u00ed. Comparte la experiencia con los m\u00e1s peque\u00f1os de la casa mientras esperan sus regalos. \u00a0Este producto se entrega desmontado en un paquete plano.<\/p>\n<p><span style=\"color: #000000\"><b>Ver v\u00eddeo: <a style=\"color: #000000\" href=\"https:\/\/www.youtube.com\/watch?v=gALqHBTfgMg\" target=\"_blank\" rel=\"noopener noreferrer\">\u00c1rbol\u00a0de navidad Klaus de Cart\u00f3n.<\/a><\/b><\/span><\/p>\n<p>Consulta este art\u00edculo en nuestro blog sobre <strong><a href=\"\/blog\/arbol-de-navidad-de-carton\/\" target=\"_blank\" rel=\"noopener noreferrer\">\u00e1rboles de navidad de cart\u00f3n.<\/a><\/strong><\/p>\n<p>&nbsp;<\/p>\n","protected":false},"featured_media":12902,"comment_status":"open","ping_status":"closed","template":"","meta":{"_acf_changed":false,"inline_featured_image":false},"product_brand":[],"product_cat":[3095,3038,3041,3043,3023,3028],"product_tag":[],"class_list":{"0":"post-6757","1":"product","2":"type-product","3":"status-publish","4":"has-post-thumbnail","6":"product_cat-arbres-en-carton","7":"product_cat-arbres-en-carton-de-decoration","8":"product_cat-decor","9":"product_cat-decorations-de-noel","10":"product_cat-presentoirs-pour-produits","11":"product_cat-presentoirs-vitrines","12":"product_shipping_class-producto-mediano-en-2","14":"first","15":"instock","16":"taxable","17":"shipping-taxable","18":"product-type-variable","19":"has-default-attributes"},"acf":[],"yoast_head":"<!-- This site is optimized with the Yoast SEO plugin v27.2 - https:\/\/yoast.com\/product\/yoast-seo-wordpress\/ -->\n<title>KLAUS | \u00c1rbol de navidad de cart\u00f3n | Original y Ecol\u00f3gico | Compra online<\/title>\n<meta name=\"description\" content=\"\u00c1rbol de navidad de cart\u00f3n. Decoraci\u00f3n navide\u00f1a sostenible para el hogar, comercios y empresas. Dise\u00f1o exclusivo a la venta en test.dagic.es\" \/>\n<meta name=\"robots\" content=\"index, follow, max-snippet:-1, max-image-preview:large, max-video-preview:-1\" \/>\n<link rel=\"canonical\" href=\"https:\/\/test.dagic.es\/fr\/producto\/arbol-de-navidad-carton-klaus-2-2-2\/\" \/>\n<meta property=\"og:locale\" content=\"fr_FR\" \/>\n<meta property=\"og:type\" content=\"article\" \/>\n<meta property=\"og:title\" content=\"KLAUS | \u00c1rbol de navidad de cart\u00f3n | Original y Ecol\u00f3gico | Compra online\" \/>\n<meta property=\"og:description\" content=\"\u00c1rbol de navidad de cart\u00f3n. Decoraci\u00f3n navide\u00f1a sostenible para el hogar, comercios y empresas. Dise\u00f1o exclusivo a la venta en test.dagic.es\" \/>\n<meta property=\"og:url\" content=\"https:\/\/test.dagic.es\/fr\/producto\/arbol-de-navidad-carton-klaus-2-2-2\/\" \/>\n<meta property=\"og:site_name\" content=\"Cartonlab FR\" \/>\n<meta property=\"article:modified_time\" content=\"2020-11-17T11:01:28+00:00\" \/>\n<meta property=\"og:image\" content=\"https:\/\/test.dagic.es\/fr\/wp-content\/uploads\/sites\/5\/2015\/11\/arbol-navidad-cartonlab.jpg\" \/>\n\t<meta property=\"og:image:width\" content=\"850\" \/>\n\t<meta property=\"og:image:height\" content=\"448\" \/>\n\t<meta property=\"og:image:type\" content=\"image\/jpeg\" \/>\n<meta name=\"twitter:card\" content=\"summary_large_image\" \/>\n<script type=\"application\/ld+json\" class=\"yoast-schema-graph\">{\"@context\":\"https:\/\/schema.org\",\"@graph\":[{\"@type\":\"WebPage\",\"@id\":\"https:\/\/test.dagic.es\/fr\/producto\/arbol-de-navidad-carton-klaus-2-2-2\/\",\"url\":\"https:\/\/test.dagic.es\/fr\/producto\/arbol-de-navidad-carton-klaus-2-2-2\/\",\"name\":\"KLAUS | \u00c1rbol de navidad de cart\u00f3n | Original y Ecol\u00f3gico | Compra online\",\"isPartOf\":{\"@id\":\"https:\/\/test.dagic.es\/fr\/#website\"},\"primaryImageOfPage\":{\"@id\":\"https:\/\/test.dagic.es\/fr\/producto\/arbol-de-navidad-carton-klaus-2-2-2\/#primaryimage\"},\"image\":{\"@id\":\"https:\/\/test.dagic.es\/fr\/producto\/arbol-de-navidad-carton-klaus-2-2-2\/#primaryimage\"},\"thumbnailUrl\":\"https:\/\/test.dagic.es\/fr\/wp-content\/uploads\/sites\/5\/2015\/11\/arbol-navidad-de-carton-Klaus-cartonlab.jpg\",\"datePublished\":\"2015-11-16T16:45:14+00:00\",\"dateModified\":\"2020-11-17T11:01:28+00:00\",\"description\":\"\u00c1rbol de navidad de cart\u00f3n. Decoraci\u00f3n navide\u00f1a sostenible para el hogar, comercios y empresas. Dise\u00f1o exclusivo a la venta en test.dagic.es\",\"breadcrumb\":{\"@id\":\"https:\/\/test.dagic.es\/fr\/producto\/arbol-de-navidad-carton-klaus-2-2-2\/#breadcrumb\"},\"inLanguage\":\"fr-FR\",\"potentialAction\":[{\"@type\":\"ReadAction\",\"target\":[\"https:\/\/test.dagic.es\/fr\/producto\/arbol-de-navidad-carton-klaus-2-2-2\/\"]}]},{\"@type\":\"ImageObject\",\"inLanguage\":\"fr-FR\",\"@id\":\"https:\/\/test.dagic.es\/fr\/producto\/arbol-de-navidad-carton-klaus-2-2-2\/#primaryimage\",\"url\":\"https:\/\/test.dagic.es\/fr\/wp-content\/uploads\/sites\/5\/2015\/11\/arbol-navidad-de-carton-Klaus-cartonlab.jpg\",\"contentUrl\":\"https:\/\/test.dagic.es\/fr\/wp-content\/uploads\/sites\/5\/2015\/11\/arbol-navidad-de-carton-Klaus-cartonlab.jpg\",\"width\":800,\"height\":800},{\"@type\":\"BreadcrumbList\",\"@id\":\"https:\/\/test.dagic.es\/fr\/producto\/arbol-de-navidad-carton-klaus-2-2-2\/#breadcrumb\",\"itemListElement\":[{\"@type\":\"ListItem\",\"position\":1,\"name\":\"Accueil\",\"item\":\"https:\/\/test.dagic.es\/fr\/\"},{\"@type\":\"ListItem\",\"position\":2,\"name\":\"Produits\",\"item\":\"https:\/\/test.dagic.es\/fr\/shop\/\"},{\"@type\":\"ListItem\",\"position\":3,\"name\":\"KLAUS | \u00c1rbol de Navidad de cart\u00f3n 95cm y 175cm\"}]},{\"@type\":\"WebSite\",\"@id\":\"https:\/\/test.dagic.es\/fr\/#website\",\"url\":\"https:\/\/test.dagic.es\/fr\/\",\"name\":\"Cartonlab FR\",\"description\":\"Cartonlab | Projets internationaux pour \u00e9v\u00e9nements et stands\",\"publisher\":{\"@id\":\"https:\/\/test.dagic.es\/fr\/#organization\"},\"potentialAction\":[{\"@type\":\"SearchAction\",\"target\":{\"@type\":\"EntryPoint\",\"urlTemplate\":\"https:\/\/test.dagic.es\/fr\/?s={search_term_string}\"},\"query-input\":{\"@type\":\"PropertyValueSpecification\",\"valueRequired\":true,\"valueName\":\"search_term_string\"}}],\"inLanguage\":\"fr-FR\"},{\"@type\":\"Organization\",\"@id\":\"https:\/\/test.dagic.es\/fr\/#organization\",\"name\":\"Cartonlab FR\",\"url\":\"https:\/\/test.dagic.es\/fr\/\",\"logo\":{\"@type\":\"ImageObject\",\"inLanguage\":\"fr-FR\",\"@id\":\"https:\/\/test.dagic.es\/fr\/#\/schema\/logo\/image\/\",\"url\":\"https:\/\/test.dagic.es\/fr\/wp-content\/uploads\/sites\/5\/2023\/07\/logo.svg\",\"contentUrl\":\"https:\/\/test.dagic.es\/fr\/wp-content\/uploads\/sites\/5\/2023\/07\/logo.svg\",\"width\":163,\"height\":44,\"caption\":\"Cartonlab FR\"},\"image\":{\"@id\":\"https:\/\/test.dagic.es\/fr\/#\/schema\/logo\/image\/\"}}]}<\/script>\n<!-- \/ Yoast SEO plugin. -->","yoast_head_json":{"title":"KLAUS | \u00c1rbol de navidad de cart\u00f3n | Original y Ecol\u00f3gico | Compra online","description":"\u00c1rbol de navidad de cart\u00f3n. Decoraci\u00f3n navide\u00f1a sostenible para el hogar, comercios y empresas. Dise\u00f1o exclusivo a la venta en test.dagic.es","robots":{"index":"index","follow":"follow","max-snippet":"max-snippet:-1","max-image-preview":"max-image-preview:large","max-video-preview":"max-video-preview:-1"},"canonical":"https:\/\/test.dagic.es\/fr\/producto\/arbol-de-navidad-carton-klaus-2-2-2\/","og_locale":"fr_FR","og_type":"article","og_title":"KLAUS | \u00c1rbol de navidad de cart\u00f3n | Original y Ecol\u00f3gico | Compra online","og_description":"\u00c1rbol de navidad de cart\u00f3n. Decoraci\u00f3n navide\u00f1a sostenible para el hogar, comercios y empresas. Dise\u00f1o exclusivo a la venta en test.dagic.es","og_url":"https:\/\/test.dagic.es\/fr\/producto\/arbol-de-navidad-carton-klaus-2-2-2\/","og_site_name":"Cartonlab FR","article_modified_time":"2020-11-17T11:01:28+00:00","og_image":[{"width":850,"height":448,"url":"https:\/\/test.dagic.es\/fr\/wp-content\/uploads\/sites\/5\/2015\/11\/arbol-navidad-cartonlab.jpg","type":"image\/jpeg"}],"twitter_card":"summary_large_image","schema":{"@context":"https:\/\/schema.org","@graph":[{"@type":"WebPage","@id":"https:\/\/test.dagic.es\/fr\/producto\/arbol-de-navidad-carton-klaus-2-2-2\/","url":"https:\/\/test.dagic.es\/fr\/producto\/arbol-de-navidad-carton-klaus-2-2-2\/","name":"KLAUS | \u00c1rbol de navidad de cart\u00f3n | Original y Ecol\u00f3gico | Compra online","isPartOf":{"@id":"https:\/\/test.dagic.es\/fr\/#website"},"primaryImageOfPage":{"@id":"https:\/\/test.dagic.es\/fr\/producto\/arbol-de-navidad-carton-klaus-2-2-2\/#primaryimage"},"image":{"@id":"https:\/\/test.dagic.es\/fr\/producto\/arbol-de-navidad-carton-klaus-2-2-2\/#primaryimage"},"thumbnailUrl":"https:\/\/test.dagic.es\/fr\/wp-content\/uploads\/sites\/5\/2015\/11\/arbol-navidad-de-carton-Klaus-cartonlab.jpg","datePublished":"2015-11-16T16:45:14+00:00","dateModified":"2020-11-17T11:01:28+00:00","description":"\u00c1rbol de navidad de cart\u00f3n. Decoraci\u00f3n navide\u00f1a sostenible para el hogar, comercios y empresas. Dise\u00f1o exclusivo a la venta en test.dagic.es","breadcrumb":{"@id":"https:\/\/test.dagic.es\/fr\/producto\/arbol-de-navidad-carton-klaus-2-2-2\/#breadcrumb"},"inLanguage":"fr-FR","potentialAction":[{"@type":"ReadAction","target":["https:\/\/test.dagic.es\/fr\/producto\/arbol-de-navidad-carton-klaus-2-2-2\/"]}]},{"@type":"ImageObject","inLanguage":"fr-FR","@id":"https:\/\/test.dagic.es\/fr\/producto\/arbol-de-navidad-carton-klaus-2-2-2\/#primaryimage","url":"https:\/\/test.dagic.es\/fr\/wp-content\/uploads\/sites\/5\/2015\/11\/arbol-navidad-de-carton-Klaus-cartonlab.jpg","contentUrl":"https:\/\/test.dagic.es\/fr\/wp-content\/uploads\/sites\/5\/2015\/11\/arbol-navidad-de-carton-Klaus-cartonlab.jpg","width":800,"height":800},{"@type":"BreadcrumbList","@id":"https:\/\/test.dagic.es\/fr\/producto\/arbol-de-navidad-carton-klaus-2-2-2\/#breadcrumb","itemListElement":[{"@type":"ListItem","position":1,"name":"Accueil","item":"https:\/\/test.dagic.es\/fr\/"},{"@type":"ListItem","position":2,"name":"Produits","item":"https:\/\/test.dagic.es\/fr\/shop\/"},{"@type":"ListItem","position":3,"name":"KLAUS | \u00c1rbol de Navidad de cart\u00f3n 95cm y 175cm"}]},{"@type":"WebSite","@id":"https:\/\/test.dagic.es\/fr\/#website","url":"https:\/\/test.dagic.es\/fr\/","name":"Cartonlab FR","description":"Cartonlab | Projets internationaux pour \u00e9v\u00e9nements et stands","publisher":{"@id":"https:\/\/test.dagic.es\/fr\/#organization"},"potentialAction":[{"@type":"SearchAction","target":{"@type":"EntryPoint","urlTemplate":"https:\/\/test.dagic.es\/fr\/?s={search_term_string}"},"query-input":{"@type":"PropertyValueSpecification","valueRequired":true,"valueName":"search_term_string"}}],"inLanguage":"fr-FR"},{"@type":"Organization","@id":"https:\/\/test.dagic.es\/fr\/#organization","name":"Cartonlab FR","url":"https:\/\/test.dagic.es\/fr\/","logo":{"@type":"ImageObject","inLanguage":"fr-FR","@id":"https:\/\/test.dagic.es\/fr\/#\/schema\/logo\/image\/","url":"https:\/\/test.dagic.es\/fr\/wp-content\/uploads\/sites\/5\/2023\/07\/logo.svg","contentUrl":"https:\/\/test.dagic.es\/fr\/wp-content\/uploads\/sites\/5\/2023\/07\/logo.svg","width":163,"height":44,"caption":"Cartonlab FR"},"image":{"@id":"https:\/\/test.dagic.es\/fr\/#\/schema\/logo\/image\/"}}]}},"_links":{"self":[{"href":"https:\/\/test.dagic.es\/fr\/wp-json\/wp\/v2\/product\/6757","targetHints":{"allow":["GET"]}}],"collection":[{"href":"https:\/\/test.dagic.es\/fr\/wp-json\/wp\/v2\/product"}],"about":[{"href":"https:\/\/test.dagic.es\/fr\/wp-json\/wp\/v2\/types\/product"}],"replies":[{"embeddable":true,"href":"https:\/\/test.dagic.es\/fr\/wp-json\/wp\/v2\/comments?post=6757"}],"wp:featuredmedia":[{"embeddable":true,"href":"https:\/\/test.dagic.es\/fr\/wp-json\/wp\/v2\/media\/12902"}],"wp:attachment":[{"href":"https:\/\/test.dagic.es\/fr\/wp-json\/wp\/v2\/media?parent=6757"}],"wp:term":[{"taxonomy":"product_brand","embeddable":true,"href":"https:\/\/test.dagic.es\/fr\/wp-json\/wp\/v2\/product_brand?post=6757"},{"taxonomy":"product_cat","embeddable":true,"href":"https:\/\/test.dagic.es\/fr\/wp-json\/wp\/v2\/product_cat?post=6757"},{"taxonomy":"product_tag","embeddable":true,"href":"https:\/\/test.dagic.es\/fr\/wp-json\/wp\/v2\/product_tag?post=6757"}],"curies":[{"name":"wp","href":"https:\/\/api.w.org\/{rel}","templated":true}]}}