{"id":6667,"date":"2015-11-16T18:34:16","date_gmt":"2015-11-16T17:34:16","guid":{"rendered":"http:\/\/cartonlab.holamundo.me\/?post_type=product&#038;p=6667"},"modified":"2020-11-17T12:01:05","modified_gmt":"2020-11-17T11:01:05","slug":"pack-arbolito-y-reno","status":"publish","type":"product","link":"https:\/\/test.dagic.es\/fr\/producto\/pack-arbolito-y-reno\/","title":{"rendered":"Arbolito de navidad peque\u00f1o | Regalos navide\u00f1os ecol\u00f3gicos | Pack de 10 uds."},"excerpt":{"rendered":"<p><strong>Pack de 10 unidades<\/strong>. Un original <strong>\u00e1rbolito de navidad<\/strong><strong>.\u00a0<\/strong>Una navidad diferente y ecol\u00f3gica con este regalo ideal para decoraci\u00f3n, talleres infantiles, marketing corporativo, regalos de empresa, etc. Se entrega en un paquete plano.\u00a0 Tambi\u00e9n pueden personalizarse con pinturas, rotuladores, etc. Cons\u00faltanos precio para pedidos personalizados con colores, gr\u00e1fica, etc.<\/p>\n<p>&nbsp;<\/p>\n<p>&nbsp;<\/p>\n<p>&nbsp;<\/p>\n<p>&nbsp;<\/p>\n","protected":false},"featured_media":16868,"comment_status":"open","ping_status":"closed","template":"","meta":{"_acf_changed":false,"inline_featured_image":false},"product_brand":[],"product_cat":[3095,3041,3043,3027,3023,3028],"product_tag":[],"class_list":{"0":"post-6667","1":"product","2":"type-product","3":"status-publish","4":"has-post-thumbnail","6":"product_cat-arbres-en-carton","7":"product_cat-decor","8":"product_cat-decorations-de-noel","9":"product_cat-presentoirs-de-table","10":"product_cat-presentoirs-pour-produits","11":"product_cat-presentoirs-vitrines","12":"product_shipping_class-productopequeno","14":"first","15":"instock","16":"sale","17":"taxable","18":"shipping-taxable","19":"product-type-simple"},"acf":[],"yoast_head":"<!-- This site is optimized with the Yoast SEO plugin v27.2 - https:\/\/yoast.com\/product\/yoast-seo-wordpress\/ -->\n<title>Pack arbolito de navidad | Regalos y decoraci\u00f3n ecol\u00f3gica | Compra Online<\/title>\n<meta name=\"description\" content=\"Pack de arbolito de navidad. Original para regalo y decoraci\u00f3n. F\u00e1cil montaje. Ecodise\u00f1o sostenible y reciclable. Compra en Cartonlab.com\" \/>\n<meta name=\"robots\" content=\"index, follow, max-snippet:-1, max-image-preview:large, max-video-preview:-1\" \/>\n<link rel=\"canonical\" href=\"https:\/\/test.dagic.es\/fr\/producto\/pack-arbolito-y-reno\/\" \/>\n<meta property=\"og:locale\" content=\"fr_FR\" \/>\n<meta property=\"og:type\" content=\"article\" \/>\n<meta property=\"og:title\" content=\"Pack arbolito de navidad | Regalos y decoraci\u00f3n ecol\u00f3gica | Compra Online\" \/>\n<meta property=\"og:description\" content=\"Pack de arbolito de navidad. Original para regalo y decoraci\u00f3n. F\u00e1cil montaje. Ecodise\u00f1o sostenible y reciclable. Compra en Cartonlab.com\" \/>\n<meta property=\"og:url\" content=\"https:\/\/test.dagic.es\/fr\/producto\/pack-arbolito-y-reno\/\" \/>\n<meta property=\"og:site_name\" content=\"Cartonlab FR\" \/>\n<meta property=\"article:modified_time\" content=\"2020-11-17T11:01:05+00:00\" \/>\n<meta property=\"og:image\" content=\"https:\/\/test.dagic.es\/fr\/wp-content\/uploads\/sites\/5\/2015\/11\/arbolpeque\u00f1o2.jpg\" \/>\n\t<meta property=\"og:image:width\" content=\"800\" \/>\n\t<meta property=\"og:image:height\" content=\"800\" \/>\n\t<meta property=\"og:image:type\" content=\"image\/jpeg\" \/>\n<meta name=\"twitter:card\" content=\"summary_large_image\" \/>\n<script type=\"application\/ld+json\" class=\"yoast-schema-graph\">{\"@context\":\"https:\/\/schema.org\",\"@graph\":[{\"@type\":\"WebPage\",\"@id\":\"https:\/\/test.dagic.es\/fr\/producto\/pack-arbolito-y-reno\/\",\"url\":\"https:\/\/test.dagic.es\/fr\/producto\/pack-arbolito-y-reno\/\",\"name\":\"Pack arbolito de navidad | Regalos y decoraci\u00f3n ecol\u00f3gica | Compra Online\",\"isPartOf\":{\"@id\":\"https:\/\/test.dagic.es\/fr\/#website\"},\"primaryImageOfPage\":{\"@id\":\"https:\/\/test.dagic.es\/fr\/producto\/pack-arbolito-y-reno\/#primaryimage\"},\"image\":{\"@id\":\"https:\/\/test.dagic.es\/fr\/producto\/pack-arbolito-y-reno\/#primaryimage\"},\"thumbnailUrl\":\"https:\/\/test.dagic.es\/fr\/wp-content\/uploads\/sites\/5\/2015\/11\/arbolpeque\u00f1o2.jpg\",\"datePublished\":\"2015-11-16T17:34:16+00:00\",\"dateModified\":\"2020-11-17T11:01:05+00:00\",\"description\":\"Pack de arbolito de navidad. Original para regalo y decoraci\u00f3n. F\u00e1cil montaje. Ecodise\u00f1o sostenible y reciclable. Compra en Cartonlab.com\",\"breadcrumb\":{\"@id\":\"https:\/\/test.dagic.es\/fr\/producto\/pack-arbolito-y-reno\/#breadcrumb\"},\"inLanguage\":\"fr-FR\",\"potentialAction\":[{\"@type\":\"ReadAction\",\"target\":[\"https:\/\/test.dagic.es\/fr\/producto\/pack-arbolito-y-reno\/\"]}]},{\"@type\":\"ImageObject\",\"inLanguage\":\"fr-FR\",\"@id\":\"https:\/\/test.dagic.es\/fr\/producto\/pack-arbolito-y-reno\/#primaryimage\",\"url\":\"https:\/\/test.dagic.es\/fr\/wp-content\/uploads\/sites\/5\/2015\/11\/arbolpeque\u00f1o2.jpg\",\"contentUrl\":\"https:\/\/test.dagic.es\/fr\/wp-content\/uploads\/sites\/5\/2015\/11\/arbolpeque\u00f1o2.jpg\",\"width\":800,\"height\":800,\"caption\":\"\u00e1rbol peque\u00f1o navidad nuevo 2\"},{\"@type\":\"BreadcrumbList\",\"@id\":\"https:\/\/test.dagic.es\/fr\/producto\/pack-arbolito-y-reno\/#breadcrumb\",\"itemListElement\":[{\"@type\":\"ListItem\",\"position\":1,\"name\":\"Accueil\",\"item\":\"https:\/\/test.dagic.es\/fr\/\"},{\"@type\":\"ListItem\",\"position\":2,\"name\":\"Produits\",\"item\":\"https:\/\/test.dagic.es\/fr\/shop\/\"},{\"@type\":\"ListItem\",\"position\":3,\"name\":\"Arbolito de navidad peque\u00f1o | Regalos navide\u00f1os ecol\u00f3gicos | Pack de 10 uds.\"}]},{\"@type\":\"WebSite\",\"@id\":\"https:\/\/test.dagic.es\/fr\/#website\",\"url\":\"https:\/\/test.dagic.es\/fr\/\",\"name\":\"Cartonlab FR\",\"description\":\"Cartonlab | Projets internationaux pour \u00e9v\u00e9nements et stands\",\"publisher\":{\"@id\":\"https:\/\/test.dagic.es\/fr\/#organization\"},\"potentialAction\":[{\"@type\":\"SearchAction\",\"target\":{\"@type\":\"EntryPoint\",\"urlTemplate\":\"https:\/\/test.dagic.es\/fr\/?s={search_term_string}\"},\"query-input\":{\"@type\":\"PropertyValueSpecification\",\"valueRequired\":true,\"valueName\":\"search_term_string\"}}],\"inLanguage\":\"fr-FR\"},{\"@type\":\"Organization\",\"@id\":\"https:\/\/test.dagic.es\/fr\/#organization\",\"name\":\"Cartonlab FR\",\"url\":\"https:\/\/test.dagic.es\/fr\/\",\"logo\":{\"@type\":\"ImageObject\",\"inLanguage\":\"fr-FR\",\"@id\":\"https:\/\/test.dagic.es\/fr\/#\/schema\/logo\/image\/\",\"url\":\"https:\/\/test.dagic.es\/fr\/wp-content\/uploads\/sites\/5\/2023\/07\/logo.svg\",\"contentUrl\":\"https:\/\/test.dagic.es\/fr\/wp-content\/uploads\/sites\/5\/2023\/07\/logo.svg\",\"width\":163,\"height\":44,\"caption\":\"Cartonlab FR\"},\"image\":{\"@id\":\"https:\/\/test.dagic.es\/fr\/#\/schema\/logo\/image\/\"}}]}<\/script>\n<!-- \/ Yoast SEO plugin. -->","yoast_head_json":{"title":"Pack arbolito de navidad | Regalos y decoraci\u00f3n ecol\u00f3gica | Compra Online","description":"Pack de arbolito de navidad. Original para regalo y decoraci\u00f3n. F\u00e1cil montaje. Ecodise\u00f1o sostenible y reciclable. Compra en Cartonlab.com","robots":{"index":"index","follow":"follow","max-snippet":"max-snippet:-1","max-image-preview":"max-image-preview:large","max-video-preview":"max-video-preview:-1"},"canonical":"https:\/\/test.dagic.es\/fr\/producto\/pack-arbolito-y-reno\/","og_locale":"fr_FR","og_type":"article","og_title":"Pack arbolito de navidad | Regalos y decoraci\u00f3n ecol\u00f3gica | Compra Online","og_description":"Pack de arbolito de navidad. Original para regalo y decoraci\u00f3n. F\u00e1cil montaje. Ecodise\u00f1o sostenible y reciclable. Compra en Cartonlab.com","og_url":"https:\/\/test.dagic.es\/fr\/producto\/pack-arbolito-y-reno\/","og_site_name":"Cartonlab FR","article_modified_time":"2020-11-17T11:01:05+00:00","og_image":[{"width":800,"height":800,"url":"https:\/\/test.dagic.es\/fr\/wp-content\/uploads\/sites\/5\/2015\/11\/arbolpeque\u00f1o2.jpg","type":"image\/jpeg"}],"twitter_card":"summary_large_image","schema":{"@context":"https:\/\/schema.org","@graph":[{"@type":"WebPage","@id":"https:\/\/test.dagic.es\/fr\/producto\/pack-arbolito-y-reno\/","url":"https:\/\/test.dagic.es\/fr\/producto\/pack-arbolito-y-reno\/","name":"Pack arbolito de navidad | Regalos y decoraci\u00f3n ecol\u00f3gica | Compra Online","isPartOf":{"@id":"https:\/\/test.dagic.es\/fr\/#website"},"primaryImageOfPage":{"@id":"https:\/\/test.dagic.es\/fr\/producto\/pack-arbolito-y-reno\/#primaryimage"},"image":{"@id":"https:\/\/test.dagic.es\/fr\/producto\/pack-arbolito-y-reno\/#primaryimage"},"thumbnailUrl":"https:\/\/test.dagic.es\/fr\/wp-content\/uploads\/sites\/5\/2015\/11\/arbolpeque\u00f1o2.jpg","datePublished":"2015-11-16T17:34:16+00:00","dateModified":"2020-11-17T11:01:05+00:00","description":"Pack de arbolito de navidad. Original para regalo y decoraci\u00f3n. F\u00e1cil montaje. Ecodise\u00f1o sostenible y reciclable. Compra en Cartonlab.com","breadcrumb":{"@id":"https:\/\/test.dagic.es\/fr\/producto\/pack-arbolito-y-reno\/#breadcrumb"},"inLanguage":"fr-FR","potentialAction":[{"@type":"ReadAction","target":["https:\/\/test.dagic.es\/fr\/producto\/pack-arbolito-y-reno\/"]}]},{"@type":"ImageObject","inLanguage":"fr-FR","@id":"https:\/\/test.dagic.es\/fr\/producto\/pack-arbolito-y-reno\/#primaryimage","url":"https:\/\/test.dagic.es\/fr\/wp-content\/uploads\/sites\/5\/2015\/11\/arbolpeque\u00f1o2.jpg","contentUrl":"https:\/\/test.dagic.es\/fr\/wp-content\/uploads\/sites\/5\/2015\/11\/arbolpeque\u00f1o2.jpg","width":800,"height":800,"caption":"\u00e1rbol peque\u00f1o navidad nuevo 2"},{"@type":"BreadcrumbList","@id":"https:\/\/test.dagic.es\/fr\/producto\/pack-arbolito-y-reno\/#breadcrumb","itemListElement":[{"@type":"ListItem","position":1,"name":"Accueil","item":"https:\/\/test.dagic.es\/fr\/"},{"@type":"ListItem","position":2,"name":"Produits","item":"https:\/\/test.dagic.es\/fr\/shop\/"},{"@type":"ListItem","position":3,"name":"Arbolito de navidad peque\u00f1o | Regalos navide\u00f1os ecol\u00f3gicos | Pack de 10 uds."}]},{"@type":"WebSite","@id":"https:\/\/test.dagic.es\/fr\/#website","url":"https:\/\/test.dagic.es\/fr\/","name":"Cartonlab FR","description":"Cartonlab | Projets internationaux pour \u00e9v\u00e9nements et stands","publisher":{"@id":"https:\/\/test.dagic.es\/fr\/#organization"},"potentialAction":[{"@type":"SearchAction","target":{"@type":"EntryPoint","urlTemplate":"https:\/\/test.dagic.es\/fr\/?s={search_term_string}"},"query-input":{"@type":"PropertyValueSpecification","valueRequired":true,"valueName":"search_term_string"}}],"inLanguage":"fr-FR"},{"@type":"Organization","@id":"https:\/\/test.dagic.es\/fr\/#organization","name":"Cartonlab FR","url":"https:\/\/test.dagic.es\/fr\/","logo":{"@type":"ImageObject","inLanguage":"fr-FR","@id":"https:\/\/test.dagic.es\/fr\/#\/schema\/logo\/image\/","url":"https:\/\/test.dagic.es\/fr\/wp-content\/uploads\/sites\/5\/2023\/07\/logo.svg","contentUrl":"https:\/\/test.dagic.es\/fr\/wp-content\/uploads\/sites\/5\/2023\/07\/logo.svg","width":163,"height":44,"caption":"Cartonlab FR"},"image":{"@id":"https:\/\/test.dagic.es\/fr\/#\/schema\/logo\/image\/"}}]}},"_links":{"self":[{"href":"https:\/\/test.dagic.es\/fr\/wp-json\/wp\/v2\/product\/6667","targetHints":{"allow":["GET"]}}],"collection":[{"href":"https:\/\/test.dagic.es\/fr\/wp-json\/wp\/v2\/product"}],"about":[{"href":"https:\/\/test.dagic.es\/fr\/wp-json\/wp\/v2\/types\/product"}],"replies":[{"embeddable":true,"href":"https:\/\/test.dagic.es\/fr\/wp-json\/wp\/v2\/comments?post=6667"}],"wp:featuredmedia":[{"embeddable":true,"href":"https:\/\/test.dagic.es\/fr\/wp-json\/wp\/v2\/media\/16868"}],"wp:attachment":[{"href":"https:\/\/test.dagic.es\/fr\/wp-json\/wp\/v2\/media?parent=6667"}],"wp:term":[{"taxonomy":"product_brand","embeddable":true,"href":"https:\/\/test.dagic.es\/fr\/wp-json\/wp\/v2\/product_brand?post=6667"},{"taxonomy":"product_cat","embeddable":true,"href":"https:\/\/test.dagic.es\/fr\/wp-json\/wp\/v2\/product_cat?post=6667"},{"taxonomy":"product_tag","embeddable":true,"href":"https:\/\/test.dagic.es\/fr\/wp-json\/wp\/v2\/product_tag?post=6667"}],"curies":[{"name":"wp","href":"https:\/\/api.w.org\/{rel}","templated":true}]}}