{"id":6647,"date":"2015-11-16T16:44:48","date_gmt":"2015-11-16T15:44:48","guid":{"rendered":"http:\/\/cartonlab.holamundo.me\/?post_type=product&#038;p=6647"},"modified":"2020-11-17T12:01:42","modified_gmt":"2020-11-17T11:01:42","slug":"reno-grande","status":"publish","type":"product","link":"https:\/\/test.dagic.es\/fr\/producto\/reno-grande\/","title":{"rendered":"Reno de navidad tama\u00f1o grande | Decoraci\u00f3n ecol\u00f3gica en cart\u00f3n | Pack 3 renos"},"excerpt":{"rendered":"<p><strong>Pack 3 unidades. Reno de navidad <\/strong>de cart\u00f3n de gran formato.\u00a0 Ideal para decoraci\u00f3n de navidad en el hogar, empresas, espacios comerciales, escaparates y eventos. Se entrega desmontado en paquete plano. Cada reno compuesto por 6 piezas de cart\u00f3n que encajan entre s\u00ed.\u00a0 Muy f\u00e1cil montaje. Acabado color marr\u00f3n (kraft) o blanco.<\/p>\n<p>&nbsp;<\/p>\n<p>&nbsp;<\/p>\n","protected":false},"featured_media":10630,"comment_status":"closed","ping_status":"closed","template":"","meta":{"_acf_changed":false,"inline_featured_image":false},"product_brand":[],"product_cat":[3041,3043,3023,3028],"product_tag":[],"class_list":{"0":"post-6647","1":"product","2":"type-product","3":"status-publish","4":"has-post-thumbnail","6":"product_cat-decor","7":"product_cat-decorations-de-noel","8":"product_cat-presentoirs-pour-produits","9":"product_cat-presentoirs-vitrines","10":"product_shipping_class-productomediano","12":"first","13":"instock","14":"taxable","15":"shipping-taxable","16":"product-type-simple"},"acf":[],"yoast_head":"<!-- This site is optimized with the Yoast SEO plugin v27.2 - https:\/\/yoast.com\/product\/yoast-seo-wordpress\/ -->\n<title>Reno de navidad de cart\u00f3n | Decoraci\u00f3n ecol\u00f3gica | Compra online<\/title>\n<meta name=\"description\" content=\"Figura Reno de navidad de gran tama\u00f1o hecha en cart\u00f3n. Decoraci\u00f3n ecol\u00f3gica para eventos, comercios, escaparates y hogar. Dise\u00f1o Cartonlab.com\" \/>\n<meta name=\"robots\" content=\"index, follow, max-snippet:-1, max-image-preview:large, max-video-preview:-1\" \/>\n<link rel=\"canonical\" href=\"https:\/\/test.dagic.es\/fr\/producto\/reno-grande\/\" \/>\n<meta property=\"og:locale\" content=\"fr_FR\" \/>\n<meta property=\"og:type\" content=\"article\" \/>\n<meta property=\"og:title\" content=\"Reno de navidad de cart\u00f3n | Decoraci\u00f3n ecol\u00f3gica | Compra online\" \/>\n<meta property=\"og:description\" content=\"Figura Reno de navidad de gran tama\u00f1o hecha en cart\u00f3n. Decoraci\u00f3n ecol\u00f3gica para eventos, comercios, escaparates y hogar. Dise\u00f1o Cartonlab.com\" \/>\n<meta property=\"og:url\" content=\"https:\/\/test.dagic.es\/fr\/producto\/reno-grande\/\" \/>\n<meta property=\"og:site_name\" content=\"Cartonlab FR\" \/>\n<meta property=\"article:modified_time\" content=\"2020-11-17T11:01:42+00:00\" \/>\n<meta property=\"og:image\" content=\"https:\/\/test.dagic.es\/fr\/wp-content\/uploads\/sites\/5\/2015\/11\/deer-reno-cardboard-carton-navidad-01-e1510850668411.jpg\" \/>\n\t<meta property=\"og:image:width\" content=\"800\" \/>\n\t<meta property=\"og:image:height\" content=\"800\" \/>\n\t<meta property=\"og:image:type\" content=\"image\/jpeg\" \/>\n<meta name=\"twitter:card\" content=\"summary_large_image\" \/>\n<script type=\"application\/ld+json\" class=\"yoast-schema-graph\">{\"@context\":\"https:\/\/schema.org\",\"@graph\":[{\"@type\":\"WebPage\",\"@id\":\"https:\/\/test.dagic.es\/fr\/producto\/reno-grande\/\",\"url\":\"https:\/\/test.dagic.es\/fr\/producto\/reno-grande\/\",\"name\":\"Reno de navidad de cart\u00f3n | Decoraci\u00f3n ecol\u00f3gica | Compra online\",\"isPartOf\":{\"@id\":\"https:\/\/test.dagic.es\/fr\/#website\"},\"primaryImageOfPage\":{\"@id\":\"https:\/\/test.dagic.es\/fr\/producto\/reno-grande\/#primaryimage\"},\"image\":{\"@id\":\"https:\/\/test.dagic.es\/fr\/producto\/reno-grande\/#primaryimage\"},\"thumbnailUrl\":\"https:\/\/test.dagic.es\/fr\/wp-content\/uploads\/sites\/5\/2015\/11\/deer-reno-cardboard-carton-navidad-01-e1510850668411.jpg\",\"datePublished\":\"2015-11-16T15:44:48+00:00\",\"dateModified\":\"2020-11-17T11:01:42+00:00\",\"description\":\"Figura Reno de navidad de gran tama\u00f1o hecha en cart\u00f3n. Decoraci\u00f3n ecol\u00f3gica para eventos, comercios, escaparates y hogar. Dise\u00f1o Cartonlab.com\",\"breadcrumb\":{\"@id\":\"https:\/\/test.dagic.es\/fr\/producto\/reno-grande\/#breadcrumb\"},\"inLanguage\":\"fr-FR\",\"potentialAction\":[{\"@type\":\"ReadAction\",\"target\":[\"https:\/\/test.dagic.es\/fr\/producto\/reno-grande\/\"]}]},{\"@type\":\"ImageObject\",\"inLanguage\":\"fr-FR\",\"@id\":\"https:\/\/test.dagic.es\/fr\/producto\/reno-grande\/#primaryimage\",\"url\":\"https:\/\/test.dagic.es\/fr\/wp-content\/uploads\/sites\/5\/2015\/11\/deer-reno-cardboard-carton-navidad-01-e1510850668411.jpg\",\"contentUrl\":\"https:\/\/test.dagic.es\/fr\/wp-content\/uploads\/sites\/5\/2015\/11\/deer-reno-cardboard-carton-navidad-01-e1510850668411.jpg\",\"width\":800,\"height\":800,\"caption\":\"reno de navidad de cart\u00f3n grande\"},{\"@type\":\"BreadcrumbList\",\"@id\":\"https:\/\/test.dagic.es\/fr\/producto\/reno-grande\/#breadcrumb\",\"itemListElement\":[{\"@type\":\"ListItem\",\"position\":1,\"name\":\"Accueil\",\"item\":\"https:\/\/test.dagic.es\/fr\/\"},{\"@type\":\"ListItem\",\"position\":2,\"name\":\"Produits\",\"item\":\"https:\/\/test.dagic.es\/fr\/shop\/\"},{\"@type\":\"ListItem\",\"position\":3,\"name\":\"Reno de navidad tama\u00f1o grande | Decoraci\u00f3n ecol\u00f3gica en cart\u00f3n | Pack 3 renos\"}]},{\"@type\":\"WebSite\",\"@id\":\"https:\/\/test.dagic.es\/fr\/#website\",\"url\":\"https:\/\/test.dagic.es\/fr\/\",\"name\":\"Cartonlab FR\",\"description\":\"Cartonlab | Projets internationaux pour \u00e9v\u00e9nements et stands\",\"publisher\":{\"@id\":\"https:\/\/test.dagic.es\/fr\/#organization\"},\"potentialAction\":[{\"@type\":\"SearchAction\",\"target\":{\"@type\":\"EntryPoint\",\"urlTemplate\":\"https:\/\/test.dagic.es\/fr\/?s={search_term_string}\"},\"query-input\":{\"@type\":\"PropertyValueSpecification\",\"valueRequired\":true,\"valueName\":\"search_term_string\"}}],\"inLanguage\":\"fr-FR\"},{\"@type\":\"Organization\",\"@id\":\"https:\/\/test.dagic.es\/fr\/#organization\",\"name\":\"Cartonlab FR\",\"url\":\"https:\/\/test.dagic.es\/fr\/\",\"logo\":{\"@type\":\"ImageObject\",\"inLanguage\":\"fr-FR\",\"@id\":\"https:\/\/test.dagic.es\/fr\/#\/schema\/logo\/image\/\",\"url\":\"https:\/\/test.dagic.es\/fr\/wp-content\/uploads\/sites\/5\/2023\/07\/logo.svg\",\"contentUrl\":\"https:\/\/test.dagic.es\/fr\/wp-content\/uploads\/sites\/5\/2023\/07\/logo.svg\",\"width\":163,\"height\":44,\"caption\":\"Cartonlab FR\"},\"image\":{\"@id\":\"https:\/\/test.dagic.es\/fr\/#\/schema\/logo\/image\/\"}}]}<\/script>\n<!-- \/ Yoast SEO plugin. -->","yoast_head_json":{"title":"Reno de navidad de cart\u00f3n | Decoraci\u00f3n ecol\u00f3gica | Compra online","description":"Figura Reno de navidad de gran tama\u00f1o hecha en cart\u00f3n. Decoraci\u00f3n ecol\u00f3gica para eventos, comercios, escaparates y hogar. Dise\u00f1o Cartonlab.com","robots":{"index":"index","follow":"follow","max-snippet":"max-snippet:-1","max-image-preview":"max-image-preview:large","max-video-preview":"max-video-preview:-1"},"canonical":"https:\/\/test.dagic.es\/fr\/producto\/reno-grande\/","og_locale":"fr_FR","og_type":"article","og_title":"Reno de navidad de cart\u00f3n | Decoraci\u00f3n ecol\u00f3gica | Compra online","og_description":"Figura Reno de navidad de gran tama\u00f1o hecha en cart\u00f3n. Decoraci\u00f3n ecol\u00f3gica para eventos, comercios, escaparates y hogar. Dise\u00f1o Cartonlab.com","og_url":"https:\/\/test.dagic.es\/fr\/producto\/reno-grande\/","og_site_name":"Cartonlab FR","article_modified_time":"2020-11-17T11:01:42+00:00","og_image":[{"width":800,"height":800,"url":"https:\/\/test.dagic.es\/fr\/wp-content\/uploads\/sites\/5\/2015\/11\/deer-reno-cardboard-carton-navidad-01-e1510850668411.jpg","type":"image\/jpeg"}],"twitter_card":"summary_large_image","schema":{"@context":"https:\/\/schema.org","@graph":[{"@type":"WebPage","@id":"https:\/\/test.dagic.es\/fr\/producto\/reno-grande\/","url":"https:\/\/test.dagic.es\/fr\/producto\/reno-grande\/","name":"Reno de navidad de cart\u00f3n | Decoraci\u00f3n ecol\u00f3gica | Compra online","isPartOf":{"@id":"https:\/\/test.dagic.es\/fr\/#website"},"primaryImageOfPage":{"@id":"https:\/\/test.dagic.es\/fr\/producto\/reno-grande\/#primaryimage"},"image":{"@id":"https:\/\/test.dagic.es\/fr\/producto\/reno-grande\/#primaryimage"},"thumbnailUrl":"https:\/\/test.dagic.es\/fr\/wp-content\/uploads\/sites\/5\/2015\/11\/deer-reno-cardboard-carton-navidad-01-e1510850668411.jpg","datePublished":"2015-11-16T15:44:48+00:00","dateModified":"2020-11-17T11:01:42+00:00","description":"Figura Reno de navidad de gran tama\u00f1o hecha en cart\u00f3n. Decoraci\u00f3n ecol\u00f3gica para eventos, comercios, escaparates y hogar. Dise\u00f1o Cartonlab.com","breadcrumb":{"@id":"https:\/\/test.dagic.es\/fr\/producto\/reno-grande\/#breadcrumb"},"inLanguage":"fr-FR","potentialAction":[{"@type":"ReadAction","target":["https:\/\/test.dagic.es\/fr\/producto\/reno-grande\/"]}]},{"@type":"ImageObject","inLanguage":"fr-FR","@id":"https:\/\/test.dagic.es\/fr\/producto\/reno-grande\/#primaryimage","url":"https:\/\/test.dagic.es\/fr\/wp-content\/uploads\/sites\/5\/2015\/11\/deer-reno-cardboard-carton-navidad-01-e1510850668411.jpg","contentUrl":"https:\/\/test.dagic.es\/fr\/wp-content\/uploads\/sites\/5\/2015\/11\/deer-reno-cardboard-carton-navidad-01-e1510850668411.jpg","width":800,"height":800,"caption":"reno de navidad de cart\u00f3n grande"},{"@type":"BreadcrumbList","@id":"https:\/\/test.dagic.es\/fr\/producto\/reno-grande\/#breadcrumb","itemListElement":[{"@type":"ListItem","position":1,"name":"Accueil","item":"https:\/\/test.dagic.es\/fr\/"},{"@type":"ListItem","position":2,"name":"Produits","item":"https:\/\/test.dagic.es\/fr\/shop\/"},{"@type":"ListItem","position":3,"name":"Reno de navidad tama\u00f1o grande | Decoraci\u00f3n ecol\u00f3gica en cart\u00f3n | Pack 3 renos"}]},{"@type":"WebSite","@id":"https:\/\/test.dagic.es\/fr\/#website","url":"https:\/\/test.dagic.es\/fr\/","name":"Cartonlab FR","description":"Cartonlab | Projets internationaux pour \u00e9v\u00e9nements et stands","publisher":{"@id":"https:\/\/test.dagic.es\/fr\/#organization"},"potentialAction":[{"@type":"SearchAction","target":{"@type":"EntryPoint","urlTemplate":"https:\/\/test.dagic.es\/fr\/?s={search_term_string}"},"query-input":{"@type":"PropertyValueSpecification","valueRequired":true,"valueName":"search_term_string"}}],"inLanguage":"fr-FR"},{"@type":"Organization","@id":"https:\/\/test.dagic.es\/fr\/#organization","name":"Cartonlab FR","url":"https:\/\/test.dagic.es\/fr\/","logo":{"@type":"ImageObject","inLanguage":"fr-FR","@id":"https:\/\/test.dagic.es\/fr\/#\/schema\/logo\/image\/","url":"https:\/\/test.dagic.es\/fr\/wp-content\/uploads\/sites\/5\/2023\/07\/logo.svg","contentUrl":"https:\/\/test.dagic.es\/fr\/wp-content\/uploads\/sites\/5\/2023\/07\/logo.svg","width":163,"height":44,"caption":"Cartonlab FR"},"image":{"@id":"https:\/\/test.dagic.es\/fr\/#\/schema\/logo\/image\/"}}]}},"_links":{"self":[{"href":"https:\/\/test.dagic.es\/fr\/wp-json\/wp\/v2\/product\/6647","targetHints":{"allow":["GET"]}}],"collection":[{"href":"https:\/\/test.dagic.es\/fr\/wp-json\/wp\/v2\/product"}],"about":[{"href":"https:\/\/test.dagic.es\/fr\/wp-json\/wp\/v2\/types\/product"}],"replies":[{"embeddable":true,"href":"https:\/\/test.dagic.es\/fr\/wp-json\/wp\/v2\/comments?post=6647"}],"wp:featuredmedia":[{"embeddable":true,"href":"https:\/\/test.dagic.es\/fr\/wp-json\/wp\/v2\/media\/10630"}],"wp:attachment":[{"href":"https:\/\/test.dagic.es\/fr\/wp-json\/wp\/v2\/media?parent=6647"}],"wp:term":[{"taxonomy":"product_brand","embeddable":true,"href":"https:\/\/test.dagic.es\/fr\/wp-json\/wp\/v2\/product_brand?post=6647"},{"taxonomy":"product_cat","embeddable":true,"href":"https:\/\/test.dagic.es\/fr\/wp-json\/wp\/v2\/product_cat?post=6647"},{"taxonomy":"product_tag","embeddable":true,"href":"https:\/\/test.dagic.es\/fr\/wp-json\/wp\/v2\/product_tag?post=6647"}],"curies":[{"name":"wp","href":"https:\/\/api.w.org\/{rel}","templated":true}]}}