{"id":5293,"date":"2015-02-19T15:13:05","date_gmt":"2015-02-19T14:13:05","guid":{"rendered":"http:\/\/cartonlab.holamundo.me\/?post_type=product&#038;p=5293"},"modified":"2019-09-06T11:40:06","modified_gmt":"2019-09-06T10:40:06","slug":"mesita-de-noche-carton-elefante","status":"publish","type":"product","link":"https:\/\/test.dagic.es\/fr\/producto\/mesita-de-noche-carton-elefante\/","title":{"rendered":"Mesilla de noche infantil con forma de Elefante"},"excerpt":{"rendered":"<p><strong>Mesilla de noche infantil<\/strong> con forma de Elefante.\u00a0Edici\u00f3n <strong>exclusiva<\/strong> llevada a cabo mediante\u00a0 <strong>encolado manua<\/strong>l (20 capas). Dise\u00f1ada para dar un toque original y creativo a cualquier espacio. Producida en Espa\u00f1a con materiales sostenibles y reciclables. Consultar precio para colores y figuras personalizadas.<\/p>\n<p>&nbsp;<\/p>\n<p>&nbsp;<\/p>\n<p><strong>Compra Online:<\/strong><\/p>\n<ul>\n<li>Tiempo de entrega estimado\u00a0<strong>10 d\u00edas<\/strong>.<\/li>\n<li>Fabricaci\u00f3n bajo pedido. No disponemos de stock.<\/li>\n<li>Consultar precios v\u00eda email o formulario de contacto para otros acabados, dise\u00f1os personalizados y pedidos a partir de 10 unidades.<\/li>\n<\/ul>\n<p>&nbsp;<\/p>\n","protected":false},"featured_media":9470,"comment_status":"open","ping_status":"closed","template":"","meta":{"_acf_changed":false,"inline_featured_image":false},"product_brand":[],"product_cat":[3019,3018,3029,3032],"product_tag":[],"class_list":{"0":"post-5293","1":"product","2":"type-product","3":"status-publish","4":"has-post-thumbnail","6":"product_cat-dessins-pour-enfants","7":"product_cat-muebles-en-carton","8":"product_cat-meubles-en-carton-pour-enfants","9":"product_cat-tables-et-comptoirs-daccueil","10":"product_shipping_class-producto-mediano","12":"first","13":"instock","14":"taxable","15":"shipping-taxable","16":"product-type-simple"},"acf":[],"yoast_head":"<!-- This site is optimized with the Yoast SEO plugin v27.2 - https:\/\/yoast.com\/product\/yoast-seo-wordpress\/ -->\n<title>Mesilla de noche infantil con forma de Elefante | Dise\u00f1o exclusivo Cartonlab.com<\/title>\n<meta name=\"description\" content=\"Original mesilla de noche infantil con forma de elefante. Fabricaci\u00f3n y dise\u00f1o exclusivo en cart\u00f3n alveolar multicapa encolado a mano. Compra Online\" \/>\n<meta name=\"robots\" content=\"index, follow, max-snippet:-1, max-image-preview:large, max-video-preview:-1\" \/>\n<link rel=\"canonical\" href=\"https:\/\/test.dagic.es\/fr\/producto\/mesita-de-noche-carton-elefante\/\" \/>\n<meta property=\"og:locale\" content=\"fr_FR\" \/>\n<meta property=\"og:type\" content=\"article\" \/>\n<meta property=\"og:title\" content=\"Mesilla de noche infantil con forma de Elefante | Dise\u00f1o exclusivo Cartonlab.com\" \/>\n<meta property=\"og:description\" content=\"Original mesilla de noche infantil con forma de elefante. Fabricaci\u00f3n y dise\u00f1o exclusivo en cart\u00f3n alveolar multicapa encolado a mano. Compra Online\" \/>\n<meta property=\"og:url\" content=\"https:\/\/test.dagic.es\/fr\/producto\/mesita-de-noche-carton-elefante\/\" \/>\n<meta property=\"og:site_name\" content=\"Cartonlab FR\" \/>\n<meta property=\"article:modified_time\" content=\"2019-09-06T10:40:06+00:00\" \/>\n<meta property=\"og:image\" content=\"https:\/\/test.dagic.es\/fr\/wp-content\/uploads\/sites\/5\/2017\/02\/mesilla-elefante-1.jpg\" \/>\n\t<meta property=\"og:image:width\" content=\"800\" \/>\n\t<meta property=\"og:image:height\" content=\"800\" \/>\n\t<meta property=\"og:image:type\" content=\"image\/jpeg\" \/>\n<meta name=\"twitter:card\" content=\"summary_large_image\" \/>\n<script type=\"application\/ld+json\" class=\"yoast-schema-graph\">{\"@context\":\"https:\/\/schema.org\",\"@graph\":[{\"@type\":\"WebPage\",\"@id\":\"https:\/\/test.dagic.es\/fr\/producto\/mesita-de-noche-carton-elefante\/\",\"url\":\"https:\/\/test.dagic.es\/fr\/producto\/mesita-de-noche-carton-elefante\/\",\"name\":\"Mesilla de noche infantil con forma de Elefante | Dise\u00f1o exclusivo Cartonlab.com\",\"isPartOf\":{\"@id\":\"https:\/\/test.dagic.es\/fr\/#website\"},\"primaryImageOfPage\":{\"@id\":\"https:\/\/test.dagic.es\/fr\/producto\/mesita-de-noche-carton-elefante\/#primaryimage\"},\"image\":{\"@id\":\"https:\/\/test.dagic.es\/fr\/producto\/mesita-de-noche-carton-elefante\/#primaryimage\"},\"thumbnailUrl\":\"https:\/\/test.dagic.es\/fr\/wp-content\/uploads\/sites\/5\/2017\/02\/mesilla-elefante-1.jpg\",\"datePublished\":\"2015-02-19T14:13:05+00:00\",\"dateModified\":\"2019-09-06T10:40:06+00:00\",\"description\":\"Original mesilla de noche infantil con forma de elefante. Fabricaci\u00f3n y dise\u00f1o exclusivo en cart\u00f3n alveolar multicapa encolado a mano. Compra Online\",\"breadcrumb\":{\"@id\":\"https:\/\/test.dagic.es\/fr\/producto\/mesita-de-noche-carton-elefante\/#breadcrumb\"},\"inLanguage\":\"fr-FR\",\"potentialAction\":[{\"@type\":\"ReadAction\",\"target\":[\"https:\/\/test.dagic.es\/fr\/producto\/mesita-de-noche-carton-elefante\/\"]}]},{\"@type\":\"ImageObject\",\"inLanguage\":\"fr-FR\",\"@id\":\"https:\/\/test.dagic.es\/fr\/producto\/mesita-de-noche-carton-elefante\/#primaryimage\",\"url\":\"https:\/\/test.dagic.es\/fr\/wp-content\/uploads\/sites\/5\/2017\/02\/mesilla-elefante-1.jpg\",\"contentUrl\":\"https:\/\/test.dagic.es\/fr\/wp-content\/uploads\/sites\/5\/2017\/02\/mesilla-elefante-1.jpg\",\"width\":800,\"height\":800,\"caption\":\"mesita de noche forma elefante carton\"},{\"@type\":\"BreadcrumbList\",\"@id\":\"https:\/\/test.dagic.es\/fr\/producto\/mesita-de-noche-carton-elefante\/#breadcrumb\",\"itemListElement\":[{\"@type\":\"ListItem\",\"position\":1,\"name\":\"Accueil\",\"item\":\"https:\/\/test.dagic.es\/fr\/\"},{\"@type\":\"ListItem\",\"position\":2,\"name\":\"Produits\",\"item\":\"https:\/\/test.dagic.es\/fr\/shop\/\"},{\"@type\":\"ListItem\",\"position\":3,\"name\":\"Mesilla de noche infantil con forma de Elefante\"}]},{\"@type\":\"WebSite\",\"@id\":\"https:\/\/test.dagic.es\/fr\/#website\",\"url\":\"https:\/\/test.dagic.es\/fr\/\",\"name\":\"Cartonlab FR\",\"description\":\"Cartonlab | Projets internationaux pour \u00e9v\u00e9nements et stands\",\"publisher\":{\"@id\":\"https:\/\/test.dagic.es\/fr\/#organization\"},\"potentialAction\":[{\"@type\":\"SearchAction\",\"target\":{\"@type\":\"EntryPoint\",\"urlTemplate\":\"https:\/\/test.dagic.es\/fr\/?s={search_term_string}\"},\"query-input\":{\"@type\":\"PropertyValueSpecification\",\"valueRequired\":true,\"valueName\":\"search_term_string\"}}],\"inLanguage\":\"fr-FR\"},{\"@type\":\"Organization\",\"@id\":\"https:\/\/test.dagic.es\/fr\/#organization\",\"name\":\"Cartonlab FR\",\"url\":\"https:\/\/test.dagic.es\/fr\/\",\"logo\":{\"@type\":\"ImageObject\",\"inLanguage\":\"fr-FR\",\"@id\":\"https:\/\/test.dagic.es\/fr\/#\/schema\/logo\/image\/\",\"url\":\"https:\/\/test.dagic.es\/fr\/wp-content\/uploads\/sites\/5\/2023\/07\/logo.svg\",\"contentUrl\":\"https:\/\/test.dagic.es\/fr\/wp-content\/uploads\/sites\/5\/2023\/07\/logo.svg\",\"width\":163,\"height\":44,\"caption\":\"Cartonlab FR\"},\"image\":{\"@id\":\"https:\/\/test.dagic.es\/fr\/#\/schema\/logo\/image\/\"}}]}<\/script>\n<!-- \/ Yoast SEO plugin. -->","yoast_head_json":{"title":"Mesilla de noche infantil con forma de Elefante | Dise\u00f1o exclusivo Cartonlab.com","description":"Original mesilla de noche infantil con forma de elefante. Fabricaci\u00f3n y dise\u00f1o exclusivo en cart\u00f3n alveolar multicapa encolado a mano. Compra Online","robots":{"index":"index","follow":"follow","max-snippet":"max-snippet:-1","max-image-preview":"max-image-preview:large","max-video-preview":"max-video-preview:-1"},"canonical":"https:\/\/test.dagic.es\/fr\/producto\/mesita-de-noche-carton-elefante\/","og_locale":"fr_FR","og_type":"article","og_title":"Mesilla de noche infantil con forma de Elefante | Dise\u00f1o exclusivo Cartonlab.com","og_description":"Original mesilla de noche infantil con forma de elefante. Fabricaci\u00f3n y dise\u00f1o exclusivo en cart\u00f3n alveolar multicapa encolado a mano. Compra Online","og_url":"https:\/\/test.dagic.es\/fr\/producto\/mesita-de-noche-carton-elefante\/","og_site_name":"Cartonlab FR","article_modified_time":"2019-09-06T10:40:06+00:00","og_image":[{"width":800,"height":800,"url":"https:\/\/test.dagic.es\/fr\/wp-content\/uploads\/sites\/5\/2017\/02\/mesilla-elefante-1.jpg","type":"image\/jpeg"}],"twitter_card":"summary_large_image","schema":{"@context":"https:\/\/schema.org","@graph":[{"@type":"WebPage","@id":"https:\/\/test.dagic.es\/fr\/producto\/mesita-de-noche-carton-elefante\/","url":"https:\/\/test.dagic.es\/fr\/producto\/mesita-de-noche-carton-elefante\/","name":"Mesilla de noche infantil con forma de Elefante | Dise\u00f1o exclusivo Cartonlab.com","isPartOf":{"@id":"https:\/\/test.dagic.es\/fr\/#website"},"primaryImageOfPage":{"@id":"https:\/\/test.dagic.es\/fr\/producto\/mesita-de-noche-carton-elefante\/#primaryimage"},"image":{"@id":"https:\/\/test.dagic.es\/fr\/producto\/mesita-de-noche-carton-elefante\/#primaryimage"},"thumbnailUrl":"https:\/\/test.dagic.es\/fr\/wp-content\/uploads\/sites\/5\/2017\/02\/mesilla-elefante-1.jpg","datePublished":"2015-02-19T14:13:05+00:00","dateModified":"2019-09-06T10:40:06+00:00","description":"Original mesilla de noche infantil con forma de elefante. Fabricaci\u00f3n y dise\u00f1o exclusivo en cart\u00f3n alveolar multicapa encolado a mano. Compra Online","breadcrumb":{"@id":"https:\/\/test.dagic.es\/fr\/producto\/mesita-de-noche-carton-elefante\/#breadcrumb"},"inLanguage":"fr-FR","potentialAction":[{"@type":"ReadAction","target":["https:\/\/test.dagic.es\/fr\/producto\/mesita-de-noche-carton-elefante\/"]}]},{"@type":"ImageObject","inLanguage":"fr-FR","@id":"https:\/\/test.dagic.es\/fr\/producto\/mesita-de-noche-carton-elefante\/#primaryimage","url":"https:\/\/test.dagic.es\/fr\/wp-content\/uploads\/sites\/5\/2017\/02\/mesilla-elefante-1.jpg","contentUrl":"https:\/\/test.dagic.es\/fr\/wp-content\/uploads\/sites\/5\/2017\/02\/mesilla-elefante-1.jpg","width":800,"height":800,"caption":"mesita de noche forma elefante carton"},{"@type":"BreadcrumbList","@id":"https:\/\/test.dagic.es\/fr\/producto\/mesita-de-noche-carton-elefante\/#breadcrumb","itemListElement":[{"@type":"ListItem","position":1,"name":"Accueil","item":"https:\/\/test.dagic.es\/fr\/"},{"@type":"ListItem","position":2,"name":"Produits","item":"https:\/\/test.dagic.es\/fr\/shop\/"},{"@type":"ListItem","position":3,"name":"Mesilla de noche infantil con forma de Elefante"}]},{"@type":"WebSite","@id":"https:\/\/test.dagic.es\/fr\/#website","url":"https:\/\/test.dagic.es\/fr\/","name":"Cartonlab FR","description":"Cartonlab | Projets internationaux pour \u00e9v\u00e9nements et stands","publisher":{"@id":"https:\/\/test.dagic.es\/fr\/#organization"},"potentialAction":[{"@type":"SearchAction","target":{"@type":"EntryPoint","urlTemplate":"https:\/\/test.dagic.es\/fr\/?s={search_term_string}"},"query-input":{"@type":"PropertyValueSpecification","valueRequired":true,"valueName":"search_term_string"}}],"inLanguage":"fr-FR"},{"@type":"Organization","@id":"https:\/\/test.dagic.es\/fr\/#organization","name":"Cartonlab FR","url":"https:\/\/test.dagic.es\/fr\/","logo":{"@type":"ImageObject","inLanguage":"fr-FR","@id":"https:\/\/test.dagic.es\/fr\/#\/schema\/logo\/image\/","url":"https:\/\/test.dagic.es\/fr\/wp-content\/uploads\/sites\/5\/2023\/07\/logo.svg","contentUrl":"https:\/\/test.dagic.es\/fr\/wp-content\/uploads\/sites\/5\/2023\/07\/logo.svg","width":163,"height":44,"caption":"Cartonlab FR"},"image":{"@id":"https:\/\/test.dagic.es\/fr\/#\/schema\/logo\/image\/"}}]}},"_links":{"self":[{"href":"https:\/\/test.dagic.es\/fr\/wp-json\/wp\/v2\/product\/5293","targetHints":{"allow":["GET"]}}],"collection":[{"href":"https:\/\/test.dagic.es\/fr\/wp-json\/wp\/v2\/product"}],"about":[{"href":"https:\/\/test.dagic.es\/fr\/wp-json\/wp\/v2\/types\/product"}],"replies":[{"embeddable":true,"href":"https:\/\/test.dagic.es\/fr\/wp-json\/wp\/v2\/comments?post=5293"}],"wp:featuredmedia":[{"embeddable":true,"href":"https:\/\/test.dagic.es\/fr\/wp-json\/wp\/v2\/media\/9470"}],"wp:attachment":[{"href":"https:\/\/test.dagic.es\/fr\/wp-json\/wp\/v2\/media?parent=5293"}],"wp:term":[{"taxonomy":"product_brand","embeddable":true,"href":"https:\/\/test.dagic.es\/fr\/wp-json\/wp\/v2\/product_brand?post=5293"},{"taxonomy":"product_cat","embeddable":true,"href":"https:\/\/test.dagic.es\/fr\/wp-json\/wp\/v2\/product_cat?post=5293"},{"taxonomy":"product_tag","embeddable":true,"href":"https:\/\/test.dagic.es\/fr\/wp-json\/wp\/v2\/product_tag?post=5293"}],"curies":[{"name":"wp","href":"https:\/\/api.w.org\/{rel}","templated":true}]}}