{"id":4773,"date":"2014-10-13T15:02:21","date_gmt":"2014-10-13T14:02:21","guid":{"rendered":"http:\/\/cartonlab.holamundo.me\/?post_type=product&#038;p=4773"},"modified":"2021-01-13T15:29:03","modified_gmt":"2021-01-13T14:29:03","slug":"mixit","status":"publish","type":"product","link":"https:\/\/test.dagic.es\/fr\/producto\/mixit\/","title":{"rendered":"Mixit! juguete de cart\u00f3n creativo. Edici\u00f3n exclusiva Diego Liz\u00e1n"},"excerpt":{"rendered":"<p><strong>Mixit<\/strong> es un <strong>juguete de cart\u00f3n <\/strong>creativo fruto de la colaboraci\u00f3n entre <strong>Cartonlab <\/strong>y el Ilustrador <strong>Diego Liz\u00e1n.\u00a0<\/strong>Se trata de un <em>art toy<\/em> ideal para decoraci\u00f3n de cualquier espacio. Fomenta el desarrollo de la creatividad, percepci\u00f3n y habilidades espaciales de los m\u00e1s peque\u00f1os.\u00a0 <strong>MIXIT<\/strong>:\u00a0<b>\u00a0juguete<\/b>, <b>obra de arte<\/b> y <b>art\u00edculo de decoraci\u00f3n <\/b>todo en uno.\u00a0 Construye \u00a0los <strong>infinitos<\/strong> personajes imaginarios que habitan en el\u00a0universo creativo de Diego a partir de m\u00e1s de <strong>40 piezas distintas<\/strong> que forman parte del malet\u00edn.\u00a0<strong>\u00a1Infinitos personajes,\u00a0<\/strong><strong>Infinita diversi\u00f3n!<\/strong><\/p>\n<p>Una nueva forma de entender el<strong> dise\u00f1o de producto<\/strong>, en <strong>edici\u00f3n exclusiva<\/strong>, poniendo en valor el extraordinario talento de los creativos que nos rodean y las posibilidades y recursos que ofrece la fabricaci\u00f3n digital contempor\u00e1nea. Est\u00e1 <strong>dise\u00f1ado y producido en Espa\u00f1a<\/strong>, con cart\u00f3n certificado <strong>FSC<\/strong> de plantaciones sostenibles y es <strong>100% reciclable<\/strong>.<\/p>\n[embed]https:\/\/www.youtube.com\/watch?v=3WUtU8A1byM[\/embed]\n<p><span style=\"color: #000000;\">Ver Video <strong><a style=\"color: #000000;\" href=\"https:\/\/www.youtube.com\/watch?v=3WUtU8A1byM\">MIXIT! Juguete de cart\u00f3n<\/a> <\/strong>en nuestro canal de\u00a0 <strong><a style=\"color: #000000;\" href=\"https:\/\/www.youtube.com\/channel\/UCa6mVP8sPBPXouQMhOvzQNA\">Cartonlab en Youtube.<\/a><\/strong><\/span><\/p>\n","protected":false},"featured_media":11287,"comment_status":"open","ping_status":"closed","template":"","meta":{"_acf_changed":false,"inline_featured_image":false},"product_brand":[],"product_cat":[3041,3019,3044],"product_tag":[],"class_list":{"0":"post-4773","1":"product","2":"type-product","3":"status-publish","4":"has-post-thumbnail","6":"product_cat-decor","7":"product_cat-dessins-pour-enfants","8":"product_cat-jouets-en-carton","9":"product_shipping_class-productopequeno","11":"first","12":"outofstock","13":"taxable","14":"shipping-taxable","15":"product-type-simple"},"acf":[],"yoast_head":"<!-- This site is optimized with the Yoast SEO plugin v27.2 - https:\/\/yoast.com\/product\/yoast-seo-wordpress\/ -->\n<title>Mixit juguete de cart\u00f3n creativo by Cartonlab y Diego Liz\u00e1n | Edici\u00f3n limitada<\/title>\n<meta name=\"description\" content=\"Mixit es un juguete para decoraci\u00f3n creativa de cart\u00f3n dise\u00f1ado por Diego Liz\u00e1n y producido en exclusiva por cartonlab. Compra online aqui.\" \/>\n<meta name=\"robots\" content=\"index, follow, max-snippet:-1, max-image-preview:large, max-video-preview:-1\" \/>\n<link rel=\"canonical\" href=\"https:\/\/test.dagic.es\/fr\/producto\/mixit\/\" \/>\n<meta property=\"og:locale\" content=\"fr_FR\" \/>\n<meta property=\"og:type\" content=\"article\" \/>\n<meta property=\"og:title\" content=\"Mixit juguete de cart\u00f3n creativo by Cartonlab y Diego Liz\u00e1n | Edici\u00f3n limitada\" \/>\n<meta property=\"og:description\" content=\"Mixit es un juguete para decoraci\u00f3n creativa de cart\u00f3n dise\u00f1ado por Diego Liz\u00e1n y producido en exclusiva por cartonlab. Compra online aqui.\" \/>\n<meta property=\"og:url\" content=\"https:\/\/test.dagic.es\/fr\/producto\/mixit\/\" \/>\n<meta property=\"og:site_name\" content=\"Cartonlab FR\" \/>\n<meta property=\"article:modified_time\" content=\"2021-01-13T14:29:03+00:00\" \/>\n<meta property=\"og:image\" content=\"https:\/\/test.dagic.es\/fr\/wp-content\/uploads\/sites\/5\/2014\/10\/mixit-juguete-figuras-carton-ilustracion-diego-lizan.jpg\" \/>\n\t<meta property=\"og:image:width\" content=\"1444\" \/>\n\t<meta property=\"og:image:height\" content=\"1444\" \/>\n\t<meta property=\"og:image:type\" content=\"image\/jpeg\" \/>\n<meta name=\"twitter:card\" content=\"summary_large_image\" \/>\n<script type=\"application\/ld+json\" class=\"yoast-schema-graph\">{\"@context\":\"https:\/\/schema.org\",\"@graph\":[{\"@type\":\"WebPage\",\"@id\":\"https:\/\/test.dagic.es\/fr\/producto\/mixit\/\",\"url\":\"https:\/\/test.dagic.es\/fr\/producto\/mixit\/\",\"name\":\"Mixit juguete de cart\u00f3n creativo by Cartonlab y Diego Liz\u00e1n | Edici\u00f3n limitada\",\"isPartOf\":{\"@id\":\"https:\/\/test.dagic.es\/fr\/#website\"},\"primaryImageOfPage\":{\"@id\":\"https:\/\/test.dagic.es\/fr\/producto\/mixit\/#primaryimage\"},\"image\":{\"@id\":\"https:\/\/test.dagic.es\/fr\/producto\/mixit\/#primaryimage\"},\"thumbnailUrl\":\"https:\/\/test.dagic.es\/fr\/wp-content\/uploads\/sites\/5\/2014\/10\/mixit-juguete-figuras-carton-ilustracion-diego-lizan.jpg\",\"datePublished\":\"2014-10-13T14:02:21+00:00\",\"dateModified\":\"2021-01-13T14:29:03+00:00\",\"description\":\"Mixit es un juguete para decoraci\u00f3n creativa de cart\u00f3n dise\u00f1ado por Diego Liz\u00e1n y producido en exclusiva por cartonlab. Compra online aqui.\",\"breadcrumb\":{\"@id\":\"https:\/\/test.dagic.es\/fr\/producto\/mixit\/#breadcrumb\"},\"inLanguage\":\"fr-FR\",\"potentialAction\":[{\"@type\":\"ReadAction\",\"target\":[\"https:\/\/test.dagic.es\/fr\/producto\/mixit\/\"]}]},{\"@type\":\"ImageObject\",\"inLanguage\":\"fr-FR\",\"@id\":\"https:\/\/test.dagic.es\/fr\/producto\/mixit\/#primaryimage\",\"url\":\"https:\/\/test.dagic.es\/fr\/wp-content\/uploads\/sites\/5\/2014\/10\/mixit-juguete-figuras-carton-ilustracion-diego-lizan.jpg\",\"contentUrl\":\"https:\/\/test.dagic.es\/fr\/wp-content\/uploads\/sites\/5\/2014\/10\/mixit-juguete-figuras-carton-ilustracion-diego-lizan.jpg\",\"width\":1444,\"height\":1444,\"caption\":\"mixit juguete creativo carton ilustracion diego lizan\"},{\"@type\":\"BreadcrumbList\",\"@id\":\"https:\/\/test.dagic.es\/fr\/producto\/mixit\/#breadcrumb\",\"itemListElement\":[{\"@type\":\"ListItem\",\"position\":1,\"name\":\"Accueil\",\"item\":\"https:\/\/test.dagic.es\/fr\/\"},{\"@type\":\"ListItem\",\"position\":2,\"name\":\"Produits\",\"item\":\"https:\/\/test.dagic.es\/fr\/shop\/\"},{\"@type\":\"ListItem\",\"position\":3,\"name\":\"Mixit! juguete de cart\u00f3n creativo. Edici\u00f3n exclusiva Diego Liz\u00e1n\"}]},{\"@type\":\"WebSite\",\"@id\":\"https:\/\/test.dagic.es\/fr\/#website\",\"url\":\"https:\/\/test.dagic.es\/fr\/\",\"name\":\"Cartonlab FR\",\"description\":\"Cartonlab | Projets internationaux pour \u00e9v\u00e9nements et stands\",\"publisher\":{\"@id\":\"https:\/\/test.dagic.es\/fr\/#organization\"},\"potentialAction\":[{\"@type\":\"SearchAction\",\"target\":{\"@type\":\"EntryPoint\",\"urlTemplate\":\"https:\/\/test.dagic.es\/fr\/?s={search_term_string}\"},\"query-input\":{\"@type\":\"PropertyValueSpecification\",\"valueRequired\":true,\"valueName\":\"search_term_string\"}}],\"inLanguage\":\"fr-FR\"},{\"@type\":\"Organization\",\"@id\":\"https:\/\/test.dagic.es\/fr\/#organization\",\"name\":\"Cartonlab FR\",\"url\":\"https:\/\/test.dagic.es\/fr\/\",\"logo\":{\"@type\":\"ImageObject\",\"inLanguage\":\"fr-FR\",\"@id\":\"https:\/\/test.dagic.es\/fr\/#\/schema\/logo\/image\/\",\"url\":\"https:\/\/test.dagic.es\/fr\/wp-content\/uploads\/sites\/5\/2023\/07\/logo.svg\",\"contentUrl\":\"https:\/\/test.dagic.es\/fr\/wp-content\/uploads\/sites\/5\/2023\/07\/logo.svg\",\"width\":163,\"height\":44,\"caption\":\"Cartonlab FR\"},\"image\":{\"@id\":\"https:\/\/test.dagic.es\/fr\/#\/schema\/logo\/image\/\"}}]}<\/script>\n<!-- \/ Yoast SEO plugin. -->","yoast_head_json":{"title":"Mixit juguete de cart\u00f3n creativo by Cartonlab y Diego Liz\u00e1n | Edici\u00f3n limitada","description":"Mixit es un juguete para decoraci\u00f3n creativa de cart\u00f3n dise\u00f1ado por Diego Liz\u00e1n y producido en exclusiva por cartonlab. Compra online aqui.","robots":{"index":"index","follow":"follow","max-snippet":"max-snippet:-1","max-image-preview":"max-image-preview:large","max-video-preview":"max-video-preview:-1"},"canonical":"https:\/\/test.dagic.es\/fr\/producto\/mixit\/","og_locale":"fr_FR","og_type":"article","og_title":"Mixit juguete de cart\u00f3n creativo by Cartonlab y Diego Liz\u00e1n | Edici\u00f3n limitada","og_description":"Mixit es un juguete para decoraci\u00f3n creativa de cart\u00f3n dise\u00f1ado por Diego Liz\u00e1n y producido en exclusiva por cartonlab. Compra online aqui.","og_url":"https:\/\/test.dagic.es\/fr\/producto\/mixit\/","og_site_name":"Cartonlab FR","article_modified_time":"2021-01-13T14:29:03+00:00","og_image":[{"width":1444,"height":1444,"url":"https:\/\/test.dagic.es\/fr\/wp-content\/uploads\/sites\/5\/2014\/10\/mixit-juguete-figuras-carton-ilustracion-diego-lizan.jpg","type":"image\/jpeg"}],"twitter_card":"summary_large_image","schema":{"@context":"https:\/\/schema.org","@graph":[{"@type":"WebPage","@id":"https:\/\/test.dagic.es\/fr\/producto\/mixit\/","url":"https:\/\/test.dagic.es\/fr\/producto\/mixit\/","name":"Mixit juguete de cart\u00f3n creativo by Cartonlab y Diego Liz\u00e1n | Edici\u00f3n limitada","isPartOf":{"@id":"https:\/\/test.dagic.es\/fr\/#website"},"primaryImageOfPage":{"@id":"https:\/\/test.dagic.es\/fr\/producto\/mixit\/#primaryimage"},"image":{"@id":"https:\/\/test.dagic.es\/fr\/producto\/mixit\/#primaryimage"},"thumbnailUrl":"https:\/\/test.dagic.es\/fr\/wp-content\/uploads\/sites\/5\/2014\/10\/mixit-juguete-figuras-carton-ilustracion-diego-lizan.jpg","datePublished":"2014-10-13T14:02:21+00:00","dateModified":"2021-01-13T14:29:03+00:00","description":"Mixit es un juguete para decoraci\u00f3n creativa de cart\u00f3n dise\u00f1ado por Diego Liz\u00e1n y producido en exclusiva por cartonlab. Compra online aqui.","breadcrumb":{"@id":"https:\/\/test.dagic.es\/fr\/producto\/mixit\/#breadcrumb"},"inLanguage":"fr-FR","potentialAction":[{"@type":"ReadAction","target":["https:\/\/test.dagic.es\/fr\/producto\/mixit\/"]}]},{"@type":"ImageObject","inLanguage":"fr-FR","@id":"https:\/\/test.dagic.es\/fr\/producto\/mixit\/#primaryimage","url":"https:\/\/test.dagic.es\/fr\/wp-content\/uploads\/sites\/5\/2014\/10\/mixit-juguete-figuras-carton-ilustracion-diego-lizan.jpg","contentUrl":"https:\/\/test.dagic.es\/fr\/wp-content\/uploads\/sites\/5\/2014\/10\/mixit-juguete-figuras-carton-ilustracion-diego-lizan.jpg","width":1444,"height":1444,"caption":"mixit juguete creativo carton ilustracion diego lizan"},{"@type":"BreadcrumbList","@id":"https:\/\/test.dagic.es\/fr\/producto\/mixit\/#breadcrumb","itemListElement":[{"@type":"ListItem","position":1,"name":"Accueil","item":"https:\/\/test.dagic.es\/fr\/"},{"@type":"ListItem","position":2,"name":"Produits","item":"https:\/\/test.dagic.es\/fr\/shop\/"},{"@type":"ListItem","position":3,"name":"Mixit! juguete de cart\u00f3n creativo. Edici\u00f3n exclusiva Diego Liz\u00e1n"}]},{"@type":"WebSite","@id":"https:\/\/test.dagic.es\/fr\/#website","url":"https:\/\/test.dagic.es\/fr\/","name":"Cartonlab FR","description":"Cartonlab | Projets internationaux pour \u00e9v\u00e9nements et stands","publisher":{"@id":"https:\/\/test.dagic.es\/fr\/#organization"},"potentialAction":[{"@type":"SearchAction","target":{"@type":"EntryPoint","urlTemplate":"https:\/\/test.dagic.es\/fr\/?s={search_term_string}"},"query-input":{"@type":"PropertyValueSpecification","valueRequired":true,"valueName":"search_term_string"}}],"inLanguage":"fr-FR"},{"@type":"Organization","@id":"https:\/\/test.dagic.es\/fr\/#organization","name":"Cartonlab FR","url":"https:\/\/test.dagic.es\/fr\/","logo":{"@type":"ImageObject","inLanguage":"fr-FR","@id":"https:\/\/test.dagic.es\/fr\/#\/schema\/logo\/image\/","url":"https:\/\/test.dagic.es\/fr\/wp-content\/uploads\/sites\/5\/2023\/07\/logo.svg","contentUrl":"https:\/\/test.dagic.es\/fr\/wp-content\/uploads\/sites\/5\/2023\/07\/logo.svg","width":163,"height":44,"caption":"Cartonlab FR"},"image":{"@id":"https:\/\/test.dagic.es\/fr\/#\/schema\/logo\/image\/"}}]}},"_links":{"self":[{"href":"https:\/\/test.dagic.es\/fr\/wp-json\/wp\/v2\/product\/4773","targetHints":{"allow":["GET"]}}],"collection":[{"href":"https:\/\/test.dagic.es\/fr\/wp-json\/wp\/v2\/product"}],"about":[{"href":"https:\/\/test.dagic.es\/fr\/wp-json\/wp\/v2\/types\/product"}],"replies":[{"embeddable":true,"href":"https:\/\/test.dagic.es\/fr\/wp-json\/wp\/v2\/comments?post=4773"}],"wp:featuredmedia":[{"embeddable":true,"href":"https:\/\/test.dagic.es\/fr\/wp-json\/wp\/v2\/media\/11287"}],"wp:attachment":[{"href":"https:\/\/test.dagic.es\/fr\/wp-json\/wp\/v2\/media?parent=4773"}],"wp:term":[{"taxonomy":"product_brand","embeddable":true,"href":"https:\/\/test.dagic.es\/fr\/wp-json\/wp\/v2\/product_brand?post=4773"},{"taxonomy":"product_cat","embeddable":true,"href":"https:\/\/test.dagic.es\/fr\/wp-json\/wp\/v2\/product_cat?post=4773"},{"taxonomy":"product_tag","embeddable":true,"href":"https:\/\/test.dagic.es\/fr\/wp-json\/wp\/v2\/product_tag?post=4773"}],"curies":[{"name":"wp","href":"https:\/\/api.w.org\/{rel}","templated":true}]}}