{"id":4677,"date":"2014-09-25T12:04:36","date_gmt":"2014-09-25T11:04:36","guid":{"rendered":"http:\/\/cartonlab.holamundo.me\/?post_type=product&#038;p=4677"},"modified":"2019-09-06T12:04:24","modified_gmt":"2019-09-06T11:04:24","slug":"mascara-origami-oso","status":"publish","type":"product","link":"https:\/\/test.dagic.es\/fr\/producto\/mascara-origami-oso\/","title":{"rendered":"M\u00e1scara de Oso Plegable de cart\u00f3n."},"excerpt":{"rendered":"<p><strong>M\u00e1scara de oso <\/strong>de cart\u00f3n plegable Un original y divertido dise\u00f1o\u00a0 ideal para eventos, talleres infantiles, cumplea\u00f1os, etc. F\u00e1cil de montar y de personalizar con pinturas, rotuladores, l\u00e1pices, etc.\u00a0 Puedes utilizarla como l\u00e1mpara de mesa, l\u00e1mpara de pared, como disfraz de\u00a0grandes y peque\u00f1os para fiestas de cumplea\u00f1os, eventos, &#8230;, o simplemente como decoraci\u00f3n en cualquier espacio de tu casa, oficina, Disponible tambi\u00e9n con forma de <a title=\"M\u00e1scara Origami Conejo\" href=\"http:\/\/test.dagic.es\/producto\/mascara-origami-conejo\/\"><strong>conejo.<\/strong><\/a><\/p>\n<p>Se entregan desmontadas en un paquete plano, con una sencilla gu\u00eda de ensamblaje. S\u00f3lo\u00a0 necesitas un poco de paciencia y creatividad para pintarla y personalizarla como quieras. Convi\u00e9rtela en un objeto de <strong>decoraci\u00f3n<\/strong> exclusivo. Incluye agujero para poder colgarla en la pared.<\/p>\n<p>&nbsp;<\/p>\n","protected":false},"featured_media":4679,"comment_status":"open","ping_status":"closed","template":"","meta":{"_acf_changed":false,"inline_featured_image":false},"product_brand":[],"product_cat":[3019,3044],"product_tag":[],"class_list":{"0":"post-4677","1":"product","2":"type-product","3":"status-publish","4":"has-post-thumbnail","6":"product_cat-dessins-pour-enfants","7":"product_cat-jouets-en-carton","9":"first","10":"outofstock","11":"taxable","12":"shipping-taxable","13":"product-type-simple"},"acf":[],"yoast_head":"<!-- This site is optimized with the Yoast SEO plugin v27.2 - https:\/\/yoast.com\/product\/yoast-seo-wordpress\/ -->\n<title>M\u00e1scara de Oso de cart\u00f3n plegable. F\u00e1cil de montar. Ecodise\u00f1o para ni\u00f1os.<\/title>\n<meta name=\"description\" content=\"M\u00e1scara de Oso de cart\u00f3n plegable. Dise\u00f1o exclusivo Lowpolly de cartonlab inspirado en el Origami. F\u00e1cil de montar. Talleres y eventos infantiles.\" \/>\n<meta name=\"robots\" content=\"index, follow, max-snippet:-1, max-image-preview:large, max-video-preview:-1\" \/>\n<link rel=\"canonical\" href=\"https:\/\/test.dagic.es\/fr\/producto\/mascara-origami-oso\/\" \/>\n<meta property=\"og:locale\" content=\"fr_FR\" \/>\n<meta property=\"og:type\" content=\"article\" \/>\n<meta property=\"og:title\" content=\"M\u00e1scara de Oso de cart\u00f3n plegable. F\u00e1cil de montar. Ecodise\u00f1o para ni\u00f1os.\" \/>\n<meta property=\"og:description\" content=\"M\u00e1scara de Oso de cart\u00f3n plegable. Dise\u00f1o exclusivo Lowpolly de cartonlab inspirado en el Origami. F\u00e1cil de montar. Talleres y eventos infantiles.\" \/>\n<meta property=\"og:url\" content=\"https:\/\/test.dagic.es\/fr\/producto\/mascara-origami-oso\/\" \/>\n<meta property=\"og:site_name\" content=\"Cartonlab FR\" \/>\n<meta property=\"article:modified_time\" content=\"2019-09-06T11:04:24+00:00\" \/>\n<meta property=\"og:image\" content=\"https:\/\/test.dagic.es\/fr\/wp-content\/uploads\/sites\/5\/2014\/09\/careta-mascara-origami-oso-cartonlab-2.jpg\" \/>\n\t<meta property=\"og:image:width\" content=\"600\" \/>\n\t<meta property=\"og:image:height\" content=\"600\" \/>\n\t<meta property=\"og:image:type\" content=\"image\/jpeg\" \/>\n<meta name=\"twitter:card\" content=\"summary_large_image\" \/>\n<meta name=\"twitter:label1\" content=\"Dur\u00e9e de lecture estim\u00e9e\" \/>\n\t<meta name=\"twitter:data1\" content=\"1 minute\" \/>\n<script type=\"application\/ld+json\" class=\"yoast-schema-graph\">{\"@context\":\"https:\/\/schema.org\",\"@graph\":[{\"@type\":\"WebPage\",\"@id\":\"https:\/\/test.dagic.es\/fr\/producto\/mascara-origami-oso\/\",\"url\":\"https:\/\/test.dagic.es\/fr\/producto\/mascara-origami-oso\/\",\"name\":\"M\u00e1scara de Oso de cart\u00f3n plegable. F\u00e1cil de montar. Ecodise\u00f1o para ni\u00f1os.\",\"isPartOf\":{\"@id\":\"https:\/\/test.dagic.es\/fr\/#website\"},\"primaryImageOfPage\":{\"@id\":\"https:\/\/test.dagic.es\/fr\/producto\/mascara-origami-oso\/#primaryimage\"},\"image\":{\"@id\":\"https:\/\/test.dagic.es\/fr\/producto\/mascara-origami-oso\/#primaryimage\"},\"thumbnailUrl\":\"https:\/\/test.dagic.es\/fr\/wp-content\/uploads\/sites\/5\/2014\/09\/careta-mascara-origami-oso-cartonlab-2.jpg\",\"datePublished\":\"2014-09-25T11:04:36+00:00\",\"dateModified\":\"2019-09-06T11:04:24+00:00\",\"description\":\"M\u00e1scara de Oso de cart\u00f3n plegable. Dise\u00f1o exclusivo Lowpolly de cartonlab inspirado en el Origami. F\u00e1cil de montar. Talleres y eventos infantiles.\",\"breadcrumb\":{\"@id\":\"https:\/\/test.dagic.es\/fr\/producto\/mascara-origami-oso\/#breadcrumb\"},\"inLanguage\":\"fr-FR\",\"potentialAction\":[{\"@type\":\"ReadAction\",\"target\":[\"https:\/\/test.dagic.es\/fr\/producto\/mascara-origami-oso\/\"]}]},{\"@type\":\"ImageObject\",\"inLanguage\":\"fr-FR\",\"@id\":\"https:\/\/test.dagic.es\/fr\/producto\/mascara-origami-oso\/#primaryimage\",\"url\":\"https:\/\/test.dagic.es\/fr\/wp-content\/uploads\/sites\/5\/2014\/09\/careta-mascara-origami-oso-cartonlab-2.jpg\",\"contentUrl\":\"https:\/\/test.dagic.es\/fr\/wp-content\/uploads\/sites\/5\/2014\/09\/careta-mascara-origami-oso-cartonlab-2.jpg\",\"width\":600,\"height\":600,\"caption\":\"careta mascara origami oso cartonlab (2)\"},{\"@type\":\"BreadcrumbList\",\"@id\":\"https:\/\/test.dagic.es\/fr\/producto\/mascara-origami-oso\/#breadcrumb\",\"itemListElement\":[{\"@type\":\"ListItem\",\"position\":1,\"name\":\"Accueil\",\"item\":\"https:\/\/test.dagic.es\/fr\/\"},{\"@type\":\"ListItem\",\"position\":2,\"name\":\"Produits\",\"item\":\"https:\/\/test.dagic.es\/fr\/shop\/\"},{\"@type\":\"ListItem\",\"position\":3,\"name\":\"M\u00e1scara de Oso Plegable de cart\u00f3n.\"}]},{\"@type\":\"WebSite\",\"@id\":\"https:\/\/test.dagic.es\/fr\/#website\",\"url\":\"https:\/\/test.dagic.es\/fr\/\",\"name\":\"Cartonlab FR\",\"description\":\"Cartonlab | Projets internationaux pour \u00e9v\u00e9nements et stands\",\"publisher\":{\"@id\":\"https:\/\/test.dagic.es\/fr\/#organization\"},\"potentialAction\":[{\"@type\":\"SearchAction\",\"target\":{\"@type\":\"EntryPoint\",\"urlTemplate\":\"https:\/\/test.dagic.es\/fr\/?s={search_term_string}\"},\"query-input\":{\"@type\":\"PropertyValueSpecification\",\"valueRequired\":true,\"valueName\":\"search_term_string\"}}],\"inLanguage\":\"fr-FR\"},{\"@type\":\"Organization\",\"@id\":\"https:\/\/test.dagic.es\/fr\/#organization\",\"name\":\"Cartonlab FR\",\"url\":\"https:\/\/test.dagic.es\/fr\/\",\"logo\":{\"@type\":\"ImageObject\",\"inLanguage\":\"fr-FR\",\"@id\":\"https:\/\/test.dagic.es\/fr\/#\/schema\/logo\/image\/\",\"url\":\"https:\/\/test.dagic.es\/fr\/wp-content\/uploads\/sites\/5\/2023\/07\/logo.svg\",\"contentUrl\":\"https:\/\/test.dagic.es\/fr\/wp-content\/uploads\/sites\/5\/2023\/07\/logo.svg\",\"width\":163,\"height\":44,\"caption\":\"Cartonlab FR\"},\"image\":{\"@id\":\"https:\/\/test.dagic.es\/fr\/#\/schema\/logo\/image\/\"}}]}<\/script>\n<!-- \/ Yoast SEO plugin. -->","yoast_head_json":{"title":"M\u00e1scara de Oso de cart\u00f3n plegable. F\u00e1cil de montar. Ecodise\u00f1o para ni\u00f1os.","description":"M\u00e1scara de Oso de cart\u00f3n plegable. Dise\u00f1o exclusivo Lowpolly de cartonlab inspirado en el Origami. F\u00e1cil de montar. Talleres y eventos infantiles.","robots":{"index":"index","follow":"follow","max-snippet":"max-snippet:-1","max-image-preview":"max-image-preview:large","max-video-preview":"max-video-preview:-1"},"canonical":"https:\/\/test.dagic.es\/fr\/producto\/mascara-origami-oso\/","og_locale":"fr_FR","og_type":"article","og_title":"M\u00e1scara de Oso de cart\u00f3n plegable. F\u00e1cil de montar. Ecodise\u00f1o para ni\u00f1os.","og_description":"M\u00e1scara de Oso de cart\u00f3n plegable. Dise\u00f1o exclusivo Lowpolly de cartonlab inspirado en el Origami. F\u00e1cil de montar. Talleres y eventos infantiles.","og_url":"https:\/\/test.dagic.es\/fr\/producto\/mascara-origami-oso\/","og_site_name":"Cartonlab FR","article_modified_time":"2019-09-06T11:04:24+00:00","og_image":[{"width":600,"height":600,"url":"https:\/\/test.dagic.es\/fr\/wp-content\/uploads\/sites\/5\/2014\/09\/careta-mascara-origami-oso-cartonlab-2.jpg","type":"image\/jpeg"}],"twitter_card":"summary_large_image","twitter_misc":{"Dur\u00e9e de lecture estim\u00e9e":"1 minute"},"schema":{"@context":"https:\/\/schema.org","@graph":[{"@type":"WebPage","@id":"https:\/\/test.dagic.es\/fr\/producto\/mascara-origami-oso\/","url":"https:\/\/test.dagic.es\/fr\/producto\/mascara-origami-oso\/","name":"M\u00e1scara de Oso de cart\u00f3n plegable. F\u00e1cil de montar. Ecodise\u00f1o para ni\u00f1os.","isPartOf":{"@id":"https:\/\/test.dagic.es\/fr\/#website"},"primaryImageOfPage":{"@id":"https:\/\/test.dagic.es\/fr\/producto\/mascara-origami-oso\/#primaryimage"},"image":{"@id":"https:\/\/test.dagic.es\/fr\/producto\/mascara-origami-oso\/#primaryimage"},"thumbnailUrl":"https:\/\/test.dagic.es\/fr\/wp-content\/uploads\/sites\/5\/2014\/09\/careta-mascara-origami-oso-cartonlab-2.jpg","datePublished":"2014-09-25T11:04:36+00:00","dateModified":"2019-09-06T11:04:24+00:00","description":"M\u00e1scara de Oso de cart\u00f3n plegable. Dise\u00f1o exclusivo Lowpolly de cartonlab inspirado en el Origami. F\u00e1cil de montar. Talleres y eventos infantiles.","breadcrumb":{"@id":"https:\/\/test.dagic.es\/fr\/producto\/mascara-origami-oso\/#breadcrumb"},"inLanguage":"fr-FR","potentialAction":[{"@type":"ReadAction","target":["https:\/\/test.dagic.es\/fr\/producto\/mascara-origami-oso\/"]}]},{"@type":"ImageObject","inLanguage":"fr-FR","@id":"https:\/\/test.dagic.es\/fr\/producto\/mascara-origami-oso\/#primaryimage","url":"https:\/\/test.dagic.es\/fr\/wp-content\/uploads\/sites\/5\/2014\/09\/careta-mascara-origami-oso-cartonlab-2.jpg","contentUrl":"https:\/\/test.dagic.es\/fr\/wp-content\/uploads\/sites\/5\/2014\/09\/careta-mascara-origami-oso-cartonlab-2.jpg","width":600,"height":600,"caption":"careta mascara origami oso cartonlab (2)"},{"@type":"BreadcrumbList","@id":"https:\/\/test.dagic.es\/fr\/producto\/mascara-origami-oso\/#breadcrumb","itemListElement":[{"@type":"ListItem","position":1,"name":"Accueil","item":"https:\/\/test.dagic.es\/fr\/"},{"@type":"ListItem","position":2,"name":"Produits","item":"https:\/\/test.dagic.es\/fr\/shop\/"},{"@type":"ListItem","position":3,"name":"M\u00e1scara de Oso Plegable de cart\u00f3n."}]},{"@type":"WebSite","@id":"https:\/\/test.dagic.es\/fr\/#website","url":"https:\/\/test.dagic.es\/fr\/","name":"Cartonlab FR","description":"Cartonlab | Projets internationaux pour \u00e9v\u00e9nements et stands","publisher":{"@id":"https:\/\/test.dagic.es\/fr\/#organization"},"potentialAction":[{"@type":"SearchAction","target":{"@type":"EntryPoint","urlTemplate":"https:\/\/test.dagic.es\/fr\/?s={search_term_string}"},"query-input":{"@type":"PropertyValueSpecification","valueRequired":true,"valueName":"search_term_string"}}],"inLanguage":"fr-FR"},{"@type":"Organization","@id":"https:\/\/test.dagic.es\/fr\/#organization","name":"Cartonlab FR","url":"https:\/\/test.dagic.es\/fr\/","logo":{"@type":"ImageObject","inLanguage":"fr-FR","@id":"https:\/\/test.dagic.es\/fr\/#\/schema\/logo\/image\/","url":"https:\/\/test.dagic.es\/fr\/wp-content\/uploads\/sites\/5\/2023\/07\/logo.svg","contentUrl":"https:\/\/test.dagic.es\/fr\/wp-content\/uploads\/sites\/5\/2023\/07\/logo.svg","width":163,"height":44,"caption":"Cartonlab FR"},"image":{"@id":"https:\/\/test.dagic.es\/fr\/#\/schema\/logo\/image\/"}}]}},"_links":{"self":[{"href":"https:\/\/test.dagic.es\/fr\/wp-json\/wp\/v2\/product\/4677","targetHints":{"allow":["GET"]}}],"collection":[{"href":"https:\/\/test.dagic.es\/fr\/wp-json\/wp\/v2\/product"}],"about":[{"href":"https:\/\/test.dagic.es\/fr\/wp-json\/wp\/v2\/types\/product"}],"replies":[{"embeddable":true,"href":"https:\/\/test.dagic.es\/fr\/wp-json\/wp\/v2\/comments?post=4677"}],"wp:featuredmedia":[{"embeddable":true,"href":"https:\/\/test.dagic.es\/fr\/wp-json\/wp\/v2\/media\/4679"}],"wp:attachment":[{"href":"https:\/\/test.dagic.es\/fr\/wp-json\/wp\/v2\/media?parent=4677"}],"wp:term":[{"taxonomy":"product_brand","embeddable":true,"href":"https:\/\/test.dagic.es\/fr\/wp-json\/wp\/v2\/product_brand?post=4677"},{"taxonomy":"product_cat","embeddable":true,"href":"https:\/\/test.dagic.es\/fr\/wp-json\/wp\/v2\/product_cat?post=4677"},{"taxonomy":"product_tag","embeddable":true,"href":"https:\/\/test.dagic.es\/fr\/wp-json\/wp\/v2\/product_tag?post=4677"}],"curies":[{"name":"wp","href":"https:\/\/api.w.org\/{rel}","templated":true}]}}