{"id":4673,"date":"2014-09-25T12:04:27","date_gmt":"2014-09-25T11:04:27","guid":{"rendered":"http:\/\/cartonlab.holamundo.me\/?post_type=product&#038;p=4673"},"modified":"2020-02-10T12:40:29","modified_gmt":"2020-02-10T11:40:29","slug":"mascara-origami-conejo","status":"publish","type":"product","link":"https:\/\/test.dagic.es\/fr\/producto\/mascara-origami-conejo\/","title":{"rendered":"M\u00e1scara de conejo de cart\u00f3n plegable | Juego y decoraci\u00f3n creativa"},"excerpt":{"rendered":"<p><strong>M\u00e1scara de conejo plegable<\/strong> fabricada en\u00a0cart\u00f3n.\u00a0 Incluye <strong>pack de 10 unidades.<\/strong> Ideal para\u00a0 fiestas,\u00a0celebraciones,\u00a0 talleres infantiles, cumplea\u00f1os, o simplemente para pasar un rato divertido con los ni\u00f1os.<\/p>\n<p>Se entregan desmontadas en un paquete plano, con una sencilla gu\u00eda de ensamblaje. S\u00f3lo\u00a0 necesitas un poco de paciencia y creatividad para pintarla y personalizarla como quieras. Convi\u00e9rtela en un objeto de <strong>decoraci\u00f3n<\/strong> exclusivo. Incluye agujero para poder colgarla en la pared.<\/p>\n<ul>\n<li><\/li>\n<\/ul>\n<p>&nbsp;<\/p>\n<h3><\/h3>\n","protected":false},"featured_media":6947,"comment_status":"open","ping_status":"closed","template":"","meta":{"_acf_changed":false,"inline_featured_image":false},"product_brand":[],"product_cat":[3041,3019,3044],"product_tag":[],"class_list":{"0":"post-4673","1":"product","2":"type-product","3":"status-publish","4":"has-post-thumbnail","6":"product_cat-decor","7":"product_cat-dessins-pour-enfants","8":"product_cat-jouets-en-carton","9":"product_shipping_class-productopequeno","11":"first","12":"instock","13":"taxable","14":"shipping-taxable","15":"product-type-simple"},"acf":[],"yoast_head":"<!-- This site is optimized with the Yoast SEO plugin v27.2 - https:\/\/yoast.com\/product\/yoast-seo-wordpress\/ -->\n<title>M\u00e1scara de conejo de cart\u00f3n plegable | talleres y eventos infantiles<\/title>\n<meta name=\"description\" content=\"M\u00e1scara de conejo de cart\u00f3n plegable. F\u00e1cil montaje. Ideal para actividades y talleres infantiles, decoraci\u00f3n y eventos. Dise\u00f1ada por Cartonlab.\" \/>\n<meta name=\"robots\" content=\"index, follow, max-snippet:-1, max-image-preview:large, max-video-preview:-1\" \/>\n<link rel=\"canonical\" href=\"https:\/\/test.dagic.es\/fr\/producto\/mascara-origami-conejo\/\" \/>\n<meta property=\"og:locale\" content=\"fr_FR\" \/>\n<meta property=\"og:type\" content=\"article\" \/>\n<meta property=\"og:title\" content=\"M\u00e1scara de conejo de cart\u00f3n plegable | talleres y eventos infantiles\" \/>\n<meta property=\"og:description\" content=\"M\u00e1scara de conejo de cart\u00f3n plegable. F\u00e1cil montaje. Ideal para actividades y talleres infantiles, decoraci\u00f3n y eventos. Dise\u00f1ada por Cartonlab.\" \/>\n<meta property=\"og:url\" content=\"https:\/\/test.dagic.es\/fr\/producto\/mascara-origami-conejo\/\" \/>\n<meta property=\"og:site_name\" content=\"Cartonlab FR\" \/>\n<meta property=\"article:modified_time\" content=\"2020-02-10T11:40:29+00:00\" \/>\n<meta property=\"og:image\" content=\"https:\/\/test.dagic.es\/fr\/wp-content\/uploads\/sites\/5\/2014\/09\/mascara-conejo-carton-cartonlab-01.jpg\" \/>\n\t<meta property=\"og:image:width\" content=\"630\" \/>\n\t<meta property=\"og:image:height\" content=\"630\" \/>\n\t<meta property=\"og:image:type\" content=\"image\/jpeg\" \/>\n<meta name=\"twitter:card\" content=\"summary_large_image\" \/>\n<script type=\"application\/ld+json\" class=\"yoast-schema-graph\">{\"@context\":\"https:\/\/schema.org\",\"@graph\":[{\"@type\":\"WebPage\",\"@id\":\"https:\/\/test.dagic.es\/fr\/producto\/mascara-origami-conejo\/\",\"url\":\"https:\/\/test.dagic.es\/fr\/producto\/mascara-origami-conejo\/\",\"name\":\"M\u00e1scara de conejo de cart\u00f3n plegable | talleres y eventos infantiles\",\"isPartOf\":{\"@id\":\"https:\/\/test.dagic.es\/fr\/#website\"},\"primaryImageOfPage\":{\"@id\":\"https:\/\/test.dagic.es\/fr\/producto\/mascara-origami-conejo\/#primaryimage\"},\"image\":{\"@id\":\"https:\/\/test.dagic.es\/fr\/producto\/mascara-origami-conejo\/#primaryimage\"},\"thumbnailUrl\":\"https:\/\/test.dagic.es\/fr\/wp-content\/uploads\/sites\/5\/2014\/09\/mascara-conejo-carton-cartonlab-01.jpg\",\"datePublished\":\"2014-09-25T11:04:27+00:00\",\"dateModified\":\"2020-02-10T11:40:29+00:00\",\"description\":\"M\u00e1scara de conejo de cart\u00f3n plegable. F\u00e1cil montaje. Ideal para actividades y talleres infantiles, decoraci\u00f3n y eventos. Dise\u00f1ada por Cartonlab.\",\"breadcrumb\":{\"@id\":\"https:\/\/test.dagic.es\/fr\/producto\/mascara-origami-conejo\/#breadcrumb\"},\"inLanguage\":\"fr-FR\",\"potentialAction\":[{\"@type\":\"ReadAction\",\"target\":[\"https:\/\/test.dagic.es\/fr\/producto\/mascara-origami-conejo\/\"]}]},{\"@type\":\"ImageObject\",\"inLanguage\":\"fr-FR\",\"@id\":\"https:\/\/test.dagic.es\/fr\/producto\/mascara-origami-conejo\/#primaryimage\",\"url\":\"https:\/\/test.dagic.es\/fr\/wp-content\/uploads\/sites\/5\/2014\/09\/mascara-conejo-carton-cartonlab-01.jpg\",\"contentUrl\":\"https:\/\/test.dagic.es\/fr\/wp-content\/uploads\/sites\/5\/2014\/09\/mascara-conejo-carton-cartonlab-01.jpg\",\"width\":630,\"height\":630,\"caption\":\"mascara conejo cart\u00f3n plegada cartonlab\"},{\"@type\":\"BreadcrumbList\",\"@id\":\"https:\/\/test.dagic.es\/fr\/producto\/mascara-origami-conejo\/#breadcrumb\",\"itemListElement\":[{\"@type\":\"ListItem\",\"position\":1,\"name\":\"Accueil\",\"item\":\"https:\/\/test.dagic.es\/fr\/\"},{\"@type\":\"ListItem\",\"position\":2,\"name\":\"Produits\",\"item\":\"https:\/\/test.dagic.es\/fr\/shop\/\"},{\"@type\":\"ListItem\",\"position\":3,\"name\":\"M\u00e1scara de conejo de cart\u00f3n plegable | Juego y decoraci\u00f3n creativa\"}]},{\"@type\":\"WebSite\",\"@id\":\"https:\/\/test.dagic.es\/fr\/#website\",\"url\":\"https:\/\/test.dagic.es\/fr\/\",\"name\":\"Cartonlab FR\",\"description\":\"Cartonlab | Projets internationaux pour \u00e9v\u00e9nements et stands\",\"publisher\":{\"@id\":\"https:\/\/test.dagic.es\/fr\/#organization\"},\"potentialAction\":[{\"@type\":\"SearchAction\",\"target\":{\"@type\":\"EntryPoint\",\"urlTemplate\":\"https:\/\/test.dagic.es\/fr\/?s={search_term_string}\"},\"query-input\":{\"@type\":\"PropertyValueSpecification\",\"valueRequired\":true,\"valueName\":\"search_term_string\"}}],\"inLanguage\":\"fr-FR\"},{\"@type\":\"Organization\",\"@id\":\"https:\/\/test.dagic.es\/fr\/#organization\",\"name\":\"Cartonlab FR\",\"url\":\"https:\/\/test.dagic.es\/fr\/\",\"logo\":{\"@type\":\"ImageObject\",\"inLanguage\":\"fr-FR\",\"@id\":\"https:\/\/test.dagic.es\/fr\/#\/schema\/logo\/image\/\",\"url\":\"https:\/\/test.dagic.es\/fr\/wp-content\/uploads\/sites\/5\/2023\/07\/logo.svg\",\"contentUrl\":\"https:\/\/test.dagic.es\/fr\/wp-content\/uploads\/sites\/5\/2023\/07\/logo.svg\",\"width\":163,\"height\":44,\"caption\":\"Cartonlab FR\"},\"image\":{\"@id\":\"https:\/\/test.dagic.es\/fr\/#\/schema\/logo\/image\/\"}}]}<\/script>\n<!-- \/ Yoast SEO plugin. -->","yoast_head_json":{"title":"M\u00e1scara de conejo de cart\u00f3n plegable | talleres y eventos infantiles","description":"M\u00e1scara de conejo de cart\u00f3n plegable. F\u00e1cil montaje. Ideal para actividades y talleres infantiles, decoraci\u00f3n y eventos. Dise\u00f1ada por Cartonlab.","robots":{"index":"index","follow":"follow","max-snippet":"max-snippet:-1","max-image-preview":"max-image-preview:large","max-video-preview":"max-video-preview:-1"},"canonical":"https:\/\/test.dagic.es\/fr\/producto\/mascara-origami-conejo\/","og_locale":"fr_FR","og_type":"article","og_title":"M\u00e1scara de conejo de cart\u00f3n plegable | talleres y eventos infantiles","og_description":"M\u00e1scara de conejo de cart\u00f3n plegable. F\u00e1cil montaje. Ideal para actividades y talleres infantiles, decoraci\u00f3n y eventos. Dise\u00f1ada por Cartonlab.","og_url":"https:\/\/test.dagic.es\/fr\/producto\/mascara-origami-conejo\/","og_site_name":"Cartonlab FR","article_modified_time":"2020-02-10T11:40:29+00:00","og_image":[{"width":630,"height":630,"url":"https:\/\/test.dagic.es\/fr\/wp-content\/uploads\/sites\/5\/2014\/09\/mascara-conejo-carton-cartonlab-01.jpg","type":"image\/jpeg"}],"twitter_card":"summary_large_image","schema":{"@context":"https:\/\/schema.org","@graph":[{"@type":"WebPage","@id":"https:\/\/test.dagic.es\/fr\/producto\/mascara-origami-conejo\/","url":"https:\/\/test.dagic.es\/fr\/producto\/mascara-origami-conejo\/","name":"M\u00e1scara de conejo de cart\u00f3n plegable | talleres y eventos infantiles","isPartOf":{"@id":"https:\/\/test.dagic.es\/fr\/#website"},"primaryImageOfPage":{"@id":"https:\/\/test.dagic.es\/fr\/producto\/mascara-origami-conejo\/#primaryimage"},"image":{"@id":"https:\/\/test.dagic.es\/fr\/producto\/mascara-origami-conejo\/#primaryimage"},"thumbnailUrl":"https:\/\/test.dagic.es\/fr\/wp-content\/uploads\/sites\/5\/2014\/09\/mascara-conejo-carton-cartonlab-01.jpg","datePublished":"2014-09-25T11:04:27+00:00","dateModified":"2020-02-10T11:40:29+00:00","description":"M\u00e1scara de conejo de cart\u00f3n plegable. F\u00e1cil montaje. Ideal para actividades y talleres infantiles, decoraci\u00f3n y eventos. Dise\u00f1ada por Cartonlab.","breadcrumb":{"@id":"https:\/\/test.dagic.es\/fr\/producto\/mascara-origami-conejo\/#breadcrumb"},"inLanguage":"fr-FR","potentialAction":[{"@type":"ReadAction","target":["https:\/\/test.dagic.es\/fr\/producto\/mascara-origami-conejo\/"]}]},{"@type":"ImageObject","inLanguage":"fr-FR","@id":"https:\/\/test.dagic.es\/fr\/producto\/mascara-origami-conejo\/#primaryimage","url":"https:\/\/test.dagic.es\/fr\/wp-content\/uploads\/sites\/5\/2014\/09\/mascara-conejo-carton-cartonlab-01.jpg","contentUrl":"https:\/\/test.dagic.es\/fr\/wp-content\/uploads\/sites\/5\/2014\/09\/mascara-conejo-carton-cartonlab-01.jpg","width":630,"height":630,"caption":"mascara conejo cart\u00f3n plegada cartonlab"},{"@type":"BreadcrumbList","@id":"https:\/\/test.dagic.es\/fr\/producto\/mascara-origami-conejo\/#breadcrumb","itemListElement":[{"@type":"ListItem","position":1,"name":"Accueil","item":"https:\/\/test.dagic.es\/fr\/"},{"@type":"ListItem","position":2,"name":"Produits","item":"https:\/\/test.dagic.es\/fr\/shop\/"},{"@type":"ListItem","position":3,"name":"M\u00e1scara de conejo de cart\u00f3n plegable | Juego y decoraci\u00f3n creativa"}]},{"@type":"WebSite","@id":"https:\/\/test.dagic.es\/fr\/#website","url":"https:\/\/test.dagic.es\/fr\/","name":"Cartonlab FR","description":"Cartonlab | Projets internationaux pour \u00e9v\u00e9nements et stands","publisher":{"@id":"https:\/\/test.dagic.es\/fr\/#organization"},"potentialAction":[{"@type":"SearchAction","target":{"@type":"EntryPoint","urlTemplate":"https:\/\/test.dagic.es\/fr\/?s={search_term_string}"},"query-input":{"@type":"PropertyValueSpecification","valueRequired":true,"valueName":"search_term_string"}}],"inLanguage":"fr-FR"},{"@type":"Organization","@id":"https:\/\/test.dagic.es\/fr\/#organization","name":"Cartonlab FR","url":"https:\/\/test.dagic.es\/fr\/","logo":{"@type":"ImageObject","inLanguage":"fr-FR","@id":"https:\/\/test.dagic.es\/fr\/#\/schema\/logo\/image\/","url":"https:\/\/test.dagic.es\/fr\/wp-content\/uploads\/sites\/5\/2023\/07\/logo.svg","contentUrl":"https:\/\/test.dagic.es\/fr\/wp-content\/uploads\/sites\/5\/2023\/07\/logo.svg","width":163,"height":44,"caption":"Cartonlab FR"},"image":{"@id":"https:\/\/test.dagic.es\/fr\/#\/schema\/logo\/image\/"}}]}},"_links":{"self":[{"href":"https:\/\/test.dagic.es\/fr\/wp-json\/wp\/v2\/product\/4673","targetHints":{"allow":["GET"]}}],"collection":[{"href":"https:\/\/test.dagic.es\/fr\/wp-json\/wp\/v2\/product"}],"about":[{"href":"https:\/\/test.dagic.es\/fr\/wp-json\/wp\/v2\/types\/product"}],"replies":[{"embeddable":true,"href":"https:\/\/test.dagic.es\/fr\/wp-json\/wp\/v2\/comments?post=4673"}],"wp:featuredmedia":[{"embeddable":true,"href":"https:\/\/test.dagic.es\/fr\/wp-json\/wp\/v2\/media\/6947"}],"wp:attachment":[{"href":"https:\/\/test.dagic.es\/fr\/wp-json\/wp\/v2\/media?parent=4673"}],"wp:term":[{"taxonomy":"product_brand","embeddable":true,"href":"https:\/\/test.dagic.es\/fr\/wp-json\/wp\/v2\/product_brand?post=4673"},{"taxonomy":"product_cat","embeddable":true,"href":"https:\/\/test.dagic.es\/fr\/wp-json\/wp\/v2\/product_cat?post=4673"},{"taxonomy":"product_tag","embeddable":true,"href":"https:\/\/test.dagic.es\/fr\/wp-json\/wp\/v2\/product_tag?post=4673"}],"curies":[{"name":"wp","href":"https:\/\/api.w.org\/{rel}","templated":true}]}}