{"id":3613,"date":"2014-08-26T10:03:39","date_gmt":"2014-08-26T09:03:39","guid":{"rendered":"http:\/\/cartonlab.holamundo.me\/?post_type=product&#038;p=3613"},"modified":"2020-11-17T12:02:03","modified_gmt":"2020-11-17T11:02:03","slug":"estanteria-de-carton-ohm","status":"publish","type":"product","link":"https:\/\/test.dagic.es\/fr\/producto\/estanteria-de-carton-ohm\/","title":{"rendered":"OHM Estanter\u00eda de cart\u00f3n  | Ecol\u00f3gica y resistente"},"excerpt":{"rendered":"<p>Estanter\u00eda de cart\u00f3n modelo <strong>OHM. <\/strong>Uno de nuestros dise\u00f1os m\u00e1s solicitados. Ligera, vers\u00e1til y resistente. Se entrega desmontada en un paquete plano. El montaje es muy sencillo. La estanter\u00eda consta de 16 piezas de cart\u00f3n que se encajan entre s\u00ed.<\/p>\n<p><strong>Ver v\u00eddeo con <a href=\"https:\/\/www.youtube.com\/watch?v=ZleAoNiUc94\" target=\"_blank\" rel=\"noopener noreferrer\">instrucciones de montaje y prueba de resistencia estanter\u00eda OHM Cartonlab.<\/a><\/strong><\/p>\n<p><strong>M\u00e1s informaci\u00f3n sobre <a href=\"\/proyecto\/estanteria-de-carton_cardboard-shelf\/\" target=\"_blank\" rel=\"noopener noreferrer\">estanter\u00edas de cart\u00f3n<\/a> en nuestra web.<\/strong><\/p>\n<p>&nbsp;<\/p>\n","protected":false},"featured_media":15627,"comment_status":"open","ping_status":"closed","template":"","meta":{"_acf_changed":false,"inline_featured_image":false},"product_brand":[],"product_cat":[3034,3018,3036,3026,3023,3035,3039],"product_tag":[],"class_list":{"0":"post-3613","1":"product","2":"type-product","3":"status-publish","4":"has-post-thumbnail","6":"product_cat-etageres","7":"product_cat-muebles-en-carton","8":"product_cat-mobilier-pour-evenements-durables","9":"product_cat-presentoirs-mur-etagere","10":"product_cat-presentoirs-pour-produits","11":"product_cat-produits-pour-evenements-durables","12":"product_cat-supports-et-totems","13":"product_shipping_class-producto-grande","15":"first","16":"instock","17":"taxable","18":"shipping-taxable","19":"product-type-simple"},"acf":[],"yoast_head":"<!-- This site is optimized with the Yoast SEO plugin v27.2 - https:\/\/yoast.com\/product\/yoast-seo-wordpress\/ -->\n<title>Estanter\u00eda de cart\u00f3n modelo OHM | Ecol\u00f3gica y resistente | venta exclusiva online<\/title>\n<meta name=\"description\" content=\"Estanter\u00eda de cart\u00f3n modelo OHM. Dise\u00f1ada y fabricada por Cartonlab en Espa\u00f1a. Resistente y f\u00e1cil de montar. Ideal para ferias y eventos. Compra online.\" \/>\n<meta name=\"robots\" content=\"index, follow, max-snippet:-1, max-image-preview:large, max-video-preview:-1\" \/>\n<link rel=\"canonical\" href=\"https:\/\/test.dagic.es\/fr\/producto\/estanteria-de-carton-ohm\/\" \/>\n<meta property=\"og:locale\" content=\"fr_FR\" \/>\n<meta property=\"og:type\" content=\"article\" \/>\n<meta property=\"og:title\" content=\"Estanter\u00eda de cart\u00f3n modelo OHM | Ecol\u00f3gica y resistente | venta exclusiva online\" \/>\n<meta property=\"og:description\" content=\"Estanter\u00eda de cart\u00f3n modelo OHM. Dise\u00f1ada y fabricada por Cartonlab en Espa\u00f1a. Resistente y f\u00e1cil de montar. Ideal para ferias y eventos. Compra online.\" \/>\n<meta property=\"og:url\" content=\"https:\/\/test.dagic.es\/fr\/producto\/estanteria-de-carton-ohm\/\" \/>\n<meta property=\"og:site_name\" content=\"Cartonlab FR\" \/>\n<meta property=\"article:modified_time\" content=\"2020-11-17T11:02:03+00:00\" \/>\n<meta property=\"og:image\" content=\"https:\/\/test.dagic.es\/fr\/wp-content\/uploads\/sites\/5\/2014\/08\/estanteria-carton-cartonlab-cardboard-shelf-bookshelves-2_retoc.jpg\" \/>\n\t<meta property=\"og:image:width\" content=\"800\" \/>\n\t<meta property=\"og:image:height\" content=\"800\" \/>\n\t<meta property=\"og:image:type\" content=\"image\/jpeg\" \/>\n<meta name=\"twitter:card\" content=\"summary_large_image\" \/>\n<script type=\"application\/ld+json\" class=\"yoast-schema-graph\">{\"@context\":\"https:\/\/schema.org\",\"@graph\":[{\"@type\":\"WebPage\",\"@id\":\"https:\/\/test.dagic.es\/fr\/producto\/estanteria-de-carton-ohm\/\",\"url\":\"https:\/\/test.dagic.es\/fr\/producto\/estanteria-de-carton-ohm\/\",\"name\":\"Estanter\u00eda de cart\u00f3n modelo OHM | Ecol\u00f3gica y resistente | venta exclusiva online\",\"isPartOf\":{\"@id\":\"https:\/\/test.dagic.es\/fr\/#website\"},\"primaryImageOfPage\":{\"@id\":\"https:\/\/test.dagic.es\/fr\/producto\/estanteria-de-carton-ohm\/#primaryimage\"},\"image\":{\"@id\":\"https:\/\/test.dagic.es\/fr\/producto\/estanteria-de-carton-ohm\/#primaryimage\"},\"thumbnailUrl\":\"https:\/\/test.dagic.es\/fr\/wp-content\/uploads\/sites\/5\/2014\/08\/estanteria-carton-cartonlab-cardboard-shelf-bookshelves-2_retoc.jpg\",\"datePublished\":\"2014-08-26T09:03:39+00:00\",\"dateModified\":\"2020-11-17T11:02:03+00:00\",\"description\":\"Estanter\u00eda de cart\u00f3n modelo OHM. Dise\u00f1ada y fabricada por Cartonlab en Espa\u00f1a. Resistente y f\u00e1cil de montar. Ideal para ferias y eventos. Compra online.\",\"breadcrumb\":{\"@id\":\"https:\/\/test.dagic.es\/fr\/producto\/estanteria-de-carton-ohm\/#breadcrumb\"},\"inLanguage\":\"fr-FR\",\"potentialAction\":[{\"@type\":\"ReadAction\",\"target\":[\"https:\/\/test.dagic.es\/fr\/producto\/estanteria-de-carton-ohm\/\"]}]},{\"@type\":\"ImageObject\",\"inLanguage\":\"fr-FR\",\"@id\":\"https:\/\/test.dagic.es\/fr\/producto\/estanteria-de-carton-ohm\/#primaryimage\",\"url\":\"https:\/\/test.dagic.es\/fr\/wp-content\/uploads\/sites\/5\/2014\/08\/estanteria-carton-cartonlab-cardboard-shelf-bookshelves-2_retoc.jpg\",\"contentUrl\":\"https:\/\/test.dagic.es\/fr\/wp-content\/uploads\/sites\/5\/2014\/08\/estanteria-carton-cartonlab-cardboard-shelf-bookshelves-2_retoc.jpg\",\"width\":800,\"height\":800,\"caption\":\"Estanter\u00eda Ohm frontal\"},{\"@type\":\"BreadcrumbList\",\"@id\":\"https:\/\/test.dagic.es\/fr\/producto\/estanteria-de-carton-ohm\/#breadcrumb\",\"itemListElement\":[{\"@type\":\"ListItem\",\"position\":1,\"name\":\"Accueil\",\"item\":\"https:\/\/test.dagic.es\/fr\/\"},{\"@type\":\"ListItem\",\"position\":2,\"name\":\"Produits\",\"item\":\"https:\/\/test.dagic.es\/fr\/shop\/\"},{\"@type\":\"ListItem\",\"position\":3,\"name\":\"OHM Estanter\u00eda de cart\u00f3n | Ecol\u00f3gica y resistente\"}]},{\"@type\":\"WebSite\",\"@id\":\"https:\/\/test.dagic.es\/fr\/#website\",\"url\":\"https:\/\/test.dagic.es\/fr\/\",\"name\":\"Cartonlab FR\",\"description\":\"Cartonlab | Projets internationaux pour \u00e9v\u00e9nements et stands\",\"publisher\":{\"@id\":\"https:\/\/test.dagic.es\/fr\/#organization\"},\"potentialAction\":[{\"@type\":\"SearchAction\",\"target\":{\"@type\":\"EntryPoint\",\"urlTemplate\":\"https:\/\/test.dagic.es\/fr\/?s={search_term_string}\"},\"query-input\":{\"@type\":\"PropertyValueSpecification\",\"valueRequired\":true,\"valueName\":\"search_term_string\"}}],\"inLanguage\":\"fr-FR\"},{\"@type\":\"Organization\",\"@id\":\"https:\/\/test.dagic.es\/fr\/#organization\",\"name\":\"Cartonlab FR\",\"url\":\"https:\/\/test.dagic.es\/fr\/\",\"logo\":{\"@type\":\"ImageObject\",\"inLanguage\":\"fr-FR\",\"@id\":\"https:\/\/test.dagic.es\/fr\/#\/schema\/logo\/image\/\",\"url\":\"https:\/\/test.dagic.es\/fr\/wp-content\/uploads\/sites\/5\/2023\/07\/logo.svg\",\"contentUrl\":\"https:\/\/test.dagic.es\/fr\/wp-content\/uploads\/sites\/5\/2023\/07\/logo.svg\",\"width\":163,\"height\":44,\"caption\":\"Cartonlab FR\"},\"image\":{\"@id\":\"https:\/\/test.dagic.es\/fr\/#\/schema\/logo\/image\/\"}}]}<\/script>\n<!-- \/ Yoast SEO plugin. -->","yoast_head_json":{"title":"Estanter\u00eda de cart\u00f3n modelo OHM | Ecol\u00f3gica y resistente | venta exclusiva online","description":"Estanter\u00eda de cart\u00f3n modelo OHM. Dise\u00f1ada y fabricada por Cartonlab en Espa\u00f1a. Resistente y f\u00e1cil de montar. Ideal para ferias y eventos. Compra online.","robots":{"index":"index","follow":"follow","max-snippet":"max-snippet:-1","max-image-preview":"max-image-preview:large","max-video-preview":"max-video-preview:-1"},"canonical":"https:\/\/test.dagic.es\/fr\/producto\/estanteria-de-carton-ohm\/","og_locale":"fr_FR","og_type":"article","og_title":"Estanter\u00eda de cart\u00f3n modelo OHM | Ecol\u00f3gica y resistente | venta exclusiva online","og_description":"Estanter\u00eda de cart\u00f3n modelo OHM. Dise\u00f1ada y fabricada por Cartonlab en Espa\u00f1a. Resistente y f\u00e1cil de montar. Ideal para ferias y eventos. Compra online.","og_url":"https:\/\/test.dagic.es\/fr\/producto\/estanteria-de-carton-ohm\/","og_site_name":"Cartonlab FR","article_modified_time":"2020-11-17T11:02:03+00:00","og_image":[{"width":800,"height":800,"url":"https:\/\/test.dagic.es\/fr\/wp-content\/uploads\/sites\/5\/2014\/08\/estanteria-carton-cartonlab-cardboard-shelf-bookshelves-2_retoc.jpg","type":"image\/jpeg"}],"twitter_card":"summary_large_image","schema":{"@context":"https:\/\/schema.org","@graph":[{"@type":"WebPage","@id":"https:\/\/test.dagic.es\/fr\/producto\/estanteria-de-carton-ohm\/","url":"https:\/\/test.dagic.es\/fr\/producto\/estanteria-de-carton-ohm\/","name":"Estanter\u00eda de cart\u00f3n modelo OHM | Ecol\u00f3gica y resistente | venta exclusiva online","isPartOf":{"@id":"https:\/\/test.dagic.es\/fr\/#website"},"primaryImageOfPage":{"@id":"https:\/\/test.dagic.es\/fr\/producto\/estanteria-de-carton-ohm\/#primaryimage"},"image":{"@id":"https:\/\/test.dagic.es\/fr\/producto\/estanteria-de-carton-ohm\/#primaryimage"},"thumbnailUrl":"https:\/\/test.dagic.es\/fr\/wp-content\/uploads\/sites\/5\/2014\/08\/estanteria-carton-cartonlab-cardboard-shelf-bookshelves-2_retoc.jpg","datePublished":"2014-08-26T09:03:39+00:00","dateModified":"2020-11-17T11:02:03+00:00","description":"Estanter\u00eda de cart\u00f3n modelo OHM. Dise\u00f1ada y fabricada por Cartonlab en Espa\u00f1a. Resistente y f\u00e1cil de montar. Ideal para ferias y eventos. Compra online.","breadcrumb":{"@id":"https:\/\/test.dagic.es\/fr\/producto\/estanteria-de-carton-ohm\/#breadcrumb"},"inLanguage":"fr-FR","potentialAction":[{"@type":"ReadAction","target":["https:\/\/test.dagic.es\/fr\/producto\/estanteria-de-carton-ohm\/"]}]},{"@type":"ImageObject","inLanguage":"fr-FR","@id":"https:\/\/test.dagic.es\/fr\/producto\/estanteria-de-carton-ohm\/#primaryimage","url":"https:\/\/test.dagic.es\/fr\/wp-content\/uploads\/sites\/5\/2014\/08\/estanteria-carton-cartonlab-cardboard-shelf-bookshelves-2_retoc.jpg","contentUrl":"https:\/\/test.dagic.es\/fr\/wp-content\/uploads\/sites\/5\/2014\/08\/estanteria-carton-cartonlab-cardboard-shelf-bookshelves-2_retoc.jpg","width":800,"height":800,"caption":"Estanter\u00eda Ohm frontal"},{"@type":"BreadcrumbList","@id":"https:\/\/test.dagic.es\/fr\/producto\/estanteria-de-carton-ohm\/#breadcrumb","itemListElement":[{"@type":"ListItem","position":1,"name":"Accueil","item":"https:\/\/test.dagic.es\/fr\/"},{"@type":"ListItem","position":2,"name":"Produits","item":"https:\/\/test.dagic.es\/fr\/shop\/"},{"@type":"ListItem","position":3,"name":"OHM Estanter\u00eda de cart\u00f3n | Ecol\u00f3gica y resistente"}]},{"@type":"WebSite","@id":"https:\/\/test.dagic.es\/fr\/#website","url":"https:\/\/test.dagic.es\/fr\/","name":"Cartonlab FR","description":"Cartonlab | Projets internationaux pour \u00e9v\u00e9nements et stands","publisher":{"@id":"https:\/\/test.dagic.es\/fr\/#organization"},"potentialAction":[{"@type":"SearchAction","target":{"@type":"EntryPoint","urlTemplate":"https:\/\/test.dagic.es\/fr\/?s={search_term_string}"},"query-input":{"@type":"PropertyValueSpecification","valueRequired":true,"valueName":"search_term_string"}}],"inLanguage":"fr-FR"},{"@type":"Organization","@id":"https:\/\/test.dagic.es\/fr\/#organization","name":"Cartonlab FR","url":"https:\/\/test.dagic.es\/fr\/","logo":{"@type":"ImageObject","inLanguage":"fr-FR","@id":"https:\/\/test.dagic.es\/fr\/#\/schema\/logo\/image\/","url":"https:\/\/test.dagic.es\/fr\/wp-content\/uploads\/sites\/5\/2023\/07\/logo.svg","contentUrl":"https:\/\/test.dagic.es\/fr\/wp-content\/uploads\/sites\/5\/2023\/07\/logo.svg","width":163,"height":44,"caption":"Cartonlab FR"},"image":{"@id":"https:\/\/test.dagic.es\/fr\/#\/schema\/logo\/image\/"}}]}},"_links":{"self":[{"href":"https:\/\/test.dagic.es\/fr\/wp-json\/wp\/v2\/product\/3613","targetHints":{"allow":["GET"]}}],"collection":[{"href":"https:\/\/test.dagic.es\/fr\/wp-json\/wp\/v2\/product"}],"about":[{"href":"https:\/\/test.dagic.es\/fr\/wp-json\/wp\/v2\/types\/product"}],"replies":[{"embeddable":true,"href":"https:\/\/test.dagic.es\/fr\/wp-json\/wp\/v2\/comments?post=3613"}],"wp:featuredmedia":[{"embeddable":true,"href":"https:\/\/test.dagic.es\/fr\/wp-json\/wp\/v2\/media\/15627"}],"wp:attachment":[{"href":"https:\/\/test.dagic.es\/fr\/wp-json\/wp\/v2\/media?parent=3613"}],"wp:term":[{"taxonomy":"product_brand","embeddable":true,"href":"https:\/\/test.dagic.es\/fr\/wp-json\/wp\/v2\/product_brand?post=3613"},{"taxonomy":"product_cat","embeddable":true,"href":"https:\/\/test.dagic.es\/fr\/wp-json\/wp\/v2\/product_cat?post=3613"},{"taxonomy":"product_tag","embeddable":true,"href":"https:\/\/test.dagic.es\/fr\/wp-json\/wp\/v2\/product_tag?post=3613"}],"curies":[{"name":"wp","href":"https:\/\/api.w.org\/{rel}","templated":true}]}}