{"id":3124,"date":"2014-08-05T11:11:54","date_gmt":"2014-08-05T10:11:54","guid":{"rendered":"http:\/\/cartonlab.holamundo.me\/?post_type=product&#038;p=3124"},"modified":"2020-03-04T18:05:28","modified_gmt":"2020-03-04T17:05:28","slug":"taburetes-de-carton-animados","status":"publish","type":"product","link":"https:\/\/test.dagic.es\/fr\/producto\/taburetes-de-carton-animados\/","title":{"rendered":"Taburete de cart\u00f3n infantil con dise\u00f1os de animales | Pack 4 uds."},"excerpt":{"rendered":"<p><strong>Pack 4 unidades. Taburete de cart\u00f3n infantil<\/strong> dise\u00f1ado con divertidas figuras de animales. El pedido incluye 4 unidades. Las figuras disponibles son <strong>f<\/strong><strong>antasma, tortuga y oso<\/strong><strong>.\u00a0 <\/strong>Se entregan en un paquete plano desmontados e incluyen una sencilla gu\u00eda de instalaci\u00f3n.<\/p>\n<p><strong>Puedes ver nuestros taburetes de cart\u00f3n infantiles <a href=\"\/cartonlab-en-los-cines-panoramis\/\" target=\"_blank\" rel=\"noopener noreferrer\">en este proyecto de dise\u00f1o interior<\/a> que hicimos para los cines del Centro Comercial Panoramis de Alicante.\u00a0<\/strong><\/p>\n","protected":false},"featured_media":15802,"comment_status":"open","ping_status":"closed","template":"","meta":{"_acf_changed":false,"inline_featured_image":false},"product_brand":[],"product_cat":[3019,3029,3033],"product_tag":[],"class_list":{"0":"post-3124","1":"product","2":"type-product","3":"status-publish","4":"has-post-thumbnail","6":"product_cat-dessins-pour-enfants","7":"product_cat-meubles-en-carton-pour-enfants","8":"product_cat-tabourets","9":"product_shipping_class-productopequeno","11":"first","12":"instock","13":"taxable","14":"shipping-taxable","15":"product-type-simple"},"acf":[],"yoast_head":"<!-- This site is optimized with the Yoast SEO plugin v27.2 - https:\/\/yoast.com\/product\/yoast-seo-wordpress\/ -->\n<title>Taburete de cart\u00f3n infantil con dise\u00f1o de animales | Incluye 2 unidades<\/title>\n<meta name=\"description\" content=\"Taburete de cart\u00f3n infantil con divertidos dise\u00f1os de animales. Figuras de Oso, tortuga y fantasma. Se pueden pintar y personalizar. Compra online aqui.\" \/>\n<meta name=\"robots\" content=\"index, follow, max-snippet:-1, max-image-preview:large, max-video-preview:-1\" \/>\n<link rel=\"canonical\" href=\"https:\/\/test.dagic.es\/fr\/producto\/taburetes-de-carton-animados\/\" \/>\n<meta property=\"og:locale\" content=\"fr_FR\" \/>\n<meta property=\"og:type\" content=\"article\" \/>\n<meta property=\"og:title\" content=\"Taburete de cart\u00f3n infantil con dise\u00f1o de animales | Incluye 2 unidades\" \/>\n<meta property=\"og:description\" content=\"Taburete de cart\u00f3n infantil con divertidos dise\u00f1os de animales. Figuras de Oso, tortuga y fantasma. Se pueden pintar y personalizar. Compra online aqui.\" \/>\n<meta property=\"og:url\" content=\"https:\/\/test.dagic.es\/fr\/producto\/taburetes-de-carton-animados\/\" \/>\n<meta property=\"og:site_name\" content=\"Cartonlab FR\" \/>\n<meta property=\"article:modified_time\" content=\"2020-03-04T17:05:28+00:00\" \/>\n<meta property=\"og:image\" content=\"https:\/\/test.dagic.es\/fr\/wp-content\/uploads\/sites\/5\/2014\/08\/cartonlab-taburete-fantasma-cardboard-children-chair-2.jpg\" \/>\n\t<meta property=\"og:image:width\" content=\"800\" \/>\n\t<meta property=\"og:image:height\" content=\"800\" \/>\n\t<meta property=\"og:image:type\" content=\"image\/jpeg\" \/>\n<meta name=\"twitter:card\" content=\"summary_large_image\" \/>\n<script type=\"application\/ld+json\" class=\"yoast-schema-graph\">{\"@context\":\"https:\/\/schema.org\",\"@graph\":[{\"@type\":\"WebPage\",\"@id\":\"https:\/\/test.dagic.es\/fr\/producto\/taburetes-de-carton-animados\/\",\"url\":\"https:\/\/test.dagic.es\/fr\/producto\/taburetes-de-carton-animados\/\",\"name\":\"Taburete de cart\u00f3n infantil con dise\u00f1o de animales | Incluye 2 unidades\",\"isPartOf\":{\"@id\":\"https:\/\/test.dagic.es\/fr\/#website\"},\"primaryImageOfPage\":{\"@id\":\"https:\/\/test.dagic.es\/fr\/producto\/taburetes-de-carton-animados\/#primaryimage\"},\"image\":{\"@id\":\"https:\/\/test.dagic.es\/fr\/producto\/taburetes-de-carton-animados\/#primaryimage\"},\"thumbnailUrl\":\"https:\/\/test.dagic.es\/fr\/wp-content\/uploads\/sites\/5\/2014\/08\/cartonlab-taburete-fantasma-cardboard-children-chair-2.jpg\",\"datePublished\":\"2014-08-05T10:11:54+00:00\",\"dateModified\":\"2020-03-04T17:05:28+00:00\",\"description\":\"Taburete de cart\u00f3n infantil con divertidos dise\u00f1os de animales. Figuras de Oso, tortuga y fantasma. Se pueden pintar y personalizar. Compra online aqui.\",\"breadcrumb\":{\"@id\":\"https:\/\/test.dagic.es\/fr\/producto\/taburetes-de-carton-animados\/#breadcrumb\"},\"inLanguage\":\"fr-FR\",\"potentialAction\":[{\"@type\":\"ReadAction\",\"target\":[\"https:\/\/test.dagic.es\/fr\/producto\/taburetes-de-carton-animados\/\"]}]},{\"@type\":\"ImageObject\",\"inLanguage\":\"fr-FR\",\"@id\":\"https:\/\/test.dagic.es\/fr\/producto\/taburetes-de-carton-animados\/#primaryimage\",\"url\":\"https:\/\/test.dagic.es\/fr\/wp-content\/uploads\/sites\/5\/2014\/08\/cartonlab-taburete-fantasma-cardboard-children-chair-2.jpg\",\"contentUrl\":\"https:\/\/test.dagic.es\/fr\/wp-content\/uploads\/sites\/5\/2014\/08\/cartonlab-taburete-fantasma-cardboard-children-chair-2.jpg\",\"width\":800,\"height\":800,\"caption\":\"taburete sonrisa carton girado\"},{\"@type\":\"BreadcrumbList\",\"@id\":\"https:\/\/test.dagic.es\/fr\/producto\/taburetes-de-carton-animados\/#breadcrumb\",\"itemListElement\":[{\"@type\":\"ListItem\",\"position\":1,\"name\":\"Accueil\",\"item\":\"https:\/\/test.dagic.es\/fr\/\"},{\"@type\":\"ListItem\",\"position\":2,\"name\":\"Produits\",\"item\":\"https:\/\/test.dagic.es\/fr\/shop\/\"},{\"@type\":\"ListItem\",\"position\":3,\"name\":\"Taburete de cart\u00f3n infantil con dise\u00f1os de animales | Pack 4 uds.\"}]},{\"@type\":\"WebSite\",\"@id\":\"https:\/\/test.dagic.es\/fr\/#website\",\"url\":\"https:\/\/test.dagic.es\/fr\/\",\"name\":\"Cartonlab FR\",\"description\":\"Cartonlab | Projets internationaux pour \u00e9v\u00e9nements et stands\",\"publisher\":{\"@id\":\"https:\/\/test.dagic.es\/fr\/#organization\"},\"potentialAction\":[{\"@type\":\"SearchAction\",\"target\":{\"@type\":\"EntryPoint\",\"urlTemplate\":\"https:\/\/test.dagic.es\/fr\/?s={search_term_string}\"},\"query-input\":{\"@type\":\"PropertyValueSpecification\",\"valueRequired\":true,\"valueName\":\"search_term_string\"}}],\"inLanguage\":\"fr-FR\"},{\"@type\":\"Organization\",\"@id\":\"https:\/\/test.dagic.es\/fr\/#organization\",\"name\":\"Cartonlab FR\",\"url\":\"https:\/\/test.dagic.es\/fr\/\",\"logo\":{\"@type\":\"ImageObject\",\"inLanguage\":\"fr-FR\",\"@id\":\"https:\/\/test.dagic.es\/fr\/#\/schema\/logo\/image\/\",\"url\":\"https:\/\/test.dagic.es\/fr\/wp-content\/uploads\/sites\/5\/2023\/07\/logo.svg\",\"contentUrl\":\"https:\/\/test.dagic.es\/fr\/wp-content\/uploads\/sites\/5\/2023\/07\/logo.svg\",\"width\":163,\"height\":44,\"caption\":\"Cartonlab FR\"},\"image\":{\"@id\":\"https:\/\/test.dagic.es\/fr\/#\/schema\/logo\/image\/\"}}]}<\/script>\n<!-- \/ Yoast SEO plugin. -->","yoast_head_json":{"title":"Taburete de cart\u00f3n infantil con dise\u00f1o de animales | Incluye 2 unidades","description":"Taburete de cart\u00f3n infantil con divertidos dise\u00f1os de animales. Figuras de Oso, tortuga y fantasma. Se pueden pintar y personalizar. Compra online aqui.","robots":{"index":"index","follow":"follow","max-snippet":"max-snippet:-1","max-image-preview":"max-image-preview:large","max-video-preview":"max-video-preview:-1"},"canonical":"https:\/\/test.dagic.es\/fr\/producto\/taburetes-de-carton-animados\/","og_locale":"fr_FR","og_type":"article","og_title":"Taburete de cart\u00f3n infantil con dise\u00f1o de animales | Incluye 2 unidades","og_description":"Taburete de cart\u00f3n infantil con divertidos dise\u00f1os de animales. Figuras de Oso, tortuga y fantasma. Se pueden pintar y personalizar. Compra online aqui.","og_url":"https:\/\/test.dagic.es\/fr\/producto\/taburetes-de-carton-animados\/","og_site_name":"Cartonlab FR","article_modified_time":"2020-03-04T17:05:28+00:00","og_image":[{"width":800,"height":800,"url":"https:\/\/test.dagic.es\/fr\/wp-content\/uploads\/sites\/5\/2014\/08\/cartonlab-taburete-fantasma-cardboard-children-chair-2.jpg","type":"image\/jpeg"}],"twitter_card":"summary_large_image","schema":{"@context":"https:\/\/schema.org","@graph":[{"@type":"WebPage","@id":"https:\/\/test.dagic.es\/fr\/producto\/taburetes-de-carton-animados\/","url":"https:\/\/test.dagic.es\/fr\/producto\/taburetes-de-carton-animados\/","name":"Taburete de cart\u00f3n infantil con dise\u00f1o de animales | Incluye 2 unidades","isPartOf":{"@id":"https:\/\/test.dagic.es\/fr\/#website"},"primaryImageOfPage":{"@id":"https:\/\/test.dagic.es\/fr\/producto\/taburetes-de-carton-animados\/#primaryimage"},"image":{"@id":"https:\/\/test.dagic.es\/fr\/producto\/taburetes-de-carton-animados\/#primaryimage"},"thumbnailUrl":"https:\/\/test.dagic.es\/fr\/wp-content\/uploads\/sites\/5\/2014\/08\/cartonlab-taburete-fantasma-cardboard-children-chair-2.jpg","datePublished":"2014-08-05T10:11:54+00:00","dateModified":"2020-03-04T17:05:28+00:00","description":"Taburete de cart\u00f3n infantil con divertidos dise\u00f1os de animales. Figuras de Oso, tortuga y fantasma. Se pueden pintar y personalizar. Compra online aqui.","breadcrumb":{"@id":"https:\/\/test.dagic.es\/fr\/producto\/taburetes-de-carton-animados\/#breadcrumb"},"inLanguage":"fr-FR","potentialAction":[{"@type":"ReadAction","target":["https:\/\/test.dagic.es\/fr\/producto\/taburetes-de-carton-animados\/"]}]},{"@type":"ImageObject","inLanguage":"fr-FR","@id":"https:\/\/test.dagic.es\/fr\/producto\/taburetes-de-carton-animados\/#primaryimage","url":"https:\/\/test.dagic.es\/fr\/wp-content\/uploads\/sites\/5\/2014\/08\/cartonlab-taburete-fantasma-cardboard-children-chair-2.jpg","contentUrl":"https:\/\/test.dagic.es\/fr\/wp-content\/uploads\/sites\/5\/2014\/08\/cartonlab-taburete-fantasma-cardboard-children-chair-2.jpg","width":800,"height":800,"caption":"taburete sonrisa carton girado"},{"@type":"BreadcrumbList","@id":"https:\/\/test.dagic.es\/fr\/producto\/taburetes-de-carton-animados\/#breadcrumb","itemListElement":[{"@type":"ListItem","position":1,"name":"Accueil","item":"https:\/\/test.dagic.es\/fr\/"},{"@type":"ListItem","position":2,"name":"Produits","item":"https:\/\/test.dagic.es\/fr\/shop\/"},{"@type":"ListItem","position":3,"name":"Taburete de cart\u00f3n infantil con dise\u00f1os de animales | Pack 4 uds."}]},{"@type":"WebSite","@id":"https:\/\/test.dagic.es\/fr\/#website","url":"https:\/\/test.dagic.es\/fr\/","name":"Cartonlab FR","description":"Cartonlab | Projets internationaux pour \u00e9v\u00e9nements et stands","publisher":{"@id":"https:\/\/test.dagic.es\/fr\/#organization"},"potentialAction":[{"@type":"SearchAction","target":{"@type":"EntryPoint","urlTemplate":"https:\/\/test.dagic.es\/fr\/?s={search_term_string}"},"query-input":{"@type":"PropertyValueSpecification","valueRequired":true,"valueName":"search_term_string"}}],"inLanguage":"fr-FR"},{"@type":"Organization","@id":"https:\/\/test.dagic.es\/fr\/#organization","name":"Cartonlab FR","url":"https:\/\/test.dagic.es\/fr\/","logo":{"@type":"ImageObject","inLanguage":"fr-FR","@id":"https:\/\/test.dagic.es\/fr\/#\/schema\/logo\/image\/","url":"https:\/\/test.dagic.es\/fr\/wp-content\/uploads\/sites\/5\/2023\/07\/logo.svg","contentUrl":"https:\/\/test.dagic.es\/fr\/wp-content\/uploads\/sites\/5\/2023\/07\/logo.svg","width":163,"height":44,"caption":"Cartonlab FR"},"image":{"@id":"https:\/\/test.dagic.es\/fr\/#\/schema\/logo\/image\/"}}]}},"_links":{"self":[{"href":"https:\/\/test.dagic.es\/fr\/wp-json\/wp\/v2\/product\/3124","targetHints":{"allow":["GET"]}}],"collection":[{"href":"https:\/\/test.dagic.es\/fr\/wp-json\/wp\/v2\/product"}],"about":[{"href":"https:\/\/test.dagic.es\/fr\/wp-json\/wp\/v2\/types\/product"}],"replies":[{"embeddable":true,"href":"https:\/\/test.dagic.es\/fr\/wp-json\/wp\/v2\/comments?post=3124"}],"wp:featuredmedia":[{"embeddable":true,"href":"https:\/\/test.dagic.es\/fr\/wp-json\/wp\/v2\/media\/15802"}],"wp:attachment":[{"href":"https:\/\/test.dagic.es\/fr\/wp-json\/wp\/v2\/media?parent=3124"}],"wp:term":[{"taxonomy":"product_brand","embeddable":true,"href":"https:\/\/test.dagic.es\/fr\/wp-json\/wp\/v2\/product_brand?post=3124"},{"taxonomy":"product_cat","embeddable":true,"href":"https:\/\/test.dagic.es\/fr\/wp-json\/wp\/v2\/product_cat?post=3124"},{"taxonomy":"product_tag","embeddable":true,"href":"https:\/\/test.dagic.es\/fr\/wp-json\/wp\/v2\/product_tag?post=3124"}],"curies":[{"name":"wp","href":"https:\/\/api.w.org\/{rel}","templated":true}]}}