{"id":3119,"date":"2014-08-05T11:04:01","date_gmt":"2014-08-05T10:04:01","guid":{"rendered":"http:\/\/cartonlab.holamundo.me\/?post_type=product&#038;p=3119"},"modified":"2020-03-16T16:20:17","modified_gmt":"2020-03-16T15:20:17","slug":"mesa-sonrisa","status":"publish","type":"product","link":"https:\/\/test.dagic.es\/fr\/producto\/mesa-sonrisa\/","title":{"rendered":"Sonrisa &#8211; Mesa pupitre infantil de cart\u00f3n | Pack 2 uds."},"excerpt":{"rendered":"<p><strong>Pack 2 unidades. Mesa pupitre<\/strong> infantil de cart\u00f3n modelo <strong>Sonrisa<\/strong>.\u00a0 Ligera y resisente. Perfecta para dar un toque <strong>divertido<\/strong> a la zona de juegos o trabajo en la habitaci\u00f3n de los ni\u00f1os. Puede pintarse y personalizarse a su gusto con l\u00e1pices y rotuladores. Esta mesita infantil se entrega desmontada en un <strong>paquete plano<\/strong> con sencillas indicaciones de montaje.\u00a0 Est\u00e1 formada por 10 piezas de cart\u00f3n que se encajan entre s\u00ed.<\/p>\n<p>&nbsp;<\/p>\n","protected":false},"featured_media":11307,"comment_status":"open","ping_status":"closed","template":"","meta":{"_acf_changed":false,"inline_featured_image":false},"product_brand":[],"product_cat":[3019,3029,3032],"product_tag":[],"class_list":{"0":"post-3119","1":"product","2":"type-product","3":"status-publish","4":"has-post-thumbnail","6":"product_cat-dessins-pour-enfants","7":"product_cat-meubles-en-carton-pour-enfants","8":"product_cat-tables-et-comptoirs-daccueil","9":"product_shipping_class-producto-mediano","11":"first","12":"instock","13":"taxable","14":"shipping-taxable","15":"product-type-simple"},"acf":[],"yoast_head":"<!-- This site is optimized with the Yoast SEO plugin v27.2 - https:\/\/yoast.com\/product\/yoast-seo-wordpress\/ -->\n<title>Mesa pupitre infantil de cart\u00f3n modelo Sonrisa. Resistente y divertida. Desde 59.95\u20ac<\/title>\n<meta name=\"description\" content=\"Mesa pupitre infantil de cart\u00f3n dise\u00f1o Sonrisa. Ideal para decorar con un toque divertido al espacio de juego de los ni\u00f1os. Hecha en Espa\u00f1a por Cartonlab\" \/>\n<meta name=\"robots\" content=\"index, follow, max-snippet:-1, max-image-preview:large, max-video-preview:-1\" \/>\n<link rel=\"canonical\" href=\"https:\/\/test.dagic.es\/fr\/producto\/mesa-sonrisa\/\" \/>\n<meta property=\"og:locale\" content=\"fr_FR\" \/>\n<meta property=\"og:type\" content=\"article\" \/>\n<meta property=\"og:title\" content=\"Mesa pupitre infantil de cart\u00f3n modelo Sonrisa. Resistente y divertida. Desde 59.95\u20ac\" \/>\n<meta property=\"og:description\" content=\"Mesa pupitre infantil de cart\u00f3n dise\u00f1o Sonrisa. Ideal para decorar con un toque divertido al espacio de juego de los ni\u00f1os. Hecha en Espa\u00f1a por Cartonlab\" \/>\n<meta property=\"og:url\" content=\"https:\/\/test.dagic.es\/fr\/producto\/mesa-sonrisa\/\" \/>\n<meta property=\"og:site_name\" content=\"Cartonlab FR\" \/>\n<meta property=\"article:modified_time\" content=\"2020-03-16T15:20:17+00:00\" \/>\n<meta property=\"og:image\" content=\"https:\/\/test.dagic.es\/fr\/wp-content\/uploads\/sites\/5\/2014\/08\/mesa-pupitre-infantil-carton-sonrisa-3.jpg\" \/>\n\t<meta property=\"og:image:width\" content=\"800\" \/>\n\t<meta property=\"og:image:height\" content=\"800\" \/>\n\t<meta property=\"og:image:type\" content=\"image\/jpeg\" \/>\n<meta name=\"twitter:card\" content=\"summary_large_image\" \/>\n<script type=\"application\/ld+json\" class=\"yoast-schema-graph\">{\"@context\":\"https:\/\/schema.org\",\"@graph\":[{\"@type\":\"WebPage\",\"@id\":\"https:\/\/test.dagic.es\/fr\/producto\/mesa-sonrisa\/\",\"url\":\"https:\/\/test.dagic.es\/fr\/producto\/mesa-sonrisa\/\",\"name\":\"Mesa pupitre infantil de cart\u00f3n modelo Sonrisa. Resistente y divertida. Desde 59.95\u20ac\",\"isPartOf\":{\"@id\":\"https:\/\/test.dagic.es\/fr\/#website\"},\"primaryImageOfPage\":{\"@id\":\"https:\/\/test.dagic.es\/fr\/producto\/mesa-sonrisa\/#primaryimage\"},\"image\":{\"@id\":\"https:\/\/test.dagic.es\/fr\/producto\/mesa-sonrisa\/#primaryimage\"},\"thumbnailUrl\":\"https:\/\/test.dagic.es\/fr\/wp-content\/uploads\/sites\/5\/2014\/08\/mesa-pupitre-infantil-carton-sonrisa-3.jpg\",\"datePublished\":\"2014-08-05T10:04:01+00:00\",\"dateModified\":\"2020-03-16T15:20:17+00:00\",\"description\":\"Mesa pupitre infantil de cart\u00f3n dise\u00f1o Sonrisa. Ideal para decorar con un toque divertido al espacio de juego de los ni\u00f1os. Hecha en Espa\u00f1a por Cartonlab\",\"breadcrumb\":{\"@id\":\"https:\/\/test.dagic.es\/fr\/producto\/mesa-sonrisa\/#breadcrumb\"},\"inLanguage\":\"fr-FR\",\"potentialAction\":[{\"@type\":\"ReadAction\",\"target\":[\"https:\/\/test.dagic.es\/fr\/producto\/mesa-sonrisa\/\"]}]},{\"@type\":\"ImageObject\",\"inLanguage\":\"fr-FR\",\"@id\":\"https:\/\/test.dagic.es\/fr\/producto\/mesa-sonrisa\/#primaryimage\",\"url\":\"https:\/\/test.dagic.es\/fr\/wp-content\/uploads\/sites\/5\/2014\/08\/mesa-pupitre-infantil-carton-sonrisa-3.jpg\",\"contentUrl\":\"https:\/\/test.dagic.es\/fr\/wp-content\/uploads\/sites\/5\/2014\/08\/mesa-pupitre-infantil-carton-sonrisa-3.jpg\",\"width\":800,\"height\":800,\"caption\":\"mesa pupitre infantil de cart\u00f3n modelo sonrisa\"},{\"@type\":\"BreadcrumbList\",\"@id\":\"https:\/\/test.dagic.es\/fr\/producto\/mesa-sonrisa\/#breadcrumb\",\"itemListElement\":[{\"@type\":\"ListItem\",\"position\":1,\"name\":\"Accueil\",\"item\":\"https:\/\/test.dagic.es\/fr\/\"},{\"@type\":\"ListItem\",\"position\":2,\"name\":\"Produits\",\"item\":\"https:\/\/test.dagic.es\/fr\/shop\/\"},{\"@type\":\"ListItem\",\"position\":3,\"name\":\"Sonrisa &#8211; Mesa pupitre infantil de cart\u00f3n | Pack 2 uds.\"}]},{\"@type\":\"WebSite\",\"@id\":\"https:\/\/test.dagic.es\/fr\/#website\",\"url\":\"https:\/\/test.dagic.es\/fr\/\",\"name\":\"Cartonlab FR\",\"description\":\"Cartonlab | Projets internationaux pour \u00e9v\u00e9nements et stands\",\"publisher\":{\"@id\":\"https:\/\/test.dagic.es\/fr\/#organization\"},\"potentialAction\":[{\"@type\":\"SearchAction\",\"target\":{\"@type\":\"EntryPoint\",\"urlTemplate\":\"https:\/\/test.dagic.es\/fr\/?s={search_term_string}\"},\"query-input\":{\"@type\":\"PropertyValueSpecification\",\"valueRequired\":true,\"valueName\":\"search_term_string\"}}],\"inLanguage\":\"fr-FR\"},{\"@type\":\"Organization\",\"@id\":\"https:\/\/test.dagic.es\/fr\/#organization\",\"name\":\"Cartonlab FR\",\"url\":\"https:\/\/test.dagic.es\/fr\/\",\"logo\":{\"@type\":\"ImageObject\",\"inLanguage\":\"fr-FR\",\"@id\":\"https:\/\/test.dagic.es\/fr\/#\/schema\/logo\/image\/\",\"url\":\"https:\/\/test.dagic.es\/fr\/wp-content\/uploads\/sites\/5\/2023\/07\/logo.svg\",\"contentUrl\":\"https:\/\/test.dagic.es\/fr\/wp-content\/uploads\/sites\/5\/2023\/07\/logo.svg\",\"width\":163,\"height\":44,\"caption\":\"Cartonlab FR\"},\"image\":{\"@id\":\"https:\/\/test.dagic.es\/fr\/#\/schema\/logo\/image\/\"}}]}<\/script>\n<!-- \/ Yoast SEO plugin. -->","yoast_head_json":{"title":"Mesa pupitre infantil de cart\u00f3n modelo Sonrisa. Resistente y divertida. Desde 59.95\u20ac","description":"Mesa pupitre infantil de cart\u00f3n dise\u00f1o Sonrisa. Ideal para decorar con un toque divertido al espacio de juego de los ni\u00f1os. Hecha en Espa\u00f1a por Cartonlab","robots":{"index":"index","follow":"follow","max-snippet":"max-snippet:-1","max-image-preview":"max-image-preview:large","max-video-preview":"max-video-preview:-1"},"canonical":"https:\/\/test.dagic.es\/fr\/producto\/mesa-sonrisa\/","og_locale":"fr_FR","og_type":"article","og_title":"Mesa pupitre infantil de cart\u00f3n modelo Sonrisa. Resistente y divertida. Desde 59.95\u20ac","og_description":"Mesa pupitre infantil de cart\u00f3n dise\u00f1o Sonrisa. Ideal para decorar con un toque divertido al espacio de juego de los ni\u00f1os. Hecha en Espa\u00f1a por Cartonlab","og_url":"https:\/\/test.dagic.es\/fr\/producto\/mesa-sonrisa\/","og_site_name":"Cartonlab FR","article_modified_time":"2020-03-16T15:20:17+00:00","og_image":[{"width":800,"height":800,"url":"https:\/\/test.dagic.es\/fr\/wp-content\/uploads\/sites\/5\/2014\/08\/mesa-pupitre-infantil-carton-sonrisa-3.jpg","type":"image\/jpeg"}],"twitter_card":"summary_large_image","schema":{"@context":"https:\/\/schema.org","@graph":[{"@type":"WebPage","@id":"https:\/\/test.dagic.es\/fr\/producto\/mesa-sonrisa\/","url":"https:\/\/test.dagic.es\/fr\/producto\/mesa-sonrisa\/","name":"Mesa pupitre infantil de cart\u00f3n modelo Sonrisa. Resistente y divertida. Desde 59.95\u20ac","isPartOf":{"@id":"https:\/\/test.dagic.es\/fr\/#website"},"primaryImageOfPage":{"@id":"https:\/\/test.dagic.es\/fr\/producto\/mesa-sonrisa\/#primaryimage"},"image":{"@id":"https:\/\/test.dagic.es\/fr\/producto\/mesa-sonrisa\/#primaryimage"},"thumbnailUrl":"https:\/\/test.dagic.es\/fr\/wp-content\/uploads\/sites\/5\/2014\/08\/mesa-pupitre-infantil-carton-sonrisa-3.jpg","datePublished":"2014-08-05T10:04:01+00:00","dateModified":"2020-03-16T15:20:17+00:00","description":"Mesa pupitre infantil de cart\u00f3n dise\u00f1o Sonrisa. Ideal para decorar con un toque divertido al espacio de juego de los ni\u00f1os. Hecha en Espa\u00f1a por Cartonlab","breadcrumb":{"@id":"https:\/\/test.dagic.es\/fr\/producto\/mesa-sonrisa\/#breadcrumb"},"inLanguage":"fr-FR","potentialAction":[{"@type":"ReadAction","target":["https:\/\/test.dagic.es\/fr\/producto\/mesa-sonrisa\/"]}]},{"@type":"ImageObject","inLanguage":"fr-FR","@id":"https:\/\/test.dagic.es\/fr\/producto\/mesa-sonrisa\/#primaryimage","url":"https:\/\/test.dagic.es\/fr\/wp-content\/uploads\/sites\/5\/2014\/08\/mesa-pupitre-infantil-carton-sonrisa-3.jpg","contentUrl":"https:\/\/test.dagic.es\/fr\/wp-content\/uploads\/sites\/5\/2014\/08\/mesa-pupitre-infantil-carton-sonrisa-3.jpg","width":800,"height":800,"caption":"mesa pupitre infantil de cart\u00f3n modelo sonrisa"},{"@type":"BreadcrumbList","@id":"https:\/\/test.dagic.es\/fr\/producto\/mesa-sonrisa\/#breadcrumb","itemListElement":[{"@type":"ListItem","position":1,"name":"Accueil","item":"https:\/\/test.dagic.es\/fr\/"},{"@type":"ListItem","position":2,"name":"Produits","item":"https:\/\/test.dagic.es\/fr\/shop\/"},{"@type":"ListItem","position":3,"name":"Sonrisa &#8211; Mesa pupitre infantil de cart\u00f3n | Pack 2 uds."}]},{"@type":"WebSite","@id":"https:\/\/test.dagic.es\/fr\/#website","url":"https:\/\/test.dagic.es\/fr\/","name":"Cartonlab FR","description":"Cartonlab | Projets internationaux pour \u00e9v\u00e9nements et stands","publisher":{"@id":"https:\/\/test.dagic.es\/fr\/#organization"},"potentialAction":[{"@type":"SearchAction","target":{"@type":"EntryPoint","urlTemplate":"https:\/\/test.dagic.es\/fr\/?s={search_term_string}"},"query-input":{"@type":"PropertyValueSpecification","valueRequired":true,"valueName":"search_term_string"}}],"inLanguage":"fr-FR"},{"@type":"Organization","@id":"https:\/\/test.dagic.es\/fr\/#organization","name":"Cartonlab FR","url":"https:\/\/test.dagic.es\/fr\/","logo":{"@type":"ImageObject","inLanguage":"fr-FR","@id":"https:\/\/test.dagic.es\/fr\/#\/schema\/logo\/image\/","url":"https:\/\/test.dagic.es\/fr\/wp-content\/uploads\/sites\/5\/2023\/07\/logo.svg","contentUrl":"https:\/\/test.dagic.es\/fr\/wp-content\/uploads\/sites\/5\/2023\/07\/logo.svg","width":163,"height":44,"caption":"Cartonlab FR"},"image":{"@id":"https:\/\/test.dagic.es\/fr\/#\/schema\/logo\/image\/"}}]}},"_links":{"self":[{"href":"https:\/\/test.dagic.es\/fr\/wp-json\/wp\/v2\/product\/3119","targetHints":{"allow":["GET"]}}],"collection":[{"href":"https:\/\/test.dagic.es\/fr\/wp-json\/wp\/v2\/product"}],"about":[{"href":"https:\/\/test.dagic.es\/fr\/wp-json\/wp\/v2\/types\/product"}],"replies":[{"embeddable":true,"href":"https:\/\/test.dagic.es\/fr\/wp-json\/wp\/v2\/comments?post=3119"}],"wp:featuredmedia":[{"embeddable":true,"href":"https:\/\/test.dagic.es\/fr\/wp-json\/wp\/v2\/media\/11307"}],"wp:attachment":[{"href":"https:\/\/test.dagic.es\/fr\/wp-json\/wp\/v2\/media?parent=3119"}],"wp:term":[{"taxonomy":"product_brand","embeddable":true,"href":"https:\/\/test.dagic.es\/fr\/wp-json\/wp\/v2\/product_brand?post=3119"},{"taxonomy":"product_cat","embeddable":true,"href":"https:\/\/test.dagic.es\/fr\/wp-json\/wp\/v2\/product_cat?post=3119"},{"taxonomy":"product_tag","embeddable":true,"href":"https:\/\/test.dagic.es\/fr\/wp-json\/wp\/v2\/product_tag?post=3119"}],"curies":[{"name":"wp","href":"https:\/\/api.w.org\/{rel}","templated":true}]}}