{"id":3114,"date":"2014-08-05T10:54:36","date_gmt":"2014-08-05T09:54:36","guid":{"rendered":"http:\/\/cartonlab.holamundo.me\/?post_type=product&#038;p=3114"},"modified":"2020-11-17T12:10:40","modified_gmt":"2020-11-17T11:10:40","slug":"casa-de-carton-estanteria","status":"publish","type":"product","link":"https:\/\/test.dagic.es\/fr\/producto\/casa-de-carton-estanteria\/","title":{"rendered":"Casita estanter\u00eda de cart\u00f3n | Espacio original para la lectura infantil"},"excerpt":{"rendered":"<p><strong>Casita estanter\u00eda<\/strong> de cart\u00f3n. Un dise\u00f1o original ligero y resistente. Perfecto para fomentar un rinc\u00f3n favorito para lectura en los ni\u00f1os. Este producto se env\u00eda desmontado, est\u00e1 compuesto por 13 piezas muy f\u00e1ciles de montar. Incluye instrucciones de ensamblaje.<\/p>\n<p>Ideal tambi\u00e9n como <strong>expositor de producto<\/strong> para stands y ferias, espacio infantil de lectura, showrooms, mobiliario para pop up stores, etc. Dise\u00f1o exclusivo de venta en Cartonlab.com.<\/p>\n<p>Para m\u00e1s informaci\u00f3n sobre <strong>c<\/strong><strong>asitas de cart\u00f3n para ni\u00f1os <\/strong>consulta nuestro<strong><a href=\"\/blog\/casitas-de-carton-originales\/\" target=\"_blank\" rel=\"noopener noreferrer\"> este art\u00edculo<\/a> <\/strong>en nuestro blog de <strong>Cartonlab<\/strong>.<\/p>\n","protected":false},"featured_media":15690,"comment_status":"open","ping_status":"closed","template":"","meta":{"_acf_changed":false,"inline_featured_image":false},"product_brand":[],"product_cat":[3019,3034,3018,3029,3024,3023],"product_tag":[],"class_list":{"0":"post-3114","1":"product","2":"type-product","3":"status-publish","4":"has-post-thumbnail","6":"product_cat-dessins-pour-enfants","7":"product_cat-etageres","8":"product_cat-muebles-en-carton","9":"product_cat-meubles-en-carton-pour-enfants","10":"product_cat-presentoirs-designs-speciaux","11":"product_cat-presentoirs-pour-produits","12":"product_shipping_class-producto-grande","14":"first","15":"instock","16":"taxable","17":"shipping-taxable","18":"product-type-variable","19":"has-default-attributes"},"acf":[],"yoast_head":"<!-- This site is optimized with the Yoast SEO plugin v27.2 - https:\/\/yoast.com\/product\/yoast-seo-wordpress\/ -->\n<title>Casita estanter\u00eda de cart\u00f3n. Regalo infantil original. Pr\u00e1ctica, resistente y ecol\u00f3gica.<\/title>\n<meta name=\"description\" content=\"Casita estanter\u00eda de cart\u00f3n infantil. Un gran regalo para fomentar la lectura en los m\u00e1s peque\u00f1os. Ecol\u00f3gica y resistente. Compra Online en Cartonlab.com\" \/>\n<meta name=\"robots\" content=\"index, follow, max-snippet:-1, max-image-preview:large, max-video-preview:-1\" \/>\n<link rel=\"canonical\" href=\"https:\/\/test.dagic.es\/fr\/producto\/casa-de-carton-estanteria\/\" \/>\n<meta property=\"og:locale\" content=\"fr_FR\" \/>\n<meta property=\"og:type\" content=\"article\" \/>\n<meta property=\"og:title\" content=\"Casita estanter\u00eda de cart\u00f3n. Regalo infantil original. Pr\u00e1ctica, resistente y ecol\u00f3gica.\" \/>\n<meta property=\"og:description\" content=\"Casita estanter\u00eda de cart\u00f3n infantil. Un gran regalo para fomentar la lectura en los m\u00e1s peque\u00f1os. Ecol\u00f3gica y resistente. Compra Online en Cartonlab.com\" \/>\n<meta property=\"og:url\" content=\"https:\/\/test.dagic.es\/fr\/producto\/casa-de-carton-estanteria\/\" \/>\n<meta property=\"og:site_name\" content=\"Cartonlab FR\" \/>\n<meta property=\"article:modified_time\" content=\"2020-11-17T11:10:40+00:00\" \/>\n<meta property=\"og:image\" content=\"https:\/\/test.dagic.es\/fr\/wp-content\/uploads\/sites\/5\/2014\/08\/casita-estanteria-principal-retoc.jpg\" \/>\n\t<meta property=\"og:image:width\" content=\"800\" \/>\n\t<meta property=\"og:image:height\" content=\"800\" \/>\n\t<meta property=\"og:image:type\" content=\"image\/jpeg\" \/>\n<meta name=\"twitter:card\" content=\"summary_large_image\" \/>\n<script type=\"application\/ld+json\" class=\"yoast-schema-graph\">{\"@context\":\"https:\/\/schema.org\",\"@graph\":[{\"@type\":\"WebPage\",\"@id\":\"https:\/\/test.dagic.es\/fr\/producto\/casa-de-carton-estanteria\/\",\"url\":\"https:\/\/test.dagic.es\/fr\/producto\/casa-de-carton-estanteria\/\",\"name\":\"Casita estanter\u00eda de cart\u00f3n. Regalo infantil original. Pr\u00e1ctica, resistente y ecol\u00f3gica.\",\"isPartOf\":{\"@id\":\"https:\/\/test.dagic.es\/fr\/#website\"},\"primaryImageOfPage\":{\"@id\":\"https:\/\/test.dagic.es\/fr\/producto\/casa-de-carton-estanteria\/#primaryimage\"},\"image\":{\"@id\":\"https:\/\/test.dagic.es\/fr\/producto\/casa-de-carton-estanteria\/#primaryimage\"},\"thumbnailUrl\":\"https:\/\/test.dagic.es\/fr\/wp-content\/uploads\/sites\/5\/2014\/08\/casita-estanteria-principal-retoc.jpg\",\"datePublished\":\"2014-08-05T09:54:36+00:00\",\"dateModified\":\"2020-11-17T11:10:40+00:00\",\"description\":\"Casita estanter\u00eda de cart\u00f3n infantil. Un gran regalo para fomentar la lectura en los m\u00e1s peque\u00f1os. Ecol\u00f3gica y resistente. Compra Online en Cartonlab.com\",\"breadcrumb\":{\"@id\":\"https:\/\/test.dagic.es\/fr\/producto\/casa-de-carton-estanteria\/#breadcrumb\"},\"inLanguage\":\"fr-FR\",\"potentialAction\":[{\"@type\":\"ReadAction\",\"target\":[\"https:\/\/test.dagic.es\/fr\/producto\/casa-de-carton-estanteria\/\"]}]},{\"@type\":\"ImageObject\",\"inLanguage\":\"fr-FR\",\"@id\":\"https:\/\/test.dagic.es\/fr\/producto\/casa-de-carton-estanteria\/#primaryimage\",\"url\":\"https:\/\/test.dagic.es\/fr\/wp-content\/uploads\/sites\/5\/2014\/08\/casita-estanteria-principal-retoc.jpg\",\"contentUrl\":\"https:\/\/test.dagic.es\/fr\/wp-content\/uploads\/sites\/5\/2014\/08\/casita-estanteria-principal-retoc.jpg\",\"width\":800,\"height\":800,\"caption\":\"casita estanteria carton frontal\"},{\"@type\":\"BreadcrumbList\",\"@id\":\"https:\/\/test.dagic.es\/fr\/producto\/casa-de-carton-estanteria\/#breadcrumb\",\"itemListElement\":[{\"@type\":\"ListItem\",\"position\":1,\"name\":\"Accueil\",\"item\":\"https:\/\/test.dagic.es\/fr\/\"},{\"@type\":\"ListItem\",\"position\":2,\"name\":\"Produits\",\"item\":\"https:\/\/test.dagic.es\/fr\/shop\/\"},{\"@type\":\"ListItem\",\"position\":3,\"name\":\"Casita estanter\u00eda de cart\u00f3n | Espacio original para la lectura infantil\"}]},{\"@type\":\"WebSite\",\"@id\":\"https:\/\/test.dagic.es\/fr\/#website\",\"url\":\"https:\/\/test.dagic.es\/fr\/\",\"name\":\"Cartonlab FR\",\"description\":\"Cartonlab | Projets internationaux pour \u00e9v\u00e9nements et stands\",\"publisher\":{\"@id\":\"https:\/\/test.dagic.es\/fr\/#organization\"},\"potentialAction\":[{\"@type\":\"SearchAction\",\"target\":{\"@type\":\"EntryPoint\",\"urlTemplate\":\"https:\/\/test.dagic.es\/fr\/?s={search_term_string}\"},\"query-input\":{\"@type\":\"PropertyValueSpecification\",\"valueRequired\":true,\"valueName\":\"search_term_string\"}}],\"inLanguage\":\"fr-FR\"},{\"@type\":\"Organization\",\"@id\":\"https:\/\/test.dagic.es\/fr\/#organization\",\"name\":\"Cartonlab FR\",\"url\":\"https:\/\/test.dagic.es\/fr\/\",\"logo\":{\"@type\":\"ImageObject\",\"inLanguage\":\"fr-FR\",\"@id\":\"https:\/\/test.dagic.es\/fr\/#\/schema\/logo\/image\/\",\"url\":\"https:\/\/test.dagic.es\/fr\/wp-content\/uploads\/sites\/5\/2023\/07\/logo.svg\",\"contentUrl\":\"https:\/\/test.dagic.es\/fr\/wp-content\/uploads\/sites\/5\/2023\/07\/logo.svg\",\"width\":163,\"height\":44,\"caption\":\"Cartonlab FR\"},\"image\":{\"@id\":\"https:\/\/test.dagic.es\/fr\/#\/schema\/logo\/image\/\"}}]}<\/script>\n<!-- \/ Yoast SEO plugin. -->","yoast_head_json":{"title":"Casita estanter\u00eda de cart\u00f3n. Regalo infantil original. Pr\u00e1ctica, resistente y ecol\u00f3gica.","description":"Casita estanter\u00eda de cart\u00f3n infantil. Un gran regalo para fomentar la lectura en los m\u00e1s peque\u00f1os. Ecol\u00f3gica y resistente. Compra Online en Cartonlab.com","robots":{"index":"index","follow":"follow","max-snippet":"max-snippet:-1","max-image-preview":"max-image-preview:large","max-video-preview":"max-video-preview:-1"},"canonical":"https:\/\/test.dagic.es\/fr\/producto\/casa-de-carton-estanteria\/","og_locale":"fr_FR","og_type":"article","og_title":"Casita estanter\u00eda de cart\u00f3n. Regalo infantil original. Pr\u00e1ctica, resistente y ecol\u00f3gica.","og_description":"Casita estanter\u00eda de cart\u00f3n infantil. Un gran regalo para fomentar la lectura en los m\u00e1s peque\u00f1os. Ecol\u00f3gica y resistente. Compra Online en Cartonlab.com","og_url":"https:\/\/test.dagic.es\/fr\/producto\/casa-de-carton-estanteria\/","og_site_name":"Cartonlab FR","article_modified_time":"2020-11-17T11:10:40+00:00","og_image":[{"width":800,"height":800,"url":"https:\/\/test.dagic.es\/fr\/wp-content\/uploads\/sites\/5\/2014\/08\/casita-estanteria-principal-retoc.jpg","type":"image\/jpeg"}],"twitter_card":"summary_large_image","schema":{"@context":"https:\/\/schema.org","@graph":[{"@type":"WebPage","@id":"https:\/\/test.dagic.es\/fr\/producto\/casa-de-carton-estanteria\/","url":"https:\/\/test.dagic.es\/fr\/producto\/casa-de-carton-estanteria\/","name":"Casita estanter\u00eda de cart\u00f3n. Regalo infantil original. Pr\u00e1ctica, resistente y ecol\u00f3gica.","isPartOf":{"@id":"https:\/\/test.dagic.es\/fr\/#website"},"primaryImageOfPage":{"@id":"https:\/\/test.dagic.es\/fr\/producto\/casa-de-carton-estanteria\/#primaryimage"},"image":{"@id":"https:\/\/test.dagic.es\/fr\/producto\/casa-de-carton-estanteria\/#primaryimage"},"thumbnailUrl":"https:\/\/test.dagic.es\/fr\/wp-content\/uploads\/sites\/5\/2014\/08\/casita-estanteria-principal-retoc.jpg","datePublished":"2014-08-05T09:54:36+00:00","dateModified":"2020-11-17T11:10:40+00:00","description":"Casita estanter\u00eda de cart\u00f3n infantil. Un gran regalo para fomentar la lectura en los m\u00e1s peque\u00f1os. Ecol\u00f3gica y resistente. Compra Online en Cartonlab.com","breadcrumb":{"@id":"https:\/\/test.dagic.es\/fr\/producto\/casa-de-carton-estanteria\/#breadcrumb"},"inLanguage":"fr-FR","potentialAction":[{"@type":"ReadAction","target":["https:\/\/test.dagic.es\/fr\/producto\/casa-de-carton-estanteria\/"]}]},{"@type":"ImageObject","inLanguage":"fr-FR","@id":"https:\/\/test.dagic.es\/fr\/producto\/casa-de-carton-estanteria\/#primaryimage","url":"https:\/\/test.dagic.es\/fr\/wp-content\/uploads\/sites\/5\/2014\/08\/casita-estanteria-principal-retoc.jpg","contentUrl":"https:\/\/test.dagic.es\/fr\/wp-content\/uploads\/sites\/5\/2014\/08\/casita-estanteria-principal-retoc.jpg","width":800,"height":800,"caption":"casita estanteria carton frontal"},{"@type":"BreadcrumbList","@id":"https:\/\/test.dagic.es\/fr\/producto\/casa-de-carton-estanteria\/#breadcrumb","itemListElement":[{"@type":"ListItem","position":1,"name":"Accueil","item":"https:\/\/test.dagic.es\/fr\/"},{"@type":"ListItem","position":2,"name":"Produits","item":"https:\/\/test.dagic.es\/fr\/shop\/"},{"@type":"ListItem","position":3,"name":"Casita estanter\u00eda de cart\u00f3n | Espacio original para la lectura infantil"}]},{"@type":"WebSite","@id":"https:\/\/test.dagic.es\/fr\/#website","url":"https:\/\/test.dagic.es\/fr\/","name":"Cartonlab FR","description":"Cartonlab | Projets internationaux pour \u00e9v\u00e9nements et stands","publisher":{"@id":"https:\/\/test.dagic.es\/fr\/#organization"},"potentialAction":[{"@type":"SearchAction","target":{"@type":"EntryPoint","urlTemplate":"https:\/\/test.dagic.es\/fr\/?s={search_term_string}"},"query-input":{"@type":"PropertyValueSpecification","valueRequired":true,"valueName":"search_term_string"}}],"inLanguage":"fr-FR"},{"@type":"Organization","@id":"https:\/\/test.dagic.es\/fr\/#organization","name":"Cartonlab FR","url":"https:\/\/test.dagic.es\/fr\/","logo":{"@type":"ImageObject","inLanguage":"fr-FR","@id":"https:\/\/test.dagic.es\/fr\/#\/schema\/logo\/image\/","url":"https:\/\/test.dagic.es\/fr\/wp-content\/uploads\/sites\/5\/2023\/07\/logo.svg","contentUrl":"https:\/\/test.dagic.es\/fr\/wp-content\/uploads\/sites\/5\/2023\/07\/logo.svg","width":163,"height":44,"caption":"Cartonlab FR"},"image":{"@id":"https:\/\/test.dagic.es\/fr\/#\/schema\/logo\/image\/"}}]}},"_links":{"self":[{"href":"https:\/\/test.dagic.es\/fr\/wp-json\/wp\/v2\/product\/3114","targetHints":{"allow":["GET"]}}],"collection":[{"href":"https:\/\/test.dagic.es\/fr\/wp-json\/wp\/v2\/product"}],"about":[{"href":"https:\/\/test.dagic.es\/fr\/wp-json\/wp\/v2\/types\/product"}],"replies":[{"embeddable":true,"href":"https:\/\/test.dagic.es\/fr\/wp-json\/wp\/v2\/comments?post=3114"}],"wp:featuredmedia":[{"embeddable":true,"href":"https:\/\/test.dagic.es\/fr\/wp-json\/wp\/v2\/media\/15690"}],"wp:attachment":[{"href":"https:\/\/test.dagic.es\/fr\/wp-json\/wp\/v2\/media?parent=3114"}],"wp:term":[{"taxonomy":"product_brand","embeddable":true,"href":"https:\/\/test.dagic.es\/fr\/wp-json\/wp\/v2\/product_brand?post=3114"},{"taxonomy":"product_cat","embeddable":true,"href":"https:\/\/test.dagic.es\/fr\/wp-json\/wp\/v2\/product_cat?post=3114"},{"taxonomy":"product_tag","embeddable":true,"href":"https:\/\/test.dagic.es\/fr\/wp-json\/wp\/v2\/product_tag?post=3114"}],"curies":[{"name":"wp","href":"https:\/\/api.w.org\/{rel}","templated":true}]}}