{"id":3108,"date":"2014-08-05T10:50:01","date_gmt":"2014-08-05T09:50:01","guid":{"rendered":"http:\/\/cartonlab.holamundo.me\/?post_type=product&#038;p=3108"},"modified":"2019-09-09T08:44:51","modified_gmt":"2019-09-09T07:44:51","slug":"cuna-de-carton-personalizada","status":"publish","type":"product","link":"https:\/\/test.dagic.es\/fr\/producto\/cuna-de-carton-personalizada\/","title":{"rendered":"Cuna de cart\u00f3n Finlandesa"},"excerpt":{"rendered":"<p><strong>Cuna de cart\u00f3n<\/strong> finlandesa realizada con materiales certificados ecol\u00f3gicos y sostenibles. \u00a0Desde 1938 el gobierno de Finlandia\u00a0 dota a las mujeres embarazadas con un paquete de maternidad\u00a0en el que incluye una caja- cuna de cart\u00f3n y que puede ser utilizada durante los 6 primeros meses de vida del beb\u00e9. Una decisi\u00f3n que buscaba dar a todos los ni\u00f1os finlandeses un comienzo igualitario.<\/p>\n<p>La cuna finlandesa de Cartonlab est\u00e1 inspirada en este esp\u00edritu. Muy <strong>resistente<\/strong> y f\u00e1cil de montar. Se entrega desmontada en 5 piezas dentro de un paquete plano con sencillas instrucciones de ensamblaje incluidas.\u00a0 Puedes <strong>personalizarla<\/strong> con el nombre del beb\u00e9\u00a0 recortado. Disponible en dos acabados blanco y kraft (marr\u00f3n).<\/p>\n<p>Consulta m\u00e1s informaci\u00f3n sobre <strong><a href=\"https:\/\/www.cleoveo.es\/blog\/cunas-de-carton\/\" target=\"_blank\" rel=\"noopener nofollow noreferrer\">cunas finlandesas de cart\u00f3n<\/a> <\/strong>en el blog de CleoVeo.<\/p>\n","protected":false},"featured_media":15858,"comment_status":"open","ping_status":"closed","template":"","meta":{"_acf_changed":false,"inline_featured_image":false},"product_brand":[],"product_cat":[3019,3029],"product_tag":[],"class_list":{"0":"post-3108","1":"product","2":"type-product","3":"status-publish","4":"has-post-thumbnail","6":"product_cat-dessins-pour-enfants","7":"product_cat-meubles-en-carton-pour-enfants","8":"product_shipping_class-producto-mediano","10":"first","11":"instock","12":"taxable","13":"shipping-taxable","14":"product-type-variable"},"acf":[],"yoast_head":"<!-- This site is optimized with the Yoast SEO plugin v27.2 - https:\/\/yoast.com\/product\/yoast-seo-wordpress\/ -->\n<title>Cuna de cart\u00f3n Finlandesa. Original Dise\u00f1o ecol\u00f3gico exclusivo.<\/title>\n<meta name=\"description\" content=\"Cuna de cart\u00f3n Finlandesa realizada con materiales ecol\u00f3gicos y sostenibles. Resistente y f\u00e1cil de montar. Personalizable. Dise\u00f1ada por Cartonlab\" \/>\n<meta name=\"robots\" content=\"index, follow, max-snippet:-1, max-image-preview:large, max-video-preview:-1\" \/>\n<link rel=\"canonical\" href=\"https:\/\/test.dagic.es\/fr\/producto\/cuna-de-carton-personalizada\/\" \/>\n<meta property=\"og:locale\" content=\"fr_FR\" \/>\n<meta property=\"og:type\" content=\"article\" \/>\n<meta property=\"og:title\" content=\"Cuna de cart\u00f3n Finlandesa. Original Dise\u00f1o ecol\u00f3gico exclusivo.\" \/>\n<meta property=\"og:description\" content=\"Cuna de cart\u00f3n Finlandesa realizada con materiales ecol\u00f3gicos y sostenibles. Resistente y f\u00e1cil de montar. Personalizable. Dise\u00f1ada por Cartonlab\" \/>\n<meta property=\"og:url\" content=\"https:\/\/test.dagic.es\/fr\/producto\/cuna-de-carton-personalizada\/\" \/>\n<meta property=\"og:site_name\" content=\"Cartonlab FR\" \/>\n<meta property=\"article:modified_time\" content=\"2019-09-09T07:44:51+00:00\" \/>\n<meta property=\"og:image\" content=\"https:\/\/test.dagic.es\/fr\/wp-content\/uploads\/sites\/5\/2014\/08\/cuna-carton-finlandesa-cardboard-cradle-3.jpg\" \/>\n\t<meta property=\"og:image:width\" content=\"800\" \/>\n\t<meta property=\"og:image:height\" content=\"800\" \/>\n\t<meta property=\"og:image:type\" content=\"image\/jpeg\" \/>\n<meta name=\"twitter:card\" content=\"summary_large_image\" \/>\n<script type=\"application\/ld+json\" class=\"yoast-schema-graph\">{\"@context\":\"https:\/\/schema.org\",\"@graph\":[{\"@type\":\"WebPage\",\"@id\":\"https:\/\/test.dagic.es\/fr\/producto\/cuna-de-carton-personalizada\/\",\"url\":\"https:\/\/test.dagic.es\/fr\/producto\/cuna-de-carton-personalizada\/\",\"name\":\"Cuna de cart\u00f3n Finlandesa. Original Dise\u00f1o ecol\u00f3gico exclusivo.\",\"isPartOf\":{\"@id\":\"https:\/\/test.dagic.es\/fr\/#website\"},\"primaryImageOfPage\":{\"@id\":\"https:\/\/test.dagic.es\/fr\/producto\/cuna-de-carton-personalizada\/#primaryimage\"},\"image\":{\"@id\":\"https:\/\/test.dagic.es\/fr\/producto\/cuna-de-carton-personalizada\/#primaryimage\"},\"thumbnailUrl\":\"https:\/\/test.dagic.es\/fr\/wp-content\/uploads\/sites\/5\/2014\/08\/cuna-carton-finlandesa-cardboard-cradle-3.jpg\",\"datePublished\":\"2014-08-05T09:50:01+00:00\",\"dateModified\":\"2019-09-09T07:44:51+00:00\",\"description\":\"Cuna de cart\u00f3n Finlandesa realizada con materiales ecol\u00f3gicos y sostenibles. Resistente y f\u00e1cil de montar. Personalizable. Dise\u00f1ada por Cartonlab\",\"breadcrumb\":{\"@id\":\"https:\/\/test.dagic.es\/fr\/producto\/cuna-de-carton-personalizada\/#breadcrumb\"},\"inLanguage\":\"fr-FR\",\"potentialAction\":[{\"@type\":\"ReadAction\",\"target\":[\"https:\/\/test.dagic.es\/fr\/producto\/cuna-de-carton-personalizada\/\"]}]},{\"@type\":\"ImageObject\",\"inLanguage\":\"fr-FR\",\"@id\":\"https:\/\/test.dagic.es\/fr\/producto\/cuna-de-carton-personalizada\/#primaryimage\",\"url\":\"https:\/\/test.dagic.es\/fr\/wp-content\/uploads\/sites\/5\/2014\/08\/cuna-carton-finlandesa-cardboard-cradle-3.jpg\",\"contentUrl\":\"https:\/\/test.dagic.es\/fr\/wp-content\/uploads\/sites\/5\/2014\/08\/cuna-carton-finlandesa-cardboard-cradle-3.jpg\",\"width\":800,\"height\":800,\"caption\":\"cuna Teo frontal 1\"},{\"@type\":\"BreadcrumbList\",\"@id\":\"https:\/\/test.dagic.es\/fr\/producto\/cuna-de-carton-personalizada\/#breadcrumb\",\"itemListElement\":[{\"@type\":\"ListItem\",\"position\":1,\"name\":\"Accueil\",\"item\":\"https:\/\/test.dagic.es\/fr\/\"},{\"@type\":\"ListItem\",\"position\":2,\"name\":\"Produits\",\"item\":\"https:\/\/test.dagic.es\/fr\/shop\/\"},{\"@type\":\"ListItem\",\"position\":3,\"name\":\"Cuna de cart\u00f3n Finlandesa\"}]},{\"@type\":\"WebSite\",\"@id\":\"https:\/\/test.dagic.es\/fr\/#website\",\"url\":\"https:\/\/test.dagic.es\/fr\/\",\"name\":\"Cartonlab FR\",\"description\":\"Cartonlab | Projets internationaux pour \u00e9v\u00e9nements et stands\",\"publisher\":{\"@id\":\"https:\/\/test.dagic.es\/fr\/#organization\"},\"potentialAction\":[{\"@type\":\"SearchAction\",\"target\":{\"@type\":\"EntryPoint\",\"urlTemplate\":\"https:\/\/test.dagic.es\/fr\/?s={search_term_string}\"},\"query-input\":{\"@type\":\"PropertyValueSpecification\",\"valueRequired\":true,\"valueName\":\"search_term_string\"}}],\"inLanguage\":\"fr-FR\"},{\"@type\":\"Organization\",\"@id\":\"https:\/\/test.dagic.es\/fr\/#organization\",\"name\":\"Cartonlab FR\",\"url\":\"https:\/\/test.dagic.es\/fr\/\",\"logo\":{\"@type\":\"ImageObject\",\"inLanguage\":\"fr-FR\",\"@id\":\"https:\/\/test.dagic.es\/fr\/#\/schema\/logo\/image\/\",\"url\":\"https:\/\/test.dagic.es\/fr\/wp-content\/uploads\/sites\/5\/2023\/07\/logo.svg\",\"contentUrl\":\"https:\/\/test.dagic.es\/fr\/wp-content\/uploads\/sites\/5\/2023\/07\/logo.svg\",\"width\":163,\"height\":44,\"caption\":\"Cartonlab FR\"},\"image\":{\"@id\":\"https:\/\/test.dagic.es\/fr\/#\/schema\/logo\/image\/\"}}]}<\/script>\n<!-- \/ Yoast SEO plugin. -->","yoast_head_json":{"title":"Cuna de cart\u00f3n Finlandesa. Original Dise\u00f1o ecol\u00f3gico exclusivo.","description":"Cuna de cart\u00f3n Finlandesa realizada con materiales ecol\u00f3gicos y sostenibles. Resistente y f\u00e1cil de montar. Personalizable. Dise\u00f1ada por Cartonlab","robots":{"index":"index","follow":"follow","max-snippet":"max-snippet:-1","max-image-preview":"max-image-preview:large","max-video-preview":"max-video-preview:-1"},"canonical":"https:\/\/test.dagic.es\/fr\/producto\/cuna-de-carton-personalizada\/","og_locale":"fr_FR","og_type":"article","og_title":"Cuna de cart\u00f3n Finlandesa. Original Dise\u00f1o ecol\u00f3gico exclusivo.","og_description":"Cuna de cart\u00f3n Finlandesa realizada con materiales ecol\u00f3gicos y sostenibles. Resistente y f\u00e1cil de montar. Personalizable. Dise\u00f1ada por Cartonlab","og_url":"https:\/\/test.dagic.es\/fr\/producto\/cuna-de-carton-personalizada\/","og_site_name":"Cartonlab FR","article_modified_time":"2019-09-09T07:44:51+00:00","og_image":[{"width":800,"height":800,"url":"https:\/\/test.dagic.es\/fr\/wp-content\/uploads\/sites\/5\/2014\/08\/cuna-carton-finlandesa-cardboard-cradle-3.jpg","type":"image\/jpeg"}],"twitter_card":"summary_large_image","schema":{"@context":"https:\/\/schema.org","@graph":[{"@type":"WebPage","@id":"https:\/\/test.dagic.es\/fr\/producto\/cuna-de-carton-personalizada\/","url":"https:\/\/test.dagic.es\/fr\/producto\/cuna-de-carton-personalizada\/","name":"Cuna de cart\u00f3n Finlandesa. Original Dise\u00f1o ecol\u00f3gico exclusivo.","isPartOf":{"@id":"https:\/\/test.dagic.es\/fr\/#website"},"primaryImageOfPage":{"@id":"https:\/\/test.dagic.es\/fr\/producto\/cuna-de-carton-personalizada\/#primaryimage"},"image":{"@id":"https:\/\/test.dagic.es\/fr\/producto\/cuna-de-carton-personalizada\/#primaryimage"},"thumbnailUrl":"https:\/\/test.dagic.es\/fr\/wp-content\/uploads\/sites\/5\/2014\/08\/cuna-carton-finlandesa-cardboard-cradle-3.jpg","datePublished":"2014-08-05T09:50:01+00:00","dateModified":"2019-09-09T07:44:51+00:00","description":"Cuna de cart\u00f3n Finlandesa realizada con materiales ecol\u00f3gicos y sostenibles. Resistente y f\u00e1cil de montar. Personalizable. Dise\u00f1ada por Cartonlab","breadcrumb":{"@id":"https:\/\/test.dagic.es\/fr\/producto\/cuna-de-carton-personalizada\/#breadcrumb"},"inLanguage":"fr-FR","potentialAction":[{"@type":"ReadAction","target":["https:\/\/test.dagic.es\/fr\/producto\/cuna-de-carton-personalizada\/"]}]},{"@type":"ImageObject","inLanguage":"fr-FR","@id":"https:\/\/test.dagic.es\/fr\/producto\/cuna-de-carton-personalizada\/#primaryimage","url":"https:\/\/test.dagic.es\/fr\/wp-content\/uploads\/sites\/5\/2014\/08\/cuna-carton-finlandesa-cardboard-cradle-3.jpg","contentUrl":"https:\/\/test.dagic.es\/fr\/wp-content\/uploads\/sites\/5\/2014\/08\/cuna-carton-finlandesa-cardboard-cradle-3.jpg","width":800,"height":800,"caption":"cuna Teo frontal 1"},{"@type":"BreadcrumbList","@id":"https:\/\/test.dagic.es\/fr\/producto\/cuna-de-carton-personalizada\/#breadcrumb","itemListElement":[{"@type":"ListItem","position":1,"name":"Accueil","item":"https:\/\/test.dagic.es\/fr\/"},{"@type":"ListItem","position":2,"name":"Produits","item":"https:\/\/test.dagic.es\/fr\/shop\/"},{"@type":"ListItem","position":3,"name":"Cuna de cart\u00f3n Finlandesa"}]},{"@type":"WebSite","@id":"https:\/\/test.dagic.es\/fr\/#website","url":"https:\/\/test.dagic.es\/fr\/","name":"Cartonlab FR","description":"Cartonlab | Projets internationaux pour \u00e9v\u00e9nements et stands","publisher":{"@id":"https:\/\/test.dagic.es\/fr\/#organization"},"potentialAction":[{"@type":"SearchAction","target":{"@type":"EntryPoint","urlTemplate":"https:\/\/test.dagic.es\/fr\/?s={search_term_string}"},"query-input":{"@type":"PropertyValueSpecification","valueRequired":true,"valueName":"search_term_string"}}],"inLanguage":"fr-FR"},{"@type":"Organization","@id":"https:\/\/test.dagic.es\/fr\/#organization","name":"Cartonlab FR","url":"https:\/\/test.dagic.es\/fr\/","logo":{"@type":"ImageObject","inLanguage":"fr-FR","@id":"https:\/\/test.dagic.es\/fr\/#\/schema\/logo\/image\/","url":"https:\/\/test.dagic.es\/fr\/wp-content\/uploads\/sites\/5\/2023\/07\/logo.svg","contentUrl":"https:\/\/test.dagic.es\/fr\/wp-content\/uploads\/sites\/5\/2023\/07\/logo.svg","width":163,"height":44,"caption":"Cartonlab FR"},"image":{"@id":"https:\/\/test.dagic.es\/fr\/#\/schema\/logo\/image\/"}}]}},"_links":{"self":[{"href":"https:\/\/test.dagic.es\/fr\/wp-json\/wp\/v2\/product\/3108","targetHints":{"allow":["GET"]}}],"collection":[{"href":"https:\/\/test.dagic.es\/fr\/wp-json\/wp\/v2\/product"}],"about":[{"href":"https:\/\/test.dagic.es\/fr\/wp-json\/wp\/v2\/types\/product"}],"replies":[{"embeddable":true,"href":"https:\/\/test.dagic.es\/fr\/wp-json\/wp\/v2\/comments?post=3108"}],"wp:featuredmedia":[{"embeddable":true,"href":"https:\/\/test.dagic.es\/fr\/wp-json\/wp\/v2\/media\/15858"}],"wp:attachment":[{"href":"https:\/\/test.dagic.es\/fr\/wp-json\/wp\/v2\/media?parent=3108"}],"wp:term":[{"taxonomy":"product_brand","embeddable":true,"href":"https:\/\/test.dagic.es\/fr\/wp-json\/wp\/v2\/product_brand?post=3108"},{"taxonomy":"product_cat","embeddable":true,"href":"https:\/\/test.dagic.es\/fr\/wp-json\/wp\/v2\/product_cat?post=3108"},{"taxonomy":"product_tag","embeddable":true,"href":"https:\/\/test.dagic.es\/fr\/wp-json\/wp\/v2\/product_tag?post=3108"}],"curies":[{"name":"wp","href":"https:\/\/api.w.org\/{rel}","templated":true}]}}