{"id":3095,"date":"2014-08-05T10:32:45","date_gmt":"2014-08-05T09:32:45","guid":{"rendered":"http:\/\/cartonlab.holamundo.me\/?post_type=product&#038;p=3095"},"modified":"2020-02-10T10:03:03","modified_gmt":"2020-02-10T09:03:03","slug":"cabecero-de-carton-arbol","status":"publish","type":"product","link":"https:\/\/test.dagic.es\/fr\/producto\/cabecero-de-carton-arbol\/","title":{"rendered":"Silueta de \u00c1rbol. Cabecero de cama de cart\u00f3n."},"excerpt":{"rendered":"<p>Cabecero de cama de cart\u00f3n dise\u00f1ado\u00a0 con forma de silueta de \u00e1rbol, disponible en dos medidas y en dos acabados: blanco y marr\u00f3n (kraft). Ya puedes dormir debajo de un bosque sin salir de tu dormitorio. Se instala directamente apoyado en el suelo o fijado a la pared.<\/p>\n<p>&nbsp;<\/p>\n<p>&nbsp;<\/p>\n<p>&nbsp;<\/p>\n<p>&nbsp;<\/p>\n<p>&nbsp;<\/p>\n","protected":false},"featured_media":15862,"comment_status":"open","ping_status":"closed","template":"","meta":{"_acf_changed":false,"inline_featured_image":false},"product_brand":[],"product_cat":[3019,3018,3029],"product_tag":[],"class_list":{"0":"post-3095","1":"product","2":"type-product","3":"status-publish","4":"has-post-thumbnail","6":"product_cat-dessins-pour-enfants","7":"product_cat-muebles-en-carton","8":"product_cat-meubles-en-carton-pour-enfants","9":"product_shipping_class-producto-mediano","11":"first","12":"instock","13":"taxable","14":"shipping-taxable","15":"product-type-variable","16":"has-default-attributes"},"acf":[],"yoast_head":"<!-- This site is optimized with the Yoast SEO plugin v27.2 - https:\/\/yoast.com\/product\/yoast-seo-wordpress\/ -->\n<title>Cabecero de cama cart\u00f3n con forma de \u00e1rbol. Decoraci\u00f3n ecol\u00f3gica.Compra online.<\/title>\n<meta name=\"description\" content=\"Cabecero de cama de cart\u00f3n fabricado en cart\u00f3n. Dise\u00f1o exclusivo con forma de \u00e1rbol. Ya puedes dormir debajo de un bosque sin salir de tu dormitorio.\" \/>\n<meta name=\"robots\" content=\"index, follow, max-snippet:-1, max-image-preview:large, max-video-preview:-1\" \/>\n<link rel=\"canonical\" href=\"https:\/\/test.dagic.es\/fr\/producto\/cabecero-de-carton-arbol\/\" \/>\n<meta property=\"og:locale\" content=\"fr_FR\" \/>\n<meta property=\"og:type\" content=\"article\" \/>\n<meta property=\"og:title\" content=\"Cabecero de cama cart\u00f3n con forma de \u00e1rbol. Decoraci\u00f3n ecol\u00f3gica.Compra online.\" \/>\n<meta property=\"og:description\" content=\"Cabecero de cama de cart\u00f3n fabricado en cart\u00f3n. Dise\u00f1o exclusivo con forma de \u00e1rbol. Ya puedes dormir debajo de un bosque sin salir de tu dormitorio.\" \/>\n<meta property=\"og:url\" content=\"https:\/\/test.dagic.es\/fr\/producto\/cabecero-de-carton-arbol\/\" \/>\n<meta property=\"og:site_name\" content=\"Cartonlab FR\" \/>\n<meta property=\"article:modified_time\" content=\"2020-02-10T09:03:03+00:00\" \/>\n<meta property=\"og:image\" content=\"https:\/\/test.dagic.es\/fr\/wp-content\/uploads\/sites\/5\/2014\/08\/cabecero-infantil-de-carton-figura-arbol-cartonlab.jpg\" \/>\n\t<meta property=\"og:image:width\" content=\"800\" \/>\n\t<meta property=\"og:image:height\" content=\"800\" \/>\n\t<meta property=\"og:image:type\" content=\"image\/jpeg\" \/>\n<meta name=\"twitter:card\" content=\"summary_large_image\" \/>\n<script type=\"application\/ld+json\" class=\"yoast-schema-graph\">{\"@context\":\"https:\/\/schema.org\",\"@graph\":[{\"@type\":\"WebPage\",\"@id\":\"https:\/\/test.dagic.es\/fr\/producto\/cabecero-de-carton-arbol\/\",\"url\":\"https:\/\/test.dagic.es\/fr\/producto\/cabecero-de-carton-arbol\/\",\"name\":\"Cabecero de cama cart\u00f3n con forma de \u00e1rbol. Decoraci\u00f3n ecol\u00f3gica.Compra online.\",\"isPartOf\":{\"@id\":\"https:\/\/test.dagic.es\/fr\/#website\"},\"primaryImageOfPage\":{\"@id\":\"https:\/\/test.dagic.es\/fr\/producto\/cabecero-de-carton-arbol\/#primaryimage\"},\"image\":{\"@id\":\"https:\/\/test.dagic.es\/fr\/producto\/cabecero-de-carton-arbol\/#primaryimage\"},\"thumbnailUrl\":\"https:\/\/test.dagic.es\/fr\/wp-content\/uploads\/sites\/5\/2014\/08\/cabecero-infantil-de-carton-figura-arbol-cartonlab.jpg\",\"datePublished\":\"2014-08-05T09:32:45+00:00\",\"dateModified\":\"2020-02-10T09:03:03+00:00\",\"description\":\"Cabecero de cama de cart\u00f3n fabricado en cart\u00f3n. Dise\u00f1o exclusivo con forma de \u00e1rbol. Ya puedes dormir debajo de un bosque sin salir de tu dormitorio.\",\"breadcrumb\":{\"@id\":\"https:\/\/test.dagic.es\/fr\/producto\/cabecero-de-carton-arbol\/#breadcrumb\"},\"inLanguage\":\"fr-FR\",\"potentialAction\":[{\"@type\":\"ReadAction\",\"target\":[\"https:\/\/test.dagic.es\/fr\/producto\/cabecero-de-carton-arbol\/\"]}]},{\"@type\":\"ImageObject\",\"inLanguage\":\"fr-FR\",\"@id\":\"https:\/\/test.dagic.es\/fr\/producto\/cabecero-de-carton-arbol\/#primaryimage\",\"url\":\"https:\/\/test.dagic.es\/fr\/wp-content\/uploads\/sites\/5\/2014\/08\/cabecero-infantil-de-carton-figura-arbol-cartonlab.jpg\",\"contentUrl\":\"https:\/\/test.dagic.es\/fr\/wp-content\/uploads\/sites\/5\/2014\/08\/cabecero-infantil-de-carton-figura-arbol-cartonlab.jpg\",\"width\":800,\"height\":800,\"caption\":\"cabecero infantil arbol\"},{\"@type\":\"BreadcrumbList\",\"@id\":\"https:\/\/test.dagic.es\/fr\/producto\/cabecero-de-carton-arbol\/#breadcrumb\",\"itemListElement\":[{\"@type\":\"ListItem\",\"position\":1,\"name\":\"Accueil\",\"item\":\"https:\/\/test.dagic.es\/fr\/\"},{\"@type\":\"ListItem\",\"position\":2,\"name\":\"Produits\",\"item\":\"https:\/\/test.dagic.es\/fr\/shop\/\"},{\"@type\":\"ListItem\",\"position\":3,\"name\":\"Silueta de \u00c1rbol. Cabecero de cama de cart\u00f3n.\"}]},{\"@type\":\"WebSite\",\"@id\":\"https:\/\/test.dagic.es\/fr\/#website\",\"url\":\"https:\/\/test.dagic.es\/fr\/\",\"name\":\"Cartonlab FR\",\"description\":\"Cartonlab | Projets internationaux pour \u00e9v\u00e9nements et stands\",\"publisher\":{\"@id\":\"https:\/\/test.dagic.es\/fr\/#organization\"},\"potentialAction\":[{\"@type\":\"SearchAction\",\"target\":{\"@type\":\"EntryPoint\",\"urlTemplate\":\"https:\/\/test.dagic.es\/fr\/?s={search_term_string}\"},\"query-input\":{\"@type\":\"PropertyValueSpecification\",\"valueRequired\":true,\"valueName\":\"search_term_string\"}}],\"inLanguage\":\"fr-FR\"},{\"@type\":\"Organization\",\"@id\":\"https:\/\/test.dagic.es\/fr\/#organization\",\"name\":\"Cartonlab FR\",\"url\":\"https:\/\/test.dagic.es\/fr\/\",\"logo\":{\"@type\":\"ImageObject\",\"inLanguage\":\"fr-FR\",\"@id\":\"https:\/\/test.dagic.es\/fr\/#\/schema\/logo\/image\/\",\"url\":\"https:\/\/test.dagic.es\/fr\/wp-content\/uploads\/sites\/5\/2023\/07\/logo.svg\",\"contentUrl\":\"https:\/\/test.dagic.es\/fr\/wp-content\/uploads\/sites\/5\/2023\/07\/logo.svg\",\"width\":163,\"height\":44,\"caption\":\"Cartonlab FR\"},\"image\":{\"@id\":\"https:\/\/test.dagic.es\/fr\/#\/schema\/logo\/image\/\"}}]}<\/script>\n<!-- \/ Yoast SEO plugin. -->","yoast_head_json":{"title":"Cabecero de cama cart\u00f3n con forma de \u00e1rbol. Decoraci\u00f3n ecol\u00f3gica.Compra online.","description":"Cabecero de cama de cart\u00f3n fabricado en cart\u00f3n. Dise\u00f1o exclusivo con forma de \u00e1rbol. Ya puedes dormir debajo de un bosque sin salir de tu dormitorio.","robots":{"index":"index","follow":"follow","max-snippet":"max-snippet:-1","max-image-preview":"max-image-preview:large","max-video-preview":"max-video-preview:-1"},"canonical":"https:\/\/test.dagic.es\/fr\/producto\/cabecero-de-carton-arbol\/","og_locale":"fr_FR","og_type":"article","og_title":"Cabecero de cama cart\u00f3n con forma de \u00e1rbol. Decoraci\u00f3n ecol\u00f3gica.Compra online.","og_description":"Cabecero de cama de cart\u00f3n fabricado en cart\u00f3n. Dise\u00f1o exclusivo con forma de \u00e1rbol. Ya puedes dormir debajo de un bosque sin salir de tu dormitorio.","og_url":"https:\/\/test.dagic.es\/fr\/producto\/cabecero-de-carton-arbol\/","og_site_name":"Cartonlab FR","article_modified_time":"2020-02-10T09:03:03+00:00","og_image":[{"width":800,"height":800,"url":"https:\/\/test.dagic.es\/fr\/wp-content\/uploads\/sites\/5\/2014\/08\/cabecero-infantil-de-carton-figura-arbol-cartonlab.jpg","type":"image\/jpeg"}],"twitter_card":"summary_large_image","schema":{"@context":"https:\/\/schema.org","@graph":[{"@type":"WebPage","@id":"https:\/\/test.dagic.es\/fr\/producto\/cabecero-de-carton-arbol\/","url":"https:\/\/test.dagic.es\/fr\/producto\/cabecero-de-carton-arbol\/","name":"Cabecero de cama cart\u00f3n con forma de \u00e1rbol. Decoraci\u00f3n ecol\u00f3gica.Compra online.","isPartOf":{"@id":"https:\/\/test.dagic.es\/fr\/#website"},"primaryImageOfPage":{"@id":"https:\/\/test.dagic.es\/fr\/producto\/cabecero-de-carton-arbol\/#primaryimage"},"image":{"@id":"https:\/\/test.dagic.es\/fr\/producto\/cabecero-de-carton-arbol\/#primaryimage"},"thumbnailUrl":"https:\/\/test.dagic.es\/fr\/wp-content\/uploads\/sites\/5\/2014\/08\/cabecero-infantil-de-carton-figura-arbol-cartonlab.jpg","datePublished":"2014-08-05T09:32:45+00:00","dateModified":"2020-02-10T09:03:03+00:00","description":"Cabecero de cama de cart\u00f3n fabricado en cart\u00f3n. Dise\u00f1o exclusivo con forma de \u00e1rbol. Ya puedes dormir debajo de un bosque sin salir de tu dormitorio.","breadcrumb":{"@id":"https:\/\/test.dagic.es\/fr\/producto\/cabecero-de-carton-arbol\/#breadcrumb"},"inLanguage":"fr-FR","potentialAction":[{"@type":"ReadAction","target":["https:\/\/test.dagic.es\/fr\/producto\/cabecero-de-carton-arbol\/"]}]},{"@type":"ImageObject","inLanguage":"fr-FR","@id":"https:\/\/test.dagic.es\/fr\/producto\/cabecero-de-carton-arbol\/#primaryimage","url":"https:\/\/test.dagic.es\/fr\/wp-content\/uploads\/sites\/5\/2014\/08\/cabecero-infantil-de-carton-figura-arbol-cartonlab.jpg","contentUrl":"https:\/\/test.dagic.es\/fr\/wp-content\/uploads\/sites\/5\/2014\/08\/cabecero-infantil-de-carton-figura-arbol-cartonlab.jpg","width":800,"height":800,"caption":"cabecero infantil arbol"},{"@type":"BreadcrumbList","@id":"https:\/\/test.dagic.es\/fr\/producto\/cabecero-de-carton-arbol\/#breadcrumb","itemListElement":[{"@type":"ListItem","position":1,"name":"Accueil","item":"https:\/\/test.dagic.es\/fr\/"},{"@type":"ListItem","position":2,"name":"Produits","item":"https:\/\/test.dagic.es\/fr\/shop\/"},{"@type":"ListItem","position":3,"name":"Silueta de \u00c1rbol. Cabecero de cama de cart\u00f3n."}]},{"@type":"WebSite","@id":"https:\/\/test.dagic.es\/fr\/#website","url":"https:\/\/test.dagic.es\/fr\/","name":"Cartonlab FR","description":"Cartonlab | Projets internationaux pour \u00e9v\u00e9nements et stands","publisher":{"@id":"https:\/\/test.dagic.es\/fr\/#organization"},"potentialAction":[{"@type":"SearchAction","target":{"@type":"EntryPoint","urlTemplate":"https:\/\/test.dagic.es\/fr\/?s={search_term_string}"},"query-input":{"@type":"PropertyValueSpecification","valueRequired":true,"valueName":"search_term_string"}}],"inLanguage":"fr-FR"},{"@type":"Organization","@id":"https:\/\/test.dagic.es\/fr\/#organization","name":"Cartonlab FR","url":"https:\/\/test.dagic.es\/fr\/","logo":{"@type":"ImageObject","inLanguage":"fr-FR","@id":"https:\/\/test.dagic.es\/fr\/#\/schema\/logo\/image\/","url":"https:\/\/test.dagic.es\/fr\/wp-content\/uploads\/sites\/5\/2023\/07\/logo.svg","contentUrl":"https:\/\/test.dagic.es\/fr\/wp-content\/uploads\/sites\/5\/2023\/07\/logo.svg","width":163,"height":44,"caption":"Cartonlab FR"},"image":{"@id":"https:\/\/test.dagic.es\/fr\/#\/schema\/logo\/image\/"}}]}},"_links":{"self":[{"href":"https:\/\/test.dagic.es\/fr\/wp-json\/wp\/v2\/product\/3095","targetHints":{"allow":["GET"]}}],"collection":[{"href":"https:\/\/test.dagic.es\/fr\/wp-json\/wp\/v2\/product"}],"about":[{"href":"https:\/\/test.dagic.es\/fr\/wp-json\/wp\/v2\/types\/product"}],"replies":[{"embeddable":true,"href":"https:\/\/test.dagic.es\/fr\/wp-json\/wp\/v2\/comments?post=3095"}],"wp:featuredmedia":[{"embeddable":true,"href":"https:\/\/test.dagic.es\/fr\/wp-json\/wp\/v2\/media\/15862"}],"wp:attachment":[{"href":"https:\/\/test.dagic.es\/fr\/wp-json\/wp\/v2\/media?parent=3095"}],"wp:term":[{"taxonomy":"product_brand","embeddable":true,"href":"https:\/\/test.dagic.es\/fr\/wp-json\/wp\/v2\/product_brand?post=3095"},{"taxonomy":"product_cat","embeddable":true,"href":"https:\/\/test.dagic.es\/fr\/wp-json\/wp\/v2\/product_cat?post=3095"},{"taxonomy":"product_tag","embeddable":true,"href":"https:\/\/test.dagic.es\/fr\/wp-json\/wp\/v2\/product_tag?post=3095"}],"curies":[{"name":"wp","href":"https:\/\/api.w.org\/{rel}","templated":true}]}}