{"id":3089,"date":"2014-08-05T10:17:36","date_gmt":"2014-08-05T09:17:36","guid":{"rendered":"http:\/\/cartonlab.holamundo.me\/?post_type=product&#038;p=3089"},"modified":"2020-09-22T15:14:46","modified_gmt":"2020-09-22T14:14:46","slug":"mostrador-de-carton","status":"publish","type":"product","link":"https:\/\/test.dagic.es\/fr\/producto\/mostrador-de-carton\/","title":{"rendered":"Mostrador de cart\u00f3n para stands y eventos"},"excerpt":{"rendered":"<p>Mostrador de cart\u00f3n. Ideal para stands, ferias, mercados y eventos.\u00a0 F\u00e1cil instalaci\u00f3n, transporte y almacenaje.\u00a0 Mostrador reutilizable. Incluye estanter\u00eda interior para almacenaje.<\/p>\n<p>Ver proyectos de Cartonlab\u00a0 con ejemplos de\u00a0 <strong><a href=\"\/proyecto\/stand-carbon-expo-icex-spain\/\" target=\"_blank\" rel=\"noopener noreferrer\">mesas y mostradores de cart\u00f3n.<\/a><\/strong><\/p>\n<p style=\"font-size: 13px;font-weight: normal;margin: 5px;color: #4a4a4a\">\n","protected":false},"featured_media":15630,"comment_status":"open","ping_status":"closed","template":"","meta":{"_acf_changed":false,"inline_featured_image":false},"product_brand":[],"product_cat":[3036,3035,3032],"product_tag":[],"class_list":{"0":"post-3089","1":"product","2":"type-product","3":"status-publish","4":"has-post-thumbnail","6":"product_cat-mobilier-pour-evenements-durables","7":"product_cat-produits-pour-evenements-durables","8":"product_cat-tables-et-comptoirs-daccueil","9":"product_shipping_class-producto-grande","11":"first","12":"instock","13":"taxable","14":"shipping-taxable","15":"product-type-simple"},"acf":[],"yoast_head":"<!-- This site is optimized with the Yoast SEO plugin v27.2 - https:\/\/yoast.com\/product\/yoast-seo-wordpress\/ -->\n<title>Mostrador de cart\u00f3n para stands, ferias y eventos por Cartonlab.com<\/title>\n<meta name=\"description\" content=\"Mostrador de cart\u00f3n. Dise\u00f1ado para eventos, ferias, stands. F\u00e1cil de montar y personalizar. Ligero y resistente. Reutilizable. Compra online. Env\u00edo 72h.\" \/>\n<meta name=\"robots\" content=\"index, follow, max-snippet:-1, max-image-preview:large, max-video-preview:-1\" \/>\n<link rel=\"canonical\" href=\"https:\/\/test.dagic.es\/fr\/producto\/mostrador-de-carton\/\" \/>\n<meta property=\"og:locale\" content=\"fr_FR\" \/>\n<meta property=\"og:type\" content=\"article\" \/>\n<meta property=\"og:title\" content=\"Mostrador de cart\u00f3n para stands, ferias y eventos por Cartonlab.com\" \/>\n<meta property=\"og:description\" content=\"Mostrador de cart\u00f3n. Dise\u00f1ado para eventos, ferias, stands. F\u00e1cil de montar y personalizar. Ligero y resistente. Reutilizable. Compra online. Env\u00edo 72h.\" \/>\n<meta property=\"og:url\" content=\"https:\/\/test.dagic.es\/fr\/producto\/mostrador-de-carton\/\" \/>\n<meta property=\"og:site_name\" content=\"Cartonlab FR\" \/>\n<meta property=\"article:modified_time\" content=\"2020-09-22T14:14:46+00:00\" \/>\n<meta property=\"og:image\" content=\"https:\/\/test.dagic.es\/fr\/wp-content\/uploads\/sites\/5\/2014\/08\/mostrador-carton-cartonlab-cardboard-bar-4retoc.jpg\" \/>\n\t<meta property=\"og:image:width\" content=\"800\" \/>\n\t<meta property=\"og:image:height\" content=\"800\" \/>\n\t<meta property=\"og:image:type\" content=\"image\/jpeg\" \/>\n<meta name=\"twitter:card\" content=\"summary_large_image\" \/>\n<script type=\"application\/ld+json\" class=\"yoast-schema-graph\">{\"@context\":\"https:\/\/schema.org\",\"@graph\":[{\"@type\":\"WebPage\",\"@id\":\"https:\/\/test.dagic.es\/fr\/producto\/mostrador-de-carton\/\",\"url\":\"https:\/\/test.dagic.es\/fr\/producto\/mostrador-de-carton\/\",\"name\":\"Mostrador de cart\u00f3n para stands, ferias y eventos por Cartonlab.com\",\"isPartOf\":{\"@id\":\"https:\/\/test.dagic.es\/fr\/#website\"},\"primaryImageOfPage\":{\"@id\":\"https:\/\/test.dagic.es\/fr\/producto\/mostrador-de-carton\/#primaryimage\"},\"image\":{\"@id\":\"https:\/\/test.dagic.es\/fr\/producto\/mostrador-de-carton\/#primaryimage\"},\"thumbnailUrl\":\"https:\/\/test.dagic.es\/fr\/wp-content\/uploads\/sites\/5\/2014\/08\/mostrador-carton-cartonlab-cardboard-bar-4retoc.jpg\",\"datePublished\":\"2014-08-05T09:17:36+00:00\",\"dateModified\":\"2020-09-22T14:14:46+00:00\",\"description\":\"Mostrador de cart\u00f3n. Dise\u00f1ado para eventos, ferias, stands. F\u00e1cil de montar y personalizar. Ligero y resistente. Reutilizable. Compra online. Env\u00edo 72h.\",\"breadcrumb\":{\"@id\":\"https:\/\/test.dagic.es\/fr\/producto\/mostrador-de-carton\/#breadcrumb\"},\"inLanguage\":\"fr-FR\",\"potentialAction\":[{\"@type\":\"ReadAction\",\"target\":[\"https:\/\/test.dagic.es\/fr\/producto\/mostrador-de-carton\/\"]}]},{\"@type\":\"ImageObject\",\"inLanguage\":\"fr-FR\",\"@id\":\"https:\/\/test.dagic.es\/fr\/producto\/mostrador-de-carton\/#primaryimage\",\"url\":\"https:\/\/test.dagic.es\/fr\/wp-content\/uploads\/sites\/5\/2014\/08\/mostrador-carton-cartonlab-cardboard-bar-4retoc.jpg\",\"contentUrl\":\"https:\/\/test.dagic.es\/fr\/wp-content\/uploads\/sites\/5\/2014\/08\/mostrador-carton-cartonlab-cardboard-bar-4retoc.jpg\",\"width\":800,\"height\":800,\"caption\":\"Mostrador simple frontal\"},{\"@type\":\"BreadcrumbList\",\"@id\":\"https:\/\/test.dagic.es\/fr\/producto\/mostrador-de-carton\/#breadcrumb\",\"itemListElement\":[{\"@type\":\"ListItem\",\"position\":1,\"name\":\"Accueil\",\"item\":\"https:\/\/test.dagic.es\/fr\/\"},{\"@type\":\"ListItem\",\"position\":2,\"name\":\"Produits\",\"item\":\"https:\/\/test.dagic.es\/fr\/shop\/\"},{\"@type\":\"ListItem\",\"position\":3,\"name\":\"Mostrador de cart\u00f3n para stands y eventos\"}]},{\"@type\":\"WebSite\",\"@id\":\"https:\/\/test.dagic.es\/fr\/#website\",\"url\":\"https:\/\/test.dagic.es\/fr\/\",\"name\":\"Cartonlab FR\",\"description\":\"Cartonlab | Projets internationaux pour \u00e9v\u00e9nements et stands\",\"publisher\":{\"@id\":\"https:\/\/test.dagic.es\/fr\/#organization\"},\"potentialAction\":[{\"@type\":\"SearchAction\",\"target\":{\"@type\":\"EntryPoint\",\"urlTemplate\":\"https:\/\/test.dagic.es\/fr\/?s={search_term_string}\"},\"query-input\":{\"@type\":\"PropertyValueSpecification\",\"valueRequired\":true,\"valueName\":\"search_term_string\"}}],\"inLanguage\":\"fr-FR\"},{\"@type\":\"Organization\",\"@id\":\"https:\/\/test.dagic.es\/fr\/#organization\",\"name\":\"Cartonlab FR\",\"url\":\"https:\/\/test.dagic.es\/fr\/\",\"logo\":{\"@type\":\"ImageObject\",\"inLanguage\":\"fr-FR\",\"@id\":\"https:\/\/test.dagic.es\/fr\/#\/schema\/logo\/image\/\",\"url\":\"https:\/\/test.dagic.es\/fr\/wp-content\/uploads\/sites\/5\/2023\/07\/logo.svg\",\"contentUrl\":\"https:\/\/test.dagic.es\/fr\/wp-content\/uploads\/sites\/5\/2023\/07\/logo.svg\",\"width\":163,\"height\":44,\"caption\":\"Cartonlab FR\"},\"image\":{\"@id\":\"https:\/\/test.dagic.es\/fr\/#\/schema\/logo\/image\/\"}}]}<\/script>\n<!-- \/ Yoast SEO plugin. -->","yoast_head_json":{"title":"Mostrador de cart\u00f3n para stands, ferias y eventos por Cartonlab.com","description":"Mostrador de cart\u00f3n. Dise\u00f1ado para eventos, ferias, stands. F\u00e1cil de montar y personalizar. Ligero y resistente. Reutilizable. Compra online. Env\u00edo 72h.","robots":{"index":"index","follow":"follow","max-snippet":"max-snippet:-1","max-image-preview":"max-image-preview:large","max-video-preview":"max-video-preview:-1"},"canonical":"https:\/\/test.dagic.es\/fr\/producto\/mostrador-de-carton\/","og_locale":"fr_FR","og_type":"article","og_title":"Mostrador de cart\u00f3n para stands, ferias y eventos por Cartonlab.com","og_description":"Mostrador de cart\u00f3n. Dise\u00f1ado para eventos, ferias, stands. F\u00e1cil de montar y personalizar. Ligero y resistente. Reutilizable. Compra online. Env\u00edo 72h.","og_url":"https:\/\/test.dagic.es\/fr\/producto\/mostrador-de-carton\/","og_site_name":"Cartonlab FR","article_modified_time":"2020-09-22T14:14:46+00:00","og_image":[{"width":800,"height":800,"url":"https:\/\/test.dagic.es\/fr\/wp-content\/uploads\/sites\/5\/2014\/08\/mostrador-carton-cartonlab-cardboard-bar-4retoc.jpg","type":"image\/jpeg"}],"twitter_card":"summary_large_image","schema":{"@context":"https:\/\/schema.org","@graph":[{"@type":"WebPage","@id":"https:\/\/test.dagic.es\/fr\/producto\/mostrador-de-carton\/","url":"https:\/\/test.dagic.es\/fr\/producto\/mostrador-de-carton\/","name":"Mostrador de cart\u00f3n para stands, ferias y eventos por Cartonlab.com","isPartOf":{"@id":"https:\/\/test.dagic.es\/fr\/#website"},"primaryImageOfPage":{"@id":"https:\/\/test.dagic.es\/fr\/producto\/mostrador-de-carton\/#primaryimage"},"image":{"@id":"https:\/\/test.dagic.es\/fr\/producto\/mostrador-de-carton\/#primaryimage"},"thumbnailUrl":"https:\/\/test.dagic.es\/fr\/wp-content\/uploads\/sites\/5\/2014\/08\/mostrador-carton-cartonlab-cardboard-bar-4retoc.jpg","datePublished":"2014-08-05T09:17:36+00:00","dateModified":"2020-09-22T14:14:46+00:00","description":"Mostrador de cart\u00f3n. Dise\u00f1ado para eventos, ferias, stands. F\u00e1cil de montar y personalizar. Ligero y resistente. Reutilizable. Compra online. Env\u00edo 72h.","breadcrumb":{"@id":"https:\/\/test.dagic.es\/fr\/producto\/mostrador-de-carton\/#breadcrumb"},"inLanguage":"fr-FR","potentialAction":[{"@type":"ReadAction","target":["https:\/\/test.dagic.es\/fr\/producto\/mostrador-de-carton\/"]}]},{"@type":"ImageObject","inLanguage":"fr-FR","@id":"https:\/\/test.dagic.es\/fr\/producto\/mostrador-de-carton\/#primaryimage","url":"https:\/\/test.dagic.es\/fr\/wp-content\/uploads\/sites\/5\/2014\/08\/mostrador-carton-cartonlab-cardboard-bar-4retoc.jpg","contentUrl":"https:\/\/test.dagic.es\/fr\/wp-content\/uploads\/sites\/5\/2014\/08\/mostrador-carton-cartonlab-cardboard-bar-4retoc.jpg","width":800,"height":800,"caption":"Mostrador simple frontal"},{"@type":"BreadcrumbList","@id":"https:\/\/test.dagic.es\/fr\/producto\/mostrador-de-carton\/#breadcrumb","itemListElement":[{"@type":"ListItem","position":1,"name":"Accueil","item":"https:\/\/test.dagic.es\/fr\/"},{"@type":"ListItem","position":2,"name":"Produits","item":"https:\/\/test.dagic.es\/fr\/shop\/"},{"@type":"ListItem","position":3,"name":"Mostrador de cart\u00f3n para stands y eventos"}]},{"@type":"WebSite","@id":"https:\/\/test.dagic.es\/fr\/#website","url":"https:\/\/test.dagic.es\/fr\/","name":"Cartonlab FR","description":"Cartonlab | Projets internationaux pour \u00e9v\u00e9nements et stands","publisher":{"@id":"https:\/\/test.dagic.es\/fr\/#organization"},"potentialAction":[{"@type":"SearchAction","target":{"@type":"EntryPoint","urlTemplate":"https:\/\/test.dagic.es\/fr\/?s={search_term_string}"},"query-input":{"@type":"PropertyValueSpecification","valueRequired":true,"valueName":"search_term_string"}}],"inLanguage":"fr-FR"},{"@type":"Organization","@id":"https:\/\/test.dagic.es\/fr\/#organization","name":"Cartonlab FR","url":"https:\/\/test.dagic.es\/fr\/","logo":{"@type":"ImageObject","inLanguage":"fr-FR","@id":"https:\/\/test.dagic.es\/fr\/#\/schema\/logo\/image\/","url":"https:\/\/test.dagic.es\/fr\/wp-content\/uploads\/sites\/5\/2023\/07\/logo.svg","contentUrl":"https:\/\/test.dagic.es\/fr\/wp-content\/uploads\/sites\/5\/2023\/07\/logo.svg","width":163,"height":44,"caption":"Cartonlab FR"},"image":{"@id":"https:\/\/test.dagic.es\/fr\/#\/schema\/logo\/image\/"}}]}},"_links":{"self":[{"href":"https:\/\/test.dagic.es\/fr\/wp-json\/wp\/v2\/product\/3089","targetHints":{"allow":["GET"]}}],"collection":[{"href":"https:\/\/test.dagic.es\/fr\/wp-json\/wp\/v2\/product"}],"about":[{"href":"https:\/\/test.dagic.es\/fr\/wp-json\/wp\/v2\/types\/product"}],"replies":[{"embeddable":true,"href":"https:\/\/test.dagic.es\/fr\/wp-json\/wp\/v2\/comments?post=3089"}],"wp:featuredmedia":[{"embeddable":true,"href":"https:\/\/test.dagic.es\/fr\/wp-json\/wp\/v2\/media\/15630"}],"wp:attachment":[{"href":"https:\/\/test.dagic.es\/fr\/wp-json\/wp\/v2\/media?parent=3089"}],"wp:term":[{"taxonomy":"product_brand","embeddable":true,"href":"https:\/\/test.dagic.es\/fr\/wp-json\/wp\/v2\/product_brand?post=3089"},{"taxonomy":"product_cat","embeddable":true,"href":"https:\/\/test.dagic.es\/fr\/wp-json\/wp\/v2\/product_cat?post=3089"},{"taxonomy":"product_tag","embeddable":true,"href":"https:\/\/test.dagic.es\/fr\/wp-json\/wp\/v2\/product_tag?post=3089"}],"curies":[{"name":"wp","href":"https:\/\/api.w.org\/{rel}","templated":true}]}}