{"id":3083,"date":"2014-08-05T10:06:41","date_gmt":"2014-08-05T09:06:41","guid":{"rendered":"http:\/\/cartonlab.holamundo.me\/?post_type=product&#038;p=3083"},"modified":"2020-03-09T12:01:43","modified_gmt":"2020-03-09T11:01:43","slug":"taburete-carton-plegable","status":"publish","type":"product","link":"https:\/\/test.dagic.es\/fr\/producto\/taburete-carton-plegable\/","title":{"rendered":"Taburete de cart\u00f3n plegable | Packs de 4 unidades."},"excerpt":{"rendered":"<p>Packs de <strong>taburetes de cart\u00f3n plegables<\/strong> ideas para mobiliario auxiliar, eventos, decoraci\u00f3n, exposici\u00f3n de producto, etc. Los pack son de 4 unidades.\u00a0Los taburetes se env\u00edan desmontados, cada uno est\u00e1 formado por 2\u00a0piezas muy f\u00e1ciles de montar.<\/p>\n<p>&nbsp;<\/p>\n","protected":false},"featured_media":15795,"comment_status":"open","ping_status":"closed","template":"","meta":{"_acf_changed":false,"inline_featured_image":false},"product_brand":[],"product_cat":[3018,3036,3035,3033],"product_tag":[],"class_list":{"0":"post-3083","1":"product","2":"type-product","3":"status-publish","4":"has-post-thumbnail","6":"product_cat-muebles-en-carton","7":"product_cat-mobilier-pour-evenements-durables","8":"product_cat-produits-pour-evenements-durables","9":"product_cat-tabourets","10":"product_shipping_class-producto-mediano","12":"first","13":"instock","14":"taxable","15":"shipping-taxable","16":"product-type-simple"},"acf":[],"yoast_head":"<!-- This site is optimized with the Yoast SEO plugin v27.2 - https:\/\/yoast.com\/product\/yoast-seo-wordpress\/ -->\n<title>Taburete de cart\u00f3n plegable. Ligero y Resistente. Ideal para eventos.Compra Online<\/title>\n<meta name=\"description\" content=\"Taburete de cart\u00f3n plegable. Muy ligero y resistente. Consulta precio para dise\u00f1os personalizados con tus colores o gr\u00e1fica. Disponible en Cartonlab.com\" \/>\n<meta name=\"robots\" content=\"index, follow, max-snippet:-1, max-image-preview:large, max-video-preview:-1\" \/>\n<link rel=\"canonical\" href=\"https:\/\/test.dagic.es\/fr\/producto\/taburete-carton-plegable\/\" \/>\n<meta property=\"og:locale\" content=\"fr_FR\" \/>\n<meta property=\"og:type\" content=\"article\" \/>\n<meta property=\"og:title\" content=\"Taburete de cart\u00f3n plegable. Ligero y Resistente. Ideal para eventos.Compra Online\" \/>\n<meta property=\"og:description\" content=\"Taburete de cart\u00f3n plegable. Muy ligero y resistente. Consulta precio para dise\u00f1os personalizados con tus colores o gr\u00e1fica. Disponible en Cartonlab.com\" \/>\n<meta property=\"og:url\" content=\"https:\/\/test.dagic.es\/fr\/producto\/taburete-carton-plegable\/\" \/>\n<meta property=\"og:site_name\" content=\"Cartonlab FR\" \/>\n<meta property=\"article:modified_time\" content=\"2020-03-09T11:01:43+00:00\" \/>\n<meta property=\"og:image\" content=\"https:\/\/test.dagic.es\/fr\/wp-content\/uploads\/sites\/5\/2014\/08\/taburete-carton-plegable-resistente.jpg\" \/>\n\t<meta property=\"og:image:width\" content=\"700\" \/>\n\t<meta property=\"og:image:height\" content=\"700\" \/>\n\t<meta property=\"og:image:type\" content=\"image\/jpeg\" \/>\n<meta name=\"twitter:card\" content=\"summary_large_image\" \/>\n<script type=\"application\/ld+json\" class=\"yoast-schema-graph\">{\"@context\":\"https:\/\/schema.org\",\"@graph\":[{\"@type\":\"WebPage\",\"@id\":\"https:\/\/test.dagic.es\/fr\/producto\/taburete-carton-plegable\/\",\"url\":\"https:\/\/test.dagic.es\/fr\/producto\/taburete-carton-plegable\/\",\"name\":\"Taburete de cart\u00f3n plegable. Ligero y Resistente. Ideal para eventos.Compra Online\",\"isPartOf\":{\"@id\":\"https:\/\/test.dagic.es\/fr\/#website\"},\"primaryImageOfPage\":{\"@id\":\"https:\/\/test.dagic.es\/fr\/producto\/taburete-carton-plegable\/#primaryimage\"},\"image\":{\"@id\":\"https:\/\/test.dagic.es\/fr\/producto\/taburete-carton-plegable\/#primaryimage\"},\"thumbnailUrl\":\"https:\/\/test.dagic.es\/fr\/wp-content\/uploads\/sites\/5\/2014\/08\/taburete-carton-plegable-resistente.jpg\",\"datePublished\":\"2014-08-05T09:06:41+00:00\",\"dateModified\":\"2020-03-09T11:01:43+00:00\",\"description\":\"Taburete de cart\u00f3n plegable. Muy ligero y resistente. Consulta precio para dise\u00f1os personalizados con tus colores o gr\u00e1fica. Disponible en Cartonlab.com\",\"breadcrumb\":{\"@id\":\"https:\/\/test.dagic.es\/fr\/producto\/taburete-carton-plegable\/#breadcrumb\"},\"inLanguage\":\"fr-FR\",\"potentialAction\":[{\"@type\":\"ReadAction\",\"target\":[\"https:\/\/test.dagic.es\/fr\/producto\/taburete-carton-plegable\/\"]}]},{\"@type\":\"ImageObject\",\"inLanguage\":\"fr-FR\",\"@id\":\"https:\/\/test.dagic.es\/fr\/producto\/taburete-carton-plegable\/#primaryimage\",\"url\":\"https:\/\/test.dagic.es\/fr\/wp-content\/uploads\/sites\/5\/2014\/08\/taburete-carton-plegable-resistente.jpg\",\"contentUrl\":\"https:\/\/test.dagic.es\/fr\/wp-content\/uploads\/sites\/5\/2014\/08\/taburete-carton-plegable-resistente.jpg\",\"width\":700,\"height\":700,\"caption\":\"taburete carton frontal\"},{\"@type\":\"BreadcrumbList\",\"@id\":\"https:\/\/test.dagic.es\/fr\/producto\/taburete-carton-plegable\/#breadcrumb\",\"itemListElement\":[{\"@type\":\"ListItem\",\"position\":1,\"name\":\"Accueil\",\"item\":\"https:\/\/test.dagic.es\/fr\/\"},{\"@type\":\"ListItem\",\"position\":2,\"name\":\"Produits\",\"item\":\"https:\/\/test.dagic.es\/fr\/shop\/\"},{\"@type\":\"ListItem\",\"position\":3,\"name\":\"Taburete de cart\u00f3n plegable | Packs de 4 unidades.\"}]},{\"@type\":\"WebSite\",\"@id\":\"https:\/\/test.dagic.es\/fr\/#website\",\"url\":\"https:\/\/test.dagic.es\/fr\/\",\"name\":\"Cartonlab FR\",\"description\":\"Cartonlab | Projets internationaux pour \u00e9v\u00e9nements et stands\",\"publisher\":{\"@id\":\"https:\/\/test.dagic.es\/fr\/#organization\"},\"potentialAction\":[{\"@type\":\"SearchAction\",\"target\":{\"@type\":\"EntryPoint\",\"urlTemplate\":\"https:\/\/test.dagic.es\/fr\/?s={search_term_string}\"},\"query-input\":{\"@type\":\"PropertyValueSpecification\",\"valueRequired\":true,\"valueName\":\"search_term_string\"}}],\"inLanguage\":\"fr-FR\"},{\"@type\":\"Organization\",\"@id\":\"https:\/\/test.dagic.es\/fr\/#organization\",\"name\":\"Cartonlab FR\",\"url\":\"https:\/\/test.dagic.es\/fr\/\",\"logo\":{\"@type\":\"ImageObject\",\"inLanguage\":\"fr-FR\",\"@id\":\"https:\/\/test.dagic.es\/fr\/#\/schema\/logo\/image\/\",\"url\":\"https:\/\/test.dagic.es\/fr\/wp-content\/uploads\/sites\/5\/2023\/07\/logo.svg\",\"contentUrl\":\"https:\/\/test.dagic.es\/fr\/wp-content\/uploads\/sites\/5\/2023\/07\/logo.svg\",\"width\":163,\"height\":44,\"caption\":\"Cartonlab FR\"},\"image\":{\"@id\":\"https:\/\/test.dagic.es\/fr\/#\/schema\/logo\/image\/\"}}]}<\/script>\n<!-- \/ Yoast SEO plugin. -->","yoast_head_json":{"title":"Taburete de cart\u00f3n plegable. Ligero y Resistente. Ideal para eventos.Compra Online","description":"Taburete de cart\u00f3n plegable. Muy ligero y resistente. Consulta precio para dise\u00f1os personalizados con tus colores o gr\u00e1fica. Disponible en Cartonlab.com","robots":{"index":"index","follow":"follow","max-snippet":"max-snippet:-1","max-image-preview":"max-image-preview:large","max-video-preview":"max-video-preview:-1"},"canonical":"https:\/\/test.dagic.es\/fr\/producto\/taburete-carton-plegable\/","og_locale":"fr_FR","og_type":"article","og_title":"Taburete de cart\u00f3n plegable. Ligero y Resistente. Ideal para eventos.Compra Online","og_description":"Taburete de cart\u00f3n plegable. Muy ligero y resistente. Consulta precio para dise\u00f1os personalizados con tus colores o gr\u00e1fica. Disponible en Cartonlab.com","og_url":"https:\/\/test.dagic.es\/fr\/producto\/taburete-carton-plegable\/","og_site_name":"Cartonlab FR","article_modified_time":"2020-03-09T11:01:43+00:00","og_image":[{"width":700,"height":700,"url":"https:\/\/test.dagic.es\/fr\/wp-content\/uploads\/sites\/5\/2014\/08\/taburete-carton-plegable-resistente.jpg","type":"image\/jpeg"}],"twitter_card":"summary_large_image","schema":{"@context":"https:\/\/schema.org","@graph":[{"@type":"WebPage","@id":"https:\/\/test.dagic.es\/fr\/producto\/taburete-carton-plegable\/","url":"https:\/\/test.dagic.es\/fr\/producto\/taburete-carton-plegable\/","name":"Taburete de cart\u00f3n plegable. Ligero y Resistente. Ideal para eventos.Compra Online","isPartOf":{"@id":"https:\/\/test.dagic.es\/fr\/#website"},"primaryImageOfPage":{"@id":"https:\/\/test.dagic.es\/fr\/producto\/taburete-carton-plegable\/#primaryimage"},"image":{"@id":"https:\/\/test.dagic.es\/fr\/producto\/taburete-carton-plegable\/#primaryimage"},"thumbnailUrl":"https:\/\/test.dagic.es\/fr\/wp-content\/uploads\/sites\/5\/2014\/08\/taburete-carton-plegable-resistente.jpg","datePublished":"2014-08-05T09:06:41+00:00","dateModified":"2020-03-09T11:01:43+00:00","description":"Taburete de cart\u00f3n plegable. Muy ligero y resistente. Consulta precio para dise\u00f1os personalizados con tus colores o gr\u00e1fica. Disponible en Cartonlab.com","breadcrumb":{"@id":"https:\/\/test.dagic.es\/fr\/producto\/taburete-carton-plegable\/#breadcrumb"},"inLanguage":"fr-FR","potentialAction":[{"@type":"ReadAction","target":["https:\/\/test.dagic.es\/fr\/producto\/taburete-carton-plegable\/"]}]},{"@type":"ImageObject","inLanguage":"fr-FR","@id":"https:\/\/test.dagic.es\/fr\/producto\/taburete-carton-plegable\/#primaryimage","url":"https:\/\/test.dagic.es\/fr\/wp-content\/uploads\/sites\/5\/2014\/08\/taburete-carton-plegable-resistente.jpg","contentUrl":"https:\/\/test.dagic.es\/fr\/wp-content\/uploads\/sites\/5\/2014\/08\/taburete-carton-plegable-resistente.jpg","width":700,"height":700,"caption":"taburete carton frontal"},{"@type":"BreadcrumbList","@id":"https:\/\/test.dagic.es\/fr\/producto\/taburete-carton-plegable\/#breadcrumb","itemListElement":[{"@type":"ListItem","position":1,"name":"Accueil","item":"https:\/\/test.dagic.es\/fr\/"},{"@type":"ListItem","position":2,"name":"Produits","item":"https:\/\/test.dagic.es\/fr\/shop\/"},{"@type":"ListItem","position":3,"name":"Taburete de cart\u00f3n plegable | Packs de 4 unidades."}]},{"@type":"WebSite","@id":"https:\/\/test.dagic.es\/fr\/#website","url":"https:\/\/test.dagic.es\/fr\/","name":"Cartonlab FR","description":"Cartonlab | Projets internationaux pour \u00e9v\u00e9nements et stands","publisher":{"@id":"https:\/\/test.dagic.es\/fr\/#organization"},"potentialAction":[{"@type":"SearchAction","target":{"@type":"EntryPoint","urlTemplate":"https:\/\/test.dagic.es\/fr\/?s={search_term_string}"},"query-input":{"@type":"PropertyValueSpecification","valueRequired":true,"valueName":"search_term_string"}}],"inLanguage":"fr-FR"},{"@type":"Organization","@id":"https:\/\/test.dagic.es\/fr\/#organization","name":"Cartonlab FR","url":"https:\/\/test.dagic.es\/fr\/","logo":{"@type":"ImageObject","inLanguage":"fr-FR","@id":"https:\/\/test.dagic.es\/fr\/#\/schema\/logo\/image\/","url":"https:\/\/test.dagic.es\/fr\/wp-content\/uploads\/sites\/5\/2023\/07\/logo.svg","contentUrl":"https:\/\/test.dagic.es\/fr\/wp-content\/uploads\/sites\/5\/2023\/07\/logo.svg","width":163,"height":44,"caption":"Cartonlab FR"},"image":{"@id":"https:\/\/test.dagic.es\/fr\/#\/schema\/logo\/image\/"}}]}},"_links":{"self":[{"href":"https:\/\/test.dagic.es\/fr\/wp-json\/wp\/v2\/product\/3083","targetHints":{"allow":["GET"]}}],"collection":[{"href":"https:\/\/test.dagic.es\/fr\/wp-json\/wp\/v2\/product"}],"about":[{"href":"https:\/\/test.dagic.es\/fr\/wp-json\/wp\/v2\/types\/product"}],"replies":[{"embeddable":true,"href":"https:\/\/test.dagic.es\/fr\/wp-json\/wp\/v2\/comments?post=3083"}],"wp:featuredmedia":[{"embeddable":true,"href":"https:\/\/test.dagic.es\/fr\/wp-json\/wp\/v2\/media\/15795"}],"wp:attachment":[{"href":"https:\/\/test.dagic.es\/fr\/wp-json\/wp\/v2\/media?parent=3083"}],"wp:term":[{"taxonomy":"product_brand","embeddable":true,"href":"https:\/\/test.dagic.es\/fr\/wp-json\/wp\/v2\/product_brand?post=3083"},{"taxonomy":"product_cat","embeddable":true,"href":"https:\/\/test.dagic.es\/fr\/wp-json\/wp\/v2\/product_cat?post=3083"},{"taxonomy":"product_tag","embeddable":true,"href":"https:\/\/test.dagic.es\/fr\/wp-json\/wp\/v2\/product_tag?post=3083"}],"curies":[{"name":"wp","href":"https:\/\/api.w.org\/{rel}","templated":true}]}}