{"id":3071,"date":"2014-08-05T09:41:22","date_gmt":"2014-08-05T08:41:22","guid":{"rendered":"http:\/\/cartonlab.holamundo.me\/?post_type=product&#038;p=3071"},"modified":"2020-03-04T17:18:32","modified_gmt":"2020-03-04T16:18:32","slug":"caballito-de-carton-2","status":"publish","type":"product","link":"https:\/\/test.dagic.es\/fr\/producto\/caballito-de-carton-2\/","title":{"rendered":"Caballito de cart\u00f3n, balanc\u00edn para ni\u00f1os | Juguete creativo y ecol\u00f3gico | Pack 3 uds."},"excerpt":{"rendered":"<p><strong>Pack 3 unidades. Caballito de cart\u00f3n.<\/strong>\u00a0 Divertido balanc\u00edn desmontable. Se entrega en un <strong>paquete plano<\/strong>, con todas las piezas incluidas en un original malet\u00edn. F\u00e1cil de montar. Perfecto para personalizarlo\u00a0 con pinturas, rotuladores, pegatinas. El mejor amigo con el que compartir grandes aventuras. Dise\u00f1o exclusivo s\u00f3lo disponible en <strong>Cartonlab.com.<\/strong><\/p>\n<p>&nbsp;<\/p>\n<p>&nbsp;<\/p>\n","protected":false},"featured_media":15818,"comment_status":"open","ping_status":"closed","template":"","meta":{"_acf_changed":false,"inline_featured_image":false},"product_brand":[],"product_cat":[3019,3044],"product_tag":[],"class_list":{"0":"post-3071","1":"product","2":"type-product","3":"status-publish","4":"has-post-thumbnail","6":"product_cat-dessins-pour-enfants","7":"product_cat-jouets-en-carton","8":"product_shipping_class-productomediano","10":"first","11":"instock","12":"sale","13":"taxable","14":"shipping-taxable","15":"product-type-simple"},"acf":[],"yoast_head":"<!-- This site is optimized with the Yoast SEO plugin v27.2 - https:\/\/yoast.com\/product\/yoast-seo-wordpress\/ -->\n<title>Caballito de cart\u00f3n. Balanc\u00edn para ni\u00f1os. Juguete creativo ecol\u00f3gico. Compra online<\/title>\n<meta name=\"description\" content=\"Caballito de cart\u00f3n. Balanc\u00edn ecol\u00f3gico para ni\u00f1os. Juguete ecol\u00f3gico, personalizable y reciclable. F\u00e1cil montaje. Dise\u00f1o exclusivo Cartonlab.\" \/>\n<meta name=\"robots\" content=\"index, follow, max-snippet:-1, max-image-preview:large, max-video-preview:-1\" \/>\n<link rel=\"canonical\" href=\"https:\/\/test.dagic.es\/fr\/producto\/caballito-de-carton-2\/\" \/>\n<meta property=\"og:locale\" content=\"fr_FR\" \/>\n<meta property=\"og:type\" content=\"article\" \/>\n<meta property=\"og:title\" content=\"Caballito de cart\u00f3n. Balanc\u00edn para ni\u00f1os. Juguete creativo ecol\u00f3gico. Compra online\" \/>\n<meta property=\"og:description\" content=\"Caballito de cart\u00f3n. Balanc\u00edn ecol\u00f3gico para ni\u00f1os. Juguete ecol\u00f3gico, personalizable y reciclable. F\u00e1cil montaje. Dise\u00f1o exclusivo Cartonlab.\" \/>\n<meta property=\"og:url\" content=\"https:\/\/test.dagic.es\/fr\/producto\/caballito-de-carton-2\/\" \/>\n<meta property=\"og:site_name\" content=\"Cartonlab FR\" \/>\n<meta property=\"article:modified_time\" content=\"2020-03-04T16:18:32+00:00\" \/>\n<meta property=\"og:image\" content=\"https:\/\/test.dagic.es\/fr\/wp-content\/uploads\/sites\/5\/2014\/08\/caballito-cartonlab-.jpg\" \/>\n\t<meta property=\"og:image:width\" content=\"800\" \/>\n\t<meta property=\"og:image:height\" content=\"800\" \/>\n\t<meta property=\"og:image:type\" content=\"image\/jpeg\" \/>\n<meta name=\"twitter:card\" content=\"summary_large_image\" \/>\n<script type=\"application\/ld+json\" class=\"yoast-schema-graph\">{\"@context\":\"https:\/\/schema.org\",\"@graph\":[{\"@type\":\"WebPage\",\"@id\":\"https:\/\/test.dagic.es\/fr\/producto\/caballito-de-carton-2\/\",\"url\":\"https:\/\/test.dagic.es\/fr\/producto\/caballito-de-carton-2\/\",\"name\":\"Caballito de cart\u00f3n. Balanc\u00edn para ni\u00f1os. Juguete creativo ecol\u00f3gico. Compra online\",\"isPartOf\":{\"@id\":\"https:\/\/test.dagic.es\/fr\/#website\"},\"primaryImageOfPage\":{\"@id\":\"https:\/\/test.dagic.es\/fr\/producto\/caballito-de-carton-2\/#primaryimage\"},\"image\":{\"@id\":\"https:\/\/test.dagic.es\/fr\/producto\/caballito-de-carton-2\/#primaryimage\"},\"thumbnailUrl\":\"https:\/\/test.dagic.es\/fr\/wp-content\/uploads\/sites\/5\/2014\/08\/caballito-cartonlab-.jpg\",\"datePublished\":\"2014-08-05T08:41:22+00:00\",\"dateModified\":\"2020-03-04T16:18:32+00:00\",\"description\":\"Caballito de cart\u00f3n. Balanc\u00edn ecol\u00f3gico para ni\u00f1os. Juguete ecol\u00f3gico, personalizable y reciclable. F\u00e1cil montaje. Dise\u00f1o exclusivo Cartonlab.\",\"breadcrumb\":{\"@id\":\"https:\/\/test.dagic.es\/fr\/producto\/caballito-de-carton-2\/#breadcrumb\"},\"inLanguage\":\"fr-FR\",\"potentialAction\":[{\"@type\":\"ReadAction\",\"target\":[\"https:\/\/test.dagic.es\/fr\/producto\/caballito-de-carton-2\/\"]}]},{\"@type\":\"ImageObject\",\"inLanguage\":\"fr-FR\",\"@id\":\"https:\/\/test.dagic.es\/fr\/producto\/caballito-de-carton-2\/#primaryimage\",\"url\":\"https:\/\/test.dagic.es\/fr\/wp-content\/uploads\/sites\/5\/2014\/08\/caballito-cartonlab-.jpg\",\"contentUrl\":\"https:\/\/test.dagic.es\/fr\/wp-content\/uploads\/sites\/5\/2014\/08\/caballito-cartonlab-.jpg\",\"width\":800,\"height\":800,\"caption\":\"caballito infantil carton\"},{\"@type\":\"BreadcrumbList\",\"@id\":\"https:\/\/test.dagic.es\/fr\/producto\/caballito-de-carton-2\/#breadcrumb\",\"itemListElement\":[{\"@type\":\"ListItem\",\"position\":1,\"name\":\"Accueil\",\"item\":\"https:\/\/test.dagic.es\/fr\/\"},{\"@type\":\"ListItem\",\"position\":2,\"name\":\"Produits\",\"item\":\"https:\/\/test.dagic.es\/fr\/shop\/\"},{\"@type\":\"ListItem\",\"position\":3,\"name\":\"Caballito de cart\u00f3n, balanc\u00edn para ni\u00f1os | Juguete creativo y ecol\u00f3gico | Pack 3 uds.\"}]},{\"@type\":\"WebSite\",\"@id\":\"https:\/\/test.dagic.es\/fr\/#website\",\"url\":\"https:\/\/test.dagic.es\/fr\/\",\"name\":\"Cartonlab FR\",\"description\":\"Cartonlab | Projets internationaux pour \u00e9v\u00e9nements et stands\",\"publisher\":{\"@id\":\"https:\/\/test.dagic.es\/fr\/#organization\"},\"potentialAction\":[{\"@type\":\"SearchAction\",\"target\":{\"@type\":\"EntryPoint\",\"urlTemplate\":\"https:\/\/test.dagic.es\/fr\/?s={search_term_string}\"},\"query-input\":{\"@type\":\"PropertyValueSpecification\",\"valueRequired\":true,\"valueName\":\"search_term_string\"}}],\"inLanguage\":\"fr-FR\"},{\"@type\":\"Organization\",\"@id\":\"https:\/\/test.dagic.es\/fr\/#organization\",\"name\":\"Cartonlab FR\",\"url\":\"https:\/\/test.dagic.es\/fr\/\",\"logo\":{\"@type\":\"ImageObject\",\"inLanguage\":\"fr-FR\",\"@id\":\"https:\/\/test.dagic.es\/fr\/#\/schema\/logo\/image\/\",\"url\":\"https:\/\/test.dagic.es\/fr\/wp-content\/uploads\/sites\/5\/2023\/07\/logo.svg\",\"contentUrl\":\"https:\/\/test.dagic.es\/fr\/wp-content\/uploads\/sites\/5\/2023\/07\/logo.svg\",\"width\":163,\"height\":44,\"caption\":\"Cartonlab FR\"},\"image\":{\"@id\":\"https:\/\/test.dagic.es\/fr\/#\/schema\/logo\/image\/\"}}]}<\/script>\n<!-- \/ Yoast SEO plugin. -->","yoast_head_json":{"title":"Caballito de cart\u00f3n. Balanc\u00edn para ni\u00f1os. Juguete creativo ecol\u00f3gico. Compra online","description":"Caballito de cart\u00f3n. Balanc\u00edn ecol\u00f3gico para ni\u00f1os. Juguete ecol\u00f3gico, personalizable y reciclable. F\u00e1cil montaje. Dise\u00f1o exclusivo Cartonlab.","robots":{"index":"index","follow":"follow","max-snippet":"max-snippet:-1","max-image-preview":"max-image-preview:large","max-video-preview":"max-video-preview:-1"},"canonical":"https:\/\/test.dagic.es\/fr\/producto\/caballito-de-carton-2\/","og_locale":"fr_FR","og_type":"article","og_title":"Caballito de cart\u00f3n. Balanc\u00edn para ni\u00f1os. Juguete creativo ecol\u00f3gico. Compra online","og_description":"Caballito de cart\u00f3n. Balanc\u00edn ecol\u00f3gico para ni\u00f1os. Juguete ecol\u00f3gico, personalizable y reciclable. F\u00e1cil montaje. Dise\u00f1o exclusivo Cartonlab.","og_url":"https:\/\/test.dagic.es\/fr\/producto\/caballito-de-carton-2\/","og_site_name":"Cartonlab FR","article_modified_time":"2020-03-04T16:18:32+00:00","og_image":[{"width":800,"height":800,"url":"https:\/\/test.dagic.es\/fr\/wp-content\/uploads\/sites\/5\/2014\/08\/caballito-cartonlab-.jpg","type":"image\/jpeg"}],"twitter_card":"summary_large_image","schema":{"@context":"https:\/\/schema.org","@graph":[{"@type":"WebPage","@id":"https:\/\/test.dagic.es\/fr\/producto\/caballito-de-carton-2\/","url":"https:\/\/test.dagic.es\/fr\/producto\/caballito-de-carton-2\/","name":"Caballito de cart\u00f3n. Balanc\u00edn para ni\u00f1os. Juguete creativo ecol\u00f3gico. Compra online","isPartOf":{"@id":"https:\/\/test.dagic.es\/fr\/#website"},"primaryImageOfPage":{"@id":"https:\/\/test.dagic.es\/fr\/producto\/caballito-de-carton-2\/#primaryimage"},"image":{"@id":"https:\/\/test.dagic.es\/fr\/producto\/caballito-de-carton-2\/#primaryimage"},"thumbnailUrl":"https:\/\/test.dagic.es\/fr\/wp-content\/uploads\/sites\/5\/2014\/08\/caballito-cartonlab-.jpg","datePublished":"2014-08-05T08:41:22+00:00","dateModified":"2020-03-04T16:18:32+00:00","description":"Caballito de cart\u00f3n. Balanc\u00edn ecol\u00f3gico para ni\u00f1os. Juguete ecol\u00f3gico, personalizable y reciclable. F\u00e1cil montaje. Dise\u00f1o exclusivo Cartonlab.","breadcrumb":{"@id":"https:\/\/test.dagic.es\/fr\/producto\/caballito-de-carton-2\/#breadcrumb"},"inLanguage":"fr-FR","potentialAction":[{"@type":"ReadAction","target":["https:\/\/test.dagic.es\/fr\/producto\/caballito-de-carton-2\/"]}]},{"@type":"ImageObject","inLanguage":"fr-FR","@id":"https:\/\/test.dagic.es\/fr\/producto\/caballito-de-carton-2\/#primaryimage","url":"https:\/\/test.dagic.es\/fr\/wp-content\/uploads\/sites\/5\/2014\/08\/caballito-cartonlab-.jpg","contentUrl":"https:\/\/test.dagic.es\/fr\/wp-content\/uploads\/sites\/5\/2014\/08\/caballito-cartonlab-.jpg","width":800,"height":800,"caption":"caballito infantil carton"},{"@type":"BreadcrumbList","@id":"https:\/\/test.dagic.es\/fr\/producto\/caballito-de-carton-2\/#breadcrumb","itemListElement":[{"@type":"ListItem","position":1,"name":"Accueil","item":"https:\/\/test.dagic.es\/fr\/"},{"@type":"ListItem","position":2,"name":"Produits","item":"https:\/\/test.dagic.es\/fr\/shop\/"},{"@type":"ListItem","position":3,"name":"Caballito de cart\u00f3n, balanc\u00edn para ni\u00f1os | Juguete creativo y ecol\u00f3gico | Pack 3 uds."}]},{"@type":"WebSite","@id":"https:\/\/test.dagic.es\/fr\/#website","url":"https:\/\/test.dagic.es\/fr\/","name":"Cartonlab FR","description":"Cartonlab | Projets internationaux pour \u00e9v\u00e9nements et stands","publisher":{"@id":"https:\/\/test.dagic.es\/fr\/#organization"},"potentialAction":[{"@type":"SearchAction","target":{"@type":"EntryPoint","urlTemplate":"https:\/\/test.dagic.es\/fr\/?s={search_term_string}"},"query-input":{"@type":"PropertyValueSpecification","valueRequired":true,"valueName":"search_term_string"}}],"inLanguage":"fr-FR"},{"@type":"Organization","@id":"https:\/\/test.dagic.es\/fr\/#organization","name":"Cartonlab FR","url":"https:\/\/test.dagic.es\/fr\/","logo":{"@type":"ImageObject","inLanguage":"fr-FR","@id":"https:\/\/test.dagic.es\/fr\/#\/schema\/logo\/image\/","url":"https:\/\/test.dagic.es\/fr\/wp-content\/uploads\/sites\/5\/2023\/07\/logo.svg","contentUrl":"https:\/\/test.dagic.es\/fr\/wp-content\/uploads\/sites\/5\/2023\/07\/logo.svg","width":163,"height":44,"caption":"Cartonlab FR"},"image":{"@id":"https:\/\/test.dagic.es\/fr\/#\/schema\/logo\/image\/"}}]}},"_links":{"self":[{"href":"https:\/\/test.dagic.es\/fr\/wp-json\/wp\/v2\/product\/3071","targetHints":{"allow":["GET"]}}],"collection":[{"href":"https:\/\/test.dagic.es\/fr\/wp-json\/wp\/v2\/product"}],"about":[{"href":"https:\/\/test.dagic.es\/fr\/wp-json\/wp\/v2\/types\/product"}],"replies":[{"embeddable":true,"href":"https:\/\/test.dagic.es\/fr\/wp-json\/wp\/v2\/comments?post=3071"}],"wp:featuredmedia":[{"embeddable":true,"href":"https:\/\/test.dagic.es\/fr\/wp-json\/wp\/v2\/media\/15818"}],"wp:attachment":[{"href":"https:\/\/test.dagic.es\/fr\/wp-json\/wp\/v2\/media?parent=3071"}],"wp:term":[{"taxonomy":"product_brand","embeddable":true,"href":"https:\/\/test.dagic.es\/fr\/wp-json\/wp\/v2\/product_brand?post=3071"},{"taxonomy":"product_cat","embeddable":true,"href":"https:\/\/test.dagic.es\/fr\/wp-json\/wp\/v2\/product_cat?post=3071"},{"taxonomy":"product_tag","embeddable":true,"href":"https:\/\/test.dagic.es\/fr\/wp-json\/wp\/v2\/product_tag?post=3071"}],"curies":[{"name":"wp","href":"https:\/\/api.w.org\/{rel}","templated":true}]}}