{"id":3035,"date":"2014-08-04T16:32:55","date_gmt":"2014-08-04T15:32:55","guid":{"rendered":"http:\/\/cartonlab.holamundo.me\/?post_type=product&#038;p=3035"},"modified":"2020-07-15T08:16:35","modified_gmt":"2020-07-15T07:16:35","slug":"silla-de-carton-taray","status":"publish","type":"product","link":"https:\/\/test.dagic.es\/fr\/producto\/silla-de-carton-taray\/","title":{"rendered":"Silla de cart\u00f3n modelo Taray | Elegante y funcional | Pack 2 uds."},"excerpt":{"rendered":"<p><strong>Pack 2 unidades<\/strong>. Silla de cart\u00f3n modelo <strong>Taray.<\/strong> Uno de nuestros primeros dise\u00f1os. Elegante, ligera y muy resistente. La silla se env\u00eda en un paquete plano, desmontada en piezas que se encajan entre s\u00ed sin necesidad de pegamentos ni elementos extra. Incluye sencillas instrucciones de montaje. M\u00e1s informaci\u00f3n sobre nuestras <a href=\"\/proyecto\/sillas\/\">sillas de cart\u00f3n, aqu\u00ed.<\/a><\/p>\n<p>&nbsp;<\/p>\n<p>&nbsp;<\/p>\n","protected":false},"featured_media":15781,"comment_status":"open","ping_status":"closed","template":"","meta":{"_acf_changed":false,"inline_featured_image":false},"product_brand":[],"product_cat":[3031,3018],"product_tag":[1670,681,683],"class_list":{"0":"post-3035","1":"product","2":"type-product","3":"status-publish","4":"has-post-thumbnail","6":"product_cat-chaises-et-bancs","7":"product_cat-muebles-en-carton","8":"product_tag-ecodiseno","9":"product_tag-muebles-de-carton-2","10":"product_tag-sillas-ecologicas","11":"product_shipping_class-productomediano","13":"first","14":"instock","15":"taxable","16":"shipping-taxable","17":"product-type-variable","18":"has-default-attributes"},"acf":[],"yoast_head":"<!-- This site is optimized with the Yoast SEO plugin v27.2 - https:\/\/yoast.com\/product\/yoast-seo-wordpress\/ -->\n<title>Silla de cart\u00f3n modelo Taray | Ligera, elegante y resistente | S\u00f3lo venta online<\/title>\n<meta name=\"description\" content=\"Silla de cart\u00f3n modelo Taray. Dise\u00f1o funcional y elegante. Reciclable y reutilizable. Entrega en paquete plano. F\u00e1cil montaje. S\u00f3lo en Cartonlab.com\" \/>\n<meta name=\"robots\" content=\"index, follow, max-snippet:-1, max-image-preview:large, max-video-preview:-1\" \/>\n<link rel=\"canonical\" href=\"https:\/\/test.dagic.es\/fr\/producto\/silla-de-carton-taray\/\" \/>\n<meta property=\"og:locale\" content=\"fr_FR\" \/>\n<meta property=\"og:type\" content=\"article\" \/>\n<meta property=\"og:title\" content=\"Silla de cart\u00f3n modelo Taray | Ligera, elegante y resistente | S\u00f3lo venta online\" \/>\n<meta property=\"og:description\" content=\"Silla de cart\u00f3n modelo Taray. Dise\u00f1o funcional y elegante. Reciclable y reutilizable. Entrega en paquete plano. F\u00e1cil montaje. S\u00f3lo en Cartonlab.com\" \/>\n<meta property=\"og:url\" content=\"https:\/\/test.dagic.es\/fr\/producto\/silla-de-carton-taray\/\" \/>\n<meta property=\"og:site_name\" content=\"Cartonlab FR\" \/>\n<meta property=\"article:modified_time\" content=\"2020-07-15T07:16:35+00:00\" \/>\n<meta property=\"og:image\" content=\"https:\/\/test.dagic.es\/fr\/wp-content\/uploads\/sites\/5\/2014\/08\/silla-carton-taray-cartonlab-cardboard-chair-1.jpg\" \/>\n\t<meta property=\"og:image:width\" content=\"800\" \/>\n\t<meta property=\"og:image:height\" content=\"800\" \/>\n\t<meta property=\"og:image:type\" content=\"image\/jpeg\" \/>\n<meta name=\"twitter:card\" content=\"summary_large_image\" \/>\n<script type=\"application\/ld+json\" class=\"yoast-schema-graph\">{\"@context\":\"https:\/\/schema.org\",\"@graph\":[{\"@type\":\"WebPage\",\"@id\":\"https:\/\/test.dagic.es\/fr\/producto\/silla-de-carton-taray\/\",\"url\":\"https:\/\/test.dagic.es\/fr\/producto\/silla-de-carton-taray\/\",\"name\":\"Silla de cart\u00f3n modelo Taray | Ligera, elegante y resistente | S\u00f3lo venta online\",\"isPartOf\":{\"@id\":\"https:\/\/test.dagic.es\/fr\/#website\"},\"primaryImageOfPage\":{\"@id\":\"https:\/\/test.dagic.es\/fr\/producto\/silla-de-carton-taray\/#primaryimage\"},\"image\":{\"@id\":\"https:\/\/test.dagic.es\/fr\/producto\/silla-de-carton-taray\/#primaryimage\"},\"thumbnailUrl\":\"https:\/\/test.dagic.es\/fr\/wp-content\/uploads\/sites\/5\/2014\/08\/silla-carton-taray-cartonlab-cardboard-chair-1.jpg\",\"datePublished\":\"2014-08-04T15:32:55+00:00\",\"dateModified\":\"2020-07-15T07:16:35+00:00\",\"description\":\"Silla de cart\u00f3n modelo Taray. Dise\u00f1o funcional y elegante. Reciclable y reutilizable. Entrega en paquete plano. F\u00e1cil montaje. S\u00f3lo en Cartonlab.com\",\"breadcrumb\":{\"@id\":\"https:\/\/test.dagic.es\/fr\/producto\/silla-de-carton-taray\/#breadcrumb\"},\"inLanguage\":\"fr-FR\",\"potentialAction\":[{\"@type\":\"ReadAction\",\"target\":[\"https:\/\/test.dagic.es\/fr\/producto\/silla-de-carton-taray\/\"]}]},{\"@type\":\"ImageObject\",\"inLanguage\":\"fr-FR\",\"@id\":\"https:\/\/test.dagic.es\/fr\/producto\/silla-de-carton-taray\/#primaryimage\",\"url\":\"https:\/\/test.dagic.es\/fr\/wp-content\/uploads\/sites\/5\/2014\/08\/silla-carton-taray-cartonlab-cardboard-chair-1.jpg\",\"contentUrl\":\"https:\/\/test.dagic.es\/fr\/wp-content\/uploads\/sites\/5\/2014\/08\/silla-carton-taray-cartonlab-cardboard-chair-1.jpg\",\"width\":800,\"height\":800,\"caption\":\"silla carton Taray girada\"},{\"@type\":\"BreadcrumbList\",\"@id\":\"https:\/\/test.dagic.es\/fr\/producto\/silla-de-carton-taray\/#breadcrumb\",\"itemListElement\":[{\"@type\":\"ListItem\",\"position\":1,\"name\":\"Accueil\",\"item\":\"https:\/\/test.dagic.es\/fr\/\"},{\"@type\":\"ListItem\",\"position\":2,\"name\":\"Produits\",\"item\":\"https:\/\/test.dagic.es\/fr\/shop\/\"},{\"@type\":\"ListItem\",\"position\":3,\"name\":\"Silla de cart\u00f3n modelo Taray | Elegante y funcional | Pack 2 uds.\"}]},{\"@type\":\"WebSite\",\"@id\":\"https:\/\/test.dagic.es\/fr\/#website\",\"url\":\"https:\/\/test.dagic.es\/fr\/\",\"name\":\"Cartonlab FR\",\"description\":\"Cartonlab | Projets internationaux pour \u00e9v\u00e9nements et stands\",\"publisher\":{\"@id\":\"https:\/\/test.dagic.es\/fr\/#organization\"},\"potentialAction\":[{\"@type\":\"SearchAction\",\"target\":{\"@type\":\"EntryPoint\",\"urlTemplate\":\"https:\/\/test.dagic.es\/fr\/?s={search_term_string}\"},\"query-input\":{\"@type\":\"PropertyValueSpecification\",\"valueRequired\":true,\"valueName\":\"search_term_string\"}}],\"inLanguage\":\"fr-FR\"},{\"@type\":\"Organization\",\"@id\":\"https:\/\/test.dagic.es\/fr\/#organization\",\"name\":\"Cartonlab FR\",\"url\":\"https:\/\/test.dagic.es\/fr\/\",\"logo\":{\"@type\":\"ImageObject\",\"inLanguage\":\"fr-FR\",\"@id\":\"https:\/\/test.dagic.es\/fr\/#\/schema\/logo\/image\/\",\"url\":\"https:\/\/test.dagic.es\/fr\/wp-content\/uploads\/sites\/5\/2023\/07\/logo.svg\",\"contentUrl\":\"https:\/\/test.dagic.es\/fr\/wp-content\/uploads\/sites\/5\/2023\/07\/logo.svg\",\"width\":163,\"height\":44,\"caption\":\"Cartonlab FR\"},\"image\":{\"@id\":\"https:\/\/test.dagic.es\/fr\/#\/schema\/logo\/image\/\"}}]}<\/script>\n<!-- \/ Yoast SEO plugin. -->","yoast_head_json":{"title":"Silla de cart\u00f3n modelo Taray | Ligera, elegante y resistente | S\u00f3lo venta online","description":"Silla de cart\u00f3n modelo Taray. Dise\u00f1o funcional y elegante. Reciclable y reutilizable. Entrega en paquete plano. F\u00e1cil montaje. S\u00f3lo en Cartonlab.com","robots":{"index":"index","follow":"follow","max-snippet":"max-snippet:-1","max-image-preview":"max-image-preview:large","max-video-preview":"max-video-preview:-1"},"canonical":"https:\/\/test.dagic.es\/fr\/producto\/silla-de-carton-taray\/","og_locale":"fr_FR","og_type":"article","og_title":"Silla de cart\u00f3n modelo Taray | Ligera, elegante y resistente | S\u00f3lo venta online","og_description":"Silla de cart\u00f3n modelo Taray. Dise\u00f1o funcional y elegante. Reciclable y reutilizable. Entrega en paquete plano. F\u00e1cil montaje. S\u00f3lo en Cartonlab.com","og_url":"https:\/\/test.dagic.es\/fr\/producto\/silla-de-carton-taray\/","og_site_name":"Cartonlab FR","article_modified_time":"2020-07-15T07:16:35+00:00","og_image":[{"width":800,"height":800,"url":"https:\/\/test.dagic.es\/fr\/wp-content\/uploads\/sites\/5\/2014\/08\/silla-carton-taray-cartonlab-cardboard-chair-1.jpg","type":"image\/jpeg"}],"twitter_card":"summary_large_image","schema":{"@context":"https:\/\/schema.org","@graph":[{"@type":"WebPage","@id":"https:\/\/test.dagic.es\/fr\/producto\/silla-de-carton-taray\/","url":"https:\/\/test.dagic.es\/fr\/producto\/silla-de-carton-taray\/","name":"Silla de cart\u00f3n modelo Taray | Ligera, elegante y resistente | S\u00f3lo venta online","isPartOf":{"@id":"https:\/\/test.dagic.es\/fr\/#website"},"primaryImageOfPage":{"@id":"https:\/\/test.dagic.es\/fr\/producto\/silla-de-carton-taray\/#primaryimage"},"image":{"@id":"https:\/\/test.dagic.es\/fr\/producto\/silla-de-carton-taray\/#primaryimage"},"thumbnailUrl":"https:\/\/test.dagic.es\/fr\/wp-content\/uploads\/sites\/5\/2014\/08\/silla-carton-taray-cartonlab-cardboard-chair-1.jpg","datePublished":"2014-08-04T15:32:55+00:00","dateModified":"2020-07-15T07:16:35+00:00","description":"Silla de cart\u00f3n modelo Taray. Dise\u00f1o funcional y elegante. Reciclable y reutilizable. Entrega en paquete plano. F\u00e1cil montaje. S\u00f3lo en Cartonlab.com","breadcrumb":{"@id":"https:\/\/test.dagic.es\/fr\/producto\/silla-de-carton-taray\/#breadcrumb"},"inLanguage":"fr-FR","potentialAction":[{"@type":"ReadAction","target":["https:\/\/test.dagic.es\/fr\/producto\/silla-de-carton-taray\/"]}]},{"@type":"ImageObject","inLanguage":"fr-FR","@id":"https:\/\/test.dagic.es\/fr\/producto\/silla-de-carton-taray\/#primaryimage","url":"https:\/\/test.dagic.es\/fr\/wp-content\/uploads\/sites\/5\/2014\/08\/silla-carton-taray-cartonlab-cardboard-chair-1.jpg","contentUrl":"https:\/\/test.dagic.es\/fr\/wp-content\/uploads\/sites\/5\/2014\/08\/silla-carton-taray-cartonlab-cardboard-chair-1.jpg","width":800,"height":800,"caption":"silla carton Taray girada"},{"@type":"BreadcrumbList","@id":"https:\/\/test.dagic.es\/fr\/producto\/silla-de-carton-taray\/#breadcrumb","itemListElement":[{"@type":"ListItem","position":1,"name":"Accueil","item":"https:\/\/test.dagic.es\/fr\/"},{"@type":"ListItem","position":2,"name":"Produits","item":"https:\/\/test.dagic.es\/fr\/shop\/"},{"@type":"ListItem","position":3,"name":"Silla de cart\u00f3n modelo Taray | Elegante y funcional | Pack 2 uds."}]},{"@type":"WebSite","@id":"https:\/\/test.dagic.es\/fr\/#website","url":"https:\/\/test.dagic.es\/fr\/","name":"Cartonlab FR","description":"Cartonlab | Projets internationaux pour \u00e9v\u00e9nements et stands","publisher":{"@id":"https:\/\/test.dagic.es\/fr\/#organization"},"potentialAction":[{"@type":"SearchAction","target":{"@type":"EntryPoint","urlTemplate":"https:\/\/test.dagic.es\/fr\/?s={search_term_string}"},"query-input":{"@type":"PropertyValueSpecification","valueRequired":true,"valueName":"search_term_string"}}],"inLanguage":"fr-FR"},{"@type":"Organization","@id":"https:\/\/test.dagic.es\/fr\/#organization","name":"Cartonlab FR","url":"https:\/\/test.dagic.es\/fr\/","logo":{"@type":"ImageObject","inLanguage":"fr-FR","@id":"https:\/\/test.dagic.es\/fr\/#\/schema\/logo\/image\/","url":"https:\/\/test.dagic.es\/fr\/wp-content\/uploads\/sites\/5\/2023\/07\/logo.svg","contentUrl":"https:\/\/test.dagic.es\/fr\/wp-content\/uploads\/sites\/5\/2023\/07\/logo.svg","width":163,"height":44,"caption":"Cartonlab FR"},"image":{"@id":"https:\/\/test.dagic.es\/fr\/#\/schema\/logo\/image\/"}}]}},"_links":{"self":[{"href":"https:\/\/test.dagic.es\/fr\/wp-json\/wp\/v2\/product\/3035","targetHints":{"allow":["GET"]}}],"collection":[{"href":"https:\/\/test.dagic.es\/fr\/wp-json\/wp\/v2\/product"}],"about":[{"href":"https:\/\/test.dagic.es\/fr\/wp-json\/wp\/v2\/types\/product"}],"replies":[{"embeddable":true,"href":"https:\/\/test.dagic.es\/fr\/wp-json\/wp\/v2\/comments?post=3035"}],"wp:featuredmedia":[{"embeddable":true,"href":"https:\/\/test.dagic.es\/fr\/wp-json\/wp\/v2\/media\/15781"}],"wp:attachment":[{"href":"https:\/\/test.dagic.es\/fr\/wp-json\/wp\/v2\/media?parent=3035"}],"wp:term":[{"taxonomy":"product_brand","embeddable":true,"href":"https:\/\/test.dagic.es\/fr\/wp-json\/wp\/v2\/product_brand?post=3035"},{"taxonomy":"product_cat","embeddable":true,"href":"https:\/\/test.dagic.es\/fr\/wp-json\/wp\/v2\/product_cat?post=3035"},{"taxonomy":"product_tag","embeddable":true,"href":"https:\/\/test.dagic.es\/fr\/wp-json\/wp\/v2\/product_tag?post=3035"}],"curies":[{"name":"wp","href":"https:\/\/api.w.org\/{rel}","templated":true}]}}