{"id":252,"date":"2014-07-05T16:18:23","date_gmt":"2014-07-05T15:18:23","guid":{"rendered":"http:\/\/cartonlab.holamundo.me\/?post_type=product&#038;p=252"},"modified":"2020-11-17T01:57:17","modified_gmt":"2020-11-17T00:57:17","slug":"figuras-personalizadas","status":"publish","type":"product","link":"https:\/\/test.dagic.es\/fr\/producto\/figuras-personalizadas\/","title":{"rendered":"Figuras personalizadas de cart\u00f3n. Animales gigantes Low Poly"},"excerpt":{"rendered":"<p><strong>Figuras personalizadas de cart\u00f3n. <\/strong>Figuras corp\u00f3reas exclusivas de gran tama\u00f1o. Geometr\u00eda poligonal <strong>low poly<\/strong>. Fabricadas en cart\u00f3n troquelado. Disponibles varios dise\u00f1os y tama\u00f1os a medida seg\u00fan las necesidades del cliente. Corp\u00f3reos ecol\u00f3gicos de alto impacto para <strong>eventos y decoraci\u00f3n.<\/strong>\u00a0 Muy ligeros y vers\u00e1tiles. Las figuras se construyen siguiendo un detallado manual de montaje. El tiempo de montaje de cada figura depende de la complejidad del dise\u00f1o.\u00a0 (M\u00ednimo 4 horas)<\/p>\n<p><strong>Montaje e instalaci\u00f3n:<\/strong><\/p>\n<ul>\n<li>Proporcionamos gu\u00eda de montaje en PDF<\/li>\n<li>Si lo necesitas podemos realizar el montaje nosotros. (Recomendado para figuras complejas, dise\u00f1os especiales o muchas unidades)<\/li>\n<li>Tiempo de montaje m\u00ednimo estimado 4 horas. Se recomienda hacerlo entre 2 personas.<\/li>\n<\/ul>\n<p><strong>Compra Online:<\/strong><\/p>\n<p>Proyectos de figuras de animales en cart\u00f3n:<\/p>\n<p><a href=\"\/proyecto\/perro-carton-gigante-lowpoly\/\" target=\"_blank\" rel=\"noopener noreferrer\">Perro gigante de cart\u00f3n<\/a>. Taller en Mini Hub Madrid<\/p>\n<p><a href=\"\/proyecto\/animales-lowpoly-carton\/\" target=\"_blank\" rel=\"noopener noreferrer\">Animales Low poly para decoraci\u00f3n de empresas.<\/a> Roche Madrid.<\/p>\n<p><strong>V\u00eddeo Relacionado:<\/strong><\/p>\n<p><iframe src=\"https:\/\/www.youtube.com\/embed\/wwZwbZ3MTxo\" width=\"560\" height=\"315\" frameborder=\"0\" allowfullscreen=\"allowfullscreen\"><\/iframe><\/p>\n","protected":false},"featured_media":13109,"comment_status":"open","ping_status":"closed","template":"","meta":{"_acf_changed":false,"inline_featured_image":false},"product_brand":[],"product_cat":[3041,3036,3040,3035],"product_tag":[],"class_list":{"0":"post-252","1":"product","2":"type-product","3":"status-publish","4":"has-post-thumbnail","6":"product_cat-decor","7":"product_cat-mobilier-pour-evenements-durables","8":"product_cat-photocall-en-carton","9":"product_cat-produits-pour-evenements-durables","10":"product_shipping_class-producto-grande","12":"first","13":"instock","14":"taxable","15":"shipping-taxable","16":"product-type-simple"},"acf":[],"yoast_head":"<!-- This site is optimized with the Yoast SEO plugin v27.2 - https:\/\/yoast.com\/product\/yoast-seo-wordpress\/ -->\n<title>Figuras personalizadas de cart\u00f3n | Animales gigantes low poly | Variedad de dise\u00f1os<\/title>\n<meta name=\"description\" content=\"Figuras personalizadas de cart\u00f3n. Animales gigantes est\u00e9tica low poly. Variedad de dise\u00f1os. Disponibles en distintos acabados e impresi\u00f3n. \u00a1Consultanos!\" \/>\n<meta name=\"robots\" content=\"index, follow, max-snippet:-1, max-image-preview:large, max-video-preview:-1\" \/>\n<link rel=\"canonical\" href=\"https:\/\/test.dagic.es\/fr\/producto\/figuras-personalizadas\/\" \/>\n<meta property=\"og:locale\" content=\"fr_FR\" \/>\n<meta property=\"og:type\" content=\"article\" \/>\n<meta property=\"og:title\" content=\"Figuras personalizadas de cart\u00f3n | Animales gigantes low poly | Variedad de dise\u00f1os\" \/>\n<meta property=\"og:description\" content=\"Figuras personalizadas de cart\u00f3n. Animales gigantes est\u00e9tica low poly. Variedad de dise\u00f1os. Disponibles en distintos acabados e impresi\u00f3n. \u00a1Consultanos!\" \/>\n<meta property=\"og:url\" content=\"https:\/\/test.dagic.es\/fr\/producto\/figuras-personalizadas\/\" \/>\n<meta property=\"og:site_name\" content=\"Cartonlab FR\" \/>\n<meta property=\"article:modified_time\" content=\"2020-11-17T00:57:17+00:00\" \/>\n<meta property=\"og:image\" content=\"https:\/\/test.dagic.es\/fr\/wp-content\/uploads\/sites\/5\/2014\/07\/figura-personalizada-perro-carton-poligonal-.jpg\" \/>\n\t<meta property=\"og:image:width\" content=\"900\" \/>\n\t<meta property=\"og:image:height\" content=\"900\" \/>\n\t<meta property=\"og:image:type\" content=\"image\/jpeg\" \/>\n<meta name=\"twitter:card\" content=\"summary_large_image\" \/>\n<script type=\"application\/ld+json\" class=\"yoast-schema-graph\">{\"@context\":\"https:\/\/schema.org\",\"@graph\":[{\"@type\":\"WebPage\",\"@id\":\"https:\/\/test.dagic.es\/fr\/producto\/figuras-personalizadas\/\",\"url\":\"https:\/\/test.dagic.es\/fr\/producto\/figuras-personalizadas\/\",\"name\":\"Figuras personalizadas de cart\u00f3n | Animales gigantes low poly | Variedad de dise\u00f1os\",\"isPartOf\":{\"@id\":\"https:\/\/test.dagic.es\/fr\/#website\"},\"primaryImageOfPage\":{\"@id\":\"https:\/\/test.dagic.es\/fr\/producto\/figuras-personalizadas\/#primaryimage\"},\"image\":{\"@id\":\"https:\/\/test.dagic.es\/fr\/producto\/figuras-personalizadas\/#primaryimage\"},\"thumbnailUrl\":\"https:\/\/test.dagic.es\/fr\/wp-content\/uploads\/sites\/5\/2014\/07\/figura-personalizada-perro-carton-poligonal-.jpg\",\"datePublished\":\"2014-07-05T15:18:23+00:00\",\"dateModified\":\"2020-11-17T00:57:17+00:00\",\"description\":\"Figuras personalizadas de cart\u00f3n. Animales gigantes est\u00e9tica low poly. Variedad de dise\u00f1os. Disponibles en distintos acabados e impresi\u00f3n. \u00a1Consultanos!\",\"breadcrumb\":{\"@id\":\"https:\/\/test.dagic.es\/fr\/producto\/figuras-personalizadas\/#breadcrumb\"},\"inLanguage\":\"fr-FR\",\"potentialAction\":[{\"@type\":\"ReadAction\",\"target\":[\"https:\/\/test.dagic.es\/fr\/producto\/figuras-personalizadas\/\"]}]},{\"@type\":\"ImageObject\",\"inLanguage\":\"fr-FR\",\"@id\":\"https:\/\/test.dagic.es\/fr\/producto\/figuras-personalizadas\/#primaryimage\",\"url\":\"https:\/\/test.dagic.es\/fr\/wp-content\/uploads\/sites\/5\/2014\/07\/figura-personalizada-perro-carton-poligonal-.jpg\",\"contentUrl\":\"https:\/\/test.dagic.es\/fr\/wp-content\/uploads\/sites\/5\/2014\/07\/figura-personalizada-perro-carton-poligonal-.jpg\",\"width\":900,\"height\":900,\"caption\":\"figura personalizada perro cart\u00f3n real\"},{\"@type\":\"BreadcrumbList\",\"@id\":\"https:\/\/test.dagic.es\/fr\/producto\/figuras-personalizadas\/#breadcrumb\",\"itemListElement\":[{\"@type\":\"ListItem\",\"position\":1,\"name\":\"Accueil\",\"item\":\"https:\/\/test.dagic.es\/fr\/\"},{\"@type\":\"ListItem\",\"position\":2,\"name\":\"Produits\",\"item\":\"https:\/\/test.dagic.es\/fr\/shop\/\"},{\"@type\":\"ListItem\",\"position\":3,\"name\":\"Figuras personalizadas de cart\u00f3n. Animales gigantes Low Poly\"}]},{\"@type\":\"WebSite\",\"@id\":\"https:\/\/test.dagic.es\/fr\/#website\",\"url\":\"https:\/\/test.dagic.es\/fr\/\",\"name\":\"Cartonlab FR\",\"description\":\"Cartonlab | Projets internationaux pour \u00e9v\u00e9nements et stands\",\"publisher\":{\"@id\":\"https:\/\/test.dagic.es\/fr\/#organization\"},\"potentialAction\":[{\"@type\":\"SearchAction\",\"target\":{\"@type\":\"EntryPoint\",\"urlTemplate\":\"https:\/\/test.dagic.es\/fr\/?s={search_term_string}\"},\"query-input\":{\"@type\":\"PropertyValueSpecification\",\"valueRequired\":true,\"valueName\":\"search_term_string\"}}],\"inLanguage\":\"fr-FR\"},{\"@type\":\"Organization\",\"@id\":\"https:\/\/test.dagic.es\/fr\/#organization\",\"name\":\"Cartonlab FR\",\"url\":\"https:\/\/test.dagic.es\/fr\/\",\"logo\":{\"@type\":\"ImageObject\",\"inLanguage\":\"fr-FR\",\"@id\":\"https:\/\/test.dagic.es\/fr\/#\/schema\/logo\/image\/\",\"url\":\"https:\/\/test.dagic.es\/fr\/wp-content\/uploads\/sites\/5\/2023\/07\/logo.svg\",\"contentUrl\":\"https:\/\/test.dagic.es\/fr\/wp-content\/uploads\/sites\/5\/2023\/07\/logo.svg\",\"width\":163,\"height\":44,\"caption\":\"Cartonlab FR\"},\"image\":{\"@id\":\"https:\/\/test.dagic.es\/fr\/#\/schema\/logo\/image\/\"}}]}<\/script>\n<!-- \/ Yoast SEO plugin. -->","yoast_head_json":{"title":"Figuras personalizadas de cart\u00f3n | Animales gigantes low poly | Variedad de dise\u00f1os","description":"Figuras personalizadas de cart\u00f3n. Animales gigantes est\u00e9tica low poly. Variedad de dise\u00f1os. Disponibles en distintos acabados e impresi\u00f3n. \u00a1Consultanos!","robots":{"index":"index","follow":"follow","max-snippet":"max-snippet:-1","max-image-preview":"max-image-preview:large","max-video-preview":"max-video-preview:-1"},"canonical":"https:\/\/test.dagic.es\/fr\/producto\/figuras-personalizadas\/","og_locale":"fr_FR","og_type":"article","og_title":"Figuras personalizadas de cart\u00f3n | Animales gigantes low poly | Variedad de dise\u00f1os","og_description":"Figuras personalizadas de cart\u00f3n. Animales gigantes est\u00e9tica low poly. Variedad de dise\u00f1os. Disponibles en distintos acabados e impresi\u00f3n. \u00a1Consultanos!","og_url":"https:\/\/test.dagic.es\/fr\/producto\/figuras-personalizadas\/","og_site_name":"Cartonlab FR","article_modified_time":"2020-11-17T00:57:17+00:00","og_image":[{"width":900,"height":900,"url":"https:\/\/test.dagic.es\/fr\/wp-content\/uploads\/sites\/5\/2014\/07\/figura-personalizada-perro-carton-poligonal-.jpg","type":"image\/jpeg"}],"twitter_card":"summary_large_image","schema":{"@context":"https:\/\/schema.org","@graph":[{"@type":"WebPage","@id":"https:\/\/test.dagic.es\/fr\/producto\/figuras-personalizadas\/","url":"https:\/\/test.dagic.es\/fr\/producto\/figuras-personalizadas\/","name":"Figuras personalizadas de cart\u00f3n | Animales gigantes low poly | Variedad de dise\u00f1os","isPartOf":{"@id":"https:\/\/test.dagic.es\/fr\/#website"},"primaryImageOfPage":{"@id":"https:\/\/test.dagic.es\/fr\/producto\/figuras-personalizadas\/#primaryimage"},"image":{"@id":"https:\/\/test.dagic.es\/fr\/producto\/figuras-personalizadas\/#primaryimage"},"thumbnailUrl":"https:\/\/test.dagic.es\/fr\/wp-content\/uploads\/sites\/5\/2014\/07\/figura-personalizada-perro-carton-poligonal-.jpg","datePublished":"2014-07-05T15:18:23+00:00","dateModified":"2020-11-17T00:57:17+00:00","description":"Figuras personalizadas de cart\u00f3n. Animales gigantes est\u00e9tica low poly. Variedad de dise\u00f1os. Disponibles en distintos acabados e impresi\u00f3n. \u00a1Consultanos!","breadcrumb":{"@id":"https:\/\/test.dagic.es\/fr\/producto\/figuras-personalizadas\/#breadcrumb"},"inLanguage":"fr-FR","potentialAction":[{"@type":"ReadAction","target":["https:\/\/test.dagic.es\/fr\/producto\/figuras-personalizadas\/"]}]},{"@type":"ImageObject","inLanguage":"fr-FR","@id":"https:\/\/test.dagic.es\/fr\/producto\/figuras-personalizadas\/#primaryimage","url":"https:\/\/test.dagic.es\/fr\/wp-content\/uploads\/sites\/5\/2014\/07\/figura-personalizada-perro-carton-poligonal-.jpg","contentUrl":"https:\/\/test.dagic.es\/fr\/wp-content\/uploads\/sites\/5\/2014\/07\/figura-personalizada-perro-carton-poligonal-.jpg","width":900,"height":900,"caption":"figura personalizada perro cart\u00f3n real"},{"@type":"BreadcrumbList","@id":"https:\/\/test.dagic.es\/fr\/producto\/figuras-personalizadas\/#breadcrumb","itemListElement":[{"@type":"ListItem","position":1,"name":"Accueil","item":"https:\/\/test.dagic.es\/fr\/"},{"@type":"ListItem","position":2,"name":"Produits","item":"https:\/\/test.dagic.es\/fr\/shop\/"},{"@type":"ListItem","position":3,"name":"Figuras personalizadas de cart\u00f3n. Animales gigantes Low Poly"}]},{"@type":"WebSite","@id":"https:\/\/test.dagic.es\/fr\/#website","url":"https:\/\/test.dagic.es\/fr\/","name":"Cartonlab FR","description":"Cartonlab | Projets internationaux pour \u00e9v\u00e9nements et stands","publisher":{"@id":"https:\/\/test.dagic.es\/fr\/#organization"},"potentialAction":[{"@type":"SearchAction","target":{"@type":"EntryPoint","urlTemplate":"https:\/\/test.dagic.es\/fr\/?s={search_term_string}"},"query-input":{"@type":"PropertyValueSpecification","valueRequired":true,"valueName":"search_term_string"}}],"inLanguage":"fr-FR"},{"@type":"Organization","@id":"https:\/\/test.dagic.es\/fr\/#organization","name":"Cartonlab FR","url":"https:\/\/test.dagic.es\/fr\/","logo":{"@type":"ImageObject","inLanguage":"fr-FR","@id":"https:\/\/test.dagic.es\/fr\/#\/schema\/logo\/image\/","url":"https:\/\/test.dagic.es\/fr\/wp-content\/uploads\/sites\/5\/2023\/07\/logo.svg","contentUrl":"https:\/\/test.dagic.es\/fr\/wp-content\/uploads\/sites\/5\/2023\/07\/logo.svg","width":163,"height":44,"caption":"Cartonlab FR"},"image":{"@id":"https:\/\/test.dagic.es\/fr\/#\/schema\/logo\/image\/"}}]}},"_links":{"self":[{"href":"https:\/\/test.dagic.es\/fr\/wp-json\/wp\/v2\/product\/252","targetHints":{"allow":["GET"]}}],"collection":[{"href":"https:\/\/test.dagic.es\/fr\/wp-json\/wp\/v2\/product"}],"about":[{"href":"https:\/\/test.dagic.es\/fr\/wp-json\/wp\/v2\/types\/product"}],"replies":[{"embeddable":true,"href":"https:\/\/test.dagic.es\/fr\/wp-json\/wp\/v2\/comments?post=252"}],"wp:featuredmedia":[{"embeddable":true,"href":"https:\/\/test.dagic.es\/fr\/wp-json\/wp\/v2\/media\/13109"}],"wp:attachment":[{"href":"https:\/\/test.dagic.es\/fr\/wp-json\/wp\/v2\/media?parent=252"}],"wp:term":[{"taxonomy":"product_brand","embeddable":true,"href":"https:\/\/test.dagic.es\/fr\/wp-json\/wp\/v2\/product_brand?post=252"},{"taxonomy":"product_cat","embeddable":true,"href":"https:\/\/test.dagic.es\/fr\/wp-json\/wp\/v2\/product_cat?post=252"},{"taxonomy":"product_tag","embeddable":true,"href":"https:\/\/test.dagic.es\/fr\/wp-json\/wp\/v2\/product_tag?post=252"}],"curies":[{"name":"wp","href":"https:\/\/api.w.org\/{rel}","templated":true}]}}