{"id":216,"date":"2014-07-04T12:59:10","date_gmt":"2014-07-04T11:59:10","guid":{"rendered":"http:\/\/cartonlab.holamundo.me\/?post_type=product&#038;p=216"},"modified":"2020-11-17T01:58:36","modified_gmt":"2020-11-17T00:58:36","slug":"arbol-de-carton","status":"publish","type":"product","link":"https:\/\/test.dagic.es\/fr\/producto\/arbol-de-carton\/","title":{"rendered":"\u00c1rbol de cart\u00f3n para eventos y decoraci\u00f3n | Varios tama\u00f1os para diversas necesidades"},"excerpt":{"rendered":"<p>\u00c1rbol de cart\u00f3n ideal para eventos y decoraci\u00f3n. Dise\u00f1o exclusivo disponible en 2 tama\u00f1os. F\u00e1cil de montar, transportar e instalar. Los \u00e1rboles de cart\u00f3n ofrecen muchas posibilidades de uso como separadores de espacios, elementos de escaparatismo y exposici\u00f3n de productos, escenograf\u00edas, actividades medioambientales, etc.<\/p>\n","protected":false},"featured_media":15812,"comment_status":"open","ping_status":"closed","template":"","meta":{"_acf_changed":false,"inline_featured_image":false},"product_brand":[],"product_cat":[3038,3095,3041,3035],"product_tag":[],"class_list":{"0":"post-216","1":"product","2":"type-product","3":"status-publish","4":"has-post-thumbnail","6":"product_cat-arbres-en-carton-de-decoration","7":"product_cat-arbres-en-carton","8":"product_cat-decor","9":"product_cat-produits-pour-evenements-durables","10":"product_shipping_class-producto-mediano","12":"first","13":"instock","14":"featured","15":"taxable","16":"shipping-taxable","17":"product-type-variable","18":"has-default-attributes"},"acf":[],"yoast_head":"<!-- This site is optimized with the Yoast SEO plugin v27.2 - https:\/\/yoast.com\/product\/yoast-seo-wordpress\/ -->\n<title>\u00c1rbol de cart\u00f3n para eventos y decoraci\u00f3n | Cartonlab.com | Compra Online<\/title>\n<meta name=\"description\" content=\"\u00c1rbol de cart\u00f3n. Original dise\u00f1o para eventos y decoraci\u00f3n. F\u00e1cil montaje y transporte. 100% Reciclable y reutilizable | Env\u00edos a todo el mundo\" \/>\n<meta name=\"robots\" content=\"index, follow, max-snippet:-1, max-image-preview:large, max-video-preview:-1\" \/>\n<link rel=\"canonical\" href=\"https:\/\/test.dagic.es\/fr\/producto\/arbol-de-carton\/\" \/>\n<meta property=\"og:locale\" content=\"fr_FR\" \/>\n<meta property=\"og:type\" content=\"article\" \/>\n<meta property=\"og:title\" content=\"\u00c1rbol de cart\u00f3n para eventos y decoraci\u00f3n | Cartonlab.com | Compra Online\" \/>\n<meta property=\"og:description\" content=\"\u00c1rbol de cart\u00f3n. Original dise\u00f1o para eventos y decoraci\u00f3n. F\u00e1cil montaje y transporte. 100% Reciclable y reutilizable | Env\u00edos a todo el mundo\" \/>\n<meta property=\"og:url\" content=\"https:\/\/test.dagic.es\/fr\/producto\/arbol-de-carton\/\" \/>\n<meta property=\"og:site_name\" content=\"Cartonlab FR\" \/>\n<meta property=\"article:modified_time\" content=\"2020-11-17T00:58:36+00:00\" \/>\n<meta property=\"og:image\" content=\"https:\/\/test.dagic.es\/fr\/wp-content\/uploads\/sites\/5\/2014\/07\/arbolbaobab2.jpg\" \/>\n\t<meta property=\"og:image:width\" content=\"800\" \/>\n\t<meta property=\"og:image:height\" content=\"800\" \/>\n\t<meta property=\"og:image:type\" content=\"image\/jpeg\" \/>\n<meta name=\"twitter:card\" content=\"summary_large_image\" \/>\n<script type=\"application\/ld+json\" class=\"yoast-schema-graph\">{\"@context\":\"https:\/\/schema.org\",\"@graph\":[{\"@type\":\"WebPage\",\"@id\":\"https:\/\/test.dagic.es\/fr\/producto\/arbol-de-carton\/\",\"url\":\"https:\/\/test.dagic.es\/fr\/producto\/arbol-de-carton\/\",\"name\":\"\u00c1rbol de cart\u00f3n para eventos y decoraci\u00f3n | Cartonlab.com | Compra Online\",\"isPartOf\":{\"@id\":\"https:\/\/test.dagic.es\/fr\/#website\"},\"primaryImageOfPage\":{\"@id\":\"https:\/\/test.dagic.es\/fr\/producto\/arbol-de-carton\/#primaryimage\"},\"image\":{\"@id\":\"https:\/\/test.dagic.es\/fr\/producto\/arbol-de-carton\/#primaryimage\"},\"thumbnailUrl\":\"https:\/\/test.dagic.es\/fr\/wp-content\/uploads\/sites\/5\/2014\/07\/arbolbaobab2.jpg\",\"datePublished\":\"2014-07-04T11:59:10+00:00\",\"dateModified\":\"2020-11-17T00:58:36+00:00\",\"description\":\"\u00c1rbol de cart\u00f3n. Original dise\u00f1o para eventos y decoraci\u00f3n. F\u00e1cil montaje y transporte. 100% Reciclable y reutilizable | Env\u00edos a todo el mundo\",\"breadcrumb\":{\"@id\":\"https:\/\/test.dagic.es\/fr\/producto\/arbol-de-carton\/#breadcrumb\"},\"inLanguage\":\"fr-FR\",\"potentialAction\":[{\"@type\":\"ReadAction\",\"target\":[\"https:\/\/test.dagic.es\/fr\/producto\/arbol-de-carton\/\"]}]},{\"@type\":\"ImageObject\",\"inLanguage\":\"fr-FR\",\"@id\":\"https:\/\/test.dagic.es\/fr\/producto\/arbol-de-carton\/#primaryimage\",\"url\":\"https:\/\/test.dagic.es\/fr\/wp-content\/uploads\/sites\/5\/2014\/07\/arbolbaobab2.jpg\",\"contentUrl\":\"https:\/\/test.dagic.es\/fr\/wp-content\/uploads\/sites\/5\/2014\/07\/arbolbaobab2.jpg\",\"width\":800,\"height\":800},{\"@type\":\"BreadcrumbList\",\"@id\":\"https:\/\/test.dagic.es\/fr\/producto\/arbol-de-carton\/#breadcrumb\",\"itemListElement\":[{\"@type\":\"ListItem\",\"position\":1,\"name\":\"Accueil\",\"item\":\"https:\/\/test.dagic.es\/fr\/\"},{\"@type\":\"ListItem\",\"position\":2,\"name\":\"Produits\",\"item\":\"https:\/\/test.dagic.es\/fr\/shop\/\"},{\"@type\":\"ListItem\",\"position\":3,\"name\":\"\u00c1rbol de cart\u00f3n para eventos y decoraci\u00f3n | Varios tama\u00f1os para diversas necesidades\"}]},{\"@type\":\"WebSite\",\"@id\":\"https:\/\/test.dagic.es\/fr\/#website\",\"url\":\"https:\/\/test.dagic.es\/fr\/\",\"name\":\"Cartonlab FR\",\"description\":\"Cartonlab | Projets internationaux pour \u00e9v\u00e9nements et stands\",\"publisher\":{\"@id\":\"https:\/\/test.dagic.es\/fr\/#organization\"},\"potentialAction\":[{\"@type\":\"SearchAction\",\"target\":{\"@type\":\"EntryPoint\",\"urlTemplate\":\"https:\/\/test.dagic.es\/fr\/?s={search_term_string}\"},\"query-input\":{\"@type\":\"PropertyValueSpecification\",\"valueRequired\":true,\"valueName\":\"search_term_string\"}}],\"inLanguage\":\"fr-FR\"},{\"@type\":\"Organization\",\"@id\":\"https:\/\/test.dagic.es\/fr\/#organization\",\"name\":\"Cartonlab FR\",\"url\":\"https:\/\/test.dagic.es\/fr\/\",\"logo\":{\"@type\":\"ImageObject\",\"inLanguage\":\"fr-FR\",\"@id\":\"https:\/\/test.dagic.es\/fr\/#\/schema\/logo\/image\/\",\"url\":\"https:\/\/test.dagic.es\/fr\/wp-content\/uploads\/sites\/5\/2023\/07\/logo.svg\",\"contentUrl\":\"https:\/\/test.dagic.es\/fr\/wp-content\/uploads\/sites\/5\/2023\/07\/logo.svg\",\"width\":163,\"height\":44,\"caption\":\"Cartonlab FR\"},\"image\":{\"@id\":\"https:\/\/test.dagic.es\/fr\/#\/schema\/logo\/image\/\"}}]}<\/script>\n<!-- \/ Yoast SEO plugin. -->","yoast_head_json":{"title":"\u00c1rbol de cart\u00f3n para eventos y decoraci\u00f3n | Cartonlab.com | Compra Online","description":"\u00c1rbol de cart\u00f3n. Original dise\u00f1o para eventos y decoraci\u00f3n. F\u00e1cil montaje y transporte. 100% Reciclable y reutilizable | Env\u00edos a todo el mundo","robots":{"index":"index","follow":"follow","max-snippet":"max-snippet:-1","max-image-preview":"max-image-preview:large","max-video-preview":"max-video-preview:-1"},"canonical":"https:\/\/test.dagic.es\/fr\/producto\/arbol-de-carton\/","og_locale":"fr_FR","og_type":"article","og_title":"\u00c1rbol de cart\u00f3n para eventos y decoraci\u00f3n | Cartonlab.com | Compra Online","og_description":"\u00c1rbol de cart\u00f3n. Original dise\u00f1o para eventos y decoraci\u00f3n. F\u00e1cil montaje y transporte. 100% Reciclable y reutilizable | Env\u00edos a todo el mundo","og_url":"https:\/\/test.dagic.es\/fr\/producto\/arbol-de-carton\/","og_site_name":"Cartonlab FR","article_modified_time":"2020-11-17T00:58:36+00:00","og_image":[{"width":800,"height":800,"url":"https:\/\/test.dagic.es\/fr\/wp-content\/uploads\/sites\/5\/2014\/07\/arbolbaobab2.jpg","type":"image\/jpeg"}],"twitter_card":"summary_large_image","schema":{"@context":"https:\/\/schema.org","@graph":[{"@type":"WebPage","@id":"https:\/\/test.dagic.es\/fr\/producto\/arbol-de-carton\/","url":"https:\/\/test.dagic.es\/fr\/producto\/arbol-de-carton\/","name":"\u00c1rbol de cart\u00f3n para eventos y decoraci\u00f3n | Cartonlab.com | Compra Online","isPartOf":{"@id":"https:\/\/test.dagic.es\/fr\/#website"},"primaryImageOfPage":{"@id":"https:\/\/test.dagic.es\/fr\/producto\/arbol-de-carton\/#primaryimage"},"image":{"@id":"https:\/\/test.dagic.es\/fr\/producto\/arbol-de-carton\/#primaryimage"},"thumbnailUrl":"https:\/\/test.dagic.es\/fr\/wp-content\/uploads\/sites\/5\/2014\/07\/arbolbaobab2.jpg","datePublished":"2014-07-04T11:59:10+00:00","dateModified":"2020-11-17T00:58:36+00:00","description":"\u00c1rbol de cart\u00f3n. Original dise\u00f1o para eventos y decoraci\u00f3n. F\u00e1cil montaje y transporte. 100% Reciclable y reutilizable | Env\u00edos a todo el mundo","breadcrumb":{"@id":"https:\/\/test.dagic.es\/fr\/producto\/arbol-de-carton\/#breadcrumb"},"inLanguage":"fr-FR","potentialAction":[{"@type":"ReadAction","target":["https:\/\/test.dagic.es\/fr\/producto\/arbol-de-carton\/"]}]},{"@type":"ImageObject","inLanguage":"fr-FR","@id":"https:\/\/test.dagic.es\/fr\/producto\/arbol-de-carton\/#primaryimage","url":"https:\/\/test.dagic.es\/fr\/wp-content\/uploads\/sites\/5\/2014\/07\/arbolbaobab2.jpg","contentUrl":"https:\/\/test.dagic.es\/fr\/wp-content\/uploads\/sites\/5\/2014\/07\/arbolbaobab2.jpg","width":800,"height":800},{"@type":"BreadcrumbList","@id":"https:\/\/test.dagic.es\/fr\/producto\/arbol-de-carton\/#breadcrumb","itemListElement":[{"@type":"ListItem","position":1,"name":"Accueil","item":"https:\/\/test.dagic.es\/fr\/"},{"@type":"ListItem","position":2,"name":"Produits","item":"https:\/\/test.dagic.es\/fr\/shop\/"},{"@type":"ListItem","position":3,"name":"\u00c1rbol de cart\u00f3n para eventos y decoraci\u00f3n | Varios tama\u00f1os para diversas necesidades"}]},{"@type":"WebSite","@id":"https:\/\/test.dagic.es\/fr\/#website","url":"https:\/\/test.dagic.es\/fr\/","name":"Cartonlab FR","description":"Cartonlab | Projets internationaux pour \u00e9v\u00e9nements et stands","publisher":{"@id":"https:\/\/test.dagic.es\/fr\/#organization"},"potentialAction":[{"@type":"SearchAction","target":{"@type":"EntryPoint","urlTemplate":"https:\/\/test.dagic.es\/fr\/?s={search_term_string}"},"query-input":{"@type":"PropertyValueSpecification","valueRequired":true,"valueName":"search_term_string"}}],"inLanguage":"fr-FR"},{"@type":"Organization","@id":"https:\/\/test.dagic.es\/fr\/#organization","name":"Cartonlab FR","url":"https:\/\/test.dagic.es\/fr\/","logo":{"@type":"ImageObject","inLanguage":"fr-FR","@id":"https:\/\/test.dagic.es\/fr\/#\/schema\/logo\/image\/","url":"https:\/\/test.dagic.es\/fr\/wp-content\/uploads\/sites\/5\/2023\/07\/logo.svg","contentUrl":"https:\/\/test.dagic.es\/fr\/wp-content\/uploads\/sites\/5\/2023\/07\/logo.svg","width":163,"height":44,"caption":"Cartonlab FR"},"image":{"@id":"https:\/\/test.dagic.es\/fr\/#\/schema\/logo\/image\/"}}]}},"_links":{"self":[{"href":"https:\/\/test.dagic.es\/fr\/wp-json\/wp\/v2\/product\/216","targetHints":{"allow":["GET"]}}],"collection":[{"href":"https:\/\/test.dagic.es\/fr\/wp-json\/wp\/v2\/product"}],"about":[{"href":"https:\/\/test.dagic.es\/fr\/wp-json\/wp\/v2\/types\/product"}],"replies":[{"embeddable":true,"href":"https:\/\/test.dagic.es\/fr\/wp-json\/wp\/v2\/comments?post=216"}],"wp:featuredmedia":[{"embeddable":true,"href":"https:\/\/test.dagic.es\/fr\/wp-json\/wp\/v2\/media\/15812"}],"wp:attachment":[{"href":"https:\/\/test.dagic.es\/fr\/wp-json\/wp\/v2\/media?parent=216"}],"wp:term":[{"taxonomy":"product_brand","embeddable":true,"href":"https:\/\/test.dagic.es\/fr\/wp-json\/wp\/v2\/product_brand?post=216"},{"taxonomy":"product_cat","embeddable":true,"href":"https:\/\/test.dagic.es\/fr\/wp-json\/wp\/v2\/product_cat?post=216"},{"taxonomy":"product_tag","embeddable":true,"href":"https:\/\/test.dagic.es\/fr\/wp-json\/wp\/v2\/product_tag?post=216"}],"curies":[{"name":"wp","href":"https:\/\/api.w.org\/{rel}","templated":true}]}}