{"id":205,"date":"2014-07-04T10:54:11","date_gmt":"2014-07-04T09:54:11","guid":{"rendered":"http:\/\/cartonlab.holamundo.me\/?post_type=product&#038;p=205"},"modified":"2019-09-13T12:22:45","modified_gmt":"2019-09-13T11:22:45","slug":"photocall-polaroid","status":"publish","type":"product","link":"https:\/\/test.dagic.es\/fr\/producto\/photocall-polaroid\/","title":{"rendered":"Photocall Polaroid para Bodas. Personalizado con tu nombre."},"excerpt":{"rendered":"<p>Original y divertido <strong>photocall polaroid<\/strong> personalizado para bodas y eventos. Haz tu d\u00eda especial todav\u00eda m\u00e1s inolvidable con este dise\u00f1o exclusivo. Incluye tu nombre, fecha o iniciales. Dise\u00f1ado y fabricado por Cartonlab en Espa\u00f1a.\u00a0\u00a0<em>Una vez recibamos el pedido le enviaremos el dise\u00f1o previo del photocall para que nos confirme si est\u00e1 todo bien antes de pasarlo a producci\u00f3n.<\/em><\/p>\n<p>&nbsp;<\/p>\n","protected":false},"featured_media":11351,"comment_status":"open","ping_status":"closed","template":"","meta":{"_acf_changed":false,"inline_featured_image":false},"product_brand":[],"product_cat":[3040,3035],"product_tag":[],"class_list":{"0":"post-205","1":"product","2":"type-product","3":"status-publish","4":"has-post-thumbnail","6":"product_cat-photocall-en-carton","7":"product_cat-produits-pour-evenements-durables","8":"product_shipping_class-producto-mediano","10":"first","11":"instock","12":"taxable","13":"shipping-taxable","14":"product-type-variable"},"acf":[],"yoast_head":"<!-- This site is optimized with the Yoast SEO plugin v27.2 - https:\/\/yoast.com\/product\/yoast-seo-wordpress\/ -->\n<title>Photocall Polaroid para bodas. Personalizado con tu nombre. Compra Online<\/title>\n<meta name=\"description\" content=\"Photocall Polaroid para Boda. Econ\u00f3mico y personalizado con tu nombre. Entrega en 10 d\u00edas. S\u00f3lo disponible en nuestra web test.dagic.es\" \/>\n<meta name=\"robots\" content=\"index, follow, max-snippet:-1, max-image-preview:large, max-video-preview:-1\" \/>\n<link rel=\"canonical\" href=\"https:\/\/test.dagic.es\/fr\/producto\/photocall-polaroid\/\" \/>\n<meta property=\"og:locale\" content=\"fr_FR\" \/>\n<meta property=\"og:type\" content=\"article\" \/>\n<meta property=\"og:title\" content=\"Photocall Polaroid para bodas. Personalizado con tu nombre. Compra Online\" \/>\n<meta property=\"og:description\" content=\"Photocall Polaroid para Boda. Econ\u00f3mico y personalizado con tu nombre. Entrega en 10 d\u00edas. S\u00f3lo disponible en nuestra web test.dagic.es\" \/>\n<meta property=\"og:url\" content=\"https:\/\/test.dagic.es\/fr\/producto\/photocall-polaroid\/\" \/>\n<meta property=\"og:site_name\" content=\"Cartonlab FR\" \/>\n<meta property=\"article:modified_time\" content=\"2019-09-13T11:22:45+00:00\" \/>\n<meta property=\"og:image\" content=\"https:\/\/test.dagic.es\/fr\/wp-content\/uploads\/sites\/5\/2014\/07\/photocall-boda-polaroid-cartonlab-carton-6.jpg\" \/>\n\t<meta property=\"og:image:width\" content=\"800\" \/>\n\t<meta property=\"og:image:height\" content=\"800\" \/>\n\t<meta property=\"og:image:type\" content=\"image\/jpeg\" \/>\n<meta name=\"twitter:card\" content=\"summary_large_image\" \/>\n<script type=\"application\/ld+json\" class=\"yoast-schema-graph\">{\"@context\":\"https:\/\/schema.org\",\"@graph\":[{\"@type\":\"WebPage\",\"@id\":\"https:\/\/test.dagic.es\/fr\/producto\/photocall-polaroid\/\",\"url\":\"https:\/\/test.dagic.es\/fr\/producto\/photocall-polaroid\/\",\"name\":\"Photocall Polaroid para bodas. Personalizado con tu nombre. Compra Online\",\"isPartOf\":{\"@id\":\"https:\/\/test.dagic.es\/fr\/#website\"},\"primaryImageOfPage\":{\"@id\":\"https:\/\/test.dagic.es\/fr\/producto\/photocall-polaroid\/#primaryimage\"},\"image\":{\"@id\":\"https:\/\/test.dagic.es\/fr\/producto\/photocall-polaroid\/#primaryimage\"},\"thumbnailUrl\":\"https:\/\/test.dagic.es\/fr\/wp-content\/uploads\/sites\/5\/2014\/07\/photocall-polaroid-marco-boda-carton-3.jpg\",\"datePublished\":\"2014-07-04T09:54:11+00:00\",\"dateModified\":\"2019-09-13T11:22:45+00:00\",\"description\":\"Photocall Polaroid para Boda. Econ\u00f3mico y personalizado con tu nombre. Entrega en 10 d\u00edas. S\u00f3lo disponible en nuestra web test.dagic.es\",\"breadcrumb\":{\"@id\":\"https:\/\/test.dagic.es\/fr\/producto\/photocall-polaroid\/#breadcrumb\"},\"inLanguage\":\"fr-FR\",\"potentialAction\":[{\"@type\":\"ReadAction\",\"target\":[\"https:\/\/test.dagic.es\/fr\/producto\/photocall-polaroid\/\"]}]},{\"@type\":\"ImageObject\",\"inLanguage\":\"fr-FR\",\"@id\":\"https:\/\/test.dagic.es\/fr\/producto\/photocall-polaroid\/#primaryimage\",\"url\":\"https:\/\/test.dagic.es\/fr\/wp-content\/uploads\/sites\/5\/2014\/07\/photocall-polaroid-marco-boda-carton-3.jpg\",\"contentUrl\":\"https:\/\/test.dagic.es\/fr\/wp-content\/uploads\/sites\/5\/2014\/07\/photocall-polaroid-marco-boda-carton-3.jpg\",\"width\":800,\"height\":800,\"caption\":\"photocall polaroid marco boda personalizado\"},{\"@type\":\"BreadcrumbList\",\"@id\":\"https:\/\/test.dagic.es\/fr\/producto\/photocall-polaroid\/#breadcrumb\",\"itemListElement\":[{\"@type\":\"ListItem\",\"position\":1,\"name\":\"Accueil\",\"item\":\"https:\/\/test.dagic.es\/fr\/\"},{\"@type\":\"ListItem\",\"position\":2,\"name\":\"Produits\",\"item\":\"https:\/\/test.dagic.es\/fr\/shop\/\"},{\"@type\":\"ListItem\",\"position\":3,\"name\":\"Photocall Polaroid para Bodas. Personalizado con tu nombre.\"}]},{\"@type\":\"WebSite\",\"@id\":\"https:\/\/test.dagic.es\/fr\/#website\",\"url\":\"https:\/\/test.dagic.es\/fr\/\",\"name\":\"Cartonlab FR\",\"description\":\"Cartonlab | Projets internationaux pour \u00e9v\u00e9nements et stands\",\"publisher\":{\"@id\":\"https:\/\/test.dagic.es\/fr\/#organization\"},\"potentialAction\":[{\"@type\":\"SearchAction\",\"target\":{\"@type\":\"EntryPoint\",\"urlTemplate\":\"https:\/\/test.dagic.es\/fr\/?s={search_term_string}\"},\"query-input\":{\"@type\":\"PropertyValueSpecification\",\"valueRequired\":true,\"valueName\":\"search_term_string\"}}],\"inLanguage\":\"fr-FR\"},{\"@type\":\"Organization\",\"@id\":\"https:\/\/test.dagic.es\/fr\/#organization\",\"name\":\"Cartonlab FR\",\"url\":\"https:\/\/test.dagic.es\/fr\/\",\"logo\":{\"@type\":\"ImageObject\",\"inLanguage\":\"fr-FR\",\"@id\":\"https:\/\/test.dagic.es\/fr\/#\/schema\/logo\/image\/\",\"url\":\"https:\/\/test.dagic.es\/fr\/wp-content\/uploads\/sites\/5\/2023\/07\/logo.svg\",\"contentUrl\":\"https:\/\/test.dagic.es\/fr\/wp-content\/uploads\/sites\/5\/2023\/07\/logo.svg\",\"width\":163,\"height\":44,\"caption\":\"Cartonlab FR\"},\"image\":{\"@id\":\"https:\/\/test.dagic.es\/fr\/#\/schema\/logo\/image\/\"}}]}<\/script>\n<!-- \/ Yoast SEO plugin. -->","yoast_head_json":{"title":"Photocall Polaroid para bodas. Personalizado con tu nombre. Compra Online","description":"Photocall Polaroid para Boda. Econ\u00f3mico y personalizado con tu nombre. Entrega en 10 d\u00edas. S\u00f3lo disponible en nuestra web test.dagic.es","robots":{"index":"index","follow":"follow","max-snippet":"max-snippet:-1","max-image-preview":"max-image-preview:large","max-video-preview":"max-video-preview:-1"},"canonical":"https:\/\/test.dagic.es\/fr\/producto\/photocall-polaroid\/","og_locale":"fr_FR","og_type":"article","og_title":"Photocall Polaroid para bodas. Personalizado con tu nombre. Compra Online","og_description":"Photocall Polaroid para Boda. Econ\u00f3mico y personalizado con tu nombre. Entrega en 10 d\u00edas. S\u00f3lo disponible en nuestra web test.dagic.es","og_url":"https:\/\/test.dagic.es\/fr\/producto\/photocall-polaroid\/","og_site_name":"Cartonlab FR","article_modified_time":"2019-09-13T11:22:45+00:00","og_image":[{"width":800,"height":800,"url":"https:\/\/test.dagic.es\/fr\/wp-content\/uploads\/sites\/5\/2014\/07\/photocall-boda-polaroid-cartonlab-carton-6.jpg","type":"image\/jpeg"}],"twitter_card":"summary_large_image","schema":{"@context":"https:\/\/schema.org","@graph":[{"@type":"WebPage","@id":"https:\/\/test.dagic.es\/fr\/producto\/photocall-polaroid\/","url":"https:\/\/test.dagic.es\/fr\/producto\/photocall-polaroid\/","name":"Photocall Polaroid para bodas. Personalizado con tu nombre. Compra Online","isPartOf":{"@id":"https:\/\/test.dagic.es\/fr\/#website"},"primaryImageOfPage":{"@id":"https:\/\/test.dagic.es\/fr\/producto\/photocall-polaroid\/#primaryimage"},"image":{"@id":"https:\/\/test.dagic.es\/fr\/producto\/photocall-polaroid\/#primaryimage"},"thumbnailUrl":"https:\/\/test.dagic.es\/fr\/wp-content\/uploads\/sites\/5\/2014\/07\/photocall-polaroid-marco-boda-carton-3.jpg","datePublished":"2014-07-04T09:54:11+00:00","dateModified":"2019-09-13T11:22:45+00:00","description":"Photocall Polaroid para Boda. Econ\u00f3mico y personalizado con tu nombre. Entrega en 10 d\u00edas. S\u00f3lo disponible en nuestra web test.dagic.es","breadcrumb":{"@id":"https:\/\/test.dagic.es\/fr\/producto\/photocall-polaroid\/#breadcrumb"},"inLanguage":"fr-FR","potentialAction":[{"@type":"ReadAction","target":["https:\/\/test.dagic.es\/fr\/producto\/photocall-polaroid\/"]}]},{"@type":"ImageObject","inLanguage":"fr-FR","@id":"https:\/\/test.dagic.es\/fr\/producto\/photocall-polaroid\/#primaryimage","url":"https:\/\/test.dagic.es\/fr\/wp-content\/uploads\/sites\/5\/2014\/07\/photocall-polaroid-marco-boda-carton-3.jpg","contentUrl":"https:\/\/test.dagic.es\/fr\/wp-content\/uploads\/sites\/5\/2014\/07\/photocall-polaroid-marco-boda-carton-3.jpg","width":800,"height":800,"caption":"photocall polaroid marco boda personalizado"},{"@type":"BreadcrumbList","@id":"https:\/\/test.dagic.es\/fr\/producto\/photocall-polaroid\/#breadcrumb","itemListElement":[{"@type":"ListItem","position":1,"name":"Accueil","item":"https:\/\/test.dagic.es\/fr\/"},{"@type":"ListItem","position":2,"name":"Produits","item":"https:\/\/test.dagic.es\/fr\/shop\/"},{"@type":"ListItem","position":3,"name":"Photocall Polaroid para Bodas. Personalizado con tu nombre."}]},{"@type":"WebSite","@id":"https:\/\/test.dagic.es\/fr\/#website","url":"https:\/\/test.dagic.es\/fr\/","name":"Cartonlab FR","description":"Cartonlab | Projets internationaux pour \u00e9v\u00e9nements et stands","publisher":{"@id":"https:\/\/test.dagic.es\/fr\/#organization"},"potentialAction":[{"@type":"SearchAction","target":{"@type":"EntryPoint","urlTemplate":"https:\/\/test.dagic.es\/fr\/?s={search_term_string}"},"query-input":{"@type":"PropertyValueSpecification","valueRequired":true,"valueName":"search_term_string"}}],"inLanguage":"fr-FR"},{"@type":"Organization","@id":"https:\/\/test.dagic.es\/fr\/#organization","name":"Cartonlab FR","url":"https:\/\/test.dagic.es\/fr\/","logo":{"@type":"ImageObject","inLanguage":"fr-FR","@id":"https:\/\/test.dagic.es\/fr\/#\/schema\/logo\/image\/","url":"https:\/\/test.dagic.es\/fr\/wp-content\/uploads\/sites\/5\/2023\/07\/logo.svg","contentUrl":"https:\/\/test.dagic.es\/fr\/wp-content\/uploads\/sites\/5\/2023\/07\/logo.svg","width":163,"height":44,"caption":"Cartonlab FR"},"image":{"@id":"https:\/\/test.dagic.es\/fr\/#\/schema\/logo\/image\/"}}]}},"_links":{"self":[{"href":"https:\/\/test.dagic.es\/fr\/wp-json\/wp\/v2\/product\/205","targetHints":{"allow":["GET"]}}],"collection":[{"href":"https:\/\/test.dagic.es\/fr\/wp-json\/wp\/v2\/product"}],"about":[{"href":"https:\/\/test.dagic.es\/fr\/wp-json\/wp\/v2\/types\/product"}],"replies":[{"embeddable":true,"href":"https:\/\/test.dagic.es\/fr\/wp-json\/wp\/v2\/comments?post=205"}],"wp:featuredmedia":[{"embeddable":true,"href":"https:\/\/test.dagic.es\/fr\/wp-json\/wp\/v2\/media\/11351"}],"wp:attachment":[{"href":"https:\/\/test.dagic.es\/fr\/wp-json\/wp\/v2\/media?parent=205"}],"wp:term":[{"taxonomy":"product_brand","embeddable":true,"href":"https:\/\/test.dagic.es\/fr\/wp-json\/wp\/v2\/product_brand?post=205"},{"taxonomy":"product_cat","embeddable":true,"href":"https:\/\/test.dagic.es\/fr\/wp-json\/wp\/v2\/product_cat?post=205"},{"taxonomy":"product_tag","embeddable":true,"href":"https:\/\/test.dagic.es\/fr\/wp-json\/wp\/v2\/product_tag?post=205"}],"curies":[{"name":"wp","href":"https:\/\/api.w.org\/{rel}","templated":true}]}}