{"id":18553,"date":"2021-01-18T11:07:56","date_gmt":"2021-01-18T10:07:56","guid":{"rendered":"https:\/\/test.dagic.es\/?post_type=product&#038;p=18553"},"modified":"2021-01-18T11:08:18","modified_gmt":"2021-01-18T10:08:18","slug":"expositor-totem-alakran","status":"publish","type":"product","link":"https:\/\/test.dagic.es\/fr\/producto\/expositor-totem-alakran\/","title":{"rendered":"Expositor t\u00f3tem Alakr\u00e1n"},"excerpt":{"rendered":"<p><b>Expositor t\u00f3tem Alakran<\/b>.\u00a0 Ligero, pr\u00e1ctico y de <strong>f\u00e1cil montaje. <\/strong>Incluye <strong>tres baldas muy resistentes<\/strong> para exponer<b>. <\/b>Dise\u00f1o sencillo y discreto, ideal para resaltar el producto. Se entrega desmontado en un paquete plano.<\/p>\n<p>&nbsp;<\/p>\n","protected":false},"featured_media":18554,"comment_status":"open","ping_status":"closed","template":"","meta":{"_acf_changed":false,"inline_featured_image":false},"product_brand":[],"product_cat":[3023,3025],"product_tag":[],"class_list":{"0":"post-18553","1":"product","2":"type-product","3":"status-publish","4":"has-post-thumbnail","6":"product_cat-presentoirs-pour-produits","7":"product_cat-plv-totem","9":"first","10":"instock","11":"taxable","12":"shipping-taxable","13":"product-type-simple"},"acf":[],"yoast_head":"<!-- This site is optimized with the Yoast SEO plugin v27.2 - https:\/\/yoast.com\/product\/yoast-seo-wordpress\/ -->\n<title>Expositor tipo t\u00f3tem modelo Alakran | Dise\u00f1o exclusivo Cartonlab<\/title>\n<meta name=\"description\" content=\"Incluye tres baldas muy resistentes para exponer. Dise\u00f1o sencillo y funcional, ideal para resaltar el producto. Personalizable. Compra online.\" \/>\n<meta name=\"robots\" content=\"index, follow, max-snippet:-1, max-image-preview:large, max-video-preview:-1\" \/>\n<link rel=\"canonical\" href=\"https:\/\/test.dagic.es\/fr\/producto\/expositor-totem-alakran\/\" \/>\n<meta property=\"og:locale\" content=\"fr_FR\" \/>\n<meta property=\"og:type\" content=\"article\" \/>\n<meta property=\"og:title\" content=\"Expositor tipo t\u00f3tem modelo Alakran | Dise\u00f1o exclusivo Cartonlab\" \/>\n<meta property=\"og:description\" content=\"Incluye tres baldas muy resistentes para exponer. Dise\u00f1o sencillo y funcional, ideal para resaltar el producto. Personalizable. Compra online.\" \/>\n<meta property=\"og:url\" content=\"https:\/\/test.dagic.es\/fr\/producto\/expositor-totem-alakran\/\" \/>\n<meta property=\"og:site_name\" content=\"Cartonlab FR\" \/>\n<meta property=\"article:modified_time\" content=\"2021-01-18T10:08:18+00:00\" \/>\n<meta property=\"og:image\" content=\"https:\/\/test.dagic.es\/fr\/wp-content\/uploads\/sites\/5\/2021\/01\/Alakrana1.jpg\" \/>\n\t<meta property=\"og:image:width\" content=\"800\" \/>\n\t<meta property=\"og:image:height\" content=\"800\" \/>\n\t<meta property=\"og:image:type\" content=\"image\/jpeg\" \/>\n<meta name=\"twitter:card\" content=\"summary_large_image\" \/>\n<script type=\"application\/ld+json\" class=\"yoast-schema-graph\">{\"@context\":\"https:\/\/schema.org\",\"@graph\":[{\"@type\":\"WebPage\",\"@id\":\"https:\/\/test.dagic.es\/fr\/producto\/expositor-totem-alakran\/\",\"url\":\"https:\/\/test.dagic.es\/fr\/producto\/expositor-totem-alakran\/\",\"name\":\"Expositor tipo t\u00f3tem modelo Alakran | Dise\u00f1o exclusivo Cartonlab\",\"isPartOf\":{\"@id\":\"https:\/\/test.dagic.es\/fr\/#website\"},\"primaryImageOfPage\":{\"@id\":\"https:\/\/test.dagic.es\/fr\/producto\/expositor-totem-alakran\/#primaryimage\"},\"image\":{\"@id\":\"https:\/\/test.dagic.es\/fr\/producto\/expositor-totem-alakran\/#primaryimage\"},\"thumbnailUrl\":\"https:\/\/test.dagic.es\/fr\/wp-content\/uploads\/sites\/5\/2021\/01\/Alakrana1.jpg\",\"datePublished\":\"2021-01-18T10:07:56+00:00\",\"dateModified\":\"2021-01-18T10:08:18+00:00\",\"description\":\"Incluye tres baldas muy resistentes para exponer. Dise\u00f1o sencillo y funcional, ideal para resaltar el producto. Personalizable. Compra online.\",\"breadcrumb\":{\"@id\":\"https:\/\/test.dagic.es\/fr\/producto\/expositor-totem-alakran\/#breadcrumb\"},\"inLanguage\":\"fr-FR\",\"potentialAction\":[{\"@type\":\"ReadAction\",\"target\":[\"https:\/\/test.dagic.es\/fr\/producto\/expositor-totem-alakran\/\"]}]},{\"@type\":\"ImageObject\",\"inLanguage\":\"fr-FR\",\"@id\":\"https:\/\/test.dagic.es\/fr\/producto\/expositor-totem-alakran\/#primaryimage\",\"url\":\"https:\/\/test.dagic.es\/fr\/wp-content\/uploads\/sites\/5\/2021\/01\/Alakrana1.jpg\",\"contentUrl\":\"https:\/\/test.dagic.es\/fr\/wp-content\/uploads\/sites\/5\/2021\/01\/Alakrana1.jpg\",\"width\":800,\"height\":800,\"caption\":\"Expositor t\u00f3tem Alakran con productos\"},{\"@type\":\"BreadcrumbList\",\"@id\":\"https:\/\/test.dagic.es\/fr\/producto\/expositor-totem-alakran\/#breadcrumb\",\"itemListElement\":[{\"@type\":\"ListItem\",\"position\":1,\"name\":\"Accueil\",\"item\":\"https:\/\/test.dagic.es\/fr\/\"},{\"@type\":\"ListItem\",\"position\":2,\"name\":\"Produits\",\"item\":\"https:\/\/test.dagic.es\/fr\/shop\/\"},{\"@type\":\"ListItem\",\"position\":3,\"name\":\"Expositor t\u00f3tem Alakr\u00e1n\"}]},{\"@type\":\"WebSite\",\"@id\":\"https:\/\/test.dagic.es\/fr\/#website\",\"url\":\"https:\/\/test.dagic.es\/fr\/\",\"name\":\"Cartonlab FR\",\"description\":\"Cartonlab | Projets internationaux pour \u00e9v\u00e9nements et stands\",\"publisher\":{\"@id\":\"https:\/\/test.dagic.es\/fr\/#organization\"},\"potentialAction\":[{\"@type\":\"SearchAction\",\"target\":{\"@type\":\"EntryPoint\",\"urlTemplate\":\"https:\/\/test.dagic.es\/fr\/?s={search_term_string}\"},\"query-input\":{\"@type\":\"PropertyValueSpecification\",\"valueRequired\":true,\"valueName\":\"search_term_string\"}}],\"inLanguage\":\"fr-FR\"},{\"@type\":\"Organization\",\"@id\":\"https:\/\/test.dagic.es\/fr\/#organization\",\"name\":\"Cartonlab FR\",\"url\":\"https:\/\/test.dagic.es\/fr\/\",\"logo\":{\"@type\":\"ImageObject\",\"inLanguage\":\"fr-FR\",\"@id\":\"https:\/\/test.dagic.es\/fr\/#\/schema\/logo\/image\/\",\"url\":\"https:\/\/test.dagic.es\/fr\/wp-content\/uploads\/sites\/5\/2023\/07\/logo.svg\",\"contentUrl\":\"https:\/\/test.dagic.es\/fr\/wp-content\/uploads\/sites\/5\/2023\/07\/logo.svg\",\"width\":163,\"height\":44,\"caption\":\"Cartonlab FR\"},\"image\":{\"@id\":\"https:\/\/test.dagic.es\/fr\/#\/schema\/logo\/image\/\"}}]}<\/script>\n<!-- \/ Yoast SEO plugin. -->","yoast_head_json":{"title":"Expositor tipo t\u00f3tem modelo Alakran | Dise\u00f1o exclusivo Cartonlab","description":"Incluye tres baldas muy resistentes para exponer. Dise\u00f1o sencillo y funcional, ideal para resaltar el producto. Personalizable. Compra online.","robots":{"index":"index","follow":"follow","max-snippet":"max-snippet:-1","max-image-preview":"max-image-preview:large","max-video-preview":"max-video-preview:-1"},"canonical":"https:\/\/test.dagic.es\/fr\/producto\/expositor-totem-alakran\/","og_locale":"fr_FR","og_type":"article","og_title":"Expositor tipo t\u00f3tem modelo Alakran | Dise\u00f1o exclusivo Cartonlab","og_description":"Incluye tres baldas muy resistentes para exponer. Dise\u00f1o sencillo y funcional, ideal para resaltar el producto. Personalizable. Compra online.","og_url":"https:\/\/test.dagic.es\/fr\/producto\/expositor-totem-alakran\/","og_site_name":"Cartonlab FR","article_modified_time":"2021-01-18T10:08:18+00:00","og_image":[{"width":800,"height":800,"url":"https:\/\/test.dagic.es\/fr\/wp-content\/uploads\/sites\/5\/2021\/01\/Alakrana1.jpg","type":"image\/jpeg"}],"twitter_card":"summary_large_image","schema":{"@context":"https:\/\/schema.org","@graph":[{"@type":"WebPage","@id":"https:\/\/test.dagic.es\/fr\/producto\/expositor-totem-alakran\/","url":"https:\/\/test.dagic.es\/fr\/producto\/expositor-totem-alakran\/","name":"Expositor tipo t\u00f3tem modelo Alakran | Dise\u00f1o exclusivo Cartonlab","isPartOf":{"@id":"https:\/\/test.dagic.es\/fr\/#website"},"primaryImageOfPage":{"@id":"https:\/\/test.dagic.es\/fr\/producto\/expositor-totem-alakran\/#primaryimage"},"image":{"@id":"https:\/\/test.dagic.es\/fr\/producto\/expositor-totem-alakran\/#primaryimage"},"thumbnailUrl":"https:\/\/test.dagic.es\/fr\/wp-content\/uploads\/sites\/5\/2021\/01\/Alakrana1.jpg","datePublished":"2021-01-18T10:07:56+00:00","dateModified":"2021-01-18T10:08:18+00:00","description":"Incluye tres baldas muy resistentes para exponer. Dise\u00f1o sencillo y funcional, ideal para resaltar el producto. Personalizable. Compra online.","breadcrumb":{"@id":"https:\/\/test.dagic.es\/fr\/producto\/expositor-totem-alakran\/#breadcrumb"},"inLanguage":"fr-FR","potentialAction":[{"@type":"ReadAction","target":["https:\/\/test.dagic.es\/fr\/producto\/expositor-totem-alakran\/"]}]},{"@type":"ImageObject","inLanguage":"fr-FR","@id":"https:\/\/test.dagic.es\/fr\/producto\/expositor-totem-alakran\/#primaryimage","url":"https:\/\/test.dagic.es\/fr\/wp-content\/uploads\/sites\/5\/2021\/01\/Alakrana1.jpg","contentUrl":"https:\/\/test.dagic.es\/fr\/wp-content\/uploads\/sites\/5\/2021\/01\/Alakrana1.jpg","width":800,"height":800,"caption":"Expositor t\u00f3tem Alakran con productos"},{"@type":"BreadcrumbList","@id":"https:\/\/test.dagic.es\/fr\/producto\/expositor-totem-alakran\/#breadcrumb","itemListElement":[{"@type":"ListItem","position":1,"name":"Accueil","item":"https:\/\/test.dagic.es\/fr\/"},{"@type":"ListItem","position":2,"name":"Produits","item":"https:\/\/test.dagic.es\/fr\/shop\/"},{"@type":"ListItem","position":3,"name":"Expositor t\u00f3tem Alakr\u00e1n"}]},{"@type":"WebSite","@id":"https:\/\/test.dagic.es\/fr\/#website","url":"https:\/\/test.dagic.es\/fr\/","name":"Cartonlab FR","description":"Cartonlab | Projets internationaux pour \u00e9v\u00e9nements et stands","publisher":{"@id":"https:\/\/test.dagic.es\/fr\/#organization"},"potentialAction":[{"@type":"SearchAction","target":{"@type":"EntryPoint","urlTemplate":"https:\/\/test.dagic.es\/fr\/?s={search_term_string}"},"query-input":{"@type":"PropertyValueSpecification","valueRequired":true,"valueName":"search_term_string"}}],"inLanguage":"fr-FR"},{"@type":"Organization","@id":"https:\/\/test.dagic.es\/fr\/#organization","name":"Cartonlab FR","url":"https:\/\/test.dagic.es\/fr\/","logo":{"@type":"ImageObject","inLanguage":"fr-FR","@id":"https:\/\/test.dagic.es\/fr\/#\/schema\/logo\/image\/","url":"https:\/\/test.dagic.es\/fr\/wp-content\/uploads\/sites\/5\/2023\/07\/logo.svg","contentUrl":"https:\/\/test.dagic.es\/fr\/wp-content\/uploads\/sites\/5\/2023\/07\/logo.svg","width":163,"height":44,"caption":"Cartonlab FR"},"image":{"@id":"https:\/\/test.dagic.es\/fr\/#\/schema\/logo\/image\/"}}]}},"_links":{"self":[{"href":"https:\/\/test.dagic.es\/fr\/wp-json\/wp\/v2\/product\/18553","targetHints":{"allow":["GET"]}}],"collection":[{"href":"https:\/\/test.dagic.es\/fr\/wp-json\/wp\/v2\/product"}],"about":[{"href":"https:\/\/test.dagic.es\/fr\/wp-json\/wp\/v2\/types\/product"}],"replies":[{"embeddable":true,"href":"https:\/\/test.dagic.es\/fr\/wp-json\/wp\/v2\/comments?post=18553"}],"wp:featuredmedia":[{"embeddable":true,"href":"https:\/\/test.dagic.es\/fr\/wp-json\/wp\/v2\/media\/18554"}],"wp:attachment":[{"href":"https:\/\/test.dagic.es\/fr\/wp-json\/wp\/v2\/media?parent=18553"}],"wp:term":[{"taxonomy":"product_brand","embeddable":true,"href":"https:\/\/test.dagic.es\/fr\/wp-json\/wp\/v2\/product_brand?post=18553"},{"taxonomy":"product_cat","embeddable":true,"href":"https:\/\/test.dagic.es\/fr\/wp-json\/wp\/v2\/product_cat?post=18553"},{"taxonomy":"product_tag","embeddable":true,"href":"https:\/\/test.dagic.es\/fr\/wp-json\/wp\/v2\/product_tag?post=18553"}],"curies":[{"name":"wp","href":"https:\/\/api.w.org\/{rel}","templated":true}]}}