{"id":18546,"date":"2021-01-18T11:02:00","date_gmt":"2021-01-18T10:02:00","guid":{"rendered":"https:\/\/test.dagic.es\/?post_type=product&#038;p=18546"},"modified":"2021-01-18T11:02:00","modified_gmt":"2021-01-18T10:02:00","slug":"expositor-totem-cervino","status":"publish","type":"product","link":"https:\/\/test.dagic.es\/fr\/producto\/expositor-totem-cervino\/","title":{"rendered":"Expositor t\u00f3tem Cervino"},"excerpt":{"rendered":"<p><strong>Expositor t\u00f3tem Cervino<\/strong>. Inspirado en la forma del pico poligonal de la famosa monta\u00f1a alpina.\u00a0 Producido en cart\u00f3n blanco y marr\u00f3n kraft. Dos acabados combinados, sumados a sus originales formas,\u00a0 que le dan un aspecto muy atractivo. Ideal para exposici\u00f3n de producto de firmas de material deportivo de monta\u00f1a, alpinismo, ski, snowboard, etc.\u00a0 Incluye un juego de ganchos, un total de 6 fabricados en metal. Su dise\u00f1o facilita la colocaci\u00f3n y exposici\u00f3n del producto. Se entrega desmontado en un paquete plano, incluyendo las\u00a0 piezas que encajan entre s\u00ed.<\/p>\n<p>Para cualquier tipo de personalizaci\u00f3n (colores, formas y tama\u00f1os distintos, a partir de 10 unidades), cons\u00faltanos precios v\u00eda email.<\/p>\n","protected":false},"featured_media":18547,"comment_status":"open","ping_status":"closed","template":"","meta":{"_acf_changed":false,"inline_featured_image":false},"product_brand":[],"product_cat":[3023,3025],"product_tag":[],"class_list":{"0":"post-18546","1":"product","2":"type-product","3":"status-publish","4":"has-post-thumbnail","6":"product_cat-presentoirs-pour-produits","7":"product_cat-plv-totem","9":"first","10":"instock","11":"taxable","12":"shipping-taxable","13":"product-type-simple"},"acf":[],"yoast_head":"<!-- This site is optimized with the Yoast SEO plugin v27.2 - https:\/\/yoast.com\/product\/yoast-seo-wordpress\/ -->\n<title>Expositor t\u00f3tem Cervino. Ideal para art\u00edculos de monta\u00f1a, alpinismo y ski.<\/title>\n<meta name=\"description\" content=\"Dise\u00f1o Exclusivo de Cartontab. Personalizable, ligero y resistente. Incluye ganchos de colgado. S\u00f3lo disponible en nuestra web.\" \/>\n<meta name=\"robots\" content=\"index, follow, max-snippet:-1, max-image-preview:large, max-video-preview:-1\" \/>\n<link rel=\"canonical\" href=\"https:\/\/test.dagic.es\/fr\/producto\/expositor-totem-cervino\/\" \/>\n<meta property=\"og:locale\" content=\"fr_FR\" \/>\n<meta property=\"og:type\" content=\"article\" \/>\n<meta property=\"og:title\" content=\"Expositor t\u00f3tem Cervino. Ideal para art\u00edculos de monta\u00f1a, alpinismo y ski.\" \/>\n<meta property=\"og:description\" content=\"Dise\u00f1o Exclusivo de Cartontab. Personalizable, ligero y resistente. Incluye ganchos de colgado. S\u00f3lo disponible en nuestra web.\" \/>\n<meta property=\"og:url\" content=\"https:\/\/test.dagic.es\/fr\/producto\/expositor-totem-cervino\/\" \/>\n<meta property=\"og:site_name\" content=\"Cartonlab FR\" \/>\n<meta property=\"og:image\" content=\"https:\/\/test.dagic.es\/fr\/wp-content\/uploads\/sites\/5\/2021\/01\/expoligonal7am.jpg\" \/>\n\t<meta property=\"og:image:width\" content=\"800\" \/>\n\t<meta property=\"og:image:height\" content=\"800\" \/>\n\t<meta property=\"og:image:type\" content=\"image\/jpeg\" \/>\n<meta name=\"twitter:card\" content=\"summary_large_image\" \/>\n<script type=\"application\/ld+json\" class=\"yoast-schema-graph\">{\"@context\":\"https:\/\/schema.org\",\"@graph\":[{\"@type\":\"WebPage\",\"@id\":\"https:\/\/test.dagic.es\/fr\/producto\/expositor-totem-cervino\/\",\"url\":\"https:\/\/test.dagic.es\/fr\/producto\/expositor-totem-cervino\/\",\"name\":\"Expositor t\u00f3tem Cervino. Ideal para art\u00edculos de monta\u00f1a, alpinismo y ski.\",\"isPartOf\":{\"@id\":\"https:\/\/test.dagic.es\/fr\/#website\"},\"primaryImageOfPage\":{\"@id\":\"https:\/\/test.dagic.es\/fr\/producto\/expositor-totem-cervino\/#primaryimage\"},\"image\":{\"@id\":\"https:\/\/test.dagic.es\/fr\/producto\/expositor-totem-cervino\/#primaryimage\"},\"thumbnailUrl\":\"https:\/\/test.dagic.es\/fr\/wp-content\/uploads\/sites\/5\/2021\/01\/expoligonal7am.jpg\",\"datePublished\":\"2021-01-18T10:02:00+00:00\",\"description\":\"Dise\u00f1o Exclusivo de Cartontab. Personalizable, ligero y resistente. Incluye ganchos de colgado. S\u00f3lo disponible en nuestra web.\",\"breadcrumb\":{\"@id\":\"https:\/\/test.dagic.es\/fr\/producto\/expositor-totem-cervino\/#breadcrumb\"},\"inLanguage\":\"fr-FR\",\"potentialAction\":[{\"@type\":\"ReadAction\",\"target\":[\"https:\/\/test.dagic.es\/fr\/producto\/expositor-totem-cervino\/\"]}]},{\"@type\":\"ImageObject\",\"inLanguage\":\"fr-FR\",\"@id\":\"https:\/\/test.dagic.es\/fr\/producto\/expositor-totem-cervino\/#primaryimage\",\"url\":\"https:\/\/test.dagic.es\/fr\/wp-content\/uploads\/sites\/5\/2021\/01\/expoligonal7am.jpg\",\"contentUrl\":\"https:\/\/test.dagic.es\/fr\/wp-content\/uploads\/sites\/5\/2021\/01\/expoligonal7am.jpg\",\"width\":800,\"height\":800,\"caption\":\"Expositor t\u00f3tem cervino\"},{\"@type\":\"BreadcrumbList\",\"@id\":\"https:\/\/test.dagic.es\/fr\/producto\/expositor-totem-cervino\/#breadcrumb\",\"itemListElement\":[{\"@type\":\"ListItem\",\"position\":1,\"name\":\"Accueil\",\"item\":\"https:\/\/test.dagic.es\/fr\/\"},{\"@type\":\"ListItem\",\"position\":2,\"name\":\"Produits\",\"item\":\"https:\/\/test.dagic.es\/fr\/shop\/\"},{\"@type\":\"ListItem\",\"position\":3,\"name\":\"Expositor t\u00f3tem Cervino\"}]},{\"@type\":\"WebSite\",\"@id\":\"https:\/\/test.dagic.es\/fr\/#website\",\"url\":\"https:\/\/test.dagic.es\/fr\/\",\"name\":\"Cartonlab FR\",\"description\":\"Cartonlab | Projets internationaux pour \u00e9v\u00e9nements et stands\",\"publisher\":{\"@id\":\"https:\/\/test.dagic.es\/fr\/#organization\"},\"potentialAction\":[{\"@type\":\"SearchAction\",\"target\":{\"@type\":\"EntryPoint\",\"urlTemplate\":\"https:\/\/test.dagic.es\/fr\/?s={search_term_string}\"},\"query-input\":{\"@type\":\"PropertyValueSpecification\",\"valueRequired\":true,\"valueName\":\"search_term_string\"}}],\"inLanguage\":\"fr-FR\"},{\"@type\":\"Organization\",\"@id\":\"https:\/\/test.dagic.es\/fr\/#organization\",\"name\":\"Cartonlab FR\",\"url\":\"https:\/\/test.dagic.es\/fr\/\",\"logo\":{\"@type\":\"ImageObject\",\"inLanguage\":\"fr-FR\",\"@id\":\"https:\/\/test.dagic.es\/fr\/#\/schema\/logo\/image\/\",\"url\":\"https:\/\/test.dagic.es\/fr\/wp-content\/uploads\/sites\/5\/2023\/07\/logo.svg\",\"contentUrl\":\"https:\/\/test.dagic.es\/fr\/wp-content\/uploads\/sites\/5\/2023\/07\/logo.svg\",\"width\":163,\"height\":44,\"caption\":\"Cartonlab FR\"},\"image\":{\"@id\":\"https:\/\/test.dagic.es\/fr\/#\/schema\/logo\/image\/\"}}]}<\/script>\n<!-- \/ Yoast SEO plugin. -->","yoast_head_json":{"title":"Expositor t\u00f3tem Cervino. Ideal para art\u00edculos de monta\u00f1a, alpinismo y ski.","description":"Dise\u00f1o Exclusivo de Cartontab. Personalizable, ligero y resistente. Incluye ganchos de colgado. S\u00f3lo disponible en nuestra web.","robots":{"index":"index","follow":"follow","max-snippet":"max-snippet:-1","max-image-preview":"max-image-preview:large","max-video-preview":"max-video-preview:-1"},"canonical":"https:\/\/test.dagic.es\/fr\/producto\/expositor-totem-cervino\/","og_locale":"fr_FR","og_type":"article","og_title":"Expositor t\u00f3tem Cervino. Ideal para art\u00edculos de monta\u00f1a, alpinismo y ski.","og_description":"Dise\u00f1o Exclusivo de Cartontab. Personalizable, ligero y resistente. Incluye ganchos de colgado. S\u00f3lo disponible en nuestra web.","og_url":"https:\/\/test.dagic.es\/fr\/producto\/expositor-totem-cervino\/","og_site_name":"Cartonlab FR","og_image":[{"width":800,"height":800,"url":"https:\/\/test.dagic.es\/fr\/wp-content\/uploads\/sites\/5\/2021\/01\/expoligonal7am.jpg","type":"image\/jpeg"}],"twitter_card":"summary_large_image","schema":{"@context":"https:\/\/schema.org","@graph":[{"@type":"WebPage","@id":"https:\/\/test.dagic.es\/fr\/producto\/expositor-totem-cervino\/","url":"https:\/\/test.dagic.es\/fr\/producto\/expositor-totem-cervino\/","name":"Expositor t\u00f3tem Cervino. Ideal para art\u00edculos de monta\u00f1a, alpinismo y ski.","isPartOf":{"@id":"https:\/\/test.dagic.es\/fr\/#website"},"primaryImageOfPage":{"@id":"https:\/\/test.dagic.es\/fr\/producto\/expositor-totem-cervino\/#primaryimage"},"image":{"@id":"https:\/\/test.dagic.es\/fr\/producto\/expositor-totem-cervino\/#primaryimage"},"thumbnailUrl":"https:\/\/test.dagic.es\/fr\/wp-content\/uploads\/sites\/5\/2021\/01\/expoligonal7am.jpg","datePublished":"2021-01-18T10:02:00+00:00","description":"Dise\u00f1o Exclusivo de Cartontab. Personalizable, ligero y resistente. Incluye ganchos de colgado. S\u00f3lo disponible en nuestra web.","breadcrumb":{"@id":"https:\/\/test.dagic.es\/fr\/producto\/expositor-totem-cervino\/#breadcrumb"},"inLanguage":"fr-FR","potentialAction":[{"@type":"ReadAction","target":["https:\/\/test.dagic.es\/fr\/producto\/expositor-totem-cervino\/"]}]},{"@type":"ImageObject","inLanguage":"fr-FR","@id":"https:\/\/test.dagic.es\/fr\/producto\/expositor-totem-cervino\/#primaryimage","url":"https:\/\/test.dagic.es\/fr\/wp-content\/uploads\/sites\/5\/2021\/01\/expoligonal7am.jpg","contentUrl":"https:\/\/test.dagic.es\/fr\/wp-content\/uploads\/sites\/5\/2021\/01\/expoligonal7am.jpg","width":800,"height":800,"caption":"Expositor t\u00f3tem cervino"},{"@type":"BreadcrumbList","@id":"https:\/\/test.dagic.es\/fr\/producto\/expositor-totem-cervino\/#breadcrumb","itemListElement":[{"@type":"ListItem","position":1,"name":"Accueil","item":"https:\/\/test.dagic.es\/fr\/"},{"@type":"ListItem","position":2,"name":"Produits","item":"https:\/\/test.dagic.es\/fr\/shop\/"},{"@type":"ListItem","position":3,"name":"Expositor t\u00f3tem Cervino"}]},{"@type":"WebSite","@id":"https:\/\/test.dagic.es\/fr\/#website","url":"https:\/\/test.dagic.es\/fr\/","name":"Cartonlab FR","description":"Cartonlab | Projets internationaux pour \u00e9v\u00e9nements et stands","publisher":{"@id":"https:\/\/test.dagic.es\/fr\/#organization"},"potentialAction":[{"@type":"SearchAction","target":{"@type":"EntryPoint","urlTemplate":"https:\/\/test.dagic.es\/fr\/?s={search_term_string}"},"query-input":{"@type":"PropertyValueSpecification","valueRequired":true,"valueName":"search_term_string"}}],"inLanguage":"fr-FR"},{"@type":"Organization","@id":"https:\/\/test.dagic.es\/fr\/#organization","name":"Cartonlab FR","url":"https:\/\/test.dagic.es\/fr\/","logo":{"@type":"ImageObject","inLanguage":"fr-FR","@id":"https:\/\/test.dagic.es\/fr\/#\/schema\/logo\/image\/","url":"https:\/\/test.dagic.es\/fr\/wp-content\/uploads\/sites\/5\/2023\/07\/logo.svg","contentUrl":"https:\/\/test.dagic.es\/fr\/wp-content\/uploads\/sites\/5\/2023\/07\/logo.svg","width":163,"height":44,"caption":"Cartonlab FR"},"image":{"@id":"https:\/\/test.dagic.es\/fr\/#\/schema\/logo\/image\/"}}]}},"_links":{"self":[{"href":"https:\/\/test.dagic.es\/fr\/wp-json\/wp\/v2\/product\/18546","targetHints":{"allow":["GET"]}}],"collection":[{"href":"https:\/\/test.dagic.es\/fr\/wp-json\/wp\/v2\/product"}],"about":[{"href":"https:\/\/test.dagic.es\/fr\/wp-json\/wp\/v2\/types\/product"}],"replies":[{"embeddable":true,"href":"https:\/\/test.dagic.es\/fr\/wp-json\/wp\/v2\/comments?post=18546"}],"wp:featuredmedia":[{"embeddable":true,"href":"https:\/\/test.dagic.es\/fr\/wp-json\/wp\/v2\/media\/18547"}],"wp:attachment":[{"href":"https:\/\/test.dagic.es\/fr\/wp-json\/wp\/v2\/media?parent=18546"}],"wp:term":[{"taxonomy":"product_brand","embeddable":true,"href":"https:\/\/test.dagic.es\/fr\/wp-json\/wp\/v2\/product_brand?post=18546"},{"taxonomy":"product_cat","embeddable":true,"href":"https:\/\/test.dagic.es\/fr\/wp-json\/wp\/v2\/product_cat?post=18546"},{"taxonomy":"product_tag","embeddable":true,"href":"https:\/\/test.dagic.es\/fr\/wp-json\/wp\/v2\/product_tag?post=18546"}],"curies":[{"name":"wp","href":"https:\/\/api.w.org\/{rel}","templated":true}]}}