{"id":17799,"date":"2020-05-13T18:20:31","date_gmt":"2020-05-13T17:20:31","guid":{"rendered":"https:\/\/test.dagic.es\/?post_type=product&#038;p=17799"},"modified":"2020-05-15T16:09:27","modified_gmt":"2020-05-15T15:09:27","slug":"mampara-proteccion-personalizada","status":"publish","type":"product","link":"https:\/\/test.dagic.es\/fr\/producto\/mampara-proteccion-personalizada\/","title":{"rendered":"Mampara de protecci\u00f3n personalizada. (2 unidades)"},"excerpt":{"rendered":"<p><strong>Mampara protectora personalizada<\/strong> de sobremesa.\u00a0 Muy f\u00e1cil de instalar, ligera y resistente. Incluye adem\u00e1s un accesorio para montar un<strong> soporte para la pantalla<\/strong> del ordenador y perforaciones para pasar los cables de alimentaci\u00f3n.\u00a0 Se ofrece en 3 tipos de configuraci\u00f3n:<\/p>\n<ul>\n<li>Instalaci\u00f3n standard individual <strong>(tipo corner independiente) <\/strong>Compra directa online en esta web. Para pedidos personalizados (color, etc) o m\u00e1s de 10 unidades consultar via email.<\/li>\n<li>Instalaci\u00f3n <strong>agrupada<\/strong> para <strong>4 espacios de trabajo. <\/strong>(Gestionaremos tu pedido via email o formulario para fabricarlo con medidas personalizadas)<\/li>\n<li>Instalaci\u00f3n <strong>agrupada<\/strong> para <strong>6 espacios de trabajo. <\/strong>(Gestionaremos tu pedido via email o formulario para fabricarlo con medidas personalizadas)<\/li>\n<\/ul>\n<p><strong> Totalmente personalizables<\/strong> con colores, logotipos y gr\u00e1ficas. (Impresi\u00f3n digital de alta calidad). Ideal para oficinas, estudios creativos, empresas, centros de trabajo, coworking, etc.\u00a0 Tambi\u00e9n pueden personalizarse con formatos y siluetas especiales.\u00a0 Dise\u00f1ada y producida en exclusiva en Espa\u00f1a por nosotros. Se entrega en un paquete plano incluyendo instrucciones de montaje. Material 100% reciclable. Cart\u00f3n alveolar estructural nido de abeja acabado blanco o marr\u00f3n (Kraft).<\/p>\n","protected":false},"featured_media":17800,"comment_status":"open","ping_status":"closed","template":"","meta":{"_acf_changed":false,"inline_featured_image":false},"product_brand":[],"product_cat":[3018,3035,3039,3032],"product_tag":[],"class_list":{"0":"post-17799","1":"product","2":"type-product","3":"status-publish","4":"has-post-thumbnail","6":"product_cat-muebles-en-carton","7":"product_cat-produits-pour-evenements-durables","8":"product_cat-supports-et-totems","9":"product_cat-tables-et-comptoirs-daccueil","10":"product_shipping_class-productomediano","12":"first","13":"instock","14":"sale","15":"taxable","16":"shipping-taxable","17":"product-type-simple"},"acf":[],"yoast_head":"<!-- This site is optimized with the Yoast SEO plugin v27.2 - https:\/\/yoast.com\/product\/yoast-seo-wordpress\/ -->\n<title>Mampara de protecci\u00f3n personalizada de sobremesa para escritorio<\/title>\n<meta name=\"description\" content=\"Mampara de protecci\u00f3n personalizada modelo Colner. Dise\u00f1ada y producida por Cartonlab en Espa\u00f1a. Producci\u00f3n personalizada. Ideal para estudios creativos.\" \/>\n<meta name=\"robots\" content=\"index, follow, max-snippet:-1, max-image-preview:large, max-video-preview:-1\" \/>\n<link rel=\"canonical\" href=\"https:\/\/test.dagic.es\/fr\/producto\/mampara-proteccion-personalizada\/\" \/>\n<meta property=\"og:locale\" content=\"fr_FR\" \/>\n<meta property=\"og:type\" content=\"article\" \/>\n<meta property=\"og:title\" content=\"Mampara de protecci\u00f3n personalizada de sobremesa para escritorio\" \/>\n<meta property=\"og:description\" content=\"Mampara de protecci\u00f3n personalizada modelo Colner. Dise\u00f1ada y producida por Cartonlab en Espa\u00f1a. Producci\u00f3n personalizada. Ideal para estudios creativos.\" \/>\n<meta property=\"og:url\" content=\"https:\/\/test.dagic.es\/fr\/producto\/mampara-proteccion-personalizada\/\" \/>\n<meta property=\"og:site_name\" content=\"Cartonlab FR\" \/>\n<meta property=\"article:modified_time\" content=\"2020-05-15T15:09:27+00:00\" \/>\n<meta property=\"og:image\" content=\"https:\/\/test.dagic.es\/fr\/wp-content\/uploads\/sites\/5\/2020\/05\/mampara-proteccion-personalizada-Colner.jpg\" \/>\n\t<meta property=\"og:image:width\" content=\"1000\" \/>\n\t<meta property=\"og:image:height\" content=\"1000\" \/>\n\t<meta property=\"og:image:type\" content=\"image\/jpeg\" \/>\n<meta name=\"twitter:card\" content=\"summary_large_image\" \/>\n<script type=\"application\/ld+json\" class=\"yoast-schema-graph\">{\"@context\":\"https:\/\/schema.org\",\"@graph\":[{\"@type\":\"WebPage\",\"@id\":\"https:\/\/test.dagic.es\/fr\/producto\/mampara-proteccion-personalizada\/\",\"url\":\"https:\/\/test.dagic.es\/fr\/producto\/mampara-proteccion-personalizada\/\",\"name\":\"Mampara de protecci\u00f3n personalizada de sobremesa para escritorio\",\"isPartOf\":{\"@id\":\"https:\/\/test.dagic.es\/fr\/#website\"},\"primaryImageOfPage\":{\"@id\":\"https:\/\/test.dagic.es\/fr\/producto\/mampara-proteccion-personalizada\/#primaryimage\"},\"image\":{\"@id\":\"https:\/\/test.dagic.es\/fr\/producto\/mampara-proteccion-personalizada\/#primaryimage\"},\"thumbnailUrl\":\"https:\/\/test.dagic.es\/fr\/wp-content\/uploads\/sites\/5\/2020\/05\/mampara-proteccion-personalizada-Colner.jpg\",\"datePublished\":\"2020-05-13T17:20:31+00:00\",\"dateModified\":\"2020-05-15T15:09:27+00:00\",\"description\":\"Mampara de protecci\u00f3n personalizada modelo Colner. Dise\u00f1ada y producida por Cartonlab en Espa\u00f1a. Producci\u00f3n personalizada. Ideal para estudios creativos.\",\"breadcrumb\":{\"@id\":\"https:\/\/test.dagic.es\/fr\/producto\/mampara-proteccion-personalizada\/#breadcrumb\"},\"inLanguage\":\"fr-FR\",\"potentialAction\":[{\"@type\":\"ReadAction\",\"target\":[\"https:\/\/test.dagic.es\/fr\/producto\/mampara-proteccion-personalizada\/\"]}]},{\"@type\":\"ImageObject\",\"inLanguage\":\"fr-FR\",\"@id\":\"https:\/\/test.dagic.es\/fr\/producto\/mampara-proteccion-personalizada\/#primaryimage\",\"url\":\"https:\/\/test.dagic.es\/fr\/wp-content\/uploads\/sites\/5\/2020\/05\/mampara-proteccion-personalizada-Colner.jpg\",\"contentUrl\":\"https:\/\/test.dagic.es\/fr\/wp-content\/uploads\/sites\/5\/2020\/05\/mampara-proteccion-personalizada-Colner.jpg\",\"width\":1000,\"height\":1000,\"caption\":\"mampara-proteccion-personalizada-hiato\"},{\"@type\":\"BreadcrumbList\",\"@id\":\"https:\/\/test.dagic.es\/fr\/producto\/mampara-proteccion-personalizada\/#breadcrumb\",\"itemListElement\":[{\"@type\":\"ListItem\",\"position\":1,\"name\":\"Accueil\",\"item\":\"https:\/\/test.dagic.es\/fr\/\"},{\"@type\":\"ListItem\",\"position\":2,\"name\":\"Produits\",\"item\":\"https:\/\/test.dagic.es\/fr\/shop\/\"},{\"@type\":\"ListItem\",\"position\":3,\"name\":\"Mampara de protecci\u00f3n personalizada. (2 unidades)\"}]},{\"@type\":\"WebSite\",\"@id\":\"https:\/\/test.dagic.es\/fr\/#website\",\"url\":\"https:\/\/test.dagic.es\/fr\/\",\"name\":\"Cartonlab FR\",\"description\":\"Cartonlab | Projets internationaux pour \u00e9v\u00e9nements et stands\",\"publisher\":{\"@id\":\"https:\/\/test.dagic.es\/fr\/#organization\"},\"potentialAction\":[{\"@type\":\"SearchAction\",\"target\":{\"@type\":\"EntryPoint\",\"urlTemplate\":\"https:\/\/test.dagic.es\/fr\/?s={search_term_string}\"},\"query-input\":{\"@type\":\"PropertyValueSpecification\",\"valueRequired\":true,\"valueName\":\"search_term_string\"}}],\"inLanguage\":\"fr-FR\"},{\"@type\":\"Organization\",\"@id\":\"https:\/\/test.dagic.es\/fr\/#organization\",\"name\":\"Cartonlab FR\",\"url\":\"https:\/\/test.dagic.es\/fr\/\",\"logo\":{\"@type\":\"ImageObject\",\"inLanguage\":\"fr-FR\",\"@id\":\"https:\/\/test.dagic.es\/fr\/#\/schema\/logo\/image\/\",\"url\":\"https:\/\/test.dagic.es\/fr\/wp-content\/uploads\/sites\/5\/2023\/07\/logo.svg\",\"contentUrl\":\"https:\/\/test.dagic.es\/fr\/wp-content\/uploads\/sites\/5\/2023\/07\/logo.svg\",\"width\":163,\"height\":44,\"caption\":\"Cartonlab FR\"},\"image\":{\"@id\":\"https:\/\/test.dagic.es\/fr\/#\/schema\/logo\/image\/\"}}]}<\/script>\n<!-- \/ Yoast SEO plugin. -->","yoast_head_json":{"title":"Mampara de protecci\u00f3n personalizada de sobremesa para escritorio","description":"Mampara de protecci\u00f3n personalizada modelo Colner. Dise\u00f1ada y producida por Cartonlab en Espa\u00f1a. Producci\u00f3n personalizada. Ideal para estudios creativos.","robots":{"index":"index","follow":"follow","max-snippet":"max-snippet:-1","max-image-preview":"max-image-preview:large","max-video-preview":"max-video-preview:-1"},"canonical":"https:\/\/test.dagic.es\/fr\/producto\/mampara-proteccion-personalizada\/","og_locale":"fr_FR","og_type":"article","og_title":"Mampara de protecci\u00f3n personalizada de sobremesa para escritorio","og_description":"Mampara de protecci\u00f3n personalizada modelo Colner. Dise\u00f1ada y producida por Cartonlab en Espa\u00f1a. Producci\u00f3n personalizada. Ideal para estudios creativos.","og_url":"https:\/\/test.dagic.es\/fr\/producto\/mampara-proteccion-personalizada\/","og_site_name":"Cartonlab FR","article_modified_time":"2020-05-15T15:09:27+00:00","og_image":[{"width":1000,"height":1000,"url":"https:\/\/test.dagic.es\/fr\/wp-content\/uploads\/sites\/5\/2020\/05\/mampara-proteccion-personalizada-Colner.jpg","type":"image\/jpeg"}],"twitter_card":"summary_large_image","schema":{"@context":"https:\/\/schema.org","@graph":[{"@type":"WebPage","@id":"https:\/\/test.dagic.es\/fr\/producto\/mampara-proteccion-personalizada\/","url":"https:\/\/test.dagic.es\/fr\/producto\/mampara-proteccion-personalizada\/","name":"Mampara de protecci\u00f3n personalizada de sobremesa para escritorio","isPartOf":{"@id":"https:\/\/test.dagic.es\/fr\/#website"},"primaryImageOfPage":{"@id":"https:\/\/test.dagic.es\/fr\/producto\/mampara-proteccion-personalizada\/#primaryimage"},"image":{"@id":"https:\/\/test.dagic.es\/fr\/producto\/mampara-proteccion-personalizada\/#primaryimage"},"thumbnailUrl":"https:\/\/test.dagic.es\/fr\/wp-content\/uploads\/sites\/5\/2020\/05\/mampara-proteccion-personalizada-Colner.jpg","datePublished":"2020-05-13T17:20:31+00:00","dateModified":"2020-05-15T15:09:27+00:00","description":"Mampara de protecci\u00f3n personalizada modelo Colner. Dise\u00f1ada y producida por Cartonlab en Espa\u00f1a. Producci\u00f3n personalizada. Ideal para estudios creativos.","breadcrumb":{"@id":"https:\/\/test.dagic.es\/fr\/producto\/mampara-proteccion-personalizada\/#breadcrumb"},"inLanguage":"fr-FR","potentialAction":[{"@type":"ReadAction","target":["https:\/\/test.dagic.es\/fr\/producto\/mampara-proteccion-personalizada\/"]}]},{"@type":"ImageObject","inLanguage":"fr-FR","@id":"https:\/\/test.dagic.es\/fr\/producto\/mampara-proteccion-personalizada\/#primaryimage","url":"https:\/\/test.dagic.es\/fr\/wp-content\/uploads\/sites\/5\/2020\/05\/mampara-proteccion-personalizada-Colner.jpg","contentUrl":"https:\/\/test.dagic.es\/fr\/wp-content\/uploads\/sites\/5\/2020\/05\/mampara-proteccion-personalizada-Colner.jpg","width":1000,"height":1000,"caption":"mampara-proteccion-personalizada-hiato"},{"@type":"BreadcrumbList","@id":"https:\/\/test.dagic.es\/fr\/producto\/mampara-proteccion-personalizada\/#breadcrumb","itemListElement":[{"@type":"ListItem","position":1,"name":"Accueil","item":"https:\/\/test.dagic.es\/fr\/"},{"@type":"ListItem","position":2,"name":"Produits","item":"https:\/\/test.dagic.es\/fr\/shop\/"},{"@type":"ListItem","position":3,"name":"Mampara de protecci\u00f3n personalizada. (2 unidades)"}]},{"@type":"WebSite","@id":"https:\/\/test.dagic.es\/fr\/#website","url":"https:\/\/test.dagic.es\/fr\/","name":"Cartonlab FR","description":"Cartonlab | Projets internationaux pour \u00e9v\u00e9nements et stands","publisher":{"@id":"https:\/\/test.dagic.es\/fr\/#organization"},"potentialAction":[{"@type":"SearchAction","target":{"@type":"EntryPoint","urlTemplate":"https:\/\/test.dagic.es\/fr\/?s={search_term_string}"},"query-input":{"@type":"PropertyValueSpecification","valueRequired":true,"valueName":"search_term_string"}}],"inLanguage":"fr-FR"},{"@type":"Organization","@id":"https:\/\/test.dagic.es\/fr\/#organization","name":"Cartonlab FR","url":"https:\/\/test.dagic.es\/fr\/","logo":{"@type":"ImageObject","inLanguage":"fr-FR","@id":"https:\/\/test.dagic.es\/fr\/#\/schema\/logo\/image\/","url":"https:\/\/test.dagic.es\/fr\/wp-content\/uploads\/sites\/5\/2023\/07\/logo.svg","contentUrl":"https:\/\/test.dagic.es\/fr\/wp-content\/uploads\/sites\/5\/2023\/07\/logo.svg","width":163,"height":44,"caption":"Cartonlab FR"},"image":{"@id":"https:\/\/test.dagic.es\/fr\/#\/schema\/logo\/image\/"}}]}},"_links":{"self":[{"href":"https:\/\/test.dagic.es\/fr\/wp-json\/wp\/v2\/product\/17799","targetHints":{"allow":["GET"]}}],"collection":[{"href":"https:\/\/test.dagic.es\/fr\/wp-json\/wp\/v2\/product"}],"about":[{"href":"https:\/\/test.dagic.es\/fr\/wp-json\/wp\/v2\/types\/product"}],"replies":[{"embeddable":true,"href":"https:\/\/test.dagic.es\/fr\/wp-json\/wp\/v2\/comments?post=17799"}],"wp:featuredmedia":[{"embeddable":true,"href":"https:\/\/test.dagic.es\/fr\/wp-json\/wp\/v2\/media\/17800"}],"wp:attachment":[{"href":"https:\/\/test.dagic.es\/fr\/wp-json\/wp\/v2\/media?parent=17799"}],"wp:term":[{"taxonomy":"product_brand","embeddable":true,"href":"https:\/\/test.dagic.es\/fr\/wp-json\/wp\/v2\/product_brand?post=17799"},{"taxonomy":"product_cat","embeddable":true,"href":"https:\/\/test.dagic.es\/fr\/wp-json\/wp\/v2\/product_cat?post=17799"},{"taxonomy":"product_tag","embeddable":true,"href":"https:\/\/test.dagic.es\/fr\/wp-json\/wp\/v2\/product_tag?post=17799"}],"curies":[{"name":"wp","href":"https:\/\/api.w.org\/{rel}","templated":true}]}}