{"id":17729,"date":"2020-04-28T15:44:44","date_gmt":"2020-04-28T14:44:44","guid":{"rendered":"https:\/\/test.dagic.es\/?post_type=product&#038;p=17729"},"modified":"2020-11-17T11:46:49","modified_gmt":"2020-11-17T10:46:49","slug":"cubos-carton-ods","status":"publish","type":"product","link":"https:\/\/test.dagic.es\/fr\/producto\/cubos-carton-ods\/","title":{"rendered":"Cubos de cart\u00f3n | Apilables y personalizables."},"excerpt":{"rendered":"<p><strong>Cubos de cart\u00f3n <\/strong>disponibles en\u00a0 distintos acabados, tama\u00f1os y formatos.\u00a0 Son el soporte ideal para campa\u00f1as de publicidad, comunicaci\u00f3n de los objetivos de desarrollo sostenible (ODS)\u00a0 \u00a0eventos, exposiciones, display de productos, escaparatismo, etc. Ligeros, f\u00e1ciles de montar, apilables, combinables entre s\u00ed\u00a0 y totalmente personalizables con impresi\u00f3n digital. Se venden en pack de 10 unidades.<\/p>\n<p><strong>Nota:<\/strong> Los cubos que aparecen en las imagenes de referencia de este producto son de\u00a0 50cm. Cons\u00faltanos para pedidos en tama\u00f1os personalizados o muchas cantidades.<\/p>\n","protected":false},"featured_media":17736,"comment_status":"open","ping_status":"closed","template":"","meta":{"_acf_changed":false,"inline_featured_image":false},"product_brand":[],"product_cat":[3024,3023,3028,3035,3039],"product_tag":[],"class_list":{"0":"post-17729","1":"product","2":"type-product","3":"status-publish","4":"has-post-thumbnail","6":"product_cat-presentoirs-designs-speciaux","7":"product_cat-presentoirs-pour-produits","8":"product_cat-presentoirs-vitrines","9":"product_cat-produits-pour-evenements-durables","10":"product_cat-supports-et-totems","11":"product_shipping_class-producto-grande","13":"first","14":"instock","15":"taxable","16":"shipping-taxable","17":"product-type-variable","18":"has-default-attributes"},"acf":[],"yoast_head":"<!-- This site is optimized with the Yoast SEO plugin v27.2 - https:\/\/yoast.com\/product\/yoast-seo-wordpress\/ -->\n<title>Cubos de cart\u00f3n para publicidad | Impresi\u00f3n personalizada | Aplilables<\/title>\n<meta name=\"description\" content=\"Los cubos apilables de cart\u00f3n son el soporte ideal para trasladar cualquier tipo de mensaje en tu evento. Customizables, liigeros y f\u00e1cilmente combinables.\" \/>\n<meta name=\"robots\" content=\"index, follow, max-snippet:-1, max-image-preview:large, max-video-preview:-1\" \/>\n<link rel=\"canonical\" href=\"https:\/\/test.dagic.es\/fr\/producto\/cubos-carton-ods\/\" \/>\n<meta property=\"og:locale\" content=\"fr_FR\" \/>\n<meta property=\"og:type\" content=\"article\" \/>\n<meta property=\"og:title\" content=\"Cubos de cart\u00f3n para publicidad | Impresi\u00f3n personalizada | Aplilables\" \/>\n<meta property=\"og:description\" content=\"Los cubos apilables de cart\u00f3n son el soporte ideal para trasladar cualquier tipo de mensaje en tu evento. Customizables, liigeros y f\u00e1cilmente combinables.\" \/>\n<meta property=\"og:url\" content=\"https:\/\/test.dagic.es\/fr\/producto\/cubos-carton-ods\/\" \/>\n<meta property=\"og:site_name\" content=\"Cartonlab FR\" \/>\n<meta property=\"article:modified_time\" content=\"2020-11-17T10:46:49+00:00\" \/>\n<meta property=\"og:image\" content=\"https:\/\/test.dagic.es\/fr\/wp-content\/uploads\/sites\/5\/2020\/04\/cubosblancospack1.jpg\" \/>\n\t<meta property=\"og:image:width\" content=\"800\" \/>\n\t<meta property=\"og:image:height\" content=\"800\" \/>\n\t<meta property=\"og:image:type\" content=\"image\/jpeg\" \/>\n<meta name=\"twitter:card\" content=\"summary_large_image\" \/>\n<script type=\"application\/ld+json\" class=\"yoast-schema-graph\">{\"@context\":\"https:\/\/schema.org\",\"@graph\":[{\"@type\":\"WebPage\",\"@id\":\"https:\/\/test.dagic.es\/fr\/producto\/cubos-carton-ods\/\",\"url\":\"https:\/\/test.dagic.es\/fr\/producto\/cubos-carton-ods\/\",\"name\":\"Cubos de cart\u00f3n para publicidad | Impresi\u00f3n personalizada | Aplilables\",\"isPartOf\":{\"@id\":\"https:\/\/test.dagic.es\/fr\/#website\"},\"primaryImageOfPage\":{\"@id\":\"https:\/\/test.dagic.es\/fr\/producto\/cubos-carton-ods\/#primaryimage\"},\"image\":{\"@id\":\"https:\/\/test.dagic.es\/fr\/producto\/cubos-carton-ods\/#primaryimage\"},\"thumbnailUrl\":\"https:\/\/test.dagic.es\/fr\/wp-content\/uploads\/sites\/5\/2020\/04\/cubosblancospack1.jpg\",\"datePublished\":\"2020-04-28T14:44:44+00:00\",\"dateModified\":\"2020-11-17T10:46:49+00:00\",\"description\":\"Los cubos apilables de cart\u00f3n son el soporte ideal para trasladar cualquier tipo de mensaje en tu evento. Customizables, liigeros y f\u00e1cilmente combinables.\",\"breadcrumb\":{\"@id\":\"https:\/\/test.dagic.es\/fr\/producto\/cubos-carton-ods\/#breadcrumb\"},\"inLanguage\":\"fr-FR\",\"potentialAction\":[{\"@type\":\"ReadAction\",\"target\":[\"https:\/\/test.dagic.es\/fr\/producto\/cubos-carton-ods\/\"]}]},{\"@type\":\"ImageObject\",\"inLanguage\":\"fr-FR\",\"@id\":\"https:\/\/test.dagic.es\/fr\/producto\/cubos-carton-ods\/#primaryimage\",\"url\":\"https:\/\/test.dagic.es\/fr\/wp-content\/uploads\/sites\/5\/2020\/04\/cubosblancospack1.jpg\",\"contentUrl\":\"https:\/\/test.dagic.es\/fr\/wp-content\/uploads\/sites\/5\/2020\/04\/cubosblancospack1.jpg\",\"width\":800,\"height\":800},{\"@type\":\"BreadcrumbList\",\"@id\":\"https:\/\/test.dagic.es\/fr\/producto\/cubos-carton-ods\/#breadcrumb\",\"itemListElement\":[{\"@type\":\"ListItem\",\"position\":1,\"name\":\"Accueil\",\"item\":\"https:\/\/test.dagic.es\/fr\/\"},{\"@type\":\"ListItem\",\"position\":2,\"name\":\"Produits\",\"item\":\"https:\/\/test.dagic.es\/fr\/shop\/\"},{\"@type\":\"ListItem\",\"position\":3,\"name\":\"Cubos de cart\u00f3n | Apilables y personalizables.\"}]},{\"@type\":\"WebSite\",\"@id\":\"https:\/\/test.dagic.es\/fr\/#website\",\"url\":\"https:\/\/test.dagic.es\/fr\/\",\"name\":\"Cartonlab FR\",\"description\":\"Cartonlab | Projets internationaux pour \u00e9v\u00e9nements et stands\",\"publisher\":{\"@id\":\"https:\/\/test.dagic.es\/fr\/#organization\"},\"potentialAction\":[{\"@type\":\"SearchAction\",\"target\":{\"@type\":\"EntryPoint\",\"urlTemplate\":\"https:\/\/test.dagic.es\/fr\/?s={search_term_string}\"},\"query-input\":{\"@type\":\"PropertyValueSpecification\",\"valueRequired\":true,\"valueName\":\"search_term_string\"}}],\"inLanguage\":\"fr-FR\"},{\"@type\":\"Organization\",\"@id\":\"https:\/\/test.dagic.es\/fr\/#organization\",\"name\":\"Cartonlab FR\",\"url\":\"https:\/\/test.dagic.es\/fr\/\",\"logo\":{\"@type\":\"ImageObject\",\"inLanguage\":\"fr-FR\",\"@id\":\"https:\/\/test.dagic.es\/fr\/#\/schema\/logo\/image\/\",\"url\":\"https:\/\/test.dagic.es\/fr\/wp-content\/uploads\/sites\/5\/2023\/07\/logo.svg\",\"contentUrl\":\"https:\/\/test.dagic.es\/fr\/wp-content\/uploads\/sites\/5\/2023\/07\/logo.svg\",\"width\":163,\"height\":44,\"caption\":\"Cartonlab FR\"},\"image\":{\"@id\":\"https:\/\/test.dagic.es\/fr\/#\/schema\/logo\/image\/\"}}]}<\/script>\n<!-- \/ Yoast SEO plugin. -->","yoast_head_json":{"title":"Cubos de cart\u00f3n para publicidad | Impresi\u00f3n personalizada | Aplilables","description":"Los cubos apilables de cart\u00f3n son el soporte ideal para trasladar cualquier tipo de mensaje en tu evento. Customizables, liigeros y f\u00e1cilmente combinables.","robots":{"index":"index","follow":"follow","max-snippet":"max-snippet:-1","max-image-preview":"max-image-preview:large","max-video-preview":"max-video-preview:-1"},"canonical":"https:\/\/test.dagic.es\/fr\/producto\/cubos-carton-ods\/","og_locale":"fr_FR","og_type":"article","og_title":"Cubos de cart\u00f3n para publicidad | Impresi\u00f3n personalizada | Aplilables","og_description":"Los cubos apilables de cart\u00f3n son el soporte ideal para trasladar cualquier tipo de mensaje en tu evento. Customizables, liigeros y f\u00e1cilmente combinables.","og_url":"https:\/\/test.dagic.es\/fr\/producto\/cubos-carton-ods\/","og_site_name":"Cartonlab FR","article_modified_time":"2020-11-17T10:46:49+00:00","og_image":[{"width":800,"height":800,"url":"https:\/\/test.dagic.es\/fr\/wp-content\/uploads\/sites\/5\/2020\/04\/cubosblancospack1.jpg","type":"image\/jpeg"}],"twitter_card":"summary_large_image","schema":{"@context":"https:\/\/schema.org","@graph":[{"@type":"WebPage","@id":"https:\/\/test.dagic.es\/fr\/producto\/cubos-carton-ods\/","url":"https:\/\/test.dagic.es\/fr\/producto\/cubos-carton-ods\/","name":"Cubos de cart\u00f3n para publicidad | Impresi\u00f3n personalizada | Aplilables","isPartOf":{"@id":"https:\/\/test.dagic.es\/fr\/#website"},"primaryImageOfPage":{"@id":"https:\/\/test.dagic.es\/fr\/producto\/cubos-carton-ods\/#primaryimage"},"image":{"@id":"https:\/\/test.dagic.es\/fr\/producto\/cubos-carton-ods\/#primaryimage"},"thumbnailUrl":"https:\/\/test.dagic.es\/fr\/wp-content\/uploads\/sites\/5\/2020\/04\/cubosblancospack1.jpg","datePublished":"2020-04-28T14:44:44+00:00","dateModified":"2020-11-17T10:46:49+00:00","description":"Los cubos apilables de cart\u00f3n son el soporte ideal para trasladar cualquier tipo de mensaje en tu evento. Customizables, liigeros y f\u00e1cilmente combinables.","breadcrumb":{"@id":"https:\/\/test.dagic.es\/fr\/producto\/cubos-carton-ods\/#breadcrumb"},"inLanguage":"fr-FR","potentialAction":[{"@type":"ReadAction","target":["https:\/\/test.dagic.es\/fr\/producto\/cubos-carton-ods\/"]}]},{"@type":"ImageObject","inLanguage":"fr-FR","@id":"https:\/\/test.dagic.es\/fr\/producto\/cubos-carton-ods\/#primaryimage","url":"https:\/\/test.dagic.es\/fr\/wp-content\/uploads\/sites\/5\/2020\/04\/cubosblancospack1.jpg","contentUrl":"https:\/\/test.dagic.es\/fr\/wp-content\/uploads\/sites\/5\/2020\/04\/cubosblancospack1.jpg","width":800,"height":800},{"@type":"BreadcrumbList","@id":"https:\/\/test.dagic.es\/fr\/producto\/cubos-carton-ods\/#breadcrumb","itemListElement":[{"@type":"ListItem","position":1,"name":"Accueil","item":"https:\/\/test.dagic.es\/fr\/"},{"@type":"ListItem","position":2,"name":"Produits","item":"https:\/\/test.dagic.es\/fr\/shop\/"},{"@type":"ListItem","position":3,"name":"Cubos de cart\u00f3n | Apilables y personalizables."}]},{"@type":"WebSite","@id":"https:\/\/test.dagic.es\/fr\/#website","url":"https:\/\/test.dagic.es\/fr\/","name":"Cartonlab FR","description":"Cartonlab | Projets internationaux pour \u00e9v\u00e9nements et stands","publisher":{"@id":"https:\/\/test.dagic.es\/fr\/#organization"},"potentialAction":[{"@type":"SearchAction","target":{"@type":"EntryPoint","urlTemplate":"https:\/\/test.dagic.es\/fr\/?s={search_term_string}"},"query-input":{"@type":"PropertyValueSpecification","valueRequired":true,"valueName":"search_term_string"}}],"inLanguage":"fr-FR"},{"@type":"Organization","@id":"https:\/\/test.dagic.es\/fr\/#organization","name":"Cartonlab FR","url":"https:\/\/test.dagic.es\/fr\/","logo":{"@type":"ImageObject","inLanguage":"fr-FR","@id":"https:\/\/test.dagic.es\/fr\/#\/schema\/logo\/image\/","url":"https:\/\/test.dagic.es\/fr\/wp-content\/uploads\/sites\/5\/2023\/07\/logo.svg","contentUrl":"https:\/\/test.dagic.es\/fr\/wp-content\/uploads\/sites\/5\/2023\/07\/logo.svg","width":163,"height":44,"caption":"Cartonlab FR"},"image":{"@id":"https:\/\/test.dagic.es\/fr\/#\/schema\/logo\/image\/"}}]}},"_links":{"self":[{"href":"https:\/\/test.dagic.es\/fr\/wp-json\/wp\/v2\/product\/17729","targetHints":{"allow":["GET"]}}],"collection":[{"href":"https:\/\/test.dagic.es\/fr\/wp-json\/wp\/v2\/product"}],"about":[{"href":"https:\/\/test.dagic.es\/fr\/wp-json\/wp\/v2\/types\/product"}],"replies":[{"embeddable":true,"href":"https:\/\/test.dagic.es\/fr\/wp-json\/wp\/v2\/comments?post=17729"}],"wp:featuredmedia":[{"embeddable":true,"href":"https:\/\/test.dagic.es\/fr\/wp-json\/wp\/v2\/media\/17736"}],"wp:attachment":[{"href":"https:\/\/test.dagic.es\/fr\/wp-json\/wp\/v2\/media?parent=17729"}],"wp:term":[{"taxonomy":"product_brand","embeddable":true,"href":"https:\/\/test.dagic.es\/fr\/wp-json\/wp\/v2\/product_brand?post=17729"},{"taxonomy":"product_cat","embeddable":true,"href":"https:\/\/test.dagic.es\/fr\/wp-json\/wp\/v2\/product_cat?post=17729"},{"taxonomy":"product_tag","embeddable":true,"href":"https:\/\/test.dagic.es\/fr\/wp-json\/wp\/v2\/product_tag?post=17729"}],"curies":[{"name":"wp","href":"https:\/\/api.w.org\/{rel}","templated":true}]}}