{"id":17701,"date":"2020-04-27T18:38:52","date_gmt":"2020-04-27T17:38:52","guid":{"rendered":"https:\/\/test.dagic.es\/?post_type=product&#038;p=17701"},"modified":"2020-04-29T12:08:07","modified_gmt":"2020-04-29T11:08:07","slug":"mesa-baja-rectangular","status":"publish","type":"product","link":"https:\/\/test.dagic.es\/fr\/producto\/mesa-baja-rectangular\/","title":{"rendered":"Mesa baja rectangular | Pack 2 uds."},"excerpt":{"rendered":"<p><strong>Pack 2 unidades.<\/strong> La <strong>mesa baja rectangular<\/strong>\u00a0 \u00a0Muy pr\u00e1ctica, tanto para uso cotididano como mesa auxiliar\u00a0 como para mesa de apoyo para eventos, reuniones informales, salas de espera, etc.\u00a0 Muy ligera y f\u00e1cil de montar. Cons\u00faltanos via formulario de contacto o email para dise\u00f1os y pedidos personalizados.\u00a0 Dise\u00f1o exclusivo Cartonlab. S\u00f3lo disponible a la venta en esta web.<\/p>\n","protected":false},"featured_media":17702,"comment_status":"open","ping_status":"closed","template":"","meta":{"_acf_changed":false,"inline_featured_image":false},"product_brand":[],"product_cat":[3018,3032],"product_tag":[],"class_list":{"0":"post-17701","1":"product","2":"type-product","3":"status-publish","4":"has-post-thumbnail","6":"product_cat-muebles-en-carton","7":"product_cat-tables-et-comptoirs-daccueil","8":"product_shipping_class-productomediano","10":"first","11":"instock","12":"taxable","13":"shipping-taxable","14":"product-type-simple"},"acf":[],"yoast_head":"<!-- This site is optimized with the Yoast SEO plugin v27.2 - https:\/\/yoast.com\/product\/yoast-seo-wordpress\/ -->\n<title>Mesa baja rectangular de cart\u00f3n - Pack 2 unidades - Cartonlab<\/title>\n<meta name=\"description\" content=\"Mesa baja rectangular de cart\u00f3n. Para utilizar como mesa de apoyo auxiliar en zonas de descanso y espera. Ligera y f\u00e1cil de montar. Compra Online.\" \/>\n<meta name=\"robots\" content=\"index, follow, max-snippet:-1, max-image-preview:large, max-video-preview:-1\" \/>\n<link rel=\"canonical\" href=\"https:\/\/test.dagic.es\/fr\/producto\/mesa-baja-rectangular\/\" \/>\n<meta property=\"og:locale\" content=\"fr_FR\" \/>\n<meta property=\"og:type\" content=\"article\" \/>\n<meta property=\"og:title\" content=\"Mesa baja rectangular de cart\u00f3n - Pack 2 unidades - Cartonlab\" \/>\n<meta property=\"og:description\" content=\"Mesa baja rectangular de cart\u00f3n. Para utilizar como mesa de apoyo auxiliar en zonas de descanso y espera. Ligera y f\u00e1cil de montar. Compra Online.\" \/>\n<meta property=\"og:url\" content=\"https:\/\/test.dagic.es\/fr\/producto\/mesa-baja-rectangular\/\" \/>\n<meta property=\"og:site_name\" content=\"Cartonlab FR\" \/>\n<meta property=\"article:modified_time\" content=\"2020-04-29T11:08:07+00:00\" \/>\n<meta property=\"og:image\" content=\"https:\/\/test.dagic.es\/fr\/wp-content\/uploads\/sites\/5\/2020\/04\/mesarectangular1.jpg\" \/>\n\t<meta property=\"og:image:width\" content=\"800\" \/>\n\t<meta property=\"og:image:height\" content=\"800\" \/>\n\t<meta property=\"og:image:type\" content=\"image\/jpeg\" \/>\n<meta name=\"twitter:card\" content=\"summary_large_image\" \/>\n<script type=\"application\/ld+json\" class=\"yoast-schema-graph\">{\"@context\":\"https:\/\/schema.org\",\"@graph\":[{\"@type\":\"WebPage\",\"@id\":\"https:\/\/test.dagic.es\/fr\/producto\/mesa-baja-rectangular\/\",\"url\":\"https:\/\/test.dagic.es\/fr\/producto\/mesa-baja-rectangular\/\",\"name\":\"Mesa baja rectangular de cart\u00f3n - Pack 2 unidades - Cartonlab\",\"isPartOf\":{\"@id\":\"https:\/\/test.dagic.es\/fr\/#website\"},\"primaryImageOfPage\":{\"@id\":\"https:\/\/test.dagic.es\/fr\/producto\/mesa-baja-rectangular\/#primaryimage\"},\"image\":{\"@id\":\"https:\/\/test.dagic.es\/fr\/producto\/mesa-baja-rectangular\/#primaryimage\"},\"thumbnailUrl\":\"https:\/\/test.dagic.es\/fr\/wp-content\/uploads\/sites\/5\/2020\/04\/mesarectangular1.jpg\",\"datePublished\":\"2020-04-27T17:38:52+00:00\",\"dateModified\":\"2020-04-29T11:08:07+00:00\",\"description\":\"Mesa baja rectangular de cart\u00f3n. Para utilizar como mesa de apoyo auxiliar en zonas de descanso y espera. Ligera y f\u00e1cil de montar. Compra Online.\",\"breadcrumb\":{\"@id\":\"https:\/\/test.dagic.es\/fr\/producto\/mesa-baja-rectangular\/#breadcrumb\"},\"inLanguage\":\"fr-FR\",\"potentialAction\":[{\"@type\":\"ReadAction\",\"target\":[\"https:\/\/test.dagic.es\/fr\/producto\/mesa-baja-rectangular\/\"]}]},{\"@type\":\"ImageObject\",\"inLanguage\":\"fr-FR\",\"@id\":\"https:\/\/test.dagic.es\/fr\/producto\/mesa-baja-rectangular\/#primaryimage\",\"url\":\"https:\/\/test.dagic.es\/fr\/wp-content\/uploads\/sites\/5\/2020\/04\/mesarectangular1.jpg\",\"contentUrl\":\"https:\/\/test.dagic.es\/fr\/wp-content\/uploads\/sites\/5\/2020\/04\/mesarectangular1.jpg\",\"width\":800,\"height\":800,\"caption\":\"mesa carton baja rectangular cartonlab\"},{\"@type\":\"BreadcrumbList\",\"@id\":\"https:\/\/test.dagic.es\/fr\/producto\/mesa-baja-rectangular\/#breadcrumb\",\"itemListElement\":[{\"@type\":\"ListItem\",\"position\":1,\"name\":\"Accueil\",\"item\":\"https:\/\/test.dagic.es\/fr\/\"},{\"@type\":\"ListItem\",\"position\":2,\"name\":\"Produits\",\"item\":\"https:\/\/test.dagic.es\/fr\/shop\/\"},{\"@type\":\"ListItem\",\"position\":3,\"name\":\"Mesa baja rectangular | Pack 2 uds.\"}]},{\"@type\":\"WebSite\",\"@id\":\"https:\/\/test.dagic.es\/fr\/#website\",\"url\":\"https:\/\/test.dagic.es\/fr\/\",\"name\":\"Cartonlab FR\",\"description\":\"Cartonlab | Projets internationaux pour \u00e9v\u00e9nements et stands\",\"publisher\":{\"@id\":\"https:\/\/test.dagic.es\/fr\/#organization\"},\"potentialAction\":[{\"@type\":\"SearchAction\",\"target\":{\"@type\":\"EntryPoint\",\"urlTemplate\":\"https:\/\/test.dagic.es\/fr\/?s={search_term_string}\"},\"query-input\":{\"@type\":\"PropertyValueSpecification\",\"valueRequired\":true,\"valueName\":\"search_term_string\"}}],\"inLanguage\":\"fr-FR\"},{\"@type\":\"Organization\",\"@id\":\"https:\/\/test.dagic.es\/fr\/#organization\",\"name\":\"Cartonlab FR\",\"url\":\"https:\/\/test.dagic.es\/fr\/\",\"logo\":{\"@type\":\"ImageObject\",\"inLanguage\":\"fr-FR\",\"@id\":\"https:\/\/test.dagic.es\/fr\/#\/schema\/logo\/image\/\",\"url\":\"https:\/\/test.dagic.es\/fr\/wp-content\/uploads\/sites\/5\/2023\/07\/logo.svg\",\"contentUrl\":\"https:\/\/test.dagic.es\/fr\/wp-content\/uploads\/sites\/5\/2023\/07\/logo.svg\",\"width\":163,\"height\":44,\"caption\":\"Cartonlab FR\"},\"image\":{\"@id\":\"https:\/\/test.dagic.es\/fr\/#\/schema\/logo\/image\/\"}}]}<\/script>\n<!-- \/ Yoast SEO plugin. -->","yoast_head_json":{"title":"Mesa baja rectangular de cart\u00f3n - Pack 2 unidades - Cartonlab","description":"Mesa baja rectangular de cart\u00f3n. Para utilizar como mesa de apoyo auxiliar en zonas de descanso y espera. Ligera y f\u00e1cil de montar. Compra Online.","robots":{"index":"index","follow":"follow","max-snippet":"max-snippet:-1","max-image-preview":"max-image-preview:large","max-video-preview":"max-video-preview:-1"},"canonical":"https:\/\/test.dagic.es\/fr\/producto\/mesa-baja-rectangular\/","og_locale":"fr_FR","og_type":"article","og_title":"Mesa baja rectangular de cart\u00f3n - Pack 2 unidades - Cartonlab","og_description":"Mesa baja rectangular de cart\u00f3n. Para utilizar como mesa de apoyo auxiliar en zonas de descanso y espera. Ligera y f\u00e1cil de montar. Compra Online.","og_url":"https:\/\/test.dagic.es\/fr\/producto\/mesa-baja-rectangular\/","og_site_name":"Cartonlab FR","article_modified_time":"2020-04-29T11:08:07+00:00","og_image":[{"width":800,"height":800,"url":"https:\/\/test.dagic.es\/fr\/wp-content\/uploads\/sites\/5\/2020\/04\/mesarectangular1.jpg","type":"image\/jpeg"}],"twitter_card":"summary_large_image","schema":{"@context":"https:\/\/schema.org","@graph":[{"@type":"WebPage","@id":"https:\/\/test.dagic.es\/fr\/producto\/mesa-baja-rectangular\/","url":"https:\/\/test.dagic.es\/fr\/producto\/mesa-baja-rectangular\/","name":"Mesa baja rectangular de cart\u00f3n - Pack 2 unidades - Cartonlab","isPartOf":{"@id":"https:\/\/test.dagic.es\/fr\/#website"},"primaryImageOfPage":{"@id":"https:\/\/test.dagic.es\/fr\/producto\/mesa-baja-rectangular\/#primaryimage"},"image":{"@id":"https:\/\/test.dagic.es\/fr\/producto\/mesa-baja-rectangular\/#primaryimage"},"thumbnailUrl":"https:\/\/test.dagic.es\/fr\/wp-content\/uploads\/sites\/5\/2020\/04\/mesarectangular1.jpg","datePublished":"2020-04-27T17:38:52+00:00","dateModified":"2020-04-29T11:08:07+00:00","description":"Mesa baja rectangular de cart\u00f3n. Para utilizar como mesa de apoyo auxiliar en zonas de descanso y espera. Ligera y f\u00e1cil de montar. Compra Online.","breadcrumb":{"@id":"https:\/\/test.dagic.es\/fr\/producto\/mesa-baja-rectangular\/#breadcrumb"},"inLanguage":"fr-FR","potentialAction":[{"@type":"ReadAction","target":["https:\/\/test.dagic.es\/fr\/producto\/mesa-baja-rectangular\/"]}]},{"@type":"ImageObject","inLanguage":"fr-FR","@id":"https:\/\/test.dagic.es\/fr\/producto\/mesa-baja-rectangular\/#primaryimage","url":"https:\/\/test.dagic.es\/fr\/wp-content\/uploads\/sites\/5\/2020\/04\/mesarectangular1.jpg","contentUrl":"https:\/\/test.dagic.es\/fr\/wp-content\/uploads\/sites\/5\/2020\/04\/mesarectangular1.jpg","width":800,"height":800,"caption":"mesa carton baja rectangular cartonlab"},{"@type":"BreadcrumbList","@id":"https:\/\/test.dagic.es\/fr\/producto\/mesa-baja-rectangular\/#breadcrumb","itemListElement":[{"@type":"ListItem","position":1,"name":"Accueil","item":"https:\/\/test.dagic.es\/fr\/"},{"@type":"ListItem","position":2,"name":"Produits","item":"https:\/\/test.dagic.es\/fr\/shop\/"},{"@type":"ListItem","position":3,"name":"Mesa baja rectangular | Pack 2 uds."}]},{"@type":"WebSite","@id":"https:\/\/test.dagic.es\/fr\/#website","url":"https:\/\/test.dagic.es\/fr\/","name":"Cartonlab FR","description":"Cartonlab | Projets internationaux pour \u00e9v\u00e9nements et stands","publisher":{"@id":"https:\/\/test.dagic.es\/fr\/#organization"},"potentialAction":[{"@type":"SearchAction","target":{"@type":"EntryPoint","urlTemplate":"https:\/\/test.dagic.es\/fr\/?s={search_term_string}"},"query-input":{"@type":"PropertyValueSpecification","valueRequired":true,"valueName":"search_term_string"}}],"inLanguage":"fr-FR"},{"@type":"Organization","@id":"https:\/\/test.dagic.es\/fr\/#organization","name":"Cartonlab FR","url":"https:\/\/test.dagic.es\/fr\/","logo":{"@type":"ImageObject","inLanguage":"fr-FR","@id":"https:\/\/test.dagic.es\/fr\/#\/schema\/logo\/image\/","url":"https:\/\/test.dagic.es\/fr\/wp-content\/uploads\/sites\/5\/2023\/07\/logo.svg","contentUrl":"https:\/\/test.dagic.es\/fr\/wp-content\/uploads\/sites\/5\/2023\/07\/logo.svg","width":163,"height":44,"caption":"Cartonlab FR"},"image":{"@id":"https:\/\/test.dagic.es\/fr\/#\/schema\/logo\/image\/"}}]}},"_links":{"self":[{"href":"https:\/\/test.dagic.es\/fr\/wp-json\/wp\/v2\/product\/17701","targetHints":{"allow":["GET"]}}],"collection":[{"href":"https:\/\/test.dagic.es\/fr\/wp-json\/wp\/v2\/product"}],"about":[{"href":"https:\/\/test.dagic.es\/fr\/wp-json\/wp\/v2\/types\/product"}],"replies":[{"embeddable":true,"href":"https:\/\/test.dagic.es\/fr\/wp-json\/wp\/v2\/comments?post=17701"}],"wp:featuredmedia":[{"embeddable":true,"href":"https:\/\/test.dagic.es\/fr\/wp-json\/wp\/v2\/media\/17702"}],"wp:attachment":[{"href":"https:\/\/test.dagic.es\/fr\/wp-json\/wp\/v2\/media?parent=17701"}],"wp:term":[{"taxonomy":"product_brand","embeddable":true,"href":"https:\/\/test.dagic.es\/fr\/wp-json\/wp\/v2\/product_brand?post=17701"},{"taxonomy":"product_cat","embeddable":true,"href":"https:\/\/test.dagic.es\/fr\/wp-json\/wp\/v2\/product_cat?post=17701"},{"taxonomy":"product_tag","embeddable":true,"href":"https:\/\/test.dagic.es\/fr\/wp-json\/wp\/v2\/product_tag?post=17701"}],"curies":[{"name":"wp","href":"https:\/\/api.w.org\/{rel}","templated":true}]}}