{"id":17695,"date":"2020-04-27T18:48:51","date_gmt":"2020-04-27T17:48:51","guid":{"rendered":"https:\/\/test.dagic.es\/?post_type=product&#038;p=17695"},"modified":"2020-04-28T12:38:04","modified_gmt":"2020-04-28T11:38:04","slug":"mesa-cuadrada-auxiliar","status":"publish","type":"product","link":"https:\/\/test.dagic.es\/fr\/producto\/mesa-cuadrada-auxiliar\/","title":{"rendered":"Mesa cuadrada auxiliar | Pack 2 uds."},"excerpt":{"rendered":"<p>Pack 2 unidades. La <strong>mesa auxiliar cuadrada<\/strong> dise\u00f1ada por Cartonlab es un mueble c\u00f3modo, muy ligero y con un tama\u00f1o adecuado para encajar en cualquier rinc\u00f3n. Ideal tanto para el hogar como para eventos. Mesa de centro para salas de reuniones, zonas de espera, stands, etc. F\u00e1cil de montar y reutilizable. Cons\u00faltanos v\u00eda email o formulario de contacto para dise\u00f1os personalizados (color, formatos, etc) incluso impresos con grafica corporativa.<\/p>\n","protected":false},"featured_media":17717,"comment_status":"open","ping_status":"closed","template":"","meta":{"_acf_changed":false,"inline_featured_image":false},"product_brand":[],"product_cat":[3018,3036,3035,3032],"product_tag":[],"class_list":{"0":"post-17695","1":"product","2":"type-product","3":"status-publish","4":"has-post-thumbnail","6":"product_cat-muebles-en-carton","7":"product_cat-mobilier-pour-evenements-durables","8":"product_cat-produits-pour-evenements-durables","9":"product_cat-tables-et-comptoirs-daccueil","10":"product_shipping_class-productomediano","12":"first","13":"instock","14":"taxable","15":"shipping-taxable","16":"product-type-simple"},"acf":[],"yoast_head":"<!-- This site is optimized with the Yoast SEO plugin v27.2 - https:\/\/yoast.com\/product\/yoast-seo-wordpress\/ -->\n<title>Mesa cuadrada auxiliar de cart\u00f3n - Cartonlab<\/title>\n<meta name=\"description\" content=\"La mesa auxiliar cuadrada de Cartonlab es un recurso c\u00f3modo, muy ligero y con un tama\u00f1o adecuado para encajar en cualquier rinc\u00f3n.\" \/>\n<meta name=\"robots\" content=\"index, follow, max-snippet:-1, max-image-preview:large, max-video-preview:-1\" \/>\n<link rel=\"canonical\" href=\"https:\/\/test.dagic.es\/fr\/producto\/mesa-cuadrada-auxiliar\/\" \/>\n<meta property=\"og:locale\" content=\"fr_FR\" \/>\n<meta property=\"og:type\" content=\"article\" \/>\n<meta property=\"og:title\" content=\"Mesa cuadrada auxiliar de cart\u00f3n - Cartonlab\" \/>\n<meta property=\"og:description\" content=\"La mesa auxiliar cuadrada de Cartonlab es un recurso c\u00f3modo, muy ligero y con un tama\u00f1o adecuado para encajar en cualquier rinc\u00f3n.\" \/>\n<meta property=\"og:url\" content=\"https:\/\/test.dagic.es\/fr\/producto\/mesa-cuadrada-auxiliar\/\" \/>\n<meta property=\"og:site_name\" content=\"Cartonlab FR\" \/>\n<meta property=\"article:modified_time\" content=\"2020-04-28T11:38:04+00:00\" \/>\n<meta property=\"og:image\" content=\"https:\/\/test.dagic.es\/fr\/wp-content\/uploads\/sites\/5\/2020\/04\/mesacuadrada4-1.jpg\" \/>\n\t<meta property=\"og:image:width\" content=\"800\" \/>\n\t<meta property=\"og:image:height\" content=\"800\" \/>\n\t<meta property=\"og:image:type\" content=\"image\/jpeg\" \/>\n<meta name=\"twitter:card\" content=\"summary_large_image\" \/>\n<script type=\"application\/ld+json\" class=\"yoast-schema-graph\">{\"@context\":\"https:\/\/schema.org\",\"@graph\":[{\"@type\":\"WebPage\",\"@id\":\"https:\/\/test.dagic.es\/fr\/producto\/mesa-cuadrada-auxiliar\/\",\"url\":\"https:\/\/test.dagic.es\/fr\/producto\/mesa-cuadrada-auxiliar\/\",\"name\":\"Mesa cuadrada auxiliar de cart\u00f3n - Cartonlab\",\"isPartOf\":{\"@id\":\"https:\/\/test.dagic.es\/fr\/#website\"},\"primaryImageOfPage\":{\"@id\":\"https:\/\/test.dagic.es\/fr\/producto\/mesa-cuadrada-auxiliar\/#primaryimage\"},\"image\":{\"@id\":\"https:\/\/test.dagic.es\/fr\/producto\/mesa-cuadrada-auxiliar\/#primaryimage\"},\"thumbnailUrl\":\"https:\/\/test.dagic.es\/fr\/wp-content\/uploads\/sites\/5\/2020\/04\/mesacuadrada4-1.jpg\",\"datePublished\":\"2020-04-27T17:48:51+00:00\",\"dateModified\":\"2020-04-28T11:38:04+00:00\",\"description\":\"La mesa auxiliar cuadrada de Cartonlab es un recurso c\u00f3modo, muy ligero y con un tama\u00f1o adecuado para encajar en cualquier rinc\u00f3n.\",\"breadcrumb\":{\"@id\":\"https:\/\/test.dagic.es\/fr\/producto\/mesa-cuadrada-auxiliar\/#breadcrumb\"},\"inLanguage\":\"fr-FR\",\"potentialAction\":[{\"@type\":\"ReadAction\",\"target\":[\"https:\/\/test.dagic.es\/fr\/producto\/mesa-cuadrada-auxiliar\/\"]}]},{\"@type\":\"ImageObject\",\"inLanguage\":\"fr-FR\",\"@id\":\"https:\/\/test.dagic.es\/fr\/producto\/mesa-cuadrada-auxiliar\/#primaryimage\",\"url\":\"https:\/\/test.dagic.es\/fr\/wp-content\/uploads\/sites\/5\/2020\/04\/mesacuadrada4-1.jpg\",\"contentUrl\":\"https:\/\/test.dagic.es\/fr\/wp-content\/uploads\/sites\/5\/2020\/04\/mesacuadrada4-1.jpg\",\"width\":800,\"height\":800,\"caption\":\"mesa carton auxiliar cuadrada\"},{\"@type\":\"BreadcrumbList\",\"@id\":\"https:\/\/test.dagic.es\/fr\/producto\/mesa-cuadrada-auxiliar\/#breadcrumb\",\"itemListElement\":[{\"@type\":\"ListItem\",\"position\":1,\"name\":\"Accueil\",\"item\":\"https:\/\/test.dagic.es\/fr\/\"},{\"@type\":\"ListItem\",\"position\":2,\"name\":\"Produits\",\"item\":\"https:\/\/test.dagic.es\/fr\/shop\/\"},{\"@type\":\"ListItem\",\"position\":3,\"name\":\"Mesa cuadrada auxiliar | Pack 2 uds.\"}]},{\"@type\":\"WebSite\",\"@id\":\"https:\/\/test.dagic.es\/fr\/#website\",\"url\":\"https:\/\/test.dagic.es\/fr\/\",\"name\":\"Cartonlab FR\",\"description\":\"Cartonlab | Projets internationaux pour \u00e9v\u00e9nements et stands\",\"publisher\":{\"@id\":\"https:\/\/test.dagic.es\/fr\/#organization\"},\"potentialAction\":[{\"@type\":\"SearchAction\",\"target\":{\"@type\":\"EntryPoint\",\"urlTemplate\":\"https:\/\/test.dagic.es\/fr\/?s={search_term_string}\"},\"query-input\":{\"@type\":\"PropertyValueSpecification\",\"valueRequired\":true,\"valueName\":\"search_term_string\"}}],\"inLanguage\":\"fr-FR\"},{\"@type\":\"Organization\",\"@id\":\"https:\/\/test.dagic.es\/fr\/#organization\",\"name\":\"Cartonlab FR\",\"url\":\"https:\/\/test.dagic.es\/fr\/\",\"logo\":{\"@type\":\"ImageObject\",\"inLanguage\":\"fr-FR\",\"@id\":\"https:\/\/test.dagic.es\/fr\/#\/schema\/logo\/image\/\",\"url\":\"https:\/\/test.dagic.es\/fr\/wp-content\/uploads\/sites\/5\/2023\/07\/logo.svg\",\"contentUrl\":\"https:\/\/test.dagic.es\/fr\/wp-content\/uploads\/sites\/5\/2023\/07\/logo.svg\",\"width\":163,\"height\":44,\"caption\":\"Cartonlab FR\"},\"image\":{\"@id\":\"https:\/\/test.dagic.es\/fr\/#\/schema\/logo\/image\/\"}}]}<\/script>\n<!-- \/ Yoast SEO plugin. -->","yoast_head_json":{"title":"Mesa cuadrada auxiliar de cart\u00f3n - Cartonlab","description":"La mesa auxiliar cuadrada de Cartonlab es un recurso c\u00f3modo, muy ligero y con un tama\u00f1o adecuado para encajar en cualquier rinc\u00f3n.","robots":{"index":"index","follow":"follow","max-snippet":"max-snippet:-1","max-image-preview":"max-image-preview:large","max-video-preview":"max-video-preview:-1"},"canonical":"https:\/\/test.dagic.es\/fr\/producto\/mesa-cuadrada-auxiliar\/","og_locale":"fr_FR","og_type":"article","og_title":"Mesa cuadrada auxiliar de cart\u00f3n - Cartonlab","og_description":"La mesa auxiliar cuadrada de Cartonlab es un recurso c\u00f3modo, muy ligero y con un tama\u00f1o adecuado para encajar en cualquier rinc\u00f3n.","og_url":"https:\/\/test.dagic.es\/fr\/producto\/mesa-cuadrada-auxiliar\/","og_site_name":"Cartonlab FR","article_modified_time":"2020-04-28T11:38:04+00:00","og_image":[{"width":800,"height":800,"url":"https:\/\/test.dagic.es\/fr\/wp-content\/uploads\/sites\/5\/2020\/04\/mesacuadrada4-1.jpg","type":"image\/jpeg"}],"twitter_card":"summary_large_image","schema":{"@context":"https:\/\/schema.org","@graph":[{"@type":"WebPage","@id":"https:\/\/test.dagic.es\/fr\/producto\/mesa-cuadrada-auxiliar\/","url":"https:\/\/test.dagic.es\/fr\/producto\/mesa-cuadrada-auxiliar\/","name":"Mesa cuadrada auxiliar de cart\u00f3n - Cartonlab","isPartOf":{"@id":"https:\/\/test.dagic.es\/fr\/#website"},"primaryImageOfPage":{"@id":"https:\/\/test.dagic.es\/fr\/producto\/mesa-cuadrada-auxiliar\/#primaryimage"},"image":{"@id":"https:\/\/test.dagic.es\/fr\/producto\/mesa-cuadrada-auxiliar\/#primaryimage"},"thumbnailUrl":"https:\/\/test.dagic.es\/fr\/wp-content\/uploads\/sites\/5\/2020\/04\/mesacuadrada4-1.jpg","datePublished":"2020-04-27T17:48:51+00:00","dateModified":"2020-04-28T11:38:04+00:00","description":"La mesa auxiliar cuadrada de Cartonlab es un recurso c\u00f3modo, muy ligero y con un tama\u00f1o adecuado para encajar en cualquier rinc\u00f3n.","breadcrumb":{"@id":"https:\/\/test.dagic.es\/fr\/producto\/mesa-cuadrada-auxiliar\/#breadcrumb"},"inLanguage":"fr-FR","potentialAction":[{"@type":"ReadAction","target":["https:\/\/test.dagic.es\/fr\/producto\/mesa-cuadrada-auxiliar\/"]}]},{"@type":"ImageObject","inLanguage":"fr-FR","@id":"https:\/\/test.dagic.es\/fr\/producto\/mesa-cuadrada-auxiliar\/#primaryimage","url":"https:\/\/test.dagic.es\/fr\/wp-content\/uploads\/sites\/5\/2020\/04\/mesacuadrada4-1.jpg","contentUrl":"https:\/\/test.dagic.es\/fr\/wp-content\/uploads\/sites\/5\/2020\/04\/mesacuadrada4-1.jpg","width":800,"height":800,"caption":"mesa carton auxiliar cuadrada"},{"@type":"BreadcrumbList","@id":"https:\/\/test.dagic.es\/fr\/producto\/mesa-cuadrada-auxiliar\/#breadcrumb","itemListElement":[{"@type":"ListItem","position":1,"name":"Accueil","item":"https:\/\/test.dagic.es\/fr\/"},{"@type":"ListItem","position":2,"name":"Produits","item":"https:\/\/test.dagic.es\/fr\/shop\/"},{"@type":"ListItem","position":3,"name":"Mesa cuadrada auxiliar | Pack 2 uds."}]},{"@type":"WebSite","@id":"https:\/\/test.dagic.es\/fr\/#website","url":"https:\/\/test.dagic.es\/fr\/","name":"Cartonlab FR","description":"Cartonlab | Projets internationaux pour \u00e9v\u00e9nements et stands","publisher":{"@id":"https:\/\/test.dagic.es\/fr\/#organization"},"potentialAction":[{"@type":"SearchAction","target":{"@type":"EntryPoint","urlTemplate":"https:\/\/test.dagic.es\/fr\/?s={search_term_string}"},"query-input":{"@type":"PropertyValueSpecification","valueRequired":true,"valueName":"search_term_string"}}],"inLanguage":"fr-FR"},{"@type":"Organization","@id":"https:\/\/test.dagic.es\/fr\/#organization","name":"Cartonlab FR","url":"https:\/\/test.dagic.es\/fr\/","logo":{"@type":"ImageObject","inLanguage":"fr-FR","@id":"https:\/\/test.dagic.es\/fr\/#\/schema\/logo\/image\/","url":"https:\/\/test.dagic.es\/fr\/wp-content\/uploads\/sites\/5\/2023\/07\/logo.svg","contentUrl":"https:\/\/test.dagic.es\/fr\/wp-content\/uploads\/sites\/5\/2023\/07\/logo.svg","width":163,"height":44,"caption":"Cartonlab FR"},"image":{"@id":"https:\/\/test.dagic.es\/fr\/#\/schema\/logo\/image\/"}}]}},"_links":{"self":[{"href":"https:\/\/test.dagic.es\/fr\/wp-json\/wp\/v2\/product\/17695","targetHints":{"allow":["GET"]}}],"collection":[{"href":"https:\/\/test.dagic.es\/fr\/wp-json\/wp\/v2\/product"}],"about":[{"href":"https:\/\/test.dagic.es\/fr\/wp-json\/wp\/v2\/types\/product"}],"replies":[{"embeddable":true,"href":"https:\/\/test.dagic.es\/fr\/wp-json\/wp\/v2\/comments?post=17695"}],"wp:featuredmedia":[{"embeddable":true,"href":"https:\/\/test.dagic.es\/fr\/wp-json\/wp\/v2\/media\/17717"}],"wp:attachment":[{"href":"https:\/\/test.dagic.es\/fr\/wp-json\/wp\/v2\/media?parent=17695"}],"wp:term":[{"taxonomy":"product_brand","embeddable":true,"href":"https:\/\/test.dagic.es\/fr\/wp-json\/wp\/v2\/product_brand?post=17695"},{"taxonomy":"product_cat","embeddable":true,"href":"https:\/\/test.dagic.es\/fr\/wp-json\/wp\/v2\/product_cat?post=17695"},{"taxonomy":"product_tag","embeddable":true,"href":"https:\/\/test.dagic.es\/fr\/wp-json\/wp\/v2\/product_tag?post=17695"}],"curies":[{"name":"wp","href":"https:\/\/api.w.org\/{rel}","templated":true}]}}