{"id":17675,"date":"2020-04-22T09:02:07","date_gmt":"2020-04-22T08:02:07","guid":{"rendered":"https:\/\/test.dagic.es\/?post_type=product&#038;p=17675"},"modified":"2020-04-29T10:07:57","modified_gmt":"2020-04-29T09:07:57","slug":"stand-mostrador-totem","status":"publish","type":"product","link":"https:\/\/test.dagic.es\/fr\/producto\/stand-mostrador-totem\/","title":{"rendered":"Stand mostrador plegable Tuk con columna t\u00f3tem"},"excerpt":{"rendered":"<p><strong>Stand<\/strong> <strong>mostrador plegable con columna t\u00f3tem. <\/strong>\u00a0Una combinaci\u00f3n muy pr\u00e1ctica que a\u00fana la necesidad de atender al p\u00fablico con la de exponer de forma visible la imagen corporativa de la marca.\u00a0 Elementos totalmente\u00a0 desmontables para facilitar su transporte en plano. Reutilizable.\u00a0 Incluye un amplio espacio de almacenaje con acceso desde la parte trasera del mostrador.\u00a0 Cons\u00faltanos para ver opciones de personalizaci\u00f3n con im\u00e1genes, logotipos u otros formatos. Dise\u00f1o exclusivo de Cartonlab.<\/p>\n","protected":false},"featured_media":17670,"comment_status":"open","ping_status":"closed","template":"","meta":{"_acf_changed":false,"inline_featured_image":false},"product_brand":[],"product_cat":[3018,3036,3035,3037,3039,3032],"product_tag":[],"class_list":{"0":"post-17675","1":"product","2":"type-product","3":"status-publish","4":"has-post-thumbnail","6":"product_cat-muebles-en-carton","7":"product_cat-mobilier-pour-evenements-durables","8":"product_cat-produits-pour-evenements-durables","9":"product_cat-stands-modulaires-ecologiques","10":"product_cat-supports-et-totems","11":"product_cat-tables-et-comptoirs-daccueil","12":"product_shipping_class-producto-grande","14":"first","15":"instock","16":"taxable","17":"shipping-taxable","18":"product-type-simple"},"acf":[],"yoast_head":"<!-- This site is optimized with the Yoast SEO plugin v27.2 - https:\/\/yoast.com\/product\/yoast-seo-wordpress\/ -->\n<title>Stand mostrador plegable con columna t\u00f3tem | Cartonlab Ecodise\u00f1o<\/title>\n<meta name=\"description\" content=\"Stand mostrador plegable con columna t\u00f3tem integrada. Punto de atenci\u00f3n al p\u00fablico ecol\u00f3gico. Producido en cart\u00f3n. F\u00e1cil de montar y personalizable.\" \/>\n<meta name=\"robots\" content=\"index, follow, max-snippet:-1, max-image-preview:large, max-video-preview:-1\" \/>\n<link rel=\"canonical\" href=\"https:\/\/test.dagic.es\/fr\/producto\/stand-mostrador-totem\/\" \/>\n<meta property=\"og:locale\" content=\"fr_FR\" \/>\n<meta property=\"og:type\" content=\"article\" \/>\n<meta property=\"og:title\" content=\"Stand mostrador plegable con columna t\u00f3tem | Cartonlab Ecodise\u00f1o\" \/>\n<meta property=\"og:description\" content=\"Stand mostrador plegable con columna t\u00f3tem integrada. Punto de atenci\u00f3n al p\u00fablico ecol\u00f3gico. Producido en cart\u00f3n. F\u00e1cil de montar y personalizable.\" \/>\n<meta property=\"og:url\" content=\"https:\/\/test.dagic.es\/fr\/producto\/stand-mostrador-totem\/\" \/>\n<meta property=\"og:site_name\" content=\"Cartonlab FR\" \/>\n<meta property=\"article:modified_time\" content=\"2020-04-29T09:07:57+00:00\" \/>\n<meta property=\"og:image\" content=\"https:\/\/test.dagic.es\/fr\/wp-content\/uploads\/sites\/5\/2020\/04\/Mostraburetetotem1.jpg\" \/>\n\t<meta property=\"og:image:width\" content=\"800\" \/>\n\t<meta property=\"og:image:height\" content=\"800\" \/>\n\t<meta property=\"og:image:type\" content=\"image\/jpeg\" \/>\n<meta name=\"twitter:card\" content=\"summary_large_image\" \/>\n<script type=\"application\/ld+json\" class=\"yoast-schema-graph\">{\"@context\":\"https:\/\/schema.org\",\"@graph\":[{\"@type\":\"WebPage\",\"@id\":\"https:\/\/test.dagic.es\/fr\/producto\/stand-mostrador-totem\/\",\"url\":\"https:\/\/test.dagic.es\/fr\/producto\/stand-mostrador-totem\/\",\"name\":\"Stand mostrador plegable con columna t\u00f3tem | Cartonlab Ecodise\u00f1o\",\"isPartOf\":{\"@id\":\"https:\/\/test.dagic.es\/fr\/#website\"},\"primaryImageOfPage\":{\"@id\":\"https:\/\/test.dagic.es\/fr\/producto\/stand-mostrador-totem\/#primaryimage\"},\"image\":{\"@id\":\"https:\/\/test.dagic.es\/fr\/producto\/stand-mostrador-totem\/#primaryimage\"},\"thumbnailUrl\":\"https:\/\/test.dagic.es\/fr\/wp-content\/uploads\/sites\/5\/2020\/04\/Mostraburetetotem1.jpg\",\"datePublished\":\"2020-04-22T08:02:07+00:00\",\"dateModified\":\"2020-04-29T09:07:57+00:00\",\"description\":\"Stand mostrador plegable con columna t\u00f3tem integrada. Punto de atenci\u00f3n al p\u00fablico ecol\u00f3gico. Producido en cart\u00f3n. F\u00e1cil de montar y personalizable.\",\"breadcrumb\":{\"@id\":\"https:\/\/test.dagic.es\/fr\/producto\/stand-mostrador-totem\/#breadcrumb\"},\"inLanguage\":\"fr-FR\",\"potentialAction\":[{\"@type\":\"ReadAction\",\"target\":[\"https:\/\/test.dagic.es\/fr\/producto\/stand-mostrador-totem\/\"]}]},{\"@type\":\"ImageObject\",\"inLanguage\":\"fr-FR\",\"@id\":\"https:\/\/test.dagic.es\/fr\/producto\/stand-mostrador-totem\/#primaryimage\",\"url\":\"https:\/\/test.dagic.es\/fr\/wp-content\/uploads\/sites\/5\/2020\/04\/Mostraburetetotem1.jpg\",\"contentUrl\":\"https:\/\/test.dagic.es\/fr\/wp-content\/uploads\/sites\/5\/2020\/04\/Mostraburetetotem1.jpg\",\"width\":800,\"height\":800,\"caption\":\"Stand mostrador plegable con columna totem\"},{\"@type\":\"BreadcrumbList\",\"@id\":\"https:\/\/test.dagic.es\/fr\/producto\/stand-mostrador-totem\/#breadcrumb\",\"itemListElement\":[{\"@type\":\"ListItem\",\"position\":1,\"name\":\"Accueil\",\"item\":\"https:\/\/test.dagic.es\/fr\/\"},{\"@type\":\"ListItem\",\"position\":2,\"name\":\"Produits\",\"item\":\"https:\/\/test.dagic.es\/fr\/shop\/\"},{\"@type\":\"ListItem\",\"position\":3,\"name\":\"Stand mostrador plegable Tuk con columna t\u00f3tem\"}]},{\"@type\":\"WebSite\",\"@id\":\"https:\/\/test.dagic.es\/fr\/#website\",\"url\":\"https:\/\/test.dagic.es\/fr\/\",\"name\":\"Cartonlab FR\",\"description\":\"Cartonlab | Projets internationaux pour \u00e9v\u00e9nements et stands\",\"publisher\":{\"@id\":\"https:\/\/test.dagic.es\/fr\/#organization\"},\"potentialAction\":[{\"@type\":\"SearchAction\",\"target\":{\"@type\":\"EntryPoint\",\"urlTemplate\":\"https:\/\/test.dagic.es\/fr\/?s={search_term_string}\"},\"query-input\":{\"@type\":\"PropertyValueSpecification\",\"valueRequired\":true,\"valueName\":\"search_term_string\"}}],\"inLanguage\":\"fr-FR\"},{\"@type\":\"Organization\",\"@id\":\"https:\/\/test.dagic.es\/fr\/#organization\",\"name\":\"Cartonlab FR\",\"url\":\"https:\/\/test.dagic.es\/fr\/\",\"logo\":{\"@type\":\"ImageObject\",\"inLanguage\":\"fr-FR\",\"@id\":\"https:\/\/test.dagic.es\/fr\/#\/schema\/logo\/image\/\",\"url\":\"https:\/\/test.dagic.es\/fr\/wp-content\/uploads\/sites\/5\/2023\/07\/logo.svg\",\"contentUrl\":\"https:\/\/test.dagic.es\/fr\/wp-content\/uploads\/sites\/5\/2023\/07\/logo.svg\",\"width\":163,\"height\":44,\"caption\":\"Cartonlab FR\"},\"image\":{\"@id\":\"https:\/\/test.dagic.es\/fr\/#\/schema\/logo\/image\/\"}}]}<\/script>\n<!-- \/ Yoast SEO plugin. -->","yoast_head_json":{"title":"Stand mostrador plegable con columna t\u00f3tem | Cartonlab Ecodise\u00f1o","description":"Stand mostrador plegable con columna t\u00f3tem integrada. Punto de atenci\u00f3n al p\u00fablico ecol\u00f3gico. Producido en cart\u00f3n. F\u00e1cil de montar y personalizable.","robots":{"index":"index","follow":"follow","max-snippet":"max-snippet:-1","max-image-preview":"max-image-preview:large","max-video-preview":"max-video-preview:-1"},"canonical":"https:\/\/test.dagic.es\/fr\/producto\/stand-mostrador-totem\/","og_locale":"fr_FR","og_type":"article","og_title":"Stand mostrador plegable con columna t\u00f3tem | Cartonlab Ecodise\u00f1o","og_description":"Stand mostrador plegable con columna t\u00f3tem integrada. Punto de atenci\u00f3n al p\u00fablico ecol\u00f3gico. Producido en cart\u00f3n. F\u00e1cil de montar y personalizable.","og_url":"https:\/\/test.dagic.es\/fr\/producto\/stand-mostrador-totem\/","og_site_name":"Cartonlab FR","article_modified_time":"2020-04-29T09:07:57+00:00","og_image":[{"width":800,"height":800,"url":"https:\/\/test.dagic.es\/fr\/wp-content\/uploads\/sites\/5\/2020\/04\/Mostraburetetotem1.jpg","type":"image\/jpeg"}],"twitter_card":"summary_large_image","schema":{"@context":"https:\/\/schema.org","@graph":[{"@type":"WebPage","@id":"https:\/\/test.dagic.es\/fr\/producto\/stand-mostrador-totem\/","url":"https:\/\/test.dagic.es\/fr\/producto\/stand-mostrador-totem\/","name":"Stand mostrador plegable con columna t\u00f3tem | Cartonlab Ecodise\u00f1o","isPartOf":{"@id":"https:\/\/test.dagic.es\/fr\/#website"},"primaryImageOfPage":{"@id":"https:\/\/test.dagic.es\/fr\/producto\/stand-mostrador-totem\/#primaryimage"},"image":{"@id":"https:\/\/test.dagic.es\/fr\/producto\/stand-mostrador-totem\/#primaryimage"},"thumbnailUrl":"https:\/\/test.dagic.es\/fr\/wp-content\/uploads\/sites\/5\/2020\/04\/Mostraburetetotem1.jpg","datePublished":"2020-04-22T08:02:07+00:00","dateModified":"2020-04-29T09:07:57+00:00","description":"Stand mostrador plegable con columna t\u00f3tem integrada. Punto de atenci\u00f3n al p\u00fablico ecol\u00f3gico. Producido en cart\u00f3n. F\u00e1cil de montar y personalizable.","breadcrumb":{"@id":"https:\/\/test.dagic.es\/fr\/producto\/stand-mostrador-totem\/#breadcrumb"},"inLanguage":"fr-FR","potentialAction":[{"@type":"ReadAction","target":["https:\/\/test.dagic.es\/fr\/producto\/stand-mostrador-totem\/"]}]},{"@type":"ImageObject","inLanguage":"fr-FR","@id":"https:\/\/test.dagic.es\/fr\/producto\/stand-mostrador-totem\/#primaryimage","url":"https:\/\/test.dagic.es\/fr\/wp-content\/uploads\/sites\/5\/2020\/04\/Mostraburetetotem1.jpg","contentUrl":"https:\/\/test.dagic.es\/fr\/wp-content\/uploads\/sites\/5\/2020\/04\/Mostraburetetotem1.jpg","width":800,"height":800,"caption":"Stand mostrador plegable con columna totem"},{"@type":"BreadcrumbList","@id":"https:\/\/test.dagic.es\/fr\/producto\/stand-mostrador-totem\/#breadcrumb","itemListElement":[{"@type":"ListItem","position":1,"name":"Accueil","item":"https:\/\/test.dagic.es\/fr\/"},{"@type":"ListItem","position":2,"name":"Produits","item":"https:\/\/test.dagic.es\/fr\/shop\/"},{"@type":"ListItem","position":3,"name":"Stand mostrador plegable Tuk con columna t\u00f3tem"}]},{"@type":"WebSite","@id":"https:\/\/test.dagic.es\/fr\/#website","url":"https:\/\/test.dagic.es\/fr\/","name":"Cartonlab FR","description":"Cartonlab | Projets internationaux pour \u00e9v\u00e9nements et stands","publisher":{"@id":"https:\/\/test.dagic.es\/fr\/#organization"},"potentialAction":[{"@type":"SearchAction","target":{"@type":"EntryPoint","urlTemplate":"https:\/\/test.dagic.es\/fr\/?s={search_term_string}"},"query-input":{"@type":"PropertyValueSpecification","valueRequired":true,"valueName":"search_term_string"}}],"inLanguage":"fr-FR"},{"@type":"Organization","@id":"https:\/\/test.dagic.es\/fr\/#organization","name":"Cartonlab FR","url":"https:\/\/test.dagic.es\/fr\/","logo":{"@type":"ImageObject","inLanguage":"fr-FR","@id":"https:\/\/test.dagic.es\/fr\/#\/schema\/logo\/image\/","url":"https:\/\/test.dagic.es\/fr\/wp-content\/uploads\/sites\/5\/2023\/07\/logo.svg","contentUrl":"https:\/\/test.dagic.es\/fr\/wp-content\/uploads\/sites\/5\/2023\/07\/logo.svg","width":163,"height":44,"caption":"Cartonlab FR"},"image":{"@id":"https:\/\/test.dagic.es\/fr\/#\/schema\/logo\/image\/"}}]}},"_links":{"self":[{"href":"https:\/\/test.dagic.es\/fr\/wp-json\/wp\/v2\/product\/17675","targetHints":{"allow":["GET"]}}],"collection":[{"href":"https:\/\/test.dagic.es\/fr\/wp-json\/wp\/v2\/product"}],"about":[{"href":"https:\/\/test.dagic.es\/fr\/wp-json\/wp\/v2\/types\/product"}],"replies":[{"embeddable":true,"href":"https:\/\/test.dagic.es\/fr\/wp-json\/wp\/v2\/comments?post=17675"}],"wp:featuredmedia":[{"embeddable":true,"href":"https:\/\/test.dagic.es\/fr\/wp-json\/wp\/v2\/media\/17670"}],"wp:attachment":[{"href":"https:\/\/test.dagic.es\/fr\/wp-json\/wp\/v2\/media?parent=17675"}],"wp:term":[{"taxonomy":"product_brand","embeddable":true,"href":"https:\/\/test.dagic.es\/fr\/wp-json\/wp\/v2\/product_brand?post=17675"},{"taxonomy":"product_cat","embeddable":true,"href":"https:\/\/test.dagic.es\/fr\/wp-json\/wp\/v2\/product_cat?post=17675"},{"taxonomy":"product_tag","embeddable":true,"href":"https:\/\/test.dagic.es\/fr\/wp-json\/wp\/v2\/product_tag?post=17675"}],"curies":[{"name":"wp","href":"https:\/\/api.w.org\/{rel}","templated":true}]}}