{"id":17644,"date":"2020-04-03T12:14:30","date_gmt":"2020-04-03T11:14:30","guid":{"rendered":"https:\/\/test.dagic.es\/?post_type=product&#038;p=17644"},"modified":"2020-04-03T12:16:18","modified_gmt":"2020-04-03T11:16:18","slug":"panel-giratorio","status":"publish","type":"product","link":"https:\/\/test.dagic.es\/fr\/producto\/panel-giratorio\/","title":{"rendered":"Panel giratorio. Casillero interactivo para eventos."},"excerpt":{"rendered":"<p>El <strong>panel giratorio de cart\u00f3n <\/strong>es uno de nuestros productos m\u00e1s interactivos. Un s\u00f3lido marco con m\u00f3dulos en el interior de su per\u00edmetro que rotan con la ayuda de ejes met\u00e1licos.\u00a0Compuesto por <strong>25 m\u00f3dulos cuadrados <\/strong>de 37 cm de lado, distribuidos en <strong>5 columnas, <\/strong>cada una con<strong> 5 m\u00f3dulos impresos <\/strong>por ambas caras. Este dise\u00f1o es totalmente personalizable con los colores, ilustraciones o gr\u00e1fica que necesites.\u00a0 Consulta m\u00e1s caracter\u00edsticas y precio via formulario de contacto o email.<\/p>\n<p style=\"font-weight: 400;\">\n","protected":false},"featured_media":17648,"comment_status":"open","ping_status":"closed","template":"","meta":{"_acf_changed":false,"inline_featured_image":false},"product_brand":[],"product_cat":[3035,3039],"product_tag":[],"class_list":{"0":"post-17644","1":"product","2":"type-product","3":"status-publish","4":"has-post-thumbnail","6":"product_cat-produits-pour-evenements-durables","7":"product_cat-supports-et-totems","9":"first","10":"instock","11":"taxable","12":"shipping-taxable","13":"product-type-simple"},"acf":[],"yoast_head":"<!-- This site is optimized with the Yoast SEO plugin v27.2 - https:\/\/yoast.com\/product\/yoast-seo-wordpress\/ -->\n<title>Panel giratorio | Casillero rinteractivo para eventos | Cartonlab<\/title>\n<meta name=\"description\" content=\"El panel giratorio es uno de nuestros dise\u00f1os m\u00e1s interactivos. Un s\u00f3lido marco contiene 25 m\u00f3dulos a modo de casilleros rotativos personalizables.\" \/>\n<meta name=\"robots\" content=\"index, follow, max-snippet:-1, max-image-preview:large, max-video-preview:-1\" \/>\n<link rel=\"canonical\" href=\"https:\/\/test.dagic.es\/fr\/producto\/panel-giratorio\/\" \/>\n<meta property=\"og:locale\" content=\"fr_FR\" \/>\n<meta property=\"og:type\" content=\"article\" \/>\n<meta property=\"og:title\" content=\"Panel giratorio | Casillero rinteractivo para eventos | Cartonlab\" \/>\n<meta property=\"og:description\" content=\"El panel giratorio es uno de nuestros dise\u00f1os m\u00e1s interactivos. Un s\u00f3lido marco contiene 25 m\u00f3dulos a modo de casilleros rotativos personalizables.\" \/>\n<meta property=\"og:url\" content=\"https:\/\/test.dagic.es\/fr\/producto\/panel-giratorio\/\" \/>\n<meta property=\"og:site_name\" content=\"Cartonlab FR\" \/>\n<meta property=\"article:modified_time\" content=\"2020-04-03T11:16:18+00:00\" \/>\n<meta property=\"og:image\" content=\"https:\/\/test.dagic.es\/fr\/wp-content\/uploads\/sites\/5\/2020\/04\/panelgiratorio1.jpg\" \/>\n\t<meta property=\"og:image:width\" content=\"800\" \/>\n\t<meta property=\"og:image:height\" content=\"800\" \/>\n\t<meta property=\"og:image:type\" content=\"image\/jpeg\" \/>\n<meta name=\"twitter:card\" content=\"summary_large_image\" \/>\n<script type=\"application\/ld+json\" class=\"yoast-schema-graph\">{\"@context\":\"https:\/\/schema.org\",\"@graph\":[{\"@type\":\"WebPage\",\"@id\":\"https:\/\/test.dagic.es\/fr\/producto\/panel-giratorio\/\",\"url\":\"https:\/\/test.dagic.es\/fr\/producto\/panel-giratorio\/\",\"name\":\"Panel giratorio | Casillero rinteractivo para eventos | Cartonlab\",\"isPartOf\":{\"@id\":\"https:\/\/test.dagic.es\/fr\/#website\"},\"primaryImageOfPage\":{\"@id\":\"https:\/\/test.dagic.es\/fr\/producto\/panel-giratorio\/#primaryimage\"},\"image\":{\"@id\":\"https:\/\/test.dagic.es\/fr\/producto\/panel-giratorio\/#primaryimage\"},\"thumbnailUrl\":\"https:\/\/test.dagic.es\/fr\/wp-content\/uploads\/sites\/5\/2020\/04\/panelgiratorio1.jpg\",\"datePublished\":\"2020-04-03T11:14:30+00:00\",\"dateModified\":\"2020-04-03T11:16:18+00:00\",\"description\":\"El panel giratorio es uno de nuestros dise\u00f1os m\u00e1s interactivos. Un s\u00f3lido marco contiene 25 m\u00f3dulos a modo de casilleros rotativos personalizables.\",\"breadcrumb\":{\"@id\":\"https:\/\/test.dagic.es\/fr\/producto\/panel-giratorio\/#breadcrumb\"},\"inLanguage\":\"fr-FR\",\"potentialAction\":[{\"@type\":\"ReadAction\",\"target\":[\"https:\/\/test.dagic.es\/fr\/producto\/panel-giratorio\/\"]}]},{\"@type\":\"ImageObject\",\"inLanguage\":\"fr-FR\",\"@id\":\"https:\/\/test.dagic.es\/fr\/producto\/panel-giratorio\/#primaryimage\",\"url\":\"https:\/\/test.dagic.es\/fr\/wp-content\/uploads\/sites\/5\/2020\/04\/panelgiratorio1.jpg\",\"contentUrl\":\"https:\/\/test.dagic.es\/fr\/wp-content\/uploads\/sites\/5\/2020\/04\/panelgiratorio1.jpg\",\"width\":800,\"height\":800,\"caption\":\"Panel de m\u00f3dulos giratorios\"},{\"@type\":\"BreadcrumbList\",\"@id\":\"https:\/\/test.dagic.es\/fr\/producto\/panel-giratorio\/#breadcrumb\",\"itemListElement\":[{\"@type\":\"ListItem\",\"position\":1,\"name\":\"Accueil\",\"item\":\"https:\/\/test.dagic.es\/fr\/\"},{\"@type\":\"ListItem\",\"position\":2,\"name\":\"Produits\",\"item\":\"https:\/\/test.dagic.es\/fr\/shop\/\"},{\"@type\":\"ListItem\",\"position\":3,\"name\":\"Panel giratorio. Casillero interactivo para eventos.\"}]},{\"@type\":\"WebSite\",\"@id\":\"https:\/\/test.dagic.es\/fr\/#website\",\"url\":\"https:\/\/test.dagic.es\/fr\/\",\"name\":\"Cartonlab FR\",\"description\":\"Cartonlab | Projets internationaux pour \u00e9v\u00e9nements et stands\",\"publisher\":{\"@id\":\"https:\/\/test.dagic.es\/fr\/#organization\"},\"potentialAction\":[{\"@type\":\"SearchAction\",\"target\":{\"@type\":\"EntryPoint\",\"urlTemplate\":\"https:\/\/test.dagic.es\/fr\/?s={search_term_string}\"},\"query-input\":{\"@type\":\"PropertyValueSpecification\",\"valueRequired\":true,\"valueName\":\"search_term_string\"}}],\"inLanguage\":\"fr-FR\"},{\"@type\":\"Organization\",\"@id\":\"https:\/\/test.dagic.es\/fr\/#organization\",\"name\":\"Cartonlab FR\",\"url\":\"https:\/\/test.dagic.es\/fr\/\",\"logo\":{\"@type\":\"ImageObject\",\"inLanguage\":\"fr-FR\",\"@id\":\"https:\/\/test.dagic.es\/fr\/#\/schema\/logo\/image\/\",\"url\":\"https:\/\/test.dagic.es\/fr\/wp-content\/uploads\/sites\/5\/2023\/07\/logo.svg\",\"contentUrl\":\"https:\/\/test.dagic.es\/fr\/wp-content\/uploads\/sites\/5\/2023\/07\/logo.svg\",\"width\":163,\"height\":44,\"caption\":\"Cartonlab FR\"},\"image\":{\"@id\":\"https:\/\/test.dagic.es\/fr\/#\/schema\/logo\/image\/\"}}]}<\/script>\n<!-- \/ Yoast SEO plugin. -->","yoast_head_json":{"title":"Panel giratorio | Casillero rinteractivo para eventos | Cartonlab","description":"El panel giratorio es uno de nuestros dise\u00f1os m\u00e1s interactivos. Un s\u00f3lido marco contiene 25 m\u00f3dulos a modo de casilleros rotativos personalizables.","robots":{"index":"index","follow":"follow","max-snippet":"max-snippet:-1","max-image-preview":"max-image-preview:large","max-video-preview":"max-video-preview:-1"},"canonical":"https:\/\/test.dagic.es\/fr\/producto\/panel-giratorio\/","og_locale":"fr_FR","og_type":"article","og_title":"Panel giratorio | Casillero rinteractivo para eventos | Cartonlab","og_description":"El panel giratorio es uno de nuestros dise\u00f1os m\u00e1s interactivos. Un s\u00f3lido marco contiene 25 m\u00f3dulos a modo de casilleros rotativos personalizables.","og_url":"https:\/\/test.dagic.es\/fr\/producto\/panel-giratorio\/","og_site_name":"Cartonlab FR","article_modified_time":"2020-04-03T11:16:18+00:00","og_image":[{"width":800,"height":800,"url":"https:\/\/test.dagic.es\/fr\/wp-content\/uploads\/sites\/5\/2020\/04\/panelgiratorio1.jpg","type":"image\/jpeg"}],"twitter_card":"summary_large_image","schema":{"@context":"https:\/\/schema.org","@graph":[{"@type":"WebPage","@id":"https:\/\/test.dagic.es\/fr\/producto\/panel-giratorio\/","url":"https:\/\/test.dagic.es\/fr\/producto\/panel-giratorio\/","name":"Panel giratorio | Casillero rinteractivo para eventos | Cartonlab","isPartOf":{"@id":"https:\/\/test.dagic.es\/fr\/#website"},"primaryImageOfPage":{"@id":"https:\/\/test.dagic.es\/fr\/producto\/panel-giratorio\/#primaryimage"},"image":{"@id":"https:\/\/test.dagic.es\/fr\/producto\/panel-giratorio\/#primaryimage"},"thumbnailUrl":"https:\/\/test.dagic.es\/fr\/wp-content\/uploads\/sites\/5\/2020\/04\/panelgiratorio1.jpg","datePublished":"2020-04-03T11:14:30+00:00","dateModified":"2020-04-03T11:16:18+00:00","description":"El panel giratorio es uno de nuestros dise\u00f1os m\u00e1s interactivos. Un s\u00f3lido marco contiene 25 m\u00f3dulos a modo de casilleros rotativos personalizables.","breadcrumb":{"@id":"https:\/\/test.dagic.es\/fr\/producto\/panel-giratorio\/#breadcrumb"},"inLanguage":"fr-FR","potentialAction":[{"@type":"ReadAction","target":["https:\/\/test.dagic.es\/fr\/producto\/panel-giratorio\/"]}]},{"@type":"ImageObject","inLanguage":"fr-FR","@id":"https:\/\/test.dagic.es\/fr\/producto\/panel-giratorio\/#primaryimage","url":"https:\/\/test.dagic.es\/fr\/wp-content\/uploads\/sites\/5\/2020\/04\/panelgiratorio1.jpg","contentUrl":"https:\/\/test.dagic.es\/fr\/wp-content\/uploads\/sites\/5\/2020\/04\/panelgiratorio1.jpg","width":800,"height":800,"caption":"Panel de m\u00f3dulos giratorios"},{"@type":"BreadcrumbList","@id":"https:\/\/test.dagic.es\/fr\/producto\/panel-giratorio\/#breadcrumb","itemListElement":[{"@type":"ListItem","position":1,"name":"Accueil","item":"https:\/\/test.dagic.es\/fr\/"},{"@type":"ListItem","position":2,"name":"Produits","item":"https:\/\/test.dagic.es\/fr\/shop\/"},{"@type":"ListItem","position":3,"name":"Panel giratorio. Casillero interactivo para eventos."}]},{"@type":"WebSite","@id":"https:\/\/test.dagic.es\/fr\/#website","url":"https:\/\/test.dagic.es\/fr\/","name":"Cartonlab FR","description":"Cartonlab | Projets internationaux pour \u00e9v\u00e9nements et stands","publisher":{"@id":"https:\/\/test.dagic.es\/fr\/#organization"},"potentialAction":[{"@type":"SearchAction","target":{"@type":"EntryPoint","urlTemplate":"https:\/\/test.dagic.es\/fr\/?s={search_term_string}"},"query-input":{"@type":"PropertyValueSpecification","valueRequired":true,"valueName":"search_term_string"}}],"inLanguage":"fr-FR"},{"@type":"Organization","@id":"https:\/\/test.dagic.es\/fr\/#organization","name":"Cartonlab FR","url":"https:\/\/test.dagic.es\/fr\/","logo":{"@type":"ImageObject","inLanguage":"fr-FR","@id":"https:\/\/test.dagic.es\/fr\/#\/schema\/logo\/image\/","url":"https:\/\/test.dagic.es\/fr\/wp-content\/uploads\/sites\/5\/2023\/07\/logo.svg","contentUrl":"https:\/\/test.dagic.es\/fr\/wp-content\/uploads\/sites\/5\/2023\/07\/logo.svg","width":163,"height":44,"caption":"Cartonlab FR"},"image":{"@id":"https:\/\/test.dagic.es\/fr\/#\/schema\/logo\/image\/"}}]}},"_links":{"self":[{"href":"https:\/\/test.dagic.es\/fr\/wp-json\/wp\/v2\/product\/17644","targetHints":{"allow":["GET"]}}],"collection":[{"href":"https:\/\/test.dagic.es\/fr\/wp-json\/wp\/v2\/product"}],"about":[{"href":"https:\/\/test.dagic.es\/fr\/wp-json\/wp\/v2\/types\/product"}],"replies":[{"embeddable":true,"href":"https:\/\/test.dagic.es\/fr\/wp-json\/wp\/v2\/comments?post=17644"}],"wp:featuredmedia":[{"embeddable":true,"href":"https:\/\/test.dagic.es\/fr\/wp-json\/wp\/v2\/media\/17648"}],"wp:attachment":[{"href":"https:\/\/test.dagic.es\/fr\/wp-json\/wp\/v2\/media?parent=17644"}],"wp:term":[{"taxonomy":"product_brand","embeddable":true,"href":"https:\/\/test.dagic.es\/fr\/wp-json\/wp\/v2\/product_brand?post=17644"},{"taxonomy":"product_cat","embeddable":true,"href":"https:\/\/test.dagic.es\/fr\/wp-json\/wp\/v2\/product_cat?post=17644"},{"taxonomy":"product_tag","embeddable":true,"href":"https:\/\/test.dagic.es\/fr\/wp-json\/wp\/v2\/product_tag?post=17644"}],"curies":[{"name":"wp","href":"https:\/\/api.w.org\/{rel}","templated":true}]}}