{"id":16458,"date":"2019-11-06T12:03:59","date_gmt":"2019-11-06T11:03:59","guid":{"rendered":"https:\/\/test.dagic.es\/?post_type=product&#038;p=16458"},"modified":"2020-02-07T13:38:17","modified_gmt":"2020-02-07T12:38:17","slug":"stand-mostrador-con-totem","status":"publish","type":"product","link":"https:\/\/test.dagic.es\/fr\/producto\/stand-mostrador-con-totem\/","title":{"rendered":"Stand mostrador Up con t\u00f3tem integrado"},"excerpt":{"rendered":"<p>Stand mesa Up + t\u00f3tem, una interesante combinaci\u00f3n de funcionalidades. Asegura una mesa para la adecuada atenci\u00f3n al p\u00fablico y un soporte expositor suficiente para hacer brillar tu marca en cualquier evento. Es un mueble s\u00f3lido y f\u00e1cil de montar, ligero pese a sus dimensiones. Mantiene una est\u00e9tica minimalista y elegante, adaptable a cualquier necesidad.<\/p>\n","protected":false},"featured_media":16475,"comment_status":"open","ping_status":"closed","template":"","meta":{"_acf_changed":false,"inline_featured_image":false},"product_brand":[],"product_cat":[3018,3036,3035,3037,3039,3032],"product_tag":[],"class_list":{"0":"post-16458","1":"product","2":"type-product","3":"status-publish","4":"has-post-thumbnail","6":"product_cat-muebles-en-carton","7":"product_cat-mobilier-pour-evenements-durables","8":"product_cat-produits-pour-evenements-durables","9":"product_cat-stands-modulaires-ecologiques","10":"product_cat-supports-et-totems","11":"product_cat-tables-et-comptoirs-daccueil","12":"product_shipping_class-producto-grande","14":"first","15":"instock","16":"sale","17":"taxable","18":"shipping-taxable","19":"product-type-simple"},"acf":[],"yoast_head":"<!-- This site is optimized with the Yoast SEO plugin v27.2 - https:\/\/yoast.com\/product\/yoast-seo-wordpress\/ -->\n<title>Stand mostrador con t\u00f3tem lateral integrado | Compra Online en Cartonlab<\/title>\n<meta name=\"description\" content=\"Stand mesa mostrador que incluye t\u00f3tem lateral integrado. Funcional y personalizable. Ideal como punto de atenci\u00f3n al p\u00fablico, ferias y eventos.\" \/>\n<meta name=\"robots\" content=\"index, follow, max-snippet:-1, max-image-preview:large, max-video-preview:-1\" \/>\n<link rel=\"canonical\" href=\"https:\/\/test.dagic.es\/fr\/producto\/stand-mostrador-con-totem\/\" \/>\n<meta property=\"og:locale\" content=\"fr_FR\" \/>\n<meta property=\"og:type\" content=\"article\" \/>\n<meta property=\"og:title\" content=\"Stand mostrador con t\u00f3tem lateral integrado | Compra Online en Cartonlab\" \/>\n<meta property=\"og:description\" content=\"Stand mesa mostrador que incluye t\u00f3tem lateral integrado. Funcional y personalizable. Ideal como punto de atenci\u00f3n al p\u00fablico, ferias y eventos.\" \/>\n<meta property=\"og:url\" content=\"https:\/\/test.dagic.es\/fr\/producto\/stand-mostrador-con-totem\/\" \/>\n<meta property=\"og:site_name\" content=\"Cartonlab FR\" \/>\n<meta property=\"article:modified_time\" content=\"2020-02-07T12:38:17+00:00\" \/>\n<meta property=\"og:image\" content=\"https:\/\/test.dagic.es\/fr\/wp-content\/uploads\/sites\/5\/2019\/11\/mesa-up-totem1.jpg\" \/>\n\t<meta property=\"og:image:width\" content=\"800\" \/>\n\t<meta property=\"og:image:height\" content=\"800\" \/>\n\t<meta property=\"og:image:type\" content=\"image\/jpeg\" \/>\n<meta name=\"twitter:card\" content=\"summary_large_image\" \/>\n<script type=\"application\/ld+json\" class=\"yoast-schema-graph\">{\"@context\":\"https:\/\/schema.org\",\"@graph\":[{\"@type\":\"WebPage\",\"@id\":\"https:\/\/test.dagic.es\/fr\/producto\/stand-mostrador-con-totem\/\",\"url\":\"https:\/\/test.dagic.es\/fr\/producto\/stand-mostrador-con-totem\/\",\"name\":\"Stand mostrador con t\u00f3tem lateral integrado | Compra Online en Cartonlab\",\"isPartOf\":{\"@id\":\"https:\/\/test.dagic.es\/fr\/#website\"},\"primaryImageOfPage\":{\"@id\":\"https:\/\/test.dagic.es\/fr\/producto\/stand-mostrador-con-totem\/#primaryimage\"},\"image\":{\"@id\":\"https:\/\/test.dagic.es\/fr\/producto\/stand-mostrador-con-totem\/#primaryimage\"},\"thumbnailUrl\":\"https:\/\/test.dagic.es\/fr\/wp-content\/uploads\/sites\/5\/2019\/11\/mesa-up-totem1.jpg\",\"datePublished\":\"2019-11-06T11:03:59+00:00\",\"dateModified\":\"2020-02-07T12:38:17+00:00\",\"description\":\"Stand mesa mostrador que incluye t\u00f3tem lateral integrado. Funcional y personalizable. Ideal como punto de atenci\u00f3n al p\u00fablico, ferias y eventos.\",\"breadcrumb\":{\"@id\":\"https:\/\/test.dagic.es\/fr\/producto\/stand-mostrador-con-totem\/#breadcrumb\"},\"inLanguage\":\"fr-FR\",\"potentialAction\":[{\"@type\":\"ReadAction\",\"target\":[\"https:\/\/test.dagic.es\/fr\/producto\/stand-mostrador-con-totem\/\"]}]},{\"@type\":\"ImageObject\",\"inLanguage\":\"fr-FR\",\"@id\":\"https:\/\/test.dagic.es\/fr\/producto\/stand-mostrador-con-totem\/#primaryimage\",\"url\":\"https:\/\/test.dagic.es\/fr\/wp-content\/uploads\/sites\/5\/2019\/11\/mesa-up-totem1.jpg\",\"contentUrl\":\"https:\/\/test.dagic.es\/fr\/wp-content\/uploads\/sites\/5\/2019\/11\/mesa-up-totem1.jpg\",\"width\":800,\"height\":800,\"caption\":\"Mesa Up + t\u00f3tem\"},{\"@type\":\"BreadcrumbList\",\"@id\":\"https:\/\/test.dagic.es\/fr\/producto\/stand-mostrador-con-totem\/#breadcrumb\",\"itemListElement\":[{\"@type\":\"ListItem\",\"position\":1,\"name\":\"Accueil\",\"item\":\"https:\/\/test.dagic.es\/fr\/\"},{\"@type\":\"ListItem\",\"position\":2,\"name\":\"Produits\",\"item\":\"https:\/\/test.dagic.es\/fr\/shop\/\"},{\"@type\":\"ListItem\",\"position\":3,\"name\":\"Stand mostrador Up con t\u00f3tem integrado\"}]},{\"@type\":\"WebSite\",\"@id\":\"https:\/\/test.dagic.es\/fr\/#website\",\"url\":\"https:\/\/test.dagic.es\/fr\/\",\"name\":\"Cartonlab FR\",\"description\":\"Cartonlab | Projets internationaux pour \u00e9v\u00e9nements et stands\",\"publisher\":{\"@id\":\"https:\/\/test.dagic.es\/fr\/#organization\"},\"potentialAction\":[{\"@type\":\"SearchAction\",\"target\":{\"@type\":\"EntryPoint\",\"urlTemplate\":\"https:\/\/test.dagic.es\/fr\/?s={search_term_string}\"},\"query-input\":{\"@type\":\"PropertyValueSpecification\",\"valueRequired\":true,\"valueName\":\"search_term_string\"}}],\"inLanguage\":\"fr-FR\"},{\"@type\":\"Organization\",\"@id\":\"https:\/\/test.dagic.es\/fr\/#organization\",\"name\":\"Cartonlab FR\",\"url\":\"https:\/\/test.dagic.es\/fr\/\",\"logo\":{\"@type\":\"ImageObject\",\"inLanguage\":\"fr-FR\",\"@id\":\"https:\/\/test.dagic.es\/fr\/#\/schema\/logo\/image\/\",\"url\":\"https:\/\/test.dagic.es\/fr\/wp-content\/uploads\/sites\/5\/2023\/07\/logo.svg\",\"contentUrl\":\"https:\/\/test.dagic.es\/fr\/wp-content\/uploads\/sites\/5\/2023\/07\/logo.svg\",\"width\":163,\"height\":44,\"caption\":\"Cartonlab FR\"},\"image\":{\"@id\":\"https:\/\/test.dagic.es\/fr\/#\/schema\/logo\/image\/\"}}]}<\/script>\n<!-- \/ Yoast SEO plugin. -->","yoast_head_json":{"title":"Stand mostrador con t\u00f3tem lateral integrado | Compra Online en Cartonlab","description":"Stand mesa mostrador que incluye t\u00f3tem lateral integrado. Funcional y personalizable. Ideal como punto de atenci\u00f3n al p\u00fablico, ferias y eventos.","robots":{"index":"index","follow":"follow","max-snippet":"max-snippet:-1","max-image-preview":"max-image-preview:large","max-video-preview":"max-video-preview:-1"},"canonical":"https:\/\/test.dagic.es\/fr\/producto\/stand-mostrador-con-totem\/","og_locale":"fr_FR","og_type":"article","og_title":"Stand mostrador con t\u00f3tem lateral integrado | Compra Online en Cartonlab","og_description":"Stand mesa mostrador que incluye t\u00f3tem lateral integrado. Funcional y personalizable. Ideal como punto de atenci\u00f3n al p\u00fablico, ferias y eventos.","og_url":"https:\/\/test.dagic.es\/fr\/producto\/stand-mostrador-con-totem\/","og_site_name":"Cartonlab FR","article_modified_time":"2020-02-07T12:38:17+00:00","og_image":[{"width":800,"height":800,"url":"https:\/\/test.dagic.es\/fr\/wp-content\/uploads\/sites\/5\/2019\/11\/mesa-up-totem1.jpg","type":"image\/jpeg"}],"twitter_card":"summary_large_image","schema":{"@context":"https:\/\/schema.org","@graph":[{"@type":"WebPage","@id":"https:\/\/test.dagic.es\/fr\/producto\/stand-mostrador-con-totem\/","url":"https:\/\/test.dagic.es\/fr\/producto\/stand-mostrador-con-totem\/","name":"Stand mostrador con t\u00f3tem lateral integrado | Compra Online en Cartonlab","isPartOf":{"@id":"https:\/\/test.dagic.es\/fr\/#website"},"primaryImageOfPage":{"@id":"https:\/\/test.dagic.es\/fr\/producto\/stand-mostrador-con-totem\/#primaryimage"},"image":{"@id":"https:\/\/test.dagic.es\/fr\/producto\/stand-mostrador-con-totem\/#primaryimage"},"thumbnailUrl":"https:\/\/test.dagic.es\/fr\/wp-content\/uploads\/sites\/5\/2019\/11\/mesa-up-totem1.jpg","datePublished":"2019-11-06T11:03:59+00:00","dateModified":"2020-02-07T12:38:17+00:00","description":"Stand mesa mostrador que incluye t\u00f3tem lateral integrado. Funcional y personalizable. Ideal como punto de atenci\u00f3n al p\u00fablico, ferias y eventos.","breadcrumb":{"@id":"https:\/\/test.dagic.es\/fr\/producto\/stand-mostrador-con-totem\/#breadcrumb"},"inLanguage":"fr-FR","potentialAction":[{"@type":"ReadAction","target":["https:\/\/test.dagic.es\/fr\/producto\/stand-mostrador-con-totem\/"]}]},{"@type":"ImageObject","inLanguage":"fr-FR","@id":"https:\/\/test.dagic.es\/fr\/producto\/stand-mostrador-con-totem\/#primaryimage","url":"https:\/\/test.dagic.es\/fr\/wp-content\/uploads\/sites\/5\/2019\/11\/mesa-up-totem1.jpg","contentUrl":"https:\/\/test.dagic.es\/fr\/wp-content\/uploads\/sites\/5\/2019\/11\/mesa-up-totem1.jpg","width":800,"height":800,"caption":"Mesa Up + t\u00f3tem"},{"@type":"BreadcrumbList","@id":"https:\/\/test.dagic.es\/fr\/producto\/stand-mostrador-con-totem\/#breadcrumb","itemListElement":[{"@type":"ListItem","position":1,"name":"Accueil","item":"https:\/\/test.dagic.es\/fr\/"},{"@type":"ListItem","position":2,"name":"Produits","item":"https:\/\/test.dagic.es\/fr\/shop\/"},{"@type":"ListItem","position":3,"name":"Stand mostrador Up con t\u00f3tem integrado"}]},{"@type":"WebSite","@id":"https:\/\/test.dagic.es\/fr\/#website","url":"https:\/\/test.dagic.es\/fr\/","name":"Cartonlab FR","description":"Cartonlab | Projets internationaux pour \u00e9v\u00e9nements et stands","publisher":{"@id":"https:\/\/test.dagic.es\/fr\/#organization"},"potentialAction":[{"@type":"SearchAction","target":{"@type":"EntryPoint","urlTemplate":"https:\/\/test.dagic.es\/fr\/?s={search_term_string}"},"query-input":{"@type":"PropertyValueSpecification","valueRequired":true,"valueName":"search_term_string"}}],"inLanguage":"fr-FR"},{"@type":"Organization","@id":"https:\/\/test.dagic.es\/fr\/#organization","name":"Cartonlab FR","url":"https:\/\/test.dagic.es\/fr\/","logo":{"@type":"ImageObject","inLanguage":"fr-FR","@id":"https:\/\/test.dagic.es\/fr\/#\/schema\/logo\/image\/","url":"https:\/\/test.dagic.es\/fr\/wp-content\/uploads\/sites\/5\/2023\/07\/logo.svg","contentUrl":"https:\/\/test.dagic.es\/fr\/wp-content\/uploads\/sites\/5\/2023\/07\/logo.svg","width":163,"height":44,"caption":"Cartonlab FR"},"image":{"@id":"https:\/\/test.dagic.es\/fr\/#\/schema\/logo\/image\/"}}]}},"_links":{"self":[{"href":"https:\/\/test.dagic.es\/fr\/wp-json\/wp\/v2\/product\/16458","targetHints":{"allow":["GET"]}}],"collection":[{"href":"https:\/\/test.dagic.es\/fr\/wp-json\/wp\/v2\/product"}],"about":[{"href":"https:\/\/test.dagic.es\/fr\/wp-json\/wp\/v2\/types\/product"}],"replies":[{"embeddable":true,"href":"https:\/\/test.dagic.es\/fr\/wp-json\/wp\/v2\/comments?post=16458"}],"wp:featuredmedia":[{"embeddable":true,"href":"https:\/\/test.dagic.es\/fr\/wp-json\/wp\/v2\/media\/16475"}],"wp:attachment":[{"href":"https:\/\/test.dagic.es\/fr\/wp-json\/wp\/v2\/media?parent=16458"}],"wp:term":[{"taxonomy":"product_brand","embeddable":true,"href":"https:\/\/test.dagic.es\/fr\/wp-json\/wp\/v2\/product_brand?post=16458"},{"taxonomy":"product_cat","embeddable":true,"href":"https:\/\/test.dagic.es\/fr\/wp-json\/wp\/v2\/product_cat?post=16458"},{"taxonomy":"product_tag","embeddable":true,"href":"https:\/\/test.dagic.es\/fr\/wp-json\/wp\/v2\/product_tag?post=16458"}],"curies":[{"name":"wp","href":"https:\/\/api.w.org\/{rel}","templated":true}]}}