{"id":16344,"date":"2019-10-25T11:39:04","date_gmt":"2019-10-25T10:39:04","guid":{"rendered":"https:\/\/test.dagic.es\/?post_type=product&#038;p=16344"},"modified":"2020-03-04T17:43:39","modified_gmt":"2020-03-04T16:43:39","slug":"mesita-centro-brasilia","status":"publish","type":"product","link":"https:\/\/test.dagic.es\/fr\/producto\/mesita-centro-brasilia\/","title":{"rendered":"Mesita de centro Brasilia &#8211; Ideal como mesa de apoyo | Pack 2 uds."},"excerpt":{"rendered":"<p><strong>Pack 2 unidades. Mesita de centro <\/strong>de cart\u00f3n<strong>, <\/strong>modelo<strong> Brasilia <\/strong>est\u00e9tica y muy resistente. Dise\u00f1o muy vers\u00e1til, tanto para <strong>hogar<\/strong> como para <strong>eventos.<\/strong> Ideal como mesa de apoyo con diversos usos. Es f\u00e1cil de montar y se puede mover de un lugar a otro con comodidad dada su ligereza. Reutilizable y reciclable. La mesa se entrega en un paquete plano, desmontada en 11 piezas de cart\u00f3n que encajan entre s\u00ed.\u00a0 Adjuntamos una sencilla gu\u00eda de instalaci\u00f3n.<\/p>\n<p>&nbsp;<\/p>\n","protected":false},"featured_media":16354,"comment_status":"open","ping_status":"closed","template":"","meta":{"_acf_changed":false,"inline_featured_image":false},"product_brand":[],"product_cat":[3018,3036,3035,3032],"product_tag":[],"class_list":{"0":"post-16344","1":"product","2":"type-product","3":"status-publish","4":"has-post-thumbnail","6":"product_cat-muebles-en-carton","7":"product_cat-mobilier-pour-evenements-durables","8":"product_cat-produits-pour-evenements-durables","9":"product_cat-tables-et-comptoirs-daccueil","10":"product_shipping_class-productomediano","12":"first","13":"instock","14":"taxable","15":"shipping-taxable","16":"product-type-simple"},"acf":[],"yoast_head":"<!-- This site is optimized with the Yoast SEO plugin v27.2 - https:\/\/yoast.com\/product\/yoast-seo-wordpress\/ -->\n<title>Mesita de centro Brasilia | Ideal como mesa de apoyo, fabricada en cart\u00f3n<\/title>\n<meta name=\"description\" content=\"Mesita de centro de cart\u00f3n, modelo Brasilia est\u00e9tica y muy resistente. Dise\u00f1o muy vers\u00e1til, tanto para hogar como para eventos.\" \/>\n<meta name=\"robots\" content=\"index, follow, max-snippet:-1, max-image-preview:large, max-video-preview:-1\" \/>\n<link rel=\"canonical\" href=\"https:\/\/test.dagic.es\/fr\/producto\/mesita-centro-brasilia\/\" \/>\n<meta property=\"og:locale\" content=\"fr_FR\" \/>\n<meta property=\"og:type\" content=\"article\" \/>\n<meta property=\"og:title\" content=\"Mesita de centro Brasilia | Ideal como mesa de apoyo, fabricada en cart\u00f3n\" \/>\n<meta property=\"og:description\" content=\"Mesita de centro de cart\u00f3n, modelo Brasilia est\u00e9tica y muy resistente. Dise\u00f1o muy vers\u00e1til, tanto para hogar como para eventos.\" \/>\n<meta property=\"og:url\" content=\"https:\/\/test.dagic.es\/fr\/producto\/mesita-centro-brasilia\/\" \/>\n<meta property=\"og:site_name\" content=\"Cartonlab FR\" \/>\n<meta property=\"article:modified_time\" content=\"2020-03-04T16:43:39+00:00\" \/>\n<meta property=\"og:image\" content=\"https:\/\/test.dagic.es\/fr\/wp-content\/uploads\/sites\/5\/2019\/10\/Mesita-Brasilia-centro.jpg\" \/>\n\t<meta property=\"og:image:width\" content=\"800\" \/>\n\t<meta property=\"og:image:height\" content=\"800\" \/>\n\t<meta property=\"og:image:type\" content=\"image\/jpeg\" \/>\n<meta name=\"twitter:card\" content=\"summary_large_image\" \/>\n<script type=\"application\/ld+json\" class=\"yoast-schema-graph\">{\"@context\":\"https:\/\/schema.org\",\"@graph\":[{\"@type\":\"WebPage\",\"@id\":\"https:\/\/test.dagic.es\/fr\/producto\/mesita-centro-brasilia\/\",\"url\":\"https:\/\/test.dagic.es\/fr\/producto\/mesita-centro-brasilia\/\",\"name\":\"Mesita de centro Brasilia | Ideal como mesa de apoyo, fabricada en cart\u00f3n\",\"isPartOf\":{\"@id\":\"https:\/\/test.dagic.es\/fr\/#website\"},\"primaryImageOfPage\":{\"@id\":\"https:\/\/test.dagic.es\/fr\/producto\/mesita-centro-brasilia\/#primaryimage\"},\"image\":{\"@id\":\"https:\/\/test.dagic.es\/fr\/producto\/mesita-centro-brasilia\/#primaryimage\"},\"thumbnailUrl\":\"https:\/\/test.dagic.es\/fr\/wp-content\/uploads\/sites\/5\/2019\/10\/Mesita-Brasilia-centro.jpg\",\"datePublished\":\"2019-10-25T10:39:04+00:00\",\"dateModified\":\"2020-03-04T16:43:39+00:00\",\"description\":\"Mesita de centro de cart\u00f3n, modelo Brasilia est\u00e9tica y muy resistente. Dise\u00f1o muy vers\u00e1til, tanto para hogar como para eventos.\",\"breadcrumb\":{\"@id\":\"https:\/\/test.dagic.es\/fr\/producto\/mesita-centro-brasilia\/#breadcrumb\"},\"inLanguage\":\"fr-FR\",\"potentialAction\":[{\"@type\":\"ReadAction\",\"target\":[\"https:\/\/test.dagic.es\/fr\/producto\/mesita-centro-brasilia\/\"]}]},{\"@type\":\"ImageObject\",\"inLanguage\":\"fr-FR\",\"@id\":\"https:\/\/test.dagic.es\/fr\/producto\/mesita-centro-brasilia\/#primaryimage\",\"url\":\"https:\/\/test.dagic.es\/fr\/wp-content\/uploads\/sites\/5\/2019\/10\/Mesita-Brasilia-centro.jpg\",\"contentUrl\":\"https:\/\/test.dagic.es\/fr\/wp-content\/uploads\/sites\/5\/2019\/10\/Mesita-Brasilia-centro.jpg\",\"width\":800,\"height\":800,\"caption\":\"Mesita de centro Brasilia\"},{\"@type\":\"BreadcrumbList\",\"@id\":\"https:\/\/test.dagic.es\/fr\/producto\/mesita-centro-brasilia\/#breadcrumb\",\"itemListElement\":[{\"@type\":\"ListItem\",\"position\":1,\"name\":\"Accueil\",\"item\":\"https:\/\/test.dagic.es\/fr\/\"},{\"@type\":\"ListItem\",\"position\":2,\"name\":\"Produits\",\"item\":\"https:\/\/test.dagic.es\/fr\/shop\/\"},{\"@type\":\"ListItem\",\"position\":3,\"name\":\"Mesita de centro Brasilia &#8211; Ideal como mesa de apoyo | Pack 2 uds.\"}]},{\"@type\":\"WebSite\",\"@id\":\"https:\/\/test.dagic.es\/fr\/#website\",\"url\":\"https:\/\/test.dagic.es\/fr\/\",\"name\":\"Cartonlab FR\",\"description\":\"Cartonlab | Projets internationaux pour \u00e9v\u00e9nements et stands\",\"publisher\":{\"@id\":\"https:\/\/test.dagic.es\/fr\/#organization\"},\"potentialAction\":[{\"@type\":\"SearchAction\",\"target\":{\"@type\":\"EntryPoint\",\"urlTemplate\":\"https:\/\/test.dagic.es\/fr\/?s={search_term_string}\"},\"query-input\":{\"@type\":\"PropertyValueSpecification\",\"valueRequired\":true,\"valueName\":\"search_term_string\"}}],\"inLanguage\":\"fr-FR\"},{\"@type\":\"Organization\",\"@id\":\"https:\/\/test.dagic.es\/fr\/#organization\",\"name\":\"Cartonlab FR\",\"url\":\"https:\/\/test.dagic.es\/fr\/\",\"logo\":{\"@type\":\"ImageObject\",\"inLanguage\":\"fr-FR\",\"@id\":\"https:\/\/test.dagic.es\/fr\/#\/schema\/logo\/image\/\",\"url\":\"https:\/\/test.dagic.es\/fr\/wp-content\/uploads\/sites\/5\/2023\/07\/logo.svg\",\"contentUrl\":\"https:\/\/test.dagic.es\/fr\/wp-content\/uploads\/sites\/5\/2023\/07\/logo.svg\",\"width\":163,\"height\":44,\"caption\":\"Cartonlab FR\"},\"image\":{\"@id\":\"https:\/\/test.dagic.es\/fr\/#\/schema\/logo\/image\/\"}}]}<\/script>\n<!-- \/ Yoast SEO plugin. -->","yoast_head_json":{"title":"Mesita de centro Brasilia | Ideal como mesa de apoyo, fabricada en cart\u00f3n","description":"Mesita de centro de cart\u00f3n, modelo Brasilia est\u00e9tica y muy resistente. Dise\u00f1o muy vers\u00e1til, tanto para hogar como para eventos.","robots":{"index":"index","follow":"follow","max-snippet":"max-snippet:-1","max-image-preview":"max-image-preview:large","max-video-preview":"max-video-preview:-1"},"canonical":"https:\/\/test.dagic.es\/fr\/producto\/mesita-centro-brasilia\/","og_locale":"fr_FR","og_type":"article","og_title":"Mesita de centro Brasilia | Ideal como mesa de apoyo, fabricada en cart\u00f3n","og_description":"Mesita de centro de cart\u00f3n, modelo Brasilia est\u00e9tica y muy resistente. Dise\u00f1o muy vers\u00e1til, tanto para hogar como para eventos.","og_url":"https:\/\/test.dagic.es\/fr\/producto\/mesita-centro-brasilia\/","og_site_name":"Cartonlab FR","article_modified_time":"2020-03-04T16:43:39+00:00","og_image":[{"width":800,"height":800,"url":"https:\/\/test.dagic.es\/fr\/wp-content\/uploads\/sites\/5\/2019\/10\/Mesita-Brasilia-centro.jpg","type":"image\/jpeg"}],"twitter_card":"summary_large_image","schema":{"@context":"https:\/\/schema.org","@graph":[{"@type":"WebPage","@id":"https:\/\/test.dagic.es\/fr\/producto\/mesita-centro-brasilia\/","url":"https:\/\/test.dagic.es\/fr\/producto\/mesita-centro-brasilia\/","name":"Mesita de centro Brasilia | Ideal como mesa de apoyo, fabricada en cart\u00f3n","isPartOf":{"@id":"https:\/\/test.dagic.es\/fr\/#website"},"primaryImageOfPage":{"@id":"https:\/\/test.dagic.es\/fr\/producto\/mesita-centro-brasilia\/#primaryimage"},"image":{"@id":"https:\/\/test.dagic.es\/fr\/producto\/mesita-centro-brasilia\/#primaryimage"},"thumbnailUrl":"https:\/\/test.dagic.es\/fr\/wp-content\/uploads\/sites\/5\/2019\/10\/Mesita-Brasilia-centro.jpg","datePublished":"2019-10-25T10:39:04+00:00","dateModified":"2020-03-04T16:43:39+00:00","description":"Mesita de centro de cart\u00f3n, modelo Brasilia est\u00e9tica y muy resistente. Dise\u00f1o muy vers\u00e1til, tanto para hogar como para eventos.","breadcrumb":{"@id":"https:\/\/test.dagic.es\/fr\/producto\/mesita-centro-brasilia\/#breadcrumb"},"inLanguage":"fr-FR","potentialAction":[{"@type":"ReadAction","target":["https:\/\/test.dagic.es\/fr\/producto\/mesita-centro-brasilia\/"]}]},{"@type":"ImageObject","inLanguage":"fr-FR","@id":"https:\/\/test.dagic.es\/fr\/producto\/mesita-centro-brasilia\/#primaryimage","url":"https:\/\/test.dagic.es\/fr\/wp-content\/uploads\/sites\/5\/2019\/10\/Mesita-Brasilia-centro.jpg","contentUrl":"https:\/\/test.dagic.es\/fr\/wp-content\/uploads\/sites\/5\/2019\/10\/Mesita-Brasilia-centro.jpg","width":800,"height":800,"caption":"Mesita de centro Brasilia"},{"@type":"BreadcrumbList","@id":"https:\/\/test.dagic.es\/fr\/producto\/mesita-centro-brasilia\/#breadcrumb","itemListElement":[{"@type":"ListItem","position":1,"name":"Accueil","item":"https:\/\/test.dagic.es\/fr\/"},{"@type":"ListItem","position":2,"name":"Produits","item":"https:\/\/test.dagic.es\/fr\/shop\/"},{"@type":"ListItem","position":3,"name":"Mesita de centro Brasilia &#8211; Ideal como mesa de apoyo | Pack 2 uds."}]},{"@type":"WebSite","@id":"https:\/\/test.dagic.es\/fr\/#website","url":"https:\/\/test.dagic.es\/fr\/","name":"Cartonlab FR","description":"Cartonlab | Projets internationaux pour \u00e9v\u00e9nements et stands","publisher":{"@id":"https:\/\/test.dagic.es\/fr\/#organization"},"potentialAction":[{"@type":"SearchAction","target":{"@type":"EntryPoint","urlTemplate":"https:\/\/test.dagic.es\/fr\/?s={search_term_string}"},"query-input":{"@type":"PropertyValueSpecification","valueRequired":true,"valueName":"search_term_string"}}],"inLanguage":"fr-FR"},{"@type":"Organization","@id":"https:\/\/test.dagic.es\/fr\/#organization","name":"Cartonlab FR","url":"https:\/\/test.dagic.es\/fr\/","logo":{"@type":"ImageObject","inLanguage":"fr-FR","@id":"https:\/\/test.dagic.es\/fr\/#\/schema\/logo\/image\/","url":"https:\/\/test.dagic.es\/fr\/wp-content\/uploads\/sites\/5\/2023\/07\/logo.svg","contentUrl":"https:\/\/test.dagic.es\/fr\/wp-content\/uploads\/sites\/5\/2023\/07\/logo.svg","width":163,"height":44,"caption":"Cartonlab FR"},"image":{"@id":"https:\/\/test.dagic.es\/fr\/#\/schema\/logo\/image\/"}}]}},"_links":{"self":[{"href":"https:\/\/test.dagic.es\/fr\/wp-json\/wp\/v2\/product\/16344","targetHints":{"allow":["GET"]}}],"collection":[{"href":"https:\/\/test.dagic.es\/fr\/wp-json\/wp\/v2\/product"}],"about":[{"href":"https:\/\/test.dagic.es\/fr\/wp-json\/wp\/v2\/types\/product"}],"replies":[{"embeddable":true,"href":"https:\/\/test.dagic.es\/fr\/wp-json\/wp\/v2\/comments?post=16344"}],"wp:featuredmedia":[{"embeddable":true,"href":"https:\/\/test.dagic.es\/fr\/wp-json\/wp\/v2\/media\/16354"}],"wp:attachment":[{"href":"https:\/\/test.dagic.es\/fr\/wp-json\/wp\/v2\/media?parent=16344"}],"wp:term":[{"taxonomy":"product_brand","embeddable":true,"href":"https:\/\/test.dagic.es\/fr\/wp-json\/wp\/v2\/product_brand?post=16344"},{"taxonomy":"product_cat","embeddable":true,"href":"https:\/\/test.dagic.es\/fr\/wp-json\/wp\/v2\/product_cat?post=16344"},{"taxonomy":"product_tag","embeddable":true,"href":"https:\/\/test.dagic.es\/fr\/wp-json\/wp\/v2\/product_tag?post=16344"}],"curies":[{"name":"wp","href":"https:\/\/api.w.org\/{rel}","templated":true}]}}