{"id":15968,"date":"2019-10-21T09:42:14","date_gmt":"2019-10-21T08:42:14","guid":{"rendered":"https:\/\/test.dagic.es\/?post_type=product&#038;p=15968"},"modified":"2019-10-30T12:54:27","modified_gmt":"2019-10-30T11:54:27","slug":"arbol-navidad-sorpresa-regalo","status":"publish","type":"product","link":"https:\/\/test.dagic.es\/fr\/producto\/arbol-navidad-sorpresa-regalo\/","title":{"rendered":"Mini \u00e1rbol de Navidad con sorpresa | Regalo pr\u00e1ctico y est\u00e9tico"},"excerpt":{"rendered":"<p>El<strong> mini \u00e1rbol de Navidad con sorpresa <\/strong>es una original opci\u00f3n como regalo corporativo para empresas o cualquier tipo de colectivo. Dos atractivos modelos de \u00e1rbol de sobremesa a elegir con una est\u00e9tica sencilla y un espacio disponible para objetos peque\u00f1os. Se trata de un dise\u00f1o compuesto de tres piezas encoladas entre s\u00ed que sirve tambi\u00e9n como objeto decorativo. Producido en cart\u00f3n nido de abeja con un dise\u00f1o impreso en blanco que quedar\u00e1 bien en cualquier lugar de tu hogar u oficina. Pedido m\u00ednimo: 50 unidades.<\/p>\n","protected":false},"featured_media":15971,"comment_status":"open","ping_status":"closed","template":"","meta":{"_acf_changed":false,"inline_featured_image":false},"product_brand":[],"product_cat":[3095,3041,3043],"product_tag":[],"class_list":{"0":"post-15968","1":"product","2":"type-product","3":"status-publish","4":"has-post-thumbnail","6":"product_cat-arbres-en-carton","7":"product_cat-decor","8":"product_cat-decorations-de-noel","10":"first","11":"instock","12":"taxable","13":"shipping-taxable","14":"product-type-simple"},"acf":[],"yoast_head":"<!-- This site is optimized with the Yoast SEO plugin v27.2 - https:\/\/yoast.com\/product\/yoast-seo-wordpress\/ -->\n<title>Mini \u00e1rbol de Navidad con sorpresa | Regalo pr\u00e1ctico y est\u00e9tico<\/title>\n<meta name=\"description\" content=\"Dos atractivos modelos a elegir con una est\u00e9tica sencilla y un espacio disponible para objetos peque\u00f1os.\" \/>\n<meta name=\"robots\" content=\"index, follow, max-snippet:-1, max-image-preview:large, max-video-preview:-1\" \/>\n<link rel=\"canonical\" href=\"https:\/\/test.dagic.es\/fr\/producto\/arbol-navidad-sorpresa-regalo\/\" \/>\n<meta property=\"og:locale\" content=\"fr_FR\" \/>\n<meta property=\"og:type\" content=\"article\" \/>\n<meta property=\"og:title\" content=\"Mini \u00e1rbol de Navidad con sorpresa | Regalo pr\u00e1ctico y est\u00e9tico\" \/>\n<meta property=\"og:description\" content=\"Dos atractivos modelos a elegir con una est\u00e9tica sencilla y un espacio disponible para objetos peque\u00f1os.\" \/>\n<meta property=\"og:url\" content=\"https:\/\/test.dagic.es\/fr\/producto\/arbol-navidad-sorpresa-regalo\/\" \/>\n<meta property=\"og:site_name\" content=\"Cartonlab FR\" \/>\n<meta property=\"article:modified_time\" content=\"2019-10-30T11:54:27+00:00\" \/>\n<meta property=\"og:image\" content=\"https:\/\/test.dagic.es\/fr\/wp-content\/uploads\/sites\/5\/2019\/09\/obsequioarbol4.jpg\" \/>\n\t<meta property=\"og:image:width\" content=\"800\" \/>\n\t<meta property=\"og:image:height\" content=\"800\" \/>\n\t<meta property=\"og:image:type\" content=\"image\/jpeg\" \/>\n<meta name=\"twitter:card\" content=\"summary_large_image\" \/>\n<script type=\"application\/ld+json\" class=\"yoast-schema-graph\">{\"@context\":\"https:\/\/schema.org\",\"@graph\":[{\"@type\":\"WebPage\",\"@id\":\"https:\/\/test.dagic.es\/fr\/producto\/arbol-navidad-sorpresa-regalo\/\",\"url\":\"https:\/\/test.dagic.es\/fr\/producto\/arbol-navidad-sorpresa-regalo\/\",\"name\":\"Mini \u00e1rbol de Navidad con sorpresa | Regalo pr\u00e1ctico y est\u00e9tico\",\"isPartOf\":{\"@id\":\"https:\/\/test.dagic.es\/fr\/#website\"},\"primaryImageOfPage\":{\"@id\":\"https:\/\/test.dagic.es\/fr\/producto\/arbol-navidad-sorpresa-regalo\/#primaryimage\"},\"image\":{\"@id\":\"https:\/\/test.dagic.es\/fr\/producto\/arbol-navidad-sorpresa-regalo\/#primaryimage\"},\"thumbnailUrl\":\"https:\/\/test.dagic.es\/fr\/wp-content\/uploads\/sites\/5\/2019\/09\/obsequioarbol4.jpg\",\"datePublished\":\"2019-10-21T08:42:14+00:00\",\"dateModified\":\"2019-10-30T11:54:27+00:00\",\"description\":\"Dos atractivos modelos a elegir con una est\u00e9tica sencilla y un espacio disponible para objetos peque\u00f1os.\",\"breadcrumb\":{\"@id\":\"https:\/\/test.dagic.es\/fr\/producto\/arbol-navidad-sorpresa-regalo\/#breadcrumb\"},\"inLanguage\":\"fr-FR\",\"potentialAction\":[{\"@type\":\"ReadAction\",\"target\":[\"https:\/\/test.dagic.es\/fr\/producto\/arbol-navidad-sorpresa-regalo\/\"]}]},{\"@type\":\"ImageObject\",\"inLanguage\":\"fr-FR\",\"@id\":\"https:\/\/test.dagic.es\/fr\/producto\/arbol-navidad-sorpresa-regalo\/#primaryimage\",\"url\":\"https:\/\/test.dagic.es\/fr\/wp-content\/uploads\/sites\/5\/2019\/09\/obsequioarbol4.jpg\",\"contentUrl\":\"https:\/\/test.dagic.es\/fr\/wp-content\/uploads\/sites\/5\/2019\/09\/obsequioarbol4.jpg\",\"width\":800,\"height\":800,\"caption\":\"Dos arbolitos rotados\"},{\"@type\":\"BreadcrumbList\",\"@id\":\"https:\/\/test.dagic.es\/fr\/producto\/arbol-navidad-sorpresa-regalo\/#breadcrumb\",\"itemListElement\":[{\"@type\":\"ListItem\",\"position\":1,\"name\":\"Accueil\",\"item\":\"https:\/\/test.dagic.es\/fr\/\"},{\"@type\":\"ListItem\",\"position\":2,\"name\":\"Produits\",\"item\":\"https:\/\/test.dagic.es\/fr\/shop\/\"},{\"@type\":\"ListItem\",\"position\":3,\"name\":\"Mini \u00e1rbol de Navidad con sorpresa | Regalo pr\u00e1ctico y est\u00e9tico\"}]},{\"@type\":\"WebSite\",\"@id\":\"https:\/\/test.dagic.es\/fr\/#website\",\"url\":\"https:\/\/test.dagic.es\/fr\/\",\"name\":\"Cartonlab FR\",\"description\":\"Cartonlab | Projets internationaux pour \u00e9v\u00e9nements et stands\",\"publisher\":{\"@id\":\"https:\/\/test.dagic.es\/fr\/#organization\"},\"potentialAction\":[{\"@type\":\"SearchAction\",\"target\":{\"@type\":\"EntryPoint\",\"urlTemplate\":\"https:\/\/test.dagic.es\/fr\/?s={search_term_string}\"},\"query-input\":{\"@type\":\"PropertyValueSpecification\",\"valueRequired\":true,\"valueName\":\"search_term_string\"}}],\"inLanguage\":\"fr-FR\"},{\"@type\":\"Organization\",\"@id\":\"https:\/\/test.dagic.es\/fr\/#organization\",\"name\":\"Cartonlab FR\",\"url\":\"https:\/\/test.dagic.es\/fr\/\",\"logo\":{\"@type\":\"ImageObject\",\"inLanguage\":\"fr-FR\",\"@id\":\"https:\/\/test.dagic.es\/fr\/#\/schema\/logo\/image\/\",\"url\":\"https:\/\/test.dagic.es\/fr\/wp-content\/uploads\/sites\/5\/2023\/07\/logo.svg\",\"contentUrl\":\"https:\/\/test.dagic.es\/fr\/wp-content\/uploads\/sites\/5\/2023\/07\/logo.svg\",\"width\":163,\"height\":44,\"caption\":\"Cartonlab FR\"},\"image\":{\"@id\":\"https:\/\/test.dagic.es\/fr\/#\/schema\/logo\/image\/\"}}]}<\/script>\n<!-- \/ Yoast SEO plugin. -->","yoast_head_json":{"title":"Mini \u00e1rbol de Navidad con sorpresa | Regalo pr\u00e1ctico y est\u00e9tico","description":"Dos atractivos modelos a elegir con una est\u00e9tica sencilla y un espacio disponible para objetos peque\u00f1os.","robots":{"index":"index","follow":"follow","max-snippet":"max-snippet:-1","max-image-preview":"max-image-preview:large","max-video-preview":"max-video-preview:-1"},"canonical":"https:\/\/test.dagic.es\/fr\/producto\/arbol-navidad-sorpresa-regalo\/","og_locale":"fr_FR","og_type":"article","og_title":"Mini \u00e1rbol de Navidad con sorpresa | Regalo pr\u00e1ctico y est\u00e9tico","og_description":"Dos atractivos modelos a elegir con una est\u00e9tica sencilla y un espacio disponible para objetos peque\u00f1os.","og_url":"https:\/\/test.dagic.es\/fr\/producto\/arbol-navidad-sorpresa-regalo\/","og_site_name":"Cartonlab FR","article_modified_time":"2019-10-30T11:54:27+00:00","og_image":[{"width":800,"height":800,"url":"https:\/\/test.dagic.es\/fr\/wp-content\/uploads\/sites\/5\/2019\/09\/obsequioarbol4.jpg","type":"image\/jpeg"}],"twitter_card":"summary_large_image","schema":{"@context":"https:\/\/schema.org","@graph":[{"@type":"WebPage","@id":"https:\/\/test.dagic.es\/fr\/producto\/arbol-navidad-sorpresa-regalo\/","url":"https:\/\/test.dagic.es\/fr\/producto\/arbol-navidad-sorpresa-regalo\/","name":"Mini \u00e1rbol de Navidad con sorpresa | Regalo pr\u00e1ctico y est\u00e9tico","isPartOf":{"@id":"https:\/\/test.dagic.es\/fr\/#website"},"primaryImageOfPage":{"@id":"https:\/\/test.dagic.es\/fr\/producto\/arbol-navidad-sorpresa-regalo\/#primaryimage"},"image":{"@id":"https:\/\/test.dagic.es\/fr\/producto\/arbol-navidad-sorpresa-regalo\/#primaryimage"},"thumbnailUrl":"https:\/\/test.dagic.es\/fr\/wp-content\/uploads\/sites\/5\/2019\/09\/obsequioarbol4.jpg","datePublished":"2019-10-21T08:42:14+00:00","dateModified":"2019-10-30T11:54:27+00:00","description":"Dos atractivos modelos a elegir con una est\u00e9tica sencilla y un espacio disponible para objetos peque\u00f1os.","breadcrumb":{"@id":"https:\/\/test.dagic.es\/fr\/producto\/arbol-navidad-sorpresa-regalo\/#breadcrumb"},"inLanguage":"fr-FR","potentialAction":[{"@type":"ReadAction","target":["https:\/\/test.dagic.es\/fr\/producto\/arbol-navidad-sorpresa-regalo\/"]}]},{"@type":"ImageObject","inLanguage":"fr-FR","@id":"https:\/\/test.dagic.es\/fr\/producto\/arbol-navidad-sorpresa-regalo\/#primaryimage","url":"https:\/\/test.dagic.es\/fr\/wp-content\/uploads\/sites\/5\/2019\/09\/obsequioarbol4.jpg","contentUrl":"https:\/\/test.dagic.es\/fr\/wp-content\/uploads\/sites\/5\/2019\/09\/obsequioarbol4.jpg","width":800,"height":800,"caption":"Dos arbolitos rotados"},{"@type":"BreadcrumbList","@id":"https:\/\/test.dagic.es\/fr\/producto\/arbol-navidad-sorpresa-regalo\/#breadcrumb","itemListElement":[{"@type":"ListItem","position":1,"name":"Accueil","item":"https:\/\/test.dagic.es\/fr\/"},{"@type":"ListItem","position":2,"name":"Produits","item":"https:\/\/test.dagic.es\/fr\/shop\/"},{"@type":"ListItem","position":3,"name":"Mini \u00e1rbol de Navidad con sorpresa | Regalo pr\u00e1ctico y est\u00e9tico"}]},{"@type":"WebSite","@id":"https:\/\/test.dagic.es\/fr\/#website","url":"https:\/\/test.dagic.es\/fr\/","name":"Cartonlab FR","description":"Cartonlab | Projets internationaux pour \u00e9v\u00e9nements et stands","publisher":{"@id":"https:\/\/test.dagic.es\/fr\/#organization"},"potentialAction":[{"@type":"SearchAction","target":{"@type":"EntryPoint","urlTemplate":"https:\/\/test.dagic.es\/fr\/?s={search_term_string}"},"query-input":{"@type":"PropertyValueSpecification","valueRequired":true,"valueName":"search_term_string"}}],"inLanguage":"fr-FR"},{"@type":"Organization","@id":"https:\/\/test.dagic.es\/fr\/#organization","name":"Cartonlab FR","url":"https:\/\/test.dagic.es\/fr\/","logo":{"@type":"ImageObject","inLanguage":"fr-FR","@id":"https:\/\/test.dagic.es\/fr\/#\/schema\/logo\/image\/","url":"https:\/\/test.dagic.es\/fr\/wp-content\/uploads\/sites\/5\/2023\/07\/logo.svg","contentUrl":"https:\/\/test.dagic.es\/fr\/wp-content\/uploads\/sites\/5\/2023\/07\/logo.svg","width":163,"height":44,"caption":"Cartonlab FR"},"image":{"@id":"https:\/\/test.dagic.es\/fr\/#\/schema\/logo\/image\/"}}]}},"_links":{"self":[{"href":"https:\/\/test.dagic.es\/fr\/wp-json\/wp\/v2\/product\/15968","targetHints":{"allow":["GET"]}}],"collection":[{"href":"https:\/\/test.dagic.es\/fr\/wp-json\/wp\/v2\/product"}],"about":[{"href":"https:\/\/test.dagic.es\/fr\/wp-json\/wp\/v2\/types\/product"}],"replies":[{"embeddable":true,"href":"https:\/\/test.dagic.es\/fr\/wp-json\/wp\/v2\/comments?post=15968"}],"wp:featuredmedia":[{"embeddable":true,"href":"https:\/\/test.dagic.es\/fr\/wp-json\/wp\/v2\/media\/15971"}],"wp:attachment":[{"href":"https:\/\/test.dagic.es\/fr\/wp-json\/wp\/v2\/media?parent=15968"}],"wp:term":[{"taxonomy":"product_brand","embeddable":true,"href":"https:\/\/test.dagic.es\/fr\/wp-json\/wp\/v2\/product_brand?post=15968"},{"taxonomy":"product_cat","embeddable":true,"href":"https:\/\/test.dagic.es\/fr\/wp-json\/wp\/v2\/product_cat?post=15968"},{"taxonomy":"product_tag","embeddable":true,"href":"https:\/\/test.dagic.es\/fr\/wp-json\/wp\/v2\/product_tag?post=15968"}],"curies":[{"name":"wp","href":"https:\/\/api.w.org\/{rel}","templated":true}]}}