{"id":15538,"date":"2019-07-29T11:40:42","date_gmt":"2019-07-29T10:40:42","guid":{"rendered":"https:\/\/test.dagic.es\/?post_type=product&#038;p=15538"},"modified":"2020-11-17T11:52:12","modified_gmt":"2020-11-17T10:52:12","slug":"palera-chumbera-decoracion","status":"publish","type":"product","link":"https:\/\/test.dagic.es\/fr\/producto\/palera-chumbera-decoracion\/","title":{"rendered":"Palera chumbera de cart\u00f3n para decoraci\u00f3n | Pack 3 uds."},"excerpt":{"rendered":"<p><strong>Pack 3 unidades. Palera chumbera <\/strong>de cart\u00f3n de<strong>\u00a0<\/strong>120 cm altura. Dise\u00f1ada para decoraci\u00f3n de hogar,\u00a0 atrezzo para escenograf\u00edas o sesiones de fotograf\u00eda, ambientaci\u00f3n para eventos y fiestas, escaparates o espacios comerciales, etc. Se trata de un dise\u00f1o divertido y muy f\u00e1cil de montar compuesto por piezas modulares que encajan unas con otras.\u00a0 Se entrega en un paquete plano que contiene todas las\u00a0 piezas necesarias para instalarlo (base + ramas) . No se necesitan pegamentos ni piezas especiales. Esta palera chumbera es f\u00e1cilmente <strong>desmontable y reutilizable.\u00a0\u00a0<\/strong>Consulta las medidas en la ficha t\u00e9cnica y tambi\u00e9n las posibilidades de personalizaci\u00f3n. Es un dise\u00f1o exclusivo de Cartonlab.<\/p>\n","protected":false},"featured_media":15830,"comment_status":"open","ping_status":"closed","template":"","meta":{"_acf_changed":false,"inline_featured_image":false},"product_brand":[],"product_cat":[3095,3041,3023,3028],"product_tag":[],"class_list":{"0":"post-15538","1":"product","2":"type-product","3":"status-publish","4":"has-post-thumbnail","6":"product_cat-arbres-en-carton","7":"product_cat-decor","8":"product_cat-presentoirs-pour-produits","9":"product_cat-presentoirs-vitrines","10":"product_shipping_class-productopequeno","12":"first","13":"instock","14":"taxable","15":"shipping-taxable","16":"product-type-simple"},"acf":[],"yoast_head":"<!-- This site is optimized with the Yoast SEO plugin v27.2 - https:\/\/yoast.com\/product\/yoast-seo-wordpress\/ -->\n<title>Palera chumbera de cart\u00f3n para decoraci\u00f3n - Cartonlab<\/title>\n<meta name=\"description\" content=\"Palera chumbera de cart\u00f3n. Formada por m\u00f3dulos de cart\u00f3n encajables entre s\u00ed. Original y f\u00e1cil de montar. Idea para decoraci\u00f3n y atrezzo. Dise\u00f1o Exclusivo.\" \/>\n<meta name=\"robots\" content=\"index, follow, max-snippet:-1, max-image-preview:large, max-video-preview:-1\" \/>\n<link rel=\"canonical\" href=\"https:\/\/test.dagic.es\/fr\/producto\/palera-chumbera-decoracion\/\" \/>\n<meta property=\"og:locale\" content=\"fr_FR\" \/>\n<meta property=\"og:type\" content=\"article\" \/>\n<meta property=\"og:title\" content=\"Palera chumbera de cart\u00f3n para decoraci\u00f3n - Cartonlab\" \/>\n<meta property=\"og:description\" content=\"Palera chumbera de cart\u00f3n. Formada por m\u00f3dulos de cart\u00f3n encajables entre s\u00ed. Original y f\u00e1cil de montar. Idea para decoraci\u00f3n y atrezzo. Dise\u00f1o Exclusivo.\" \/>\n<meta property=\"og:url\" content=\"https:\/\/test.dagic.es\/fr\/producto\/palera-chumbera-decoracion\/\" \/>\n<meta property=\"og:site_name\" content=\"Cartonlab FR\" \/>\n<meta property=\"article:modified_time\" content=\"2020-11-17T10:52:12+00:00\" \/>\n<meta property=\"og:image\" content=\"https:\/\/test.dagic.es\/fr\/wp-content\/uploads\/sites\/5\/2019\/07\/palera-chumbera-carton-.jpg\" \/>\n\t<meta property=\"og:image:width\" content=\"800\" \/>\n\t<meta property=\"og:image:height\" content=\"800\" \/>\n\t<meta property=\"og:image:type\" content=\"image\/jpeg\" \/>\n<meta name=\"twitter:card\" content=\"summary_large_image\" \/>\n<script type=\"application\/ld+json\" class=\"yoast-schema-graph\">{\"@context\":\"https:\/\/schema.org\",\"@graph\":[{\"@type\":\"WebPage\",\"@id\":\"https:\/\/test.dagic.es\/fr\/producto\/palera-chumbera-decoracion\/\",\"url\":\"https:\/\/test.dagic.es\/fr\/producto\/palera-chumbera-decoracion\/\",\"name\":\"Palera chumbera de cart\u00f3n para decoraci\u00f3n - Cartonlab\",\"isPartOf\":{\"@id\":\"https:\/\/test.dagic.es\/fr\/#website\"},\"primaryImageOfPage\":{\"@id\":\"https:\/\/test.dagic.es\/fr\/producto\/palera-chumbera-decoracion\/#primaryimage\"},\"image\":{\"@id\":\"https:\/\/test.dagic.es\/fr\/producto\/palera-chumbera-decoracion\/#primaryimage\"},\"thumbnailUrl\":\"https:\/\/test.dagic.es\/fr\/wp-content\/uploads\/sites\/5\/2019\/07\/palera-chumbera-carton-.jpg\",\"datePublished\":\"2019-07-29T10:40:42+00:00\",\"dateModified\":\"2020-11-17T10:52:12+00:00\",\"description\":\"Palera chumbera de cart\u00f3n. Formada por m\u00f3dulos de cart\u00f3n encajables entre s\u00ed. Original y f\u00e1cil de montar. Idea para decoraci\u00f3n y atrezzo. Dise\u00f1o Exclusivo.\",\"breadcrumb\":{\"@id\":\"https:\/\/test.dagic.es\/fr\/producto\/palera-chumbera-decoracion\/#breadcrumb\"},\"inLanguage\":\"fr-FR\",\"potentialAction\":[{\"@type\":\"ReadAction\",\"target\":[\"https:\/\/test.dagic.es\/fr\/producto\/palera-chumbera-decoracion\/\"]}]},{\"@type\":\"ImageObject\",\"inLanguage\":\"fr-FR\",\"@id\":\"https:\/\/test.dagic.es\/fr\/producto\/palera-chumbera-decoracion\/#primaryimage\",\"url\":\"https:\/\/test.dagic.es\/fr\/wp-content\/uploads\/sites\/5\/2019\/07\/palera-chumbera-carton-.jpg\",\"contentUrl\":\"https:\/\/test.dagic.es\/fr\/wp-content\/uploads\/sites\/5\/2019\/07\/palera-chumbera-carton-.jpg\",\"width\":800,\"height\":800,\"caption\":\"cactus chumbera frontal\"},{\"@type\":\"BreadcrumbList\",\"@id\":\"https:\/\/test.dagic.es\/fr\/producto\/palera-chumbera-decoracion\/#breadcrumb\",\"itemListElement\":[{\"@type\":\"ListItem\",\"position\":1,\"name\":\"Accueil\",\"item\":\"https:\/\/test.dagic.es\/fr\/\"},{\"@type\":\"ListItem\",\"position\":2,\"name\":\"Produits\",\"item\":\"https:\/\/test.dagic.es\/fr\/shop\/\"},{\"@type\":\"ListItem\",\"position\":3,\"name\":\"Palera chumbera de cart\u00f3n para decoraci\u00f3n | Pack 3 uds.\"}]},{\"@type\":\"WebSite\",\"@id\":\"https:\/\/test.dagic.es\/fr\/#website\",\"url\":\"https:\/\/test.dagic.es\/fr\/\",\"name\":\"Cartonlab FR\",\"description\":\"Cartonlab | Projets internationaux pour \u00e9v\u00e9nements et stands\",\"publisher\":{\"@id\":\"https:\/\/test.dagic.es\/fr\/#organization\"},\"potentialAction\":[{\"@type\":\"SearchAction\",\"target\":{\"@type\":\"EntryPoint\",\"urlTemplate\":\"https:\/\/test.dagic.es\/fr\/?s={search_term_string}\"},\"query-input\":{\"@type\":\"PropertyValueSpecification\",\"valueRequired\":true,\"valueName\":\"search_term_string\"}}],\"inLanguage\":\"fr-FR\"},{\"@type\":\"Organization\",\"@id\":\"https:\/\/test.dagic.es\/fr\/#organization\",\"name\":\"Cartonlab FR\",\"url\":\"https:\/\/test.dagic.es\/fr\/\",\"logo\":{\"@type\":\"ImageObject\",\"inLanguage\":\"fr-FR\",\"@id\":\"https:\/\/test.dagic.es\/fr\/#\/schema\/logo\/image\/\",\"url\":\"https:\/\/test.dagic.es\/fr\/wp-content\/uploads\/sites\/5\/2023\/07\/logo.svg\",\"contentUrl\":\"https:\/\/test.dagic.es\/fr\/wp-content\/uploads\/sites\/5\/2023\/07\/logo.svg\",\"width\":163,\"height\":44,\"caption\":\"Cartonlab FR\"},\"image\":{\"@id\":\"https:\/\/test.dagic.es\/fr\/#\/schema\/logo\/image\/\"}}]}<\/script>\n<!-- \/ Yoast SEO plugin. -->","yoast_head_json":{"title":"Palera chumbera de cart\u00f3n para decoraci\u00f3n - Cartonlab","description":"Palera chumbera de cart\u00f3n. Formada por m\u00f3dulos de cart\u00f3n encajables entre s\u00ed. Original y f\u00e1cil de montar. Idea para decoraci\u00f3n y atrezzo. Dise\u00f1o Exclusivo.","robots":{"index":"index","follow":"follow","max-snippet":"max-snippet:-1","max-image-preview":"max-image-preview:large","max-video-preview":"max-video-preview:-1"},"canonical":"https:\/\/test.dagic.es\/fr\/producto\/palera-chumbera-decoracion\/","og_locale":"fr_FR","og_type":"article","og_title":"Palera chumbera de cart\u00f3n para decoraci\u00f3n - Cartonlab","og_description":"Palera chumbera de cart\u00f3n. Formada por m\u00f3dulos de cart\u00f3n encajables entre s\u00ed. Original y f\u00e1cil de montar. Idea para decoraci\u00f3n y atrezzo. Dise\u00f1o Exclusivo.","og_url":"https:\/\/test.dagic.es\/fr\/producto\/palera-chumbera-decoracion\/","og_site_name":"Cartonlab FR","article_modified_time":"2020-11-17T10:52:12+00:00","og_image":[{"width":800,"height":800,"url":"https:\/\/test.dagic.es\/fr\/wp-content\/uploads\/sites\/5\/2019\/07\/palera-chumbera-carton-.jpg","type":"image\/jpeg"}],"twitter_card":"summary_large_image","schema":{"@context":"https:\/\/schema.org","@graph":[{"@type":"WebPage","@id":"https:\/\/test.dagic.es\/fr\/producto\/palera-chumbera-decoracion\/","url":"https:\/\/test.dagic.es\/fr\/producto\/palera-chumbera-decoracion\/","name":"Palera chumbera de cart\u00f3n para decoraci\u00f3n - Cartonlab","isPartOf":{"@id":"https:\/\/test.dagic.es\/fr\/#website"},"primaryImageOfPage":{"@id":"https:\/\/test.dagic.es\/fr\/producto\/palera-chumbera-decoracion\/#primaryimage"},"image":{"@id":"https:\/\/test.dagic.es\/fr\/producto\/palera-chumbera-decoracion\/#primaryimage"},"thumbnailUrl":"https:\/\/test.dagic.es\/fr\/wp-content\/uploads\/sites\/5\/2019\/07\/palera-chumbera-carton-.jpg","datePublished":"2019-07-29T10:40:42+00:00","dateModified":"2020-11-17T10:52:12+00:00","description":"Palera chumbera de cart\u00f3n. Formada por m\u00f3dulos de cart\u00f3n encajables entre s\u00ed. Original y f\u00e1cil de montar. Idea para decoraci\u00f3n y atrezzo. Dise\u00f1o Exclusivo.","breadcrumb":{"@id":"https:\/\/test.dagic.es\/fr\/producto\/palera-chumbera-decoracion\/#breadcrumb"},"inLanguage":"fr-FR","potentialAction":[{"@type":"ReadAction","target":["https:\/\/test.dagic.es\/fr\/producto\/palera-chumbera-decoracion\/"]}]},{"@type":"ImageObject","inLanguage":"fr-FR","@id":"https:\/\/test.dagic.es\/fr\/producto\/palera-chumbera-decoracion\/#primaryimage","url":"https:\/\/test.dagic.es\/fr\/wp-content\/uploads\/sites\/5\/2019\/07\/palera-chumbera-carton-.jpg","contentUrl":"https:\/\/test.dagic.es\/fr\/wp-content\/uploads\/sites\/5\/2019\/07\/palera-chumbera-carton-.jpg","width":800,"height":800,"caption":"cactus chumbera frontal"},{"@type":"BreadcrumbList","@id":"https:\/\/test.dagic.es\/fr\/producto\/palera-chumbera-decoracion\/#breadcrumb","itemListElement":[{"@type":"ListItem","position":1,"name":"Accueil","item":"https:\/\/test.dagic.es\/fr\/"},{"@type":"ListItem","position":2,"name":"Produits","item":"https:\/\/test.dagic.es\/fr\/shop\/"},{"@type":"ListItem","position":3,"name":"Palera chumbera de cart\u00f3n para decoraci\u00f3n | Pack 3 uds."}]},{"@type":"WebSite","@id":"https:\/\/test.dagic.es\/fr\/#website","url":"https:\/\/test.dagic.es\/fr\/","name":"Cartonlab FR","description":"Cartonlab | Projets internationaux pour \u00e9v\u00e9nements et stands","publisher":{"@id":"https:\/\/test.dagic.es\/fr\/#organization"},"potentialAction":[{"@type":"SearchAction","target":{"@type":"EntryPoint","urlTemplate":"https:\/\/test.dagic.es\/fr\/?s={search_term_string}"},"query-input":{"@type":"PropertyValueSpecification","valueRequired":true,"valueName":"search_term_string"}}],"inLanguage":"fr-FR"},{"@type":"Organization","@id":"https:\/\/test.dagic.es\/fr\/#organization","name":"Cartonlab FR","url":"https:\/\/test.dagic.es\/fr\/","logo":{"@type":"ImageObject","inLanguage":"fr-FR","@id":"https:\/\/test.dagic.es\/fr\/#\/schema\/logo\/image\/","url":"https:\/\/test.dagic.es\/fr\/wp-content\/uploads\/sites\/5\/2023\/07\/logo.svg","contentUrl":"https:\/\/test.dagic.es\/fr\/wp-content\/uploads\/sites\/5\/2023\/07\/logo.svg","width":163,"height":44,"caption":"Cartonlab FR"},"image":{"@id":"https:\/\/test.dagic.es\/fr\/#\/schema\/logo\/image\/"}}]}},"_links":{"self":[{"href":"https:\/\/test.dagic.es\/fr\/wp-json\/wp\/v2\/product\/15538","targetHints":{"allow":["GET"]}}],"collection":[{"href":"https:\/\/test.dagic.es\/fr\/wp-json\/wp\/v2\/product"}],"about":[{"href":"https:\/\/test.dagic.es\/fr\/wp-json\/wp\/v2\/types\/product"}],"replies":[{"embeddable":true,"href":"https:\/\/test.dagic.es\/fr\/wp-json\/wp\/v2\/comments?post=15538"}],"wp:featuredmedia":[{"embeddable":true,"href":"https:\/\/test.dagic.es\/fr\/wp-json\/wp\/v2\/media\/15830"}],"wp:attachment":[{"href":"https:\/\/test.dagic.es\/fr\/wp-json\/wp\/v2\/media?parent=15538"}],"wp:term":[{"taxonomy":"product_brand","embeddable":true,"href":"https:\/\/test.dagic.es\/fr\/wp-json\/wp\/v2\/product_brand?post=15538"},{"taxonomy":"product_cat","embeddable":true,"href":"https:\/\/test.dagic.es\/fr\/wp-json\/wp\/v2\/product_cat?post=15538"},{"taxonomy":"product_tag","embeddable":true,"href":"https:\/\/test.dagic.es\/fr\/wp-json\/wp\/v2\/product_tag?post=15538"}],"curies":[{"name":"wp","href":"https:\/\/api.w.org\/{rel}","templated":true}]}}