{"id":15529,"date":"2019-07-25T15:13:33","date_gmt":"2019-07-25T14:13:33","guid":{"rendered":"https:\/\/test.dagic.es\/?post_type=product&#038;p=15529"},"modified":"2020-03-09T11:55:39","modified_gmt":"2020-03-09T10:55:39","slug":"palmera-decoracion","status":"publish","type":"product","link":"https:\/\/test.dagic.es\/fr\/producto\/palmera-decoracion\/","title":{"rendered":"Palmera de cart\u00f3n para decoraci\u00f3n"},"excerpt":{"rendered":"<p>Divertida <strong>palmera de cart\u00f3n,<\/strong> dise\u00f1ada para decoraci\u00f3n de eventos, ambientaci\u00f3n de fiestas, sesiones de fotos o atrezzo para escenograf\u00edas. Muy f\u00e1cil de montar y desmontar. Reutilizable y 100% reciclable. Compuesta por 4 piezas (ramas) que encajan entre si gracias a unos discos de cart\u00f3n centrales. Se entrega en un paquete plano que incluye instrucciones de montaje. Dise\u00f1o exclusivo s\u00f3lo disponible en Cartonlab. Consulta la informaci\u00f3n de la ficha y t\u00e9cnica y ponte en contacto con nosotros para valorar m\u00e1s opciones de personalizaci\u00f3n.<\/p>\n","protected":false},"featured_media":15840,"comment_status":"open","ping_status":"closed","template":"","meta":{"_acf_changed":false,"inline_featured_image":false},"product_brand":[],"product_cat":[3038,3095,3041],"product_tag":[],"class_list":{"0":"post-15529","1":"product","2":"type-product","3":"status-publish","4":"has-post-thumbnail","6":"product_cat-arbres-en-carton-de-decoration","7":"product_cat-arbres-en-carton","8":"product_cat-decor","9":"product_shipping_class-producto-grande","11":"first","12":"instock","13":"taxable","14":"shipping-taxable","15":"product-type-simple"},"acf":[],"yoast_head":"<!-- This site is optimized with the Yoast SEO plugin v27.2 - https:\/\/yoast.com\/product\/yoast-seo-wordpress\/ -->\n<title>Palmera de cart\u00f3n | Dise\u00f1o ecol\u00f3gico de Cartonlab<\/title>\n<meta name=\"description\" content=\"Palmera de cart\u00f3n para decoraci\u00f3n. Dise\u00f1ada para eventos, fiestas, espacios comerciales y atrezzo. F\u00e1cil de montar y reutilizar. Compra Online Cartonlab.com\" \/>\n<meta name=\"robots\" content=\"index, follow, max-snippet:-1, max-image-preview:large, max-video-preview:-1\" \/>\n<link rel=\"canonical\" href=\"https:\/\/test.dagic.es\/fr\/producto\/palmera-decoracion\/\" \/>\n<meta property=\"og:locale\" content=\"fr_FR\" \/>\n<meta property=\"og:type\" content=\"article\" \/>\n<meta property=\"og:title\" content=\"Palmera de cart\u00f3n | Dise\u00f1o ecol\u00f3gico de Cartonlab\" \/>\n<meta property=\"og:description\" content=\"Palmera de cart\u00f3n para decoraci\u00f3n. Dise\u00f1ada para eventos, fiestas, espacios comerciales y atrezzo. F\u00e1cil de montar y reutilizar. Compra Online Cartonlab.com\" \/>\n<meta property=\"og:url\" content=\"https:\/\/test.dagic.es\/fr\/producto\/palmera-decoracion\/\" \/>\n<meta property=\"og:site_name\" content=\"Cartonlab FR\" \/>\n<meta property=\"article:modified_time\" content=\"2020-03-09T10:55:39+00:00\" \/>\n<meta property=\"og:image\" content=\"https:\/\/test.dagic.es\/fr\/wp-content\/uploads\/sites\/5\/2019\/07\/palmera-carton-decoracion-2.jpg\" \/>\n\t<meta property=\"og:image:width\" content=\"800\" \/>\n\t<meta property=\"og:image:height\" content=\"800\" \/>\n\t<meta property=\"og:image:type\" content=\"image\/jpeg\" \/>\n<meta name=\"twitter:card\" content=\"summary_large_image\" \/>\n<script type=\"application\/ld+json\" class=\"yoast-schema-graph\">{\"@context\":\"https:\/\/schema.org\",\"@graph\":[{\"@type\":\"WebPage\",\"@id\":\"https:\/\/test.dagic.es\/fr\/producto\/palmera-decoracion\/\",\"url\":\"https:\/\/test.dagic.es\/fr\/producto\/palmera-decoracion\/\",\"name\":\"Palmera de cart\u00f3n | Dise\u00f1o ecol\u00f3gico de Cartonlab\",\"isPartOf\":{\"@id\":\"https:\/\/test.dagic.es\/fr\/#website\"},\"primaryImageOfPage\":{\"@id\":\"https:\/\/test.dagic.es\/fr\/producto\/palmera-decoracion\/#primaryimage\"},\"image\":{\"@id\":\"https:\/\/test.dagic.es\/fr\/producto\/palmera-decoracion\/#primaryimage\"},\"thumbnailUrl\":\"https:\/\/test.dagic.es\/fr\/wp-content\/uploads\/sites\/5\/2019\/07\/palmera-carton-decoracion-2.jpg\",\"datePublished\":\"2019-07-25T14:13:33+00:00\",\"dateModified\":\"2020-03-09T10:55:39+00:00\",\"description\":\"Palmera de cart\u00f3n para decoraci\u00f3n. Dise\u00f1ada para eventos, fiestas, espacios comerciales y atrezzo. F\u00e1cil de montar y reutilizar. Compra Online Cartonlab.com\",\"breadcrumb\":{\"@id\":\"https:\/\/test.dagic.es\/fr\/producto\/palmera-decoracion\/#breadcrumb\"},\"inLanguage\":\"fr-FR\",\"potentialAction\":[{\"@type\":\"ReadAction\",\"target\":[\"https:\/\/test.dagic.es\/fr\/producto\/palmera-decoracion\/\"]}]},{\"@type\":\"ImageObject\",\"inLanguage\":\"fr-FR\",\"@id\":\"https:\/\/test.dagic.es\/fr\/producto\/palmera-decoracion\/#primaryimage\",\"url\":\"https:\/\/test.dagic.es\/fr\/wp-content\/uploads\/sites\/5\/2019\/07\/palmera-carton-decoracion-2.jpg\",\"contentUrl\":\"https:\/\/test.dagic.es\/fr\/wp-content\/uploads\/sites\/5\/2019\/07\/palmera-carton-decoracion-2.jpg\",\"width\":800,\"height\":800,\"caption\":\"palmera carton frontal\"},{\"@type\":\"BreadcrumbList\",\"@id\":\"https:\/\/test.dagic.es\/fr\/producto\/palmera-decoracion\/#breadcrumb\",\"itemListElement\":[{\"@type\":\"ListItem\",\"position\":1,\"name\":\"Accueil\",\"item\":\"https:\/\/test.dagic.es\/fr\/\"},{\"@type\":\"ListItem\",\"position\":2,\"name\":\"Produits\",\"item\":\"https:\/\/test.dagic.es\/fr\/shop\/\"},{\"@type\":\"ListItem\",\"position\":3,\"name\":\"Palmera de cart\u00f3n para decoraci\u00f3n\"}]},{\"@type\":\"WebSite\",\"@id\":\"https:\/\/test.dagic.es\/fr\/#website\",\"url\":\"https:\/\/test.dagic.es\/fr\/\",\"name\":\"Cartonlab FR\",\"description\":\"Cartonlab | Projets internationaux pour \u00e9v\u00e9nements et stands\",\"publisher\":{\"@id\":\"https:\/\/test.dagic.es\/fr\/#organization\"},\"potentialAction\":[{\"@type\":\"SearchAction\",\"target\":{\"@type\":\"EntryPoint\",\"urlTemplate\":\"https:\/\/test.dagic.es\/fr\/?s={search_term_string}\"},\"query-input\":{\"@type\":\"PropertyValueSpecification\",\"valueRequired\":true,\"valueName\":\"search_term_string\"}}],\"inLanguage\":\"fr-FR\"},{\"@type\":\"Organization\",\"@id\":\"https:\/\/test.dagic.es\/fr\/#organization\",\"name\":\"Cartonlab FR\",\"url\":\"https:\/\/test.dagic.es\/fr\/\",\"logo\":{\"@type\":\"ImageObject\",\"inLanguage\":\"fr-FR\",\"@id\":\"https:\/\/test.dagic.es\/fr\/#\/schema\/logo\/image\/\",\"url\":\"https:\/\/test.dagic.es\/fr\/wp-content\/uploads\/sites\/5\/2023\/07\/logo.svg\",\"contentUrl\":\"https:\/\/test.dagic.es\/fr\/wp-content\/uploads\/sites\/5\/2023\/07\/logo.svg\",\"width\":163,\"height\":44,\"caption\":\"Cartonlab FR\"},\"image\":{\"@id\":\"https:\/\/test.dagic.es\/fr\/#\/schema\/logo\/image\/\"}}]}<\/script>\n<!-- \/ Yoast SEO plugin. -->","yoast_head_json":{"title":"Palmera de cart\u00f3n | Dise\u00f1o ecol\u00f3gico de Cartonlab","description":"Palmera de cart\u00f3n para decoraci\u00f3n. Dise\u00f1ada para eventos, fiestas, espacios comerciales y atrezzo. F\u00e1cil de montar y reutilizar. Compra Online Cartonlab.com","robots":{"index":"index","follow":"follow","max-snippet":"max-snippet:-1","max-image-preview":"max-image-preview:large","max-video-preview":"max-video-preview:-1"},"canonical":"https:\/\/test.dagic.es\/fr\/producto\/palmera-decoracion\/","og_locale":"fr_FR","og_type":"article","og_title":"Palmera de cart\u00f3n | Dise\u00f1o ecol\u00f3gico de Cartonlab","og_description":"Palmera de cart\u00f3n para decoraci\u00f3n. Dise\u00f1ada para eventos, fiestas, espacios comerciales y atrezzo. F\u00e1cil de montar y reutilizar. Compra Online Cartonlab.com","og_url":"https:\/\/test.dagic.es\/fr\/producto\/palmera-decoracion\/","og_site_name":"Cartonlab FR","article_modified_time":"2020-03-09T10:55:39+00:00","og_image":[{"width":800,"height":800,"url":"https:\/\/test.dagic.es\/fr\/wp-content\/uploads\/sites\/5\/2019\/07\/palmera-carton-decoracion-2.jpg","type":"image\/jpeg"}],"twitter_card":"summary_large_image","schema":{"@context":"https:\/\/schema.org","@graph":[{"@type":"WebPage","@id":"https:\/\/test.dagic.es\/fr\/producto\/palmera-decoracion\/","url":"https:\/\/test.dagic.es\/fr\/producto\/palmera-decoracion\/","name":"Palmera de cart\u00f3n | Dise\u00f1o ecol\u00f3gico de Cartonlab","isPartOf":{"@id":"https:\/\/test.dagic.es\/fr\/#website"},"primaryImageOfPage":{"@id":"https:\/\/test.dagic.es\/fr\/producto\/palmera-decoracion\/#primaryimage"},"image":{"@id":"https:\/\/test.dagic.es\/fr\/producto\/palmera-decoracion\/#primaryimage"},"thumbnailUrl":"https:\/\/test.dagic.es\/fr\/wp-content\/uploads\/sites\/5\/2019\/07\/palmera-carton-decoracion-2.jpg","datePublished":"2019-07-25T14:13:33+00:00","dateModified":"2020-03-09T10:55:39+00:00","description":"Palmera de cart\u00f3n para decoraci\u00f3n. Dise\u00f1ada para eventos, fiestas, espacios comerciales y atrezzo. F\u00e1cil de montar y reutilizar. Compra Online Cartonlab.com","breadcrumb":{"@id":"https:\/\/test.dagic.es\/fr\/producto\/palmera-decoracion\/#breadcrumb"},"inLanguage":"fr-FR","potentialAction":[{"@type":"ReadAction","target":["https:\/\/test.dagic.es\/fr\/producto\/palmera-decoracion\/"]}]},{"@type":"ImageObject","inLanguage":"fr-FR","@id":"https:\/\/test.dagic.es\/fr\/producto\/palmera-decoracion\/#primaryimage","url":"https:\/\/test.dagic.es\/fr\/wp-content\/uploads\/sites\/5\/2019\/07\/palmera-carton-decoracion-2.jpg","contentUrl":"https:\/\/test.dagic.es\/fr\/wp-content\/uploads\/sites\/5\/2019\/07\/palmera-carton-decoracion-2.jpg","width":800,"height":800,"caption":"palmera carton frontal"},{"@type":"BreadcrumbList","@id":"https:\/\/test.dagic.es\/fr\/producto\/palmera-decoracion\/#breadcrumb","itemListElement":[{"@type":"ListItem","position":1,"name":"Accueil","item":"https:\/\/test.dagic.es\/fr\/"},{"@type":"ListItem","position":2,"name":"Produits","item":"https:\/\/test.dagic.es\/fr\/shop\/"},{"@type":"ListItem","position":3,"name":"Palmera de cart\u00f3n para decoraci\u00f3n"}]},{"@type":"WebSite","@id":"https:\/\/test.dagic.es\/fr\/#website","url":"https:\/\/test.dagic.es\/fr\/","name":"Cartonlab FR","description":"Cartonlab | Projets internationaux pour \u00e9v\u00e9nements et stands","publisher":{"@id":"https:\/\/test.dagic.es\/fr\/#organization"},"potentialAction":[{"@type":"SearchAction","target":{"@type":"EntryPoint","urlTemplate":"https:\/\/test.dagic.es\/fr\/?s={search_term_string}"},"query-input":{"@type":"PropertyValueSpecification","valueRequired":true,"valueName":"search_term_string"}}],"inLanguage":"fr-FR"},{"@type":"Organization","@id":"https:\/\/test.dagic.es\/fr\/#organization","name":"Cartonlab FR","url":"https:\/\/test.dagic.es\/fr\/","logo":{"@type":"ImageObject","inLanguage":"fr-FR","@id":"https:\/\/test.dagic.es\/fr\/#\/schema\/logo\/image\/","url":"https:\/\/test.dagic.es\/fr\/wp-content\/uploads\/sites\/5\/2023\/07\/logo.svg","contentUrl":"https:\/\/test.dagic.es\/fr\/wp-content\/uploads\/sites\/5\/2023\/07\/logo.svg","width":163,"height":44,"caption":"Cartonlab FR"},"image":{"@id":"https:\/\/test.dagic.es\/fr\/#\/schema\/logo\/image\/"}}]}},"_links":{"self":[{"href":"https:\/\/test.dagic.es\/fr\/wp-json\/wp\/v2\/product\/15529","targetHints":{"allow":["GET"]}}],"collection":[{"href":"https:\/\/test.dagic.es\/fr\/wp-json\/wp\/v2\/product"}],"about":[{"href":"https:\/\/test.dagic.es\/fr\/wp-json\/wp\/v2\/types\/product"}],"replies":[{"embeddable":true,"href":"https:\/\/test.dagic.es\/fr\/wp-json\/wp\/v2\/comments?post=15529"}],"wp:featuredmedia":[{"embeddable":true,"href":"https:\/\/test.dagic.es\/fr\/wp-json\/wp\/v2\/media\/15840"}],"wp:attachment":[{"href":"https:\/\/test.dagic.es\/fr\/wp-json\/wp\/v2\/media?parent=15529"}],"wp:term":[{"taxonomy":"product_brand","embeddable":true,"href":"https:\/\/test.dagic.es\/fr\/wp-json\/wp\/v2\/product_brand?post=15529"},{"taxonomy":"product_cat","embeddable":true,"href":"https:\/\/test.dagic.es\/fr\/wp-json\/wp\/v2\/product_cat?post=15529"},{"taxonomy":"product_tag","embeddable":true,"href":"https:\/\/test.dagic.es\/fr\/wp-json\/wp\/v2\/product_tag?post=15529"}],"curies":[{"name":"wp","href":"https:\/\/api.w.org\/{rel}","templated":true}]}}