{"id":15526,"date":"2019-07-25T14:54:16","date_gmt":"2019-07-25T13:54:16","guid":{"rendered":"https:\/\/test.dagic.es\/?post_type=product&#038;p=15526"},"modified":"2020-11-17T11:52:25","modified_gmt":"2020-11-17T10:52:25","slug":"cactus-decoracion","status":"publish","type":"product","link":"https:\/\/test.dagic.es\/fr\/producto\/cactus-decoracion\/","title":{"rendered":"Cactus de cart\u00f3n para decoraci\u00f3n | Pack 4 uds."},"excerpt":{"rendered":"<p><strong>Pack 4 unidades<\/strong>. Original <strong>cactus de cart\u00f3n. <\/strong>Dise\u00f1ado como objeto de decoraci\u00f3n para el hogar, ambientaci\u00f3n para eventos y fiestas, atrezzo para escenograf\u00edas o sesiones de fotograf\u00eda, espacios comerciales, etc. Ligero y muy facil de montar. Cada cactus se entrega en un paquete plano que contiene las 3 piezas necesarias para instalarlo. (Ramas + base) No se necesitan pegamentos ni piezas especiales. Este cactus es <strong>desmontable y reutilizable.\u00a0 <\/strong>Consulta las medidas en la ficha t\u00e9cnica y consulta posibilidades de personalizaci\u00f3n. Dise\u00f1o exclusivo de Cartonlab.<\/p>\n","protected":false},"featured_media":15827,"comment_status":"open","ping_status":"closed","template":"","meta":{"_acf_changed":false,"inline_featured_image":false},"product_brand":[],"product_cat":[3095,3038,3041,3023,3028],"product_tag":[],"class_list":{"0":"post-15526","1":"product","2":"type-product","3":"status-publish","4":"has-post-thumbnail","6":"product_cat-arbres-en-carton","7":"product_cat-arbres-en-carton-de-decoration","8":"product_cat-decor","9":"product_cat-presentoirs-pour-produits","10":"product_cat-presentoirs-vitrines","11":"product_shipping_class-productopequeno","13":"first","14":"instock","15":"sale","16":"taxable","17":"shipping-taxable","18":"product-type-simple"},"acf":[],"yoast_head":"<!-- This site is optimized with the Yoast SEO plugin v27.2 - https:\/\/yoast.com\/product\/yoast-seo-wordpress\/ -->\n<title>Cactus de cart\u00f3n para decoraci\u00f3n<\/title>\n<meta name=\"description\" content=\"Original figura de cactus de cart\u00f3n para decoraci\u00f3n, eventos o sesiones de fotograf\u00eda. Ligero y desmontable. Dise\u00f1o exclusivo. Compra en Cartonlab.com\" \/>\n<meta name=\"robots\" content=\"index, follow, max-snippet:-1, max-image-preview:large, max-video-preview:-1\" \/>\n<link rel=\"canonical\" href=\"https:\/\/test.dagic.es\/fr\/producto\/cactus-decoracion\/\" \/>\n<meta property=\"og:locale\" content=\"fr_FR\" \/>\n<meta property=\"og:type\" content=\"article\" \/>\n<meta property=\"og:title\" content=\"Cactus de cart\u00f3n para decoraci\u00f3n\" \/>\n<meta property=\"og:description\" content=\"Original figura de cactus de cart\u00f3n para decoraci\u00f3n, eventos o sesiones de fotograf\u00eda. Ligero y desmontable. Dise\u00f1o exclusivo. Compra en Cartonlab.com\" \/>\n<meta property=\"og:url\" content=\"https:\/\/test.dagic.es\/fr\/producto\/cactus-decoracion\/\" \/>\n<meta property=\"og:site_name\" content=\"Cartonlab FR\" \/>\n<meta property=\"article:modified_time\" content=\"2020-11-17T10:52:25+00:00\" \/>\n<meta property=\"og:image\" content=\"https:\/\/test.dagic.es\/fr\/wp-content\/uploads\/sites\/5\/2019\/07\/Cactus-carton-decoracion-atrezo-1.jpg\" \/>\n\t<meta property=\"og:image:width\" content=\"800\" \/>\n\t<meta property=\"og:image:height\" content=\"800\" \/>\n\t<meta property=\"og:image:type\" content=\"image\/jpeg\" \/>\n<meta name=\"twitter:card\" content=\"summary_large_image\" \/>\n<script type=\"application\/ld+json\" class=\"yoast-schema-graph\">{\"@context\":\"https:\/\/schema.org\",\"@graph\":[{\"@type\":\"WebPage\",\"@id\":\"https:\/\/test.dagic.es\/fr\/producto\/cactus-decoracion\/\",\"url\":\"https:\/\/test.dagic.es\/fr\/producto\/cactus-decoracion\/\",\"name\":\"Cactus de cart\u00f3n para decoraci\u00f3n\",\"isPartOf\":{\"@id\":\"https:\/\/test.dagic.es\/fr\/#website\"},\"primaryImageOfPage\":{\"@id\":\"https:\/\/test.dagic.es\/fr\/producto\/cactus-decoracion\/#primaryimage\"},\"image\":{\"@id\":\"https:\/\/test.dagic.es\/fr\/producto\/cactus-decoracion\/#primaryimage\"},\"thumbnailUrl\":\"https:\/\/test.dagic.es\/fr\/wp-content\/uploads\/sites\/5\/2019\/07\/Cactus-carton-decoracion-atrezo-1.jpg\",\"datePublished\":\"2019-07-25T13:54:16+00:00\",\"dateModified\":\"2020-11-17T10:52:25+00:00\",\"description\":\"Original figura de cactus de cart\u00f3n para decoraci\u00f3n, eventos o sesiones de fotograf\u00eda. Ligero y desmontable. Dise\u00f1o exclusivo. Compra en Cartonlab.com\",\"breadcrumb\":{\"@id\":\"https:\/\/test.dagic.es\/fr\/producto\/cactus-decoracion\/#breadcrumb\"},\"inLanguage\":\"fr-FR\",\"potentialAction\":[{\"@type\":\"ReadAction\",\"target\":[\"https:\/\/test.dagic.es\/fr\/producto\/cactus-decoracion\/\"]}]},{\"@type\":\"ImageObject\",\"inLanguage\":\"fr-FR\",\"@id\":\"https:\/\/test.dagic.es\/fr\/producto\/cactus-decoracion\/#primaryimage\",\"url\":\"https:\/\/test.dagic.es\/fr\/wp-content\/uploads\/sites\/5\/2019\/07\/Cactus-carton-decoracion-atrezo-1.jpg\",\"contentUrl\":\"https:\/\/test.dagic.es\/fr\/wp-content\/uploads\/sites\/5\/2019\/07\/Cactus-carton-decoracion-atrezo-1.jpg\",\"width\":800,\"height\":800,\"caption\":\"cactus carton frontal\"},{\"@type\":\"BreadcrumbList\",\"@id\":\"https:\/\/test.dagic.es\/fr\/producto\/cactus-decoracion\/#breadcrumb\",\"itemListElement\":[{\"@type\":\"ListItem\",\"position\":1,\"name\":\"Accueil\",\"item\":\"https:\/\/test.dagic.es\/fr\/\"},{\"@type\":\"ListItem\",\"position\":2,\"name\":\"Produits\",\"item\":\"https:\/\/test.dagic.es\/fr\/shop\/\"},{\"@type\":\"ListItem\",\"position\":3,\"name\":\"Cactus de cart\u00f3n para decoraci\u00f3n | Pack 4 uds.\"}]},{\"@type\":\"WebSite\",\"@id\":\"https:\/\/test.dagic.es\/fr\/#website\",\"url\":\"https:\/\/test.dagic.es\/fr\/\",\"name\":\"Cartonlab FR\",\"description\":\"Cartonlab | Projets internationaux pour \u00e9v\u00e9nements et stands\",\"publisher\":{\"@id\":\"https:\/\/test.dagic.es\/fr\/#organization\"},\"potentialAction\":[{\"@type\":\"SearchAction\",\"target\":{\"@type\":\"EntryPoint\",\"urlTemplate\":\"https:\/\/test.dagic.es\/fr\/?s={search_term_string}\"},\"query-input\":{\"@type\":\"PropertyValueSpecification\",\"valueRequired\":true,\"valueName\":\"search_term_string\"}}],\"inLanguage\":\"fr-FR\"},{\"@type\":\"Organization\",\"@id\":\"https:\/\/test.dagic.es\/fr\/#organization\",\"name\":\"Cartonlab FR\",\"url\":\"https:\/\/test.dagic.es\/fr\/\",\"logo\":{\"@type\":\"ImageObject\",\"inLanguage\":\"fr-FR\",\"@id\":\"https:\/\/test.dagic.es\/fr\/#\/schema\/logo\/image\/\",\"url\":\"https:\/\/test.dagic.es\/fr\/wp-content\/uploads\/sites\/5\/2023\/07\/logo.svg\",\"contentUrl\":\"https:\/\/test.dagic.es\/fr\/wp-content\/uploads\/sites\/5\/2023\/07\/logo.svg\",\"width\":163,\"height\":44,\"caption\":\"Cartonlab FR\"},\"image\":{\"@id\":\"https:\/\/test.dagic.es\/fr\/#\/schema\/logo\/image\/\"}}]}<\/script>\n<!-- \/ Yoast SEO plugin. -->","yoast_head_json":{"title":"Cactus de cart\u00f3n para decoraci\u00f3n","description":"Original figura de cactus de cart\u00f3n para decoraci\u00f3n, eventos o sesiones de fotograf\u00eda. Ligero y desmontable. Dise\u00f1o exclusivo. Compra en Cartonlab.com","robots":{"index":"index","follow":"follow","max-snippet":"max-snippet:-1","max-image-preview":"max-image-preview:large","max-video-preview":"max-video-preview:-1"},"canonical":"https:\/\/test.dagic.es\/fr\/producto\/cactus-decoracion\/","og_locale":"fr_FR","og_type":"article","og_title":"Cactus de cart\u00f3n para decoraci\u00f3n","og_description":"Original figura de cactus de cart\u00f3n para decoraci\u00f3n, eventos o sesiones de fotograf\u00eda. Ligero y desmontable. Dise\u00f1o exclusivo. Compra en Cartonlab.com","og_url":"https:\/\/test.dagic.es\/fr\/producto\/cactus-decoracion\/","og_site_name":"Cartonlab FR","article_modified_time":"2020-11-17T10:52:25+00:00","og_image":[{"width":800,"height":800,"url":"https:\/\/test.dagic.es\/fr\/wp-content\/uploads\/sites\/5\/2019\/07\/Cactus-carton-decoracion-atrezo-1.jpg","type":"image\/jpeg"}],"twitter_card":"summary_large_image","schema":{"@context":"https:\/\/schema.org","@graph":[{"@type":"WebPage","@id":"https:\/\/test.dagic.es\/fr\/producto\/cactus-decoracion\/","url":"https:\/\/test.dagic.es\/fr\/producto\/cactus-decoracion\/","name":"Cactus de cart\u00f3n para decoraci\u00f3n","isPartOf":{"@id":"https:\/\/test.dagic.es\/fr\/#website"},"primaryImageOfPage":{"@id":"https:\/\/test.dagic.es\/fr\/producto\/cactus-decoracion\/#primaryimage"},"image":{"@id":"https:\/\/test.dagic.es\/fr\/producto\/cactus-decoracion\/#primaryimage"},"thumbnailUrl":"https:\/\/test.dagic.es\/fr\/wp-content\/uploads\/sites\/5\/2019\/07\/Cactus-carton-decoracion-atrezo-1.jpg","datePublished":"2019-07-25T13:54:16+00:00","dateModified":"2020-11-17T10:52:25+00:00","description":"Original figura de cactus de cart\u00f3n para decoraci\u00f3n, eventos o sesiones de fotograf\u00eda. Ligero y desmontable. Dise\u00f1o exclusivo. Compra en Cartonlab.com","breadcrumb":{"@id":"https:\/\/test.dagic.es\/fr\/producto\/cactus-decoracion\/#breadcrumb"},"inLanguage":"fr-FR","potentialAction":[{"@type":"ReadAction","target":["https:\/\/test.dagic.es\/fr\/producto\/cactus-decoracion\/"]}]},{"@type":"ImageObject","inLanguage":"fr-FR","@id":"https:\/\/test.dagic.es\/fr\/producto\/cactus-decoracion\/#primaryimage","url":"https:\/\/test.dagic.es\/fr\/wp-content\/uploads\/sites\/5\/2019\/07\/Cactus-carton-decoracion-atrezo-1.jpg","contentUrl":"https:\/\/test.dagic.es\/fr\/wp-content\/uploads\/sites\/5\/2019\/07\/Cactus-carton-decoracion-atrezo-1.jpg","width":800,"height":800,"caption":"cactus carton frontal"},{"@type":"BreadcrumbList","@id":"https:\/\/test.dagic.es\/fr\/producto\/cactus-decoracion\/#breadcrumb","itemListElement":[{"@type":"ListItem","position":1,"name":"Accueil","item":"https:\/\/test.dagic.es\/fr\/"},{"@type":"ListItem","position":2,"name":"Produits","item":"https:\/\/test.dagic.es\/fr\/shop\/"},{"@type":"ListItem","position":3,"name":"Cactus de cart\u00f3n para decoraci\u00f3n | Pack 4 uds."}]},{"@type":"WebSite","@id":"https:\/\/test.dagic.es\/fr\/#website","url":"https:\/\/test.dagic.es\/fr\/","name":"Cartonlab FR","description":"Cartonlab | Projets internationaux pour \u00e9v\u00e9nements et stands","publisher":{"@id":"https:\/\/test.dagic.es\/fr\/#organization"},"potentialAction":[{"@type":"SearchAction","target":{"@type":"EntryPoint","urlTemplate":"https:\/\/test.dagic.es\/fr\/?s={search_term_string}"},"query-input":{"@type":"PropertyValueSpecification","valueRequired":true,"valueName":"search_term_string"}}],"inLanguage":"fr-FR"},{"@type":"Organization","@id":"https:\/\/test.dagic.es\/fr\/#organization","name":"Cartonlab FR","url":"https:\/\/test.dagic.es\/fr\/","logo":{"@type":"ImageObject","inLanguage":"fr-FR","@id":"https:\/\/test.dagic.es\/fr\/#\/schema\/logo\/image\/","url":"https:\/\/test.dagic.es\/fr\/wp-content\/uploads\/sites\/5\/2023\/07\/logo.svg","contentUrl":"https:\/\/test.dagic.es\/fr\/wp-content\/uploads\/sites\/5\/2023\/07\/logo.svg","width":163,"height":44,"caption":"Cartonlab FR"},"image":{"@id":"https:\/\/test.dagic.es\/fr\/#\/schema\/logo\/image\/"}}]}},"_links":{"self":[{"href":"https:\/\/test.dagic.es\/fr\/wp-json\/wp\/v2\/product\/15526","targetHints":{"allow":["GET"]}}],"collection":[{"href":"https:\/\/test.dagic.es\/fr\/wp-json\/wp\/v2\/product"}],"about":[{"href":"https:\/\/test.dagic.es\/fr\/wp-json\/wp\/v2\/types\/product"}],"replies":[{"embeddable":true,"href":"https:\/\/test.dagic.es\/fr\/wp-json\/wp\/v2\/comments?post=15526"}],"wp:featuredmedia":[{"embeddable":true,"href":"https:\/\/test.dagic.es\/fr\/wp-json\/wp\/v2\/media\/15827"}],"wp:attachment":[{"href":"https:\/\/test.dagic.es\/fr\/wp-json\/wp\/v2\/media?parent=15526"}],"wp:term":[{"taxonomy":"product_brand","embeddable":true,"href":"https:\/\/test.dagic.es\/fr\/wp-json\/wp\/v2\/product_brand?post=15526"},{"taxonomy":"product_cat","embeddable":true,"href":"https:\/\/test.dagic.es\/fr\/wp-json\/wp\/v2\/product_cat?post=15526"},{"taxonomy":"product_tag","embeddable":true,"href":"https:\/\/test.dagic.es\/fr\/wp-json\/wp\/v2\/product_tag?post=15526"}],"curies":[{"name":"wp","href":"https:\/\/api.w.org\/{rel}","templated":true}]}}