{"id":15510,"date":"2019-07-24T12:24:02","date_gmt":"2019-07-24T11:24:02","guid":{"rendered":"https:\/\/test.dagic.es\/?post_type=product&#038;p=15510"},"modified":"2020-11-17T11:52:50","modified_gmt":"2020-11-17T10:52:50","slug":"burro-colgador-ropa","status":"publish","type":"product","link":"https:\/\/test.dagic.es\/fr\/producto\/burro-colgador-ropa\/","title":{"rendered":"Burro colgador para ropa | Pack 2 uds"},"excerpt":{"rendered":"<p><strong>Pack 2 unidades. Burro para ropa.<\/strong> Colgador resistente y desmontable realizado en cart\u00f3n estructural nido de abeja. Muy ligero y f\u00e1cil de transportar. Una soluci\u00f3n perfecta para <strong>mercadillos, pop-up stores, showrooms, sesiones de fotograf\u00eda, desfiles de moda<\/strong> etc.\u00a0 Cada burro se monta en 4 piezas que encajan de forma sencilla entre s\u00ed. No se necesitan piezas extra para su instalaci\u00f3n. Dise\u00f1ados para colgar 12 productos. Peso m\u00e1ximo 15 kg (distribuido).\u00a0 El pedido incluye de regalo\u00a0 24 perchas de cart\u00f3n. Dise\u00f1ado y producido en exclusiva por Cartonlab en Espa\u00f1a.<\/p>\n","protected":false},"featured_media":15885,"comment_status":"open","ping_status":"closed","template":"","meta":{"_acf_changed":false,"inline_featured_image":false},"product_brand":[],"product_cat":[3036,3024,3023,3035],"product_tag":[],"class_list":{"0":"post-15510","1":"product","2":"type-product","3":"status-publish","4":"has-post-thumbnail","6":"product_cat-mobilier-pour-evenements-durables","7":"product_cat-presentoirs-designs-speciaux","8":"product_cat-presentoirs-pour-produits","9":"product_cat-produits-pour-evenements-durables","10":"product_shipping_class-productopequeno","12":"first","13":"instock","14":"sale","15":"taxable","16":"shipping-taxable","17":"product-type-simple"},"acf":[],"yoast_head":"<!-- This site is optimized with the Yoast SEO plugin v27.2 - https:\/\/yoast.com\/product\/yoast-seo-wordpress\/ -->\n<title>Burro para ropa | colgador perchero ligero y desmontable<\/title>\n<meta name=\"description\" content=\"Burro para ropa. Ligero, resistente y desmontable. Perchero producido en cart\u00f3n nido de abeja. Colgador ecol\u00f3gico. Compra directa online Cartonlab.com\" \/>\n<meta name=\"robots\" content=\"index, follow, max-snippet:-1, max-image-preview:large, max-video-preview:-1\" \/>\n<link rel=\"canonical\" href=\"https:\/\/test.dagic.es\/fr\/producto\/burro-colgador-ropa\/\" \/>\n<meta property=\"og:locale\" content=\"fr_FR\" \/>\n<meta property=\"og:type\" content=\"article\" \/>\n<meta property=\"og:title\" content=\"Burro para ropa | colgador perchero ligero y desmontable\" \/>\n<meta property=\"og:description\" content=\"Burro para ropa. Ligero, resistente y desmontable. Perchero producido en cart\u00f3n nido de abeja. Colgador ecol\u00f3gico. Compra directa online Cartonlab.com\" \/>\n<meta property=\"og:url\" content=\"https:\/\/test.dagic.es\/fr\/producto\/burro-colgador-ropa\/\" \/>\n<meta property=\"og:site_name\" content=\"Cartonlab FR\" \/>\n<meta property=\"article:modified_time\" content=\"2020-11-17T10:52:50+00:00\" \/>\n<meta property=\"og:image\" content=\"https:\/\/test.dagic.es\/fr\/wp-content\/uploads\/sites\/5\/2019\/07\/burro-para-ropa-colgador-perchero-.jpg\" \/>\n\t<meta property=\"og:image:width\" content=\"800\" \/>\n\t<meta property=\"og:image:height\" content=\"800\" \/>\n\t<meta property=\"og:image:type\" content=\"image\/jpeg\" \/>\n<meta name=\"twitter:card\" content=\"summary_large_image\" \/>\n<script type=\"application\/ld+json\" class=\"yoast-schema-graph\">{\"@context\":\"https:\/\/schema.org\",\"@graph\":[{\"@type\":\"WebPage\",\"@id\":\"https:\/\/test.dagic.es\/fr\/producto\/burro-colgador-ropa\/\",\"url\":\"https:\/\/test.dagic.es\/fr\/producto\/burro-colgador-ropa\/\",\"name\":\"Burro para ropa | colgador perchero ligero y desmontable\",\"isPartOf\":{\"@id\":\"https:\/\/test.dagic.es\/fr\/#website\"},\"primaryImageOfPage\":{\"@id\":\"https:\/\/test.dagic.es\/fr\/producto\/burro-colgador-ropa\/#primaryimage\"},\"image\":{\"@id\":\"https:\/\/test.dagic.es\/fr\/producto\/burro-colgador-ropa\/#primaryimage\"},\"thumbnailUrl\":\"https:\/\/test.dagic.es\/fr\/wp-content\/uploads\/sites\/5\/2019\/07\/burro-para-ropa-colgador-perchero-.jpg\",\"datePublished\":\"2019-07-24T11:24:02+00:00\",\"dateModified\":\"2020-11-17T10:52:50+00:00\",\"description\":\"Burro para ropa. Ligero, resistente y desmontable. Perchero producido en cart\u00f3n nido de abeja. Colgador ecol\u00f3gico. Compra directa online Cartonlab.com\",\"breadcrumb\":{\"@id\":\"https:\/\/test.dagic.es\/fr\/producto\/burro-colgador-ropa\/#breadcrumb\"},\"inLanguage\":\"fr-FR\",\"potentialAction\":[{\"@type\":\"ReadAction\",\"target\":[\"https:\/\/test.dagic.es\/fr\/producto\/burro-colgador-ropa\/\"]}]},{\"@type\":\"ImageObject\",\"inLanguage\":\"fr-FR\",\"@id\":\"https:\/\/test.dagic.es\/fr\/producto\/burro-colgador-ropa\/#primaryimage\",\"url\":\"https:\/\/test.dagic.es\/fr\/wp-content\/uploads\/sites\/5\/2019\/07\/burro-para-ropa-colgador-perchero-.jpg\",\"contentUrl\":\"https:\/\/test.dagic.es\/fr\/wp-content\/uploads\/sites\/5\/2019\/07\/burro-para-ropa-colgador-perchero-.jpg\",\"width\":800,\"height\":800},{\"@type\":\"BreadcrumbList\",\"@id\":\"https:\/\/test.dagic.es\/fr\/producto\/burro-colgador-ropa\/#breadcrumb\",\"itemListElement\":[{\"@type\":\"ListItem\",\"position\":1,\"name\":\"Accueil\",\"item\":\"https:\/\/test.dagic.es\/fr\/\"},{\"@type\":\"ListItem\",\"position\":2,\"name\":\"Produits\",\"item\":\"https:\/\/test.dagic.es\/fr\/shop\/\"},{\"@type\":\"ListItem\",\"position\":3,\"name\":\"Burro colgador para ropa | Pack 2 uds\"}]},{\"@type\":\"WebSite\",\"@id\":\"https:\/\/test.dagic.es\/fr\/#website\",\"url\":\"https:\/\/test.dagic.es\/fr\/\",\"name\":\"Cartonlab FR\",\"description\":\"Cartonlab | Projets internationaux pour \u00e9v\u00e9nements et stands\",\"publisher\":{\"@id\":\"https:\/\/test.dagic.es\/fr\/#organization\"},\"potentialAction\":[{\"@type\":\"SearchAction\",\"target\":{\"@type\":\"EntryPoint\",\"urlTemplate\":\"https:\/\/test.dagic.es\/fr\/?s={search_term_string}\"},\"query-input\":{\"@type\":\"PropertyValueSpecification\",\"valueRequired\":true,\"valueName\":\"search_term_string\"}}],\"inLanguage\":\"fr-FR\"},{\"@type\":\"Organization\",\"@id\":\"https:\/\/test.dagic.es\/fr\/#organization\",\"name\":\"Cartonlab FR\",\"url\":\"https:\/\/test.dagic.es\/fr\/\",\"logo\":{\"@type\":\"ImageObject\",\"inLanguage\":\"fr-FR\",\"@id\":\"https:\/\/test.dagic.es\/fr\/#\/schema\/logo\/image\/\",\"url\":\"https:\/\/test.dagic.es\/fr\/wp-content\/uploads\/sites\/5\/2023\/07\/logo.svg\",\"contentUrl\":\"https:\/\/test.dagic.es\/fr\/wp-content\/uploads\/sites\/5\/2023\/07\/logo.svg\",\"width\":163,\"height\":44,\"caption\":\"Cartonlab FR\"},\"image\":{\"@id\":\"https:\/\/test.dagic.es\/fr\/#\/schema\/logo\/image\/\"}}]}<\/script>\n<!-- \/ Yoast SEO plugin. -->","yoast_head_json":{"title":"Burro para ropa | colgador perchero ligero y desmontable","description":"Burro para ropa. Ligero, resistente y desmontable. Perchero producido en cart\u00f3n nido de abeja. Colgador ecol\u00f3gico. Compra directa online Cartonlab.com","robots":{"index":"index","follow":"follow","max-snippet":"max-snippet:-1","max-image-preview":"max-image-preview:large","max-video-preview":"max-video-preview:-1"},"canonical":"https:\/\/test.dagic.es\/fr\/producto\/burro-colgador-ropa\/","og_locale":"fr_FR","og_type":"article","og_title":"Burro para ropa | colgador perchero ligero y desmontable","og_description":"Burro para ropa. Ligero, resistente y desmontable. Perchero producido en cart\u00f3n nido de abeja. Colgador ecol\u00f3gico. Compra directa online Cartonlab.com","og_url":"https:\/\/test.dagic.es\/fr\/producto\/burro-colgador-ropa\/","og_site_name":"Cartonlab FR","article_modified_time":"2020-11-17T10:52:50+00:00","og_image":[{"width":800,"height":800,"url":"https:\/\/test.dagic.es\/fr\/wp-content\/uploads\/sites\/5\/2019\/07\/burro-para-ropa-colgador-perchero-.jpg","type":"image\/jpeg"}],"twitter_card":"summary_large_image","schema":{"@context":"https:\/\/schema.org","@graph":[{"@type":"WebPage","@id":"https:\/\/test.dagic.es\/fr\/producto\/burro-colgador-ropa\/","url":"https:\/\/test.dagic.es\/fr\/producto\/burro-colgador-ropa\/","name":"Burro para ropa | colgador perchero ligero y desmontable","isPartOf":{"@id":"https:\/\/test.dagic.es\/fr\/#website"},"primaryImageOfPage":{"@id":"https:\/\/test.dagic.es\/fr\/producto\/burro-colgador-ropa\/#primaryimage"},"image":{"@id":"https:\/\/test.dagic.es\/fr\/producto\/burro-colgador-ropa\/#primaryimage"},"thumbnailUrl":"https:\/\/test.dagic.es\/fr\/wp-content\/uploads\/sites\/5\/2019\/07\/burro-para-ropa-colgador-perchero-.jpg","datePublished":"2019-07-24T11:24:02+00:00","dateModified":"2020-11-17T10:52:50+00:00","description":"Burro para ropa. Ligero, resistente y desmontable. Perchero producido en cart\u00f3n nido de abeja. Colgador ecol\u00f3gico. Compra directa online Cartonlab.com","breadcrumb":{"@id":"https:\/\/test.dagic.es\/fr\/producto\/burro-colgador-ropa\/#breadcrumb"},"inLanguage":"fr-FR","potentialAction":[{"@type":"ReadAction","target":["https:\/\/test.dagic.es\/fr\/producto\/burro-colgador-ropa\/"]}]},{"@type":"ImageObject","inLanguage":"fr-FR","@id":"https:\/\/test.dagic.es\/fr\/producto\/burro-colgador-ropa\/#primaryimage","url":"https:\/\/test.dagic.es\/fr\/wp-content\/uploads\/sites\/5\/2019\/07\/burro-para-ropa-colgador-perchero-.jpg","contentUrl":"https:\/\/test.dagic.es\/fr\/wp-content\/uploads\/sites\/5\/2019\/07\/burro-para-ropa-colgador-perchero-.jpg","width":800,"height":800},{"@type":"BreadcrumbList","@id":"https:\/\/test.dagic.es\/fr\/producto\/burro-colgador-ropa\/#breadcrumb","itemListElement":[{"@type":"ListItem","position":1,"name":"Accueil","item":"https:\/\/test.dagic.es\/fr\/"},{"@type":"ListItem","position":2,"name":"Produits","item":"https:\/\/test.dagic.es\/fr\/shop\/"},{"@type":"ListItem","position":3,"name":"Burro colgador para ropa | Pack 2 uds"}]},{"@type":"WebSite","@id":"https:\/\/test.dagic.es\/fr\/#website","url":"https:\/\/test.dagic.es\/fr\/","name":"Cartonlab FR","description":"Cartonlab | Projets internationaux pour \u00e9v\u00e9nements et stands","publisher":{"@id":"https:\/\/test.dagic.es\/fr\/#organization"},"potentialAction":[{"@type":"SearchAction","target":{"@type":"EntryPoint","urlTemplate":"https:\/\/test.dagic.es\/fr\/?s={search_term_string}"},"query-input":{"@type":"PropertyValueSpecification","valueRequired":true,"valueName":"search_term_string"}}],"inLanguage":"fr-FR"},{"@type":"Organization","@id":"https:\/\/test.dagic.es\/fr\/#organization","name":"Cartonlab FR","url":"https:\/\/test.dagic.es\/fr\/","logo":{"@type":"ImageObject","inLanguage":"fr-FR","@id":"https:\/\/test.dagic.es\/fr\/#\/schema\/logo\/image\/","url":"https:\/\/test.dagic.es\/fr\/wp-content\/uploads\/sites\/5\/2023\/07\/logo.svg","contentUrl":"https:\/\/test.dagic.es\/fr\/wp-content\/uploads\/sites\/5\/2023\/07\/logo.svg","width":163,"height":44,"caption":"Cartonlab FR"},"image":{"@id":"https:\/\/test.dagic.es\/fr\/#\/schema\/logo\/image\/"}}]}},"_links":{"self":[{"href":"https:\/\/test.dagic.es\/fr\/wp-json\/wp\/v2\/product\/15510","targetHints":{"allow":["GET"]}}],"collection":[{"href":"https:\/\/test.dagic.es\/fr\/wp-json\/wp\/v2\/product"}],"about":[{"href":"https:\/\/test.dagic.es\/fr\/wp-json\/wp\/v2\/types\/product"}],"replies":[{"embeddable":true,"href":"https:\/\/test.dagic.es\/fr\/wp-json\/wp\/v2\/comments?post=15510"}],"wp:featuredmedia":[{"embeddable":true,"href":"https:\/\/test.dagic.es\/fr\/wp-json\/wp\/v2\/media\/15885"}],"wp:attachment":[{"href":"https:\/\/test.dagic.es\/fr\/wp-json\/wp\/v2\/media?parent=15510"}],"wp:term":[{"taxonomy":"product_brand","embeddable":true,"href":"https:\/\/test.dagic.es\/fr\/wp-json\/wp\/v2\/product_brand?post=15510"},{"taxonomy":"product_cat","embeddable":true,"href":"https:\/\/test.dagic.es\/fr\/wp-json\/wp\/v2\/product_cat?post=15510"},{"taxonomy":"product_tag","embeddable":true,"href":"https:\/\/test.dagic.es\/fr\/wp-json\/wp\/v2\/product_tag?post=15510"}],"curies":[{"name":"wp","href":"https:\/\/api.w.org\/{rel}","templated":true}]}}