{"id":14133,"date":"2019-03-13T12:44:46","date_gmt":"2019-03-13T11:44:46","guid":{"rendered":"https:\/\/test.dagic.es\/?post_type=product&#038;p=14133"},"modified":"2020-03-20T13:55:04","modified_gmt":"2020-03-20T12:55:04","slug":"banco-carton-recto-up","status":"publish","type":"product","link":"https:\/\/test.dagic.es\/fr\/producto\/banco-carton-recto-up\/","title":{"rendered":"Banco de cart\u00f3n modelo UP"},"excerpt":{"rendered":"<p><strong>Banco recto de cart\u00f3n<\/strong>\u00a0<strong>modelo<\/strong> <strong>UP<\/strong>.\u00a0 Dise\u00f1o contempor\u00e1neo, sencillo y elegante.\u00a0 F\u00e1cil de montar y muy resistente.\u00a0 Fabricado con un cart\u00f3n especial de alta resistencia. Se entrega desmontado en un paquete plano que\u00a0 incluye instrucciones para su instalaci\u00f3n.\u00a0 Compuesto de piezas de cart\u00f3n que encajan entre si. No se necesitan herremientas especiales, colas ni pegamento.\u00a0 <strong>Desmontable y reutilizable<\/strong>.<\/p>\n<p>Ideal para <strong>eventos<\/strong>, zonas de descanso y espera, acciones comerciales, mobilario ecol\u00f3gico, etc.\u00a0 Acabados disponibles son Blanco y Marr\u00f3n natural (Kraft).\u00a0 Consultar opciones y precios para dise\u00f1os especiales personalizados (color, gr\u00e1fica, etc)<\/p>\n","protected":false},"featured_media":14135,"comment_status":"open","ping_status":"closed","template":"","meta":{"_acf_changed":false,"inline_featured_image":false},"product_brand":[],"product_cat":[3031,3018],"product_tag":[],"class_list":{"0":"post-14133","1":"product","2":"type-product","3":"status-publish","4":"has-post-thumbnail","6":"product_cat-chaises-et-bancs","7":"product_cat-muebles-en-carton","8":"product_shipping_class-productomediano","10":"first","11":"instock","12":"taxable","13":"shipping-taxable","14":"product-type-simple"},"acf":[],"yoast_head":"<!-- This site is optimized with the Yoast SEO plugin v27.2 - https:\/\/yoast.com\/product\/yoast-seo-wordpress\/ -->\n<title>UP | Banco recto de cart\u00f3n | Dise\u00f1o ecol\u00f3gico - Cartonlab - Compra Online<\/title>\n<meta name=\"description\" content=\"Banco recto de cart\u00f3n modelo UP | Ligero, resistente y f\u00e1cil de montar | Dise\u00f1o contempor\u00e1neo y funcional | Desmontable y Personalizable\" \/>\n<meta name=\"robots\" content=\"index, follow, max-snippet:-1, max-image-preview:large, max-video-preview:-1\" \/>\n<link rel=\"canonical\" href=\"https:\/\/test.dagic.es\/fr\/producto\/banco-carton-recto-up\/\" \/>\n<meta property=\"og:locale\" content=\"fr_FR\" \/>\n<meta property=\"og:type\" content=\"article\" \/>\n<meta property=\"og:title\" content=\"UP | Banco recto de cart\u00f3n | Dise\u00f1o ecol\u00f3gico - Cartonlab - Compra Online\" \/>\n<meta property=\"og:description\" content=\"Banco recto de cart\u00f3n modelo UP | Ligero, resistente y f\u00e1cil de montar | Dise\u00f1o contempor\u00e1neo y funcional | Desmontable y Personalizable\" \/>\n<meta property=\"og:url\" content=\"https:\/\/test.dagic.es\/fr\/producto\/banco-carton-recto-up\/\" \/>\n<meta property=\"og:site_name\" content=\"Cartonlab FR\" \/>\n<meta property=\"article:modified_time\" content=\"2020-03-20T12:55:04+00:00\" \/>\n<meta property=\"og:image\" content=\"https:\/\/test.dagic.es\/fr\/wp-content\/uploads\/sites\/5\/2019\/03\/banco-recto-de-cart\u00f3n-modelo-up-6.jpg\" \/>\n\t<meta property=\"og:image:width\" content=\"800\" \/>\n\t<meta property=\"og:image:height\" content=\"800\" \/>\n\t<meta property=\"og:image:type\" content=\"image\/jpeg\" \/>\n<meta name=\"twitter:card\" content=\"summary_large_image\" \/>\n<script type=\"application\/ld+json\" class=\"yoast-schema-graph\">{\"@context\":\"https:\/\/schema.org\",\"@graph\":[{\"@type\":\"WebPage\",\"@id\":\"https:\/\/test.dagic.es\/fr\/producto\/banco-carton-recto-up\/\",\"url\":\"https:\/\/test.dagic.es\/fr\/producto\/banco-carton-recto-up\/\",\"name\":\"UP | Banco recto de cart\u00f3n | Dise\u00f1o ecol\u00f3gico - Cartonlab - Compra Online\",\"isPartOf\":{\"@id\":\"https:\/\/test.dagic.es\/fr\/#website\"},\"primaryImageOfPage\":{\"@id\":\"https:\/\/test.dagic.es\/fr\/producto\/banco-carton-recto-up\/#primaryimage\"},\"image\":{\"@id\":\"https:\/\/test.dagic.es\/fr\/producto\/banco-carton-recto-up\/#primaryimage\"},\"thumbnailUrl\":\"https:\/\/test.dagic.es\/fr\/wp-content\/uploads\/sites\/5\/2019\/03\/banco-recto-de-cart\u00f3n-modelo-up-6.jpg\",\"datePublished\":\"2019-03-13T11:44:46+00:00\",\"dateModified\":\"2020-03-20T12:55:04+00:00\",\"description\":\"Banco recto de cart\u00f3n modelo UP | Ligero, resistente y f\u00e1cil de montar | Dise\u00f1o contempor\u00e1neo y funcional | Desmontable y Personalizable\",\"breadcrumb\":{\"@id\":\"https:\/\/test.dagic.es\/fr\/producto\/banco-carton-recto-up\/#breadcrumb\"},\"inLanguage\":\"fr-FR\",\"potentialAction\":[{\"@type\":\"ReadAction\",\"target\":[\"https:\/\/test.dagic.es\/fr\/producto\/banco-carton-recto-up\/\"]}]},{\"@type\":\"ImageObject\",\"inLanguage\":\"fr-FR\",\"@id\":\"https:\/\/test.dagic.es\/fr\/producto\/banco-carton-recto-up\/#primaryimage\",\"url\":\"https:\/\/test.dagic.es\/fr\/wp-content\/uploads\/sites\/5\/2019\/03\/banco-recto-de-cart\u00f3n-modelo-up-6.jpg\",\"contentUrl\":\"https:\/\/test.dagic.es\/fr\/wp-content\/uploads\/sites\/5\/2019\/03\/banco-recto-de-cart\u00f3n-modelo-up-6.jpg\",\"width\":800,\"height\":800,\"caption\":\"Banco recto de cart\u00f3n modelo up\"},{\"@type\":\"BreadcrumbList\",\"@id\":\"https:\/\/test.dagic.es\/fr\/producto\/banco-carton-recto-up\/#breadcrumb\",\"itemListElement\":[{\"@type\":\"ListItem\",\"position\":1,\"name\":\"Accueil\",\"item\":\"https:\/\/test.dagic.es\/fr\/\"},{\"@type\":\"ListItem\",\"position\":2,\"name\":\"Produits\",\"item\":\"https:\/\/test.dagic.es\/fr\/shop\/\"},{\"@type\":\"ListItem\",\"position\":3,\"name\":\"Banco de cart\u00f3n modelo UP\"}]},{\"@type\":\"WebSite\",\"@id\":\"https:\/\/test.dagic.es\/fr\/#website\",\"url\":\"https:\/\/test.dagic.es\/fr\/\",\"name\":\"Cartonlab FR\",\"description\":\"Cartonlab | Projets internationaux pour \u00e9v\u00e9nements et stands\",\"publisher\":{\"@id\":\"https:\/\/test.dagic.es\/fr\/#organization\"},\"potentialAction\":[{\"@type\":\"SearchAction\",\"target\":{\"@type\":\"EntryPoint\",\"urlTemplate\":\"https:\/\/test.dagic.es\/fr\/?s={search_term_string}\"},\"query-input\":{\"@type\":\"PropertyValueSpecification\",\"valueRequired\":true,\"valueName\":\"search_term_string\"}}],\"inLanguage\":\"fr-FR\"},{\"@type\":\"Organization\",\"@id\":\"https:\/\/test.dagic.es\/fr\/#organization\",\"name\":\"Cartonlab FR\",\"url\":\"https:\/\/test.dagic.es\/fr\/\",\"logo\":{\"@type\":\"ImageObject\",\"inLanguage\":\"fr-FR\",\"@id\":\"https:\/\/test.dagic.es\/fr\/#\/schema\/logo\/image\/\",\"url\":\"https:\/\/test.dagic.es\/fr\/wp-content\/uploads\/sites\/5\/2023\/07\/logo.svg\",\"contentUrl\":\"https:\/\/test.dagic.es\/fr\/wp-content\/uploads\/sites\/5\/2023\/07\/logo.svg\",\"width\":163,\"height\":44,\"caption\":\"Cartonlab FR\"},\"image\":{\"@id\":\"https:\/\/test.dagic.es\/fr\/#\/schema\/logo\/image\/\"}}]}<\/script>\n<!-- \/ Yoast SEO plugin. -->","yoast_head_json":{"title":"UP | Banco recto de cart\u00f3n | Dise\u00f1o ecol\u00f3gico - Cartonlab - Compra Online","description":"Banco recto de cart\u00f3n modelo UP | Ligero, resistente y f\u00e1cil de montar | Dise\u00f1o contempor\u00e1neo y funcional | Desmontable y Personalizable","robots":{"index":"index","follow":"follow","max-snippet":"max-snippet:-1","max-image-preview":"max-image-preview:large","max-video-preview":"max-video-preview:-1"},"canonical":"https:\/\/test.dagic.es\/fr\/producto\/banco-carton-recto-up\/","og_locale":"fr_FR","og_type":"article","og_title":"UP | Banco recto de cart\u00f3n | Dise\u00f1o ecol\u00f3gico - Cartonlab - Compra Online","og_description":"Banco recto de cart\u00f3n modelo UP | Ligero, resistente y f\u00e1cil de montar | Dise\u00f1o contempor\u00e1neo y funcional | Desmontable y Personalizable","og_url":"https:\/\/test.dagic.es\/fr\/producto\/banco-carton-recto-up\/","og_site_name":"Cartonlab FR","article_modified_time":"2020-03-20T12:55:04+00:00","og_image":[{"width":800,"height":800,"url":"https:\/\/test.dagic.es\/fr\/wp-content\/uploads\/sites\/5\/2019\/03\/banco-recto-de-cart\u00f3n-modelo-up-6.jpg","type":"image\/jpeg"}],"twitter_card":"summary_large_image","schema":{"@context":"https:\/\/schema.org","@graph":[{"@type":"WebPage","@id":"https:\/\/test.dagic.es\/fr\/producto\/banco-carton-recto-up\/","url":"https:\/\/test.dagic.es\/fr\/producto\/banco-carton-recto-up\/","name":"UP | Banco recto de cart\u00f3n | Dise\u00f1o ecol\u00f3gico - Cartonlab - Compra Online","isPartOf":{"@id":"https:\/\/test.dagic.es\/fr\/#website"},"primaryImageOfPage":{"@id":"https:\/\/test.dagic.es\/fr\/producto\/banco-carton-recto-up\/#primaryimage"},"image":{"@id":"https:\/\/test.dagic.es\/fr\/producto\/banco-carton-recto-up\/#primaryimage"},"thumbnailUrl":"https:\/\/test.dagic.es\/fr\/wp-content\/uploads\/sites\/5\/2019\/03\/banco-recto-de-cart\u00f3n-modelo-up-6.jpg","datePublished":"2019-03-13T11:44:46+00:00","dateModified":"2020-03-20T12:55:04+00:00","description":"Banco recto de cart\u00f3n modelo UP | Ligero, resistente y f\u00e1cil de montar | Dise\u00f1o contempor\u00e1neo y funcional | Desmontable y Personalizable","breadcrumb":{"@id":"https:\/\/test.dagic.es\/fr\/producto\/banco-carton-recto-up\/#breadcrumb"},"inLanguage":"fr-FR","potentialAction":[{"@type":"ReadAction","target":["https:\/\/test.dagic.es\/fr\/producto\/banco-carton-recto-up\/"]}]},{"@type":"ImageObject","inLanguage":"fr-FR","@id":"https:\/\/test.dagic.es\/fr\/producto\/banco-carton-recto-up\/#primaryimage","url":"https:\/\/test.dagic.es\/fr\/wp-content\/uploads\/sites\/5\/2019\/03\/banco-recto-de-cart\u00f3n-modelo-up-6.jpg","contentUrl":"https:\/\/test.dagic.es\/fr\/wp-content\/uploads\/sites\/5\/2019\/03\/banco-recto-de-cart\u00f3n-modelo-up-6.jpg","width":800,"height":800,"caption":"Banco recto de cart\u00f3n modelo up"},{"@type":"BreadcrumbList","@id":"https:\/\/test.dagic.es\/fr\/producto\/banco-carton-recto-up\/#breadcrumb","itemListElement":[{"@type":"ListItem","position":1,"name":"Accueil","item":"https:\/\/test.dagic.es\/fr\/"},{"@type":"ListItem","position":2,"name":"Produits","item":"https:\/\/test.dagic.es\/fr\/shop\/"},{"@type":"ListItem","position":3,"name":"Banco de cart\u00f3n modelo UP"}]},{"@type":"WebSite","@id":"https:\/\/test.dagic.es\/fr\/#website","url":"https:\/\/test.dagic.es\/fr\/","name":"Cartonlab FR","description":"Cartonlab | Projets internationaux pour \u00e9v\u00e9nements et stands","publisher":{"@id":"https:\/\/test.dagic.es\/fr\/#organization"},"potentialAction":[{"@type":"SearchAction","target":{"@type":"EntryPoint","urlTemplate":"https:\/\/test.dagic.es\/fr\/?s={search_term_string}"},"query-input":{"@type":"PropertyValueSpecification","valueRequired":true,"valueName":"search_term_string"}}],"inLanguage":"fr-FR"},{"@type":"Organization","@id":"https:\/\/test.dagic.es\/fr\/#organization","name":"Cartonlab FR","url":"https:\/\/test.dagic.es\/fr\/","logo":{"@type":"ImageObject","inLanguage":"fr-FR","@id":"https:\/\/test.dagic.es\/fr\/#\/schema\/logo\/image\/","url":"https:\/\/test.dagic.es\/fr\/wp-content\/uploads\/sites\/5\/2023\/07\/logo.svg","contentUrl":"https:\/\/test.dagic.es\/fr\/wp-content\/uploads\/sites\/5\/2023\/07\/logo.svg","width":163,"height":44,"caption":"Cartonlab FR"},"image":{"@id":"https:\/\/test.dagic.es\/fr\/#\/schema\/logo\/image\/"}}]}},"_links":{"self":[{"href":"https:\/\/test.dagic.es\/fr\/wp-json\/wp\/v2\/product\/14133","targetHints":{"allow":["GET"]}}],"collection":[{"href":"https:\/\/test.dagic.es\/fr\/wp-json\/wp\/v2\/product"}],"about":[{"href":"https:\/\/test.dagic.es\/fr\/wp-json\/wp\/v2\/types\/product"}],"replies":[{"embeddable":true,"href":"https:\/\/test.dagic.es\/fr\/wp-json\/wp\/v2\/comments?post=14133"}],"wp:featuredmedia":[{"embeddable":true,"href":"https:\/\/test.dagic.es\/fr\/wp-json\/wp\/v2\/media\/14135"}],"wp:attachment":[{"href":"https:\/\/test.dagic.es\/fr\/wp-json\/wp\/v2\/media?parent=14133"}],"wp:term":[{"taxonomy":"product_brand","embeddable":true,"href":"https:\/\/test.dagic.es\/fr\/wp-json\/wp\/v2\/product_brand?post=14133"},{"taxonomy":"product_cat","embeddable":true,"href":"https:\/\/test.dagic.es\/fr\/wp-json\/wp\/v2\/product_cat?post=14133"},{"taxonomy":"product_tag","embeddable":true,"href":"https:\/\/test.dagic.es\/fr\/wp-json\/wp\/v2\/product_tag?post=14133"}],"curies":[{"name":"wp","href":"https:\/\/api.w.org\/{rel}","templated":true}]}}