{"id":14112,"date":"2019-03-11T17:35:21","date_gmt":"2019-03-11T16:35:21","guid":{"rendered":"https:\/\/test.dagic.es\/?post_type=product&#038;p=14112"},"modified":"2020-04-24T09:28:44","modified_gmt":"2020-04-24T08:28:44","slug":"biombo-plegable-zigzag","status":"publish","type":"product","link":"https:\/\/test.dagic.es\/fr\/producto\/biombo-plegable-zigzag\/","title":{"rendered":"Biombo plegable ZigZag | 6 piezas"},"excerpt":{"rendered":"<p>Cada pedido incluye <strong>6 piezas de biombo<\/strong> de 79cm de altura y 118cm de largo\u00a0 que se pliegan y <strong>encajan entre s\u00ed . <\/strong>Muy f\u00e1cil instalaci\u00f3n, transporte y desmontaje.\u00a0 Este kit se entrega sin montar, con todas las piezas en un paquete plano compacto.\u00a0 Buena soluci\u00f3n como cerramiento temporal, divisiones de \u00e1reas para eventos, habitaciones improvisadas para invitados, etc.\u00a0 Cons\u00faltanos para hacer tu dise\u00f1o con gr\u00e1ficas y colores personalizados.<\/p>\n<p>&nbsp;<\/p>\n","protected":false},"featured_media":15835,"comment_status":"open","ping_status":"closed","template":"","meta":{"_acf_changed":false,"inline_featured_image":false},"product_brand":[],"product_cat":[3041,3089],"product_tag":[],"class_list":{"0":"post-14112","1":"product","2":"type-product","3":"status-publish","4":"has-post-thumbnail","6":"product_cat-decor","7":"product_cat-paravents","8":"product_shipping_class-productomediano","10":"first","11":"instock","12":"taxable","13":"shipping-taxable","14":"product-type-simple"},"acf":[],"yoast_head":"<!-- This site is optimized with the Yoast SEO plugin v27.2 - https:\/\/yoast.com\/product\/yoast-seo-wordpress\/ -->\n<title>Biombo plegable Zigzag | F\u00e1cil de montaje, transporte y almacenaje<\/title>\n<meta name=\"description\" content=\"Biombo plegable Zigzag de cart\u00f3n. Pr\u00e1ctica soluci\u00f3n para dividir ambientes en eventos, espacios de trabajo o dom\u00e9sticos. Dise\u00f1ada por Cartonlab.\" \/>\n<meta name=\"robots\" content=\"index, follow, max-snippet:-1, max-image-preview:large, max-video-preview:-1\" \/>\n<link rel=\"canonical\" href=\"https:\/\/test.dagic.es\/fr\/producto\/biombo-plegable-zigzag\/\" \/>\n<meta property=\"og:locale\" content=\"fr_FR\" \/>\n<meta property=\"og:type\" content=\"article\" \/>\n<meta property=\"og:title\" content=\"Biombo plegable Zigzag | F\u00e1cil de montaje, transporte y almacenaje\" \/>\n<meta property=\"og:description\" content=\"Biombo plegable Zigzag de cart\u00f3n. Pr\u00e1ctica soluci\u00f3n para dividir ambientes en eventos, espacios de trabajo o dom\u00e9sticos. Dise\u00f1ada por Cartonlab.\" \/>\n<meta property=\"og:url\" content=\"https:\/\/test.dagic.es\/fr\/producto\/biombo-plegable-zigzag\/\" \/>\n<meta property=\"og:site_name\" content=\"Cartonlab FR\" \/>\n<meta property=\"article:modified_time\" content=\"2020-04-24T08:28:44+00:00\" \/>\n<meta property=\"og:image\" content=\"https:\/\/test.dagic.es\/fr\/wp-content\/uploads\/sites\/5\/2019\/03\/biombo-plegable-carton-zigzag-cartonlab.jpg\" \/>\n\t<meta property=\"og:image:width\" content=\"800\" \/>\n\t<meta property=\"og:image:height\" content=\"800\" \/>\n\t<meta property=\"og:image:type\" content=\"image\/jpeg\" \/>\n<meta name=\"twitter:card\" content=\"summary_large_image\" \/>\n<script type=\"application\/ld+json\" class=\"yoast-schema-graph\">{\"@context\":\"https:\/\/schema.org\",\"@graph\":[{\"@type\":\"WebPage\",\"@id\":\"https:\/\/test.dagic.es\/fr\/producto\/biombo-plegable-zigzag\/\",\"url\":\"https:\/\/test.dagic.es\/fr\/producto\/biombo-plegable-zigzag\/\",\"name\":\"Biombo plegable Zigzag | F\u00e1cil de montaje, transporte y almacenaje\",\"isPartOf\":{\"@id\":\"https:\/\/test.dagic.es\/fr\/#website\"},\"primaryImageOfPage\":{\"@id\":\"https:\/\/test.dagic.es\/fr\/producto\/biombo-plegable-zigzag\/#primaryimage\"},\"image\":{\"@id\":\"https:\/\/test.dagic.es\/fr\/producto\/biombo-plegable-zigzag\/#primaryimage\"},\"thumbnailUrl\":\"https:\/\/test.dagic.es\/fr\/wp-content\/uploads\/sites\/5\/2019\/03\/biombo-plegable-carton-zigzag-cartonlab.jpg\",\"datePublished\":\"2019-03-11T16:35:21+00:00\",\"dateModified\":\"2020-04-24T08:28:44+00:00\",\"description\":\"Biombo plegable Zigzag de cart\u00f3n. Pr\u00e1ctica soluci\u00f3n para dividir ambientes en eventos, espacios de trabajo o dom\u00e9sticos. Dise\u00f1ada por Cartonlab.\",\"breadcrumb\":{\"@id\":\"https:\/\/test.dagic.es\/fr\/producto\/biombo-plegable-zigzag\/#breadcrumb\"},\"inLanguage\":\"fr-FR\",\"potentialAction\":[{\"@type\":\"ReadAction\",\"target\":[\"https:\/\/test.dagic.es\/fr\/producto\/biombo-plegable-zigzag\/\"]}]},{\"@type\":\"ImageObject\",\"inLanguage\":\"fr-FR\",\"@id\":\"https:\/\/test.dagic.es\/fr\/producto\/biombo-plegable-zigzag\/#primaryimage\",\"url\":\"https:\/\/test.dagic.es\/fr\/wp-content\/uploads\/sites\/5\/2019\/03\/biombo-plegable-carton-zigzag-cartonlab.jpg\",\"contentUrl\":\"https:\/\/test.dagic.es\/fr\/wp-content\/uploads\/sites\/5\/2019\/03\/biombo-plegable-carton-zigzag-cartonlab.jpg\",\"width\":800,\"height\":800,\"caption\":\"biombo plegable carton frontal\"},{\"@type\":\"BreadcrumbList\",\"@id\":\"https:\/\/test.dagic.es\/fr\/producto\/biombo-plegable-zigzag\/#breadcrumb\",\"itemListElement\":[{\"@type\":\"ListItem\",\"position\":1,\"name\":\"Accueil\",\"item\":\"https:\/\/test.dagic.es\/fr\/\"},{\"@type\":\"ListItem\",\"position\":2,\"name\":\"Produits\",\"item\":\"https:\/\/test.dagic.es\/fr\/shop\/\"},{\"@type\":\"ListItem\",\"position\":3,\"name\":\"Biombo plegable ZigZag | 6 piezas\"}]},{\"@type\":\"WebSite\",\"@id\":\"https:\/\/test.dagic.es\/fr\/#website\",\"url\":\"https:\/\/test.dagic.es\/fr\/\",\"name\":\"Cartonlab FR\",\"description\":\"Cartonlab | Projets internationaux pour \u00e9v\u00e9nements et stands\",\"publisher\":{\"@id\":\"https:\/\/test.dagic.es\/fr\/#organization\"},\"potentialAction\":[{\"@type\":\"SearchAction\",\"target\":{\"@type\":\"EntryPoint\",\"urlTemplate\":\"https:\/\/test.dagic.es\/fr\/?s={search_term_string}\"},\"query-input\":{\"@type\":\"PropertyValueSpecification\",\"valueRequired\":true,\"valueName\":\"search_term_string\"}}],\"inLanguage\":\"fr-FR\"},{\"@type\":\"Organization\",\"@id\":\"https:\/\/test.dagic.es\/fr\/#organization\",\"name\":\"Cartonlab FR\",\"url\":\"https:\/\/test.dagic.es\/fr\/\",\"logo\":{\"@type\":\"ImageObject\",\"inLanguage\":\"fr-FR\",\"@id\":\"https:\/\/test.dagic.es\/fr\/#\/schema\/logo\/image\/\",\"url\":\"https:\/\/test.dagic.es\/fr\/wp-content\/uploads\/sites\/5\/2023\/07\/logo.svg\",\"contentUrl\":\"https:\/\/test.dagic.es\/fr\/wp-content\/uploads\/sites\/5\/2023\/07\/logo.svg\",\"width\":163,\"height\":44,\"caption\":\"Cartonlab FR\"},\"image\":{\"@id\":\"https:\/\/test.dagic.es\/fr\/#\/schema\/logo\/image\/\"}}]}<\/script>\n<!-- \/ Yoast SEO plugin. -->","yoast_head_json":{"title":"Biombo plegable Zigzag | F\u00e1cil de montaje, transporte y almacenaje","description":"Biombo plegable Zigzag de cart\u00f3n. Pr\u00e1ctica soluci\u00f3n para dividir ambientes en eventos, espacios de trabajo o dom\u00e9sticos. Dise\u00f1ada por Cartonlab.","robots":{"index":"index","follow":"follow","max-snippet":"max-snippet:-1","max-image-preview":"max-image-preview:large","max-video-preview":"max-video-preview:-1"},"canonical":"https:\/\/test.dagic.es\/fr\/producto\/biombo-plegable-zigzag\/","og_locale":"fr_FR","og_type":"article","og_title":"Biombo plegable Zigzag | F\u00e1cil de montaje, transporte y almacenaje","og_description":"Biombo plegable Zigzag de cart\u00f3n. Pr\u00e1ctica soluci\u00f3n para dividir ambientes en eventos, espacios de trabajo o dom\u00e9sticos. Dise\u00f1ada por Cartonlab.","og_url":"https:\/\/test.dagic.es\/fr\/producto\/biombo-plegable-zigzag\/","og_site_name":"Cartonlab FR","article_modified_time":"2020-04-24T08:28:44+00:00","og_image":[{"width":800,"height":800,"url":"https:\/\/test.dagic.es\/fr\/wp-content\/uploads\/sites\/5\/2019\/03\/biombo-plegable-carton-zigzag-cartonlab.jpg","type":"image\/jpeg"}],"twitter_card":"summary_large_image","schema":{"@context":"https:\/\/schema.org","@graph":[{"@type":"WebPage","@id":"https:\/\/test.dagic.es\/fr\/producto\/biombo-plegable-zigzag\/","url":"https:\/\/test.dagic.es\/fr\/producto\/biombo-plegable-zigzag\/","name":"Biombo plegable Zigzag | F\u00e1cil de montaje, transporte y almacenaje","isPartOf":{"@id":"https:\/\/test.dagic.es\/fr\/#website"},"primaryImageOfPage":{"@id":"https:\/\/test.dagic.es\/fr\/producto\/biombo-plegable-zigzag\/#primaryimage"},"image":{"@id":"https:\/\/test.dagic.es\/fr\/producto\/biombo-plegable-zigzag\/#primaryimage"},"thumbnailUrl":"https:\/\/test.dagic.es\/fr\/wp-content\/uploads\/sites\/5\/2019\/03\/biombo-plegable-carton-zigzag-cartonlab.jpg","datePublished":"2019-03-11T16:35:21+00:00","dateModified":"2020-04-24T08:28:44+00:00","description":"Biombo plegable Zigzag de cart\u00f3n. Pr\u00e1ctica soluci\u00f3n para dividir ambientes en eventos, espacios de trabajo o dom\u00e9sticos. Dise\u00f1ada por Cartonlab.","breadcrumb":{"@id":"https:\/\/test.dagic.es\/fr\/producto\/biombo-plegable-zigzag\/#breadcrumb"},"inLanguage":"fr-FR","potentialAction":[{"@type":"ReadAction","target":["https:\/\/test.dagic.es\/fr\/producto\/biombo-plegable-zigzag\/"]}]},{"@type":"ImageObject","inLanguage":"fr-FR","@id":"https:\/\/test.dagic.es\/fr\/producto\/biombo-plegable-zigzag\/#primaryimage","url":"https:\/\/test.dagic.es\/fr\/wp-content\/uploads\/sites\/5\/2019\/03\/biombo-plegable-carton-zigzag-cartonlab.jpg","contentUrl":"https:\/\/test.dagic.es\/fr\/wp-content\/uploads\/sites\/5\/2019\/03\/biombo-plegable-carton-zigzag-cartonlab.jpg","width":800,"height":800,"caption":"biombo plegable carton frontal"},{"@type":"BreadcrumbList","@id":"https:\/\/test.dagic.es\/fr\/producto\/biombo-plegable-zigzag\/#breadcrumb","itemListElement":[{"@type":"ListItem","position":1,"name":"Accueil","item":"https:\/\/test.dagic.es\/fr\/"},{"@type":"ListItem","position":2,"name":"Produits","item":"https:\/\/test.dagic.es\/fr\/shop\/"},{"@type":"ListItem","position":3,"name":"Biombo plegable ZigZag | 6 piezas"}]},{"@type":"WebSite","@id":"https:\/\/test.dagic.es\/fr\/#website","url":"https:\/\/test.dagic.es\/fr\/","name":"Cartonlab FR","description":"Cartonlab | Projets internationaux pour \u00e9v\u00e9nements et stands","publisher":{"@id":"https:\/\/test.dagic.es\/fr\/#organization"},"potentialAction":[{"@type":"SearchAction","target":{"@type":"EntryPoint","urlTemplate":"https:\/\/test.dagic.es\/fr\/?s={search_term_string}"},"query-input":{"@type":"PropertyValueSpecification","valueRequired":true,"valueName":"search_term_string"}}],"inLanguage":"fr-FR"},{"@type":"Organization","@id":"https:\/\/test.dagic.es\/fr\/#organization","name":"Cartonlab FR","url":"https:\/\/test.dagic.es\/fr\/","logo":{"@type":"ImageObject","inLanguage":"fr-FR","@id":"https:\/\/test.dagic.es\/fr\/#\/schema\/logo\/image\/","url":"https:\/\/test.dagic.es\/fr\/wp-content\/uploads\/sites\/5\/2023\/07\/logo.svg","contentUrl":"https:\/\/test.dagic.es\/fr\/wp-content\/uploads\/sites\/5\/2023\/07\/logo.svg","width":163,"height":44,"caption":"Cartonlab FR"},"image":{"@id":"https:\/\/test.dagic.es\/fr\/#\/schema\/logo\/image\/"}}]}},"_links":{"self":[{"href":"https:\/\/test.dagic.es\/fr\/wp-json\/wp\/v2\/product\/14112","targetHints":{"allow":["GET"]}}],"collection":[{"href":"https:\/\/test.dagic.es\/fr\/wp-json\/wp\/v2\/product"}],"about":[{"href":"https:\/\/test.dagic.es\/fr\/wp-json\/wp\/v2\/types\/product"}],"replies":[{"embeddable":true,"href":"https:\/\/test.dagic.es\/fr\/wp-json\/wp\/v2\/comments?post=14112"}],"wp:featuredmedia":[{"embeddable":true,"href":"https:\/\/test.dagic.es\/fr\/wp-json\/wp\/v2\/media\/15835"}],"wp:attachment":[{"href":"https:\/\/test.dagic.es\/fr\/wp-json\/wp\/v2\/media?parent=14112"}],"wp:term":[{"taxonomy":"product_brand","embeddable":true,"href":"https:\/\/test.dagic.es\/fr\/wp-json\/wp\/v2\/product_brand?post=14112"},{"taxonomy":"product_cat","embeddable":true,"href":"https:\/\/test.dagic.es\/fr\/wp-json\/wp\/v2\/product_cat?post=14112"},{"taxonomy":"product_tag","embeddable":true,"href":"https:\/\/test.dagic.es\/fr\/wp-json\/wp\/v2\/product_tag?post=14112"}],"curies":[{"name":"wp","href":"https:\/\/api.w.org\/{rel}","templated":true}]}}