{"id":14099,"date":"2019-03-06T16:21:15","date_gmt":"2019-03-06T15:21:15","guid":{"rendered":"https:\/\/test.dagic.es\/?post_type=product&#038;p=14099"},"modified":"2020-03-16T16:09:40","modified_gmt":"2020-03-16T15:09:40","slug":"atril-banda-musica","status":"publish","type":"product","link":"https:\/\/test.dagic.es\/fr\/producto\/atril-banda-musica\/","title":{"rendered":"Atril para banda de m\u00fasica &#8211; Plegable y personalizable | Pack 2 uds."},"excerpt":{"rendered":"<p><strong>Pack 2 unidades. Atril para banda de m\u00fasica<\/strong>.\u00a0 Un dise\u00f1o pr\u00e1ctico y funcional pensado para todo tipo de <strong>bandas y agrupaciones musicales<\/strong>. Se trata de un atril plegable y desmontable fabricado con panel de cart\u00f3n ligero y resistente. Se monta f\u00e1cilmente y se desmonta para almacenarse en plano. Cada atril est\u00e1 compuesto por 4 piezas que se pliegan y encajan entre si sin necesidad de herramientas ni elementos extra.<\/p>\n","protected":false},"featured_media":14100,"comment_status":"open","ping_status":"closed","template":"","meta":{"_acf_changed":false,"inline_featured_image":false},"product_brand":[],"product_cat":[3036,3035],"product_tag":[],"class_list":{"0":"post-14099","1":"product","2":"type-product","3":"status-publish","4":"has-post-thumbnail","6":"product_cat-mobilier-pour-evenements-durables","7":"product_cat-produits-pour-evenements-durables","8":"product_shipping_class-productomediano","10":"first","11":"instock","12":"taxable","13":"shipping-taxable","14":"product-type-simple"},"acf":[],"yoast_head":"<!-- This site is optimized with the Yoast SEO plugin v27.2 - https:\/\/yoast.com\/product\/yoast-seo-wordpress\/ -->\n<title>Atril para banda de m\u00fasica | Plegable y personalizable | Compra Online<\/title>\n<meta name=\"description\" content=\"Atril para banda de m\u00fasica. Dise\u00f1o ligero, resistente y plegable para agrupaciones musicales. Fabricado en cart\u00f3n resistente. Consultar personalizaci\u00f3n.\" \/>\n<meta name=\"robots\" content=\"index, follow, max-snippet:-1, max-image-preview:large, max-video-preview:-1\" \/>\n<link rel=\"canonical\" href=\"https:\/\/test.dagic.es\/fr\/producto\/atril-banda-musica\/\" \/>\n<meta property=\"og:locale\" content=\"fr_FR\" \/>\n<meta property=\"og:type\" content=\"article\" \/>\n<meta property=\"og:title\" content=\"Atril para banda de m\u00fasica | Plegable y personalizable | Compra Online\" \/>\n<meta property=\"og:description\" content=\"Atril para banda de m\u00fasica. Dise\u00f1o ligero, resistente y plegable para agrupaciones musicales. Fabricado en cart\u00f3n resistente. Consultar personalizaci\u00f3n.\" \/>\n<meta property=\"og:url\" content=\"https:\/\/test.dagic.es\/fr\/producto\/atril-banda-musica\/\" \/>\n<meta property=\"og:site_name\" content=\"Cartonlab FR\" \/>\n<meta property=\"article:modified_time\" content=\"2020-03-16T15:09:40+00:00\" \/>\n<meta property=\"og:image\" content=\"https:\/\/test.dagic.es\/fr\/wp-content\/uploads\/sites\/5\/2019\/03\/atril-para-banda-musica-cartonlab.jpg\" \/>\n\t<meta property=\"og:image:width\" content=\"800\" \/>\n\t<meta property=\"og:image:height\" content=\"800\" \/>\n\t<meta property=\"og:image:type\" content=\"image\/jpeg\" \/>\n<meta name=\"twitter:card\" content=\"summary_large_image\" \/>\n<script type=\"application\/ld+json\" class=\"yoast-schema-graph\">{\"@context\":\"https:\/\/schema.org\",\"@graph\":[{\"@type\":\"WebPage\",\"@id\":\"https:\/\/test.dagic.es\/fr\/producto\/atril-banda-musica\/\",\"url\":\"https:\/\/test.dagic.es\/fr\/producto\/atril-banda-musica\/\",\"name\":\"Atril para banda de m\u00fasica | Plegable y personalizable | Compra Online\",\"isPartOf\":{\"@id\":\"https:\/\/test.dagic.es\/fr\/#website\"},\"primaryImageOfPage\":{\"@id\":\"https:\/\/test.dagic.es\/fr\/producto\/atril-banda-musica\/#primaryimage\"},\"image\":{\"@id\":\"https:\/\/test.dagic.es\/fr\/producto\/atril-banda-musica\/#primaryimage\"},\"thumbnailUrl\":\"https:\/\/test.dagic.es\/fr\/wp-content\/uploads\/sites\/5\/2019\/03\/atril-para-banda-musica-cartonlab.jpg\",\"datePublished\":\"2019-03-06T15:21:15+00:00\",\"dateModified\":\"2020-03-16T15:09:40+00:00\",\"description\":\"Atril para banda de m\u00fasica. Dise\u00f1o ligero, resistente y plegable para agrupaciones musicales. Fabricado en cart\u00f3n resistente. Consultar personalizaci\u00f3n.\",\"breadcrumb\":{\"@id\":\"https:\/\/test.dagic.es\/fr\/producto\/atril-banda-musica\/#breadcrumb\"},\"inLanguage\":\"fr-FR\",\"potentialAction\":[{\"@type\":\"ReadAction\",\"target\":[\"https:\/\/test.dagic.es\/fr\/producto\/atril-banda-musica\/\"]}]},{\"@type\":\"ImageObject\",\"inLanguage\":\"fr-FR\",\"@id\":\"https:\/\/test.dagic.es\/fr\/producto\/atril-banda-musica\/#primaryimage\",\"url\":\"https:\/\/test.dagic.es\/fr\/wp-content\/uploads\/sites\/5\/2019\/03\/atril-para-banda-musica-cartonlab.jpg\",\"contentUrl\":\"https:\/\/test.dagic.es\/fr\/wp-content\/uploads\/sites\/5\/2019\/03\/atril-para-banda-musica-cartonlab.jpg\",\"width\":800,\"height\":800,\"caption\":\"Atril para banda de m\u00fasica\"},{\"@type\":\"BreadcrumbList\",\"@id\":\"https:\/\/test.dagic.es\/fr\/producto\/atril-banda-musica\/#breadcrumb\",\"itemListElement\":[{\"@type\":\"ListItem\",\"position\":1,\"name\":\"Accueil\",\"item\":\"https:\/\/test.dagic.es\/fr\/\"},{\"@type\":\"ListItem\",\"position\":2,\"name\":\"Produits\",\"item\":\"https:\/\/test.dagic.es\/fr\/shop\/\"},{\"@type\":\"ListItem\",\"position\":3,\"name\":\"Atril para banda de m\u00fasica &#8211; Plegable y personalizable | Pack 2 uds.\"}]},{\"@type\":\"WebSite\",\"@id\":\"https:\/\/test.dagic.es\/fr\/#website\",\"url\":\"https:\/\/test.dagic.es\/fr\/\",\"name\":\"Cartonlab FR\",\"description\":\"Cartonlab | Projets internationaux pour \u00e9v\u00e9nements et stands\",\"publisher\":{\"@id\":\"https:\/\/test.dagic.es\/fr\/#organization\"},\"potentialAction\":[{\"@type\":\"SearchAction\",\"target\":{\"@type\":\"EntryPoint\",\"urlTemplate\":\"https:\/\/test.dagic.es\/fr\/?s={search_term_string}\"},\"query-input\":{\"@type\":\"PropertyValueSpecification\",\"valueRequired\":true,\"valueName\":\"search_term_string\"}}],\"inLanguage\":\"fr-FR\"},{\"@type\":\"Organization\",\"@id\":\"https:\/\/test.dagic.es\/fr\/#organization\",\"name\":\"Cartonlab FR\",\"url\":\"https:\/\/test.dagic.es\/fr\/\",\"logo\":{\"@type\":\"ImageObject\",\"inLanguage\":\"fr-FR\",\"@id\":\"https:\/\/test.dagic.es\/fr\/#\/schema\/logo\/image\/\",\"url\":\"https:\/\/test.dagic.es\/fr\/wp-content\/uploads\/sites\/5\/2023\/07\/logo.svg\",\"contentUrl\":\"https:\/\/test.dagic.es\/fr\/wp-content\/uploads\/sites\/5\/2023\/07\/logo.svg\",\"width\":163,\"height\":44,\"caption\":\"Cartonlab FR\"},\"image\":{\"@id\":\"https:\/\/test.dagic.es\/fr\/#\/schema\/logo\/image\/\"}}]}<\/script>\n<!-- \/ Yoast SEO plugin. -->","yoast_head_json":{"title":"Atril para banda de m\u00fasica | Plegable y personalizable | Compra Online","description":"Atril para banda de m\u00fasica. Dise\u00f1o ligero, resistente y plegable para agrupaciones musicales. Fabricado en cart\u00f3n resistente. Consultar personalizaci\u00f3n.","robots":{"index":"index","follow":"follow","max-snippet":"max-snippet:-1","max-image-preview":"max-image-preview:large","max-video-preview":"max-video-preview:-1"},"canonical":"https:\/\/test.dagic.es\/fr\/producto\/atril-banda-musica\/","og_locale":"fr_FR","og_type":"article","og_title":"Atril para banda de m\u00fasica | Plegable y personalizable | Compra Online","og_description":"Atril para banda de m\u00fasica. Dise\u00f1o ligero, resistente y plegable para agrupaciones musicales. Fabricado en cart\u00f3n resistente. Consultar personalizaci\u00f3n.","og_url":"https:\/\/test.dagic.es\/fr\/producto\/atril-banda-musica\/","og_site_name":"Cartonlab FR","article_modified_time":"2020-03-16T15:09:40+00:00","og_image":[{"width":800,"height":800,"url":"https:\/\/test.dagic.es\/fr\/wp-content\/uploads\/sites\/5\/2019\/03\/atril-para-banda-musica-cartonlab.jpg","type":"image\/jpeg"}],"twitter_card":"summary_large_image","schema":{"@context":"https:\/\/schema.org","@graph":[{"@type":"WebPage","@id":"https:\/\/test.dagic.es\/fr\/producto\/atril-banda-musica\/","url":"https:\/\/test.dagic.es\/fr\/producto\/atril-banda-musica\/","name":"Atril para banda de m\u00fasica | Plegable y personalizable | Compra Online","isPartOf":{"@id":"https:\/\/test.dagic.es\/fr\/#website"},"primaryImageOfPage":{"@id":"https:\/\/test.dagic.es\/fr\/producto\/atril-banda-musica\/#primaryimage"},"image":{"@id":"https:\/\/test.dagic.es\/fr\/producto\/atril-banda-musica\/#primaryimage"},"thumbnailUrl":"https:\/\/test.dagic.es\/fr\/wp-content\/uploads\/sites\/5\/2019\/03\/atril-para-banda-musica-cartonlab.jpg","datePublished":"2019-03-06T15:21:15+00:00","dateModified":"2020-03-16T15:09:40+00:00","description":"Atril para banda de m\u00fasica. Dise\u00f1o ligero, resistente y plegable para agrupaciones musicales. Fabricado en cart\u00f3n resistente. Consultar personalizaci\u00f3n.","breadcrumb":{"@id":"https:\/\/test.dagic.es\/fr\/producto\/atril-banda-musica\/#breadcrumb"},"inLanguage":"fr-FR","potentialAction":[{"@type":"ReadAction","target":["https:\/\/test.dagic.es\/fr\/producto\/atril-banda-musica\/"]}]},{"@type":"ImageObject","inLanguage":"fr-FR","@id":"https:\/\/test.dagic.es\/fr\/producto\/atril-banda-musica\/#primaryimage","url":"https:\/\/test.dagic.es\/fr\/wp-content\/uploads\/sites\/5\/2019\/03\/atril-para-banda-musica-cartonlab.jpg","contentUrl":"https:\/\/test.dagic.es\/fr\/wp-content\/uploads\/sites\/5\/2019\/03\/atril-para-banda-musica-cartonlab.jpg","width":800,"height":800,"caption":"Atril para banda de m\u00fasica"},{"@type":"BreadcrumbList","@id":"https:\/\/test.dagic.es\/fr\/producto\/atril-banda-musica\/#breadcrumb","itemListElement":[{"@type":"ListItem","position":1,"name":"Accueil","item":"https:\/\/test.dagic.es\/fr\/"},{"@type":"ListItem","position":2,"name":"Produits","item":"https:\/\/test.dagic.es\/fr\/shop\/"},{"@type":"ListItem","position":3,"name":"Atril para banda de m\u00fasica &#8211; Plegable y personalizable | Pack 2 uds."}]},{"@type":"WebSite","@id":"https:\/\/test.dagic.es\/fr\/#website","url":"https:\/\/test.dagic.es\/fr\/","name":"Cartonlab FR","description":"Cartonlab | Projets internationaux pour \u00e9v\u00e9nements et stands","publisher":{"@id":"https:\/\/test.dagic.es\/fr\/#organization"},"potentialAction":[{"@type":"SearchAction","target":{"@type":"EntryPoint","urlTemplate":"https:\/\/test.dagic.es\/fr\/?s={search_term_string}"},"query-input":{"@type":"PropertyValueSpecification","valueRequired":true,"valueName":"search_term_string"}}],"inLanguage":"fr-FR"},{"@type":"Organization","@id":"https:\/\/test.dagic.es\/fr\/#organization","name":"Cartonlab FR","url":"https:\/\/test.dagic.es\/fr\/","logo":{"@type":"ImageObject","inLanguage":"fr-FR","@id":"https:\/\/test.dagic.es\/fr\/#\/schema\/logo\/image\/","url":"https:\/\/test.dagic.es\/fr\/wp-content\/uploads\/sites\/5\/2023\/07\/logo.svg","contentUrl":"https:\/\/test.dagic.es\/fr\/wp-content\/uploads\/sites\/5\/2023\/07\/logo.svg","width":163,"height":44,"caption":"Cartonlab FR"},"image":{"@id":"https:\/\/test.dagic.es\/fr\/#\/schema\/logo\/image\/"}}]}},"_links":{"self":[{"href":"https:\/\/test.dagic.es\/fr\/wp-json\/wp\/v2\/product\/14099","targetHints":{"allow":["GET"]}}],"collection":[{"href":"https:\/\/test.dagic.es\/fr\/wp-json\/wp\/v2\/product"}],"about":[{"href":"https:\/\/test.dagic.es\/fr\/wp-json\/wp\/v2\/types\/product"}],"replies":[{"embeddable":true,"href":"https:\/\/test.dagic.es\/fr\/wp-json\/wp\/v2\/comments?post=14099"}],"wp:featuredmedia":[{"embeddable":true,"href":"https:\/\/test.dagic.es\/fr\/wp-json\/wp\/v2\/media\/14100"}],"wp:attachment":[{"href":"https:\/\/test.dagic.es\/fr\/wp-json\/wp\/v2\/media?parent=14099"}],"wp:term":[{"taxonomy":"product_brand","embeddable":true,"href":"https:\/\/test.dagic.es\/fr\/wp-json\/wp\/v2\/product_brand?post=14099"},{"taxonomy":"product_cat","embeddable":true,"href":"https:\/\/test.dagic.es\/fr\/wp-json\/wp\/v2\/product_cat?post=14099"},{"taxonomy":"product_tag","embeddable":true,"href":"https:\/\/test.dagic.es\/fr\/wp-json\/wp\/v2\/product_tag?post=14099"}],"curies":[{"name":"wp","href":"https:\/\/api.w.org\/{rel}","templated":true}]}}