{"id":13828,"date":"2019-01-17T16:24:52","date_gmt":"2019-01-17T15:24:52","guid":{"rendered":"https:\/\/test.dagic.es\/?post_type=product&#038;p=13828"},"modified":"2020-02-10T12:27:22","modified_gmt":"2020-02-10T11:27:22","slug":"laberinto-carton","status":"publish","type":"product","link":"https:\/\/test.dagic.es\/fr\/producto\/laberinto-carton\/","title":{"rendered":"Laberinto de cart\u00f3n | Paneles de juego para construcci\u00f3n modular."},"excerpt":{"rendered":"<p><strong>Laberinto de cart\u00f3n<\/strong> para ni\u00f1os formado por paneles modulares. Cada kit de laberinto<strong> incluye 12 paneles intercambiables<\/strong> que permiten construir m\u00faltiples combinaciones. Los paneles se unen entre s\u00ed con unas piezas especiales de cart\u00f3n que se ajustan con bridas pl\u00e1sticas.\u00a0 Este producto se entrega desmontado y empaquetado en plano. F\u00e1cil instalaci\u00f3n y desmontaje. Reutilizable y personalizable con pinturas, pegatinas, etc (no incluidas en el producto).<\/p>\n<p>&nbsp;<\/p>\n","protected":false},"featured_media":13829,"comment_status":"open","ping_status":"closed","template":"","meta":{"_acf_changed":false,"inline_featured_image":false},"product_brand":[],"product_cat":[3019,3044],"product_tag":[],"class_list":{"0":"post-13828","1":"product","2":"type-product","3":"status-publish","4":"has-post-thumbnail","6":"product_cat-dessins-pour-enfants","7":"product_cat-jouets-en-carton","8":"product_shipping_class-productomediano","10":"first","11":"instock","12":"sale","13":"taxable","14":"shipping-taxable","15":"product-type-simple"},"acf":[],"yoast_head":"<!-- This site is optimized with the Yoast SEO plugin v27.2 - https:\/\/yoast.com\/product\/yoast-seo-wordpress\/ -->\n<title>Laberinto de cart\u00f3n para ni\u00f1os | juguete modular ecol\u00f3gico | Cartonlab<\/title>\n<meta name=\"description\" content=\"Laberinto de cart\u00f3n infantil para realizar construcciones modulares a tama\u00f1o real. Incluye 12 paneles para combinarlos libremente. Compra Online.\" \/>\n<meta name=\"robots\" content=\"index, follow, max-snippet:-1, max-image-preview:large, max-video-preview:-1\" \/>\n<link rel=\"canonical\" href=\"https:\/\/test.dagic.es\/fr\/producto\/laberinto-carton\/\" \/>\n<meta property=\"og:locale\" content=\"fr_FR\" \/>\n<meta property=\"og:type\" content=\"article\" \/>\n<meta property=\"og:title\" content=\"Laberinto de cart\u00f3n para ni\u00f1os | juguete modular ecol\u00f3gico | Cartonlab\" \/>\n<meta property=\"og:description\" content=\"Laberinto de cart\u00f3n infantil para realizar construcciones modulares a tama\u00f1o real. Incluye 12 paneles para combinarlos libremente. Compra Online.\" \/>\n<meta property=\"og:url\" content=\"https:\/\/test.dagic.es\/fr\/producto\/laberinto-carton\/\" \/>\n<meta property=\"og:site_name\" content=\"Cartonlab FR\" \/>\n<meta property=\"article:modified_time\" content=\"2020-02-10T11:27:22+00:00\" \/>\n<meta property=\"og:image\" content=\"https:\/\/test.dagic.es\/fr\/wp-content\/uploads\/sites\/5\/2019\/01\/laberinto-de-carton-juguete-.jpg\" \/>\n\t<meta property=\"og:image:width\" content=\"800\" \/>\n\t<meta property=\"og:image:height\" content=\"800\" \/>\n\t<meta property=\"og:image:type\" content=\"image\/jpeg\" \/>\n<meta name=\"twitter:card\" content=\"summary_large_image\" \/>\n<script type=\"application\/ld+json\" class=\"yoast-schema-graph\">{\"@context\":\"https:\/\/schema.org\",\"@graph\":[{\"@type\":\"WebPage\",\"@id\":\"https:\/\/test.dagic.es\/fr\/producto\/laberinto-carton\/\",\"url\":\"https:\/\/test.dagic.es\/fr\/producto\/laberinto-carton\/\",\"name\":\"Laberinto de cart\u00f3n para ni\u00f1os | juguete modular ecol\u00f3gico | Cartonlab\",\"isPartOf\":{\"@id\":\"https:\/\/test.dagic.es\/fr\/#website\"},\"primaryImageOfPage\":{\"@id\":\"https:\/\/test.dagic.es\/fr\/producto\/laberinto-carton\/#primaryimage\"},\"image\":{\"@id\":\"https:\/\/test.dagic.es\/fr\/producto\/laberinto-carton\/#primaryimage\"},\"thumbnailUrl\":\"https:\/\/test.dagic.es\/fr\/wp-content\/uploads\/sites\/5\/2019\/01\/laberinto-de-carton-juguete-.jpg\",\"datePublished\":\"2019-01-17T15:24:52+00:00\",\"dateModified\":\"2020-02-10T11:27:22+00:00\",\"description\":\"Laberinto de cart\u00f3n infantil para realizar construcciones modulares a tama\u00f1o real. Incluye 12 paneles para combinarlos libremente. Compra Online.\",\"breadcrumb\":{\"@id\":\"https:\/\/test.dagic.es\/fr\/producto\/laberinto-carton\/#breadcrumb\"},\"inLanguage\":\"fr-FR\",\"potentialAction\":[{\"@type\":\"ReadAction\",\"target\":[\"https:\/\/test.dagic.es\/fr\/producto\/laberinto-carton\/\"]}]},{\"@type\":\"ImageObject\",\"inLanguage\":\"fr-FR\",\"@id\":\"https:\/\/test.dagic.es\/fr\/producto\/laberinto-carton\/#primaryimage\",\"url\":\"https:\/\/test.dagic.es\/fr\/wp-content\/uploads\/sites\/5\/2019\/01\/laberinto-de-carton-juguete-.jpg\",\"contentUrl\":\"https:\/\/test.dagic.es\/fr\/wp-content\/uploads\/sites\/5\/2019\/01\/laberinto-de-carton-juguete-.jpg\",\"width\":800,\"height\":800,\"caption\":\"laberinto de cart\u00f3n para ni\u00f1os\"},{\"@type\":\"BreadcrumbList\",\"@id\":\"https:\/\/test.dagic.es\/fr\/producto\/laberinto-carton\/#breadcrumb\",\"itemListElement\":[{\"@type\":\"ListItem\",\"position\":1,\"name\":\"Accueil\",\"item\":\"https:\/\/test.dagic.es\/fr\/\"},{\"@type\":\"ListItem\",\"position\":2,\"name\":\"Produits\",\"item\":\"https:\/\/test.dagic.es\/fr\/shop\/\"},{\"@type\":\"ListItem\",\"position\":3,\"name\":\"Laberinto de cart\u00f3n | Paneles de juego para construcci\u00f3n modular.\"}]},{\"@type\":\"WebSite\",\"@id\":\"https:\/\/test.dagic.es\/fr\/#website\",\"url\":\"https:\/\/test.dagic.es\/fr\/\",\"name\":\"Cartonlab FR\",\"description\":\"Cartonlab | Projets internationaux pour \u00e9v\u00e9nements et stands\",\"publisher\":{\"@id\":\"https:\/\/test.dagic.es\/fr\/#organization\"},\"potentialAction\":[{\"@type\":\"SearchAction\",\"target\":{\"@type\":\"EntryPoint\",\"urlTemplate\":\"https:\/\/test.dagic.es\/fr\/?s={search_term_string}\"},\"query-input\":{\"@type\":\"PropertyValueSpecification\",\"valueRequired\":true,\"valueName\":\"search_term_string\"}}],\"inLanguage\":\"fr-FR\"},{\"@type\":\"Organization\",\"@id\":\"https:\/\/test.dagic.es\/fr\/#organization\",\"name\":\"Cartonlab FR\",\"url\":\"https:\/\/test.dagic.es\/fr\/\",\"logo\":{\"@type\":\"ImageObject\",\"inLanguage\":\"fr-FR\",\"@id\":\"https:\/\/test.dagic.es\/fr\/#\/schema\/logo\/image\/\",\"url\":\"https:\/\/test.dagic.es\/fr\/wp-content\/uploads\/sites\/5\/2023\/07\/logo.svg\",\"contentUrl\":\"https:\/\/test.dagic.es\/fr\/wp-content\/uploads\/sites\/5\/2023\/07\/logo.svg\",\"width\":163,\"height\":44,\"caption\":\"Cartonlab FR\"},\"image\":{\"@id\":\"https:\/\/test.dagic.es\/fr\/#\/schema\/logo\/image\/\"}}]}<\/script>\n<!-- \/ Yoast SEO plugin. -->","yoast_head_json":{"title":"Laberinto de cart\u00f3n para ni\u00f1os | juguete modular ecol\u00f3gico | Cartonlab","description":"Laberinto de cart\u00f3n infantil para realizar construcciones modulares a tama\u00f1o real. Incluye 12 paneles para combinarlos libremente. Compra Online.","robots":{"index":"index","follow":"follow","max-snippet":"max-snippet:-1","max-image-preview":"max-image-preview:large","max-video-preview":"max-video-preview:-1"},"canonical":"https:\/\/test.dagic.es\/fr\/producto\/laberinto-carton\/","og_locale":"fr_FR","og_type":"article","og_title":"Laberinto de cart\u00f3n para ni\u00f1os | juguete modular ecol\u00f3gico | Cartonlab","og_description":"Laberinto de cart\u00f3n infantil para realizar construcciones modulares a tama\u00f1o real. Incluye 12 paneles para combinarlos libremente. Compra Online.","og_url":"https:\/\/test.dagic.es\/fr\/producto\/laberinto-carton\/","og_site_name":"Cartonlab FR","article_modified_time":"2020-02-10T11:27:22+00:00","og_image":[{"width":800,"height":800,"url":"https:\/\/test.dagic.es\/fr\/wp-content\/uploads\/sites\/5\/2019\/01\/laberinto-de-carton-juguete-.jpg","type":"image\/jpeg"}],"twitter_card":"summary_large_image","schema":{"@context":"https:\/\/schema.org","@graph":[{"@type":"WebPage","@id":"https:\/\/test.dagic.es\/fr\/producto\/laberinto-carton\/","url":"https:\/\/test.dagic.es\/fr\/producto\/laberinto-carton\/","name":"Laberinto de cart\u00f3n para ni\u00f1os | juguete modular ecol\u00f3gico | Cartonlab","isPartOf":{"@id":"https:\/\/test.dagic.es\/fr\/#website"},"primaryImageOfPage":{"@id":"https:\/\/test.dagic.es\/fr\/producto\/laberinto-carton\/#primaryimage"},"image":{"@id":"https:\/\/test.dagic.es\/fr\/producto\/laberinto-carton\/#primaryimage"},"thumbnailUrl":"https:\/\/test.dagic.es\/fr\/wp-content\/uploads\/sites\/5\/2019\/01\/laberinto-de-carton-juguete-.jpg","datePublished":"2019-01-17T15:24:52+00:00","dateModified":"2020-02-10T11:27:22+00:00","description":"Laberinto de cart\u00f3n infantil para realizar construcciones modulares a tama\u00f1o real. Incluye 12 paneles para combinarlos libremente. Compra Online.","breadcrumb":{"@id":"https:\/\/test.dagic.es\/fr\/producto\/laberinto-carton\/#breadcrumb"},"inLanguage":"fr-FR","potentialAction":[{"@type":"ReadAction","target":["https:\/\/test.dagic.es\/fr\/producto\/laberinto-carton\/"]}]},{"@type":"ImageObject","inLanguage":"fr-FR","@id":"https:\/\/test.dagic.es\/fr\/producto\/laberinto-carton\/#primaryimage","url":"https:\/\/test.dagic.es\/fr\/wp-content\/uploads\/sites\/5\/2019\/01\/laberinto-de-carton-juguete-.jpg","contentUrl":"https:\/\/test.dagic.es\/fr\/wp-content\/uploads\/sites\/5\/2019\/01\/laberinto-de-carton-juguete-.jpg","width":800,"height":800,"caption":"laberinto de cart\u00f3n para ni\u00f1os"},{"@type":"BreadcrumbList","@id":"https:\/\/test.dagic.es\/fr\/producto\/laberinto-carton\/#breadcrumb","itemListElement":[{"@type":"ListItem","position":1,"name":"Accueil","item":"https:\/\/test.dagic.es\/fr\/"},{"@type":"ListItem","position":2,"name":"Produits","item":"https:\/\/test.dagic.es\/fr\/shop\/"},{"@type":"ListItem","position":3,"name":"Laberinto de cart\u00f3n | Paneles de juego para construcci\u00f3n modular."}]},{"@type":"WebSite","@id":"https:\/\/test.dagic.es\/fr\/#website","url":"https:\/\/test.dagic.es\/fr\/","name":"Cartonlab FR","description":"Cartonlab | Projets internationaux pour \u00e9v\u00e9nements et stands","publisher":{"@id":"https:\/\/test.dagic.es\/fr\/#organization"},"potentialAction":[{"@type":"SearchAction","target":{"@type":"EntryPoint","urlTemplate":"https:\/\/test.dagic.es\/fr\/?s={search_term_string}"},"query-input":{"@type":"PropertyValueSpecification","valueRequired":true,"valueName":"search_term_string"}}],"inLanguage":"fr-FR"},{"@type":"Organization","@id":"https:\/\/test.dagic.es\/fr\/#organization","name":"Cartonlab FR","url":"https:\/\/test.dagic.es\/fr\/","logo":{"@type":"ImageObject","inLanguage":"fr-FR","@id":"https:\/\/test.dagic.es\/fr\/#\/schema\/logo\/image\/","url":"https:\/\/test.dagic.es\/fr\/wp-content\/uploads\/sites\/5\/2023\/07\/logo.svg","contentUrl":"https:\/\/test.dagic.es\/fr\/wp-content\/uploads\/sites\/5\/2023\/07\/logo.svg","width":163,"height":44,"caption":"Cartonlab FR"},"image":{"@id":"https:\/\/test.dagic.es\/fr\/#\/schema\/logo\/image\/"}}]}},"_links":{"self":[{"href":"https:\/\/test.dagic.es\/fr\/wp-json\/wp\/v2\/product\/13828","targetHints":{"allow":["GET"]}}],"collection":[{"href":"https:\/\/test.dagic.es\/fr\/wp-json\/wp\/v2\/product"}],"about":[{"href":"https:\/\/test.dagic.es\/fr\/wp-json\/wp\/v2\/types\/product"}],"replies":[{"embeddable":true,"href":"https:\/\/test.dagic.es\/fr\/wp-json\/wp\/v2\/comments?post=13828"}],"wp:featuredmedia":[{"embeddable":true,"href":"https:\/\/test.dagic.es\/fr\/wp-json\/wp\/v2\/media\/13829"}],"wp:attachment":[{"href":"https:\/\/test.dagic.es\/fr\/wp-json\/wp\/v2\/media?parent=13828"}],"wp:term":[{"taxonomy":"product_brand","embeddable":true,"href":"https:\/\/test.dagic.es\/fr\/wp-json\/wp\/v2\/product_brand?post=13828"},{"taxonomy":"product_cat","embeddable":true,"href":"https:\/\/test.dagic.es\/fr\/wp-json\/wp\/v2\/product_cat?post=13828"},{"taxonomy":"product_tag","embeddable":true,"href":"https:\/\/test.dagic.es\/fr\/wp-json\/wp\/v2\/product_tag?post=13828"}],"curies":[{"name":"wp","href":"https:\/\/api.w.org\/{rel}","templated":true}]}}