{"id":13728,"date":"2019-01-09T15:22:31","date_gmt":"2019-01-09T14:22:31","guid":{"rendered":"https:\/\/test.dagic.es\/?post_type=product&#038;p=13728"},"modified":"2020-02-10T09:14:10","modified_gmt":"2020-02-10T08:14:10","slug":"mesa-hexagonal-faceta","status":"publish","type":"product","link":"https:\/\/test.dagic.es\/fr\/producto\/mesa-hexagonal-faceta\/","title":{"rendered":"Mesa hexagonal modelo Faceta"},"excerpt":{"rendered":"<p><strong>Mesa hexagonal <\/strong>de cart\u00f3n.\u00a0 Dise\u00f1ada por Cartonlab, forma parte de la l\u00ednea de mobiliario ecol\u00f3gico Faceta.\u00a0 Ideal para utilizarse como centro de mesa redonda en\u00a0 <strong>eventos.<\/strong>\u00a0 Hay diferentes opciones para personalizar tu dise\u00f1o a partir de 10 unidades, cons\u00faltanos para ello.<\/p>\n<p>&nbsp;<\/p>\n","protected":false},"featured_media":15732,"comment_status":"open","ping_status":"closed","template":"","meta":{"_acf_changed":false,"inline_featured_image":false},"product_brand":[],"product_cat":[3018,3032],"product_tag":[],"class_list":{"0":"post-13728","1":"product","2":"type-product","3":"status-publish","4":"has-post-thumbnail","6":"product_cat-muebles-en-carton","7":"product_cat-tables-et-comptoirs-daccueil","8":"product_shipping_class-productomediano","10":"first","11":"instock","12":"taxable","13":"shipping-taxable","14":"product-type-variable"},"acf":[],"yoast_head":"<!-- This site is optimized with the Yoast SEO plugin v27.2 - https:\/\/yoast.com\/product\/yoast-seo-wordpress\/ -->\n<title>Mesa hexagonal de cart\u00f3n para eventos | Modelo Faceta | Cartonlab<\/title>\n<meta name=\"description\" content=\"Mesa hexagonal baja para eventos. Dise\u00f1o en cart\u00f3n. Ligera y resistente. F\u00e1cil de montar. Paquete plano. Consulta para personalizaci\u00f3n. Compra online\" \/>\n<meta name=\"robots\" content=\"index, follow, max-snippet:-1, max-image-preview:large, max-video-preview:-1\" \/>\n<link rel=\"canonical\" href=\"https:\/\/test.dagic.es\/fr\/producto\/mesa-hexagonal-faceta\/\" \/>\n<meta property=\"og:locale\" content=\"fr_FR\" \/>\n<meta property=\"og:type\" content=\"article\" \/>\n<meta property=\"og:title\" content=\"Mesa hexagonal de cart\u00f3n para eventos | Modelo Faceta | Cartonlab\" \/>\n<meta property=\"og:description\" content=\"Mesa hexagonal baja para eventos. Dise\u00f1o en cart\u00f3n. Ligera y resistente. F\u00e1cil de montar. Paquete plano. Consulta para personalizaci\u00f3n. Compra online\" \/>\n<meta property=\"og:url\" content=\"https:\/\/test.dagic.es\/fr\/producto\/mesa-hexagonal-faceta\/\" \/>\n<meta property=\"og:site_name\" content=\"Cartonlab FR\" \/>\n<meta property=\"article:modified_time\" content=\"2020-02-10T08:14:10+00:00\" \/>\n<meta property=\"og:image\" content=\"https:\/\/test.dagic.es\/fr\/wp-content\/uploads\/sites\/5\/2019\/01\/mesa-hexagono-carton-centro-retoc.jpg\" \/>\n\t<meta property=\"og:image:width\" content=\"800\" \/>\n\t<meta property=\"og:image:height\" content=\"800\" \/>\n\t<meta property=\"og:image:type\" content=\"image\/jpeg\" \/>\n<meta name=\"twitter:card\" content=\"summary_large_image\" \/>\n<script type=\"application\/ld+json\" class=\"yoast-schema-graph\">{\"@context\":\"https:\/\/schema.org\",\"@graph\":[{\"@type\":\"WebPage\",\"@id\":\"https:\/\/test.dagic.es\/fr\/producto\/mesa-hexagonal-faceta\/\",\"url\":\"https:\/\/test.dagic.es\/fr\/producto\/mesa-hexagonal-faceta\/\",\"name\":\"Mesa hexagonal de cart\u00f3n para eventos | Modelo Faceta | Cartonlab\",\"isPartOf\":{\"@id\":\"https:\/\/test.dagic.es\/fr\/#website\"},\"primaryImageOfPage\":{\"@id\":\"https:\/\/test.dagic.es\/fr\/producto\/mesa-hexagonal-faceta\/#primaryimage\"},\"image\":{\"@id\":\"https:\/\/test.dagic.es\/fr\/producto\/mesa-hexagonal-faceta\/#primaryimage\"},\"thumbnailUrl\":\"https:\/\/test.dagic.es\/fr\/wp-content\/uploads\/sites\/5\/2019\/01\/mesa-hexagono-carton-centro-retoc.jpg\",\"datePublished\":\"2019-01-09T14:22:31+00:00\",\"dateModified\":\"2020-02-10T08:14:10+00:00\",\"description\":\"Mesa hexagonal baja para eventos. Dise\u00f1o en cart\u00f3n. Ligera y resistente. F\u00e1cil de montar. Paquete plano. Consulta para personalizaci\u00f3n. Compra online\",\"breadcrumb\":{\"@id\":\"https:\/\/test.dagic.es\/fr\/producto\/mesa-hexagonal-faceta\/#breadcrumb\"},\"inLanguage\":\"fr-FR\",\"potentialAction\":[{\"@type\":\"ReadAction\",\"target\":[\"https:\/\/test.dagic.es\/fr\/producto\/mesa-hexagonal-faceta\/\"]}]},{\"@type\":\"ImageObject\",\"inLanguage\":\"fr-FR\",\"@id\":\"https:\/\/test.dagic.es\/fr\/producto\/mesa-hexagonal-faceta\/#primaryimage\",\"url\":\"https:\/\/test.dagic.es\/fr\/wp-content\/uploads\/sites\/5\/2019\/01\/mesa-hexagono-carton-centro-retoc.jpg\",\"contentUrl\":\"https:\/\/test.dagic.es\/fr\/wp-content\/uploads\/sites\/5\/2019\/01\/mesa-hexagono-carton-centro-retoc.jpg\",\"width\":800,\"height\":800,\"caption\":\"mesa hexagonal Faceta carton\"},{\"@type\":\"BreadcrumbList\",\"@id\":\"https:\/\/test.dagic.es\/fr\/producto\/mesa-hexagonal-faceta\/#breadcrumb\",\"itemListElement\":[{\"@type\":\"ListItem\",\"position\":1,\"name\":\"Accueil\",\"item\":\"https:\/\/test.dagic.es\/fr\/\"},{\"@type\":\"ListItem\",\"position\":2,\"name\":\"Produits\",\"item\":\"https:\/\/test.dagic.es\/fr\/shop\/\"},{\"@type\":\"ListItem\",\"position\":3,\"name\":\"Mesa hexagonal modelo Faceta\"}]},{\"@type\":\"WebSite\",\"@id\":\"https:\/\/test.dagic.es\/fr\/#website\",\"url\":\"https:\/\/test.dagic.es\/fr\/\",\"name\":\"Cartonlab FR\",\"description\":\"Cartonlab | Projets internationaux pour \u00e9v\u00e9nements et stands\",\"publisher\":{\"@id\":\"https:\/\/test.dagic.es\/fr\/#organization\"},\"potentialAction\":[{\"@type\":\"SearchAction\",\"target\":{\"@type\":\"EntryPoint\",\"urlTemplate\":\"https:\/\/test.dagic.es\/fr\/?s={search_term_string}\"},\"query-input\":{\"@type\":\"PropertyValueSpecification\",\"valueRequired\":true,\"valueName\":\"search_term_string\"}}],\"inLanguage\":\"fr-FR\"},{\"@type\":\"Organization\",\"@id\":\"https:\/\/test.dagic.es\/fr\/#organization\",\"name\":\"Cartonlab FR\",\"url\":\"https:\/\/test.dagic.es\/fr\/\",\"logo\":{\"@type\":\"ImageObject\",\"inLanguage\":\"fr-FR\",\"@id\":\"https:\/\/test.dagic.es\/fr\/#\/schema\/logo\/image\/\",\"url\":\"https:\/\/test.dagic.es\/fr\/wp-content\/uploads\/sites\/5\/2023\/07\/logo.svg\",\"contentUrl\":\"https:\/\/test.dagic.es\/fr\/wp-content\/uploads\/sites\/5\/2023\/07\/logo.svg\",\"width\":163,\"height\":44,\"caption\":\"Cartonlab FR\"},\"image\":{\"@id\":\"https:\/\/test.dagic.es\/fr\/#\/schema\/logo\/image\/\"}}]}<\/script>\n<!-- \/ Yoast SEO plugin. -->","yoast_head_json":{"title":"Mesa hexagonal de cart\u00f3n para eventos | Modelo Faceta | Cartonlab","description":"Mesa hexagonal baja para eventos. Dise\u00f1o en cart\u00f3n. Ligera y resistente. F\u00e1cil de montar. Paquete plano. Consulta para personalizaci\u00f3n. Compra online","robots":{"index":"index","follow":"follow","max-snippet":"max-snippet:-1","max-image-preview":"max-image-preview:large","max-video-preview":"max-video-preview:-1"},"canonical":"https:\/\/test.dagic.es\/fr\/producto\/mesa-hexagonal-faceta\/","og_locale":"fr_FR","og_type":"article","og_title":"Mesa hexagonal de cart\u00f3n para eventos | Modelo Faceta | Cartonlab","og_description":"Mesa hexagonal baja para eventos. Dise\u00f1o en cart\u00f3n. Ligera y resistente. F\u00e1cil de montar. Paquete plano. Consulta para personalizaci\u00f3n. Compra online","og_url":"https:\/\/test.dagic.es\/fr\/producto\/mesa-hexagonal-faceta\/","og_site_name":"Cartonlab FR","article_modified_time":"2020-02-10T08:14:10+00:00","og_image":[{"width":800,"height":800,"url":"https:\/\/test.dagic.es\/fr\/wp-content\/uploads\/sites\/5\/2019\/01\/mesa-hexagono-carton-centro-retoc.jpg","type":"image\/jpeg"}],"twitter_card":"summary_large_image","schema":{"@context":"https:\/\/schema.org","@graph":[{"@type":"WebPage","@id":"https:\/\/test.dagic.es\/fr\/producto\/mesa-hexagonal-faceta\/","url":"https:\/\/test.dagic.es\/fr\/producto\/mesa-hexagonal-faceta\/","name":"Mesa hexagonal de cart\u00f3n para eventos | Modelo Faceta | Cartonlab","isPartOf":{"@id":"https:\/\/test.dagic.es\/fr\/#website"},"primaryImageOfPage":{"@id":"https:\/\/test.dagic.es\/fr\/producto\/mesa-hexagonal-faceta\/#primaryimage"},"image":{"@id":"https:\/\/test.dagic.es\/fr\/producto\/mesa-hexagonal-faceta\/#primaryimage"},"thumbnailUrl":"https:\/\/test.dagic.es\/fr\/wp-content\/uploads\/sites\/5\/2019\/01\/mesa-hexagono-carton-centro-retoc.jpg","datePublished":"2019-01-09T14:22:31+00:00","dateModified":"2020-02-10T08:14:10+00:00","description":"Mesa hexagonal baja para eventos. Dise\u00f1o en cart\u00f3n. Ligera y resistente. F\u00e1cil de montar. Paquete plano. Consulta para personalizaci\u00f3n. Compra online","breadcrumb":{"@id":"https:\/\/test.dagic.es\/fr\/producto\/mesa-hexagonal-faceta\/#breadcrumb"},"inLanguage":"fr-FR","potentialAction":[{"@type":"ReadAction","target":["https:\/\/test.dagic.es\/fr\/producto\/mesa-hexagonal-faceta\/"]}]},{"@type":"ImageObject","inLanguage":"fr-FR","@id":"https:\/\/test.dagic.es\/fr\/producto\/mesa-hexagonal-faceta\/#primaryimage","url":"https:\/\/test.dagic.es\/fr\/wp-content\/uploads\/sites\/5\/2019\/01\/mesa-hexagono-carton-centro-retoc.jpg","contentUrl":"https:\/\/test.dagic.es\/fr\/wp-content\/uploads\/sites\/5\/2019\/01\/mesa-hexagono-carton-centro-retoc.jpg","width":800,"height":800,"caption":"mesa hexagonal Faceta carton"},{"@type":"BreadcrumbList","@id":"https:\/\/test.dagic.es\/fr\/producto\/mesa-hexagonal-faceta\/#breadcrumb","itemListElement":[{"@type":"ListItem","position":1,"name":"Accueil","item":"https:\/\/test.dagic.es\/fr\/"},{"@type":"ListItem","position":2,"name":"Produits","item":"https:\/\/test.dagic.es\/fr\/shop\/"},{"@type":"ListItem","position":3,"name":"Mesa hexagonal modelo Faceta"}]},{"@type":"WebSite","@id":"https:\/\/test.dagic.es\/fr\/#website","url":"https:\/\/test.dagic.es\/fr\/","name":"Cartonlab FR","description":"Cartonlab | Projets internationaux pour \u00e9v\u00e9nements et stands","publisher":{"@id":"https:\/\/test.dagic.es\/fr\/#organization"},"potentialAction":[{"@type":"SearchAction","target":{"@type":"EntryPoint","urlTemplate":"https:\/\/test.dagic.es\/fr\/?s={search_term_string}"},"query-input":{"@type":"PropertyValueSpecification","valueRequired":true,"valueName":"search_term_string"}}],"inLanguage":"fr-FR"},{"@type":"Organization","@id":"https:\/\/test.dagic.es\/fr\/#organization","name":"Cartonlab FR","url":"https:\/\/test.dagic.es\/fr\/","logo":{"@type":"ImageObject","inLanguage":"fr-FR","@id":"https:\/\/test.dagic.es\/fr\/#\/schema\/logo\/image\/","url":"https:\/\/test.dagic.es\/fr\/wp-content\/uploads\/sites\/5\/2023\/07\/logo.svg","contentUrl":"https:\/\/test.dagic.es\/fr\/wp-content\/uploads\/sites\/5\/2023\/07\/logo.svg","width":163,"height":44,"caption":"Cartonlab FR"},"image":{"@id":"https:\/\/test.dagic.es\/fr\/#\/schema\/logo\/image\/"}}]}},"_links":{"self":[{"href":"https:\/\/test.dagic.es\/fr\/wp-json\/wp\/v2\/product\/13728","targetHints":{"allow":["GET"]}}],"collection":[{"href":"https:\/\/test.dagic.es\/fr\/wp-json\/wp\/v2\/product"}],"about":[{"href":"https:\/\/test.dagic.es\/fr\/wp-json\/wp\/v2\/types\/product"}],"replies":[{"embeddable":true,"href":"https:\/\/test.dagic.es\/fr\/wp-json\/wp\/v2\/comments?post=13728"}],"wp:featuredmedia":[{"embeddable":true,"href":"https:\/\/test.dagic.es\/fr\/wp-json\/wp\/v2\/media\/15732"}],"wp:attachment":[{"href":"https:\/\/test.dagic.es\/fr\/wp-json\/wp\/v2\/media?parent=13728"}],"wp:term":[{"taxonomy":"product_brand","embeddable":true,"href":"https:\/\/test.dagic.es\/fr\/wp-json\/wp\/v2\/product_brand?post=13728"},{"taxonomy":"product_cat","embeddable":true,"href":"https:\/\/test.dagic.es\/fr\/wp-json\/wp\/v2\/product_cat?post=13728"},{"taxonomy":"product_tag","embeddable":true,"href":"https:\/\/test.dagic.es\/fr\/wp-json\/wp\/v2\/product_tag?post=13728"}],"curies":[{"name":"wp","href":"https:\/\/api.w.org\/{rel}","templated":true}]}}