{"id":13511,"date":"2018-11-29T11:41:03","date_gmt":"2018-11-29T10:41:03","guid":{"rendered":"https:\/\/test.dagic.es\/?post_type=product&#038;p=13511"},"modified":"2020-11-17T11:56:12","modified_gmt":"2020-11-17T10:56:12","slug":"renos-de-navidad-carton","status":"publish","type":"product","link":"https:\/\/test.dagic.es\/fr\/producto\/renos-de-navidad-carton\/","title":{"rendered":"Renos de Navidad mini | Regalos navide\u00f1os ecol\u00f3gicos | 5 Packs"},"excerpt":{"rendered":"<p><strong>5 packs<\/strong>. Originales<strong> renos de Navidad <\/strong>de cart\u00f3n<strong>. <\/strong>Una forma ecol\u00f3gica y divertida de disfrutar de la Navidad. Puede ser el regalo ideal de estas fiestas para decoraci\u00f3n, talleres infantiles, marketing corporativo, regalos de empresa, etc. Los m\u00e1s peque\u00f1os se lo pasan en grande dibujando y pintando encima. Se entrega en un sobre plano.\u00a0 Para personalizarlo con imagen de marca o cualquier tipo de gr\u00e1fica consulta el precio a trav\u00e9s de nuestro formulario de contacto o de nuestro email.<\/p>\n<p>&nbsp;<\/p>\n","protected":false},"featured_media":13512,"comment_status":"open","ping_status":"closed","template":"","meta":{"_acf_changed":false,"inline_featured_image":false},"product_brand":[],"product_cat":[3041,3043,3023,3028],"product_tag":[],"class_list":{"0":"post-13511","1":"product","2":"type-product","3":"status-publish","4":"has-post-thumbnail","6":"product_cat-decor","7":"product_cat-decorations-de-noel","8":"product_cat-presentoirs-pour-produits","9":"product_cat-presentoirs-vitrines","10":"product_shipping_class-producto-grande","12":"first","13":"outofstock","14":"taxable","15":"shipping-taxable","16":"product-type-simple"},"acf":[],"yoast_head":"<!-- This site is optimized with the Yoast SEO plugin v27.2 - https:\/\/yoast.com\/product\/yoast-seo-wordpress\/ -->\n<title>Renos de navidad en cart\u00f3n | Decoraci\u00f3n y regalo ecol\u00f3gico | 6.95\u20ac + Envio<\/title>\n<meta name=\"description\" content=\"Reno de navidad ideal para decoraci\u00f3n y regalo. F\u00e1cil de montar y personalizar a tu gusto. Ecol\u00f3gico y reciclable. Dise\u00f1o Cartonlab. Compra online\" \/>\n<meta name=\"robots\" content=\"index, follow, max-snippet:-1, max-image-preview:large, max-video-preview:-1\" \/>\n<link rel=\"canonical\" href=\"https:\/\/test.dagic.es\/fr\/producto\/renos-de-navidad-carton\/\" \/>\n<meta property=\"og:locale\" content=\"fr_FR\" \/>\n<meta property=\"og:type\" content=\"article\" \/>\n<meta property=\"og:title\" content=\"Renos de navidad en cart\u00f3n | Decoraci\u00f3n y regalo ecol\u00f3gico | 6.95\u20ac + Envio\" \/>\n<meta property=\"og:description\" content=\"Reno de navidad ideal para decoraci\u00f3n y regalo. F\u00e1cil de montar y personalizar a tu gusto. Ecol\u00f3gico y reciclable. Dise\u00f1o Cartonlab. Compra online\" \/>\n<meta property=\"og:url\" content=\"https:\/\/test.dagic.es\/fr\/producto\/renos-de-navidad-carton\/\" \/>\n<meta property=\"og:site_name\" content=\"Cartonlab FR\" \/>\n<meta property=\"article:modified_time\" content=\"2020-11-17T10:56:12+00:00\" \/>\n<meta property=\"og:image\" content=\"https:\/\/test.dagic.es\/fr\/wp-content\/uploads\/sites\/5\/2018\/11\/renos-carton-navidad-02.jpg\" \/>\n\t<meta property=\"og:image:width\" content=\"900\" \/>\n\t<meta property=\"og:image:height\" content=\"900\" \/>\n\t<meta property=\"og:image:type\" content=\"image\/jpeg\" \/>\n<meta name=\"twitter:card\" content=\"summary_large_image\" \/>\n<script type=\"application\/ld+json\" class=\"yoast-schema-graph\">{\"@context\":\"https:\/\/schema.org\",\"@graph\":[{\"@type\":\"WebPage\",\"@id\":\"https:\/\/test.dagic.es\/fr\/producto\/renos-de-navidad-carton\/\",\"url\":\"https:\/\/test.dagic.es\/fr\/producto\/renos-de-navidad-carton\/\",\"name\":\"Renos de navidad en cart\u00f3n | Decoraci\u00f3n y regalo ecol\u00f3gico | 6.95\u20ac + Envio\",\"isPartOf\":{\"@id\":\"https:\/\/test.dagic.es\/fr\/#website\"},\"primaryImageOfPage\":{\"@id\":\"https:\/\/test.dagic.es\/fr\/producto\/renos-de-navidad-carton\/#primaryimage\"},\"image\":{\"@id\":\"https:\/\/test.dagic.es\/fr\/producto\/renos-de-navidad-carton\/#primaryimage\"},\"thumbnailUrl\":\"https:\/\/test.dagic.es\/fr\/wp-content\/uploads\/sites\/5\/2018\/11\/renos-carton-navidad-02.jpg\",\"datePublished\":\"2018-11-29T10:41:03+00:00\",\"dateModified\":\"2020-11-17T10:56:12+00:00\",\"description\":\"Reno de navidad ideal para decoraci\u00f3n y regalo. F\u00e1cil de montar y personalizar a tu gusto. Ecol\u00f3gico y reciclable. Dise\u00f1o Cartonlab. Compra online\",\"breadcrumb\":{\"@id\":\"https:\/\/test.dagic.es\/fr\/producto\/renos-de-navidad-carton\/#breadcrumb\"},\"inLanguage\":\"fr-FR\",\"potentialAction\":[{\"@type\":\"ReadAction\",\"target\":[\"https:\/\/test.dagic.es\/fr\/producto\/renos-de-navidad-carton\/\"]}]},{\"@type\":\"ImageObject\",\"inLanguage\":\"fr-FR\",\"@id\":\"https:\/\/test.dagic.es\/fr\/producto\/renos-de-navidad-carton\/#primaryimage\",\"url\":\"https:\/\/test.dagic.es\/fr\/wp-content\/uploads\/sites\/5\/2018\/11\/renos-carton-navidad-02.jpg\",\"contentUrl\":\"https:\/\/test.dagic.es\/fr\/wp-content\/uploads\/sites\/5\/2018\/11\/renos-carton-navidad-02.jpg\",\"width\":900,\"height\":900,\"caption\":\"reno de navidad de cart\u00f3n\"},{\"@type\":\"BreadcrumbList\",\"@id\":\"https:\/\/test.dagic.es\/fr\/producto\/renos-de-navidad-carton\/#breadcrumb\",\"itemListElement\":[{\"@type\":\"ListItem\",\"position\":1,\"name\":\"Accueil\",\"item\":\"https:\/\/test.dagic.es\/fr\/\"},{\"@type\":\"ListItem\",\"position\":2,\"name\":\"Produits\",\"item\":\"https:\/\/test.dagic.es\/fr\/shop\/\"},{\"@type\":\"ListItem\",\"position\":3,\"name\":\"Renos de Navidad mini | Regalos navide\u00f1os ecol\u00f3gicos | 5 Packs\"}]},{\"@type\":\"WebSite\",\"@id\":\"https:\/\/test.dagic.es\/fr\/#website\",\"url\":\"https:\/\/test.dagic.es\/fr\/\",\"name\":\"Cartonlab FR\",\"description\":\"Cartonlab | Projets internationaux pour \u00e9v\u00e9nements et stands\",\"publisher\":{\"@id\":\"https:\/\/test.dagic.es\/fr\/#organization\"},\"potentialAction\":[{\"@type\":\"SearchAction\",\"target\":{\"@type\":\"EntryPoint\",\"urlTemplate\":\"https:\/\/test.dagic.es\/fr\/?s={search_term_string}\"},\"query-input\":{\"@type\":\"PropertyValueSpecification\",\"valueRequired\":true,\"valueName\":\"search_term_string\"}}],\"inLanguage\":\"fr-FR\"},{\"@type\":\"Organization\",\"@id\":\"https:\/\/test.dagic.es\/fr\/#organization\",\"name\":\"Cartonlab FR\",\"url\":\"https:\/\/test.dagic.es\/fr\/\",\"logo\":{\"@type\":\"ImageObject\",\"inLanguage\":\"fr-FR\",\"@id\":\"https:\/\/test.dagic.es\/fr\/#\/schema\/logo\/image\/\",\"url\":\"https:\/\/test.dagic.es\/fr\/wp-content\/uploads\/sites\/5\/2023\/07\/logo.svg\",\"contentUrl\":\"https:\/\/test.dagic.es\/fr\/wp-content\/uploads\/sites\/5\/2023\/07\/logo.svg\",\"width\":163,\"height\":44,\"caption\":\"Cartonlab FR\"},\"image\":{\"@id\":\"https:\/\/test.dagic.es\/fr\/#\/schema\/logo\/image\/\"}}]}<\/script>\n<!-- \/ Yoast SEO plugin. -->","yoast_head_json":{"title":"Renos de navidad en cart\u00f3n | Decoraci\u00f3n y regalo ecol\u00f3gico | 6.95\u20ac + Envio","description":"Reno de navidad ideal para decoraci\u00f3n y regalo. F\u00e1cil de montar y personalizar a tu gusto. Ecol\u00f3gico y reciclable. Dise\u00f1o Cartonlab. Compra online","robots":{"index":"index","follow":"follow","max-snippet":"max-snippet:-1","max-image-preview":"max-image-preview:large","max-video-preview":"max-video-preview:-1"},"canonical":"https:\/\/test.dagic.es\/fr\/producto\/renos-de-navidad-carton\/","og_locale":"fr_FR","og_type":"article","og_title":"Renos de navidad en cart\u00f3n | Decoraci\u00f3n y regalo ecol\u00f3gico | 6.95\u20ac + Envio","og_description":"Reno de navidad ideal para decoraci\u00f3n y regalo. F\u00e1cil de montar y personalizar a tu gusto. Ecol\u00f3gico y reciclable. Dise\u00f1o Cartonlab. Compra online","og_url":"https:\/\/test.dagic.es\/fr\/producto\/renos-de-navidad-carton\/","og_site_name":"Cartonlab FR","article_modified_time":"2020-11-17T10:56:12+00:00","og_image":[{"width":900,"height":900,"url":"https:\/\/test.dagic.es\/fr\/wp-content\/uploads\/sites\/5\/2018\/11\/renos-carton-navidad-02.jpg","type":"image\/jpeg"}],"twitter_card":"summary_large_image","schema":{"@context":"https:\/\/schema.org","@graph":[{"@type":"WebPage","@id":"https:\/\/test.dagic.es\/fr\/producto\/renos-de-navidad-carton\/","url":"https:\/\/test.dagic.es\/fr\/producto\/renos-de-navidad-carton\/","name":"Renos de navidad en cart\u00f3n | Decoraci\u00f3n y regalo ecol\u00f3gico | 6.95\u20ac + Envio","isPartOf":{"@id":"https:\/\/test.dagic.es\/fr\/#website"},"primaryImageOfPage":{"@id":"https:\/\/test.dagic.es\/fr\/producto\/renos-de-navidad-carton\/#primaryimage"},"image":{"@id":"https:\/\/test.dagic.es\/fr\/producto\/renos-de-navidad-carton\/#primaryimage"},"thumbnailUrl":"https:\/\/test.dagic.es\/fr\/wp-content\/uploads\/sites\/5\/2018\/11\/renos-carton-navidad-02.jpg","datePublished":"2018-11-29T10:41:03+00:00","dateModified":"2020-11-17T10:56:12+00:00","description":"Reno de navidad ideal para decoraci\u00f3n y regalo. F\u00e1cil de montar y personalizar a tu gusto. Ecol\u00f3gico y reciclable. Dise\u00f1o Cartonlab. Compra online","breadcrumb":{"@id":"https:\/\/test.dagic.es\/fr\/producto\/renos-de-navidad-carton\/#breadcrumb"},"inLanguage":"fr-FR","potentialAction":[{"@type":"ReadAction","target":["https:\/\/test.dagic.es\/fr\/producto\/renos-de-navidad-carton\/"]}]},{"@type":"ImageObject","inLanguage":"fr-FR","@id":"https:\/\/test.dagic.es\/fr\/producto\/renos-de-navidad-carton\/#primaryimage","url":"https:\/\/test.dagic.es\/fr\/wp-content\/uploads\/sites\/5\/2018\/11\/renos-carton-navidad-02.jpg","contentUrl":"https:\/\/test.dagic.es\/fr\/wp-content\/uploads\/sites\/5\/2018\/11\/renos-carton-navidad-02.jpg","width":900,"height":900,"caption":"reno de navidad de cart\u00f3n"},{"@type":"BreadcrumbList","@id":"https:\/\/test.dagic.es\/fr\/producto\/renos-de-navidad-carton\/#breadcrumb","itemListElement":[{"@type":"ListItem","position":1,"name":"Accueil","item":"https:\/\/test.dagic.es\/fr\/"},{"@type":"ListItem","position":2,"name":"Produits","item":"https:\/\/test.dagic.es\/fr\/shop\/"},{"@type":"ListItem","position":3,"name":"Renos de Navidad mini | Regalos navide\u00f1os ecol\u00f3gicos | 5 Packs"}]},{"@type":"WebSite","@id":"https:\/\/test.dagic.es\/fr\/#website","url":"https:\/\/test.dagic.es\/fr\/","name":"Cartonlab FR","description":"Cartonlab | Projets internationaux pour \u00e9v\u00e9nements et stands","publisher":{"@id":"https:\/\/test.dagic.es\/fr\/#organization"},"potentialAction":[{"@type":"SearchAction","target":{"@type":"EntryPoint","urlTemplate":"https:\/\/test.dagic.es\/fr\/?s={search_term_string}"},"query-input":{"@type":"PropertyValueSpecification","valueRequired":true,"valueName":"search_term_string"}}],"inLanguage":"fr-FR"},{"@type":"Organization","@id":"https:\/\/test.dagic.es\/fr\/#organization","name":"Cartonlab FR","url":"https:\/\/test.dagic.es\/fr\/","logo":{"@type":"ImageObject","inLanguage":"fr-FR","@id":"https:\/\/test.dagic.es\/fr\/#\/schema\/logo\/image\/","url":"https:\/\/test.dagic.es\/fr\/wp-content\/uploads\/sites\/5\/2023\/07\/logo.svg","contentUrl":"https:\/\/test.dagic.es\/fr\/wp-content\/uploads\/sites\/5\/2023\/07\/logo.svg","width":163,"height":44,"caption":"Cartonlab FR"},"image":{"@id":"https:\/\/test.dagic.es\/fr\/#\/schema\/logo\/image\/"}}]}},"_links":{"self":[{"href":"https:\/\/test.dagic.es\/fr\/wp-json\/wp\/v2\/product\/13511","targetHints":{"allow":["GET"]}}],"collection":[{"href":"https:\/\/test.dagic.es\/fr\/wp-json\/wp\/v2\/product"}],"about":[{"href":"https:\/\/test.dagic.es\/fr\/wp-json\/wp\/v2\/types\/product"}],"replies":[{"embeddable":true,"href":"https:\/\/test.dagic.es\/fr\/wp-json\/wp\/v2\/comments?post=13511"}],"wp:featuredmedia":[{"embeddable":true,"href":"https:\/\/test.dagic.es\/fr\/wp-json\/wp\/v2\/media\/13512"}],"wp:attachment":[{"href":"https:\/\/test.dagic.es\/fr\/wp-json\/wp\/v2\/media?parent=13511"}],"wp:term":[{"taxonomy":"product_brand","embeddable":true,"href":"https:\/\/test.dagic.es\/fr\/wp-json\/wp\/v2\/product_brand?post=13511"},{"taxonomy":"product_cat","embeddable":true,"href":"https:\/\/test.dagic.es\/fr\/wp-json\/wp\/v2\/product_cat?post=13511"},{"taxonomy":"product_tag","embeddable":true,"href":"https:\/\/test.dagic.es\/fr\/wp-json\/wp\/v2\/product_tag?post=13511"}],"curies":[{"name":"wp","href":"https:\/\/api.w.org\/{rel}","templated":true}]}}