{"id":13420,"date":"2018-11-15T15:40:17","date_gmt":"2018-11-15T14:40:17","guid":{"rendered":"https:\/\/test.dagic.es\/?post_type=product&#038;p=13420"},"modified":"2020-11-17T11:56:31","modified_gmt":"2020-11-17T10:56:31","slug":"botellero-con-forma-de-animal","status":"publish","type":"product","link":"https:\/\/test.dagic.es\/fr\/producto\/botellero-con-forma-de-animal\/","title":{"rendered":"Botellero con forma de animal. | Pack 6 uds."},"excerpt":{"rendered":"<p><strong>Pack 6 unidades<\/strong>. Original<b> botellero con forma de animal. <\/b>Dise\u00f1o exclusivo pensado como regalo corporativo, decoraci\u00f3n o exposici\u00f3n de bebidas.\u00a0 \u00a0Se entrega desmontado en un paquete plano. Muy f\u00e1cil de montar. Cada botellero est\u00e1 compuesto por 7 piezas de cart\u00f3n de alta resistencia que se encajan entre s\u00ed.\u00a0 Resistente y 100% reciclable.<\/p>\n<p>M\u00e1s informaci\u00f3n sobre otros\u00a0<a href=\"\/blog\/botelleros-mas-originales\/\" target=\"_blank\" rel=\"noopener noreferrer\"><strong>dise\u00f1os de botelleros originales.<\/strong><\/a><\/p>\n","protected":false},"featured_media":13423,"comment_status":"open","ping_status":"closed","template":"","meta":{"_acf_changed":false,"inline_featured_image":false},"product_brand":[],"product_cat":[3043,3027,3023,3028],"product_tag":[],"class_list":{"0":"post-13420","1":"product","2":"type-product","3":"status-publish","4":"has-post-thumbnail","6":"product_cat-decorations-de-noel","7":"product_cat-presentoirs-de-table","8":"product_cat-presentoirs-pour-produits","9":"product_cat-presentoirs-vitrines","10":"product_shipping_class-productopequeno","12":"first","13":"instock","14":"taxable","15":"shipping-taxable","16":"product-type-simple"},"acf":[],"yoast_head":"<!-- This site is optimized with the Yoast SEO plugin v27.2 - https:\/\/yoast.com\/product\/yoast-seo-wordpress\/ -->\n<title>Original Botellero con forma de animal | Regalo y decoraci\u00f3n | Cartonlab<\/title>\n<meta name=\"description\" content=\"Original botellero con forma de animal. Ecol\u00f3gico y desmontable. Ideal regalo corporativo, expositor de bebidas o decoraci\u00f3n de escaparates. Compra online.\" \/>\n<meta name=\"robots\" content=\"index, follow, max-snippet:-1, max-image-preview:large, max-video-preview:-1\" \/>\n<link rel=\"canonical\" href=\"https:\/\/test.dagic.es\/fr\/producto\/botellero-con-forma-de-animal\/\" \/>\n<meta property=\"og:locale\" content=\"fr_FR\" \/>\n<meta property=\"og:type\" content=\"article\" \/>\n<meta property=\"og:title\" content=\"Original Botellero con forma de animal | Regalo y decoraci\u00f3n | Cartonlab\" \/>\n<meta property=\"og:description\" content=\"Original botellero con forma de animal. Ecol\u00f3gico y desmontable. Ideal regalo corporativo, expositor de bebidas o decoraci\u00f3n de escaparates. Compra online.\" \/>\n<meta property=\"og:url\" content=\"https:\/\/test.dagic.es\/fr\/producto\/botellero-con-forma-de-animal\/\" \/>\n<meta property=\"og:site_name\" content=\"Cartonlab FR\" \/>\n<meta property=\"article:modified_time\" content=\"2020-11-17T10:56:31+00:00\" \/>\n<meta property=\"og:image\" content=\"https:\/\/test.dagic.es\/fr\/wp-content\/uploads\/sites\/5\/2018\/11\/botellero-figura-animales-original-1.jpg\" \/>\n\t<meta property=\"og:image:width\" content=\"800\" \/>\n\t<meta property=\"og:image:height\" content=\"800\" \/>\n\t<meta property=\"og:image:type\" content=\"image\/jpeg\" \/>\n<meta name=\"twitter:card\" content=\"summary_large_image\" \/>\n<script type=\"application\/ld+json\" class=\"yoast-schema-graph\">{\"@context\":\"https:\/\/schema.org\",\"@graph\":[{\"@type\":\"WebPage\",\"@id\":\"https:\/\/test.dagic.es\/fr\/producto\/botellero-con-forma-de-animal\/\",\"url\":\"https:\/\/test.dagic.es\/fr\/producto\/botellero-con-forma-de-animal\/\",\"name\":\"Original Botellero con forma de animal | Regalo y decoraci\u00f3n | Cartonlab\",\"isPartOf\":{\"@id\":\"https:\/\/test.dagic.es\/fr\/#website\"},\"primaryImageOfPage\":{\"@id\":\"https:\/\/test.dagic.es\/fr\/producto\/botellero-con-forma-de-animal\/#primaryimage\"},\"image\":{\"@id\":\"https:\/\/test.dagic.es\/fr\/producto\/botellero-con-forma-de-animal\/#primaryimage\"},\"thumbnailUrl\":\"https:\/\/test.dagic.es\/fr\/wp-content\/uploads\/sites\/5\/2018\/11\/botellero-figura-animales-original-1.jpg\",\"datePublished\":\"2018-11-15T14:40:17+00:00\",\"dateModified\":\"2020-11-17T10:56:31+00:00\",\"description\":\"Original botellero con forma de animal. Ecol\u00f3gico y desmontable. Ideal regalo corporativo, expositor de bebidas o decoraci\u00f3n de escaparates. Compra online.\",\"breadcrumb\":{\"@id\":\"https:\/\/test.dagic.es\/fr\/producto\/botellero-con-forma-de-animal\/#breadcrumb\"},\"inLanguage\":\"fr-FR\",\"potentialAction\":[{\"@type\":\"ReadAction\",\"target\":[\"https:\/\/test.dagic.es\/fr\/producto\/botellero-con-forma-de-animal\/\"]}]},{\"@type\":\"ImageObject\",\"inLanguage\":\"fr-FR\",\"@id\":\"https:\/\/test.dagic.es\/fr\/producto\/botellero-con-forma-de-animal\/#primaryimage\",\"url\":\"https:\/\/test.dagic.es\/fr\/wp-content\/uploads\/sites\/5\/2018\/11\/botellero-figura-animales-original-1.jpg\",\"contentUrl\":\"https:\/\/test.dagic.es\/fr\/wp-content\/uploads\/sites\/5\/2018\/11\/botellero-figura-animales-original-1.jpg\",\"width\":800,\"height\":800,\"caption\":\"botellero figura animal\"},{\"@type\":\"BreadcrumbList\",\"@id\":\"https:\/\/test.dagic.es\/fr\/producto\/botellero-con-forma-de-animal\/#breadcrumb\",\"itemListElement\":[{\"@type\":\"ListItem\",\"position\":1,\"name\":\"Accueil\",\"item\":\"https:\/\/test.dagic.es\/fr\/\"},{\"@type\":\"ListItem\",\"position\":2,\"name\":\"Produits\",\"item\":\"https:\/\/test.dagic.es\/fr\/shop\/\"},{\"@type\":\"ListItem\",\"position\":3,\"name\":\"Botellero con forma de animal. | Pack 6 uds.\"}]},{\"@type\":\"WebSite\",\"@id\":\"https:\/\/test.dagic.es\/fr\/#website\",\"url\":\"https:\/\/test.dagic.es\/fr\/\",\"name\":\"Cartonlab FR\",\"description\":\"Cartonlab | Projets internationaux pour \u00e9v\u00e9nements et stands\",\"publisher\":{\"@id\":\"https:\/\/test.dagic.es\/fr\/#organization\"},\"potentialAction\":[{\"@type\":\"SearchAction\",\"target\":{\"@type\":\"EntryPoint\",\"urlTemplate\":\"https:\/\/test.dagic.es\/fr\/?s={search_term_string}\"},\"query-input\":{\"@type\":\"PropertyValueSpecification\",\"valueRequired\":true,\"valueName\":\"search_term_string\"}}],\"inLanguage\":\"fr-FR\"},{\"@type\":\"Organization\",\"@id\":\"https:\/\/test.dagic.es\/fr\/#organization\",\"name\":\"Cartonlab FR\",\"url\":\"https:\/\/test.dagic.es\/fr\/\",\"logo\":{\"@type\":\"ImageObject\",\"inLanguage\":\"fr-FR\",\"@id\":\"https:\/\/test.dagic.es\/fr\/#\/schema\/logo\/image\/\",\"url\":\"https:\/\/test.dagic.es\/fr\/wp-content\/uploads\/sites\/5\/2023\/07\/logo.svg\",\"contentUrl\":\"https:\/\/test.dagic.es\/fr\/wp-content\/uploads\/sites\/5\/2023\/07\/logo.svg\",\"width\":163,\"height\":44,\"caption\":\"Cartonlab FR\"},\"image\":{\"@id\":\"https:\/\/test.dagic.es\/fr\/#\/schema\/logo\/image\/\"}}]}<\/script>\n<!-- \/ Yoast SEO plugin. -->","yoast_head_json":{"title":"Original Botellero con forma de animal | Regalo y decoraci\u00f3n | Cartonlab","description":"Original botellero con forma de animal. Ecol\u00f3gico y desmontable. Ideal regalo corporativo, expositor de bebidas o decoraci\u00f3n de escaparates. Compra online.","robots":{"index":"index","follow":"follow","max-snippet":"max-snippet:-1","max-image-preview":"max-image-preview:large","max-video-preview":"max-video-preview:-1"},"canonical":"https:\/\/test.dagic.es\/fr\/producto\/botellero-con-forma-de-animal\/","og_locale":"fr_FR","og_type":"article","og_title":"Original Botellero con forma de animal | Regalo y decoraci\u00f3n | Cartonlab","og_description":"Original botellero con forma de animal. Ecol\u00f3gico y desmontable. Ideal regalo corporativo, expositor de bebidas o decoraci\u00f3n de escaparates. Compra online.","og_url":"https:\/\/test.dagic.es\/fr\/producto\/botellero-con-forma-de-animal\/","og_site_name":"Cartonlab FR","article_modified_time":"2020-11-17T10:56:31+00:00","og_image":[{"width":800,"height":800,"url":"https:\/\/test.dagic.es\/fr\/wp-content\/uploads\/sites\/5\/2018\/11\/botellero-figura-animales-original-1.jpg","type":"image\/jpeg"}],"twitter_card":"summary_large_image","schema":{"@context":"https:\/\/schema.org","@graph":[{"@type":"WebPage","@id":"https:\/\/test.dagic.es\/fr\/producto\/botellero-con-forma-de-animal\/","url":"https:\/\/test.dagic.es\/fr\/producto\/botellero-con-forma-de-animal\/","name":"Original Botellero con forma de animal | Regalo y decoraci\u00f3n | Cartonlab","isPartOf":{"@id":"https:\/\/test.dagic.es\/fr\/#website"},"primaryImageOfPage":{"@id":"https:\/\/test.dagic.es\/fr\/producto\/botellero-con-forma-de-animal\/#primaryimage"},"image":{"@id":"https:\/\/test.dagic.es\/fr\/producto\/botellero-con-forma-de-animal\/#primaryimage"},"thumbnailUrl":"https:\/\/test.dagic.es\/fr\/wp-content\/uploads\/sites\/5\/2018\/11\/botellero-figura-animales-original-1.jpg","datePublished":"2018-11-15T14:40:17+00:00","dateModified":"2020-11-17T10:56:31+00:00","description":"Original botellero con forma de animal. Ecol\u00f3gico y desmontable. Ideal regalo corporativo, expositor de bebidas o decoraci\u00f3n de escaparates. Compra online.","breadcrumb":{"@id":"https:\/\/test.dagic.es\/fr\/producto\/botellero-con-forma-de-animal\/#breadcrumb"},"inLanguage":"fr-FR","potentialAction":[{"@type":"ReadAction","target":["https:\/\/test.dagic.es\/fr\/producto\/botellero-con-forma-de-animal\/"]}]},{"@type":"ImageObject","inLanguage":"fr-FR","@id":"https:\/\/test.dagic.es\/fr\/producto\/botellero-con-forma-de-animal\/#primaryimage","url":"https:\/\/test.dagic.es\/fr\/wp-content\/uploads\/sites\/5\/2018\/11\/botellero-figura-animales-original-1.jpg","contentUrl":"https:\/\/test.dagic.es\/fr\/wp-content\/uploads\/sites\/5\/2018\/11\/botellero-figura-animales-original-1.jpg","width":800,"height":800,"caption":"botellero figura animal"},{"@type":"BreadcrumbList","@id":"https:\/\/test.dagic.es\/fr\/producto\/botellero-con-forma-de-animal\/#breadcrumb","itemListElement":[{"@type":"ListItem","position":1,"name":"Accueil","item":"https:\/\/test.dagic.es\/fr\/"},{"@type":"ListItem","position":2,"name":"Produits","item":"https:\/\/test.dagic.es\/fr\/shop\/"},{"@type":"ListItem","position":3,"name":"Botellero con forma de animal. | Pack 6 uds."}]},{"@type":"WebSite","@id":"https:\/\/test.dagic.es\/fr\/#website","url":"https:\/\/test.dagic.es\/fr\/","name":"Cartonlab FR","description":"Cartonlab | Projets internationaux pour \u00e9v\u00e9nements et stands","publisher":{"@id":"https:\/\/test.dagic.es\/fr\/#organization"},"potentialAction":[{"@type":"SearchAction","target":{"@type":"EntryPoint","urlTemplate":"https:\/\/test.dagic.es\/fr\/?s={search_term_string}"},"query-input":{"@type":"PropertyValueSpecification","valueRequired":true,"valueName":"search_term_string"}}],"inLanguage":"fr-FR"},{"@type":"Organization","@id":"https:\/\/test.dagic.es\/fr\/#organization","name":"Cartonlab FR","url":"https:\/\/test.dagic.es\/fr\/","logo":{"@type":"ImageObject","inLanguage":"fr-FR","@id":"https:\/\/test.dagic.es\/fr\/#\/schema\/logo\/image\/","url":"https:\/\/test.dagic.es\/fr\/wp-content\/uploads\/sites\/5\/2023\/07\/logo.svg","contentUrl":"https:\/\/test.dagic.es\/fr\/wp-content\/uploads\/sites\/5\/2023\/07\/logo.svg","width":163,"height":44,"caption":"Cartonlab FR"},"image":{"@id":"https:\/\/test.dagic.es\/fr\/#\/schema\/logo\/image\/"}}]}},"_links":{"self":[{"href":"https:\/\/test.dagic.es\/fr\/wp-json\/wp\/v2\/product\/13420","targetHints":{"allow":["GET"]}}],"collection":[{"href":"https:\/\/test.dagic.es\/fr\/wp-json\/wp\/v2\/product"}],"about":[{"href":"https:\/\/test.dagic.es\/fr\/wp-json\/wp\/v2\/types\/product"}],"replies":[{"embeddable":true,"href":"https:\/\/test.dagic.es\/fr\/wp-json\/wp\/v2\/comments?post=13420"}],"wp:featuredmedia":[{"embeddable":true,"href":"https:\/\/test.dagic.es\/fr\/wp-json\/wp\/v2\/media\/13423"}],"wp:attachment":[{"href":"https:\/\/test.dagic.es\/fr\/wp-json\/wp\/v2\/media?parent=13420"}],"wp:term":[{"taxonomy":"product_brand","embeddable":true,"href":"https:\/\/test.dagic.es\/fr\/wp-json\/wp\/v2\/product_brand?post=13420"},{"taxonomy":"product_cat","embeddable":true,"href":"https:\/\/test.dagic.es\/fr\/wp-json\/wp\/v2\/product_cat?post=13420"},{"taxonomy":"product_tag","embeddable":true,"href":"https:\/\/test.dagic.es\/fr\/wp-json\/wp\/v2\/product_tag?post=13420"}],"curies":[{"name":"wp","href":"https:\/\/api.w.org\/{rel}","templated":true}]}}